{"id":15492,"date":"2024-01-30T13:28:27","date_gmt":"2024-01-30T12:28:27","guid":{"rendered":"https:\/\/antalyatouristinformation.com\/de\/?page_id=15492"},"modified":"2024-12-31T12:00:14","modified_gmt":"2024-12-31T11:00:14","slug":"brustverkleinerung-turkei","status":"publish","type":"page","link":"https:\/\/antalyatouristinformation.com\/de\/brustverkleinerung-turkei\/","title":{"rendered":"Brustverkleinerung in Antalya, T\u00fcrkei | Top Preise, Tipps &amp; \u00c4rzte"},"content":{"rendered":"<h3>Viele Frauen entscheiden sich f\u00fcr eine Brustverkleinerung, um k\u00f6rperliche Probleme zu lindern oder proportionalere Br\u00fcste zu erreichen.&nbsp;<\/h3>\n<p>Antalya ist aufgrund seiner hochwertigen medizinischen Einrichtungen und g\u00fcnstigen Preise ein beliebtes Ziel f\u00fcr diesen Betrieb.<\/p>\n<p>Auf dieser Seite finden Sie wichtige Informationen zur Brustverkleinerung in Antalya, darunter Kosten, Vorher-Nachher-Bilder und Top-Kliniken.<\/p>\n<p>Lesen Sie weiter, um mehr \u00fcber dieses Verfahren zu erfahren &#8230;<\/p>\n<p><span><img decoding=\"async\" alt=\"\" data-id=\"13029\" width=\"703\" data-init-width=\"768\" height=\"469\" data-init-height=\"512\" title=\"Brustverkleinerung-1-768x512\" loading=\"lazy\" src=\"https:\/\/antalyatouristinformation.com\/de\/wp-content\/uploads\/sites\/10\/2024\/01\/Breast-Reduction-1-768x512-1.jpg\" data-width=\"703\" data-height=\"469\" data-pinpro-key=\"0tp7jxylf\" style=\"aspect-ratio: auto 768 \/ 512\"><\/span><\/p>\n<h2 id=\"t-1672667605088\">Was ist eine Brustverkleinerung?<\/h2>\n<p>Eine Brustverkleinerung, auch Reduktionsmammoplastik genannt, ist ein chirurgischer Eingriff, bei dem \u00fcbersch\u00fcssiges Fett, Gewebe und Haut von den Br\u00fcsten entfernt werden, <strong>um sie zu verkleinern und neu zu formen<\/strong> .<\/p>\n<p>Dieser Eingriff wird h\u00e4ufig durchgef\u00fchrt, um <strong>durch gro\u00dfe Br\u00fcste verursachte k\u00f6rperliche Beschwerden oder Schmerzen<\/strong> zu lindern und das Aussehen der Br\u00fcste zu verbessern.<\/p>\n<p>Eine Brustverkleinerung kann bei Frauen und M\u00e4nnern jeden Alters durchgef\u00fchrt werden, am h\u00e4ufigsten wird sie jedoch bei Frauen durchgef\u00fchrt. Der Eingriff wird in der Regel <strong>unter Vollnarkose<\/strong> durchgef\u00fchrt und kann einen Krankenhausaufenthalt \u00fcber Nacht erfordern.<\/p>\n<ul>\n<li><strong>Es ist wichtig zu beachten<\/strong> , dass einige Krankenkassen die Kosten f\u00fcr eine Brustverkleinerung <strong>\u00fcbernehmen k\u00f6nnen,<\/strong> wenn diese aus gesundheitlichen Gr\u00fcnden durchgef\u00fchrt wird, beispielsweise bei chronischen R\u00fccken- und Nackenschmerzen oder Wirbels\u00e4ulenproblemen. In diesem Fall kann es ratsam sein, die Operation in Ihrem Heimatland durchf\u00fchren zu lassen, wo sie m\u00f6glicherweise von der Versicherung \u00fcbernommen wird.&nbsp;<\/li>\n<\/ul>\n<p><span style=\"color: var(--tcb-skin-color-4);font-family: Montserrat;font-size: 26px;font-weight: var(--g-bold-weight,bold)\">Was Sie vor Ihrer Brustverkleinerung in Antalya wissen sollten<\/span><\/p>\n<p>Im Folgenden finden Sie einige Dinge, die Sie vor einer Brustverkleinerung in Antalya beachten sollten:<\/p>\n<ul>\n<li><span>Eine erfolgreiche Brustverkleinerung kann die durch gro\u00dfe Br\u00fcste verursachten k\u00f6rperlichen Beschwerden dauerhaft lindern. Es ist jedoch wichtig, <strong>realistische Erwartungen zu haben<\/strong> und <strong>die m\u00f6glichen Risiken und Komplikationen<\/strong> vor einer Operation mit einem qualifizierten plastischen Chirurgen zu besprechen.<\/span><\/li>\n<li><span><strong>W\u00e4hlen Sie unbedingt eine spezialisierte Klinik<\/strong> , der Sie vertrauen k\u00f6nnen und die \u00fcber qualifizierte und erfahrene Chirurgen verf\u00fcgt, denn auch wenn eine Symmetrie zwischen den Br\u00fcsten angestrebt wird, <strong>kann es dennoch Unterschiede in Gr\u00f6\u00dfe und Form geben.<\/strong> Antalya verf\u00fcgt \u00fcber viele <strong>qualifizierte Spezialisten<\/strong> und ausgezeichnete Kliniken f\u00fcr Brustverkleinerungsoperationen. Nachfolgend finden Sie Empfehlungen.<\/span><\/li>\n<li><span>Planen Sie f\u00fcr den Eingriff einen Aufenthalt von <strong>mindestens 7 Tagen in Antalya ein.<\/strong><\/span><\/li>\n<li><span><strong>Verstehen Sie den Wiederherstellungsprozess und ergreifen Sie Ma\u00dfnahmen, um sich darauf vorzubereiten.<\/strong> Dazu geh\u00f6rt, dass Sie vor und nach der Operation mindestens eine Woche lang auf Rauchen und Alkohol verzichten.<\/span><\/li>\n<li><span>Nach der Brustverkleinerung <strong>m\u00fcssen Sie mindestens eine Woche lang auf dem R\u00fccken schlafen.<\/strong> Tragen Sie nach dem Eingriff mehrere Wochen lang einen <strong>OP <\/strong><strong>-BH<\/strong> . Viele Frauen meiden aufgrund des OP-BHs die Sommermonate f\u00fcr eine Brustverkleinerung in Antalya.<\/span><\/li>\n<li><span><strong>Seien Sie ruhig<\/strong> und vermeiden Sie in den Tagen nach dem Eingriff schnelle Bewegungen. Vermeiden Sie sportliche Aktivit\u00e4ten mindestens 6 Wochen nach der Operation.&nbsp;<\/span><\/li>\n<li><span>Es ist normal, dass sich die Br\u00fcste <strong>angespannt oder hart anf\u00fchlen,<\/strong> da die H\u00e4matome innerhalb von 2 Wochen verschwinden.<\/span><\/li>\n<li><span>Obwohl Sie sofort erste Ergebnisse sehen, kann es mehrere Monate dauern, bis die Schwellung vollst\u00e4ndig abgeklungen ist und die Operationsnarben verblasst sind. Die <strong>vollst\u00e4ndige Genesung <\/strong><strong>dauert zwischen 6 und 12 Monaten<\/strong> .<\/span><\/li>\n<li><span>Die Schwellung l\u00e4sst in der Regel innerhalb von 2 Monaten nach und das <strong>endg\u00fcltige Ergebnis<\/strong> des Eingriffs ist in der Regel von 2\u20133 Monaten sichtbar.&nbsp;<\/span><\/li>\n<li><span><strong>Bedenken Sie<\/strong> , dass Faktoren wie Alterung, Gewichtszunahme und Gewichtsverlust die Form und Gr\u00f6\u00dfe der Br\u00fcste nach der Operation beeinflussen k\u00f6nnen.<\/span><\/li>\n<\/ul>\n<p><span><img decoding=\"async\" alt=\"\" data-id=\"13030\" width=\"703\" data-init-width=\"768\" height=\"469\" data-init-height=\"512\" title=\"Brustverkleinerung \u2013 768 x 512\" loading=\"lazy\" src=\"https:\/\/antalyatouristinformation.com\/de\/wp-content\/uploads\/sites\/10\/2024\/01\/Breast-Reduction-768x512-1.jpg\" data-width=\"703\" data-height=\"469\" data-pinpro-key=\"6utgh6ir1\" style=\"aspect-ratio: auto 768 \/ 512\"><\/span><\/p>\n<h2 id=\"t-1672667605089\">Ablauf einer Brustverkleinerung in Antalya<\/h2>\n<p>Hier sind die Schritte f\u00fcr den Ablauf einer Brustverkleinerung in Antalya:<\/p>\n<ol>\n<li><strong>Senden Sie Ihrem Chirurgen Ihre Krankengeschichte<\/strong> und Bilder Ihrer Br\u00fcste.<\/li>\n<li>F\u00fchren Sie eine Online-Konsultation mit Ihrem Chirurgen durch, um die beste Operationsmethode f\u00fcr Ihren speziellen Fall zu besprechen.<\/li>\n<li>Sobald Sie kommen in Antalya ankommen, werden Sie von Ihrem Chirurgen beraten und untersucht. Ihr Chirurg wird Ihre Br\u00fcste untersuchen und vermessen, Ihre Krankengeschichte pr\u00fcfen und Fotos sowie eine Mammographie f\u00fcr Ihre Krankenakte anfertigen. Eventuell sind zus\u00e4tzliche Laboruntersuchungen erforderlich.<\/li>\n<li>Der Eingriff wird am folgenden Tag unter Vollnarkose durchgef\u00fchrt. In den meisten F\u00e4llen wird ein Schnitt um den Warzenhof und entlang der Brust gemacht, und \u00fcbersch\u00fcssiges Fett, Gewebe und Haut werden entfernt, um die Gr\u00f6\u00dfe jeder Brust gleichm\u00e4\u00dfig zu reduzieren. Anschlie\u00dfend werden die Br\u00fcste neu geformt und die Brustwarze und der Warzenhof neu positioniert.<\/li>\n<li>Eine Standard-Brustverkleinerungsoperation dauert zwischen 2 und 4 Stunden, und wenn gleichzeitig eine Bruststraffung oder Brustwarzenkorrektur durchgef\u00fchrt wird, kann der Eingriff weitere 1-2 Stunden dauern.<\/li>\n<li>Nach der Operation werden Sie eine Nacht im Krankenhaus verbringen.<\/li>\n<li>Es werden Nachuntersuchungen zur Kontrolle des Heilungsprozesses und zur Entfernung der F\u00e4den durchgef\u00fchrt, und einige Tage sp\u00e4ter findet eine Abschlussuntersuchung und -besprechung statt.<\/li>\n<\/ol>\n<h2 id=\"t-1672667605090\">Kosten einer Brustverkleinerung in Antalya<\/h2>\n<p>Der Preis f\u00fcr eine Brustverkleinerung in Antalya liegt typischerweise zwischen 2550 \u20ac und 3000 \u20ac.<\/p>\n<h2 id=\"t-1672667605091\">Vorher-Nachher-Bilder der Brustverkleinerung<\/h2>\n<p><span><img decoding=\"async\" alt=\"\" data-id=\"13031\" width=\"344\" data-init-width=\"768\" height=\"137\" data-init-height=\"306\" title=\"Brustverkleinerung-Vorher-Nachher-Bilder-1-768x306\" loading=\"lazy\" src=\"https:\/\/antalyatouristinformation.com\/de\/wp-content\/uploads\/sites\/10\/2024\/01\/Breast-Reduction-Before-and-After-Pictures-1-768x306-1.jpg\" data-width=\"344\" data-height=\"137\" data-pinpro-key=\"g6yue8p2i\" style=\"aspect-ratio: auto 768 \/ 306\"><\/span><span><img decoding=\"async\" alt=\"\" data-id=\"13032\" width=\"344\" data-init-width=\"768\" height=\"177\" data-init-height=\"396\" title=\"Brustverkleinerung-Vorher-Nachher-Bilder-2-768x396\" loading=\"lazy\" src=\"https:\/\/antalyatouristinformation.com\/de\/wp-content\/uploads\/sites\/10\/2024\/01\/Breast-Reduction-Before-and-After-Pictures-2-768x396-1.jpg\" data-width=\"344\" data-height=\"177\" data-pinpro-key=\"jym76ln8x\" style=\"aspect-ratio: auto 768 \/ 396\"><\/span><\/p>\n<h2 id=\"t-1672667605092\">Empfohlene Kliniken f\u00fcr Brustverkleinerung in Antalya<\/h2>\n<p>Hier finden Sie in K\u00fcrze eine Auswahl empfehlenswerter Kliniken zur Brustverkleinerung in Antalya.<\/p>\n<p><strong><a href=\"https:\/\/soracamed.com\/\" target=\"_blank\" rel=\"nofollow noopener\" data-lt-tmp-id=\"lt-526957\">SoracaMed Clinic<\/a><\/strong><a href=\"https:\/\/soracamed.com\/\" rel=\"nofollow noopener\" target=\"_blank\"><\/a><a href=\"https:\/\/soracamed.com\/\" rel=\"nofollow noopener\" target=\"_blank\"><\/a><\/p>\n<p><span><img decoding=\"async\" alt=\"SoracaMed-Klinik in Antalya\" data-id=\"14205\" width=\"347\" data-init-width=\"280\" height=\"260\" data-init-height=\"210\" title=\"soracamed-klinik-lobby-2\" loading=\"lazy\" src=\"https:\/\/antalyatouristinformation.com\/de\/wp-content\/uploads\/sites\/10\/2024\/01\/soracamed-clinic-lobby-2-14.jpg\" data-width=\"347\" data-height=\"260\" style=\"aspect-ratio: auto 280 \/ 210\"><\/span><span><img decoding=\"async\" alt=\"\" data-id=\"14207\" width=\"324\" data-init-width=\"280\" height=\"243\" data-init-height=\"210\" title=\"soracamed-klinik-lobby\" loading=\"lazy\" src=\"https:\/\/antalyatouristinformation.com\/de\/wp-content\/uploads\/sites\/10\/2024\/01\/soracamed-clinic-lobby-15.jpg\" data-width=\"324\" data-height=\"243\" style=\"aspect-ratio: auto 280 \/ 210\"><\/span><\/p>\n<p style=\"text-align: justify\"><a data-lt-tmp-id=\"lt-273881\" href=\"https:\/\/medclinics.com\/clinics\/soracamed-clinic\/\" target=\"_blank\" rel=\"noopener\">Die SoracaMed Clinic<\/a>&nbsp;widmet sich der Bereitstellung&nbsp;<strong>hochwertiger<\/strong>, zug\u00e4nglicher und&nbsp;<strong>kosteng\u00fcnstiger&nbsp;<\/strong>Gesundheits- und Sch\u00f6nheitsdienstleistungen. Die Klinik bietet ein breites Spektrum an Behandlungen an, darunter&nbsp;<strong><a data-lt-tmp-id=\"lt-831443\" href=\"https:\/\/medclinics.com\/hair-transplant\/\" rel=\"nofollow noopener\" target=\"_blank\">Haartransplantation<\/a><\/strong>,&nbsp;<a data-lt-tmp-id=\"lt-689956\" href=\"https:\/\/medclinics.com\/dental-treatment\/\" rel=\"nofollow noopener\" target=\"_blank\">Zahn\u00e4sthetik<\/a>, &nbsp;<a data-lt-tmp-id=\"lt-206893\" href=\"https:\/\/medclinics.com\/plastic-and-aesthetic-surgery\/\" rel=\"nofollow noopener\" target=\"_blank\">plastische Chirurgie<\/a> und&nbsp; <a data-lt-tmp-id=\"lt-542198\" href=\"https:\/\/medclinics.com\/eye-treatments\/\" rel=\"nofollow noopener\" target=\"_blank\">Augenbehandlungen<\/a> .<\/p>\n<p style=\"text-align: justify\">Dar\u00fcber hinaus bieten sie&nbsp; <strong>All-inclusive-Pakete<\/strong>&nbsp;an, die nicht nur medizinische Leistungen abdecken, sondern auch luxuri\u00f6se Hotelunterk\u00fcnfte, VIP-Transporte, Stadtrundfahrten und Einkaufserlebnisse umfassen.<\/p>\n<p style=\"text-align: justify\">Die Klinik legt gro\u00dfen Wert auf die Zufriedenheit und das Wohlbefinden der Patienten, h\u00e4lt strenge Pflegestandards ein und bietet klare Informationen \u00fcber Behandlungskosten und -verfahren. Dar\u00fcber hinaus wird eine kontinuierliche Betreuung gew\u00e4hrleistet, damit die Patienten in ihrem Heimatland eine nahtlose Versorgung erhalten und sich keine Sorgen machen m\u00fcssen.Im malerischen Antalya gelegen, befindet sich die SoracaMed Klinik in einer Gegend, die f\u00fcr ihre touristischen Attraktionen, ihre historische Bedeutung und ihren kulturellen Reichtum bekannt ist.<\/p>\n<h2 id=\"t-1632401893497\" style=\"text-align: center\" data-hide=\"true\">Holen Sie sich eine kostenlose Beratung<\/h2>\n<p style=\"text-align: left\">Gerne sprechen wir \u00fcber Ihre Erwartungen. Sie k\u00f6nnen uns telefonisch oder per WhatsApp kontaktieren &nbsp;<a data-tcb_hover_state_parent=\"\" href=\"https:\/\/wa.me\/00905379778975\" target=\"_blank\" data-lt-tmp-id=\"lt-297952\" rel=\"noopener\">+90 537 977 89 75<\/a> , E-Mail an <em><span>request@medclinics.com&nbsp;<\/span><\/em> oder \u00fcber das Kontaktformular.<\/p>\n<p style=\"text-align: left\">\n<p style=\"text-align: left\"><span>Hinweis:<\/span> Unsere Vertragskrankenh\u00e4user, Kliniken und \u00c4rzte werden sich bez\u00fcglich der von Ihnen gew\u00fcnschten Sch\u00f6nheitsbehandlung mit Ihnen in Verbindung setzen.&nbsp;<\/p>\n","protected":false},"excerpt":{"rendered":"<p>Viele Frauen entscheiden sich f\u00fcr eine Brustverkleinerung, um k\u00f6rperliche Probleme zu lindern oder proportionalere Br\u00fcste zu erreichen.&nbsp; Antalya ist aufgrund seiner hochwertigen medizinischen Einrichtungen und g\u00fcnstigen Preise ein beliebtes Ziel f\u00fcr diesen Betrieb. Auf dieser Seite finden Sie wichtige Informationen zur Brustverkleinerung in Antalya, darunter Kosten, Vorher-Nachher-Bilder und Top-Kliniken. Lesen Sie weiter, um mehr \u00fcber [&hellip;]<\/p>\n","protected":false},"author":6,"featured_media":15508,"parent":0,"menu_order":0,"comment_status":"closed","ping_status":"closed","template":"","meta":{"_acf_changed":false,"footnotes":""},"categories":[101],"tags":[],"class_list":["post-15492","page","type-page","status-publish","has-post-thumbnail","hentry","category-plastische-chirurgie","post-wrapper","thrv_wrapper"],"acf":[],"wp-worthy-pixel":{"ignored":false,"public":null,"server":null,"url":null},"wp-worthy-type":"normal","_links":{"self":[{"href":"https:\/\/antalyatouristinformation.com\/de\/wp-json\/wp\/v2\/pages\/15492","targetHints":{"allow":["GET"]}}],"collection":[{"href":"https:\/\/antalyatouristinformation.com\/de\/wp-json\/wp\/v2\/pages"}],"about":[{"href":"https:\/\/antalyatouristinformation.com\/de\/wp-json\/wp\/v2\/types\/page"}],"author":[{"embeddable":true,"href":"https:\/\/antalyatouristinformation.com\/de\/wp-json\/wp\/v2\/users\/6"}],"replies":[{"embeddable":true,"href":"https:\/\/antalyatouristinformation.com\/de\/wp-json\/wp\/v2\/comments?post=15492"}],"version-history":[{"count":10,"href":"https:\/\/antalyatouristinformation.com\/de\/wp-json\/wp\/v2\/pages\/15492\/revisions"}],"predecessor-version":[{"id":16478,"href":"https:\/\/antalyatouristinformation.com\/de\/wp-json\/wp\/v2\/pages\/15492\/revisions\/16478"}],"wp:featuredmedia":[{"embeddable":true,"href":"https:\/\/antalyatouristinformation.com\/de\/wp-json\/wp\/v2\/media\/15508"}],"wp:attachment":[{"href":"https:\/\/antalyatouristinformation.com\/de\/wp-json\/wp\/v2\/media?parent=15492"}],"wp:term":[{"taxonomy":"category","embeddable":true,"href":"https:\/\/antalyatouristinformation.com\/de\/wp-json\/wp\/v2\/categories?post=15492"},{"taxonomy":"post_tag","embeddable":true,"href":"https:\/\/antalyatouristinformation.com\/de\/wp-json\/wp\/v2\/tags?post=15492"}],"curies":[{"name":"wp","href":"https:\/\/api.w.org\/{rel}","templated":true}]}}