{"id":15509,"date":"2024-01-30T13:30:59","date_gmt":"2024-01-30T12:30:59","guid":{"rendered":"https:\/\/antalyatouristinformation.com\/de\/?page_id=15509"},"modified":"2024-12-31T12:00:05","modified_gmt":"2024-12-31T11:00:05","slug":"brustvergroesserung-turkei","status":"publish","type":"page","link":"https:\/\/antalyatouristinformation.com\/de\/brustvergroesserung-turkei\/","title":{"rendered":"Brustvergr\u00f6\u00dferung in Antalya, T\u00fcrkei | Preise, \u00c4rzte &amp; Kliniken"},"content":{"rendered":"<h3>Viele Frauen lassen sich eine Brustvergr\u00f6\u00dferung durchf\u00fchren, um sich selbstbewusster und wohler in ihrem eigenen K\u00f6rper zu f\u00fchlen.&nbsp;<\/h3>\n<p>F\u00fcr diejenigen, die diesen Eingriff in Betracht ziehen, ist Antalya aufgrund der Verf\u00fcgbarkeit erstklassiger plastischer Chirurgen und erstklassiger Kliniken zu wettbewerbsf\u00e4higen Preisen <strong>zu einem beliebten Reiseziel geworden.<\/strong><\/p>\n<p>In diesem Artikel geben wir einen \u00dcberblick \u00fcber die Brustvergr\u00f6\u00dferung in Antalya, einschlie\u00dflich Informationen zum Verfahren, den Kosten und wichtigen \u00dcberlegungen vor einer Operation. Wir werden auch Vorher Nachher Fotos beif\u00fcgen, um Ihnen eine bessere Vorstellung von den m\u00f6glichen Ergebnissen zu geben.<\/p>\n<p>Los geht&#8217;s!<\/p>\n<p><span><img decoding=\"async\" alt=\"\" data-id=\"13018\" width=\"703\" data-init-width=\"768\" height=\"469\" data-init-height=\"512\" title=\"Was-ist-Brustvergr\u00f6\u00dferung-768x512\" loading=\"lazy\" src=\"https:\/\/antalyatouristinformation.com\/de\/wp-content\/uploads\/sites\/10\/2024\/01\/What-is-Breast-Augmentation-768x512-1.jpg\" data-width=\"703\" data-height=\"469\" data-pinpro-key=\"qnjz8ogjq\" style=\"aspect-ratio: auto 768 \/ 512\"><\/span><\/p>\n<h2 id=\"t-1672663552011\">Was ist eine Brustvergr\u00f6\u00dferung?<\/h2>\n<p>Eine Brustvergr\u00f6\u00dferung ist ein chirurgischer Eingriff, bei dem Brustimplantate eingesetzt werden, um <strong>die Gr\u00f6\u00dfe und F\u00fclle der Br\u00fcste zu erh\u00f6hen<\/strong> . Die Implantate k\u00f6nnen mit Silikongel, Kochsalzl\u00f6sung (steriles Salzwasser) oder einer Kombination aus beidem gef\u00fcllt sein.&nbsp;<\/p>\n<p>Der Eingriff wird in der Regel durchgef\u00fchrt, um das Erscheinungsbild der Br\u00fcste zu verbessern, kann aber auch zur Wiederherstellung des Brustvolumens durchgef\u00fchrt werden, das durch Gewichtsverlust, Schwangerschaft oder Alterung verloren gegangen ist.<\/p>\n<p>Der Eingriff wird in der Regel ambulant durchgef\u00fchrt und <strong>erfordert eine Vollnarkose.<\/strong> Die Erholungszeit nach einer Brustvergr\u00f6\u00dferungsoperation ist unterschiedlich, aber die meisten Menschen k\u00f6nnen innerhalb von ein oder zwei Wochen wieder arbeiten und ihren normalen Aktivit\u00e4ten nachgehen.<\/p>\n<h3>Formen von Brustimplantaten<\/h3>\n<p>Es gibt zwei Hauptformen von Brustimplantaten: <strong>rund<\/strong> und <strong>tropfenf\u00f6rmig<\/strong> . Diese Implantate sind in <strong>verschiedenen Gr\u00f6\u00dfen und Profilen<\/strong> erh\u00e4ltlich .&nbsp;<\/p>\n<ul>\n<li><strong>Bitte beachten Sie:<\/strong> Einige Kliniken berechnen je nach Gr\u00f6\u00dfe des Implantats m\u00f6glicherweise unterschiedliche Preise. Die unten empfohlenen Kliniken bieten jedoch f\u00fcr alle Gr\u00f6\u00dfen den gleichen Preis an.<\/li>\n<\/ul>\n<h3 id=\"t-1672663552012\">Schnitttechniken zur Brustvergr\u00f6\u00dferung<\/h3>\n<p>Es gibt drei verschiedene Techniken zur Platzierung von Brustimplantaten:<\/p>\n<ol>\n<li>Die <strong>gebr\u00e4uchlichste und bevorzugte<\/strong> Methode besteht darin, einen <strong>Schnitt an der Unterseite <\/strong><strong>der Brust vorzunehmen.<\/strong> Dies hinterl\u00e4sst eine kleine Narbe und erm\u00f6glicht in der Regel ein zuk\u00fcnftiges Stillen.<\/li>\n<li><strong>Bei einer anderen Technik wird ein Schnitt <\/strong><strong>unter dem Arm<\/strong> vorgenommen , der eine kleine Narbe an der Unterseite des Arms hinterl\u00e4sst.<\/li>\n<li>Die dritte Technik besteht darin, <strong>einen Schnitt um den Brustwarzenbereich herum vorzunehmen.<\/strong> Diese Methode wird <strong>nicht so bevorzugt<\/strong> , da sie zu einem Gef\u00fchlsverlust im Bereich der Brustwarze und zu Problemen beim Stillen f\u00fchren kann.<\/li>\n<\/ol>\n<p><span><img decoding=\"async\" alt=\"\" data-id=\"13019\" width=\"703\" data-init-width=\"768\" height=\"469\" data-init-height=\"512\" title=\"Brustvergr\u00f6\u00dferung \u2013 768 x 512\" loading=\"lazy\" src=\"https:\/\/antalyatouristinformation.com\/de\/wp-content\/uploads\/sites\/10\/2024\/01\/Breast-Augmentation-768x512-1.jpg\" data-width=\"703\" data-height=\"469\" data-pinpro-key=\"yja5ijy7m\" style=\"aspect-ratio: auto 768 \/ 512\"><\/span><\/p>\n<h2 id=\"t-1672663552013\">Brustvergr\u00f6\u00dferung mit Eigenfetttransfer<\/h2>\n<p>Bei der Brustvergr\u00f6\u00dferung mit Eigenfetttransfer wird anstelle eines <strong>Brustimplantats Eigenfett verwendet<\/strong> , um die Br\u00fcste zu vergr\u00f6\u00dfern. Dies wird typischerweise <strong>durch eine Fettabsaugung<\/strong> erreicht , bei der Fett aus dem Ges\u00e4\u00df, den Oberschenkeln oder den Beinen entnommen und in die Br\u00fcste injiziert wird.<\/p>\n<p>Ein Vorteil dieser Methode ist, dass das Ergebnis <strong>dauerhaft<\/strong> ist und keine Narben entstehen. Allerdings ist damit in der Regel nur eine Vergr\u00f6\u00dferung der Br\u00fcste um maximal <strong>eine K\u00f6rbchengr\u00f6\u00dfe<\/strong> m\u00f6glich . Viele Menschen finden diese Methode aufgrund der <strong>nat\u00fcrlichen Ergebnisse und der Abwesenheit von Narben<\/strong> attraktiv .<\/p>\n<h2 id=\"t-1672663552014\">Was Sie vor Ihrer Brustvergr\u00f6\u00dferung in Antalya wissen sollten<\/h2>\n<p>Vor einer Brustvergr\u00f6\u00dferung in Antalya sind einige wichtige Punkte zu beachten:<\/p>\n<ul>\n<li><span>Informieren Sie sich \u00fcber das Verfahren und verstehen Sie die <strong>potenziellen Risiken und Komplikationen.<\/strong> Wenn Sie in der Zukunft Kinder haben und diese <strong>stillen<\/strong> m\u00f6chten , sollten Sie mit der Brustvergr\u00f6\u00dferung m\u00f6glicherweise warten.<\/span><\/li>\n<li><span><strong>W\u00e4hlen Sie eine spezialisierte, vertrauensw\u00fcrdige Klinik&nbsp;<\/strong> und konsultieren Sie einen Facharzt f\u00fcr plastische Chirurgie, um realistische Ziele und etwaige Bedenken zu besprechen. Nachfolgend finden Sie unsere empfohlenen Kliniken in Antalya.&nbsp;<\/span><\/li>\n<li><span><strong>\u00dcberlegen Sie, welche Art von Implantat<\/strong> f\u00fcr Sie am besten geeignet ist. Dies h\u00e4ngt von Ihrem K\u00f6rpertyp, der gew\u00fcnschten Gr\u00f6\u00dfe und anderen Faktoren ab. Beachten Sie auch, dass eine Brustvergr\u00f6\u00dferung <strong>oft mit einer Bruststraffung kombiniert <\/strong><strong>wird<\/strong> .<\/span><\/li>\n<li><span><strong>Achten Sie darauf, dass erstklassige Implantate verwendet werden.<\/strong> Unsere empfohlenen Kliniken in Antalya verwenden ausschlie\u00dflich hochwertige, zertifizierte Brustimplantatmarken mit Garantien.<\/span><\/li>\n<li><span><strong>Bereiten Sie sich auf den Eingriff vor: Verzichten Sie <\/strong><strong>vor <\/strong><strong>und <\/strong><strong>nach<\/strong> der Brustvergr\u00f6\u00dferung mindestens eine Woche lang auf das Rauchen und Trinken von Alkohol .<\/span><\/li>\n<li><span><strong>Planen Sie Ihren Aufenthalt:<\/strong> Planen Sie f\u00fcr eine Brustplastik einen Aufenthalt von <strong>mindestens 7 Tagen<\/strong>&nbsp;in Antalya ein. Viele Frauen meiden aufgrund des OP-BHs die Sommermonate f\u00fcr eine Brustvergr\u00f6\u00dferung in Antalya.<\/span><\/li>\n<li><span><strong>Verstehen Sie den Heilungsprozess.<\/strong> Tragen Sie nach dem Eingriff etwa drei Wochen lang einen OP-BH und <strong>schlafen Sie w\u00e4hrend dieser Zeit auf dem R\u00fccken<\/strong> . Seien Sie ruhig und vermeiden Sie in den Tagen nach dem Eingriff <strong>schnelle Bewegungen<\/strong> . Machen Sie nach dem Eingriff mindestens 6 Wochen lang keine <strong>sportlichen Aktivit\u00e4ten.<\/strong><\/span><\/li>\n<li><span><strong>Befolgen Sie alle pr\u00e4- und postoperativen Anweisungen<\/strong> Ihres Chirurgen, um das bestm\u00f6gliche Ergebnis zu gew\u00e4hrleisten. Dazu geh\u00f6rt die regelm\u00e4\u00dfige Massage der Br\u00fcste in der postoperativen Phase, um Schmerzen zu lindern, \u00d6deme zu reduzieren und die Position des Implantats zu korrigieren.<\/span><\/li>\n<li><span><strong>Vernachl\u00e4ssigen Sie die Narbenpflege nicht:&nbsp;<\/strong> Beginnen Sie etwa 2 Wochen nach der Brustvergr\u00f6\u00dferungsoperation mit der Narbenpflege.<\/span><\/li>\n<li><span><strong>Es ist normal<\/strong> , dass sich die Br\u00fcste angespannt oder hart anf\u00fchlen, da die H\u00e4matome innerhalb von 2 Wochen verschwinden.<\/span><\/li>\n<li><span><strong>Erholung und Ergebnisse:&nbsp;<\/strong> Schwellungen heilen normalerweise innerhalb von 2 Monaten ab und die vollst\u00e4ndige Genesung dauert zwischen 6 und 12 Monaten, wobei die endg\u00fcltigen Ergebnisse normalerweise nach 6 Monaten sichtbar sind.<\/span><\/li>\n<\/ul>\n<p><span><img decoding=\"async\" alt=\"\" data-id=\"13020\" width=\"703\" data-init-width=\"768\" height=\"469\" data-init-height=\"512\" title=\"Verfahren zur Brustvergr\u00f6\u00dferung in der T\u00fcrkei-768x512\" loading=\"lazy\" src=\"https:\/\/antalyatouristinformation.com\/de\/wp-content\/uploads\/sites\/10\/2024\/01\/Procedure-of-Breast-Augmentation-in-Turkey-768x512-1.jpg\" data-width=\"703\" data-height=\"469\" data-pinpro-key=\"xpkp1q0ta\" style=\"aspect-ratio: auto 768 \/ 512\"><\/span><\/p>\n<h2 id=\"t-1672663552015\">Ablauf einer Brustvergr\u00f6\u00dferung in Antalya<\/h2>\n<p>Das Verfahren zur Brustvergr\u00f6\u00dferung in Antalya umfasst die folgenden Schritte:<\/p>\n<ol>\n<li><strong>Reichen Sie Ihre Krankengeschichte<\/strong> und Bilder Ihrer Br\u00fcste f\u00fcr eine <strong>Online-Konsultation<\/strong> bei einem plastischen Chirurgen ein. Besprechen Sie die Risiken, Vorteile und Erwartungen des Verfahrens.<\/li>\n<li><strong>Besuchen Sie die Klinik in Antalya&nbsp;<\/strong> f\u00fcr eine Beratung und Kontrolluntersuchung einen Tag vor der Operation. <strong>Besprechen Sie<\/strong> die beste Schnitttechnik, Gr\u00f6\u00dfe und Form von Brustimplantaten f\u00fcr Ihren speziellen Fall und lassen Sie R\u00f6ntgenaufnahmen machen.<\/li>\n<li><strong>Lassen Sie die Operation am n\u00e4chsten Tag durchf\u00fchren<\/strong> , die unter Vollnarkose durchgef\u00fchrt wird. Sie m\u00fcssen mit leerem Magen kommen.<\/li>\n<li>Die Operation dauert in der Regel <strong>zwei bis drei Stunden<\/strong> und Sie m\u00fcssen <strong>eine Nacht im Krankenhaus verbringen.<\/strong> Ihr Chirurg wird den operierten Bereich kontrollieren und Ihnen vor Ihrer Abreise Anweisungen zur Nachsorge geben.<\/li>\n<li><strong>Die F\u00e4den l\u00f6sen<\/strong> sich von selbst auf und m\u00fcssen nicht entfernt werden. Lassen Sie drei Tage nach dem Eingriff eine <strong>Nachkontrolle<\/strong> und einen Verbandwechsel durchf\u00fchren, am n\u00e4chsten Tag eine <strong>Abschlusskontrolle .<\/strong><\/li>\n<li>Im Laufe des n\u00e4chsten Jahres werden Sie gebeten, Bilder des operierten Bereichs zur <strong>Fortschrittskontrolle<\/strong> an Ihren Chirurgen zu senden .<\/li>\n<\/ol>\n<h2 id=\"t-1672663552016\"><b>Kosten einer Brustvergr\u00f6\u00dferung in Antalya, T\u00fcrkei<\/b><\/h2>\n<p><b>&nbsp;<\/b>Die durchschnittlichen Kosten f\u00fcr eine Brustvergr\u00f6\u00dferung mit Brustimplantaten in Antalya liegen <strong>bei etwa 2.000-3.000 Euro<\/strong> .<\/p>\n<h2 id=\"t-1672663552017\">Vorher Nachher Fotos zur Brustvergr\u00f6\u00dferung<\/h2>\n<p><span><img decoding=\"async\" alt=\"\" data-id=\"13022\" width=\"344\" data-init-width=\"768\" height=\"137\" data-init-height=\"306\" title=\"Brustvergr\u00f6\u00dferung-Vorher-Nachher-Bilder-2-768x306\" loading=\"lazy\" src=\"https:\/\/antalyatouristinformation.com\/de\/wp-content\/uploads\/sites\/10\/2024\/01\/Breast-Augmentation-Before-and-After-Pictures-2-768x306-1.jpg\" data-width=\"344\" data-height=\"137\" data-pinpro-key=\"zw9pq5uvt\" style=\"aspect-ratio: auto 768 \/ 306\"><\/span><span><img decoding=\"async\" alt=\"\" data-id=\"13021\" width=\"344\" data-init-width=\"768\" height=\"140\" data-init-height=\"313\" title=\"Brustvergr\u00f6\u00dferung-Vorher-Nachher-Bilder-768x313\" loading=\"lazy\" src=\"https:\/\/antalyatouristinformation.com\/de\/wp-content\/uploads\/sites\/10\/2024\/01\/Breast-Augmentation-Before-and-After-Pictures-768x313-1.jpg\" data-width=\"344\" data-height=\"140\" data-pinpro-key=\"t75yhqv3t\" style=\"aspect-ratio: auto 768 \/ 313\"><\/span><\/p>\n<h2 id=\"t-1672663552018\">Empfohlene Kliniken f\u00fcr Brustvergr\u00f6\u00dferung in Antalya<\/h2>\n<p>Hier finden Sie in K\u00fcrze eine Auswahl empfehlenswerter Kliniken zur Brustvergr\u00f6\u00dferung in Antalya.<\/p>\n<p><strong><a href=\"https:\/\/soracamed.com\/\" data-lt-tmp-id=\"lt-526957\">SoracaMed-Klinik<\/a><\/strong><a href=\"https:\/\/soracamed.com\/\" rel=\"nofollow noopener\" target=\"_blank\"><\/a><a href=\"https:\/\/soracamed.com\/\" rel=\"nofollow noopener\" target=\"_blank\"><\/a><\/p>\n<p><span><img decoding=\"async\" alt=\"SoracaMed-Klinik in Antalya\" data-id=\"14205\" width=\"347\" data-init-width=\"280\" height=\"260\" data-init-height=\"210\" title=\"soracamed-klinik-lobby-2\" loading=\"lazy\" src=\"https:\/\/antalyatouristinformation.com\/de\/wp-content\/uploads\/sites\/10\/2024\/01\/soracamed-clinic-lobby-2-15.jpg\" data-width=\"347\" data-height=\"260\" style=\"aspect-ratio: auto 280 \/ 210\"><\/span><span><img decoding=\"async\" alt=\"\" data-id=\"14207\" width=\"324\" data-init-width=\"280\" height=\"243\" data-init-height=\"210\" title=\"soracamed-klinik-lobby\" loading=\"lazy\" src=\"https:\/\/antalyatouristinformation.com\/de\/wp-content\/uploads\/sites\/10\/2024\/01\/soracamed-clinic-lobby-16.jpg\" data-width=\"324\" data-height=\"243\" style=\"aspect-ratio: auto 280 \/ 210\"><\/span><\/p>\n<p style=\"text-align: justify\"><a data-lt-tmp-id=\"lt-273881\" href=\"https:\/\/medclinics.com\/clinics\/soracamed-clinic\/\" target=\"_blank\" rel=\"noopener\">Die SoracaMed Clinic<\/a> &nbsp;widmet sich der Bereitstellung&nbsp; <strong>hochwertiger<\/strong> , zug\u00e4nglicher und&nbsp; <strong>kosteng\u00fcnstigerer<\/strong> &nbsp;Gesundheits- und Sch\u00f6nheitsdienstleistungen. Die Klinik bietet ein breites Spektrum an Behandlungen an, darunter&nbsp; <strong><a data-lt-tmp-id=\"lt-831443\" href=\"https:\/\/antalyatouristinformation.com\/de\/haartransplantation-turkei\/\">Haartransplantation<\/a><\/strong> ,&nbsp; <a data-lt-tmp-id=\"lt-689956\" href=\"https:\/\/antalyatouristinformation.com\/de\/blog\/category\/zahnbehandlungen\/\">Zahn\u00e4sthetik<\/a> ,&nbsp; <a data-lt-tmp-id=\"lt-206893\" href=\"https:\/\/antalyatouristinformation.com\/de\/blog\/category\/plastische-chirurgie\/\">plastische Chirurgie<\/a> und&nbsp; <a data-lt-tmp-id=\"lt-542198\" href=\"https:\/\/antalyatouristinformation.com\/de\/blog\/category\/augen\/\">Augenbehandlungen<\/a> .<\/p>\n<p style=\"text-align: justify\">Dar\u00fcber hinaus bieten sie&nbsp; <strong>All-Inclusive-Pakete<\/strong> an, die nicht nur medizinische Leistungen abdecken, sondern auch luxuri\u00f6se Hotelunterk\u00fcnfte, VIP-Transporte, Stadtrundfahrten und Einkaufserlebnisse umfassen.<\/p>\n<p style=\"text-align: justify\">Die Klinik legt gro\u00dfen Wert auf die Zufriedenheit &nbsp;und&nbsp; <strong>das Wohlbefinden <\/strong><strong>der Patienten<\/strong> , h\u00e4lt strenge Pflegestandards ein und bietet&nbsp; <strong>klare Informationen<\/strong> &nbsp;zu Behandlungskosten und -verfahren. Sie sorgen auch f\u00fcr eine kontinuierliche Pflege, um den Patienten in ihrem Heimatland eine reibungslose Erfahrung und Sicherheit zu bieten.<strong><\/strong><strong><\/strong><\/p>\n<p style=\"text-align: justify\"><strong>Die SoracaMed Clinic<\/strong> liegt im malerischen Antalya&nbsp; in einer Gegend, die f\u00fcr ihre Touristenattraktionen, ihre historische Bedeutung und ihren kulturellen Reichtum bekannt ist.<\/p>\n<h2 id=\"t-1632401893497\" style=\"text-align: center\" data-hide=\"true\">Holen Sie sich eine kostenlose Beratung<\/h2>\n<p style=\"text-align: left\">Gerne sprechen wir \u00fcber Ihre Erwartungen. Sie k\u00f6nnen uns telefonisch oder per WhatsApp kontaktieren &nbsp;<a data-tcb_hover_state_parent=\"\" href=\"https:\/\/wa.me\/00905379778975\" target=\"_blank\" data-lt-tmp-id=\"lt-297952\" rel=\"noopener\">+90 537 977 89 75<\/a> , E-Mail an <em><span>request@medclinics.com&nbsp;<\/span><\/em> oder \u00fcber das Kontaktformular.<\/p>\n<p style=\"text-align: left\">\n<p style=\"text-align: left\"><span>Hinweis:<\/span> Unsere Vertragskrankenh\u00e4user, Kliniken und \u00c4rzte werden sich bez\u00fcglich der von Ihnen gew\u00fcnschten Sch\u00f6nheitsbehandlung mit Ihnen in Verbindung setzen.&nbsp;<\/p><\/p>\n","protected":false},"excerpt":{"rendered":"<p>Viele Frauen lassen sich eine Brustvergr\u00f6\u00dferung durchf\u00fchren, um sich selbstbewusster und wohler in ihrem eigenen K\u00f6rper zu f\u00fchlen.&nbsp; F\u00fcr diejenigen, die diesen Eingriff in Betracht ziehen, ist Antalya aufgrund der Verf\u00fcgbarkeit erstklassiger plastischer Chirurgen und erstklassiger Kliniken zu wettbewerbsf\u00e4higen Preisen zu einem beliebten Reiseziel geworden. In diesem Artikel geben wir einen \u00dcberblick \u00fcber die Brustvergr\u00f6\u00dferung [&hellip;]<\/p>\n","protected":false},"author":6,"featured_media":15526,"parent":0,"menu_order":0,"comment_status":"closed","ping_status":"closed","template":"","meta":{"_acf_changed":false,"footnotes":""},"categories":[101],"tags":[105,107,108,106],"class_list":["post-15509","page","type-page","status-publish","has-post-thumbnail","hentry","category-plastische-chirurgie","tag-brustvergroesserung","tag-brustvergroesserung-aerzte","tag-brustvergroesserung-kliniken","tag-brustvergroesserung-preise","post-wrapper","thrv_wrapper"],"acf":[],"wp-worthy-pixel":{"ignored":false,"public":null,"server":null,"url":null},"wp-worthy-type":"normal","_links":{"self":[{"href":"https:\/\/antalyatouristinformation.com\/de\/wp-json\/wp\/v2\/pages\/15509","targetHints":{"allow":["GET"]}}],"collection":[{"href":"https:\/\/antalyatouristinformation.com\/de\/wp-json\/wp\/v2\/pages"}],"about":[{"href":"https:\/\/antalyatouristinformation.com\/de\/wp-json\/wp\/v2\/types\/page"}],"author":[{"embeddable":true,"href":"https:\/\/antalyatouristinformation.com\/de\/wp-json\/wp\/v2\/users\/6"}],"replies":[{"embeddable":true,"href":"https:\/\/antalyatouristinformation.com\/de\/wp-json\/wp\/v2\/comments?post=15509"}],"version-history":[{"count":10,"href":"https:\/\/antalyatouristinformation.com\/de\/wp-json\/wp\/v2\/pages\/15509\/revisions"}],"predecessor-version":[{"id":16477,"href":"https:\/\/antalyatouristinformation.com\/de\/wp-json\/wp\/v2\/pages\/15509\/revisions\/16477"}],"wp:featuredmedia":[{"embeddable":true,"href":"https:\/\/antalyatouristinformation.com\/de\/wp-json\/wp\/v2\/media\/15526"}],"wp:attachment":[{"href":"https:\/\/antalyatouristinformation.com\/de\/wp-json\/wp\/v2\/media?parent=15509"}],"wp:term":[{"taxonomy":"category","embeddable":true,"href":"https:\/\/antalyatouristinformation.com\/de\/wp-json\/wp\/v2\/categories?post=15509"},{"taxonomy":"post_tag","embeddable":true,"href":"https:\/\/antalyatouristinformation.com\/de\/wp-json\/wp\/v2\/tags?post=15509"}],"curies":[{"name":"wp","href":"https:\/\/api.w.org\/{rel}","templated":true}]}}