{"id":15748,"date":"2024-02-05T13:36:57","date_gmt":"2024-02-05T12:36:57","guid":{"rendered":"https:\/\/antalyatouristinformation.com\/de\/?page_id=15748"},"modified":"2024-12-31T12:00:27","modified_gmt":"2024-12-31T11:00:27","slug":"coolsculpting-in-antalya-tuerkei-kosten-tipps-tricks-2024","status":"publish","type":"page","link":"https:\/\/antalyatouristinformation.com\/de\/coolsculpting-in-antalya-tuerkei-kosten-tipps-tricks-2024\/","title":{"rendered":"CoolSculpting in Antalya, T\u00fcrkei | Kosten, Tipps &amp; Tricks"},"content":{"rendered":"<p>Es kann frustrierend sein, mit unerw\u00fcnschten Fettpolstern zu k\u00e4mpfen, die trotz gesunder Ern\u00e4hrung und regelm\u00e4\u00dfiger Bewegung bestehen bleiben. F\u00fcr diejenigen, die nach einer L\u00f6sung suchen, k\u00f6nnte CoolSculpting die Antwort sein.<\/p>\n<p>Dieses <strong>nicht-invasive kosmetische Verfahren<\/strong> hat in den letzten Jahren an Popularit\u00e4t gewonnen und <strong>Antalya in der T\u00fcrkei ist zu einem gefragten Reiseziel<\/strong> f\u00fcr diejenigen geworden, die sich dieser Behandlung unterziehen m\u00f6chten.<\/p>\n<p>Egal, ob Sie Ihren K\u00f6rper konturieren, Ihr Selbstvertrauen st\u00e4rken oder sich einfach von hartn\u00e4ckigem Fett verabschieden m\u00f6chten, CoolSculpting in Antalya k\u00f6nnte die perfekte Wahl f\u00fcr Sie sein.&nbsp;<\/p>\n<p>In diesem Leitfaden werden wir die Details von CoolSculpting in Antalya untersuchen, einschlie\u00dflich des Verfahrens selbst, der Vorteile und der Dinge, die es zu beachten gilt.&nbsp;<\/p>\n<p>Los geht&#8217;s!<\/p>\n<h2 id=\"t-1675173321502\">Was ist CoolSculpting?<\/h2>\n<p>CoolSculpting, auch bekannt als Kryolipolyse, ist ein nicht-invasives kosmetisches Verfahren, das <strong>durch kontrollierte K\u00fchlung Fettzellen in bestimmten Bereichen des K\u00f6rpers einfriert und beseitigt,&nbsp;<\/strong> wodurch die Zellen zerst\u00f6rt und schlie\u00dflich aus dem K\u00f6rper entfernt werden, ohne die umliegenden Zellen zu besch\u00e4digen.<\/p>\n<p>Diese nicht-chirurgische Fettreduktionsmethode wird bei Personen angewendet, die an bestimmten Stellen mit \u00fcbersch\u00fcssigem Fett zu k\u00e4mpfen haben, beispielsweise am <strong>Bauch, am R\u00fccken, an den Innenseiten der Oberschenkel und an den H\u00fcften.<\/strong>&nbsp;<\/p>\n<p>Dieser innovative Ansatz bietet eine sichere und effektive L\u00f6sung f\u00fcr diejenigen, die <strong>ihren K\u00f6rper neu formen und unerw\u00fcnschtes Fett reduzieren m\u00f6chten.<\/strong><\/p>\n<p><span><img decoding=\"async\" alt=\"\" data-id=\"12935\" width=\"703\" data-init-width=\"768\" height=\"469\" data-init-height=\"512\" title=\"Wie-wird-die-Kryolipolyse-durchgef\u00fchrt-768x512\" loading=\"lazy\" src=\"https:\/\/antalyatouristinformation.com\/de\/wp-content\/uploads\/sites\/10\/2024\/02\/How-is-Cryolipolysis-Performed-768x512-1.jpg\" data-width=\"703\" data-height=\"469\" data-pinpro-key=\"wfbh467sa\" style=\"aspect-ratio: auto 768 \/ 512\"><\/span><\/p>\n<h2 id=\"t-1675173321503\">Wo kann CoolSculpting angewendet werden?<\/h2>\n<p>CoolSculpting kann an <strong>Bauch, Taille, H\u00fcfte, Ges\u00e4\u00df, Oberschenkeln und Innenseiten der Oberschenkel angewendet werden.<\/strong> Der Eingriff dauert <strong>45 Minuten<\/strong> und zielt gezielt auf die Unterhautfettschicht ab und sch\u00fctzt gleichzeitig die Haut.<\/p>\n<h2 id=\"t-1675173321504\">Wie wird CoolSculpting durchgef\u00fchrt?<\/h2>\n<p>Vor dem Eingriff wird der Behandlungsbereich markiert und mit einem Schutzschild abgedeckt. Anschlie\u00dfend wird ein speziell entwickelter Applikator auf den Bereich mit regionalen Fettdepots positioniert und die Sitzung beginnt.<\/p>\n<h2 id=\"t-1675173321505\">Wie viele CoolSculpting Sitzungen sind erforderlich?<\/h2>\n<p>Normalerweise reicht eine CoolSculpting Sitzung aus, in manchen F\u00e4llen k\u00f6nnen jedoch je nach individuellen Bed\u00fcrfnissen weitere Sitzungen erforderlich sein.<\/p>\n<h2 id=\"t-1675173321506\">F\u00fcr wen ist CoolSculpting nicht geeignet?<\/h2>\n<p>CoolSculpting ist nicht f\u00fcr Personen <strong>unter 18 Jahren<\/strong>&nbsp;geeignet. Dar\u00fcber hinaus wird es nicht f\u00fcr&nbsp;Personen mit Leber- oder Nierenerkrankungen, Nabelbruch, Krebs oder AIDS, unkontrolliertem Diabetes, einer Erkrankung mit niedrigem Blutproteingehalt, Hauterkrankungen wie Psoriasis oder Herz-Kreislauf-Problemen <strong>empfohlen<\/strong> .&nbsp;<\/p>\n<p><span><img decoding=\"async\" alt=\"\" data-id=\"12936\" width=\"703\" data-init-width=\"768\" height=\"469\" data-init-height=\"512\" title=\"Kann-Kryolipolyse-w\u00e4hrend-der-Menstruation-durchgef\u00fchrt-werden-768x512\" loading=\"lazy\" src=\"https:\/\/antalyatouristinformation.com\/de\/wp-content\/uploads\/sites\/10\/2024\/02\/Can-Cryolipolysis-Be-Done-While-Menstruating-768x512-1.jpg\" data-width=\"703\" data-height=\"469\" data-pinpro-key=\"32cm4q7wk\" style=\"aspect-ratio: auto 768 \/ 512\"><\/span><\/p>\n<h2 id=\"t-1675173321507\">Verursacht CoolSculpting Schaden?<\/h2>\n<p>Es ist keine Analyse vor dem Eingriff erforderlich und der Eingriff hat keine negativen Auswirkungen auf irgendeinen K\u00f6rperteil.<\/p>\n<h2 id=\"t-1675173321508\">Kann CoolSculpting w\u00e4hrend der Menstruation durchgef\u00fchrt werden?&nbsp;<\/h2>\n<p>Es wird empfohlen, vor dem Eingriff weder Essen noch Kaffee zu trinken. Dar\u00fcber hinaus sollten sich Patientinnen nicht in der Menstruationsperiode befinden, da dies die Genauigkeit der Messungen beeintr\u00e4chtigen k\u00f6nnte.<\/p>\n<h2 id=\"t-1675173321509\">Was sollte nach CoolSculpting beachtet werden?<\/h2>\n<p>Nach dem Eingriff ist keine besondere Pflege erforderlich. Den Patienten wird jedoch empfohlen, viel Wasser zu trinken, um den Abbau des Fettgewebes zu erleichtern.<\/p>\n<h2 id=\"t-1675173321510\">Was kostet CoolSculpting in Antalya, T\u00fcrkei?<\/h2>\n<p>Die Kosten f\u00fcr CoolSculpting in Antalya betragen ca. 500 Euro, dieser Preis kann jedoch je nach Behandlungsbereich und Anzahl der erforderlichen Sitzungen variieren.<\/p>\n<h2 id=\"t-1694419466069\">Beliebte Kliniken und \u00c4rzte<\/h2>\n<p>Hier finden Sie in K\u00fcrze eine \u00dcbersicht mit empfohlenen Kliniken und \u00c4rzten in Antalya f\u00fcr CoolSculpting.<\/p>\n<p><strong><a href=\"https:\/\/soracamed.com\/\" target=\"_blank\" rel=\"nofollow noopener\" data-lt-tmp-id=\"lt-526957\">SoracaMed-Klinik<\/a><\/strong><a href=\"https:\/\/soracamed.com\/\" rel=\"nofollow noopener\" target=\"_blank\"><\/a><a href=\"https:\/\/soracamed.com\/\" rel=\"nofollow noopener\" target=\"_blank\"><\/a><\/p>\n<p><span><img decoding=\"async\" alt=\"SoracaMed-Klinik in Antalya\" data-id=\"14205\" width=\"347\" data-init-width=\"280\" height=\"260\" data-init-height=\"210\" title=\"soracamed-klinik-lobby-2\" loading=\"lazy\" src=\"https:\/\/antalyatouristinformation.com\/de\/wp-content\/uploads\/sites\/10\/2024\/02\/soracamed-clinic-lobby-2-4.jpg\" data-width=\"347\" data-height=\"260\" style=\"aspect-ratio: auto 280 \/ 210\"><\/span><span><img decoding=\"async\" alt=\"\" data-id=\"14207\" width=\"324\" data-init-width=\"280\" height=\"243\" data-init-height=\"210\" title=\"soracamed-klinik-lobby\" loading=\"lazy\" src=\"https:\/\/antalyatouristinformation.com\/de\/wp-content\/uploads\/sites\/10\/2024\/02\/soracamed-clinic-lobby-5.jpg\" data-width=\"324\" data-height=\"243\" style=\"aspect-ratio: auto 280 \/ 210\"><\/span><\/p>\n<p style=\"text-align: justify\"><a data-lt-tmp-id=\"lt-273881\" href=\"https:\/\/medclinics.com\/clinics\/soracamed-clinic\/\" target=\"_blank\" rel=\"noopener\">Die SoracaMed Clinic<\/a> &nbsp;widmet sich der Bereitstellung&nbsp; <strong>hochwertiger<\/strong> , zug\u00e4nglicher und&nbsp; <strong>kosteng\u00fcnstiger<\/strong> &nbsp;Gesundheits- und Sch\u00f6nheitsdienstleistungen. Die Klinik bietet ein breites Spektrum an Behandlungen an, darunter&nbsp; <strong><a data-lt-tmp-id=\"lt-831443\" href=\"https:\/\/antalyatouristinformation.com\/de\/haartransplantation-turkei\/\" rel=\"nofollow noopener\" target=\"_blank\">Haartransplantation<\/a><\/strong> ,&nbsp; <a data-lt-tmp-id=\"lt-689956\" href=\"https:\/\/antalyatouristinformation.com\/de\/blog\/category\/zahnbehandlungen\/\" rel=\"nofollow noopener\" target=\"_blank\">Zahn\u00e4sthetik<\/a> ,&nbsp; <a data-lt-tmp-id=\"lt-206893\" href=\"https:\/\/medclinics.com\/plastic-and-aesthetic-surgery\/\" rel=\"nofollow noopener\" target=\"_blank\">plastische Chirurgie<\/a> und&nbsp; <a data-lt-tmp-id=\"lt-542198\" href=\"https:\/\/antalyatouristinformation.com\/de\/blog\/category\/augen\/\" rel=\"nofollow noopener\" target=\"_blank\">Augenbehandlungen<\/a> .<\/p>\n<p style=\"text-align: justify\">Dar\u00fcber hinaus bieten sie&nbsp; <strong>All-Inclusive-Pakete<\/strong> an &nbsp;, die nicht nur medizinische Leistungen abdecken, sondern auch luxuri\u00f6se Hotelunterk\u00fcnfte, VIP-Transporte, Stadtrundfahrten und Einkaufserlebnisse umfassen.<\/p>\n<p style=\"text-align: justify\">Die Klinik legt gro\u00dfen Wert auf&nbsp; die Zufriedenheit &nbsp;und&nbsp; <strong>das Wohlbefinden <\/strong><strong>der Patienten<\/strong> , h\u00e4lt strenge Pflegestandards ein und bietet&nbsp; <strong>klare Informationen<\/strong> &nbsp;zu Behandlungskosten und -verfahren. Sie sorgen auch f\u00fcr eine kontinuierliche Pflege, um den Patienten in ihrem Heimatland eine reibungslose Erfahrung und Sicherheit zu bieten.<strong><\/strong><strong><\/strong><\/p>\n<p style=\"text-align: justify\"><strong>Die SoracaMed Clinic<\/strong> liegt im malerischen Antalya&nbsp; in einer Gegend, die f\u00fcr ihre Touristenattraktionen, ihre historische Bedeutung und ihren kulturellen Reichtum bekannt ist.<\/p>\n<h2 data-hide=\"true\" id=\"t-1632401893497\" style=\"text-align: center\">Holen Sie sich eine kostenlose Beratung<\/h2>\n<p style=\"text-align: left\">Gerne sprechen wir \u00fcber Ihre Erwartungen. Sie k\u00f6nnen uns telefonisch oder per WhatsApp &nbsp; <a data-tcb_hover_state_parent=\"\" href=\"https:\/\/wa.me\/00905379778975\" target=\"_blank\" data-lt-tmp-id=\"lt-297952\" rel=\"noopener\">+90 537 977 89 75<\/a> , per E-Mail an <em><span>request@medclinics.com&nbsp;<\/span><\/em> oder \u00fcber das Kontaktformular kontaktieren.<a data-tcb_hover_state_parent=\"\" href=\"https:\/\/wa.me\/00905379778975\" target=\"_blank\" data-lt-tmp-id=\"lt-297952\" rel=\"noopener\"><\/a><em><span><\/span><\/em><\/p>\n<p style=\"text-align: left\">\n<p style=\"text-align: left\"><span>Hinweis:<\/span> Unsere Vertragskrankenh\u00e4user, Kliniken und \u00c4rzte werden sich bez\u00fcglich der von Ihnen gew\u00fcnschten Sch\u00f6nheitsbehandlung mit Ihnen in Verbindung setzen.&nbsp;<\/p>\n","protected":false},"excerpt":{"rendered":"<p>Es kann frustrierend sein, mit unerw\u00fcnschten Fettpolstern zu k\u00e4mpfen, die trotz gesunder Ern\u00e4hrung und regelm\u00e4\u00dfiger Bewegung bestehen bleiben. F\u00fcr diejenigen, die nach einer L\u00f6sung suchen, k\u00f6nnte CoolSculpting die Antwort sein. Dieses nicht-invasive kosmetische Verfahren hat in den letzten Jahren an Popularit\u00e4t gewonnen und Antalya in der T\u00fcrkei ist zu einem gefragten Reiseziel f\u00fcr diejenigen geworden, [&hellip;]<\/p>\n","protected":false},"author":6,"featured_media":15764,"parent":0,"menu_order":0,"comment_status":"closed","ping_status":"closed","template":"","meta":{"_acf_changed":false,"footnotes":""},"categories":[111],"tags":[],"class_list":["post-15748","page","type-page","status-publish","has-post-thumbnail","hentry","category-schoenheitsbehandlungen","post-wrapper","thrv_wrapper"],"acf":[],"wp-worthy-pixel":{"ignored":false,"public":null,"server":null,"url":null},"wp-worthy-type":"normal","_links":{"self":[{"href":"https:\/\/antalyatouristinformation.com\/de\/wp-json\/wp\/v2\/pages\/15748","targetHints":{"allow":["GET"]}}],"collection":[{"href":"https:\/\/antalyatouristinformation.com\/de\/wp-json\/wp\/v2\/pages"}],"about":[{"href":"https:\/\/antalyatouristinformation.com\/de\/wp-json\/wp\/v2\/types\/page"}],"author":[{"embeddable":true,"href":"https:\/\/antalyatouristinformation.com\/de\/wp-json\/wp\/v2\/users\/6"}],"replies":[{"embeddable":true,"href":"https:\/\/antalyatouristinformation.com\/de\/wp-json\/wp\/v2\/comments?post=15748"}],"version-history":[{"count":10,"href":"https:\/\/antalyatouristinformation.com\/de\/wp-json\/wp\/v2\/pages\/15748\/revisions"}],"predecessor-version":[{"id":16480,"href":"https:\/\/antalyatouristinformation.com\/de\/wp-json\/wp\/v2\/pages\/15748\/revisions\/16480"}],"wp:featuredmedia":[{"embeddable":true,"href":"https:\/\/antalyatouristinformation.com\/de\/wp-json\/wp\/v2\/media\/15764"}],"wp:attachment":[{"href":"https:\/\/antalyatouristinformation.com\/de\/wp-json\/wp\/v2\/media?parent=15748"}],"wp:term":[{"taxonomy":"category","embeddable":true,"href":"https:\/\/antalyatouristinformation.com\/de\/wp-json\/wp\/v2\/categories?post=15748"},{"taxonomy":"post_tag","embeddable":true,"href":"https:\/\/antalyatouristinformation.com\/de\/wp-json\/wp\/v2\/tags?post=15748"}],"curies":[{"name":"wp","href":"https:\/\/api.w.org\/{rel}","templated":true}]}}