{"id":15782,"date":"2024-02-06T09:25:54","date_gmt":"2024-02-06T08:25:54","guid":{"rendered":"https:\/\/antalyatouristinformation.com\/de\/?page_id=15782"},"modified":"2024-12-31T12:04:01","modified_gmt":"2024-12-31T11:04:01","slug":"nasolabial-filler-in-antalya-tuerkei-kliniken-tipps-tricks-2024","status":"publish","type":"page","link":"https:\/\/antalyatouristinformation.com\/de\/nasolabial-filler-in-antalya-tuerkei-kliniken-tipps-tricks-2024\/","title":{"rendered":"Nasolabial Filler in Antalya, T\u00fcrkei | Kliniken, Tipps &amp; Tricks"},"content":{"rendered":"<p>Haben Sie keine Lust mehr, traurig und ungl\u00fccklich auszusehen, weil Sie tiefe Falten haben, die von der Nase bis zu den Mundwinkeln reichen?<\/p>\n<p>Die gute Nachricht ist, dass Sie nicht mehr mit diesen Nasolabialfalten leben m\u00fcssen. <strong>Der Nasolabial Filler in Antalya, T\u00fcrkei, bietet eine L\u00f6sung, um diese Linien zu beseitigen<\/strong>&nbsp;und ein <strong>jugendlicheres<\/strong> und <strong>frischeres<\/strong> Aussehen zu erzielen.<\/p>\n<p>In diesem Artikel stellen wir Ihnen alle Informationen zur Verf\u00fcgung, die Sie \u00fcber Nasolabialfaltenf\u00fcller Behandlungen in Antalya, T\u00fcrkei, wissen m\u00fcssen. Von den Vorteilen des Verfahrens bis hin zu Antworten auf die h\u00e4ufigsten Fragen sind Sie bei uns genau richtig.&nbsp;<\/p>\n<p>Los geht&#8217;s!<\/p>\n<p><span><img decoding=\"async\" alt=\"\" data-id=\"12949\" width=\"703\" data-init-width=\"768\" height=\"469\" data-init-height=\"512\" title=\"Nasolabialfalten-F\u00fcller-Behandlung-768x512\" loading=\"lazy\" src=\"https:\/\/antalyatouristinformation.com\/de\/wp-content\/uploads\/sites\/10\/2024\/02\/Nasolabial-Fold-Filler-Treatment-768x512-1.jpg\" data-width=\"703\" data-height=\"469\" data-pinpro-key=\"7rboefuza\" style=\"aspect-ratio: auto 768 \/ 512\"><\/span><\/p>\n<h2 id=\"t-1675241828240\">Was genau ist eine Nasolabialf\u00fcllung?<\/h2>\n<p>Bei der Nasolabialf\u00fcllung kommt eine F\u00fcllsubstanz zum Einsatz, die <strong>Hyalurons\u00e4ure enth\u00e4lt.<\/strong> Diese Substanz ist eine nat\u00fcrliche Wahl, da sie im K\u00f6rper vorhanden ist und daher nicht als Fremdk\u00f6rper angesehen wird.<\/p>\n<h2 id=\"t-1675241828241\">Wie wird die Nasolabialf\u00fcllung durchgef\u00fchrt?<\/h2>\n<p>Der erste Schritt besteht darin, den Behandlungsbereich zu identifizieren. Anschlie\u00dfend wird eine <strong>Bet\u00e4ubungscreme<\/strong> aufgetragen, um die Schmerzen zu lindern. Nach 30 Minuten wird die F\u00fcllfl\u00fcssigkeit aus Hyalurons\u00e4ure <strong>in die Nasolabialfalte injiziert.<\/strong> Nach dem Eingriff kann es zu einer vor\u00fcbergehenden Verh\u00e4rtung kommen, die jedoch mit der Zeit verschwindet, wenn sich der F\u00fcller gleichm\u00e4\u00dfig verteilt.<\/p>\n<h2 id=\"t-1675241828242\">Wie viel F\u00fcllstoff wird f\u00fcr eine Nasolabialf\u00fcllung ben\u00f6tigt?<\/h2>\n<p>Die f\u00fcr die Nasolabialfaltenf\u00fcllung erforderliche F\u00fcllmenge <strong>variiert<\/strong> und liegt je nach Tiefe der Falten zwischen <strong>0,5 cc und 1,5 cc<\/strong> . Es wird nicht empfohlen, die Falten bei einer vollst\u00e4ndigen Behandlung zu korrigieren, da dies zu einem unnat\u00fcrlichen Aussehen f\u00fchren kann. Um die besten Ergebnisse zu erzielen <strong>, wird normalerweise<\/strong> ein <strong>schrittweiser Ansatz<\/strong> empfohlen.<\/p>\n<p><span><img decoding=\"async\" alt=\"\" data-id=\"12950\" width=\"703\" data-init-width=\"768\" height=\"469\" data-init-height=\"512\" title=\"Wie lange h\u00e4lt die Nasolabialf\u00fcllung? 768x512\" loading=\"lazy\" src=\"https:\/\/antalyatouristinformation.com\/de\/wp-content\/uploads\/sites\/10\/2024\/02\/How-Long-Does-Nasolabial-Filling-Last-768x512-1.jpg\" data-width=\"703\" data-height=\"469\" data-pinpro-key=\"wnpq0skv1\" style=\"aspect-ratio: auto 768 \/ 512\"><\/span><\/p>\n<h2 id=\"t-1675241828243\">Wie lange h\u00e4lt die Wirkung einer Nasolabial Filler an?<\/h2>\n<p>Die Dauer einer Nasolabialf\u00fcllung kann unterschiedlich sein, betr\u00e4gt jedoch typischerweise <strong>zwischen 12 und 18 Monaten<\/strong> . Es handelt sich nicht um eine dauerhafte L\u00f6sung.<\/p>\n<h2 id=\"t-1675241828244\">Gibt es Nebenwirkungen einer Nasolabialf\u00fcllung?<\/h2>\n<p>Nasolabialf\u00fcller werden aus Hyalurons\u00e4ure hergestellt, einer nat\u00fcrlich vorkommenden Substanz im K\u00f6rper. Daher stellen die bei dem Eingriff verwendeten F\u00fcllstoffe keine Gefahr f\u00fcr die Haut oder die allgemeine Gesundheit dar.<\/p>\n<h2 id=\"t-1675241828245\">Was ist nach dem Nasolabial Filler zu beachten?<\/h2>\n<p><span style=\"color: var(--tcb-skin-color-4);font-weight: var(--g-regular-weight,normal)\">Vermeiden Sie am ersten Tag am besten die Verwendung von s\u00e4urehaltigen Hautpflegeprodukten oder Make-up sowie intensiver k\u00f6rperlicher Aktivit\u00e4t. Wenn Sie empfindliche Haut haben und R\u00f6tungen bemerken, kann das Auftragen von Eis helfen.<\/span><\/p>\n<p><span style=\"color: var(--tcb-skin-color-4);font-weight: var(--g-regular-weight,normal)\">In der ersten Woche nach dem Eingriff wird empfohlen, Aktivit\u00e4ten wie hei\u00dfe Duschen, Saunen, t\u00fcrkische B\u00e4der oder Schwimmb\u00e4der zu vermeiden.<\/span><\/p>\n<p><span><img decoding=\"async\" alt=\"\" data-id=\"12951\" width=\"703\" data-init-width=\"768\" height=\"469\" data-init-height=\"512\" title=\"Wer-sollte-keine-Nasolabialf\u00fcllung-haben-768x512\" loading=\"lazy\" src=\"https:\/\/antalyatouristinformation.com\/de\/wp-content\/uploads\/sites\/10\/2024\/02\/Who-Should-Not-Have-Nasolabial-Filling-768x512-1.jpg\" data-width=\"703\" data-height=\"469\" data-pinpro-key=\"wz08q18bu\" style=\"aspect-ratio: auto 768 \/ 512\"><\/span><\/p>\n<h2 id=\"t-1675241828246\">Wer sollte eine Nasolabialf\u00fcllung vermeiden?<\/h2>\n<p>Eine Nasolabialf\u00fcllung wird schwangeren oder stillenden Frauen nicht empfohlen. Dar\u00fcber hinaus sollte es nicht bei Personen durchgef\u00fchrt werden, die im Behandlungsbereich aktive Infektionen wie Entz\u00fcndungen, Wunden oder Herpes haben.<\/p>\n<h2 data-hide=\"true\" id=\"t-1632401893497\" style=\"text-align: center\">Holen Sie sich eine kostenlose Beratung<\/h2>\n<p style=\"text-align: left\">Gerne sprechen wir \u00fcber Ihre Erwartungen. Sie k\u00f6nnen uns telefonisch oder per WhatsApp &nbsp; <a data-tcb_hover_state_parent=\"\" href=\"https:\/\/wa.me\/00905379778975\" target=\"_blank\" data-lt-tmp-id=\"lt-297952\" rel=\"noopener\">+90 537 977 89 75<\/a> , per E-Mail an <em><span>request@medclinics.com&nbsp;<\/span><\/em> oder \u00fcber das Kontaktformular kontaktieren.<a data-tcb_hover_state_parent=\"\" href=\"https:\/\/wa.me\/00905379778975\" target=\"_blank\" data-lt-tmp-id=\"lt-297952\" rel=\"noopener\"><\/a><em><span><\/span><\/em><\/p>\n<p style=\"text-align: left\">\n<p style=\"text-align: left\"><span>Hinweis:<\/span> Unsere Vertragskrankenh\u00e4user, Kliniken und \u00c4rzte werden sich bez\u00fcglich der von Ihnen gew\u00fcnschten Sch\u00f6nheitsbehandlung mit Ihnen in Verbindung setzen.&nbsp;<\/p>\n","protected":false},"excerpt":{"rendered":"<p>Haben Sie keine Lust mehr, traurig und ungl\u00fccklich auszusehen, weil Sie tiefe Falten haben, die von der Nase bis zu den Mundwinkeln reichen? Die gute Nachricht ist, dass Sie nicht mehr mit diesen Nasolabialfalten leben m\u00fcssen. Der Nasolabial Filler in Antalya, T\u00fcrkei, bietet eine L\u00f6sung, um diese Linien zu beseitigen&nbsp;und ein jugendlicheres und frischeres Aussehen [&hellip;]<\/p>\n","protected":false},"author":6,"featured_media":15783,"parent":0,"menu_order":0,"comment_status":"closed","ping_status":"closed","template":"","meta":{"_acf_changed":false,"footnotes":""},"categories":[113],"tags":[],"class_list":["post-15782","page","type-page","status-publish","has-post-thumbnail","hentry","category-filler","post-wrapper","thrv_wrapper"],"acf":[],"wp-worthy-pixel":{"ignored":false,"public":null,"server":null,"url":null},"wp-worthy-type":"normal","_links":{"self":[{"href":"https:\/\/antalyatouristinformation.com\/de\/wp-json\/wp\/v2\/pages\/15782","targetHints":{"allow":["GET"]}}],"collection":[{"href":"https:\/\/antalyatouristinformation.com\/de\/wp-json\/wp\/v2\/pages"}],"about":[{"href":"https:\/\/antalyatouristinformation.com\/de\/wp-json\/wp\/v2\/types\/page"}],"author":[{"embeddable":true,"href":"https:\/\/antalyatouristinformation.com\/de\/wp-json\/wp\/v2\/users\/6"}],"replies":[{"embeddable":true,"href":"https:\/\/antalyatouristinformation.com\/de\/wp-json\/wp\/v2\/comments?post=15782"}],"version-history":[{"count":9,"href":"https:\/\/antalyatouristinformation.com\/de\/wp-json\/wp\/v2\/pages\/15782\/revisions"}],"predecessor-version":[{"id":16498,"href":"https:\/\/antalyatouristinformation.com\/de\/wp-json\/wp\/v2\/pages\/15782\/revisions\/16498"}],"wp:featuredmedia":[{"embeddable":true,"href":"https:\/\/antalyatouristinformation.com\/de\/wp-json\/wp\/v2\/media\/15783"}],"wp:attachment":[{"href":"https:\/\/antalyatouristinformation.com\/de\/wp-json\/wp\/v2\/media?parent=15782"}],"wp:term":[{"taxonomy":"category","embeddable":true,"href":"https:\/\/antalyatouristinformation.com\/de\/wp-json\/wp\/v2\/categories?post=15782"},{"taxonomy":"post_tag","embeddable":true,"href":"https:\/\/antalyatouristinformation.com\/de\/wp-json\/wp\/v2\/tags?post=15782"}],"curies":[{"name":"wp","href":"https:\/\/api.w.org\/{rel}","templated":true}]}}