{"id":15797,"date":"2024-02-06T09:29:51","date_gmt":"2024-02-06T08:29:51","guid":{"rendered":"https:\/\/antalyatouristinformation.com\/de\/?page_id=15797"},"modified":"2024-12-31T11:59:37","modified_gmt":"2024-12-31T10:59:37","slug":"augenringe-unterspritzen-in-antalya-tuerkei-beste-tipps-preise-2024","status":"publish","type":"page","link":"https:\/\/antalyatouristinformation.com\/de\/augenringe-unterspritzen-in-antalya-tuerkei-beste-tipps-preise-2024\/","title":{"rendered":"Augenringe Unterspritzen in Antalya, T\u00fcrkei | Beste Tipps &amp; Preise"},"content":{"rendered":"<h3>Die Unterspritzung der Augenringe in Antalya ist ein \u00e4u\u00dferst gefragtes Verfahren f\u00fcr alle, die die empfindliche Haut um ihre Augen verj\u00fcngen m\u00f6chten.&nbsp;<\/h3>\n<p>Da sich immer mehr Menschen f\u00fcr diese Behandlung entscheiden, ist es wichtig, genau zu verstehen, was sie beinhaltet und was man erwarten kann.<\/p>\n<p>In diesem Artikel gehen wir auf alle wichtigen Informationen ein, die Sie \u00fcber die Augenringe Unterspritzen Behandlung in Antalya wissen m\u00fcssen, einschlie\u00dflich der Vorteile, des Prozesses und der Nachsorge.<\/p>\n<p>Los geht&#8217;s!<\/p>\n<p><span><img decoding=\"async\" alt=\"\" data-id=\"12876\" width=\"703\" data-init-width=\"768\" height=\"469\" data-init-height=\"512\" title=\"Was-ist-das-Unter-Augen-Licht-F\u00fcllverfahren-768x512\" loading=\"lazy\" src=\"https:\/\/antalyatouristinformation.com\/de\/wp-content\/uploads\/sites\/10\/2024\/02\/What-is-the-Under-Eye-Light-Filling-Procedure-768x512-1.jpg\" data-width=\"703\" data-height=\"469\" data-pinpro-key=\"7f7etisix\" style=\"aspect-ratio: auto 768 \/ 512\"><\/span><\/p>\n<h2 id=\"t-1675078028232\"><b>Was ist Unterspritzen der Augenringe?<\/b><\/h2>\n<p>Augenringe Unterspritzen ist ein kosmetisches Verfahren, bei dem&nbsp;<strong>injizierbare F\u00fcllstoffe<\/strong> verwendet werden, um <strong>das Erscheinungsbild der empfindlichen Haut um die Augen zu verbessern.<\/strong><\/p>\n<p>Der am h\u00e4ufigsten verwendete F\u00fcllstoff ist <strong>Hyalurons\u00e4ure,<\/strong> die aufgrund ihrer F\u00e4higkeit <strong>, Vertiefungen, Tr\u00e4nens\u00e4cke und blaue Flecken unter den Augen zu gl\u00e4tten, bevorzugt wird.<\/strong><\/p>\n<p>Dar\u00fcber hinaus enth\u00e4lt die Behandlung <strong>weitere Vitamine, Mineralien und Antioxidantien<\/strong> , die zusammenwirken, um die Ergebnisse zu verbessern und die Haut vor \u00e4u\u00dferen Einfl\u00fcssen zu sch\u00fctzen.<\/p>\n<p>Das in der Unterspritzung der Augenringe verwendete Kollagen enth\u00e4lt 8 Aminos\u00e4uren, die Rohstoffe f\u00fcr die Kollagenproduktion bilden, sowie 3 Antioxidantien, Mineralien und Vitamine, die f\u00fcr die Abwehr der Haut sorgen.<\/p>\n<h2 id=\"t-1675078028233\">Was beinhaltet das Verfahren zum Unterspritzen der Augenringe in Antalya?<\/h2>\n<p>Das Verfahren der Unterspritzing der Augenringe beginnt mit dem Auftragen einer&nbsp;<strong>Bet\u00e4ubungscreme<\/strong> auf die Augenpartie, um Beschwerden zu minimieren.<\/p>\n<p>Anschlie\u00dfend <strong>wird<\/strong>&nbsp;der F\u00fcller unter den Augen mithilfe einer Kan\u00fcle mit stumpfer Spitze in die Haut injiziert. Der F\u00fcller wird \u00fcber eine einzige Eintrittsstelle sorgf\u00e4ltig in der Augenpartie und im Bereich unter den Augen verteilt.<\/p>\n<p><strong>Die Ergebnisse sind s<\/strong><strong>ofort<\/strong> nach dem Auftragen des F\u00fcllers sichtbar. Mit <strong>minimalen R\u00f6tungen und Bluterg\u00fcssen<\/strong> k\u00f6nnen Sie Ihre t\u00e4glichen Aktivit\u00e4ten problemlos wieder aufnehmen.<\/p>\n<p>Alternativ k\u00f6nnen f\u00fcr die Injektion auch <strong>feine Nadeln<\/strong> verwendet werden, allerdings ist diese Methode mit einem h\u00f6heren Risiko f\u00fcr Bluterg\u00fcsse und Schwellungen verbunden.<\/p>\n<h2 id=\"t-1675078028234\">Wie lange dauert die Wirkung einer Unterspritzung der Augenringe?<\/h2>\n<p>Da die F\u00fcllung Hyalurons\u00e4ure enth\u00e4lt, hat sie im Vergleich zu anderen Verfahren eine l\u00e4nger anhaltende Wirkung und&nbsp;<strong>h\u00e4lt in der Regel mindestens 1 bis 1,5 Jahre im behandelten Bereich.<\/strong><\/p>\n<h2 id=\"t-1675078028235\"><strong>Wie viele Sitzungen sind f\u00fcr das Unterspritzen der Augenringe erforderlich?<\/strong><\/h2>\n<p><strong>Eine einzige Sitzung<\/strong>&nbsp;kann die gew\u00fcnschten Ergebnisse erzielen. Eine Nachuntersuchung kann jedoch ggf. erfolgen. die Notwendigkeit einer zweiten Sitzung feststellen.<\/p>\n<p><span><img decoding=\"async\" alt=\"\" data-id=\"12877\" width=\"703\" data-init-width=\"768\" height=\"469\" data-init-height=\"512\" title=\"Gibt es Nebenwirkungen bei der Unter-Augen-Lichtauff\u00fcllung? 768x512\" loading=\"lazy\" src=\"https:\/\/antalyatouristinformation.com\/de\/wp-content\/uploads\/sites\/10\/2024\/02\/Are-There-Any-Side-Effects-from-Under-Eye-Light-Filling-768x512-1.jpg\" data-width=\"703\" data-height=\"469\" data-pinpro-key=\"1ngwn3usi\" style=\"aspect-ratio: auto 768 \/ 512\"><\/span><\/p>\n<h2 id=\"t-1675078028236\">Was sind die m\u00f6glichen Nebenwirkungen einer Unterspritzung der Augenringe? Wer sollte es vermeiden?<\/h2>\n<p>Die Substanz wird speziell f\u00fcr das Gewebe unter den Augen entwickelt und&nbsp;<strong>hat keine nachteiligen Auswirkungen.<\/strong><\/p>\n<p>Es eignet sich&nbsp;jedoch <strong>nicht<\/strong> f\u00fcr&nbsp;<strong>schwangere Frauen<\/strong>, Personen mit <strong>Entz\u00fcndungen<\/strong> oder <strong>Allergien<\/strong> <strong>im Augenbereich<\/strong> und wenn die Tr\u00e4nens\u00e4cke nahe der chirurgischen Grenze liegen.<\/p>\n<h2 id=\"t-1675078028237\">Welche Vorsichtsma\u00dfnahmen sollte ich nach einer Unterspritzung der Augenringe treffen?<\/h2>\n<p>Eine leichte Schwellung ist nach dem Eingriff <strong>normal<\/strong> und sollte innerhalb einer Woche abklingen. Um Schwellungen vorzubeugen, sollten Sie am Tag der Behandlung auf hei\u00dfe Duschen und k\u00f6rperliche Aktivit\u00e4ten verzichten.&nbsp;<\/p>\n<p>Unmittelbar nach dem Eingriff k\u00f6nnen <strong>normale Alltagsaktivit\u00e4ten<\/strong> wieder aufgenommen werden. Um die Schwellung zu reduzieren, wird empfohlen, viel Wasser zu trinken und Eiskompressen auf die betroffene Stelle aufzulegen.<\/p>\n<h2 data-hide=\"true\" id=\"t-1632401893497\" style=\"text-align: center\">Holen Sie sich eine kostenlose Beratung<\/h2>\n<p style=\"text-align: left\">Gerne sprechen wir \u00fcber Ihre Erwartungen. Sie k\u00f6nnen uns telefonisch oder per WhatsApp &nbsp; <a data-tcb_hover_state_parent=\"\" href=\"https:\/\/wa.me\/00905379778975\" target=\"_blank\" data-lt-tmp-id=\"lt-297952\" rel=\"noopener\">+90 537 977 89 75<\/a> , per E-Mail an <em><span>request@medclinics.com&nbsp;<\/span><\/em> oder \u00fcber das Kontaktformular kontaktieren.<a data-tcb_hover_state_parent=\"\" href=\"https:\/\/wa.me\/00905379778975\" target=\"_blank\" data-lt-tmp-id=\"lt-297952\" rel=\"noopener\"><\/a><em><span><\/span><\/em><\/p>\n<p style=\"text-align: left\">\n<p style=\"text-align: left\"><span>Hinweis:<\/span> Unsere Vertragskrankenh\u00e4user, Kliniken und \u00c4rzte werden sich bez\u00fcglich der von Ihnen gew\u00fcnschten Sch\u00f6nheitsbehandlung mit Ihnen in Verbindung setzen.&nbsp;<\/p>\n","protected":false},"excerpt":{"rendered":"<p>Die Unterspritzung der Augenringe in Antalya ist ein \u00e4u\u00dferst gefragtes Verfahren f\u00fcr alle, die die empfindliche Haut um ihre Augen verj\u00fcngen m\u00f6chten.&nbsp; Da sich immer mehr Menschen f\u00fcr diese Behandlung entscheiden, ist es wichtig, genau zu verstehen, was sie beinhaltet und was man erwarten kann. In diesem Artikel gehen wir auf alle wichtigen Informationen ein, [&hellip;]<\/p>\n","protected":false},"author":6,"featured_media":15798,"parent":0,"menu_order":0,"comment_status":"closed","ping_status":"closed","template":"","meta":{"_acf_changed":false,"footnotes":""},"categories":[113],"tags":[],"class_list":["post-15797","page","type-page","status-publish","has-post-thumbnail","hentry","category-filler","post-wrapper","thrv_wrapper"],"acf":[],"wp-worthy-pixel":{"ignored":false,"public":null,"server":null,"url":null},"wp-worthy-type":"normal","_links":{"self":[{"href":"https:\/\/antalyatouristinformation.com\/de\/wp-json\/wp\/v2\/pages\/15797","targetHints":{"allow":["GET"]}}],"collection":[{"href":"https:\/\/antalyatouristinformation.com\/de\/wp-json\/wp\/v2\/pages"}],"about":[{"href":"https:\/\/antalyatouristinformation.com\/de\/wp-json\/wp\/v2\/types\/page"}],"author":[{"embeddable":true,"href":"https:\/\/antalyatouristinformation.com\/de\/wp-json\/wp\/v2\/users\/6"}],"replies":[{"embeddable":true,"href":"https:\/\/antalyatouristinformation.com\/de\/wp-json\/wp\/v2\/comments?post=15797"}],"version-history":[{"count":10,"href":"https:\/\/antalyatouristinformation.com\/de\/wp-json\/wp\/v2\/pages\/15797\/revisions"}],"predecessor-version":[{"id":16474,"href":"https:\/\/antalyatouristinformation.com\/de\/wp-json\/wp\/v2\/pages\/15797\/revisions\/16474"}],"wp:featuredmedia":[{"embeddable":true,"href":"https:\/\/antalyatouristinformation.com\/de\/wp-json\/wp\/v2\/media\/15798"}],"wp:attachment":[{"href":"https:\/\/antalyatouristinformation.com\/de\/wp-json\/wp\/v2\/media?parent=15797"}],"wp:term":[{"taxonomy":"category","embeddable":true,"href":"https:\/\/antalyatouristinformation.com\/de\/wp-json\/wp\/v2\/categories?post=15797"},{"taxonomy":"post_tag","embeddable":true,"href":"https:\/\/antalyatouristinformation.com\/de\/wp-json\/wp\/v2\/tags?post=15797"}],"curies":[{"name":"wp","href":"https:\/\/api.w.org\/{rel}","templated":true}]}}