{"id":158,"date":"2021-02-15T12:24:29","date_gmt":"2021-02-15T11:24:29","guid":{"rendered":"http:\/\/antalyatouristinformation.com\/clone4639485xzhehsskdjfhhdhebdkkekdeewsd4545gdfgm\/?page_id=158"},"modified":"2023-03-31T16:42:28","modified_gmt":"2023-03-31T14:42:28","slug":"tunektepe-seilbahn","status":"publish","type":"page","link":"https:\/\/antalyatouristinformation.com\/de\/sehenswurdigkeiten\/attraktionen\/tunektepe-seilbahn\/","title":{"rendered":"T\u00fcnektepe Teleferik: Seilbahn in Antalya"},"content":{"rendered":"<p>Das ist der komplette Guide zur Seilbahn T\u00fcnektepe in Antalya.<\/p>\n<p>T\u00fcnektepe ist ein H\u00fcgel, der die K\u00fcste von Antalya \u00fcberragt. Er ist 618 Meter hoch.<\/p>\n<p>Hier sind ihr alle wichtigen Informationen, die ihr \u00fcber die T\u00fcnektepe- Seilbahn in Antalya wissen solltet. Dazu geh\u00f6ren Anfahrt, \u00d6ffnungszeiten, Eintritt sowie die Geschichte der T\u00fcnektepe-Seilbahn.<\/p>\n<p><span><img decoding=\"async\" alt=\"\" data-id=\"601\" width=\"702\" data-init-width=\"1000\" height=\"471\" data-init-height=\"670\" title=\"T\u00dcnektepe cable car in antalya in turkey\" loading=\"lazy\" src=\"\/\/antalyatouristinformation.com\/de\/wp-content\/uploads\/sites\/10\/2021\/02\/TUenektepe-cable-car-in-antalya-in-turkey.jpg\" data-width=\"702\" data-height=\"471\" data-pin-media=\"https:\/\/antalyatouristinformation.com\/de\/wp-content\/uploads\/sites\/10\/2021\/06\/prag_50_sehenswuerdigkeiten_pinterest-26.jpg\" data-pin-description=\"T\u00fcnektepe Teleferik (Cable Car) | Antalya Tourist Information\" data-pin-url=\"https:\/\/antalyatouristinformation.com\/de\/sehenswurdigkeiten\/attraktionen\/tunektepe-seilbahn\/?tve=true&amp;tcbf=cab12c64ac\" data-pinpro-key=\"1s6a5uqe3\"><\/span><\/p>\n<h2>Was kann ich in T\u00fcnektepe machen?<\/h2>\n<p>Die T\u00fcnektepe Seilbahn ist etwa 1706 Meter lang. Innerhalb von 9 Minuten bringen euch die Wagons auf eine H\u00f6he von 605 Metern. Es gibt insgesamt 36 Kabinen, die innerhalb von einer Stunde problemlos 1200 Personen bef\u00f6rdern k\u00f6nnen.<\/p>\n<p>Genie\u00dft w\u00e4hrend der Fahrt den einmaligen Blick auf Antalya und das Umland. Oben angekommen, k\u00f6nnt ihr eines der M\u00fcnz-Ferngl\u00e4ser benutzen, damit habt ihr einen unschlagbaren Panoramablick.<\/p>\n<p>Falls ihr euch ausruhen m\u00f6chtet, setzt euch einfach in eines der Caf\u00e9s oder Restaurants. Die Preise sind hier recht g\u00fcnstig, da die Lokale von der Stadtverwaltung von Antalya betrieben werden. Essen mitbringen ist allerdings nicht erlaubt. Eure Kinder k\u00f6nnen sich auf dem Spielplatz am\u00fcsieren.<\/p>\n<p>Sollte das Wetter nicht so mitspielen, erkundigt euch bitte vorher, ob die Seilbahn ge\u00f6ffnet hat.<\/p>\n<p><span><img decoding=\"async\" alt=\"\" data-id=\"599\" width=\"702\" data-init-width=\"1000\" height=\"471\" data-init-height=\"670\" title=\"tunektepe cable car in antalya in turkey\" loading=\"lazy\" src=\"\/\/antalyatouristinformation.com\/de\/wp-content\/uploads\/sites\/10\/2021\/02\/tunektepe-cable-car-in-antalya-in-turkey.jpg\" data-width=\"702\" data-height=\"471\" data-pin-media=\"https:\/\/antalyatouristinformation.com\/de\/wp-content\/uploads\/sites\/10\/2021\/06\/prag_50_sehenswuerdigkeiten_pinterest-26.jpg\" data-pin-description=\"T\u00fcnektepe Teleferik (Cable Car) | Antalya Tourist Information\" data-pin-url=\"https:\/\/antalyatouristinformation.com\/de\/sehenswurdigkeiten\/attraktionen\/tunektepe-seilbahn\/?tve=true&amp;tcbf=cab12c64ac\" data-pinpro-key=\"2f4oe8zxf\"><\/span><\/p>\n<h2>Eintritt, Tickets und Touren<\/h2>\n<p>Kinder unter 6 Jahren fahren kostenlos. Ihr k\u00f6nnt eure Fahrt mit der Antalyakart bezahlen.<\/p>\n<ul>\n<li><span><strong>Eintritt:<\/strong> T\u00e4glich au\u00dfer montags von 10:00 bis 18:00 Uhr.<\/span><\/li>\n<li><span><strong>Tickets:<\/strong> Tickets k\u00f6nnt ihr vor Ort kaufen. Es ist auch m\u00f6glich, mit der <a href=\"https:\/\/antalyatouristinformation.com\/de\/offentlicher-verkehr\/antalya-stadt\/antalyakart\/\">Antalyakart<\/a> zu bezahlen<!--[endif]-->.<\/span><\/li>\n<\/ul>\n<ul>\n<li><span><strong>Tipp:<\/strong> Falls ihr Tickets f\u00fcr Vergn\u00fcgungsparks, Museen und Touren f\u00fcr eure Antalya-Reise vorab buchen m\u00f6chtet, solltet ihr unbedingt einen Blick auf die Angebote in unserem offiziellen Shop werfen.<\/span><\/li>\n<\/ul>\n<h2>Wie komme ich zur Seilbahn T\u00fcnektepe?<\/h2>\n<p>Die Seilbahn liegt im Sar\u0131su-Bereich des Konyaalti-Strandes.<\/p>\n<p>Die <strong>Buslinien<\/strong> KL08, MF40, 70, 71, 76, 08, 06 fahren in der N\u00e4he der Talstation der Seilbahn vorbei.<\/p>\n<h2>FAQ&nbsp;<\/h2>\n<h2>Geschichte der Seilbahn T\u00fcnektepe<\/h2>\n<p>Das Seilbahnprojekt wurde 2013 initiiert. Ziel war es, T\u00fcnek Tepe, den K\u00fcstenh\u00fcgel, der die Stadt Antalya \u00fcberragt, mit dem Sar\u0131su-Viertel am Rande des Stadtteils Konyaalt\u0131 zu verbinden. Dieses Projekt kostete 14 Millionen T\u00fcrkische Lira.<\/p>\n<h2>Kontakt&nbsp;<\/h2>\n<ul>\n<li><span><strong>Adresse:&nbsp;<\/strong>Liman Mahallesi Konyaalt\u0131-Antalya<\/span><\/li>\n<li><span><strong>\u00d6ffnungszeiten:&nbsp;<\/strong>T\u00e4glich au\u00dfer montags von 10:00 bis 18:00 Uhr<!--[endif]-->.<\/span><\/li>\n<li><span><strong>\u00d6ffentlicher Verkehr:&nbsp;<\/strong>Bus lines KL08, MF40, 70, 71, 76, 08, 06&nbsp;<\/span><\/li>\n<\/ul>\n","protected":false},"excerpt":{"rendered":"<p>Das ist der komplette Guide zur Seilbahn T\u00fcnektepe in Antalya. T\u00fcnektepe ist ein H\u00fcgel, der die K\u00fcste von Antalya \u00fcberragt. Er ist 618 Meter hoch. Hier sind ihr alle wichtigen Informationen, die ihr \u00fcber die T\u00fcnektepe- Seilbahn in Antalya wissen solltet. Dazu geh\u00f6ren Anfahrt, \u00d6ffnungszeiten, Eintritt sowie die Geschichte der T\u00fcnektepe-Seilbahn. Was kann ich in [&hellip;]<\/p>\n","protected":false},"author":4,"featured_media":597,"parent":117,"menu_order":0,"comment_status":"open","ping_status":"closed","template":"","meta":{"_acf_changed":false,"footnotes":""},"categories":[],"tags":[36],"class_list":["post-158","page","type-page","status-publish","has-post-thumbnail","hentry","tag-attraction","post-wrapper","thrv_wrapper"],"acf":[],"wp-worthy-pixel":{"ignored":false,"public":null,"server":null,"url":null},"wp-worthy-type":"normal","_links":{"self":[{"href":"https:\/\/antalyatouristinformation.com\/de\/wp-json\/wp\/v2\/pages\/158","targetHints":{"allow":["GET"]}}],"collection":[{"href":"https:\/\/antalyatouristinformation.com\/de\/wp-json\/wp\/v2\/pages"}],"about":[{"href":"https:\/\/antalyatouristinformation.com\/de\/wp-json\/wp\/v2\/types\/page"}],"author":[{"embeddable":true,"href":"https:\/\/antalyatouristinformation.com\/de\/wp-json\/wp\/v2\/users\/4"}],"replies":[{"embeddable":true,"href":"https:\/\/antalyatouristinformation.com\/de\/wp-json\/wp\/v2\/comments?post=158"}],"version-history":[{"count":10,"href":"https:\/\/antalyatouristinformation.com\/de\/wp-json\/wp\/v2\/pages\/158\/revisions"}],"predecessor-version":[{"id":14893,"href":"https:\/\/antalyatouristinformation.com\/de\/wp-json\/wp\/v2\/pages\/158\/revisions\/14893"}],"up":[{"embeddable":true,"href":"https:\/\/antalyatouristinformation.com\/de\/wp-json\/wp\/v2\/pages\/117"}],"wp:featuredmedia":[{"embeddable":true,"href":"https:\/\/antalyatouristinformation.com\/de\/wp-json\/wp\/v2\/media\/597"}],"wp:attachment":[{"href":"https:\/\/antalyatouristinformation.com\/de\/wp-json\/wp\/v2\/media?parent=158"}],"wp:term":[{"taxonomy":"category","embeddable":true,"href":"https:\/\/antalyatouristinformation.com\/de\/wp-json\/wp\/v2\/categories?post=158"},{"taxonomy":"post_tag","embeddable":true,"href":"https:\/\/antalyatouristinformation.com\/de\/wp-json\/wp\/v2\/tags?post=158"}],"curies":[{"name":"wp","href":"https:\/\/api.w.org\/{rel}","templated":true}]}}