{"id":15811,"date":"2024-02-06T09:32:38","date_gmt":"2024-02-06T08:32:38","guid":{"rendered":"https:\/\/antalyatouristinformation.com\/de\/?page_id=15811"},"modified":"2024-12-31T12:03:54","modified_gmt":"2024-12-31T11:03:54","slug":"nasenkorrektur-in-antalya-nicht-chirurgisch-beste-tipps-kliniken-2024","status":"publish","type":"page","link":"https:\/\/antalyatouristinformation.com\/de\/nasenkorrektur-in-antalya-nicht-chirurgisch-beste-tipps-kliniken-2024\/","title":{"rendered":"Nasenkorrektur in Antalya (nicht-chirurgisch) | Beste Tipps &amp; Kliniken"},"content":{"rendered":"<h3>In diesem Leitfaden zur Nasenf\u00fcller-Behandlung in Antalya haben wir alle notwendigen Informationen zum nicht-chirurgischen Nasenf\u00fcller-Verfahren zusammengestellt.&nbsp;<\/h3>\n<p>Diese beliebte kosmetische Technik bietet eine alternative L\u00f6sung f\u00fcr alle, die eine Nasenkorrektur ohne Operation anstreben.<\/p>\n<p>Wir haben die wichtigen Aspekte des Verfahrens, einschlie\u00dflich seiner Einschr\u00e4nkungen, behandelt, damit Sie eine fundierte Entscheidung treffen k\u00f6nnen. Schlie\u00dflich haben wir Experteneinblicke und zus\u00e4tzliche Ressourcen beigef\u00fcgt, um Ihr Verst\u00e4ndnis des Themas zu verbessern.<\/p>\n<p>Los geht&#8217;s mit den Grundlagen.<\/p>\n<h2 id=\"t-1675075990319\">Definition von Nasenf\u00fcller<\/h2>\n<p>Unter Nasenf\u00fcller versteht man einen kosmetischen Eingriff, bei dem ein Hautf\u00fcller in die Nase injiziert wird, um deren Form oder Gr\u00f6\u00dfe zu ver\u00e4ndern.&nbsp;<\/p>\n<p>Bei der Nasenf\u00fcllung wird <strong>Hyalurons\u00e4ure oder das Fett des Patienten<\/strong> verwendet , um das Erscheinungsbild der Nase zu verbessern, indem L\u00fccken aufgef\u00fcllt und die Nase nach oben gerichteter, symmetrischer und harmonischer gestaltet wird.<\/p>\n<p>Dieses Verfahren ist nicht-invasiv und wird in der Regel von einer ausgebildeten medizinischen Fachkraft, beispielsweise einem Dermatologen oder plastischen Chirurgen, durchgef\u00fchrt.<\/p>\n<p><span><img decoding=\"async\" alt=\"\" data-id=\"12869\" width=\"703\" data-init-width=\"768\" height=\"469\" data-init-height=\"512\" title=\"Nasenf\u00fcller-in-Antalya-1-768x512\" loading=\"lazy\" src=\"https:\/\/antalyatouristinformation.com\/de\/wp-content\/uploads\/sites\/10\/2024\/02\/Nose-Filler-in-Antalya-1-768x512-1.jpg\" data-width=\"703\" data-height=\"469\" data-pinpro-key=\"hfax6gu1l\" style=\"aspect-ratio: auto 768 \/ 512\"><\/span><\/p>\n<h2 id=\"t-1675075990321\">Wie wird eine Nasenf\u00fcllung in Antalya durchgef\u00fchrt?<\/h2>\n<p>Bei der Nasenf\u00fcllung mit Hyalurons\u00e4ure wird eine Bet\u00e4ubungscreme aufgetragen, <strong>um <\/strong><strong>den Bereich zu bet\u00e4uben<\/strong> , gefolgt von der Injektion des F\u00fcllmaterials in vorgegebene Bereiche.&nbsp;<\/p>\n<p>Bei der Verwendung von Fettgewebe <strong>beginnt der Eingriff mit <\/strong><strong>einer Fettabsaugung<\/strong> , um Fett aus dem K\u00f6rper des Patienten zu gewinnen, das <strong>dann<\/strong> in die daf\u00fcr vorgesehenen Bereiche injiziert wird.<\/p>\n<p>Bei der stammzellgest\u00fctzten Fettinjektion wird <strong>eine Fettabsaugung<\/strong> durchgef\u00fchrt, um die erforderliche Fettmenge zu sammeln, die dann in einem vom Gesundheitsministerium zugelassenen Labor verarbeitet wird, <strong>um die Stammzellen zu isolieren<\/strong> . Die resultierende Mischung aus Stammzellen und Fett wird dann vom Arzt in die erforderlichen Bereiche injiziert.<\/p>\n<h2 id=\"t-1675075990322\">Wie lange dauert der Nasenf\u00fcller-Eingriff?<\/h2>\n<p>Die Dauer h\u00e4ngt von der Art der Nasenf\u00fcller-Behandlung ab:<\/p>\n<p>F\u00fcr <strong>eine Hyalurons\u00e4ure-F\u00fcllung<\/strong> dauert es 30 Minuten bis 1 Stunde.&nbsp;<\/p>\n<p>Die Unterspritzung von <strong>Fettgewebe<\/strong> dauert etwa 2 Stunden.&nbsp;<\/p>\n<p>Bei der <strong>stammzellunterst\u00fctzten Fettinjektion<\/strong> dauert die <strong>Fettabsaugung 2 Stunden, die <\/strong><strong>Stammzellenproduktion<\/strong> 3-5 Wochen und der <strong>F\u00fcllvorgang<\/strong> 30 Minuten bis 1 Stunde .<strong><\/strong><\/p>\n<h2 id=\"t-1675075990323\"><strong>Ist es m\u00f6glich, eine gew\u00f6lbte Nase zu f\u00fcllen?<\/strong><\/h2>\n<p>Ja, eine gew\u00f6lbte Nase kann aufgef\u00fcllt werden, indem man F\u00fcllmaterial unter und \u00fcber dem Nasenbogen auftr\u00e4gt, um sie weniger auff\u00e4llig zu machen.<\/p>\n<p>Dabei handelt es sich um einen <strong>schnellen, schmerzlosen und vor\u00fcbergehenden<\/strong> Eingriff, der sich in den letzten Jahren zu einer beliebten nicht-chirurgischen kosmetischen Behandlung entwickelt hat, auch wenn die Ergebnisse nicht so gut sind wie bei einer Nasenkorrektur.<\/p>\n<p><span><img decoding=\"async\" alt=\"\" data-id=\"12870\" width=\"703\" data-init-width=\"768\" height=\"469\" data-init-height=\"512\" title=\"Nasenf\u00fcller-in-Antalya--768x512\" loading=\"lazy\" src=\"https:\/\/antalyatouristinformation.com\/de\/wp-content\/uploads\/sites\/10\/2024\/02\/Nose-Filler-in-Antalya-768x512-1-1.jpg\" data-width=\"703\" data-height=\"469\" data-pinpro-key=\"hhic4jk28\" style=\"aspect-ratio: auto 768 \/ 512\"><\/span><\/p>\n<h2 id=\"t-1675075990324\">Ist die Nasenf\u00fcller-Behandlung schmerzhaft?<\/h2>\n<p>Beim Hyalurons\u00e4ure-Filler ist der Eingriff nicht schmerzhaft. Bei der Unterspritzung von Fettgewebe wird dem Patienten w\u00e4hrend der Fettabsaugung eine Narkose verabreicht, um das Fettgewebe zu entfernen, sodass er keine Schmerzen versp\u00fcrt.<\/p>\n<h2 id=\"t-1675075990325\">Was passiert w\u00e4hrend des Genesungsprozesses nach einer Nasenf\u00fcllung?<\/h2>\n<p>Beim Hyalurons\u00e4ure-Filler gibt es <strong>keinen Heilungsprozess<\/strong> und der Patient kann unmittelbar nach dem Eingriff wieder seinen normalen Aktivit\u00e4ten nachgehen.<\/p>\n<p>Bei einer Fettgewebeinjektion oder einer stammzellengest\u00fctzten Fettgewebeinjektion <strong>dauert es 2\u20133 Wochen<\/strong> , bis der Bereich verheilt ist und etwaige Bluterg\u00fcsse und Schwellungen abgeklungen sind.<\/p>\n<h2 id=\"t-1675075990326\">Wie lange dauert das Ergebnis einer Nasenf\u00fcllung?<\/h2>\n<p>Bei Hyalurons\u00e4ure-F\u00fcllern halten die Ergebnisse 6 Monate bis 1 Jahr an. Bei einer Fettgewebeinjektion betr\u00e4gt die Dauer 2-3 Jahre. Mit der stammzellgest\u00fctzten Fettgewebeinjektion k\u00f6nnen die Ergebnisse bis zu 5 Jahre anhalten.<\/p>\n<h2 id=\"t-1675075990327\">Wer hat keinen Anspruch auf eine Nasenf\u00fcller-Behandlung?<\/h2>\n<p>Die Behandlung kann Personen aufgrund der Empfehlung ihres Hals-Nasen-Ohrenarztes oder Hautarztes untersagt werden.<\/p>\n<p><span><img decoding=\"async\" alt=\"\" data-id=\"12871\" width=\"703\" data-init-width=\"768\" height=\"469\" data-init-height=\"512\" title=\"Nasenf\u00fcller-in-Antalya-1-1-768x512\" loading=\"lazy\" src=\"https:\/\/antalyatouristinformation.com\/de\/wp-content\/uploads\/sites\/10\/2024\/02\/Nose-Filler-in-Antalya-1-1-768x512-1.jpg\" data-width=\"703\" data-height=\"469\" data-pinpro-key=\"vjyw254wf\" style=\"aspect-ratio: auto 768 \/ 512\"><\/span><\/p>\n<h2 id=\"t-1675075990328\">Welche Optionen stehen zur Verf\u00fcgung, wenn eine Person mit den Ergebnissen des Nasenf\u00fcllers unzufrieden ist?<\/h2>\n<p>Falls jemand mit den Ergebnissen der Nasenf\u00fcller-Behandlung unzufrieden ist, <strong>kann<\/strong> dies durch die Injektion von Hyaluronidase in den gef\u00fcllten Bereich r\u00fcckg\u00e4ngig gemacht werden. Dadurch l\u00f6st sich der F\u00fcllstoff <strong>innerhalb von 24 Stunden auf<\/strong> und die Nase erh\u00e4lt wieder ihr vorheriges Aussehen. Dies ist ein Vorteil der Behandlung.<\/p>\n<h2 data-hide=\"true\" id=\"t-1632401893497\" style=\"text-align: center\">Holen Sie sich eine kostenlose Beratung<\/h2>\n<p style=\"text-align: left\">Gerne sprechen wir \u00fcber Ihre Erwartungen. Sie k\u00f6nnen uns telefonisch oder per WhatsApp &nbsp; <a data-tcb_hover_state_parent=\"\" href=\"https:\/\/wa.me\/00905379778975\" target=\"_blank\" data-lt-tmp-id=\"lt-297952\" rel=\"noopener\">+90 537 977 89 75<\/a> , per E-Mail an <em><span>request@medclinics.com&nbsp;<\/span><\/em> oder \u00fcber das Kontaktformular kontaktieren.<a data-tcb_hover_state_parent=\"\" href=\"https:\/\/wa.me\/00905379778975\" target=\"_blank\" data-lt-tmp-id=\"lt-297952\" rel=\"noopener\"><\/a><em><span><\/span><\/em><\/p>\n<p style=\"text-align: left\">\n<p style=\"text-align: left\"><span>Hinweis:<\/span> Unsere Vertragskrankenh\u00e4user, Kliniken und \u00c4rzte werden sich bez\u00fcglich der von Ihnen gew\u00fcnschten Sch\u00f6nheitsbehandlung mit Ihnen in Verbindung setzen.&nbsp;<\/p>\n","protected":false},"excerpt":{"rendered":"<p>In diesem Leitfaden zur Nasenf\u00fcller-Behandlung in Antalya haben wir alle notwendigen Informationen zum nicht-chirurgischen Nasenf\u00fcller-Verfahren zusammengestellt.&nbsp; Diese beliebte kosmetische Technik bietet eine alternative L\u00f6sung f\u00fcr alle, die eine Nasenkorrektur ohne Operation anstreben. Wir haben die wichtigen Aspekte des Verfahrens, einschlie\u00dflich seiner Einschr\u00e4nkungen, behandelt, damit Sie eine fundierte Entscheidung treffen k\u00f6nnen. Schlie\u00dflich haben wir Experteneinblicke und [&hellip;]<\/p>\n","protected":false},"author":6,"featured_media":15812,"parent":0,"menu_order":0,"comment_status":"closed","ping_status":"closed","template":"","meta":{"_acf_changed":false,"footnotes":""},"categories":[113],"tags":[],"class_list":["post-15811","page","type-page","status-publish","has-post-thumbnail","hentry","category-filler","post-wrapper","thrv_wrapper"],"acf":[],"wp-worthy-pixel":{"ignored":false,"public":null,"server":null,"url":null},"wp-worthy-type":"normal","_links":{"self":[{"href":"https:\/\/antalyatouristinformation.com\/de\/wp-json\/wp\/v2\/pages\/15811","targetHints":{"allow":["GET"]}}],"collection":[{"href":"https:\/\/antalyatouristinformation.com\/de\/wp-json\/wp\/v2\/pages"}],"about":[{"href":"https:\/\/antalyatouristinformation.com\/de\/wp-json\/wp\/v2\/types\/page"}],"author":[{"embeddable":true,"href":"https:\/\/antalyatouristinformation.com\/de\/wp-json\/wp\/v2\/users\/6"}],"replies":[{"embeddable":true,"href":"https:\/\/antalyatouristinformation.com\/de\/wp-json\/wp\/v2\/comments?post=15811"}],"version-history":[{"count":6,"href":"https:\/\/antalyatouristinformation.com\/de\/wp-json\/wp\/v2\/pages\/15811\/revisions"}],"predecessor-version":[{"id":16497,"href":"https:\/\/antalyatouristinformation.com\/de\/wp-json\/wp\/v2\/pages\/15811\/revisions\/16497"}],"wp:featuredmedia":[{"embeddable":true,"href":"https:\/\/antalyatouristinformation.com\/de\/wp-json\/wp\/v2\/media\/15812"}],"wp:attachment":[{"href":"https:\/\/antalyatouristinformation.com\/de\/wp-json\/wp\/v2\/media?parent=15811"}],"wp:term":[{"taxonomy":"category","embeddable":true,"href":"https:\/\/antalyatouristinformation.com\/de\/wp-json\/wp\/v2\/categories?post=15811"},{"taxonomy":"post_tag","embeddable":true,"href":"https:\/\/antalyatouristinformation.com\/de\/wp-json\/wp\/v2\/tags?post=15811"}],"curies":[{"name":"wp","href":"https:\/\/api.w.org\/{rel}","templated":true}]}}