{"id":15825,"date":"2024-02-06T09:35:13","date_gmt":"2024-02-06T08:35:13","guid":{"rendered":"https:\/\/antalyatouristinformation.com\/de\/?page_id=15825"},"modified":"2024-12-31T12:03:07","modified_gmt":"2024-12-31T11:03:07","slug":"lippen-aufspritzen-in-antalya-beste-tipps-preise-2024","status":"publish","type":"page","link":"https:\/\/antalyatouristinformation.com\/de\/lippen-aufspritzen-in-antalya-beste-tipps-preise-2024\/","title":{"rendered":"Lippen Aufspritzen in Antalya | Beste Tipps &amp; Preise"},"content":{"rendered":"<h3>Die Lippenf\u00fcllerbehandlung ist ein beliebtes kosmetisches Verfahren, das das Aussehen der Lippen verbessern und das Selbstvertrauen st\u00e4rken kann.&nbsp;<\/h3>\n<p>Ganz gleich, ob Sie d\u00fcnne Lippen aufpolstern, die Symmetrie verbessern oder das Auftreten von feinen Linien und F\u00e4ltchen um den Mund herum reduzieren m\u00f6chten \u2013 Lippenf\u00fcller k\u00f6nnen Ihnen dabei helfen, Ihr gew\u00fcnschtes Aussehen zu erreichen.<\/p>\n<p>In diesem Artikel erfahren Sie alles, was Sie \u00fcber die Lippenf\u00fcllerbehandlung in Antalya wissen m\u00fcssen, einschlie\u00dflich der Vorteile, Risiken und Kosten des Eingriffs.&nbsp;<\/p>\n<p>Auf geht&#8217;s!<\/p>\n<p><span><img decoding=\"async\" alt=\"\" data-id=\"12862\" width=\"703\" data-init-width=\"768\" height=\"469\" data-init-height=\"512\" title=\"Lippenf\u00fcller-Behandlung-768x512\" loading=\"lazy\" src=\"https:\/\/antalyatouristinformation.com\/de\/wp-content\/uploads\/sites\/10\/2024\/02\/Lip-Filler-Treatment-768x512-1.jpg\" data-width=\"703\" data-height=\"469\" data-pinpro-key=\"1cul3xca0\" style=\"aspect-ratio: auto 768 \/ 512\"><\/span><\/p>\n<h2 id=\"t-1674132411551\">Was beinhaltet eine Lippenf\u00fcllung?<\/h2>\n<p>Lippenf\u00fcllung ist ein kosmetischer Eingriff, der die Form und das Volumen der Lippen verbessert. Es kann <strong>angeborene d\u00fcnne Lippen <\/strong><span style=\"font-weight: normal\">oder <\/span><strong>Volumenverlust aufgrund von Alterung oder Unf\u00e4llen&nbsp;<\/strong> behandeln . Bei dem Verfahren werden F\u00fcller in die Lippen injiziert, um die gew\u00fcnschte Form zu erreichen, was zu nat\u00fcrlich aussehenden, vollen Lippen f\u00fchrt.<\/p>\n<h2 id=\"t-1674132411552\" data-alt-text=\"What substance is used?\">Welche Substanz wird zur Verbesserung der Lippen bei der Lippenf\u00fcllung verwendet?<\/h2>\n<p>Bei der Lippenf\u00fcllung werden Hautf\u00fcller in den inneren Teil und um die Lippen herum injiziert, um sie zu formen und ihnen mehr Volumen zu verleihen. Der bei diesem \u00e4sthetischen Eingriff verwendete F\u00fcllstoff ist Hyalurons\u00e4ure, eine Substanz, die f\u00fcr ihre volumin\u00f6se Wirkung auf die Haut bekannt ist.<\/p>\n<h2 id=\"t-1674132411553\" data-alt-text=\"What is the Procedure?\">Wie l\u00e4uft eine Lippenf\u00fcllungsbehandlung ab?<\/h2>\n<p>Zu Beginn der Lippenf\u00fcllungsbehandlung wird eine bet\u00e4ubende Creme auf die Lippen aufgetragen. Die Creme entfaltet ihre Wirkung in k\u00fcrzester Zeit, danach versp\u00fcrt der Patient <strong>deutlich weniger Schmerzen<\/strong> .&nbsp;<\/p>\n<p>Je nach Wunsch des Patienten <strong>werden die Applikationsstellen an der Lippe bestimmt<\/strong> und der Eingriff mit einer winzigen Nadel eingeleitet. Der Eingriff dauert zwischen <strong>15 und 30 Minuten<\/strong> .<\/p>\n<p><span><img decoding=\"async\" alt=\"\" data-id=\"12863\" width=\"703\" data-init-width=\"768\" height=\"469\" data-init-height=\"512\" title=\"Lippenf\u00fcller-Behandlung1-768x512\" loading=\"lazy\" src=\"https:\/\/antalyatouristinformation.com\/de\/wp-content\/uploads\/sites\/10\/2024\/02\/Lip-Filler-Treatment1-768x512-1.jpg\" data-width=\"703\" data-height=\"469\" data-pinpro-key=\"b3xyf3br1\" style=\"aspect-ratio: auto 768 \/ 512\"><\/span><\/p>\n<h2 id=\"t-1674132411555\" data-alt-text=\"How long does the effect last?\">Wie lange h\u00e4lt die Wirkung eines Lippenf\u00fcllers an?<\/h2>\n<p>Die Wirkungsdauer eines Lippenf\u00fcllers ist von Person zu Person unterschiedlich. Normalerweise dauert es jedoch zwischen 6 Monaten und 1 Jahr.<\/p>\n<h2 id=\"t-1674132411556\" data-alt-text=\"Healing Process?\">Was passiert w\u00e4hrend der Heilung nach einer Lippenf\u00fcllung?<\/h2>\n<p>Der Patient versp\u00fcrt nach dem Eingriff aufgrund der Injektion oft nur <strong>eine leichte Schwellung<\/strong> und sehr selten auch <strong>Bluterg\u00fcsse<\/strong> . Normalerweise k\u00f6nnen Patienten ihre regul\u00e4ren Aktivit\u00e4ten wieder aufnehmen, sobald sie von einer Lippenauff\u00fcllungsbehandlung zur\u00fcckkommen.<\/p>\n<h2 id=\"t-1674132411557\" data-alt-text=\"Who should avoid Lip Filling?\">Wer sollte <b>eine Lippenf\u00fcllerbehandlung vermeiden?<\/b><\/h2>\n<p>Patienten, die zum Zeitpunkt des Eingriffs <strong>Herpes<\/strong> auf den Lippen haben, sind f\u00fcr diese Lippenf\u00fcllungstherapie nicht geeignet, ebenso wenig wie Patienten, deren Lippen aus anderen Gr\u00fcnden <strong>entz\u00fcndet sind .<\/strong><\/p>\n<p><strong>Ebenso ist es nicht f\u00fcr Personen geeignet, die wegen einer Hauterkrankung<\/strong> behandelt werden, die ihre Lippen oder die umliegende Haut betrifft.<\/p>\n<h2 id=\"t-1674132411558\">&nbsp;Hinterlassen Lippenf\u00fcllungen k\u00fcnstlich aussehende Lippen?<\/h2>\n<p><strong>Bei unsachgem\u00e4\u00dfer Durchf\u00fchrung<\/strong> kann die Behandlung zu einem falschen Erscheinungsbild f\u00fchren . Obwohl die \u00fcberh\u00f6hten Anspr\u00fcche der Patienten manchmal dazu f\u00fchren, dass die Lippen k\u00fcnstlich aussehen, ist dies eine Frage der pers\u00f6nlichen Pr\u00e4ferenz. Fach\u00e4rzte raten den Patienten, ihr nat\u00fcrliches Aussehen beizubehalten und ihren W\u00fcnschen zu folgen.<\/p>\n<p><span><img decoding=\"async\" alt=\"\" data-id=\"12864\" width=\"703\" data-init-width=\"768\" height=\"469\" data-init-height=\"512\" title=\"Lippenf\u00fcller-Behandlung2-768x512\" loading=\"lazy\" src=\"https:\/\/antalyatouristinformation.com\/de\/wp-content\/uploads\/sites\/10\/2024\/02\/Lip-Filler-Treatment2-768x512-1.jpg\" data-width=\"703\" data-height=\"469\" data-pinpro-key=\"4mk0506c3\" style=\"aspect-ratio: auto 768 \/ 512\"><\/span><\/p>\n<h2 data-alt-text=\"Aftercare for Lop Filling?\" id=\"t-1674132411559\">Was ist die Nachsorge f\u00fcr eine <b>Lippenf\u00fcllerbehandlung?<\/b><\/h2>\n<p>Nach der Behandlung sollten Sie 24 Stunden warten, bevor Sie Make-up auftragen. In den ersten ein bis zwei Stunden sollten sich die Lippen nicht zu stark zusammenziehen. Es wird empfohlen, drei Tage lang sanfte Kost zu sich zu nehmen, und es ist am besten, die Lippen nicht mit hei\u00dfen oder kalten Gegenst\u00e4nden in Ber\u00fchrung zu bringen. Nach einer Lippenvergr\u00f6\u00dferung ist eine vor\u00fcbergehende Schwellung m\u00f6glich; ebenso wie blaue Flecken.<\/p>\n<p>Innerhalb weniger Tage verschwinden diese Symptome. Nach der Behandlung sollten Sie 24 bis 48 Stunden warten, bevor Sie sich k\u00f6rperlich bet\u00e4tigen. Ein durch k\u00f6rperliche Bet\u00e4tigung verursachter Anstieg des Blutdrucks und der Herzfrequenz kann die Schwere von \u00d6demen und Bluterg\u00fcssen verst\u00e4rken.<\/p>\n<h2 data-hide=\"true\" id=\"t-1632401893497\" style=\"text-align: center\">Holen Sie sich eine kostenlose Beratung<\/h2>\n<p style=\"text-align: left\">Gerne sprechen wir \u00fcber Ihre Erwartungen. Sie k\u00f6nnen uns telefonisch oder per WhatsApp &nbsp; <a data-tcb_hover_state_parent=\"\" href=\"https:\/\/wa.me\/00905379778975\" target=\"_blank\" data-lt-tmp-id=\"lt-297952\" rel=\"noopener\">+90 537 977 89 75<\/a> , per E-Mail an <em><span>request@medclinics.com&nbsp;<\/span><\/em> oder \u00fcber das Kontaktformular kontaktieren.<a data-tcb_hover_state_parent=\"\" href=\"https:\/\/wa.me\/00905379778975\" target=\"_blank\" data-lt-tmp-id=\"lt-297952\" rel=\"noopener\"><\/a><em><span><\/span><\/em><\/p>\n<p style=\"text-align: left\">\n<p style=\"text-align: left\"><span>Hinweis:<\/span> Unsere Vertragskrankenh\u00e4user, Kliniken und \u00c4rzte werden sich bez\u00fcglich der von Ihnen gew\u00fcnschten Sch\u00f6nheitsbehandlung mit Ihnen in Verbindung setzen.&nbsp;<\/p>\n","protected":false},"excerpt":{"rendered":"<p>Die Lippenf\u00fcllerbehandlung ist ein beliebtes kosmetisches Verfahren, das das Aussehen der Lippen verbessern und das Selbstvertrauen st\u00e4rken kann.&nbsp; Ganz gleich, ob Sie d\u00fcnne Lippen aufpolstern, die Symmetrie verbessern oder das Auftreten von feinen Linien und F\u00e4ltchen um den Mund herum reduzieren m\u00f6chten \u2013 Lippenf\u00fcller k\u00f6nnen Ihnen dabei helfen, Ihr gew\u00fcnschtes Aussehen zu erreichen. In diesem [&hellip;]<\/p>\n","protected":false},"author":6,"featured_media":15826,"parent":0,"menu_order":0,"comment_status":"closed","ping_status":"closed","template":"","meta":{"_acf_changed":false,"footnotes":""},"categories":[113],"tags":[],"class_list":["post-15825","page","type-page","status-publish","has-post-thumbnail","hentry","category-filler","post-wrapper","thrv_wrapper"],"acf":[],"wp-worthy-pixel":{"ignored":false,"public":null,"server":null,"url":null},"wp-worthy-type":"normal","_links":{"self":[{"href":"https:\/\/antalyatouristinformation.com\/de\/wp-json\/wp\/v2\/pages\/15825","targetHints":{"allow":["GET"]}}],"collection":[{"href":"https:\/\/antalyatouristinformation.com\/de\/wp-json\/wp\/v2\/pages"}],"about":[{"href":"https:\/\/antalyatouristinformation.com\/de\/wp-json\/wp\/v2\/types\/page"}],"author":[{"embeddable":true,"href":"https:\/\/antalyatouristinformation.com\/de\/wp-json\/wp\/v2\/users\/6"}],"replies":[{"embeddable":true,"href":"https:\/\/antalyatouristinformation.com\/de\/wp-json\/wp\/v2\/comments?post=15825"}],"version-history":[{"count":6,"href":"https:\/\/antalyatouristinformation.com\/de\/wp-json\/wp\/v2\/pages\/15825\/revisions"}],"predecessor-version":[{"id":16490,"href":"https:\/\/antalyatouristinformation.com\/de\/wp-json\/wp\/v2\/pages\/15825\/revisions\/16490"}],"wp:featuredmedia":[{"embeddable":true,"href":"https:\/\/antalyatouristinformation.com\/de\/wp-json\/wp\/v2\/media\/15826"}],"wp:attachment":[{"href":"https:\/\/antalyatouristinformation.com\/de\/wp-json\/wp\/v2\/media?parent=15825"}],"wp:term":[{"taxonomy":"category","embeddable":true,"href":"https:\/\/antalyatouristinformation.com\/de\/wp-json\/wp\/v2\/categories?post=15825"},{"taxonomy":"post_tag","embeddable":true,"href":"https:\/\/antalyatouristinformation.com\/de\/wp-json\/wp\/v2\/tags?post=15825"}],"curies":[{"name":"wp","href":"https:\/\/api.w.org\/{rel}","templated":true}]}}