{"id":15839,"date":"2024-02-06T09:38:23","date_gmt":"2024-02-06T08:38:23","guid":{"rendered":"https:\/\/antalyatouristinformation.com\/de\/?page_id=15839"},"modified":"2024-12-31T11:58:47","modified_gmt":"2024-12-31T10:58:47","slug":"akne-behandlung-in-antalya-preise-klinken-vergleiche-2024","status":"publish","type":"page","link":"https:\/\/antalyatouristinformation.com\/de\/akne-behandlung-in-antalya-preise-klinken-vergleiche-2024\/","title":{"rendered":"Akne Behandlung in Antalya | Preise, Klinken, Vergleiche"},"content":{"rendered":"<h3>Akne kann eine frustrierende und das Selbstvertrauen ersch\u00fctternde Hauterkrankung sein, sie muss jedoch nicht dauerhaft sein.<\/h3>\n<p>Unabh\u00e4ngig davon, ob Sie leichte oder schwere Akne haben, gibt es in Antalya eine Behandlung f\u00fcr diejenigen, die nach einer L\u00f6sung f\u00fcr Ihre Akne suchen.<\/p>\n<p>In diesem Artikel erkunden wir die verschiedenen in Antalya angebotenen Aknebehandlungen, von traditionellen Methoden bis hin zu den neuesten Innovationen. <\/p>\n<p>Los geht&#8217;s!<\/p>\n<p><span><img decoding=\"async\" alt=\"\" data-id=\"12971\" width=\"703\" data-init-width=\"768\" height=\"469\" data-init-height=\"512\" title=\"Akne-Symptome-768x512\" loading=\"lazy\" src=\"https:\/\/antalyatouristinformation.com\/de\/wp-content\/uploads\/sites\/10\/2024\/02\/Acne-Symptoms-768x512-1.jpg\" data-width=\"703\" data-height=\"469\" data-pinpro-key=\"fpap7klw1\" style=\"aspect-ratio: auto 768 \/ 512\"><\/span><\/p>\n<h2 id=\"t-1675258188878\">Was sind die Symptome von Akne?<\/h2>\n<p>Die Symptome von Akne, auch Pickel genannt, k\u00f6nnen je nach Schweregrad und Lokalisation am K\u00f6rper variieren. Die Bildung von Akne kann durch Faktoren wie \u00fcberm\u00e4\u00dfige \u00d6lproduktion auf der Haut oder andere Erkrankungen ausgel\u00f6st werden.<\/p>\n<p>Eines der Symptome von Akne sind <strong>kleine rote Beulen.<\/strong> Ein weiteres Zeichen ist das Vorhandensein von <strong>Kn\u00f6tchen unter der Hautoberfl\u00e4che<\/strong> , die fest, gro\u00df und schmerzhaft sein k\u00f6nnen.<\/p>\n<p>Im Fr\u00fchstadium der Akne kommt es h\u00e4ufig zu <strong>R\u00f6tungen<\/strong> und <strong>Empfindlichkeit<\/strong> der Hautoberfl\u00e4che. Wenn Akne nicht rechtzeitig behandelt wird, kann sie zur Bildung von <strong>Narben oder dunklen Flecken f\u00fchren.<\/strong><\/p>\n<p><strong>Auch Pickel mit wei\u00dfer Spitze<\/strong> und <strong>Mitesser<\/strong> sind Anzeichen von Akne.<\/p>\n<h2 id=\"t-1675258188879\">Wo tritt Akne typischerweise auf?<\/h2>\n<p>Die am h\u00e4ufigsten betroffenen Gesichtsbereiche sind <strong>Stirn, Nase und Kinn,<\/strong> wo sich die meisten Talgdr\u00fcsen befinden. Am K\u00f6rper kann Akne im <strong>oberen R\u00fccken- und Brustbereich auftreten.<\/strong> Es handelt sich nicht nur um ein Teenagerproblem, denn auch Menschen \u00fcber 40 k\u00f6nnen unter Akne leiden. M\u00e4nner entwickeln h\u00e4ufiger schwere Formen von Akne als Frauen.<\/p>\n<h2 id=\"t-1675258188880\">Was verursacht Akne?<\/h2>\n<p>Die Entstehung von Akne kann durch verschiedene Faktoren verursacht werden, wie z. B. eine <strong>\u00dcberproduktion von \u00d6l<\/strong> auf der Haut aufgrund \u00fcberaktiver Talgdr\u00fcsen, das Vorhandensein von <strong>Mikroorganismen<\/strong> auf der Hautoberfl\u00e4che, <strong>hormonelle Faktoren wie<\/strong> \u00fcberm\u00e4\u00dfige m\u00e4nnliche Hormone oder hormonelle Ungleichgewichte, eine <strong>genetische Veranlagung<\/strong> dazu fettige Haut und die <strong>Ansammlung von Keratin<\/strong> in Bereichen mit offenen Talgdr\u00fcsen.<\/p>\n<p><span><img decoding=\"async\" alt=\"\" data-id=\"12972\" width=\"703\" data-init-width=\"768\" height=\"469\" data-init-height=\"512\" title=\"Was-sind-die-Dinge-die-die-Akne-Entstehung-ausl\u00f6sen-768x512\" loading=\"lazy\" src=\"https:\/\/antalyatouristinformation.com\/de\/wp-content\/uploads\/sites\/10\/2024\/02\/What-are-the-things-that-trigger-acne-formation-768x512-1.jpg\" data-width=\"703\" data-height=\"469\" data-pinpro-key=\"levdwzr85\" style=\"aspect-ratio: auto 768 \/ 512\"><\/span><\/p>\n<h2 id=\"t-1675258188881\">Was sind die Ausl\u00f6ser f\u00fcr die Entstehung von Akne?<\/h2>\n<p>Faktoren wie Menstruationszyklen (bei Frauen), Kortison, Bodybuilding-Medikamente, Sonnenlicht, Kosmetika, \u00fcberm\u00e4\u00dfiges Schwitzen, psychischer Stress, Rauchen, versteckter Diabetes (reaktive Hypoglyk\u00e4mie) und bestimmte Lebensmittel (Schokolade, Haseln\u00fcsse, Erdn\u00fcsse) k\u00f6nnen zur Entstehung von Diabetes f\u00fchren Akne.<\/p>\n<h2 id=\"t-1675258188882\">Welche Behandlungsmethoden gibt es bei Akne?<\/h2>\n<p>Akne ist eine h\u00e4ufige Hauterkrankung, die von Fach\u00e4rzten behandelt werden kann. Der Behandlungsplan wird auf der Grundlage des Ausma\u00dfes der Akne, des Alters des Patienten und etwaiger gleichzeitig bestehender Gesundheitszust\u00e4nde individuell angepasst. Zu den Behandlungsoptionen k\u00f6nnen Antibiotika, Isotretinoin, Hormone, Phototherapie (Lichttherapie), Lasertherapie und andere geh\u00f6ren.<\/p>\n<\/p>\n<h3>1. Antibiotikabehandlung<\/h3>\n<p>Zur Behandlung mittelschwerer bis schwerer Akne werden h\u00e4ufig <strong>Antibiotika, Isotretinoin<\/strong> oder <strong>Hormone<\/strong> eingesetzt. Die Behandlung mit Antibiotika dauert in der Regel drei Monate und verhindert <strong>das Wachstum von Bakterien<\/strong> . Allerdings kann diese Methode sch\u00e4dliche Nebenwirkungen haben und ist nicht f\u00fcr jeden zu empfehlen.<\/p>\n<h3>2. Phototherapie (Lichttherapie)<\/h3>\n<p>Eine Phototherapie kann dazu beitragen, <strong>die Anzahl der Akneausbr\u00fcche<\/strong> auf der Haut zu reduzieren. Dabei wird die Haut in kontrollierten Sitzungen unter \u00e4rztlicher Aufsicht ultraviolettem Licht ausgesetzt <strong>, <\/strong><strong>wobei<\/strong> entweder ein schrank\u00e4hnliches Ger\u00e4t oder ein kleineres Ger\u00e4t f\u00fcr gezielte Bereiche verwendet wird.<\/p>\n<h3>3. Laser-Methode<\/h3>\n<p>Eine Lasertherapie kann <strong>eingesetzt werden, um Entz\u00fcndungen zu reduzieren und weit verbreiteter Akne vorzubeugen.<\/strong> Dank fortschrittlicher Technologie ist die Lasertherapie ein h\u00e4ufig eingesetztes Verfahren zur Aknebehandlung und <strong>kann<\/strong> mit topischen Behandlungen, Mesolifting (Hautmesotherapie), chemischen\/pflanzlichen Peelings und medizinischer Hautpflege kombiniert werden.<\/p>\n<p><span><img decoding=\"async\" alt=\"\" data-id=\"12973\" width=\"703\" data-init-width=\"768\" height=\"469\" data-init-height=\"512\" title=\"Was-ist-Laser-Akne-Behandlung-768x512\" loading=\"lazy\" src=\"https:\/\/antalyatouristinformation.com\/de\/wp-content\/uploads\/sites\/10\/2024\/02\/What-is-Laser-Acne-Treatment-768x512-1.jpg\" data-width=\"703\" data-height=\"469\" data-pinpro-key=\"aimuao5ho\" style=\"aspect-ratio: auto 768 \/ 512\"><\/span><\/p>\n<h2 id=\"t-1694418016545\">Was ist der Zweck der Laser-Aknebehandlung?<\/h2>\n<p>Eine Laserbehandlung gegen Akne wird bei Haut mit Akne oder bei zu Pickeln neigender Haut eingesetzt. Die W\u00e4rmeenergie des Lasers hilft, <strong>Akne auszutrocknen, Fettigkeit zu kontrollieren, Poren zu verengen<\/strong> und <strong>zuk\u00fcnftige Ausbr\u00fcche zu verhindern<\/strong> .<\/p>\n<h2 id=\"t-1694418016546\">Was ist chemisches Peeling gegen Akne?<\/h2>\n<p>Chemische Peelings, insbesondere oberfl\u00e4chliche Peelings, werden h\u00e4ufig zur Behandlung von <strong>Akneflecken<\/strong> eingesetzt . Es ist wichtig, w\u00e4hrend dieser Behandlung <strong>ein Mittel zur Entfernung von Hautunreinheiten zu verwenden<\/strong> . Allerdings <strong>ist Vorsicht geboten<\/strong> , da ein chemisches Peeling manchmal zu Reizungen f\u00fchren und das Erscheinungsbild von Akne verschlimmern kann. Es wird empfohlen, dieses Verfahren von einem Fachmann durchf\u00fchren zu lassen.<\/p>\n<h2 id=\"t-1694418016547\">Was ist nach der Aknebehandlung zu beachten?<\/h2>\n<p>Um die Ergebnisse Ihrer Aknebehandlung aufrechtzuerhalten, wird empfohlen, Ihr Gesicht ein- oder zweimal t\u00e4glich mit einem sanften Reinigungsgel zu waschen. Um Trockenheit und Reizungen durch Aknemedikamente zu lindern, verwenden Sie nach der abendlichen Reinigung eine \u00f6lfreie Feuchtigkeitscreme.<\/p>\n<h2 data-hide=\"true\" id=\"t-1632401893497\" style=\"text-align: center\">Holen Sie sich eine kostenlose Beratung<\/h2>\n<p style=\"text-align: left\">Gerne sprechen wir \u00fcber Ihre Erwartungen. Sie k\u00f6nnen uns telefonisch oder per WhatsApp &nbsp; <a data-tcb_hover_state_parent=\"\" href=\"https:\/\/wa.me\/00905379778975\" target=\"_blank\" data-lt-tmp-id=\"lt-297952\" rel=\"noopener\">+90 537 977 89 75<\/a> , per E-Mail an <em><span>request@medclinics.com&nbsp;<\/span><\/em> oder \u00fcber das Kontaktformular kontaktieren.<a data-tcb_hover_state_parent=\"\" href=\"https:\/\/wa.me\/00905379778975\" target=\"_blank\" data-lt-tmp-id=\"lt-297952\" rel=\"noopener\"><\/a><em><span><\/span><\/em><\/p>\n<p style=\"text-align: left\">\n<p style=\"text-align: left\"><span>Hinweis:<\/span> Unsere Vertragskrankenh\u00e4user, Kliniken und \u00c4rzte werden sich bez\u00fcglich der von Ihnen gew\u00fcnschten Sch\u00f6nheitsbehandlung mit Ihnen in Verbindung setzen.&nbsp;<\/p>\n","protected":false},"excerpt":{"rendered":"<p>Akne kann eine frustrierende und das Selbstvertrauen ersch\u00fctternde Hauterkrankung sein, sie muss jedoch nicht dauerhaft sein. Unabh\u00e4ngig davon, ob Sie leichte oder schwere Akne haben, gibt es in Antalya eine Behandlung f\u00fcr diejenigen, die nach einer L\u00f6sung f\u00fcr Ihre Akne suchen. In diesem Artikel erkunden wir die verschiedenen in Antalya angebotenen Aknebehandlungen, von traditionellen Methoden [&hellip;]<\/p>\n","protected":false},"author":6,"featured_media":15840,"parent":0,"menu_order":0,"comment_status":"closed","ping_status":"closed","template":"","meta":{"_acf_changed":false,"footnotes":""},"categories":[112],"tags":[],"class_list":["post-15839","page","type-page","status-publish","has-post-thumbnail","hentry","category-erneuerung-der-haut","post-wrapper","thrv_wrapper"],"acf":[],"wp-worthy-pixel":{"ignored":false,"public":null,"server":null,"url":null},"wp-worthy-type":"normal","_links":{"self":[{"href":"https:\/\/antalyatouristinformation.com\/de\/wp-json\/wp\/v2\/pages\/15839","targetHints":{"allow":["GET"]}}],"collection":[{"href":"https:\/\/antalyatouristinformation.com\/de\/wp-json\/wp\/v2\/pages"}],"about":[{"href":"https:\/\/antalyatouristinformation.com\/de\/wp-json\/wp\/v2\/types\/page"}],"author":[{"embeddable":true,"href":"https:\/\/antalyatouristinformation.com\/de\/wp-json\/wp\/v2\/users\/6"}],"replies":[{"embeddable":true,"href":"https:\/\/antalyatouristinformation.com\/de\/wp-json\/wp\/v2\/comments?post=15839"}],"version-history":[{"count":8,"href":"https:\/\/antalyatouristinformation.com\/de\/wp-json\/wp\/v2\/pages\/15839\/revisions"}],"predecessor-version":[{"id":16469,"href":"https:\/\/antalyatouristinformation.com\/de\/wp-json\/wp\/v2\/pages\/15839\/revisions\/16469"}],"wp:featuredmedia":[{"embeddable":true,"href":"https:\/\/antalyatouristinformation.com\/de\/wp-json\/wp\/v2\/media\/15840"}],"wp:attachment":[{"href":"https:\/\/antalyatouristinformation.com\/de\/wp-json\/wp\/v2\/media?parent=15839"}],"wp:term":[{"taxonomy":"category","embeddable":true,"href":"https:\/\/antalyatouristinformation.com\/de\/wp-json\/wp\/v2\/categories?post=15839"},{"taxonomy":"post_tag","embeddable":true,"href":"https:\/\/antalyatouristinformation.com\/de\/wp-json\/wp\/v2\/tags?post=15839"}],"curies":[{"name":"wp","href":"https:\/\/api.w.org\/{rel}","templated":true}]}}