{"id":1589,"date":"2021-03-25T21:39:40","date_gmt":"2021-03-25T20:39:40","guid":{"rendered":"https:\/\/antalyatouristinformation.com\/clone4639485xzhehsskdjfhhdhebdkkekdeewsd4545gdfgm\/clone-of-public-transport\/"},"modified":"2023-05-03T09:03:20","modified_gmt":"2023-05-03T07:03:20","slug":"antalya-stadt","status":"publish","type":"page","link":"https:\/\/antalyatouristinformation.com\/de\/offentlicher-verkehr\/antalya-stadt\/","title":{"rendered":"\u00d6ffentlicher Verkehr in der Stadt Antalya: Tram, Bus, Dolmu\u015f"},"content":{"rendered":"<p>Hier findet ihr alle Informationen zum \u00f6ffentlichen Verkehr in Antalya.<\/p>\n<p>Antalya ist eine Stadt mit \u00fcber 2,5 Millionen Einwohnern, die \u00fcber ein sehr gut ausgebautes Netz an \u00f6ffentlichen Verkehrsmitteln verf\u00fcgt.<\/p>\n<p>Es gibt keine Metro in Antalya. Zum \u00f6ffentlichen Verkehr geh\u00f6ren Busse, Stra\u00dfenbahn, die kleinen Sammelbusse, genannt Dolmu\u015f, und Taxis.<\/p>\n<p>In der Innenstadt k\u00f6nnt ihr problemlos auf ein eigenes Auto verzichten, da die \u00f6ffentlichen Verkehrsmittel in kurzen Intervallen verkehren und zudem noch g\u00fcnstig sind.<\/p>\n<p>Jetzt zu unserem \u00dcberblick.<\/p>\n<p><span><img decoding=\"async\" alt=\"Retro tram on the streets of Antalya in Turkey (Editorial)\" data-id=\"2076\" width=\"702\" data-init-width=\"1000\" height=\"468\" data-init-height=\"667\" title=\"Retro tram on the streets of Antalya in Turkey (Editorial)\" loading=\"lazy\" src=\"\/\/antalyatouristinformation.com\/de\/wp-content\/uploads\/sites\/10\/2021\/04\/Retro-tram-on-the-streets-of-Antalya-in-Turkey.jpg\" data-width=\"702\" data-height=\"468\" data-pinpro-key=\"x9mvr13az\"><\/span><\/p>\n<h2 id=\"t-1619703149144\">Stra\u00dfenbahn<\/h2>\n<p>Insgesamt gibt es in Antalya 2 Stra\u00dfenbahnlinien.<\/p>\n<p>Die eine Linie ist die <b>alte Stra\u00dfenbahn<\/b>, auch Heritage Tram oder nostalgische Bahn genannt. Sie hat insgesamt 11 Haltestellen und verkehrt in der Innenstadt vom Antiken Museum bis zu dem Stadtteil Zerdalilik.<\/p>\n<p>Dabei f\u00e4hrt sie entlang der Uferpromenade und h\u00e4lt unter anderem am alten Hafen, dem <a href=\"https:\/\/antalyatouristinformation.com\/de\/sehenswurdigkeiten\/geschichte\/hadrianstor\/\">Hadrians-Tor<\/a> und am ber\u00fchmten Uhrenturm. \u00dcbrigens, diese Wagen der nostalgischen Stra\u00dfenbahn kommen aus N\u00fcrnberg, sie waren ein Geschenk der Partnerstadt N\u00fcrnberg an Antalya.<\/p>\n<p>Die <b>neue Stra\u00dfenbahnlinie <\/b>wird <b>AntRay<\/b> genannt. Sie wurde anl\u00e4sslich der Gartenausstellung im Jahr 2016 \u00fcber den Stadtteil Aksu hinaus bis zu dem Ausstellungsgel\u00e4nde verl\u00e4ngert. Hochmoderne Wagen fahren auf der 30 Kilometer langen Strecke mit 49 Haltestellen.<\/p>\n<p>Durch den Ausbau ist nun auch der Flughafen von Antalya mit der Stra\u00dfenbahn zu erreichen. Die Stra\u00dfenbahnen verkehren im 10-20 Minuten Takt und fahren gew\u00f6hnlich von 06:00 Uhr in der Fr\u00fch bis um Mitternacht.<\/p>\n<p>Sogar zu der <a href=\"https:\/\/antalyatouristinformation.com\/de\/sehenswurdigkeiten\/geschichte\/perge\/\">antiken Stadt Perge<\/a>, 16 Kilometer nord\u00f6stlich von Antalya, k\u00f6nnt ihr mit der Stra\u00dfenbahn fahren.<\/p>\n<p><span><img decoding=\"async\" alt=\"Regular bus that is part of the Antalya public transport (Editorial)\" data-id=\"2080\" width=\"702\" data-init-width=\"1000\" height=\"468\" data-init-height=\"667\" title=\"Regular bus that is part of the Antalya public transport (Editorial)\" loading=\"lazy\" src=\"\/\/antalyatouristinformation.com\/de\/wp-content\/uploads\/sites\/10\/2021\/04\/Regular-bus-that-is-part-of-the-Antalya-public-transport.jpg\" data-width=\"702\" data-height=\"468\" data-pinpro-key=\"h5248t4ln\"><\/span><\/p>\n<h2 id=\"t-1619703149145\">Bus<\/h2>\n<p>Mit dem Bus k\u00f6nnt ihr in Antalya jeden Stadtteil erreichen. Busse sind in der T\u00fcrkei ein sehr beliebtes Transportmittel, manchmal sind sie daher leider auch ziemlich voll.<\/p>\n<p>Die Busse sind nummeriert und die Buchstaben auf den Routen-Nummern zeigen an, zwischen welchen Pl\u00e4tzen bzw. Stadtteilen ein Bus verkehrt. Doch keine Sorge, auch Einheimische kennen das komplizierte System, das hinter den Nummern steckt, nicht genau.<\/p>\n<p>Zum <a href=\"https:\/\/antalyatouristinformation.com\/de\/plan\/antalya-flughafen\/\">Flughafen Antalya<\/a> gelangt man mit dem Bus Nummer 600.<\/p>\n<p>In den neueren Bussen kann die Fahrt per QR-Code mit dem Handy bezahlt werden, doch nicht alle Fahrzeuge sind dementsprechend ausger\u00fcstet.<\/p>\n<p><span><img decoding=\"async\" alt=\"Dolmus waiting for tourists in Antalya in Turkey (Editorial)\" data-id=\"2082\" width=\"702\" data-init-width=\"1000\" height=\"468\" data-init-height=\"667\" title=\"Dolmus waiting for tourists in Antalya in Turkey (Editorial)\" loading=\"lazy\" src=\"\/\/antalyatouristinformation.com\/de\/wp-content\/uploads\/sites\/10\/2021\/04\/Dolmus-waiting-for-tourists-in-Antalya-in-Turkey.jpg\" data-width=\"702\" data-height=\"468\" data-pinpro-key=\"5v3qiuycu\"><\/span><\/p>\n<h2 id=\"t-1619703149146\">Dolmu\u015f<\/h2>\n<p>Das Dolmu\u015f, die kleinen Sammelbusse oder Sammeltaxis wie sie manchmal auch genannt werden, sind eines der beliebtesten Verkehrsmittel in Antalya.<\/p>\n<p>Sie verkehren zwischen zwei Punkten auf einer genau festgelegten Route und in einem festgelegten Zeitabstand. Auf dieser Strecke k\u00f6nnt ihr ein- und aussteigen, wo ihr wollt. Es gen\u00fcgt, wenn ihr am Stra\u00dfenrand ein Zeichen gebt und das Dolmu\u015f h\u00e4lt an.<\/p>\n<p>Wenn ihr aussteigen wollt, sagt ihr das dem Fahrer durch Zurufen. Er wird bei der n\u00e4chsten Gelegenheit anhalten.<\/p>\n<p>Hier findet ihr ausf\u00fchrliche <a href=\"https:\/\/antalyatouristinformation.com\/de\/offentlicher-verkehr\/antalya-stadt\/dolmus\/\">Informationen zu den Dolmu\u015f<\/a>.<\/p>\n<p><span><img decoding=\"async\" alt=\"Taxi in Antalya in Turkey (Editorial)\" data-id=\"2084\" width=\"702\" data-init-width=\"1000\" height=\"468\" data-init-height=\"667\" title=\"Taxi in Antalya in Turkey (Editorial)\" loading=\"lazy\" src=\"\/\/antalyatouristinformation.com\/de\/wp-content\/uploads\/sites\/10\/2021\/04\/Taxi-in-Antalya-in-Turkey.jpg\" data-width=\"702\" data-height=\"468\" data-pinpro-key=\"1qjiw3tv5\"><\/span><\/p>\n<h2 id=\"t-1619703149147\">Taxi<\/h2>\n<p>In Antalya sind circa 3.500 Taxis unterwegs, die man leicht an der knallgelben Farbe erkennt. Ein Handzeichen gen\u00fcgt und schon h\u00e4lt der Wagen, wenn er frei ist. Das erkennt man an der Beleuchtung auf dem Dach des Fahrzeugs.<\/p>\n<p>Ausf\u00fchrliche <a href=\"https:\/\/antalyatouristinformation.com\/de\/offentlicher-verkehr\/taxi\/\">Informationen zu Taxis<\/a> findet ihr hier.<\/p>\n<p><span><img decoding=\"async\" alt=\"Antalyakart for Antalya Public Transportation (Editorial)\" data-id=\"2086\" width=\"702\" data-init-width=\"1000\" height=\"468\" data-init-height=\"667\" title=\"Antalyakart for Antalya Public Transportation (Editorial)\" loading=\"lazy\" src=\"\/\/antalyatouristinformation.com\/de\/wp-content\/uploads\/sites\/10\/2021\/04\/Antalyakart-for-Antalya-Public-Transportation.jpg\" data-width=\"702\" data-height=\"468\" data-pinpro-key=\"x6069scjb\"><\/span><\/p>\n<h2 id=\"t-1619703149148\">AntalyaKart<\/h2>\n<p>Damit ihr die \u00f6ffentlichen Busse und Stra\u00dfenbahnen benutzen k\u00f6nnt, braucht ihr die Antalyakart. Die Karte in Kreditkartengr\u00f6\u00dfe ist aus Plastik, ihr k\u00f6nnt an den Automaten Guthaben auf die Karte laden.<\/p>\n<p>Den aktuellen Fahrpreis f\u00fcr eine Fahrt mit Bus oder Stra\u00dfenbahn mit der AntalyaKart findet ihr auf der offiziellen <a href=\"https:\/\/www.antalyakart.com.tr\/sss\" target=\"_blank\" rel=\"noopener\">AntalyaKart-Website (unter: &#8222;Toplu ta\u015f\u0131ma ara\u00e7lar\u0131na bini\u015f \u00fccretleri ne kadar?&#8220;). <\/a>Dabei d\u00fcrft ihr innerhalb von einer Stunde einmal Umsteigen.<\/p>\n<p>Genaue <a href=\"https:\/\/antalyatouristinformation.com\/de\/offentlicher-verkehr\/antalya-stadt\/antalyakart\/\">Informationen zur Antalyakart<\/a>, wo und wie man sie kaufen kann und was zu beachten ist, haben wir hier zusammengestellt.<\/p>\n<p>Hinterlasst doch unten einen Kommentar und sagt uns, welches Transportmittel f\u00fcr euch am besten war.<\/p>\n<p>Hier stehen genaue Informationen zu den Taxis in Antalya.<\/p>\n<p>Falls ihr ein Auto mieten wollt, findet ihr in unserem Guide zum Thema <a href=\"https:\/\/antalyatouristinformation.com\/de\/plan\/mietwagen\/\">Automieten in Antalya <\/a>gute Tipps.<\/p>\n<p>Bei der Suche nach einem Hotel hilft unser Hotel Guide und im <a href=\"http:\/\/antalyatouristinformation.com\/de\/tickets\">Antalya Ticket Shop <\/a>gibt es interessante Angebote.<\/p>\n","protected":false},"excerpt":{"rendered":"<p>Hier findet ihr alle Informationen zum \u00f6ffentlichen Verkehr in Antalya. Antalya ist eine Stadt mit \u00fcber 2,5 Millionen Einwohnern, die \u00fcber ein sehr gut ausgebautes Netz an \u00f6ffentlichen Verkehrsmitteln verf\u00fcgt. Es gibt keine Metro in Antalya. Zum \u00f6ffentlichen Verkehr geh\u00f6ren Busse, Stra\u00dfenbahn, die kleinen Sammelbusse, genannt Dolmu\u015f, und Taxis. In der Innenstadt k\u00f6nnt ihr problemlos [&hellip;]<\/p>\n","protected":false},"author":6,"featured_media":2074,"parent":4806,"menu_order":0,"comment_status":"open","ping_status":"closed","template":"","meta":{"_acf_changed":false,"footnotes":""},"categories":[],"tags":[55,58],"class_list":["post-1589","page","type-page","status-publish","has-post-thumbnail","hentry","tag-plan","tag-public-transport","post-wrapper","thrv_wrapper"],"acf":[],"wp-worthy-pixel":{"ignored":false,"public":null,"server":null,"url":null},"wp-worthy-type":"normal","_links":{"self":[{"href":"https:\/\/antalyatouristinformation.com\/de\/wp-json\/wp\/v2\/pages\/1589","targetHints":{"allow":["GET"]}}],"collection":[{"href":"https:\/\/antalyatouristinformation.com\/de\/wp-json\/wp\/v2\/pages"}],"about":[{"href":"https:\/\/antalyatouristinformation.com\/de\/wp-json\/wp\/v2\/types\/page"}],"author":[{"embeddable":true,"href":"https:\/\/antalyatouristinformation.com\/de\/wp-json\/wp\/v2\/users\/6"}],"replies":[{"embeddable":true,"href":"https:\/\/antalyatouristinformation.com\/de\/wp-json\/wp\/v2\/comments?post=1589"}],"version-history":[{"count":9,"href":"https:\/\/antalyatouristinformation.com\/de\/wp-json\/wp\/v2\/pages\/1589\/revisions"}],"predecessor-version":[{"id":15033,"href":"https:\/\/antalyatouristinformation.com\/de\/wp-json\/wp\/v2\/pages\/1589\/revisions\/15033"}],"up":[{"embeddable":true,"href":"https:\/\/antalyatouristinformation.com\/de\/wp-json\/wp\/v2\/pages\/4806"}],"wp:featuredmedia":[{"embeddable":true,"href":"https:\/\/antalyatouristinformation.com\/de\/wp-json\/wp\/v2\/media\/2074"}],"wp:attachment":[{"href":"https:\/\/antalyatouristinformation.com\/de\/wp-json\/wp\/v2\/media?parent=1589"}],"wp:term":[{"taxonomy":"category","embeddable":true,"href":"https:\/\/antalyatouristinformation.com\/de\/wp-json\/wp\/v2\/categories?post=1589"},{"taxonomy":"post_tag","embeddable":true,"href":"https:\/\/antalyatouristinformation.com\/de\/wp-json\/wp\/v2\/tags?post=1589"}],"curies":[{"name":"wp","href":"https:\/\/api.w.org\/{rel}","templated":true}]}}