{"id":15897,"date":"2024-02-06T11:42:31","date_gmt":"2024-02-06T10:42:31","guid":{"rendered":"https:\/\/antalyatouristinformation.com\/de\/?page_id=15897"},"modified":"2024-12-31T12:02:25","modified_gmt":"2024-12-31T11:02:25","slug":"hautpflege-in-antalya-tuerkei-beste-kliniken-beautysalons-preise-2024","status":"publish","type":"page","link":"https:\/\/antalyatouristinformation.com\/de\/hautpflege-in-antalya-tuerkei-beste-kliniken-beautysalons-preise-2024\/","title":{"rendered":"Hautpflege in Antalya, T\u00fcrkei | Beste Kliniken, Beautysalons &amp; Preise"},"content":{"rendered":"<h3>Antalya, eine Stadt an der Mittelmeerk\u00fcste der T\u00fcrkei, ist bekannt f\u00fcr ihre atemberaubenden Str\u00e4nde und ihre landschaftliche Sch\u00f6nheit. Aber wussten Sie, dass es auch ein beliebtes Ziel f\u00fcr Hautpflegebehandlungen ist?<\/h3>\n<p>Die Stadt bietet eine Reihe von Hautpflegebehandlungen an, die auf verschiedene Hautprobleme zugeschnitten sind. Egal, ob Sie nach Anti-Aging-L\u00f6sungen oder Behandlungen gegen Akne suchen, in Antalya sind Sie an der richtigen Adresse.<\/p>\n<p>In diesem Artikel stellen wir Ihnen alle Informationen zur Verf\u00fcgung, die Sie \u00fcber die verschiedenen in Antalya verf\u00fcgbaren Hautpflegebehandlungen wissen m\u00fcssen, einschlie\u00dflich der erwarteten Ergebnisse, der Vorteile und der zu treffenden Vorsichtsma\u00dfnahmen.&nbsp;<\/p>\n<p>Machen Sie sich bereit, in Antalya eine Welt der Hautverj\u00fcngung und Verw\u00f6hnung zu entdecken.&nbsp;<\/p>\n<p><span><img decoding=\"async\" alt=\"\" data-id=\"12887\" width=\"703\" data-init-width=\"768\" height=\"469\" data-init-height=\"512\" title=\"Vor-Hautpflege-Behandlungen-768x512\" loading=\"lazy\" src=\"https:\/\/antalyatouristinformation.com\/de\/wp-content\/uploads\/sites\/10\/2024\/02\/Before-Skin-Care-Treatments-768x512-1.jpg\" data-width=\"703\" data-height=\"469\" data-pinpro-key=\"xcfwxx327\" style=\"aspect-ratio: auto 768 \/ 512\"><\/span><\/p>\n<h2 id=\"t-1675083783542\">Vorbereitung auf medizinische Hautpflegebehandlungen<\/h2>\n<p>Vor Beginn einer medizinischen Hautpflegebehandlung ist <strong>eine gr\u00fcndliche Hautanalyse wichtig.<\/strong> Bei dieser Untersuchung ermittelt der Arzt Ihren <strong>&nbsp;Hauttyp, Ihr Hautalter<\/strong> und m\u00f6gliche <strong>Hautprobleme .<\/strong><\/p>\n<p>Basierend auf den Ergebnissen der Analyse <strong>werden die richtigen Produkte und Substanzen ausgew\u00e4hlt<\/strong> , die auf die spezifischen Bed\u00fcrfnisse Ihrer Haut eingehen. Dazu k\u00f6nnen Masken, Toner, Feuchtigkeitscremes, Seren, Cremes und mehr geh\u00f6ren.<\/p>\n<p>Indem Sie Hautpflegebehandlungen mit den richtigen Produkten und Schritten angehen, k\u00f6nnen Sie <strong>erfolgreichere und schnellere Ergebnisse erzielen.<\/strong><\/p>\n<h2 id=\"t-1675083783543\">Was beinhaltet eine medizinische Hautpflegebehandlung?<\/h2>\n<ul>\n<li><strong>Der erste Schritt besteht darin, <\/strong><strong>die Haut zu reinigen<\/strong> , um sie auf die Behandlung vorzubereiten. Dabei werden Make-up und Schmutz von der Hautoberfl\u00e4che entfernt.<\/li>\n<li><strong>Nach der Reinigung wird die Haut anschlie\u00dfend<\/strong> mit einem Toner gest\u00e4rkt, um ihr nat\u00fcrliches pH-Gleichgewicht wiederherzustellen.<\/li>\n<li><strong>Im n\u00e4chsten Schritt werden abgestorbene Hautzellen durch einen Peeling-Prozess entfernt<\/strong> . Anschlie\u00dfend wird die Haut <strong>ged\u00e4mpft, um sie weicher zu machen und die Poren zu \u00f6ffnen<\/strong> , sodass Unreinheiten wie Mitesser leichter aus den Talgdr\u00fcsen unter der Haut entfernt werden k\u00f6nnen.<\/li>\n<li>Sobald die Haut vollst\u00e4ndig gereinigt ist, wird sie <strong>mit einer Gelbehandlung beruhigt, um<\/strong> R\u00f6tungen und Reizungen zu lindern.<\/li>\n<li>Anschlie\u00dfend wird die Haut <strong>mit Tonic- und Radiofrequenzbehandlungen<\/strong> (RF) gestrafft, um sie zu festigen und zu verj\u00fcngen.<\/li>\n<li><strong><\/strong><strong>Um die Wirkung<\/strong> der Behandlung zu verst\u00e4rken und ihre Langlebigkeit zu gew\u00e4hrleisten, wird <strong>eine <\/strong><strong>spezielle Maske aufgetragen<\/strong> . Die Maske bleibt f\u00fcr eine bestimmte Zeit auf der Haut, bevor sie entfernt wird.<strong><\/strong><\/li>\n<li><strong>Anschlie\u00dfend wird die Haut<\/strong> mit unterst\u00fctzenden Seren und Feuchtigkeitscremes massiert, die auf Ihre Hautbed\u00fcrfnisse abgestimmt sind.<\/li>\n<li><strong>Der letzte Schritt besteht darin, <\/strong><strong>&nbsp;Sonnenschutzmittel aufzutragen<\/strong> , um die Haut vor weiteren Sch\u00e4den zu sch\u00fctzen.<\/li>\n<\/ul>\n<p><span><img decoding=\"async\" alt=\"\" data-id=\"12888\" width=\"703\" data-init-width=\"768\" height=\"469\" data-init-height=\"512\" title=\"Wer-kann-medizinische-Hautpflegebehandlungen-haben-768x512\" loading=\"lazy\" src=\"https:\/\/antalyatouristinformation.com\/de\/wp-content\/uploads\/sites\/10\/2024\/02\/Who-Can-Have-Medical-Skin-Care-Treatments-768x512-1.jpg\" data-width=\"703\" data-height=\"469\" data-pinpro-key=\"yttstt8rh\" style=\"aspect-ratio: auto 768 \/ 512\"><\/span><\/p>\n<h2 id=\"t-1675083783544\">Was sind die Vorteile medizinischer Hautbehandlungen?<\/h2>\n<p>Nachfolgend finden Sie die drei Hauptvorteile von Hautpflegebehandlungen:<\/p>\n<ol>\n<li><strong>Verlangsamt die Hautalterung<\/strong> mit den richtigen Vorsichtsma\u00dfnahmen<\/li>\n<li><strong>Erh\u00f6ht die Widerstandsf\u00e4higkeit der Haut<\/strong> gegen \u00e4u\u00dfere Faktoren wie Wetter, Umweltverschmutzung, Sonnensch\u00e4den und Alterung<\/li>\n<li><strong>Verbessert die Wirksamkeit<\/strong> der t\u00e4glichen Hautpflege<\/li>\n<\/ol>\n<h2 id=\"t-1675083783545\">F\u00fcr wen ist eine medizinische Hautpflege geeignet?<\/h2>\n<p>Bei Hautpflegebehandlungen handelt es sich nicht um chemische Eingriffe, weshalb sie f\u00fcr alle Patienten geeignet sind.<\/p>\n<h2 id=\"t-1675083783546\">Wie oft sollten Sie medizinische Hautbehandlungen erhalten?<\/h2>\n<p><strong>F\u00fcr eine optimale Hautgesundheit<\/strong> wird empfohlen, einmal im Monat medizinische Hautbehandlungen durchzuf\u00fchren . Wenn monatliche Behandlungen nicht m\u00f6glich sind, wird empfohlen, sie mindestens alle zwei Monate durchzuf\u00fchren.<\/p>\n<h2 id=\"t-1675083783547\">Verursacht die medizinische Hautpflege-Behandlung irgendwelche Sch\u00e4den?<\/h2>\n<p>Nein. Die medizinische Hautpflege ist ein Verfahren mit vielen positiven Wirkungen. Experten verwenden dermokosmetische Produkte, die keine Nebenwirkungen haben.<\/p>\n<p><span><img decoding=\"async\" alt=\"\" data-id=\"12889\" width=\"703\" data-init-width=\"768\" height=\"469\" data-init-height=\"512\" title=\"Was-nach-medizinischer-Hautpflege-beachtet-werden sollte-768x512\" loading=\"lazy\" src=\"https:\/\/antalyatouristinformation.com\/de\/wp-content\/uploads\/sites\/10\/2024\/02\/What-Should-be-Considered-After-Medical-Skin-Care-768x512-1.jpg\" data-width=\"703\" data-height=\"469\" data-pinpro-key=\"9dmksd74b\" style=\"aspect-ratio: auto 768 \/ 512\"><\/span><\/p>\n<h2 id=\"t-1675083783548\">Welche Vorsichtsma\u00dfnahmen sollten nach einer medizinischen Hautbehandlung getroffen werden?<\/h2>\n<ul>\n<li>Haut vor Sonneneinstrahlung sch\u00fctzen, Sonnenschutzmittel verwenden<\/li>\n<li>Vermeide direktes Sonnenlicht<\/li>\n<li>Verwenden Sie keinen Concealer und halten Sie sich nicht in einer rauchigen Umgebung auf<\/li>\n<li>Rauchen Sie am ersten Tag nach der Behandlung nicht.<\/li>\n<\/ul>\n<h2 data-hide=\"true\" id=\"t-1632401893497\" style=\"text-align: center\">Holen Sie sich eine kostenlose Beratung<\/h2>\n<p style=\"text-align: left\">Gerne sprechen wir \u00fcber Ihre Erwartungen. Sie k\u00f6nnen uns telefonisch oder per WhatsApp &nbsp; <a data-tcb_hover_state_parent=\"\" href=\"https:\/\/wa.me\/00905379778975\" target=\"_blank\" data-lt-tmp-id=\"lt-297952\" rel=\"noopener\">+90 537 977 89 75<\/a> , per E-Mail an <em><span>request@medclinics.com&nbsp;<\/span><\/em> oder \u00fcber das Kontaktformular kontaktieren.<a data-tcb_hover_state_parent=\"\" href=\"https:\/\/wa.me\/00905379778975\" target=\"_blank\" data-lt-tmp-id=\"lt-297952\" rel=\"noopener\"><\/a><em><span><\/span><\/em><\/p>\n<p style=\"text-align: left\">\n<p style=\"text-align: left\"><span>Hinweis:<\/span> Unsere Vertragskrankenh\u00e4user, Kliniken und \u00c4rzte werden sich bez\u00fcglich der von Ihnen gew\u00fcnschten Sch\u00f6nheitsbehandlung mit Ihnen in Verbindung setzen.&nbsp;<\/p>\n","protected":false},"excerpt":{"rendered":"<p>Antalya, eine Stadt an der Mittelmeerk\u00fcste der T\u00fcrkei, ist bekannt f\u00fcr ihre atemberaubenden Str\u00e4nde und ihre landschaftliche Sch\u00f6nheit. Aber wussten Sie, dass es auch ein beliebtes Ziel f\u00fcr Hautpflegebehandlungen ist? Die Stadt bietet eine Reihe von Hautpflegebehandlungen an, die auf verschiedene Hautprobleme zugeschnitten sind. Egal, ob Sie nach Anti-Aging-L\u00f6sungen oder Behandlungen gegen Akne suchen, in [&hellip;]<\/p>\n","protected":false},"author":6,"featured_media":15898,"parent":0,"menu_order":0,"comment_status":"closed","ping_status":"closed","template":"","meta":{"_acf_changed":false,"footnotes":""},"categories":[112],"tags":[],"class_list":["post-15897","page","type-page","status-publish","has-post-thumbnail","hentry","category-erneuerung-der-haut","post-wrapper","thrv_wrapper"],"acf":[],"wp-worthy-pixel":{"ignored":false,"public":null,"server":null,"url":null},"wp-worthy-type":"normal","_links":{"self":[{"href":"https:\/\/antalyatouristinformation.com\/de\/wp-json\/wp\/v2\/pages\/15897","targetHints":{"allow":["GET"]}}],"collection":[{"href":"https:\/\/antalyatouristinformation.com\/de\/wp-json\/wp\/v2\/pages"}],"about":[{"href":"https:\/\/antalyatouristinformation.com\/de\/wp-json\/wp\/v2\/types\/page"}],"author":[{"embeddable":true,"href":"https:\/\/antalyatouristinformation.com\/de\/wp-json\/wp\/v2\/users\/6"}],"replies":[{"embeddable":true,"href":"https:\/\/antalyatouristinformation.com\/de\/wp-json\/wp\/v2\/comments?post=15897"}],"version-history":[{"count":6,"href":"https:\/\/antalyatouristinformation.com\/de\/wp-json\/wp\/v2\/pages\/15897\/revisions"}],"predecessor-version":[{"id":16484,"href":"https:\/\/antalyatouristinformation.com\/de\/wp-json\/wp\/v2\/pages\/15897\/revisions\/16484"}],"wp:featuredmedia":[{"embeddable":true,"href":"https:\/\/antalyatouristinformation.com\/de\/wp-json\/wp\/v2\/media\/15898"}],"wp:attachment":[{"href":"https:\/\/antalyatouristinformation.com\/de\/wp-json\/wp\/v2\/media?parent=15897"}],"wp:term":[{"taxonomy":"category","embeddable":true,"href":"https:\/\/antalyatouristinformation.com\/de\/wp-json\/wp\/v2\/categories?post=15897"},{"taxonomy":"post_tag","embeddable":true,"href":"https:\/\/antalyatouristinformation.com\/de\/wp-json\/wp\/v2\/tags?post=15897"}],"curies":[{"name":"wp","href":"https:\/\/api.w.org\/{rel}","templated":true}]}}