{"id":15924,"date":"2024-02-06T11:47:11","date_gmt":"2024-02-06T10:47:11","guid":{"rendered":"https:\/\/antalyatouristinformation.com\/de\/?page_id=15924"},"modified":"2024-12-31T12:04:40","modified_gmt":"2024-12-31T11:04:40","slug":"vitiligo-behandlung-in-antalya-preise-klinken-2024","status":"publish","type":"page","link":"https:\/\/antalyatouristinformation.com\/de\/vitiligo-behandlung-in-antalya-preise-klinken-2024\/","title":{"rendered":"Vitiligo Behandlung in Antalya | Preise &amp; Klinken"},"content":{"rendered":"<h3>Vitiligo ist eine h\u00e4ufige Pigmentst\u00f6rung, von der Millionen Menschen weltweit betroffen sind und die an verschiedenen Stellen des K\u00f6rpers verf\u00e4rbte Hautflecken verursacht.<\/h3>\n<p>W\u00e4hrend viele es als eine einzigartige Sch\u00f6nheit betrachten, kann es f\u00fcr andere eine k\u00f6rperliche und emotionale Herausforderung sein, damit zu leben. Die Region Antalya kann ein gro\u00dfartiges Ziel f\u00fcr die Behandlung von Vitiligo sein, da sie die neuesten Fortschritte in der Medizintechnik und eine Reihe von Optionen zur Behandlung der Erkrankung bietet.&nbsp;<\/p>\n<p>In diesem umfassenden Artikel befassen wir uns mit allem, was Sie \u00fcber Vitiligo wissen m\u00fcssen, einschlie\u00dflich der Ursachen, Behandlungsm\u00f6glichkeiten und wichtigen \u00dcberlegungen.&nbsp;<\/p>\n<p><span><img decoding=\"async\" alt=\"\" data-id=\"12978\" width=\"703\" data-init-width=\"768\" height=\"469\" data-init-height=\"512\" title=\"Was-ist-Vitiligo-768x512\" loading=\"lazy\" src=\"https:\/\/antalyatouristinformation.com\/de\/wp-content\/uploads\/sites\/10\/2024\/02\/What-is-Vitiligo-768x512-1.jpg\" data-width=\"703\" data-height=\"469\" data-pinpro-key=\"fwe19os46\" style=\"aspect-ratio: auto 768 \/ 512\"><\/span><\/p>\n<h2 id=\"t-1675260124040\">Was genau ist Vitiligo?<\/h2>\n<p>Vitiligo ist eine Hauterkrankung, die durch einen <strong>Pigmentverlust gekennzeichnet ist,<\/strong> der zur Bildung wei\u00dfer Flecken auf der Haut f\u00fchrt. Diese Flecken k\u00f6nnen an jedem K\u00f6rperteil auftreten, am h\u00e4ufigsten sind sie jedoch im Gesicht, an den Lippen, H\u00e4nden, Armen, Beinen und im Genitalbereich zu finden. Vitiligo betrifft etwa 1 % der Weltbev\u00f6lkerung und kann Menschen aller Rassen und Geschlechter betreffen.<\/p>\n<p>Die Farbe der menschlichen Haut wird durch ein Pigment namens <strong>Melanin<\/strong> bestimmt . Menschen mit hellerer Haut produzieren weniger Melanin, w\u00e4hrend Menschen mit dunklerer Haut mehr produzieren. Die Menge an produziertem Melanin kann durch Faktoren wie Schwangerschaft, Morbus Addison und Sonneneinstrahlung beeinflusst werden und dazu f\u00fchren, dass die Haut dunkler oder heller wird.<\/p>\n<h2 id=\"t-1675260124041\">Was verursacht die Entstehung von Vitiligo?<\/h2>\n<p>Der Ausbruch von Vitiligo beginnt in der Regel mit der <strong>pl\u00f6tzlichen Aufhellung einer bestimmten Hautpartie.<\/strong> Mit der Zeit kann der wei\u00dfe Fleck wachsen und einen gr\u00f6\u00dferen Teil der Haut bedecken.<\/p>\n<h2 id=\"t-1675260124042\">H\u00e4ngt Vitiligo mit einer inneren Organerkrankung zusammen oder ist sie ansteckend?<\/h2>\n<p>Vitiligo wird nicht durch eine innere Organerkrankung <strong>verursacht und ist <\/strong><strong>nicht ansteckend.<\/strong> Patienten mit Vitiligo haben oft einen guten allgemeinen Gesundheitszustand.<\/p>\n<h2 id=\"t-1675260124043\">Ist Vitiligo behandelbar?<\/h2>\n<p>Vitiligo kann behandelt werden, die genaue Ursache ist jedoch unbekannt und <strong>die Ergebnisse k\u00f6nnen von Person zu Person unterschiedlich sein.<\/strong> Es gibt verschiedene Behandlungsm\u00f6glichkeiten und es kann <strong>mindestens drei Monate<\/strong> dauern , bis sich Ergebnisse zeigen. Es ist wichtig, den besten Behandlungsplan mit einem Dermatologen zu besprechen.<\/p>\n<p><span><img decoding=\"async\" alt=\"\" data-id=\"12979\" width=\"703\" data-init-width=\"768\" height=\"469\" data-init-height=\"512\" title=\"Can-Herbal-Products-Treat-Vitiligo-768x512\" loading=\"lazy\" src=\"https:\/\/antalyatouristinformation.com\/de\/wp-content\/uploads\/sites\/10\/2024\/02\/Can-Herbal-Products-Treat-Vitiligo-768x512-1.jpg\" data-width=\"703\" data-height=\"469\" data-pinpro-key=\"4m39o3a9k\" style=\"aspect-ratio: auto 768 \/ 512\"><\/span><\/p>\n<h2 id=\"t-1675260124044\">Ist eine pflanzliche Behandlung eine Option f\u00fcr Vitiligo?<\/h2>\n<p>Vor der Anwendung einer Vitiligo-Behandlung, einschlie\u00dflich pflanzlicher Produkte, <strong>ist es wichtig, einen zugelassenen Arzt zu konsultieren<\/strong> und nur vom Gesundheitsministerium zugelassene Produkte zu verwenden.<\/p>\n<h2 id=\"t-1675260124045\">Ist eine chirurgische Behandlung f\u00fcr Vitiligo m\u00f6glich?<\/h2>\n<p>Ja, eine chirurgische Behandlung von Vitiligo ist m\u00f6glich. Eine dieser Methoden ist das <strong>Punch-Graft-Verfahren,<\/strong> bei dem Haut aus einem anderen K\u00f6rperbereich auf die betroffene Stelle transplantiert wird, um die Hautfarbe wiederherzustellen.<\/p>\n<h2 id=\"t-1675260124046\"><b>Welche anderen Behandlungsm\u00f6glichkeiten gibt es f\u00fcr Vitiligo?<\/b><\/h2>\n<p>Es gibt eine Reihe von Behandlungsm\u00f6glichkeiten f\u00fcr Vitiligo, jede mit ihren eigenen Vor- und Nachteilen. Im Folgenden sind einige der h\u00e4ufigsten Behandlungen f\u00fcr diese Erkrankung aufgef\u00fchrt:<\/p>\n<ol>\n<li>\n<p><strong>Topische Cremes:<\/strong> Diese sind oft die erste Behandlungslinie bei Vitiligo und k\u00f6nnen sowohl konventionelle als auch pflanzliche Cremes mit antioxidativen Eigenschaften umfassen.<\/p>\n<\/li>\n<li>\n<p><strong>PUVA-Therapie:<\/strong> Hierbei wird die betroffene Haut nach der Einnahme eines photosensibilisierenden Arzneimittels kontrolliertem ultraviolettem Licht ausgesetzt. Der PUVA-Strahl aktiviert die Zellen, die der Haut Farbe verleihen (Melanozyten) und unterst\u00fctzt die Migration dieser Zellen in Bereiche mit Vitiligo.<\/p>\n<\/li>\n<li>\n<p><strong>Depigmentierung:<\/strong> In F\u00e4llen, in denen andere Behandlungen nicht wirksam sind, kann eine Depigmentierung in Betracht gezogen werden. Dabei wird die Haut gleichm\u00e4\u00dfig aufgehellt und an die betroffenen Stellen angepasst. Diese Behandlung ist jedoch dauerhaft und erfordert einen sorgf\u00e4ltigen Sonnenschutz.<\/p>\n<\/li>\n<\/ol>\n<p><strong>Es ist wichtig zu beachten<\/strong> , dass Vitiligo behandelt werden muss, um eine Besserung zu erzielen, da sich der Zustand nicht von selbst bessert. Um f\u00fcr jeden Einzelfall den besten Behandlungsplan festzulegen, sollte ein Arzt konsultiert werden.<\/p>\n<p><span><img decoding=\"async\" alt=\"\" data-id=\"12980\" width=\"703\" data-init-width=\"768\" height=\"469\" data-init-height=\"512\" title=\"Was-sollten-Vitiligo-Patienten-beachten-768x512\" loading=\"lazy\" src=\"https:\/\/antalyatouristinformation.com\/de\/wp-content\/uploads\/sites\/10\/2024\/02\/What-should-Vitiligo-patients-pay-attention-to-768x512-1.jpg\" data-width=\"703\" data-height=\"469\" data-pinpro-key=\"71fe4bu6c\" style=\"aspect-ratio: auto 768 \/ 512\"><\/span><\/p>\n<h2 id=\"t-1694418481915\">Worauf sollten Vitiligo-Patienten achten?<\/h2>\n<p>Patienten mit Vitiligo sollten Vorkehrungen treffen, um <strong>Hautsch\u00e4den<\/strong> durch Faktoren wie Sonnenbrand, \u00fcberm\u00e4\u00dfiges Schrubben oder grobe Massagen zu vermeiden, und immer <strong>Sonnenschutz verwenden<\/strong> , um das Auftreten von Farbunterschieden zwischen normaler und betroffener Haut zu minimieren.<\/p>\n<p>Dar\u00fcber hinaus wird <strong>Personen, die in sonnigen Klimazonen leben,<\/strong> empfohlen , eine ausreichende Menge der Vitamine A, B und E in ihre Ern\u00e4hrung aufzunehmen, da diese Vitamine dazu beitragen k\u00f6nnen, die Haut vor Sonneneinstrahlung zu sch\u00fctzen. Dies kann durch die Aufnahme von Lebensmitteln, die reich an diesen Vitaminen sind, in die Ern\u00e4hrung erreicht werden.<\/p>\n<h2 data-hide=\"true\" id=\"t-1632401893497\" style=\"text-align: center\">Holen Sie sich eine kostenlose Beratung<\/h2>\n<p style=\"text-align: left\">Gerne sprechen wir \u00fcber Ihre Erwartungen. Sie k\u00f6nnen uns telefonisch oder per WhatsApp &nbsp; <a data-tcb_hover_state_parent=\"\" href=\"https:\/\/wa.me\/00905379778975\" target=\"_blank\" data-lt-tmp-id=\"lt-297952\" rel=\"noopener\">+90 537 977 89 75<\/a> , per E-Mail an <em><span>request@medclinics.com&nbsp;<\/span><\/em> oder \u00fcber das Kontaktformular kontaktieren.<a data-tcb_hover_state_parent=\"\" href=\"https:\/\/wa.me\/00905379778975\" target=\"_blank\" data-lt-tmp-id=\"lt-297952\" rel=\"noopener\"><\/a><em><span><\/span><\/em><\/p>\n<p style=\"text-align: left\">\n<p style=\"text-align: left\"><span>Hinweis:<\/span> Unsere Vertragskrankenh\u00e4user, Kliniken und \u00c4rzte werden sich bez\u00fcglich der von Ihnen gew\u00fcnschten Sch\u00f6nheitsbehandlung mit Ihnen in Verbindung setzen.&nbsp;<\/p>\n","protected":false},"excerpt":{"rendered":"<p>Vitiligo ist eine h\u00e4ufige Pigmentst\u00f6rung, von der Millionen Menschen weltweit betroffen sind und die an verschiedenen Stellen des K\u00f6rpers verf\u00e4rbte Hautflecken verursacht. W\u00e4hrend viele es als eine einzigartige Sch\u00f6nheit betrachten, kann es f\u00fcr andere eine k\u00f6rperliche und emotionale Herausforderung sein, damit zu leben. Die Region Antalya kann ein gro\u00dfartiges Ziel f\u00fcr die Behandlung von Vitiligo [&hellip;]<\/p>\n","protected":false},"author":6,"featured_media":15925,"parent":0,"menu_order":0,"comment_status":"closed","ping_status":"closed","template":"","meta":{"_acf_changed":false,"footnotes":""},"categories":[112],"tags":[],"class_list":["post-15924","page","type-page","status-publish","has-post-thumbnail","hentry","category-erneuerung-der-haut","post-wrapper","thrv_wrapper"],"acf":[],"wp-worthy-pixel":{"ignored":false,"public":null,"server":null,"url":null},"wp-worthy-type":"normal","_links":{"self":[{"href":"https:\/\/antalyatouristinformation.com\/de\/wp-json\/wp\/v2\/pages\/15924","targetHints":{"allow":["GET"]}}],"collection":[{"href":"https:\/\/antalyatouristinformation.com\/de\/wp-json\/wp\/v2\/pages"}],"about":[{"href":"https:\/\/antalyatouristinformation.com\/de\/wp-json\/wp\/v2\/types\/page"}],"author":[{"embeddable":true,"href":"https:\/\/antalyatouristinformation.com\/de\/wp-json\/wp\/v2\/users\/6"}],"replies":[{"embeddable":true,"href":"https:\/\/antalyatouristinformation.com\/de\/wp-json\/wp\/v2\/comments?post=15924"}],"version-history":[{"count":6,"href":"https:\/\/antalyatouristinformation.com\/de\/wp-json\/wp\/v2\/pages\/15924\/revisions"}],"predecessor-version":[{"id":16503,"href":"https:\/\/antalyatouristinformation.com\/de\/wp-json\/wp\/v2\/pages\/15924\/revisions\/16503"}],"wp:featuredmedia":[{"embeddable":true,"href":"https:\/\/antalyatouristinformation.com\/de\/wp-json\/wp\/v2\/media\/15925"}],"wp:attachment":[{"href":"https:\/\/antalyatouristinformation.com\/de\/wp-json\/wp\/v2\/media?parent=15924"}],"wp:term":[{"taxonomy":"category","embeddable":true,"href":"https:\/\/antalyatouristinformation.com\/de\/wp-json\/wp\/v2\/categories?post=15924"},{"taxonomy":"post_tag","embeddable":true,"href":"https:\/\/antalyatouristinformation.com\/de\/wp-json\/wp\/v2\/tags?post=15924"}],"curies":[{"name":"wp","href":"https:\/\/api.w.org\/{rel}","templated":true}]}}