{"id":15938,"date":"2024-02-06T11:49:03","date_gmt":"2024-02-06T10:49:03","guid":{"rendered":"https:\/\/antalyatouristinformation.com\/de\/?page_id=15938"},"modified":"2024-12-31T12:00:21","modified_gmt":"2024-12-31T11:00:21","slug":"cellulite-behandlung-in-antalya-tuerkei-beste-preise-klinken-2024","status":"publish","type":"page","link":"https:\/\/antalyatouristinformation.com\/de\/cellulite-behandlung-in-antalya-tuerkei-beste-preise-klinken-2024\/","title":{"rendered":"Cellulite-Behandlung in Antalya, T\u00fcrkei | Beste Preise &amp; Klinken"},"content":{"rendered":"<h3>Cellulite ist ein h\u00e4ufiges Hautproblem, das viele Menschen betrifft, insbesondere Frauen.&nbsp;<\/h3>\n<p>Wenn Sie zu den vielen Menschen geh\u00f6ren, die nach einer L\u00f6sung zur Reduzierung des Auftretens von Cellulite suchen, ist die Provinz Antalya m\u00f6glicherweise ein gro\u00dfartiges Reiseziel, um Ihren Urlaub mit einer Behandlung zu verbinden. Mit einem breiten Angebot an Cellulite-Behandlungen entwickelt sich Antalya schnell zu einem beliebten Reiseziel f\u00fcr diejenigen, die ihre Haut verbessern m\u00f6chten.&nbsp;<\/p>\n<p>In diesem Artikel behandeln wir alles, was Sie \u00fcber die Cellulite-Behandlung in Antalya wissen m\u00fcssen, einschlie\u00dflich was Sie erwartet, die Ursache von Cellulite und Dinge, die Sie beachten sollten.&nbsp;&nbsp;<\/p>\n<p><span><img decoding=\"async\" alt=\"\" data-id=\"12963\" width=\"703\" data-init-width=\"768\" height=\"469\" data-init-height=\"512\" title=\"Was-sind-die-Ursachen-der-Cellulite-Entstehung-768x512\" loading=\"lazy\" src=\"https:\/\/antalyatouristinformation.com\/de\/wp-content\/uploads\/sites\/10\/2024\/02\/What-are-the-causes-of-cellulite-formation-768x512-1.jpg\" data-width=\"703\" data-height=\"469\" data-pinpro-key=\"c7t23pbhj\" style=\"aspect-ratio: auto 768 \/ 512\"><\/span><\/p>\n<h2 id=\"t-1675253931855\">Was genau ist Cellulite?<\/h2>\n<p>Unter Cellulite versteht man ein gr\u00fcbchenartiges, orangenschalenartiges Erscheinungsbild auf der Haut, das durch Fettansammlungen im Unterhautgewebe verursacht wird. Dies macht sich besonders an den Beinen und H\u00fcften bemerkbar und tritt h\u00e4ufiger bei Frauen auf, da ihre Hautstruktur flexibler, fettiger und anf\u00e4lliger f\u00fcr Fettansammlungen ist.<\/p>\n<p>Dies liegt daran, dass die Bindegewebsb\u00e4nder, die die Fettzellen bei Frauen umgeben, vertikal verlaufen und locker sind, w\u00e4hrend sie bei M\u00e4nnern diagonal und h\u00e4ufiger und straffer verlaufen.<\/p>\n<h2 id=\"t-1675253931856\">Was verursacht Cellulite?<\/h2>\n<p>Es gibt mehrere Faktoren, die zur Entstehung von Cellulite beitragen, darunter eine sitzende Lebensweise, langes Sitzen und schlechte Ern\u00e4hrung. Dar\u00fcber hinaus k\u00f6nnen auch Faktoren wie genetische Veranlagung, hormonelle Ungleichgewichte und altersbedingte Ver\u00e4nderungen der Hautstruktur eine Rolle spielen.<\/p>\n<h2 id=\"t-1675253931857\">Wie kann durch Inaktivit\u00e4t verursachte Cellulite behandelt werden?<\/h2>\n<p>Zu den praktischen und wirksamen Methoden zur Bek\u00e4mpfung von Cellulite, die durch einen sitzenden Lebensstil verursacht wird, geh\u00f6ren medizinische Behandlungen mit speziellen Ger\u00e4ten, Cellulite-Massagetherapien, die Verbesserung der Durchblutung und Lymphdrainage durch h\u00e4usliche Pflege und Fl\u00fcssigkeitszufuhr sowie das Trinken von viel Wasser.<\/p>\n<h2 id=\"t-1675253931858\">Warum bekommen junge Menschen Cellulite?<\/h2>\n<p>Cellulite kann bei jungen Menschen aufgrund einer Kombination aus genetischer Veranlagung, Hautstruktur, Hautfarbe, Ern\u00e4hrungsgewohnheiten und hormonellen Bedingungen auftreten. Obwohl Cellulite nicht unbedingt altersbedingt ist, ist in den letzten Jahren ein Trend zu mehr F\u00e4llen von Cellulite bei j\u00fcngeren Generationen zu beobachten. Auch die Pubert\u00e4t mit ihren schnellen und unausgeglichenen hormonellen Ver\u00e4nderungen kann bei jungen Menschen zur Bildung von Cellulite f\u00fchren.<\/p>\n<p><span><img decoding=\"async\" alt=\"\" data-id=\"12964\" width=\"703\" data-init-width=\"768\" height=\"469\" data-init-height=\"512\" title=\"Kann-durch-eine-hormonelle-St\u00f6rung-verursachte-Cellulite-mit-medizinischen-Ger\u00e4ten-behandelt-werden-768x512\" loading=\"lazy\" src=\"https:\/\/antalyatouristinformation.com\/de\/wp-content\/uploads\/sites\/10\/2024\/02\/Can-cellulite-caused-by-hormonal-disorder-be-treated-with-medical-devices-768x512-1.jpg\" data-width=\"703\" data-height=\"469\" data-pinpro-key=\"4ir8quxix\" style=\"aspect-ratio: auto 768 \/ 512\"><\/span><\/p>\n<h2 id=\"t-1675253931859\">Was sind die Stufen der Cellulite-Klassifizierung?<\/h2>\n<p>Bevor Sie mit der Cellulite-Behandlung beginnen, ist es wichtig, dass ein Experte die Art Ihrer Cellulite beurteilt und einen entsprechenden Behandlungsplan ausw\u00e4hlt. Laut einer 2009 ver\u00f6ffentlichten Studie l\u00e4sst sich Cellulite in drei verschiedene Stufen einteilen:<\/p>\n<ul>\n<li><strong>Stufe 1 \u2013 Leicht:<\/strong> Diese Stufe der Cellulite gilt als mild und weist typischerweise eher ein welliges Aussehen als die charakteristische Orangenschalenstruktur auf.<\/li>\n<li><strong>Stufe 2 \u2013 M\u00e4\u00dfig:<\/strong> Diese Cellulite-Stufe wird in Bezug auf die Tiefe mit f\u00fcnf bis neun bewertet und hat eine Textur, die der Au\u00dfenkante von wei\u00dfem K\u00e4se \u00e4hnelt, die sich unbehandelt in eine Orangenschale verwandeln kann.<\/li>\n<li><strong>Stufe 3 \u2013 Schwerwiegend:<\/strong> Cellulite mit einer Tiefe von 10 oder mehr gilt als schwerwiegend und wirkt schlaff und ausgepr\u00e4gt.<\/li>\n<\/ul>\n<h2 id=\"t-1675253931860\">K\u00f6nnen medizinische Ger\u00e4te Cellulite behandeln, die durch hormonelle Ungleichgewichte verursacht wird?<\/h2>\n<p>Unter \u00e4rztlicher Anleitung kann die Cellulite-Behandlung in Verbindung mit einer Hormontherapie oder als Folgebehandlung zu anderen Behandlungen eingesetzt werden. Dies kann dazu beitragen, das Erscheinungsbild der Orangenhaut zu beseitigen und die Bildung neuer Cellulite aufgrund anderer Faktoren zu verhindern.<\/p>\n<p><span><img decoding=\"async\" alt=\"\" data-id=\"12965\" width=\"703\" data-init-width=\"768\" height=\"469\" data-init-height=\"512\" title=\"Was-nach-der-Cellulite-Behandlung-zu-bedenken-768x512\" loading=\"lazy\" src=\"https:\/\/antalyatouristinformation.com\/de\/wp-content\/uploads\/sites\/10\/2024\/02\/Things-to-consider-after-cellulite-treatment-768x512-1.jpg\" data-width=\"703\" data-height=\"469\" data-pinpro-key=\"51gyxf72m\" style=\"aspect-ratio: auto 768 \/ 512\"><\/span><\/p>\n<h2 id=\"t-1675253931861\">Welche Methoden werden bei der Cellulite-Behandlung angewendet?<\/h2>\n<p>Bei der Cellulite-Behandlung kommen <strong>drei verschiedene Methoden<\/strong> zum Einsatz. Alle drei Methoden zeigen bereits nach wenigen Sitzungen eine Verbesserung der Haut und die Ergebnisse <strong>k\u00f6nnen <\/strong><strong>bis zu sechs Monate anhalten.<\/strong><\/p>\n<ul>\n<li><strong>Die erste Methode<\/strong> ist eine Kombination aus Gewebemassage, Radiofrequenztechnologie und Infrarotlicht.<\/li>\n<li><strong>Die zweite Methode<\/strong> beinhaltet eine Kombination aus Diodenlaserenergie und Gewebemassage und ist die beliebteste.<\/li>\n<li><strong>Bei der dritten Methode<\/strong> wird Radiofrequenz gleichzeitig sowohl in der Tiefe als auch auf der Oberfl\u00e4che eingesetzt.<\/li>\n<\/ul>\n<h2 id=\"t-1675253931862\">Ist die Cellulite-Behandlung wirksam?<\/h2>\n<p>Die Cellulite-Behandlung mit medizinischen Ger\u00e4ten hat sich als erfolgreich erwiesen und wird von den Patienten positiv bewertet.<\/p>\n<h2 id=\"t-1675253931863\">Wie viele Sitzungen sind f\u00fcr die Cellulite-Behandlung erforderlich?<\/h2>\n<p>Die Anzahl der erforderlichen Sitzungen kann je nach Grad der Cellulite variieren, in der Regel reichen jedoch <strong>4 bis 6 Sitzungen aus, um das gew\u00fcnschte Ergebnis zu erzielen.<\/strong><\/p>\n<h2 id=\"t-1675253931864\">Kann Cellulite vollst\u00e4ndig entfernt werden?<\/h2>\n<p>Obwohl es m\u00f6glicherweise nicht m\u00f6glich ist, Cellulite vollst\u00e4ndig zu beseitigen, kann sie <strong>reduziert<\/strong> und weniger auff\u00e4llig gemacht werden.<\/p>\n<p><span><img decoding=\"async\" alt=\"\" data-id=\"12966\" width=\"703\" data-init-width=\"768\" height=\"469\" data-init-height=\"512\" title=\"Wird-Cellulite-vollst\u00e4ndig-verschwinden-768x512\" loading=\"lazy\" src=\"https:\/\/antalyatouristinformation.com\/de\/wp-content\/uploads\/sites\/10\/2024\/02\/Will-cellulite-disappear-completely-768x512-1.jpg\" data-width=\"703\" data-height=\"469\" data-pinpro-key=\"39edtlzc8\" style=\"aspect-ratio: auto 768 \/ 512\"><\/span><\/p>\n<h2 id=\"t-1675253931865\">Was ist nach einer Cellulite-Behandlung zu beachten?<\/h2>\n<ul>\n<li>Steigern Sie Ihre Fl\u00fcssigkeitszufuhr, indem Sie t\u00e4glich mindestens 2 Liter Wasser trinken<\/li>\n<li>Integrieren Sie Cellulite-Massage und Trockenb\u00fcrsten in Ihre Routine, um zus\u00e4tzliche Vorteile zu erzielen<\/li>\n<li>Reduzieren Sie den Konsum von Getr\u00e4nken wie Tee, Kaffee und Cola und meiden Sie Zucker und verarbeitete Lebensmittel<\/li>\n<li>Nehmen Sie gr\u00fcnes Gem\u00fcse in Ihre Ern\u00e4hrung auf und erw\u00e4gen Sie die Einnahme von Vitamin- und Mineralstoffpr\u00e4paraten<\/li>\n<li>Bet\u00e4tigen Sie sich t\u00e4glich k\u00f6rperlich, beispielsweise durch einen Spaziergang.<\/li>\n<\/ul>\n<h2 data-hide=\"true\" id=\"t-1632401893497\" style=\"text-align: center\">Holen Sie sich eine kostenlose Beratung<\/h2>\n<p style=\"text-align: left\">Gerne sprechen wir \u00fcber Ihre Erwartungen. Sie k\u00f6nnen uns telefonisch oder per WhatsApp &nbsp; <a data-tcb_hover_state_parent=\"\" href=\"https:\/\/wa.me\/00905379778975\" target=\"_blank\" data-lt-tmp-id=\"lt-297952\" rel=\"noopener\">+90 537 977 89 75<\/a> , per E-Mail an <em><span>request@medclinics.com&nbsp;<\/span><\/em> oder \u00fcber das Kontaktformular kontaktieren.<a data-tcb_hover_state_parent=\"\" href=\"https:\/\/wa.me\/00905379778975\" target=\"_blank\" data-lt-tmp-id=\"lt-297952\" rel=\"noopener\"><\/a><em><span><\/span><\/em><\/p>\n<p style=\"text-align: left\">\n<p style=\"text-align: left\"><span>Hinweis:<\/span> Unsere Vertragskrankenh\u00e4user, Kliniken und \u00c4rzte werden sich bez\u00fcglich der von Ihnen gew\u00fcnschten Sch\u00f6nheitsbehandlung mit Ihnen in Verbindung setzen.&nbsp;<\/p>\n","protected":false},"excerpt":{"rendered":"<p>Cellulite ist ein h\u00e4ufiges Hautproblem, das viele Menschen betrifft, insbesondere Frauen.&nbsp; Wenn Sie zu den vielen Menschen geh\u00f6ren, die nach einer L\u00f6sung zur Reduzierung des Auftretens von Cellulite suchen, ist die Provinz Antalya m\u00f6glicherweise ein gro\u00dfartiges Reiseziel, um Ihren Urlaub mit einer Behandlung zu verbinden. Mit einem breiten Angebot an Cellulite-Behandlungen entwickelt sich Antalya schnell [&hellip;]<\/p>\n","protected":false},"author":6,"featured_media":15939,"parent":0,"menu_order":0,"comment_status":"closed","ping_status":"closed","template":"","meta":{"_acf_changed":false,"footnotes":""},"categories":[112],"tags":[],"class_list":["post-15938","page","type-page","status-publish","has-post-thumbnail","hentry","category-erneuerung-der-haut","post-wrapper","thrv_wrapper"],"acf":[],"wp-worthy-pixel":{"ignored":false,"public":null,"server":null,"url":null},"wp-worthy-type":"normal","_links":{"self":[{"href":"https:\/\/antalyatouristinformation.com\/de\/wp-json\/wp\/v2\/pages\/15938","targetHints":{"allow":["GET"]}}],"collection":[{"href":"https:\/\/antalyatouristinformation.com\/de\/wp-json\/wp\/v2\/pages"}],"about":[{"href":"https:\/\/antalyatouristinformation.com\/de\/wp-json\/wp\/v2\/types\/page"}],"author":[{"embeddable":true,"href":"https:\/\/antalyatouristinformation.com\/de\/wp-json\/wp\/v2\/users\/6"}],"replies":[{"embeddable":true,"href":"https:\/\/antalyatouristinformation.com\/de\/wp-json\/wp\/v2\/comments?post=15938"}],"version-history":[{"count":6,"href":"https:\/\/antalyatouristinformation.com\/de\/wp-json\/wp\/v2\/pages\/15938\/revisions"}],"predecessor-version":[{"id":16479,"href":"https:\/\/antalyatouristinformation.com\/de\/wp-json\/wp\/v2\/pages\/15938\/revisions\/16479"}],"wp:featuredmedia":[{"embeddable":true,"href":"https:\/\/antalyatouristinformation.com\/de\/wp-json\/wp\/v2\/media\/15939"}],"wp:attachment":[{"href":"https:\/\/antalyatouristinformation.com\/de\/wp-json\/wp\/v2\/media?parent=15938"}],"wp:term":[{"taxonomy":"category","embeddable":true,"href":"https:\/\/antalyatouristinformation.com\/de\/wp-json\/wp\/v2\/categories?post=15938"},{"taxonomy":"post_tag","embeddable":true,"href":"https:\/\/antalyatouristinformation.com\/de\/wp-json\/wp\/v2\/tags?post=15938"}],"curies":[{"name":"wp","href":"https:\/\/api.w.org\/{rel}","templated":true}]}}