{"id":15954,"date":"2024-02-06T11:54:48","date_gmt":"2024-02-06T10:54:48","guid":{"rendered":"https:\/\/antalyatouristinformation.com\/de\/?page_id=15954"},"modified":"2024-12-31T12:03:00","modified_gmt":"2024-12-31T11:03:00","slug":"laser-haarentfernung-in-antalya-tuerkei-beste-kliniken-tipps-preise-2024","status":"publish","type":"page","link":"https:\/\/antalyatouristinformation.com\/de\/laser-haarentfernung-in-antalya-tuerkei-beste-kliniken-tipps-preise-2024\/","title":{"rendered":"Laser Haarentfernung in Antalya, T\u00fcrkei | Beste Kliniken, Tipps &amp; Preise"},"content":{"rendered":"<h3>Die Laser-Haarentfernung ist eine beliebte kosmetische Behandlung, die eine dauerhafte L\u00f6sung f\u00fcr unerw\u00fcnschte Haare bietet. Wenn Sie sich einer Laser-Haarentfernungsbehandlung unterziehen m\u00f6chten, ist Antalya in der T\u00fcrkei ein hervorragendes Reiseziel.&nbsp;<\/h3>\n<p>Mit seinen erstklassigen Einrichtungen und hochqualifizierten Fachkr\u00e4ften hat sich Antalya als Zentrum f\u00fcr kosmetische Behandlungen, einschlie\u00dflich Laser-Haarentfernung, etabliert.<\/p>\n<p>In diesem Artikel erfahren Sie alles, was Sie \u00fcber Laser-Haarentfernungsbehandlungen in Antalya wissen m\u00fcssen, von dem, was Sie w\u00e4hrend des Eingriffs erwartet, bis hin zu den verschiedenen verf\u00fcgbaren Arten der Laser-Haarentfernung.&nbsp;<\/p>\n<p>Lass uns anfangen!<\/p>\n<p><span><img decoding=\"async\" alt=\"\" data-id=\"12941\" width=\"703\" data-init-width=\"768\" height=\"469\" data-init-height=\"512\" title=\"Rubin-Laserbehandlung-in-Istanbul-T\u00fcrkei-768x512\" loading=\"lazy\" src=\"https:\/\/antalyatouristinformation.com\/de\/wp-content\/uploads\/sites\/10\/2024\/02\/Ruby-Laser-Treatment-in-Istanbul-Turkey-768x512-1.jpg\" data-width=\"703\" data-height=\"469\" data-pinpro-key=\"csmwv3ti4\" style=\"aspect-ratio: auto 768 \/ 512\"><\/span><\/p>\n<h2 id=\"t-1675234288847\">Was ist Laser-Haarentfernung?<\/h2>\n<p>Bei der Laser-Haarentfernung handelt es sich um ein Verfahren, bei dem <strong>Haare mithilfe von Laserstrahlen dauerhaft entfernt werden.<\/strong> Der Laser zielt auf das Pigment in der Haarwurzel und zerst\u00f6rt es und die n\u00e4hrenden Gef\u00e4\u00dfe, ohne die umliegende Haut zu sch\u00e4digen.<\/p>\n<p>Diese Methode wird <strong>anderen vorgezogen, da sie zu einer dauerhaften<\/strong> Haarentfernung f\u00fchrt und im Vergleich zu herk\u00f6mmlichen Methoden schmerzfreier ist. Der Schwerpunkt der Laser-Haarentfernung liegt auf <strong>der Entfernung der Haarwurzel<\/strong> , nicht nur des Haares selbst, und sie kann sowohl bei M\u00e4nnern als auch bei Frauen durchgef\u00fchrt werden.&nbsp;<\/p>\n<h2 id=\"t-1675234288848\">Arten von Laser-Haarentfernungsbehandlungen<\/h2>\n<p>Es gibt verschiedene Arten der Laser-Haarentfernung. Werfen wir einen Blick auf die beliebtesten davon und f\u00fcr wen sie am besten geeignet sind:<\/p>\n<h3>1. Rubinlaser<\/h3>\n<p>Mit einer Wellenl\u00e4nge von <strong>694 nm<\/strong> ist dieser Lasertyp <strong>effizient zur Behandlung kurzer Haare.<\/strong> Es funktioniert <strong>am besten bei helleren Hautt\u00f6nen<\/strong> und eignet sich f\u00fcr Bereiche wie die Oberlippe.<\/p>\n<h3>2. Alexandrit-Laser<\/h3>\n<p>Der Alexandrit-Laser arbeitet mit einer Wellenl\u00e4nge <strong>von 755 nm<\/strong> und ist somit sicher f\u00fcr das umliegende Gewebe. Der gro\u00dfe Kopf erm\u00f6glicht eine schnelle Behandlung <strong>gro\u00dfer Fl\u00e4chen und verk\u00fcrzt die Sitzungszeiten<\/strong> . Es ist f\u00fcr <strong>hellere Hautt\u00f6ne mit dunklem Haar<\/strong> geeignet und verursacht aufgrund seines hohen K\u00fchlsystems keine Schmerzen. Der Alexandrite-Laser entfernt unerw\u00fcnschte Haare effektiv, da er Melanin gut erkennt und ihm so einen Vorteil bei der Behandlung hellerer Hautt\u00f6ne verschafft.<\/p>\n<h3>3. Diodenlaser<\/h3>\n<p>&nbsp;Der Diodenlaser arbeitet mit einer Wellenl\u00e4nge <strong>von 800 nm<\/strong> und entfernt effektiv <strong>feine H\u00e4rchen.<\/strong> Es erfordert ein k\u00fchlendes Gel, da es aus n\u00e4chster N\u00e4he auf die Haut schie\u00dft. Es kann bei <strong>allen Hauttypen<\/strong> angewendet werden und zielt auch auf <strong>eingewachsene Haarfollikel<\/strong> ab . Dar\u00fcber hinaus ist es verstellbar, so dass es auch bei <strong>dunkleren Hautt\u00f6nen<\/strong> sicher verwendet werden kann, ohne Sch\u00e4den zu verursachen.<\/p>\n<h3>4. Nd:YAG-Laser<\/h3>\n<p>Dieser Lasertyp ist <strong>sowohl f\u00fcr helle als auch f\u00fcr dunkle Hautt\u00f6ne<\/strong> wirksam , ist jedoch im Vergleich zu den anderen <strong>schmerzhafter<\/strong> . Es arbeitet mit einer Wellenl\u00e4nge von <strong>1064<\/strong> nm und ist aufgrund seiner Spitze mit gro\u00dfem Durchmesser und der langen Impulszeit effizient f\u00fcr <strong>helle und d\u00fcnne Haare .<\/strong><\/p>\n<p><span><img decoding=\"async\" alt=\"\" data-id=\"12942\" width=\"703\" data-init-width=\"768\" height=\"469\" data-init-height=\"512\" title=\"Wer-kann-Laser-Haarentfernung-haben-768x512\" loading=\"lazy\" src=\"https:\/\/antalyatouristinformation.com\/de\/wp-content\/uploads\/sites\/10\/2024\/02\/Who-Can-Have-Laser-Hair-Removal-768x512-1.jpg\" data-width=\"703\" data-height=\"469\" data-pinpro-key=\"42pgumgzw\" style=\"aspect-ratio: auto 768 \/ 512\"><\/span><\/p>\n<h2 id=\"t-1675234288849\">Welche K\u00f6rperteile k\u00f6nnen mit der Laser-Haarentfernung behandelt werden?<\/h2>\n<p>Die Laser-Haarentfernung kann <strong>bei allen K\u00f6rperhaaren mit Ausnahme der Augenh\u00f6hle und des Ohrlochs sicher durchgef\u00fchrt werden.<\/strong> Zu den geeigneten Bereichen geh\u00f6ren Achselh\u00f6hlen, Bikinizone, Genitalbereich, Beine, Arme, Brust, R\u00fccken, Nacken, Gesicht, Schnurrbart und Kinn. Der Eingriff sollte im Gesichtsbereich mit besonderer Vorsicht durchgef\u00fchrt werden.<\/p>\n<h2 id=\"t-1675234288850\">Wie lange dauert jede Laser-Haarentfernungssitzung?<\/h2>\n<p>Die Dauer der Laser-Haarentfernung <strong>variiert je nach Ger\u00e4t und behandeltem K\u00f6rperbereich.<\/strong> Dank der Fortschritte in der Technologie kann die Oberlippe in etwa 1 Minute und beide Achselh\u00f6hlen in 2\u20133 Minuten behandelt werden. Eine vollst\u00e4ndige Haarentfernung am Bein kann 40\u201345 Minuten dauern, w\u00e4hrend die Haarentfernung am R\u00fccken in etwa 40 Minuten abgeschlossen sein kann.<\/p>\n<p>W\u00e4hrend des Eingriffs ist das <strong>Tragen einer Spezialbrille<\/strong> erforderlich , um die Augen vor Laserlicht zu sch\u00fctzen.&nbsp;<\/p>\n<h2 id=\"t-1675234288851\">Wie viele Sitzungen zur Laser-Haarentfernung sind erforderlich?<\/h2>\n<p>Die Anzahl der Sitzungen, die f\u00fcr eine wirksame Laser-Haarentfernung erforderlich sind, <strong>variiert von Person zu Person und h\u00e4ngt<\/strong> von der k\u00f6rperlichen und hormonellen Struktur, der Haut- und Haarfarbe sowie der H\u00e4rte des behandelten Haares ab. Bereiche wie Achselh\u00f6hlen, Unterschenkel und Bikinizone erfordern m\u00f6glicherweise 4 bis 8 Sitzungen, w\u00e4hrend f\u00fcr Gesicht, Arme und R\u00fccken 6 bis 12 Sitzungen erforderlich sein k\u00f6nnen.<\/p>\n<h2 id=\"t-1675234288852\">Welche Haarfarben k\u00f6nnen mit der Laser-Haarentfernung behandelt werden?<\/h2>\n<p>Die Laser-Haarentfernung ist <strong>bei dunklem Haar am effektivsten,<\/strong> da die verwendete Lichtwellenl\u00e4nge von dunklem Haar absorbiert wird. Derzeit gibt es keinen Laser, der gelbe oder wei\u00dfe Haare dauerhaft entfernen kann.<\/p>\n<h2 id=\"t-1675234288853\"><span style=\"color: var(--tcb-skin-color-4);font-weight: var(--g-bold-weight,bold)\">Ist die Laser-Haarentfernung f\u00fcr den Sommer geeignet?<\/span><\/h2>\n<p>Die Sonneneinstrahlung im Sommer kann die Haut empfindlich machen und sie f\u00fcr die Laser-Haarentfernung weniger geeignet machen. Durch die Verwendung von hochwirksamen Sonnenschutzmitteln und Nd-YAG-Lasern kann der Eingriff jedoch trotzdem durchgef\u00fchrt werden.<\/p>\n<p><span><img decoding=\"async\" alt=\"\" data-id=\"12943\" width=\"703\" data-init-width=\"768\" height=\"469\" data-init-height=\"512\" title=\"Kann-die-Laser-Haarentfernung-im-Sommer-durchgef\u00fchrt-werden-768x512\" loading=\"lazy\" src=\"https:\/\/antalyatouristinformation.com\/de\/wp-content\/uploads\/sites\/10\/2024\/02\/Can-Laser-Hair-Removal-Be-Done-In-the-Summer-768x512-1.jpg\" data-width=\"703\" data-height=\"469\" data-pinpro-key=\"7j2miwrh4\" style=\"aspect-ratio: auto 768 \/ 512\"><\/span><\/p>\n<h2 id=\"t-1675234288854\">Ist das Ergebnis der Laser-Haarentfernung dauerhaft?<\/h2>\n<p>Die Laser-Haarentfernung <strong>bietet schnelle und langanhaltende Ergebnisse.<\/strong> Nach Abschluss der Sitzungen werden die unerw\u00fcnschten Haare dauerhaft entfernt. Der Laserstrahl verbrennt die Haarfollikel und verhindert so ein zuk\u00fcnftiges Wachstum. Es ist wichtig, Experten mit der richtigen Ausr\u00fcstung zu suchen, um die Wirksamkeit, Langlebigkeit und Sicherheit des Verfahrens zu gew\u00e4hrleisten.<\/p>\n<h2 id=\"t-1675234288855\">Was sind die m\u00f6glichen Nebenwirkungen der Laser-Haarentfernung?<\/h2>\n<p id=\"t-1675234288856\"><span style=\"color: var(--tcb-skin-color-4);font-weight: var(--g-regular-weight,normal);font-size: 18px\">Bei empfindlicher Haut kann es nach der Behandlung einige Tage lang zu R\u00f6tungen kommen, diese sollten jedoch schnell abklingen und die t\u00e4glichen Aktivit\u00e4ten nicht beeintr\u00e4chtigen. Durch den Eingriff k\u00f6nnen einige Probleme entstehen, aber es h\u00e4ngt von der Klinik und ihrem geschulten Personal ab, m\u00f6gliche Probleme zu l\u00f6sen.<\/span><\/p>\n<h2 id=\"t-1675234288857\"><span style=\"color: var(--tcb-skin-color-4);font-weight: var(--g-bold-weight,bold)\">F\u00fcr wen ist eine Laser-Haarentfernungsbehandlung geeignet?&nbsp;<\/span><\/h2>\n<p>Das <strong>ideale Alter, um mit der<\/strong> Laser-Haarentfernung zu beginnen, liegt normalerweise zwischen <strong>16 und 17 Jahren<\/strong> , wenn der Haarwuchs gut entwickelt ist. Die endg\u00fcltige Entscheidung h\u00e4ngt jedoch von den pers\u00f6nlichen Vorlieben ab und kann <strong>von Person zu Person unterschiedlich sein<\/strong> .<\/p>\n<p>Dar\u00fcber hinaus h\u00e4ngt die Eignung f\u00fcr eine Laser-Haarentfernung von der <strong>Menstruationsgeschichte der Person ab.<\/strong> Im Allgemeinen wird empfohlen, mit der Behandlung zu warten, bis die Person zwei Jahre lang regelm\u00e4\u00dfig ihre Periode hatte.&nbsp;<\/p>\n<p><span><img decoding=\"async\" alt=\"\" data-id=\"12944\" width=\"703\" data-init-width=\"768\" height=\"469\" data-init-height=\"512\" title=\"Was-vor-der-Laser-Haarentfernung-zu-bedenken-768x512\" loading=\"lazy\" src=\"https:\/\/antalyatouristinformation.com\/de\/wp-content\/uploads\/sites\/10\/2024\/02\/Things-to-Consider-Before-Laser-Hair-Removal-768x512-1.jpg\" data-width=\"703\" data-height=\"469\" data-pinpro-key=\"5yaon9fnn\" style=\"aspect-ratio: auto 768 \/ 512\"><\/span><\/p>\n<h2 id=\"t-1675234288858\">Was ist vor der Laser-Haarentfernung zu beachten?&nbsp;<\/h2>\n<p><strong>Wenden Sie einen Monat vor Beginn der&nbsp;<\/strong> Laser-Haarentfernung keine anderen Haarentfernungsmethoden an&nbsp; und lassen Sie das Haar ein wenig wachsen. Abh\u00e4ngig von der Art des Lasers rasieren Sie Ihre Haare am Tag vor der Laserbehandlung oder am selben Tag mit einem Rasiermesser, um sich auf den Eingriff vorzubereiten.<\/p>\n<p>Bedenken Sie, dass die Br\u00e4unung in der Sonne oder im Solarium die Wirksamkeit des Lasers schw\u00e4cht. Verzichten Sie vor Terminen zur Laser-Haarentfernung auf die Verwendung von Produkten wie Cremes oder \u00d6len.<\/p>\n<h2 id=\"t-1675234288859\">Was ist nach der Laser-Haarentfernung zu beachten?<\/h2>\n<p><span style=\"color: var(--tcb-skin-color-4);font-weight: var(--g-regular-weight,normal)\">Vermeiden Sie es, die behandelte Stelle der Sonne auszusetzen, solange sie noch rot ist. Beeintr\u00e4chtigen Sie nicht das Haarwachstum im behandelten Bereich. Vermeiden Sie Schwitzen im behandelten Bereich. Vermeiden Sie die Verwendung w\u00e4rmeerzeugender Ger\u00e4te wie hei\u00dfes Wasser, Peelings und Haartrockner.<\/span><\/p>\n<h2 data-hide=\"true\" id=\"t-1632401893497\" style=\"text-align: center\">Holen Sie sich eine kostenlose Beratung<\/h2>\n<p style=\"text-align: left\">Gerne sprechen wir \u00fcber Ihre Erwartungen. Sie k\u00f6nnen uns telefonisch oder per WhatsApp &nbsp; <a data-tcb_hover_state_parent=\"\" href=\"https:\/\/wa.me\/00905379778975\" target=\"_blank\" data-lt-tmp-id=\"lt-297952\" rel=\"noopener\">+90 537 977 89 75<\/a> , per E-Mail an <em><span>request@medclinics.com&nbsp;<\/span><\/em> oder \u00fcber das Kontaktformular kontaktieren.<a data-tcb_hover_state_parent=\"\" href=\"https:\/\/wa.me\/00905379778975\" target=\"_blank\" data-lt-tmp-id=\"lt-297952\" rel=\"noopener\"><\/a><em><span><\/span><\/em><\/p>\n<p style=\"text-align: left\">\n<p style=\"text-align: left\"><span>Hinweis:<\/span> Unsere Vertragskrankenh\u00e4user, Kliniken und \u00c4rzte werden sich bez\u00fcglich der von Ihnen gew\u00fcnschten Sch\u00f6nheitsbehandlung mit Ihnen in Verbindung setzen.&nbsp;<\/p>\n","protected":false},"excerpt":{"rendered":"<p>Die Laser-Haarentfernung ist eine beliebte kosmetische Behandlung, die eine dauerhafte L\u00f6sung f\u00fcr unerw\u00fcnschte Haare bietet. Wenn Sie sich einer Laser-Haarentfernungsbehandlung unterziehen m\u00f6chten, ist Antalya in der T\u00fcrkei ein hervorragendes Reiseziel.&nbsp; Mit seinen erstklassigen Einrichtungen und hochqualifizierten Fachkr\u00e4ften hat sich Antalya als Zentrum f\u00fcr kosmetische Behandlungen, einschlie\u00dflich Laser-Haarentfernung, etabliert. In diesem Artikel erfahren Sie alles, was [&hellip;]<\/p>\n","protected":false},"author":6,"featured_media":15957,"parent":0,"menu_order":0,"comment_status":"closed","ping_status":"closed","template":"","meta":{"_acf_changed":false,"footnotes":""},"categories":[111],"tags":[],"class_list":["post-15954","page","type-page","status-publish","has-post-thumbnail","hentry","category-schoenheitsbehandlungen","post-wrapper","thrv_wrapper"],"acf":[],"wp-worthy-pixel":{"ignored":false,"public":null,"server":null,"url":null},"wp-worthy-type":"normal","_links":{"self":[{"href":"https:\/\/antalyatouristinformation.com\/de\/wp-json\/wp\/v2\/pages\/15954","targetHints":{"allow":["GET"]}}],"collection":[{"href":"https:\/\/antalyatouristinformation.com\/de\/wp-json\/wp\/v2\/pages"}],"about":[{"href":"https:\/\/antalyatouristinformation.com\/de\/wp-json\/wp\/v2\/types\/page"}],"author":[{"embeddable":true,"href":"https:\/\/antalyatouristinformation.com\/de\/wp-json\/wp\/v2\/users\/6"}],"replies":[{"embeddable":true,"href":"https:\/\/antalyatouristinformation.com\/de\/wp-json\/wp\/v2\/comments?post=15954"}],"version-history":[{"count":6,"href":"https:\/\/antalyatouristinformation.com\/de\/wp-json\/wp\/v2\/pages\/15954\/revisions"}],"predecessor-version":[{"id":16489,"href":"https:\/\/antalyatouristinformation.com\/de\/wp-json\/wp\/v2\/pages\/15954\/revisions\/16489"}],"wp:featuredmedia":[{"embeddable":true,"href":"https:\/\/antalyatouristinformation.com\/de\/wp-json\/wp\/v2\/media\/15957"}],"wp:attachment":[{"href":"https:\/\/antalyatouristinformation.com\/de\/wp-json\/wp\/v2\/media?parent=15954"}],"wp:term":[{"taxonomy":"category","embeddable":true,"href":"https:\/\/antalyatouristinformation.com\/de\/wp-json\/wp\/v2\/categories?post=15954"},{"taxonomy":"post_tag","embeddable":true,"href":"https:\/\/antalyatouristinformation.com\/de\/wp-json\/wp\/v2\/tags?post=15954"}],"curies":[{"name":"wp","href":"https:\/\/api.w.org\/{rel}","templated":true}]}}