{"id":1597,"date":"2021-03-25T21:46:33","date_gmt":"2021-03-25T20:46:33","guid":{"rendered":"https:\/\/antalyatouristinformation.com\/clone4639485xzhehsskdjfhhdhebdkkekdeewsd4545gdfgm\/shopping\/clone-of-shopping-center-de\/"},"modified":"2023-05-03T09:53:43","modified_gmt":"2023-05-03T07:53:43","slug":"einkaufszentrum","status":"publish","type":"page","link":"https:\/\/antalyatouristinformation.com\/de\/shopping\/einkaufszentrum\/","title":{"rendered":"11 Einkaufszentren in der Provinz Antalya"},"content":{"rendered":"<p>Hier findet ihr die besten Shoppingmalls von der Provinz Antalya.<\/p>\n<p>Antalya ist eine Gro\u00dfstadt mit \u00fcber 2,5 Millionen Einwohnern. Nat\u00fcrlich gibt es auch dementsprechend viele Shoppingmalls.<\/p>\n<p>In der T\u00fcrkei werden allgemein viel mehr Einkaufszentren gebaut als in Deutschland.<\/p>\n<p>Wir haben die 11 interessantesten und besten Shoppingmalls von Antalya und Umgebung f\u00fcr euch zusammengestellt.<\/p>\n<p>Am Ende des Artikels ist noch eine Karte zur leichteren Orientierung.<\/p>\n<h2 id=\"t-1619620698954\">1. Mall of Antalya<\/h2>\n<p><span><img decoding=\"async\" alt=\"Mall of Antalya in Turkey (Editorial)\" data-id=\"2131\" width=\"702\" data-init-width=\"1000\" height=\"468\" data-init-height=\"667\" title=\"Mall of Antalya in Turkey (Editorial)\" loading=\"lazy\" src=\"\/\/antalyatouristinformation.com\/de\/wp-content\/uploads\/sites\/10\/2021\/04\/Mall-of-Antalya-in-Turkey.jpg\" data-width=\"702\" data-height=\"468\" data-pinpro-key=\"pmnfe9bwt\" data-pin-media=\"https:\/\/antalyatouristinformation.com\/de\/wp-content\/uploads\/sites\/10\/2021\/06\/prag_50_sehenswuerdigkeiten_pinterest-32.jpg\" data-pin-description=\"11 Best Shopping Centers in Antalya [Malls and Outlets] | Antalya Tourist Information\" data-pin-url=\"https:\/\/antalyatouristinformation.com\/de\/shopping\/einkaufszentrum\/?tve=true&amp;tcbf=8725dc74fb\"><\/span><\/p>\n<p>Die Mall of Antalya liegt in der N\u00e4he des <a href=\"https:\/\/antalyatouristinformation.com\/de\/plan\/antalya-flughafen\/\">Flughafens Antalya<\/a>. Mit der Stra\u00dfenbahn oder dem Bus kommt ihr bequem dorthin. Anfang 2016 wurde mit dem Bau begonnen und bereits 2017 konnte die Shoppingmall er\u00f6ffnet werden. Die Mall of Antalya ist eines des gr\u00f6\u00dften Einkaufs- und Unterhaltungszentren im Mittelmeerraum. &nbsp;<\/p>\n<p>Der Komplex ist zweist\u00f6ckig. Die einzelnen Etagen sind modern und hell dekoriert. Durch das gew\u00f6lbte Glasdach f\u00e4llt Tageslicht auf das Atrium, das von den ger\u00e4umigen Korridoren beider Etagen oval-f\u00f6rmig umschlossen ist.<\/p>\n<p>Hier findet ihr <strong>144 Gesch\u00e4fte<\/strong> mit internationalen und t\u00fcrkischen Marken, unter anderem ist hier Antalyas gr\u00f6\u00dfte Filiale von H&amp;M, LCW und De Facto.<\/p>\n<p>Mit 1.600 m2 verf\u00fcgt die Mall of Antalya \u00fcber einen der <strong>gr\u00f6\u00dften Indoor-Spielpl\u00e4tze<\/strong>. Hier gibt es Unterhaltung f\u00fcr Kinder aller Altersklassen.<\/p>\n<p>Der <strong>Kinokomplex <\/strong>hat 11 Vorstellungsr\u00e4ume und Platz f\u00fcr 2.200 Zuschauer. Er ist einer der gr\u00f6\u00dften in der T\u00fcrkei.<\/p>\n<p>In der riesigen Food-Hall gibt es nationale und internationale Marken. T\u00fcrkische Hausmannsk\u00fcche wird ebenso angeboten wie Fast-Food. Nat\u00fcrlich gibt es auch eine Zweigstelle von Starbucks.<\/p>\n<h2 id=\"t-1619620698955\">2. Deepo Outlet<\/h2>\n<p>Direkt gegen\u00fcber dem Flughafen von Antalya und ganz in der N\u00e4he der Antalya Mall liegt das Deepo Outlet. Auf einer Fl\u00e4che von \u00fcber 18.000 Quadratmetern bieten hier <strong>90 bekannte Marken<\/strong> ihre Waren zu erm\u00e4\u00dfigten Preisen an. Hier gibt es haupts\u00e4chlich t\u00fcrkische Marken.<\/p>\n<p>Das Deepo Outlet eignet sich gut, um die Wartezeit bis zu eurem Abflug zu verk\u00fcrzen. Es gibt in dem Einkaufszentrum Flug-Informationstafeln, auf denen ihr den aktuellen Status der Fl\u00fcge sehen k\u00f6nnt.&nbsp;<\/p>\n<p>Falls ihr Hunger bekommt, k\u00f6nnt ihr in eines der <strong>15 Caf\u00e9s und Restaurants<\/strong> gehen. Wer sehr viel Zeit hat, besucht eines der 5 Kinos. F\u00fcr Kinder gibt es einen Vergn\u00fcgungspark.<\/p>\n<h2 id=\"t-1619620698956\">3. Terra City<\/h2>\n<p>Das Terra City Einkaufszentrum liegt zwischen der <a href=\"https:\/\/antalyatouristinformation.com\/de\/sehenswurdigkeiten\/geschichte\/antalya-kaleici\/\">Altstadt Kalei\u00e7i<\/a> und dem <a href=\"https:\/\/antalyatouristinformation.com\/de\/sehenswurdigkeiten\/strand\/lara\/\">Strand Lara. <\/a>Ihr k\u00f6nnt mit den Bussen KL08, LC73, LF09, TC93 und TL 94 zu der Shoppingmall fahren. Die Haltestelle hei\u00dft Terracity AVM.<\/p>\n<p>In dem modern und freundlich gestalteten Einkaufszentrum gibt es 180 Gesch\u00e4fte, die haupts\u00e4chlich Bekleidung und Schuhe verkaufen. Europ\u00e4ische und t\u00fcrkische Marken stehen im Angebot.<\/p>\n<p>Der Food Court bietet mit 30 Restaurants und Caf\u00e9s Platz f\u00fcr 1.000 Besucher. F\u00fcr Kinderunterhaltung ist gesorgt und im Untergeschoss gibt es einen riesigen Media-Markt.<\/p>\n<h2 id=\"t-1619620698957\">4. Mark Antalya<\/h2>\n<p><span><img decoding=\"async\" alt=\"MarkAntalya in Antalya in Turkey (Editorial) \" data-id=\"2133\" width=\"702\" data-init-width=\"1000\" height=\"468\" data-init-height=\"667\" title=\"MarkAntalya in Antalya in Turkey (Editorial) \" loading=\"lazy\" src=\"\/\/antalyatouristinformation.com\/de\/wp-content\/uploads\/sites\/10\/2021\/04\/MarkAntalya-in-Antalya-in-Turkey.jpg\" data-width=\"702\" data-height=\"468\" data-pinpro-key=\"3r84jisvd\" data-pin-media=\"https:\/\/antalyatouristinformation.com\/de\/wp-content\/uploads\/sites\/10\/2021\/06\/prag_50_sehenswuerdigkeiten_pinterest-32.jpg\" data-pin-description=\"11 Best Shopping Centers in Antalya [Malls and Outlets] | Antalya Tourist Information\" data-pin-url=\"https:\/\/antalyatouristinformation.com\/de\/shopping\/einkaufszentrum\/?tve=true&amp;tcbf=8725dc74fb\"><\/span><\/p>\n<p>Mark Antalya ist die einzige Shopping-Mall direkt im Zentrum von Antalya. Die Stra\u00dfenbahn h\u00e4lt direkt vor der Mall.<\/p>\n<p>Die extravagante Fassade mit dem bunt gemusterten Rondell wird euch sofort auffallen. 155 internationale und t\u00fcrkische Marken bieten ein Sortiment von Mode, Unterhaltung und Technologie an. Vertreten sind neben kleinen Boutiquen auch die Ketten gro\u00dfer H\u00e4user, unter anderem Boyner, DeFacto, Flo, H&amp;M, Koton und LC Waikiki.<\/p>\n<p>Der Food-Court im Obergeschoss bietet t\u00fcrkische und internationale K\u00fcche, unter anderem gibt es Mc Donald&#8217;s, Burger King und Sbarro. Falls ihr Lust habt, k\u00f6nnt ihr auf der gro\u00dfen Terrasse essen oder einfach nur einen Kaffee trinken.<\/p>\n<p>F\u00fcr Kinder gibt es einen modernen Play-Ground. In den Kinos im oberen Stockwerk werden vor allem abends auch Filme in englischer Sprache gezeigt.<\/p>\n<p>Durch seine Lage in der Innenstadt ist MarkAntalya eine gute Option, wenn ihr zwischen dem Sightseeing in einer modernen Mall shoppen m\u00f6chtet. Antalyas Altstadt liegt nur 15 Minuten entfernt.<\/p>\n<h2 id=\"t-1619620698958\">5. Agora Antalya<\/h2>\n<p>Agora Antalya liegt in der n\u00f6rdlichen Innenstadt von Antalya, Richtung Flughafen. Ihr k\u00f6nnt die Mall mit den Buslinien 511, 526, AF04A, B35 bequem erreichen. Das Agora Center ist zu Fu\u00df 15 Minuten von der Mall of Antalya entfernt.<\/p>\n<p>Die insgesamt 72 Gesch\u00e4fte bieten nationale und internationale Marken an, unter anderem findet ihr hier Filialen von Koton, Mavi, Gratis, Watson, Nike, Samsonite, Teknosa, Migros sowie einen Toyzz Shop. Bemerkenswert ist au\u00dferdem die gro\u00dfe IKEA-Filiale.<\/p>\n<p>Unterhaltung f\u00fcr Gro\u00df und Klein bietet das Vergn\u00fcgungszentrum. Aufgebaut nach dem Prinzip \u201eGewinnen w\u00e4hrend des Spielens\u201c k\u00f6nnt ihr Punkte sammeln, f\u00fcr die es anschlie\u00dfend Preise gibt. Wer Lust hat, kann auch Bowling spielen.<\/p>\n<p>Der Innenhof ist als Rondell gestaltet und hat in der Mitte ein Zierbecken. Hier bl\u00fchen Blumen und gro\u00dfe Palmen spenden Schatten. Rundherum sind zahlreiche Caf\u00e9s und Restaurants.<\/p>\n<p>In dem Food-Bereich wird t\u00fcrkische und internationale K\u00fcche angeboten, unter anderem gibt es hier Burger King, Arby\u2019s, Subway und Starbucks.<\/p>\n<h2 id=\"t-1619620698959\">6. Migros Shopping Mall<\/h2>\n<p><span><img decoding=\"async\" alt=\"Migros Shopping Mall in Antalya in Turkey (Editorial)\" data-id=\"2135\" width=\"702\" data-init-width=\"1000\" height=\"468\" data-init-height=\"667\" title=\"Migros Shopping Mall in Antalya in Turkey (Editorial)\" loading=\"lazy\" src=\"\/\/antalyatouristinformation.com\/de\/wp-content\/uploads\/sites\/10\/2021\/04\/Migros-Shopping-Mall-in-Antalya-in-Turkey.jpg\" data-width=\"702\" data-height=\"468\" data-pinpro-key=\"w0q2mqoj5\" data-pin-media=\"https:\/\/antalyatouristinformation.com\/de\/wp-content\/uploads\/sites\/10\/2021\/06\/prag_50_sehenswuerdigkeiten_pinterest-32.jpg\" data-pin-description=\"11 Best Shopping Centers in Antalya [Malls and Outlets] | Antalya Tourist Information\" data-pin-url=\"https:\/\/antalyatouristinformation.com\/de\/shopping\/einkaufszentrum\/?tve=true&amp;tcbf=8725dc74fb\"><\/span><\/p>\n<p>Im Westen von Antalya in dem Stadtviertel Konyaalt\u0131 liegt das 2001 er\u00f6ffnete Migros Einkaufszentrum. Von allen Stadtviertel Antalyas aus f\u00e4hrt ein Dolmu\u015f zu der Migros Shopping-Mall.<\/p>\n<p>Hier gibt es auf 3 Etagen verteilt \u00fcber 130 Gesch\u00e4fte. Neben kleinen Boutiquen mit Designer-St\u00fccken findet ihr hier auch die Ketten gro\u00dfer Marken, unter anderem Boyner, Zara, Muso und LC Waikiki.<\/p>\n<p>Der gro\u00dfe Food-Court im ersten Obergeschoss bietet \u00fcberwiegend Fast Food Gerichte von bekannten Anbietern. Von einigen Tischen aus habt ihr einen sch\u00f6nen Blick auf das Meer. Wer Lust hat, besucht einen Film in einem der acht Kinos\u00e4le, die sich auf derselben Etage befinden. Ein Playground sorgt f\u00fcr die Unterhaltung der Kinder.Erw\u00e4hnenswert ist die 5M Migros-Filiale im Untergeschoss, eine der gr\u00f6\u00dften in dem gesamten Gebiet von Antalya<\/p>\n<h2 id=\"t-1619620698960\">7. \u00d6zdilek Park<\/h2>\n<p>Das 2009 er\u00f6ffnete Einkaufszentrum \u00d6zdilek Park liegt im Norden von Antalya in der N\u00e4he des Busbahnhofes. Die Stra\u00dfenbahn f\u00e4hrt hierhin, Haltestelle \u201eDumka\u201c.<\/p>\n<p>Auf knapp 39.000 Quadratmeter verteilen sich <strong>114 Gesch\u00e4fte <\/strong>auf vier Etagen. Es gibt hier internationale Labels wie Colin\u2019s, Park Bravo, Mango und Koton. Doch weitaus h\u00e4ufiger findet ihr hier qualitativ hochwertige t\u00fcrkische Markengesch\u00e4fte. Deshalb ist die Mall auch bei Einheimischen sehr beliebt.<\/p>\n<p>In dem Obergeschoss des weitl\u00e4ufig angelegten Shoppingzentrums ist ein gro\u00dfer <strong>Food Court.<\/strong> Hier findet ihr unter anderem KFC, McDonald\u2019s, Burger King und t\u00fcrkische Fast-Food-Ketten. Zahlreiche Entertainment Betriebe sorgen f\u00fcr Unterhaltung und der Spielpark l\u00e4sst Kinderaugen gl\u00e4nzen.<\/p>\n<p><strong>Euromoda<\/strong> bietet ein reiches Sortiment an g\u00fcnstigem Modeschmuck an. Falls ihr etwas <strong>Elektronisch-technisches<\/strong> sucht, solltet ihr in die Gesch\u00e4fte im Untergeschoss gehen.<\/p>\n<h2 id=\"t-1619620698961\">8. The Land of Legends<\/h2>\n<p><span><img decoding=\"async\" alt=\"Land of Legends in Antalya in Turkey (Editorial)\" data-id=\"2137\" width=\"702\" data-init-width=\"1000\" height=\"468\" data-init-height=\"667\" title=\"Land of Legends in Antalya in Turkey (Editorial)\" loading=\"lazy\" src=\"\/\/antalyatouristinformation.com\/de\/wp-content\/uploads\/sites\/10\/2021\/04\/Land-of-Legends-in-Antalya-in-Turkey.jpg\" data-width=\"702\" data-height=\"468\" data-pinpro-key=\"92okv6v5i\" data-pin-media=\"https:\/\/antalyatouristinformation.com\/de\/wp-content\/uploads\/sites\/10\/2021\/06\/prag_50_sehenswuerdigkeiten_pinterest-32.jpg\" data-pin-description=\"11 Best Shopping Centers in Antalya [Malls and Outlets] | Antalya Tourist Information\" data-pin-url=\"https:\/\/antalyatouristinformation.com\/de\/shopping\/einkaufszentrum\/?tve=true&amp;tcbf=8725dc74fb\"><\/span><\/p>\n<p>Ungef\u00e4hr 40 Kilometer von Antalya entfernt in Belek liegt die Shopping-Mall Land of Legends. Erreichen k\u00f6nnt ihr das Shopping-Center von Antalya aus mit dem Bus oder Dolmu\u015f.<\/p>\n<p>Die <strong>elegante Shoppingmall<\/strong> ist wie eine <strong>Schlossanlage<\/strong> gestaltet. Wei\u00dfe, palast\u00e4hnliche Geb\u00e4ude reihen sich entlang des Kanals, der durch die Mitte des Innenhofes flie\u00dft. Wie in Venedig kann man auf dem Kanal sogar mit einer Gondel fahren. Ihr werdet euch hier wie in einem M\u00e4rchen f\u00fchlen. Kinder sind nat\u00fcrlich begeistert. Zus\u00e4tzlich gibt es einen riesigen Vergn\u00fcgungspark.<\/p>\n<p><strong>300 international bekannte Labels <\/strong>und zahlreiche t\u00fcrkische Marken gehobenen Niveaus bieten hier ihre Produkte an. Das Warenangebot deckt nahezu alle Bereiche ab, Kleidung, Kosmetik, Spielzeug, Lederwaren, Dekorationsartikel, Kosmetik, Elektrowaren, es ist alles vertreten.<\/p>\n<p>Falls ihr Hunger bekommt, sucht euch einfach einen Platz in einem der zahlreichen <strong>Caf\u00e9s oder Restaurants<\/strong>. Hier gibt es f\u00fcr jeden Geschmack etwas. Dabei k\u00f6nnt ihr die Atmosph\u00e4re in der Umgebung genie\u00dfen.<\/p>\n<h2 id=\"t-1619620698962\">9. Novamall Manavgat<\/h2>\n<p><span><img decoding=\"async\" alt=\"Novamall Manavgat in Antalya in Turkey (Editorial)\" data-id=\"2139\" width=\"702\" data-init-width=\"1000\" height=\"468\" data-init-height=\"667\" title=\"Novamall Manavgat in Antalya in Turkey (Editorial)\" loading=\"lazy\" src=\"\/\/antalyatouristinformation.com\/de\/wp-content\/uploads\/sites\/10\/2021\/04\/Novamall-Manavgat-in-Antalya-in-Turkey.jpg\" data-width=\"702\" data-height=\"468\" data-pinpro-key=\"kkz3jjds2\" data-pin-media=\"https:\/\/antalyatouristinformation.com\/de\/wp-content\/uploads\/sites\/10\/2021\/06\/prag_50_sehenswuerdigkeiten_pinterest-32.jpg\" data-pin-description=\"11 Best Shopping Centers in Antalya [Malls and Outlets] | Antalya Tourist Information\" data-pin-url=\"https:\/\/antalyatouristinformation.com\/de\/shopping\/einkaufszentrum\/?tve=true&amp;tcbf=8725dc74fb\"><\/span><\/p>\n<p>Etwa <strong>70 Kilometer von Antalya entfernt<\/strong> im Zentrum von Manavgat liegt das Shopping-Center Novamall. Von Antalya aus kommt ihr mit dem Bus oder Dolmu\u015f zu der Mall.<\/p>\n<p>In den Gesch\u00e4ften werden \u00fcber <strong>120 Marken<\/strong> verkauft, neben international bekannten Labels sind auch bekannte t\u00fcrkische Marken vertreten. Es gibt alles, von Kleidung und Kosmetik \u00fcber Spielzeug, Lederwaren bis hin zu Schuhen und Schmuck.<\/p>\n<p>Wer m\u00fcde vom Einkaufen ist, setzt sich in eines der <strong>Caf\u00e9s auf der Dachterrasse <\/strong>und entspannt dort f\u00fcr eine Weile. Vielleicht habt ihr ja auch Lust, zur Abwechslung eine Runde <strong>Bowling<\/strong> zu spielen? Eure Kinder werden von den kleinen <strong>Fahrgesch\u00e4ften im Kinderland <\/strong>in der obersten Etage begeistert sein. F\u00fcr die Erwachsenen gibt es <strong>Spielautomaten.<\/strong><\/p>\n<p>Der <strong>Food Court<\/strong> hat ein reichhaltiges Angebot.<\/p>\n<h2 id=\"t-1620392320416\" data-alt-text=\"10. Alanyum Center (Alanya)\">10. Alanyum Shopping Center (Alanya)&nbsp;<\/h2>\n<p>Das Alanyum Shopping-Center im Osten der Stadt k\u00f6nnt ihr vom Stadtzentrum Alanya aus innerhalb von 10 Minuten mit dem Dolmu\u015f bequem erreichen.<\/p>\n<p>Verkauft werden Produkte aus den Bereichen Kleidung, Kosmetik, Spielzeug, Lederwaren, Schuhe, Schmuck und vieles mehr. Filialen einiger gro\u00dfer Ketten sind ebenso vertreten wie kleine Boutiquen, die nationale und internationale Markenware anbieten. Unter anderem findet ihr hier auch Carrefour, Teknosa, Boyner, LC Waikiki, Toyzz Shop.<\/p>\n<p>Im dritten Stock gibt es einen vielseitigen Food-Court. Eure Kinder werden von dem riesigen Spielparadies mit Ballpool, Konsolen und Automaten begeistert sein.<\/p>\n<p>Falls ihr eine Pause vom Shoppen braucht, setzt ihr euch in eines der Caf\u00e9s oder schaut euch im Kino einen Film an. &nbsp;&nbsp;<\/p>\n<h2 id=\"t-1620392320417\" data-alt-text=\"11. Time Center (Alanya)\">11. Time Center (Konakl\u0131 &#8211; Alanya)&nbsp;&nbsp;<\/h2>\n<p>Etwa 15 Kilometer von Alanya entfernt in dem kleinen Ort Konakl\u0131 liegt das Time Center direkt an der K\u00fcstenstra\u00dfe. Daher ist es auch von den Nachbarorten aus leicht zu erreichen.<\/p>\n<p>Das relativ kleine Einkaufszentrum ist \u00fcbersichtlich gestaltet. Hier findet ihr nationale und internationale Markenwaren. Unter anderem gibt es LC Waikiki, Colin\u2019s, Flo und De Facto. Auch viele kleine Boutiquen gibt es hier.<\/p>\n<p>Ausruhen k\u00f6nnt ihr euch bei Mc Donald\u2019s oder in einem anderen der Restaurants. &nbsp;<\/p>\n<p style=\"text-align: center\"><a href=\"https:\/\/www.google.com\/maps\/d\/u\/2\/viewer?hl=tr&amp;mid=1xYDDTbN32X3xauKGUkzhRvND07Tzb307&amp;ll=36.85141932033766%2C31.04261475000003&amp;z=11\" target=\"_blank\" rel=\"noopener\">(Link zur Karte)<\/a><\/p>\n<p>Jetzt wisst ihr alles \u00fcber die besten Shoppingmalls in Antalya und Umgebung. Schreibt uns doch unten in den Kommentaren, welche euch am besten gefallen hat und was ihr eingekauft habt.<\/p>\n<p>Vielleicht interessieren euch ja auch folgende Guides zum Thema Shopping:<\/p>\n<ul>\n<li><a href=\"https:\/\/antalyatouristinformation.com\/de\/shopping\/basar\/antalya-stadt\/\">M\u00e4rkte und Basare in der Stadt Antalya <\/a><\/li>\n<li><a href=\"https:\/\/antalyatouristinformation.com\/de\/shopping\/souvenir\/\">20 Ideen f\u00fcr Souvenirs<\/a><\/li>\n<li><a href=\"https:\/\/antalyatouristinformation.com\/de\/shopping\/manavgat-basar\/\">Guide zum Basar in Manavgat<\/a><\/li>\n<li><a href=\"https:\/\/antalyatouristinformation.com\/de\/shopping\/\">Antalya Shopping Guide<\/a>&nbsp;<\/li>\n<\/ul>\n","protected":false},"excerpt":{"rendered":"<p>Hier findet ihr die besten Shoppingmalls von der Provinz Antalya. Antalya ist eine Gro\u00dfstadt mit \u00fcber 2,5 Millionen Einwohnern. Nat\u00fcrlich gibt es auch dementsprechend viele Shoppingmalls. In der T\u00fcrkei werden allgemein viel mehr Einkaufszentren gebaut als in Deutschland. Wir haben die 11 interessantesten und besten Shoppingmalls von Antalya und Umgebung f\u00fcr euch zusammengestellt. Am Ende [&hellip;]<\/p>\n","protected":false},"author":6,"featured_media":2127,"parent":1951,"menu_order":0,"comment_status":"open","ping_status":"closed","template":"","meta":{"_acf_changed":false,"footnotes":""},"categories":[],"tags":[34],"class_list":["post-1597","page","type-page","status-publish","has-post-thumbnail","hentry","tag-shopping","post-wrapper","thrv_wrapper"],"acf":[],"wp-worthy-pixel":{"ignored":false,"public":null,"server":null,"url":null},"wp-worthy-type":"normal","_links":{"self":[{"href":"https:\/\/antalyatouristinformation.com\/de\/wp-json\/wp\/v2\/pages\/1597","targetHints":{"allow":["GET"]}}],"collection":[{"href":"https:\/\/antalyatouristinformation.com\/de\/wp-json\/wp\/v2\/pages"}],"about":[{"href":"https:\/\/antalyatouristinformation.com\/de\/wp-json\/wp\/v2\/types\/page"}],"author":[{"embeddable":true,"href":"https:\/\/antalyatouristinformation.com\/de\/wp-json\/wp\/v2\/users\/6"}],"replies":[{"embeddable":true,"href":"https:\/\/antalyatouristinformation.com\/de\/wp-json\/wp\/v2\/comments?post=1597"}],"version-history":[{"count":10,"href":"https:\/\/antalyatouristinformation.com\/de\/wp-json\/wp\/v2\/pages\/1597\/revisions"}],"predecessor-version":[{"id":15060,"href":"https:\/\/antalyatouristinformation.com\/de\/wp-json\/wp\/v2\/pages\/1597\/revisions\/15060"}],"up":[{"embeddable":true,"href":"https:\/\/antalyatouristinformation.com\/de\/wp-json\/wp\/v2\/pages\/1951"}],"wp:featuredmedia":[{"embeddable":true,"href":"https:\/\/antalyatouristinformation.com\/de\/wp-json\/wp\/v2\/media\/2127"}],"wp:attachment":[{"href":"https:\/\/antalyatouristinformation.com\/de\/wp-json\/wp\/v2\/media?parent=1597"}],"wp:term":[{"taxonomy":"category","embeddable":true,"href":"https:\/\/antalyatouristinformation.com\/de\/wp-json\/wp\/v2\/categories?post=1597"},{"taxonomy":"post_tag","embeddable":true,"href":"https:\/\/antalyatouristinformation.com\/de\/wp-json\/wp\/v2\/tags?post=1597"}],"curies":[{"name":"wp","href":"https:\/\/api.w.org\/{rel}","templated":true}]}}