{"id":15971,"date":"2024-02-06T11:58:13","date_gmt":"2024-02-06T10:58:13","guid":{"rendered":"https:\/\/antalyatouristinformation.com\/de\/?page_id=15971"},"modified":"2024-12-31T12:03:39","modified_gmt":"2024-12-31T11:03:39","slug":"nagelstudio-in-antalya-tuerkei-beste-kunstnaegel-preise-tipps-2024","status":"publish","type":"page","link":"https:\/\/antalyatouristinformation.com\/de\/nagelstudio-in-antalya-tuerkei-beste-kunstnaegel-preise-tipps-2024\/","title":{"rendered":"Nagelstudio in Antalya, T\u00fcrkei | Beste Kunstn\u00e4gel, Preise &amp; Tipps"},"content":{"rendered":"<h3>Antalya in der T\u00fcrkei ist ein Zentrum f\u00fcr kosmetische und medizinische Behandlungen, einschlie\u00dflich der Behandlung von Nagelprothesen.&nbsp;<\/h3>\n<p>Egal, ob Sie eine einfache Manik\u00fcre oder ein komplettes Set mit Acrylfarben suchen, in dieser wundersch\u00f6nen Region gibt es eine Vielzahl von M\u00f6glichkeiten.<\/p>\n<p>In diesem Artikel tauchen wir in die Welt der Nagelprothesenbehandlungen in Antalya ein und erkunden die verschiedenen Optionen, darunter Geln\u00e4gel, Acryln\u00e4gel und Nageltauchen.<\/p>\n<p>Lesen Sie weiter, um alles zu erfahren, was Sie \u00fcber Nagelprothesenbehandlungen in Antalya, T\u00fcrkei, wissen m\u00fcssen.<\/p>\n<p><span><img decoding=\"async\" alt=\"\" data-id=\"12928\" width=\"703\" data-init-width=\"768\" height=\"469\" data-init-height=\"512\" title=\"Acryln\u00e4gel-Behandlung-in-Istanbul-768x512\" loading=\"lazy\" src=\"https:\/\/antalyatouristinformation.com\/de\/wp-content\/uploads\/sites\/10\/2024\/02\/Acrylic-Nails-Treatment-in-Istanbul-768x512-1.jpg\" data-width=\"703\" data-height=\"469\" data-pinpro-key=\"pbdees78p\" style=\"aspect-ratio: auto 768 \/ 512\"><\/span><\/p>\n<h2 id=\"t-1675165497897\">Was ist eine prothetische Nagelbehandlung?<\/h2>\n<p>Eine prothetische Nagelbehandlung ist ein kosmetischer Eingriff, <strong>der darauf abzielt, das Aussehen und die Funktion besch\u00e4digter N\u00e4gel wiederherzustellen.<\/strong> Dabei wird ein spezieller Schutz auf den Naturnagel aufgesetzt und eine Nagelprothese angebracht, die in drei Varianten erh\u00e4ltlich ist: <strong>Acryl, Tauchnagel und Gel.<\/strong>&nbsp;<\/p>\n<p>Diese k\u00fcnstlichen N\u00e4gel lassen sich viel einfacher auftragen als herk\u00f6mmliche k\u00fcnstliche N\u00e4gel und sind in verschiedenen Ausf\u00fchrungen erh\u00e4ltlich, um eine nat\u00fcrlich aussehende Manik\u00fcre zu erm\u00f6glichen. Prothetische N\u00e4gel sind au\u00dferdem <strong>langlebig<\/strong> und weniger anf\u00e4llig f\u00fcr Br\u00fcche, was zu lang anhaltenden Ergebnissen f\u00fchrt.<\/p>\n<h2 id=\"t-1675165497898\">1. Acryln\u00e4gel<\/h2>\n<h3>Was genau sind Acryln\u00e4gel?<\/h3>\n<p>Acryln\u00e4gel sind eine Art Nagelprothese, die durch die Kombination einer Pulver- und Fl\u00fcssigkeitsmischung aus Monomermolek\u00fclen entsteht. Diese Mischung bildet eine weiche Substanz, die auf den Naturnagel geformt wird, um ihm die gew\u00fcnschte Form und das gew\u00fcnschte Aussehen zu verleihen. Nach dem Auftragen h\u00e4rtet die Substanz auf dem Nagel aus und \u00e4hnelt dem nat\u00fcrlichen Nagel.<\/p>\n<h3>F\u00fcr wen sind sie geeignet?<\/h3>\n<p>Acryln\u00e4gel sind ideal f\u00fcr Frauen mit br\u00fcchigen N\u00e4geln, Menschen, die an ihren N\u00e4geln kauen, und vielbesch\u00e4ftigte Gesch\u00e4ftsfrauen, die keine Zeit f\u00fcr die traditionelle Nagelpflege haben.<\/p>\n<h3>Kann Lack auf Acryln\u00e4gel aufgetragen werden?<\/h3>\n<p>Ja, Sie k\u00f6nnen Nagellack auf Acryln\u00e4gel auftragen, ohne das French-Design auf den N\u00e4geln zu beeintr\u00e4chtigen.<\/p>\n<h3>Wie entferne ich Acryln\u00e4gel?<\/h3>\n<p>Um Acryln\u00e4gel zu entfernen, tr\u00e4nken Sie einen Wattebausch in Aceton und legen Sie ihn auf die N\u00e4gel. Wickeln Sie die N\u00e4gel in Aluminiumfolie ein und warten Sie 30 Minuten. Ziehen Sie dann die Folie vorsichtig ab und die Acryln\u00e4gel sollten sich mit l\u00f6sen. Wenn Sie einen Widerstand bemerken, warten Sie weitere 10 Minuten, bevor Sie es erneut versuchen.<\/p>\n<p><span><img decoding=\"async\" alt=\"\" data-id=\"12929\" width=\"703\" data-init-width=\"768\" height=\"469\" data-init-height=\"512\" title=\"Gel-N\u00e4gel-Behandlung-in-Istanbul-768x512\" loading=\"lazy\" src=\"https:\/\/antalyatouristinformation.com\/de\/wp-content\/uploads\/sites\/10\/2024\/02\/Gel-Nails-Treatment-in-Istanbul-768x512-1.jpg\" data-width=\"703\" data-height=\"469\" data-pinpro-key=\"6bg231lvv\" style=\"aspect-ratio: auto 768 \/ 512\"><\/span><\/p>\n<h2 id=\"t-1675165497899\">2. Geln\u00e4gel<\/h2>\n<h3>Was genau sind Geln\u00e4gel (Polygel)?<\/h3>\n<p>Geln\u00e4gel sind eine Art prothetische Nagelbehandlung, die dazu beitragen, geschw\u00e4chte N\u00e4gel zu st\u00e4rken, die durch h\u00e4ufigen Kontakt mit Wasser, h\u00e4ufiges Auftragen und Entfernen von Nagellack und andere Faktoren verursacht werden. Sie bieten eine Alternative zu Acryln\u00e4geln und erfreuen sich immer gr\u00f6\u00dferer Beliebtheit.<\/p>\n<h3>Wie entstehen Geln\u00e4gel?<\/h3>\n<p>Zur Herstellung von Geln\u00e4geln wird ein spezielles Gel auf die N\u00e4gel aufgetragen und bis zur Spitze aufgetragen. Das Gel trocknet nicht von selbst, daher muss es mit UV-Licht getrocknet werden. Nach dem Trocknungsprozess werden die Nagelspitzen in die gew\u00fcnschte Form gebracht und das Gel auf den gesamten Nagel aufgetragen. Anschlie\u00dfend werden die N\u00e4gel gefeilt, um eine ebene Oberfl\u00e4che zu schaffen und die Nagelhaut behandelt. Geln\u00e4gel sind f\u00fcr ihre Haltbarkeit bekannt und werden am h\u00e4ufigsten als prothetische Nagelanwendung verwendet.<\/p>\n<h3>Wie entfernt man Geln\u00e4gel und welche \u00dcberlegungen dazu gibt es?<\/h3>\n<p>Es wird empfohlen, Geln\u00e4gel an derselben Stelle zu entfernen, an der sie aufgetragen wurden, da das Entfernen zu Hause schwierig sein kann und bei unsachgem\u00e4\u00dfer Durchf\u00fchrung zu Sch\u00e4den an den N\u00e4geln f\u00fchren kann. Der gesamte Nagel muss gefeilt werden, was Sorgfalt und Fachwissen erfordert.<\/p>\n<p><span><img decoding=\"async\" alt=\"\" data-id=\"12930\" width=\"703\" data-init-width=\"768\" height=\"469\" data-init-height=\"512\" title=\"Nageltauchbehandlung-in-Istanbul-768x512\" loading=\"lazy\" src=\"https:\/\/antalyatouristinformation.com\/de\/wp-content\/uploads\/sites\/10\/2024\/02\/Nail-Dipping-Treatment-in-Istanbul-768x512-1.jpg\" data-width=\"703\" data-height=\"469\" data-pinpro-key=\"kjwqr6r5z\" style=\"aspect-ratio: auto 768 \/ 512\"><\/span><\/p>\n<h2 id=\"t-1675165497901\">3. Eintauchen der N\u00e4gel<\/h2>\n<h3>Was genau ist die Nail Dipping-Technik?<\/h3>\n<p>Dieser Ansatz \u00e4hnelt Acryln\u00e4geln, unterscheidet sich jedoch dadurch, dass <strong>er geruchlos ist und ein mattes Finish aufweist.<\/strong> Durch das Eintauchen erhalten Ihre N\u00e4gel ein mattes Aussehen. Wenn Sie matten Nagellack bevorzugen, ist dies die perfekte Methode f\u00fcr Sie.<\/p>\n<h2 id=\"t-1675165497902\">Wer sollte k\u00fcnstliche N\u00e4gel meiden?<\/h2>\n<p>Prothetische N\u00e4gel sollten nicht bei Personen angebracht werden <strong>, die an Nagel- oder Handinfektionen<\/strong> wie Pilzen leiden.<\/p>\n<h2 id=\"t-1675165497903\">Sch\u00e4digen k\u00fcnstliche N\u00e4gel meine nat\u00fcrlichen N\u00e4gel?<\/h2>\n<p>Nein, k\u00fcnstliche N\u00e4gel schaden Ihren nat\u00fcrlichen N\u00e4geln nicht und machen sie nicht d\u00fcnner oder abgenutzter. Bei der Anwendung werden nur die Spitzen Ihrer N\u00e4gel mit Spezialkleber abgedeckt, nicht alle Ihre Naturn\u00e4gel.<\/p>\n<h2 data-hide=\"true\" id=\"t-1632401893497\" style=\"text-align: center\">Holen Sie sich eine kostenlose Beratung<\/h2>\n<p style=\"text-align: left\">Gerne sprechen wir \u00fcber Ihre Erwartungen. Sie k\u00f6nnen uns telefonisch oder per WhatsApp &nbsp; <a data-tcb_hover_state_parent=\"\" href=\"https:\/\/wa.me\/00905379778975\" target=\"_blank\" data-lt-tmp-id=\"lt-297952\" rel=\"noopener\">+90 537 977 89 75<\/a> , per E-Mail an <em><span>request@medclinics.com&nbsp;<\/span><\/em> oder \u00fcber das Kontaktformular kontaktieren.<a data-tcb_hover_state_parent=\"\" href=\"https:\/\/wa.me\/00905379778975\" target=\"_blank\" data-lt-tmp-id=\"lt-297952\" rel=\"noopener\"><\/a><em><span><\/span><\/em><\/p>\n<p style=\"text-align: left\">\n<p style=\"text-align: left\"><span>Hinweis:<\/span> Unsere Vertragskrankenh\u00e4user, Kliniken und \u00c4rzte werden sich bez\u00fcglich der von Ihnen gew\u00fcnschten Sch\u00f6nheitsbehandlung mit Ihnen in Verbindung setzen.&nbsp;<\/p>\n","protected":false},"excerpt":{"rendered":"<p>Antalya in der T\u00fcrkei ist ein Zentrum f\u00fcr kosmetische und medizinische Behandlungen, einschlie\u00dflich der Behandlung von Nagelprothesen.&nbsp; Egal, ob Sie eine einfache Manik\u00fcre oder ein komplettes Set mit Acrylfarben suchen, in dieser wundersch\u00f6nen Region gibt es eine Vielzahl von M\u00f6glichkeiten. In diesem Artikel tauchen wir in die Welt der Nagelprothesenbehandlungen in Antalya ein und erkunden [&hellip;]<\/p>\n","protected":false},"author":6,"featured_media":15972,"parent":0,"menu_order":0,"comment_status":"closed","ping_status":"closed","template":"","meta":{"_acf_changed":false,"footnotes":""},"categories":[111],"tags":[],"class_list":["post-15971","page","type-page","status-publish","has-post-thumbnail","hentry","category-schoenheitsbehandlungen","post-wrapper","thrv_wrapper"],"acf":[],"wp-worthy-pixel":{"ignored":false,"public":null,"server":null,"url":null},"wp-worthy-type":"normal","_links":{"self":[{"href":"https:\/\/antalyatouristinformation.com\/de\/wp-json\/wp\/v2\/pages\/15971","targetHints":{"allow":["GET"]}}],"collection":[{"href":"https:\/\/antalyatouristinformation.com\/de\/wp-json\/wp\/v2\/pages"}],"about":[{"href":"https:\/\/antalyatouristinformation.com\/de\/wp-json\/wp\/v2\/types\/page"}],"author":[{"embeddable":true,"href":"https:\/\/antalyatouristinformation.com\/de\/wp-json\/wp\/v2\/users\/6"}],"replies":[{"embeddable":true,"href":"https:\/\/antalyatouristinformation.com\/de\/wp-json\/wp\/v2\/comments?post=15971"}],"version-history":[{"count":6,"href":"https:\/\/antalyatouristinformation.com\/de\/wp-json\/wp\/v2\/pages\/15971\/revisions"}],"predecessor-version":[{"id":16495,"href":"https:\/\/antalyatouristinformation.com\/de\/wp-json\/wp\/v2\/pages\/15971\/revisions\/16495"}],"wp:featuredmedia":[{"embeddable":true,"href":"https:\/\/antalyatouristinformation.com\/de\/wp-json\/wp\/v2\/media\/15972"}],"wp:attachment":[{"href":"https:\/\/antalyatouristinformation.com\/de\/wp-json\/wp\/v2\/media?parent=15971"}],"wp:term":[{"taxonomy":"category","embeddable":true,"href":"https:\/\/antalyatouristinformation.com\/de\/wp-json\/wp\/v2\/categories?post=15971"},{"taxonomy":"post_tag","embeddable":true,"href":"https:\/\/antalyatouristinformation.com\/de\/wp-json\/wp\/v2\/tags?post=15971"}],"curies":[{"name":"wp","href":"https:\/\/api.w.org\/{rel}","templated":true}]}}