{"id":15985,"date":"2024-02-06T13:17:22","date_gmt":"2024-02-06T12:17:22","guid":{"rendered":"https:\/\/antalyatouristinformation.com\/de\/?page_id=15985"},"modified":"2024-12-31T12:04:46","modified_gmt":"2024-12-31T11:04:46","slug":"wimpernverlaengerung-in-antalya-tuerkei-kosten-tipps-tricks-2024","status":"publish","type":"page","link":"https:\/\/antalyatouristinformation.com\/de\/wimpernverlaengerung-in-antalya-tuerkei-kosten-tipps-tricks-2024\/","title":{"rendered":"Wimpernverl\u00e4ngerung in Antalya, T\u00fcrkei | Kosten, Tipps &amp; Tricks"},"content":{"rendered":"<h3>Sind Sie es leid, mit kurzen, sp\u00e4rlichen Wimpern zu k\u00e4mpfen, die scheinbar einfach nicht wachsen? Wenn ja, sollten Sie eine Seidenwimpernverl\u00e4ngerung in Antalya, T\u00fcrkei, in Betracht ziehen.&nbsp;<\/h3>\n<p>Diese Sch\u00f6nheitsbehandlung erfreut sich in den letzten Jahren immer gr\u00f6\u00dferer Beliebtheit, und das aus gutem Grund. Seidenwimpern sorgen nicht nur f\u00fcr einen dramatischen, auff\u00e4lligen Look, sondern halten auch viel l\u00e4nger als herk\u00f6mmliche Streifenwimpern oder Mascara.<\/p>\n<p>Ganz gleich, ob Sie Einheimischer sind oder Antalya im Urlaub besuchen, in diesem Artikel erhalten Sie alle Informationen, die Sie \u00fcber Seidenwimpernverl\u00e4ngerungsbehandlungen in der Stadt wissen m\u00fcssen. Von den verschiedenen Arten bis hin zu h\u00e4ufig gestellten Fragen sind Sie bei uns genau richtig.&nbsp;<\/p>\n<p>Wenn Sie also bereit sind, Ihr Wimpernprogramm zu verbessern, lesen Sie weiter!<\/p>\n<p><span><img decoding=\"async\" alt=\"\" data-id=\"12915\" width=\"703\" data-init-width=\"768\" height=\"469\" data-init-height=\"512\" title=\"Was-sind-Seidenwimpern-768x512\" loading=\"lazy\" src=\"https:\/\/antalyatouristinformation.com\/de\/wp-content\/uploads\/sites\/10\/2024\/02\/What-Are-Silk-Eyelashes-768x512-1.jpg\" data-width=\"703\" data-height=\"469\" data-pinpro-key=\"ygmybqk4x\" style=\"aspect-ratio: auto 768 \/ 512\"><\/span><\/p>\n<h2 id=\"t-1675155438082\">Was ist die Definition von Seidenwimpern?<\/h2>\n<p>Silk eyelashes are a <strong>cosmetic option to enhance the appearance of your lashes, <\/strong>making them appear fuller and longer. They are fabricated <strong>using silk material<\/strong> and come in different volume options. The lashes are attached to your natural lashes along the upper eyelid using a medical-grade adhesive, and the design allows for the bottom of your natural lashes to remain unobstructed.<\/p>\n<h2 id=\"t-1675155438083\">Types of Silk Eyelash Styles<\/h2>\n<p>Silk lashes are <strong>categorized into C-curve and J-curve options. <\/strong>Women with curly lashes opt for C-curve lashes, and those with straight lashes choose J-curve. If your natural lashes appear sparse, volume lashes can be applied to add fullness. The look can be further enhanced with 2D and 3D lashes.<\/p>\n<p><span style=\"text-decoration: underline\">See below an overview of the major silk eyelash varieties:&nbsp;<\/span><\/p>\n<h3>1. Cat Eye Look<\/h3>\n<p>This style features shorter lashes near the inner corner and gradually increases in length to the middle and outer corners, resulting in an almond-shaped appearance.<\/p>\n<h3>2. Doll Eye Style<\/h3>\n<p>The lashes are longest in the center of the eyelid, giving the eye a more open appearance. The lashes are shortest at the inner and outer corners. This style resembles natural lashes.<\/p>\n<h3>3. Dramatic Look<\/h3>\n<p>This style features a sudden transition from short lashes to longer lashes, creating a dramatic effect and adding maximum length.<\/p>\n<p><span><img decoding=\"async\" alt=\"\" data-id=\"12916\" width=\"703\" data-init-width=\"768\" height=\"469\" data-init-height=\"512\" title=\"Do-Silk-Eyelashes-Damage-Natural-Lashes-768x512\" loading=\"lazy\" src=\"https:\/\/antalyatouristinformation.com\/de\/wp-content\/uploads\/sites\/10\/2024\/02\/Do-Silk-Eyelashes-Damage-Natural-Lashes-768x512-1.jpg\" data-width=\"703\" data-height=\"469\" data-pinpro-key=\"7rhptefll\" style=\"aspect-ratio: auto 768 \/ 512\"><\/span><\/p>\n<h2 id=\"t-1675155438084\">Wie lange dauert das Auftragen von Seidenwimpern?<\/h2>\n<p>Der Auftragungsprozess dauert <strong>1,5 bis 2 Stunden<\/strong> und es wird empfohlen, die Wimpern jeden Monat zu pflegen, damit die Wimpern immer voll und \u00fcppig aussehen.<\/p>\n<h2 id=\"t-1675155438085\">Sch\u00e4digt die Wimpernverl\u00e4ngerungsbehandlung mit Seide die nat\u00fcrlichen Wimpern?<\/h2>\n<p>Nein, Wimpernverl\u00e4ngerungen aus Seide schaden den nat\u00fcrlichen Wimpern nicht. Sie bestehen aus reiner Seide, die sanft und leicht ist, sodass sie nicht an Ihren Wimpern ziehen oder diese besch\u00e4digen.<\/p>\n<h2 id=\"t-1675155438086\">Wenn Sie Seidenwimpern haben, k\u00f6nnen Sie Mascara oder Eyeliner tragen?<\/h2>\n<p>Sie sollten die Verwendung von Eyeliner und Mascara bei Seidenwimpern vermeiden, da \u00f6lige Make-up-Entferner, reibende Make-up-Entferner, Augencremes, hei\u00dfe Duschen und Saunen dazu f\u00fchren k\u00f6nnen, dass sich der Kleber l\u00f6st und die Wimpern abfallen.<\/p>\n<h2 id=\"t-1675155438087\">K\u00f6nnen Sie Seidenwimpern zu Hause entfernen?<\/h2>\n<p>Um Ihre Seidenwimpern zu entfernen, k\u00f6nnen Sie einen Make-up-Entferner auf \u00d6lbasis verwenden.<\/p>\n<h2 id=\"t-1675155438088\">Wer kann von Seidenwimpern profitieren?&nbsp;<\/h2>\n<p><span style=\"color: var(--tcb-skin-color-4);font-weight: var(--g-regular-weight,normal)\">Seidenwimpern sind perfekt f\u00fcr alle, die kurze Wimpern haben und keine Zeit f\u00fcr Make-up haben, da sie ohne Aufwand f\u00fcr ein nat\u00fcrliches, volleres Aussehen sorgen.<\/span><\/p>\n<p><span><img decoding=\"async\" alt=\"\" data-id=\"12917\" width=\"703\" data-init-width=\"768\" height=\"469\" data-init-height=\"512\" title=\"Wann beginnen Seidenwimpern mit dem Haarausfall? 768 x 512\" loading=\"lazy\" src=\"https:\/\/antalyatouristinformation.com\/de\/wp-content\/uploads\/sites\/10\/2024\/02\/When-Do-Silk-Lashes-Start-Shedding-768x512-1.jpg\" data-width=\"703\" data-height=\"469\" data-pinpro-key=\"nrztps57g\" style=\"aspect-ratio: auto 768 \/ 512\"><\/span><\/p>\n<h2 id=\"t-1707221912181\">Wann beginnt der Verlust von Seidenwimpern?<\/h2>\n<p>Die Lebensdauer von Seidenwimpern betr\u00e4gt ca. <strong>7-8 Wochen nach der Anwendung<\/strong> . Nach <strong>4-5 Wochen<\/strong> beginnt der Haarausfall allm\u00e4hlich. Um die Langlebigkeit Ihrer Wimpern zu verl\u00e4ngern, wird eine regelm\u00e4\u00dfige Pflege und das erneute Anbringen neuer Wimpern empfohlen. Auch Ihre Naturwimpern durchlaufen Haarausfall- und Ersetzungszyklen.<\/p>\n<h2 id=\"t-1707221912182\">Was sind nach der Anwendung von Seidenwimpern zu beachten?<\/h2>\n<ul>\n<li>Schwimmen und Duschen sind erlaubt, aber <strong>vermeiden Sie es, sich beim Waschen Ihres Gesichts die Augen zu reiben<\/strong> .<\/li>\n<li>Verwenden Sie zum Entfernen von Make-up Watte und <strong>vermeiden Sie Make-up-Entferner auf \u00d6lbasis,<\/strong> da diese den Kleber schw\u00e4chen.<\/li>\n<li><strong>Schlafen Sie auf dem R\u00fccken,<\/strong> um zu verhindern, dass die Wimpern Ihr Kissen ber\u00fchren.<\/li>\n<li>Planen Sie 3 Wochen lang regelm\u00e4\u00dfige <strong>Kontrolluntersuchungen<\/strong> ein .<\/li>\n<li><strong>Vermeiden Sie chemische Behandlungen<\/strong> (wie Locken oder Dauerwellen) 2 Tage vor und nach dem Eingriff.<\/li>\n<li><strong>Vermeiden Sie 2 Tage nach der Anwendung Saunen,<\/strong> Dampfb\u00e4der und Solarien.<\/li>\n<li><strong>Verwenden Sie in den ersten 48 Stunden keine Mascara oder Eyeliner<\/strong> .<\/li>\n<\/ul>\n<h2 data-hide=\"true\" id=\"t-1632401893497\" style=\"text-align: center\">Holen Sie sich eine kostenlose Beratung<\/h2>\n<p style=\"text-align: left\">Gerne sprechen wir \u00fcber Ihre Erwartungen. Sie k\u00f6nnen uns telefonisch oder per WhatsApp &nbsp; <a data-tcb_hover_state_parent=\"\" href=\"https:\/\/wa.me\/00905379778975\" target=\"_blank\" data-lt-tmp-id=\"lt-297952\" rel=\"noopener\">+90 537 977 89 75<\/a> , per E-Mail an <em><span>request@medclinics.com&nbsp;<\/span><\/em> oder \u00fcber das Kontaktformular kontaktieren.<a data-tcb_hover_state_parent=\"\" href=\"https:\/\/wa.me\/00905379778975\" target=\"_blank\" data-lt-tmp-id=\"lt-297952\" rel=\"noopener\"><\/a><em><span><\/span><\/em><\/p>\n<p style=\"text-align: left\">\n<p style=\"text-align: left\"><span>Hinweis:<\/span> Unsere Vertragskrankenh\u00e4user, Kliniken und \u00c4rzte werden sich bez\u00fcglich der von Ihnen gew\u00fcnschten Sch\u00f6nheitsbehandlung mit Ihnen in Verbindung setzen.&nbsp;<\/p>\n","protected":false},"excerpt":{"rendered":"<p>Sind Sie es leid, mit kurzen, sp\u00e4rlichen Wimpern zu k\u00e4mpfen, die scheinbar einfach nicht wachsen? Wenn ja, sollten Sie eine Seidenwimpernverl\u00e4ngerung in Antalya, T\u00fcrkei, in Betracht ziehen.&nbsp; Diese Sch\u00f6nheitsbehandlung erfreut sich in den letzten Jahren immer gr\u00f6\u00dferer Beliebtheit, und das aus gutem Grund. Seidenwimpern sorgen nicht nur f\u00fcr einen dramatischen, auff\u00e4lligen Look, sondern halten auch [&hellip;]<\/p>\n","protected":false},"author":6,"featured_media":15986,"parent":0,"menu_order":0,"comment_status":"closed","ping_status":"closed","template":"","meta":{"_acf_changed":false,"footnotes":""},"categories":[111],"tags":[],"class_list":["post-15985","page","type-page","status-publish","has-post-thumbnail","hentry","category-schoenheitsbehandlungen","post-wrapper","thrv_wrapper"],"acf":[],"wp-worthy-pixel":{"ignored":false,"public":null,"server":null,"url":null},"wp-worthy-type":"normal","_links":{"self":[{"href":"https:\/\/antalyatouristinformation.com\/de\/wp-json\/wp\/v2\/pages\/15985","targetHints":{"allow":["GET"]}}],"collection":[{"href":"https:\/\/antalyatouristinformation.com\/de\/wp-json\/wp\/v2\/pages"}],"about":[{"href":"https:\/\/antalyatouristinformation.com\/de\/wp-json\/wp\/v2\/types\/page"}],"author":[{"embeddable":true,"href":"https:\/\/antalyatouristinformation.com\/de\/wp-json\/wp\/v2\/users\/6"}],"replies":[{"embeddable":true,"href":"https:\/\/antalyatouristinformation.com\/de\/wp-json\/wp\/v2\/comments?post=15985"}],"version-history":[{"count":6,"href":"https:\/\/antalyatouristinformation.com\/de\/wp-json\/wp\/v2\/pages\/15985\/revisions"}],"predecessor-version":[{"id":16504,"href":"https:\/\/antalyatouristinformation.com\/de\/wp-json\/wp\/v2\/pages\/15985\/revisions\/16504"}],"wp:featuredmedia":[{"embeddable":true,"href":"https:\/\/antalyatouristinformation.com\/de\/wp-json\/wp\/v2\/media\/15986"}],"wp:attachment":[{"href":"https:\/\/antalyatouristinformation.com\/de\/wp-json\/wp\/v2\/media?parent=15985"}],"wp:term":[{"taxonomy":"category","embeddable":true,"href":"https:\/\/antalyatouristinformation.com\/de\/wp-json\/wp\/v2\/categories?post=15985"},{"taxonomy":"post_tag","embeddable":true,"href":"https:\/\/antalyatouristinformation.com\/de\/wp-json\/wp\/v2\/tags?post=15985"}],"curies":[{"name":"wp","href":"https:\/\/api.w.org\/{rel}","templated":true}]}}