{"id":16000,"date":"2024-02-06T13:21:23","date_gmt":"2024-02-06T12:21:23","guid":{"rendered":"https:\/\/antalyatouristinformation.com\/de\/?page_id=16000"},"modified":"2024-12-31T12:04:12","modified_gmt":"2024-12-31T11:04:12","slug":"permanent-make-up-in-antalya-tolle-tipps-preise-2024","status":"publish","type":"page","link":"https:\/\/antalyatouristinformation.com\/de\/permanent-make-up-in-antalya-tolle-tipps-preise-2024\/","title":{"rendered":"Permanent Make-up in Antalya | Tolle Tipps &amp; Preise"},"content":{"rendered":"<h3>Das Sprichwort \u201eEs gibt keine h\u00e4ssliche Frau, nur eine unvorsichtige\u201c gilt, denn Make-up spielt eine entscheidende Rolle bei der Verbesserung des Aussehens einer Frau.<\/h3>\n<p>Permanent Make-up ist eine beliebte Wahl bei vielbesch\u00e4ftigten Frauen, die jederzeit ein gepflegtes Aussehen w\u00fcnschen. Mit diesem kosmetischen Eingriff wird das Konzept einer \u201eunvorsichtigen Frau\u201c beseitigt. Lassen Sie uns genauer untersuchen, was Permanent Make-up bedeutet, wenn Sie es f\u00fcr ein makelloses Aussehen rund um die Uhr in Betracht ziehen.&nbsp;<\/p>\n<p>Auf dieser Seite haben wir alle wichtigen Aspekte von Permanent-Make-up-Behandlungen in Antalya zusammengestellt, einschlie\u00dflich der Vorteile, Dauer, Sicherheit und Tipps zur Nachsorge.<\/p>\n<p>Lasst uns beginnen!<\/p>\n<p><span><img decoding=\"async\" alt=\"\" data-id=\"12895\" width=\"703\" data-init-width=\"768\" height=\"469\" data-init-height=\"512\" title=\"Permanent-Make-up-in-Antalya-768x512\" loading=\"lazy\" src=\"https:\/\/antalyatouristinformation.com\/de\/wp-content\/uploads\/sites\/10\/2024\/02\/Permanent-Make-up-in-Antalya-768x512-1.jpg\" data-width=\"703\" data-height=\"469\" data-pinpro-key=\"d9xvb2ya1\" style=\"aspect-ratio: auto 768 \/ 512\"><\/span><\/p>\n<h2 id=\"t-1675087963916\"><b>Definition von Permanent Make-up<\/b><\/h2>\n<p>Permanent Make-up, auch kosmetisches T\u00e4towieren genannt, ist ein <strong>Verfahren, bei dem mit einer Nadel nat\u00fcrliche Farbstoffe in die obere Hautschicht eingebracht werden.<\/strong> Im Gegensatz zu herk\u00f6mmlichen T\u00e4towierungen ist es <strong>nicht dauerhaft<\/strong> , sondern h\u00e4lt f\u00fcr einen bestimmten Zeitraum.<\/p>\n<p>Diese Methode hat aufgrund des Trends zu volleren Brauen und konturierten Lippen an Popularit\u00e4t gewonnen und ist daher ein gefragter kosmetischer Eingriff.<\/p>\n<h2 id=\"t-1675087963917\">An welchen K\u00f6rperstellen kann Permanent Make-up aufgetragen werden?<\/h2>\n<p>Permanent Make-up kann auf <strong>Augenbrauen, Lippen und Augen<\/strong> aufgetragen werden . Es gibt auch <strong>medizinische Anwendungen,<\/strong> darunter die F\u00e4rbung der Brustwarze und des Warzenhofs nach einer Brustentfernung, Vitiligo, Alopezie, Hautflecken und Narben.<\/p>\n<h2 id=\"t-1675146908431\">\u00dcber die Anwendung von Permanent Eyeliner<\/h2>\n<p>Der permanente Eyeliner wird in Form eines regul\u00e4ren Eyeliners nach dem vom Patienten zuvor gew\u00e4hlten Muster auf die Augenlider aufgetragen. Die Farben <strong>k\u00f6nnen zun\u00e4chst dunkel erscheinen,<\/strong> da es nach dem Auftragen einige Zeit dauern wird, bis sie sich setzen. Der Farbton kehrt nach einigen Tagen in seinen nat\u00fcrlichen Zustand zur\u00fcck.<\/p>\n<p>Nach dem Auftragen eines permanenten Eyeliner kann es bei Patienten zu leichten <strong>R\u00f6tungen und Schwellungen<\/strong> um die Augen kommen, dies ist jedoch v\u00f6llig nat\u00fcrlich. <strong>Wichtig ist<\/strong> , dass Patienten konsequent die vom Experten verschriebene Salbe anwenden. Die R\u00f6tung verschwindet innerhalb weniger Tage von selbst.<\/p>\n<p><span><img decoding=\"async\" alt=\"\" data-id=\"12896\" width=\"703\" data-init-width=\"768\" height=\"469\" data-init-height=\"512\" title=\"Permanent-Make-up-in-Antalya-1-768x512\" loading=\"lazy\" src=\"https:\/\/antalyatouristinformation.com\/de\/wp-content\/uploads\/sites\/10\/2024\/02\/Permanent-Make-up-in-Antalya-1-768x512-1.jpg\" data-width=\"703\" data-height=\"469\" data-pinpro-key=\"uyjk4d8pz\" style=\"aspect-ratio: auto 768 \/ 512\"><\/span><\/p>\n<h2 id=\"t-1675146908432\">\u00dcber permanente Lippenkontur<\/h2>\n<p>Mit zunehmendem Alter verlieren unsere Lippen tendenziell ihre nat\u00fcrliche Farbe und werden blass. Mit einer dauerhaften Lippenkonturierung l\u00e4sst sich dieses Problem jedoch l\u00f6sen und die Lebendigkeit Ihrer Lippen wiederherstellen.<\/p>\n<p><strong>F\u00fcr Menschen mit d\u00fcnnen Lippen<\/strong> bietet dieses kosmetische Verfahren eine nicht-invasive L\u00f6sung, um ein volleres und pralleres Aussehen zu erzielen. Andererseits kann eine dauerhafte Lippenkonturierung <strong>bei Menschen mit dicken Lippen<\/strong> dazu beitragen, eine ausgewogenere und definiertere Lippenform zu schaffen.<\/p>\n<h2 id=\"t-1675146908433\">Wie lange dauert die Anwendung einer dauerhaften Lippenkonturierung?<\/h2>\n<p>Die Anwendung der Lippenkonturierung dauert ca. <strong>2 Stunden.<\/strong> Die Anwendung erfolgt <strong>unter \u00f6rtlicher Bet\u00e4ubung<\/strong> , sodass keine Schmerzen zu sp\u00fcren sind.<\/p>\n<h2 id=\"t-1675146908434\">Wer sollte eine dauerhafte Lippenkontur vermeiden?<\/h2>\n<p>Personen, die <strong>ihre Menstruation<\/strong> haben oder <strong>j\u00fcnger als 18 Jahre sind,<\/strong> haben keinen Anspruch auf diesen kosmetischen Eingriff. Dar\u00fcber hinaus ist die dauerhafte Lippenkonturierung m\u00f6glicherweise <strong>nicht f\u00fcr Personen geeignet, die unter Hauterkrankungen<\/strong> wie Pigmentallergien, Ekzemen, Kapillarrissen, Warzen, Pilzen, psychischen St\u00f6rungen, Typ-1-Diabetes, Akne, Pustelausbr\u00fcchen, Demodikose oder entz\u00fcndlichen Hauterkrankungen leiden Behandlungsbereich.&nbsp;<\/p>\n<h2 id=\"t-1675146908435\">Wie lange h\u00e4lt Permanent Make-up?<\/h2>\n<p>Die Lebensdauer von Permanent Make-up liegt in der Regel <strong>zwischen 2 und 5 Jahren<\/strong> . Dieser Zeitraum <strong>h\u00e4ngt<\/strong> jedoch vom Alter, der Hautstruktur und Umweltfaktoren der Person ab.<\/p>\n<h2 id=\"t-1675146908436\">Hat dauerhaftes Lippen-Make-up sch\u00e4dliche Auswirkungen?<\/h2>\n<p>Die f\u00fcr Permanent Make-up verwendeten Farbstoffe bestehen ausschlie\u00dflich aus pflanzlichen Stoffen. Lippenf\u00e4rben ist keine sch\u00e4dliche Anwendung. Die Anwendung sollte jedoch in einem zuverl\u00e4ssigen Sch\u00f6nheitszentrum durchgef\u00fchrt werden.<\/p>\n<p><span><img decoding=\"async\" alt=\"\" data-id=\"12897\" width=\"703\" data-init-width=\"768\" height=\"469\" data-init-height=\"512\" title=\"Permanent-Make-up in Antalya \u2013 768 x 512\" loading=\"lazy\" src=\"https:\/\/antalyatouristinformation.com\/de\/wp-content\/uploads\/sites\/10\/2024\/02\/Permanent-Make-up-in-Antalya-768x512-2.jpg\" data-width=\"703\" data-height=\"469\" data-pinpro-key=\"ssyu0y7mq\" style=\"aspect-ratio: auto 768 \/ 512\"><\/span><\/p>\n<h2 id=\"t-1675146908437\">Was ist nach dem Lippenf\u00e4rben zu beachten?<\/h2>\n<p>Nach der Lippenf\u00e4rbung ist es ratsam, <strong>1-2 Tage lang den Kontakt mit Wasser<\/strong> zu meiden und auf scharfe oder bittere Speisen sowie hei\u00dfe und kalte Getr\u00e4nke zu verzichten. M\u00f6glicherweise m\u00fcssen Sie einige Wochen lang auch spezielle Feuchtigkeitscremes f\u00fcr die Lippen verwenden, um die Heilung zu unterst\u00fctzen.<\/p>\n<h2 id=\"t-1675146908438\">Wann l\u00e4sst die Schwellung nach dem Lippenf\u00e4rben nach?<\/h2>\n<p>Sie k\u00f6nnen direkt nach dem Eingriff Ihre normalen Aktivit\u00e4ten wieder aufnehmen, m\u00fcssen jedoch mit einer leichten Schwellung rechnen, die innerhalb von <strong>3\u20134 Stunden verschwinden sollte.<\/strong> Die Erholungsphase <strong>dauert normalerweise 4\u20137 Tage<\/strong> , kann jedoch von Person zu Person unterschiedlich sein. Eine leichte Schwellung und Krustenbildung gilt als normal.<\/p>\n<h2 data-hide=\"true\" id=\"t-1632401893497\" style=\"text-align: center\">Holen Sie sich eine kostenlose Beratung<\/h2>\n<p style=\"text-align: left\">Gerne sprechen wir \u00fcber Ihre Erwartungen. Sie k\u00f6nnen uns telefonisch oder per WhatsApp &nbsp; <a data-tcb_hover_state_parent=\"\" href=\"https:\/\/wa.me\/00905379778975\" target=\"_blank\" data-lt-tmp-id=\"lt-297952\" rel=\"noopener\">+90 537 977 89 75<\/a> , per E-Mail an <em><span>request@medclinics.com&nbsp;<\/span><\/em> oder \u00fcber das Kontaktformular kontaktieren.<a data-tcb_hover_state_parent=\"\" href=\"https:\/\/wa.me\/00905379778975\" target=\"_blank\" data-lt-tmp-id=\"lt-297952\" rel=\"noopener\"><\/a><em><span><\/span><\/em><\/p>\n<p style=\"text-align: left\">\n<p style=\"text-align: left\"><span>Hinweis:<\/span> Unsere Vertragskrankenh\u00e4user, Kliniken und \u00c4rzte werden sich bez\u00fcglich der von Ihnen gew\u00fcnschten Sch\u00f6nheitsbehandlung mit Ihnen in Verbindung setzen.&nbsp;<\/p>\n","protected":false},"excerpt":{"rendered":"<p>Das Sprichwort \u201eEs gibt keine h\u00e4ssliche Frau, nur eine unvorsichtige\u201c gilt, denn Make-up spielt eine entscheidende Rolle bei der Verbesserung des Aussehens einer Frau. Permanent Make-up ist eine beliebte Wahl bei vielbesch\u00e4ftigten Frauen, die jederzeit ein gepflegtes Aussehen w\u00fcnschen. Mit diesem kosmetischen Eingriff wird das Konzept einer \u201eunvorsichtigen Frau\u201c beseitigt. Lassen Sie uns genauer untersuchen, [&hellip;]<\/p>\n","protected":false},"author":6,"featured_media":16001,"parent":0,"menu_order":0,"comment_status":"closed","ping_status":"closed","template":"","meta":{"_acf_changed":false,"footnotes":""},"categories":[111],"tags":[],"class_list":["post-16000","page","type-page","status-publish","has-post-thumbnail","hentry","category-schoenheitsbehandlungen","post-wrapper","thrv_wrapper"],"acf":[],"wp-worthy-pixel":{"ignored":false,"public":null,"server":null,"url":null},"wp-worthy-type":"normal","_links":{"self":[{"href":"https:\/\/antalyatouristinformation.com\/de\/wp-json\/wp\/v2\/pages\/16000","targetHints":{"allow":["GET"]}}],"collection":[{"href":"https:\/\/antalyatouristinformation.com\/de\/wp-json\/wp\/v2\/pages"}],"about":[{"href":"https:\/\/antalyatouristinformation.com\/de\/wp-json\/wp\/v2\/types\/page"}],"author":[{"embeddable":true,"href":"https:\/\/antalyatouristinformation.com\/de\/wp-json\/wp\/v2\/users\/6"}],"replies":[{"embeddable":true,"href":"https:\/\/antalyatouristinformation.com\/de\/wp-json\/wp\/v2\/comments?post=16000"}],"version-history":[{"count":7,"href":"https:\/\/antalyatouristinformation.com\/de\/wp-json\/wp\/v2\/pages\/16000\/revisions"}],"predecessor-version":[{"id":16499,"href":"https:\/\/antalyatouristinformation.com\/de\/wp-json\/wp\/v2\/pages\/16000\/revisions\/16499"}],"wp:featuredmedia":[{"embeddable":true,"href":"https:\/\/antalyatouristinformation.com\/de\/wp-json\/wp\/v2\/media\/16001"}],"wp:attachment":[{"href":"https:\/\/antalyatouristinformation.com\/de\/wp-json\/wp\/v2\/media?parent=16000"}],"wp:term":[{"taxonomy":"category","embeddable":true,"href":"https:\/\/antalyatouristinformation.com\/de\/wp-json\/wp\/v2\/categories?post=16000"},{"taxonomy":"post_tag","embeddable":true,"href":"https:\/\/antalyatouristinformation.com\/de\/wp-json\/wp\/v2\/tags?post=16000"}],"curies":[{"name":"wp","href":"https:\/\/api.w.org\/{rel}","templated":true}]}}