{"id":16015,"date":"2024-02-06T13:31:06","date_gmt":"2024-02-06T12:31:06","guid":{"rendered":"https:\/\/antalyatouristinformation.com\/de\/?page_id=16015"},"modified":"2024-12-31T12:02:33","modified_gmt":"2024-12-31T11:02:33","slug":"haarverlaengerung-in-antalya-beste-preise-schoenheitssalons-2024","status":"publish","type":"page","link":"https:\/\/antalyatouristinformation.com\/de\/haarverlaengerung-in-antalya-beste-preise-schoenheitssalons-2024\/","title":{"rendered":"Haarverl\u00e4ngerung in Antalya | Beste Preise &amp; Sch\u00f6nheitssalons"},"content":{"rendered":"<h3 id=\"t-1675080952258\">Holen Sie sich mit Haarverl\u00e4ngerungen in Antalya, T\u00fcrkei, die langen, \u00fcppigen Locken, von denen Sie schon immer getr\u00e4umt haben.&nbsp;<\/h3>\n<p><span style=\"color: var(--tcb-skin-color-4);font-weight: var(--g-regular-weight,normal)\">Wenn Sie mit Haarverl\u00e4ngerungen Ihr Aussehen ver\u00e4ndern und sich Ihrer Weiblichkeit sicher f\u00fchlen m\u00f6chten, dann lesen Sie weiter.&nbsp;<\/span><\/p>\n<p>Dieser umfassende Leitfaden deckt alles ab, was Sie \u00fcber dieses beliebte Sch\u00f6nheitsmittel wissen m\u00fcssen, von den verschiedenen verf\u00fcgbaren Typen bis hin zur Auswahl des richtigen Produkts f\u00fcr Sie.&nbsp;<\/p>\n<p>Lass uns gehen!<\/p>\n<h2 id=\"t-1675080952260\" data-alt-text=\"What is the&nbsp;Keratin Hair Extension Method?\"><b>Was ist die&nbsp; <\/b><b>Keratin-Haarverl\u00e4ngerungsmethode&nbsp; <\/b><b>zur Haarverl\u00e4ngerung?&nbsp;<\/b><\/h2>\n<p>Die Keratin-Haarverl\u00e4ngerungsmethode ist nach Anwendungen auf Silikonbasis eine Revolution in der Haarverl\u00e4ngerung. Diese Methode ist ideal f\u00fcr Menschen mit <strong>feinem Haar und kann <\/strong><strong>3 bis 4 Monate<\/strong> dauern .<strong><\/strong><\/p>\n<h2 id=\"t-1675080952259\" data-alt-text=\"What is the Ring Bead Extension Method?\"><b>Was ist die Ringperlen-Verl\u00e4ngerungsmethode f\u00fcr die Haarverl\u00e4ngerung?&nbsp;<\/b><\/h2>\n<p>Bei der Ring Bead Extension-Methode werden Haarverl\u00e4ngerungen <strong>mithilfe von Mikroringen und einem speziellen Werkzeug angebracht.<\/strong> Die Ringe werden durch jeden Strang gef\u00e4delt und dann <strong>mit einer Zange festgeklemmt,<\/strong> um die Verl\u00e4ngerung zu sichern.&nbsp;<\/p>\n<p>Dieser Vorgang dauert je nach Anzahl der hinzugef\u00fcgten Erweiterungen <strong>zwischen 45 Minuten und 1,5 Stunden und dauert etwa <\/strong><strong>3 bis 6 Monate<\/strong> .<\/p>\n<p><span><img decoding=\"async\" alt=\"\" data-id=\"12881\" width=\"703\" data-init-width=\"768\" height=\"469\" data-init-height=\"512\" title=\"Keratin-Haarverl\u00e4ngerungsmethode-768x512\" loading=\"lazy\" src=\"https:\/\/antalyatouristinformation.com\/de\/wp-content\/uploads\/sites\/10\/2024\/02\/Keratin-Hair-Extension-Method-768x512-1.jpg\" data-width=\"703\" data-height=\"469\" data-pinpro-key=\"q0h3yizq4\" style=\"aspect-ratio: auto 768 \/ 512\"><\/span><\/p>\n<h2 id=\"t-1675080952261\" data-alt-text=\"What is the Braiding Extension Method?\"><b>Was ist die Flechtverl\u00e4ngerungsmethode&nbsp; <\/b><b>f\u00fcr die Haarverl\u00e4ngerung?&nbsp;<\/b><\/h2>\n<p>Die Flechtverl\u00e4ngerungsmethode <strong>verwendet eine N\u00e4htechnik, um Verl\u00e4ngerungen<\/strong> ohne Perlen, Silikon oder Keratin anzubringen. Diese Methode kann schwachem Haar wie Pferdeschw\u00e4nzen, Dutts oder Z\u00f6pfen F\u00fclle und den gew\u00fcnschten Stil verleihen. Die Dauer, die <strong>zwischen 4 und 7 Monaten liegt<\/strong> , h\u00e4ngt von der Wachstumsrate Ihres Haares ab.<\/p>\n<h2 id=\"t-1675080952262\" data-alt-text=\"What is the Micro Capsule Extension Method?\"><b>Was ist die Mikrokapsel-Verl\u00e4ngerungsmethode&nbsp; <\/b><b>zur Haarverl\u00e4ngerung?&nbsp;<\/b><\/h2>\n<p>Bei der Micro Capsule Extension-Methode werden <strong>d\u00fcnne Haarb\u00fcschel an Ihrem eigenen Haar befestigt,<\/strong> was zu einem nahtlosen, nat\u00fcrlichen Aussehen f\u00fchrt. <strong>Transparente Kapseln werden geschmolzen und auf den Ansatz aufgetragen,<\/strong> wodurch die Festigkeit und das Aussehen der Extensions auch beim Stylen, F\u00f6hnen oder F\u00e4rben erhalten bleiben. Diese Methode h\u00e4lt bis zu 9 Monate.<\/p>\n<p><span><img decoding=\"async\" alt=\"\" data-id=\"12882\" width=\"703\" data-init-width=\"768\" height=\"469\" data-init-height=\"512\" title=\"Micro-Nano-Extension-Methode-768x512\" loading=\"lazy\" src=\"https:\/\/antalyatouristinformation.com\/de\/wp-content\/uploads\/sites\/10\/2024\/02\/Micro-Nano-Extension-Method-768x512-1.jpg\" data-width=\"703\" data-height=\"469\" data-pinpro-key=\"xyzdr3xkw\" style=\"aspect-ratio: auto 768 \/ 512\"><\/span><\/p>\n<h2 id=\"t-1675080952263\" data-alt-text=\"What is the Micro Gel Extension Method?\"><b>Was ist die Micro-Gel-Extension-Methode&nbsp; <\/b><b>zur Haarverl\u00e4ngerung?&nbsp;<\/b><\/h2>\n<p>Die Micro-Gel-Extension-Methode, auch Mikroschwei\u00dfen genannt, ist die <strong>nat\u00fcrlichste und komfortabelste Art<\/strong> der Haarverl\u00e4ngerung. Es erfordert fachm\u00e4nnische Verarbeitung, wird aus <strong>hochwertigem Haar<\/strong> hergestellt und kann bis zu 12 Monate, in der Regel jedoch <strong>4 bis 7 Monate, halten.<\/strong> Die Dauer der Extensions wird von der Haarstruktur, der Wachstumsrate und der Nutzung beeinflusst.<\/p>\n<h2 id=\"t-1675080952264\" data-alt-text=\"What is the Micro Nano Extension Method?\"><b>Was ist die Micro-Nano-Extension-Methode&nbsp; <\/b><b>zur Haarverl\u00e4ngerung?&nbsp;<\/b><\/h2>\n<p>Bei der Micro-Nano-Erweiterungsmethode werden <strong>speziell gefertigte Nanoringe<\/strong> aus Metall-Angelschnur verwendet, die eine nat\u00fcrliche Bewegung ohne Rauheit erm\u00f6glichen. Im Gegensatz zu Perlenverl\u00e4ngerungen <strong>bleiben die Haarspitzen<\/strong> nach der Entfernung intakt und m\u00fcssen nicht repariert werden. Diese Methode dauert je nach Haarwachstumsrate <strong>zwischen 4 und 9 <\/strong><strong>&nbsp;Monaten .<\/strong><\/p>\n<h2 id=\"t-1675080952265\" data-alt-text=\"What is the Micro Tape Extension Method?\"><b>Was ist die Micro-Tape-Extension-Methode&nbsp; <\/b><b>zur Haarverl\u00e4ngerung?<\/b><\/h2>\n<p>Die Micro-Tape-Verl\u00e4ngerungsmethode eignet <strong>sich am besten f\u00fcr Personen <\/strong> <strong>mit d\u00fcnnem oder sp\u00e4rlichem Haar.<\/strong> Diese Methode ist auch als Micro Capsule, Extend Magic Micro und Micro Tape Hair Extensions bekannt und <strong>h\u00e4lt 12 bis 14 Wochen.<\/strong><\/p>\n<p><span><img decoding=\"async\" alt=\"\" data-id=\"12883\" width=\"703\" data-init-width=\"768\" height=\"469\" data-init-height=\"512\" title=\"Worauf-Sie-bei-Haarverl\u00e4ngerungen-beachten sollten-768x512\" loading=\"lazy\" src=\"https:\/\/antalyatouristinformation.com\/de\/wp-content\/uploads\/sites\/10\/2024\/02\/What-Should-You-Pay-Attention-To-When-You-Have-Hair-Extensions-768x512-1.jpg\" data-width=\"703\" data-height=\"469\" data-pinpro-key=\"3xhih985e\" style=\"aspect-ratio: auto 768 \/ 512\"><\/span><\/p>\n<h2 id=\"t-1675080952266\" data-alt-text=\"What is the Tres Hair Extension Method?\"><b>Was ist die Tres-Haarverl\u00e4ngerungsmethode&nbsp; <\/b><b>zur Haarverl\u00e4ngerung?<\/b><\/h2>\n<p>Bei der Tres-Haarverl\u00e4ngerungsmethode werden Ihre Haare geflochten und mit Extensions versehen, um Ihnen l\u00e4ngeres, nat\u00fcrlicheres Haar zu verleihen. Allerdings h\u00e4lt es nur <strong>2 bis 3 Monate<\/strong> und kann <strong>unangenehm zu tragen sein.<\/strong> Dar\u00fcber hinaus gilt es <strong>nicht<\/strong> als hochwirksame Methode.<\/p>\n<h2 id=\"t-1675080952267\" data-alt-text=\"Things to consider \">Dinge, die Sie bei Haarverl\u00e4ngerungen beachten sollten<\/h2>\n<p id=\"t-1675080952268\"><strong>Bei einer Haarverl\u00e4ngerung sollten Sie Folgendes beachten:<\/strong><\/p>\n<ul>\n<li>Verwenden Sie beim Waschen Ihrer Haare lauwarmes Wasser und Sp\u00fclung.<\/li>\n<li>Sch\u00fctzen Sie Ihr Haar beim Schlafen.<\/li>\n<li>Verwenden Sie B\u00fcrsten mit weichen Borsten.<\/li>\n<li>Tragen Sie beim Schwimmen eine Kappe.<\/li>\n<li>Nehmen Sie Termine bei Ihrem Friseur wahr.<\/li>\n<li>Erw\u00e4gen Sie im Winter eine Haarverl\u00e4ngerung.<\/li>\n<li>Vergessen Sie nicht, im Sommer einen Hut oder ein Kopftuch zu tragen, um sich vor Sonneneinstrahlung zu sch\u00fctzen.<\/li>\n<\/ul>\n<h2 data-hide=\"true\" id=\"t-1632401893497\" style=\"text-align: center\">Holen Sie sich eine kostenlose Beratung<\/h2>\n<p style=\"text-align: left\">Gerne sprechen wir \u00fcber Ihre Erwartungen. Sie k\u00f6nnen uns telefonisch oder per WhatsApp &nbsp; <a data-tcb_hover_state_parent=\"\" href=\"https:\/\/wa.me\/00905379778975\" target=\"_blank\" data-lt-tmp-id=\"lt-297952\" rel=\"noopener\">+90 537 977 89 75<\/a> , per E-Mail an <em><span>request@medclinics.com&nbsp;<\/span><\/em> oder \u00fcber das Kontaktformular kontaktieren.<a data-tcb_hover_state_parent=\"\" href=\"https:\/\/wa.me\/00905379778975\" target=\"_blank\" data-lt-tmp-id=\"lt-297952\" rel=\"noopener\"><\/a><em><span><\/span><\/em><\/p>\n<p style=\"text-align: left\">\n<p style=\"text-align: left\"><span>Hinweis:<\/span> Unsere Vertragskrankenh\u00e4user, Kliniken und \u00c4rzte werden sich bez\u00fcglich der von Ihnen gew\u00fcnschten Sch\u00f6nheitsbehandlung mit Ihnen in Verbindung setzen.&nbsp;<\/p>\n","protected":false},"excerpt":{"rendered":"<p>Holen Sie sich mit Haarverl\u00e4ngerungen in Antalya, T\u00fcrkei, die langen, \u00fcppigen Locken, von denen Sie schon immer getr\u00e4umt haben.&nbsp; Wenn Sie mit Haarverl\u00e4ngerungen Ihr Aussehen ver\u00e4ndern und sich Ihrer Weiblichkeit sicher f\u00fchlen m\u00f6chten, dann lesen Sie weiter.&nbsp; Dieser umfassende Leitfaden deckt alles ab, was Sie \u00fcber dieses beliebte Sch\u00f6nheitsmittel wissen m\u00fcssen, von den verschiedenen verf\u00fcgbaren [&hellip;]<\/p>\n","protected":false},"author":6,"featured_media":16016,"parent":0,"menu_order":0,"comment_status":"closed","ping_status":"closed","template":"","meta":{"_acf_changed":false,"footnotes":""},"categories":[111],"tags":[],"class_list":["post-16015","page","type-page","status-publish","has-post-thumbnail","hentry","category-schoenheitsbehandlungen","post-wrapper","thrv_wrapper"],"acf":[],"wp-worthy-pixel":{"ignored":false,"public":null,"server":null,"url":null},"wp-worthy-type":"normal","_links":{"self":[{"href":"https:\/\/antalyatouristinformation.com\/de\/wp-json\/wp\/v2\/pages\/16015","targetHints":{"allow":["GET"]}}],"collection":[{"href":"https:\/\/antalyatouristinformation.com\/de\/wp-json\/wp\/v2\/pages"}],"about":[{"href":"https:\/\/antalyatouristinformation.com\/de\/wp-json\/wp\/v2\/types\/page"}],"author":[{"embeddable":true,"href":"https:\/\/antalyatouristinformation.com\/de\/wp-json\/wp\/v2\/users\/6"}],"replies":[{"embeddable":true,"href":"https:\/\/antalyatouristinformation.com\/de\/wp-json\/wp\/v2\/comments?post=16015"}],"version-history":[{"count":6,"href":"https:\/\/antalyatouristinformation.com\/de\/wp-json\/wp\/v2\/pages\/16015\/revisions"}],"predecessor-version":[{"id":16485,"href":"https:\/\/antalyatouristinformation.com\/de\/wp-json\/wp\/v2\/pages\/16015\/revisions\/16485"}],"wp:featuredmedia":[{"embeddable":true,"href":"https:\/\/antalyatouristinformation.com\/de\/wp-json\/wp\/v2\/media\/16016"}],"wp:attachment":[{"href":"https:\/\/antalyatouristinformation.com\/de\/wp-json\/wp\/v2\/media?parent=16015"}],"wp:term":[{"taxonomy":"category","embeddable":true,"href":"https:\/\/antalyatouristinformation.com\/de\/wp-json\/wp\/v2\/categories?post=16015"},{"taxonomy":"post_tag","embeddable":true,"href":"https:\/\/antalyatouristinformation.com\/de\/wp-json\/wp\/v2\/tags?post=16015"}],"curies":[{"name":"wp","href":"https:\/\/api.w.org\/{rel}","templated":true}]}}