{"id":165,"date":"2021-02-15T12:28:02","date_gmt":"2021-02-15T11:28:02","guid":{"rendered":"http:\/\/antalyatouristinformation.com\/clone4639485xzhehsskdjfhhdhebdkkekdeewsd4545gdfgm\/?page_id=165"},"modified":"2024-01-18T17:32:59","modified_gmt":"2024-01-18T16:32:59","slug":"aktur-park","status":"publish","type":"page","link":"https:\/\/antalyatouristinformation.com\/de\/sehenswurdigkeiten\/attraktionen\/aktur-park\/","title":{"rendered":"Aktur Park: Vergn\u00fcgungspark in Antalya"},"content":{"rendered":"<p>Die ist unser kompletter Guide zum Aktur Park in Antalya.<\/p>\n<p>Seid ihr m\u00fcde vom Strand und sucht nach etwas Abwechslung? In dem Vergn\u00fcgungspark mitten in Antalya findet ihr Fahrgesch\u00e4fte aller Art f\u00fcr Jung und Alt.<\/p>\n<p>Auf dieser Seite informieren wir euch ausf\u00fchrlich \u00fcber den Park, wie ihr hinkommt und was euch dort erwartet.<\/p>\n<p>Los geht\u2019s \u2026<\/p>\n<p><span><img decoding=\"async\" alt=\"aktur park in Antalya in Turkey\" data-id=\"509\" width=\"702\" data-init-width=\"1000\" height=\"470\" data-init-height=\"670\" title=\"aktur park in Antalya in Turkey\" loading=\"lazy\" src=\"https:\/\/antalyatouristinformation.com\/de\/wp-content\/uploads\/sites\/10\/2021\/02\/aktur-park-heart-oof-antalya-in-turkey.jpg\" data-width=\"702\" data-height=\"470\" data-pin-media=\"https:\/\/antalyatouristinformation.com\/de\/wp-content\/uploads\/sites\/10\/2021\/06\/prag_50_sehenswuerdigkeiten_pinterest-23.jpg\" data-pin-description=\"Aktur Amusement Park in Antalya | Antalya Tourist Information\" data-pin-url=\"https:\/\/antalyatouristinformation.com\/de\/sehenswurdigkeiten\/attraktionen\/aktur-park\/?tve=true&amp;tcbf=d3233f18a0\" data-pinpro-key=\"hv7ye7yjc\"><\/span><\/p>\n<h2 id=\"t-1625339440830\" data-alt-text=\"Was kann ich dort machen?\">Was kann ich im Artur Park machen?<\/h2>\n<p>Der Vergn\u00fcgungspark Aktur Park sieht besonders nachts mit der Beleuchtung sehr imposant aus. Ihr findet hier Fahrgesch\u00e4fte f\u00fcr Jung und Alt.<\/p>\n<p>Im Aktur Park gibt es mehr als 40 Unterhaltungseinheiten. Falls ihr einen Adrenalinsto\u00df sucht, bieten sich drehende Achterbahnen und Spinning Rides an. F\u00fcr Familien und Kinder gibt es ruhigerer Attraktionen.<\/p>\n<p><b>Das Herz von Antalya<\/b><\/p>\n<p>Das gr\u00f6\u00dfte Riesenrad der T\u00fcrkei &#8222;Das Herz von Antalya&#8220; liegt ebenfalls im Aktur Park. W\u00e4hrend der 20-min\u00fctigen Fahrt auf dem 90 Meter hohen Riesenrad habt ihr einen Rundumblick auf Antalya und Umgebung. Es gibt 4 VIP sowie 42 geschlossene und klimatisierte Kabinen.<\/p>\n<p>Die anderen Fahrgesch\u00e4fte lassen sich in zwei Kategorien einteilen:<\/p>\n<p><b>Fahrgesch\u00e4fte f\u00fcr Erwachsene:<\/b> Loop Zone, Octopus, Captain Barbossa, Kangroo, Twister Coaster, Adrenalin Maxx, Cracy Dance, Ranger.<\/p>\n<p><b>Fahrgesch\u00e4fte f\u00fcr Kinder und Familien:<\/b> Karussell, Feuerwehrmann, Sam Sinbad, kleines Riesenrad, Horror Tunnel, Barbossa, Kangroo<\/p>\n<p><span><img decoding=\"async\" alt=\"akturpark in antalya in turkey\" data-id=\"503\" width=\"702\" data-init-width=\"1000\" height=\"470\" data-init-height=\"670\" title=\"akturpark in antalya in turkey\" loading=\"lazy\" src=\"https:\/\/antalyatouristinformation.com\/de\/wp-content\/uploads\/sites\/10\/2021\/02\/akturpark-in-antalya-in-turkey.jpg\" data-width=\"702\" data-height=\"470\" data-pin-media=\"https:\/\/antalyatouristinformation.com\/de\/wp-content\/uploads\/sites\/10\/2021\/06\/prag_50_sehenswuerdigkeiten_pinterest-23.jpg\" data-pin-description=\"Aktur Amusement Park in Antalya | Antalya Tourist Information\" data-pin-url=\"https:\/\/antalyatouristinformation.com\/de\/sehenswurdigkeiten\/attraktionen\/aktur-park\/?tve=true&amp;tcbf=d3233f18a0\" data-pinpro-key=\"bh5jeir7m\"><\/span><\/p>\n<h2 id=\"t-1619784287752\">Eintritt, Tickets und Touren<\/h2>\n<p>Ihr braucht kein Ticket f\u00fcr das Betreten des Aktur Parks. F\u00fcr die Fahrgesch\u00e4fte werden aufladbare Token und Tickets am Eingang verkauft.<\/p>\n<ul>\n<li><span><strong>Tipp:<\/strong> Falls ihr Tickets f\u00fcr Vergn\u00fcgungsparks, Museen und Touren f\u00fcr eure Antalya-Reise vorab buchen m\u00f6chtet, solltet ihr unbedingt einen Blick auf die Angebote in unserem offiziellen Shop werfen.<\/span><\/li>\n<\/ul>\n<p><span><img decoding=\"async\" alt=\"akturpark konyaalt\u0131 in Antalya in Turkey\" data-id=\"505\" width=\"702\" data-init-width=\"1000\" height=\"470\" data-init-height=\"670\" title=\"akturpark konyaalt\u0131 in Antalya in Turkey\" loading=\"lazy\" src=\"https:\/\/antalyatouristinformation.com\/de\/wp-content\/uploads\/sites\/10\/2021\/02\/akturpark-konyaalti-antalya.jpg\" data-width=\"702\" data-height=\"470\" data-pin-media=\"https:\/\/antalyatouristinformation.com\/de\/wp-content\/uploads\/sites\/10\/2021\/06\/prag_50_sehenswuerdigkeiten_pinterest-23.jpg\" data-pin-description=\"Aktur Amusement Park in Antalya | Antalya Tourist Information\" data-pin-url=\"https:\/\/antalyatouristinformation.com\/de\/sehenswurdigkeiten\/attraktionen\/aktur-park\/?tve=true&amp;tcbf=d3233f18a0\" data-pinpro-key=\"tvt6c63zi\"><\/span><\/p>\n<h2 id=\"t-1625339440831\" data-alt-text=\"Anfahrt\">Wie komme ich zum Aktur Park?<\/h2>\n<p>Der Aktur Park liegt ca. 6 km westlich des Stadtzentrums von Antalya. Eine Fu\u00dfg\u00e4ngerbr\u00fccke verbindet den Aktur Park mit dem bekannten 5M Migros.<\/p>\n<p><strong>Bus:<\/strong> Die Buslinien KC06, KL08, TK51, VC57, VC59, VS18 fahren zum Artur Park, Haltestelle &#8222;Lunapark&#8220;.<\/p>\n<h2 id=\"t-1619784287754\" data-alt-text=\"FAQ \">FAQ&nbsp;<\/h2>\n<p><span><img decoding=\"async\" alt=\"Aktur Park in Antalya in Turkey\" data-id=\"510\" width=\"702\" data-init-width=\"1000\" height=\"470\" data-init-height=\"670\" title=\"Aktur Park in Antalya in Turkey\" loading=\"lazy\" src=\"https:\/\/antalyatouristinformation.com\/de\/wp-content\/uploads\/sites\/10\/2021\/02\/aktur-park-ferris-wheel-in-antalya.jpg\" data-width=\"702\" data-height=\"470\" data-pin-media=\"https:\/\/antalyatouristinformation.com\/de\/wp-content\/uploads\/sites\/10\/2021\/06\/prag_50_sehenswuerdigkeiten_pinterest-23.jpg\" data-pin-description=\"Aktur Amusement Park in Antalya | Antalya Tourist Information\" data-pin-url=\"https:\/\/antalyatouristinformation.com\/de\/sehenswurdigkeiten\/attraktionen\/aktur-park\/?tve=true&amp;tcbf=d3233f18a0\" data-pinpro-key=\"e4iqalw12\"><\/span><\/p>\n<h2 id=\"t-1619784287755\" data-alt-text=\"Geschichte\">Geschichte des Aktur Park<\/h2>\n<p>Der Aktur Lunapark begann seine Aktivit\u00e4ten in Antalya im Jahr 1991 hinter der \u015earampol-Halle. Seit 1997 wird er \u00fcber die 5M Migros mit mehr als 40 Unterhaltungseinheiten und einem Familienteegarten mit einer Kapazit\u00e4t von 300 Personen betrieben.<\/p>\n<h2 id=\"t-1619784287756\">Kontakt&nbsp;<\/h2>\n<ul>\n<li><span><strong>Adresse:&nbsp;<\/strong>P\u0131narba\u015f\u0131, 07070 Konyaalt\u0131\/Antalya<\/span><\/li>\n<li><span><strong>\u00d6ffentlicher Verkehr:&nbsp;<\/strong>Buslinien KC06, KL08, TK51, VC57, VC59, VS18, Haltestelle \u201eLunapark\u201c.<\/span><\/li>\n<li><span><strong>Webseite:&nbsp;<\/strong><a href=\"https:\/\/akturpark.com.tr\/en\/\" target=\"_blank\" rel=\"noopener\">AkturPark.com<\/a><\/span><\/li>\n<\/ul>\n","protected":false},"excerpt":{"rendered":"<p>Die ist unser kompletter Guide zum Aktur Park in Antalya. Seid ihr m\u00fcde vom Strand und sucht nach etwas Abwechslung? In dem Vergn\u00fcgungspark mitten in Antalya findet ihr Fahrgesch\u00e4fte aller Art f\u00fcr Jung und Alt. Auf dieser Seite informieren wir euch ausf\u00fchrlich \u00fcber den Park, wie ihr hinkommt und was euch dort erwartet. Los geht\u2019s [&hellip;]<\/p>\n","protected":false},"author":5,"featured_media":507,"parent":117,"menu_order":0,"comment_status":"open","ping_status":"closed","template":"","meta":{"_acf_changed":false,"footnotes":""},"categories":[],"tags":[36],"class_list":["post-165","page","type-page","status-publish","has-post-thumbnail","hentry","tag-attraction","post-wrapper","thrv_wrapper"],"acf":[],"wp-worthy-pixel":{"ignored":false,"public":"f3ff6b55555d41a9b7cb75b9f8c85d31","server":"vg01.met.vgwort.de","url":"https:\/\/vg01.met.vgwort.de\/na\/f3ff6b55555d41a9b7cb75b9f8c85d31"},"wp-worthy-type":"normal","_links":{"self":[{"href":"https:\/\/antalyatouristinformation.com\/de\/wp-json\/wp\/v2\/pages\/165","targetHints":{"allow":["GET"]}}],"collection":[{"href":"https:\/\/antalyatouristinformation.com\/de\/wp-json\/wp\/v2\/pages"}],"about":[{"href":"https:\/\/antalyatouristinformation.com\/de\/wp-json\/wp\/v2\/types\/page"}],"author":[{"embeddable":true,"href":"https:\/\/antalyatouristinformation.com\/de\/wp-json\/wp\/v2\/users\/5"}],"replies":[{"embeddable":true,"href":"https:\/\/antalyatouristinformation.com\/de\/wp-json\/wp\/v2\/comments?post=165"}],"version-history":[{"count":10,"href":"https:\/\/antalyatouristinformation.com\/de\/wp-json\/wp\/v2\/pages\/165\/revisions"}],"predecessor-version":[{"id":14816,"href":"https:\/\/antalyatouristinformation.com\/de\/wp-json\/wp\/v2\/pages\/165\/revisions\/14816"}],"up":[{"embeddable":true,"href":"https:\/\/antalyatouristinformation.com\/de\/wp-json\/wp\/v2\/pages\/117"}],"wp:featuredmedia":[{"embeddable":true,"href":"https:\/\/antalyatouristinformation.com\/de\/wp-json\/wp\/v2\/media\/507"}],"wp:attachment":[{"href":"https:\/\/antalyatouristinformation.com\/de\/wp-json\/wp\/v2\/media?parent=165"}],"wp:term":[{"taxonomy":"category","embeddable":true,"href":"https:\/\/antalyatouristinformation.com\/de\/wp-json\/wp\/v2\/categories?post=165"},{"taxonomy":"post_tag","embeddable":true,"href":"https:\/\/antalyatouristinformation.com\/de\/wp-json\/wp\/v2\/tags?post=165"}],"curies":[{"name":"wp","href":"https:\/\/api.w.org\/{rel}","templated":true}]}}