{"id":1658,"date":"2021-03-26T16:00:58","date_gmt":"2021-03-26T15:00:58","guid":{"rendered":"http:\/\/antalyatouristinformation.com\/clone4639485xzhehsskdjfhhdhebdkkekdeewsd4545gdfgm\/?page_id=1658"},"modified":"2023-05-03T09:43:48","modified_gmt":"2023-05-03T07:43:48","slug":"mietwagen","status":"publish","type":"page","link":"https:\/\/antalyatouristinformation.com\/de\/plan\/mietwagen\/","title":{"rendered":"Mietwagen in Antalya: Rent a Car"},"content":{"rendered":"<p>Die ist unser kompletter Guide \u00fcber Automieten in Antalya und Verkehrsregeln, die ihr kennen solltet.<\/p>\n<p>Ein Mietwagen empfiehlt sich vor allen dann, wenn ihr Ausfl\u00fcge in die Umgebung von Antalya machen wollt.<\/p>\n<p>F\u00fcr Antalya selbst braucht ihr keinen Mietwagen. Die Stadt hat ein sehr gut ausgebautes Netz an \u00f6ffentlichen Verkehrsmitteln. Mit Bus, Tram oder Dolmu\u015f, den Sammelbussen, kommt ihr \u00fcberall bequem hin. Auch Taxis sind in der T\u00fcrkei deutlich g\u00fcnstiger als in Deutschland.<\/p>\n<p>Fast alle bekannten Autovermietungen haben Filialen in Antalya. Die B\u00fcros liegen am Flughafen, im Stadtzentrum oder in den gro\u00dfen Hotels. Daneben gibt es noch lokale Anbieter.<\/p>\n<p>Hier haben wir alles Wichtige f\u00fcr euch zusammengefasst. Auch die grundlegenden Verkehrsregeln, die ihr unbedingt kennen solltet, findet ihr in diesem Guide.<\/p>\n<p>Wir w\u00fcnschen gute Fahrt!<\/p>\n<h2 id=\"t-1625132673020\" data-alt-text=\"Auto anmieten\">Wie k\u00f6nnt ihr ein Auto mieten?<\/h2>\n<p><b>1. Anmietung direkt bei dem Autoverleih<\/b>Um ein Auto zu mieten, braucht ihr einen F\u00fchrerschein und eine Kreditkarte. Damit geht ihr dann zu dem Autoverleih, entscheidet euch f\u00fcr ein Fahrzeug und unterschreibt den Vertrag. Bei vielen Firmen ist ein Mindestalter von 25 Jahren Vorschrift. An j\u00fcngere Fahrer wird gar nicht oder gegen Aufpreis vermietet.<\/p>\n<p><b>2. Online Mieten <\/b>Wir empfehlen euch, noch vor Reiseantritt online ein Auto zu mieten. Das spart Zeit und oft auch Geld. Es gibt viele Portale, die die Mietwagenangebote vergleichen und dann das Beste empfehlen.<\/p>\n<p>Die bekannten Mietwagen-Firmen wie Avis, Hertz oder Sixt sind zwar vertreten, doch oft ist es besser und g\u00fcnstiger, einen Wagen von einem seri\u00f6sen \u00f6rtlichen Anbieter zu mieten. Hier k\u00f6nnt ihr euch an den Bewertungen orientieren und dementsprechend entscheiden.<\/p>\n<p>Hier sind die bekanntesten Vergleichsseiten f\u00fcr Mietwagenanbieter, die Fahrzeuge f\u00fcr die T\u00fcrkei im Angebot haben:<\/p>\n<ul>\n<li><a href=\"https:\/\/www.billiger-mietwagen.de\" target=\"_blank\" rel=\"noopener\">Billiger-Mietwagen<\/a> (German)<\/li>\n<li><a href=\"https:\/\/www.check24.de\" target=\"_blank\" rel=\"noopener\">Check24<\/a> (German)<\/li>\n<li><a href=\"https:\/\/www.skyscanner.net\/carhire\" target=\"_blank\" rel=\"noopener\">Skyscanner<\/a> (English)<\/li>\n<li><a href=\"https:\/\/www.enterprise.fr\/en\/home.html\" target=\"_blank\" rel=\"noopener\">Enterprise Rent-A-Car<\/a> (USA)<\/li>\n<li><a href=\"https:\/\/www.holidaycars.com\/car-rental\/\" target=\"_blank\" rel=\"noopener\">Holidaycars<\/a> (Netherlands)<\/li>\n<li><a href=\"https:\/\/yolcu360.com\/en\/\" target=\"_blank\" rel=\"noopener\">Yolcu360<\/a> (Turkish)<\/li>\n<\/ul>\n<p><span><img decoding=\"async\" alt=\"\" data-id=\"601\" width=\"702\" data-init-width=\"1000\" height=\"470\" data-init-height=\"670\" title=\"T\u00dcnektepe cable car in antalya in turkey\" loading=\"lazy\" src=\"\/\/antalyatouristinformation.com\/de\/wp-content\/uploads\/sites\/10\/2021\/02\/TUenektepe-cable-car-in-antalya-in-turkey.jpg\" data-width=\"702\" data-height=\"470\" data-pinpro-key=\"afnjll4n6\"><\/span><\/p>\n<p><b>3. Abholung und R\u00fcckgabe des Mietwagens <\/b>Alle Mietwagenfirmen bringen euch das Auto zum Hotel oder zum Flughafen, wenn der Mietvertrag f\u00fcr l\u00e4nger als 2 Tage abgeschlossen wird. Dort k\u00f6nnt ihr es dann auch wieder abgeben.<\/p>\n<p>Einen anderen R\u00fcckgabeort m\u00fcsst ihr genau mit dem Vermieter vereinbaren.<\/p>\n<p><b>4. Kontrolle des Fahrzeugs<\/b>Wir empfehlen euch dringend, das Fahrzeug bei Entgegennahme genau zu kontrollieren. Eventuelle M\u00e4ngel oder Sch\u00e4den m\u00fcsst ihr schriftlich festhalten. Am besten macht ihr zus\u00e4tzlich noch Fotos. Vergesst nicht, auch das Reserverad zu checken!<\/p>\n<p><b>5. Mietvertrag<\/b>Der Mietvertrag darf nat\u00fcrlich nicht nur in T\u00fcrkisch ausgestellt sein. Da Antalya eine Touristenhochburg ist, sind die meisten Vermieter darauf eingestellt und haben die Standardvertr\u00e4ge in Deutsch oder Englisch vorliegen.<\/p>\n<p>Bei Online-Buchung von zu Hause bekommt ihr den Vertrag automatisch in Deutsch oder Englisch.<\/p>\n<p>Der Endpreis muss in dem Vertrag angegeben sein.<\/p>\n<p><b>6. Versicherung<\/b>Der Mietwagen muss haftpflichtversichert sein. Die Deckungssumme sollte bei einer Million Euro liegen. Das klingt zwar viel, ist jedoch unbedingt notwendig.<\/p>\n<p>Zus\u00e4tzlich braucht ihr eine Vollkaskoversicherung. Meistens ist dabei standardm\u00e4\u00dfig eine Selbstbeteiligung in H\u00f6he von circa 500, &#8212; Euro enthalten. Falls ihr keine Selbstbeteiligung wollt, muss das ausdr\u00fccklich im Vertrag festgehalten werden.&nbsp;<\/p>\n<p>Erfahrungsgem\u00e4\u00df sind weitere Versicherungen \u00fcberfl\u00fcssig, auch wenn sie von den Vermietern gerne angeboten werden.<\/p>\n<p><b>7. Eintrag eines zweiten Fahrers<\/b>Soll das Fahrzeug von mehreren Personen abwechselnd gesteuert werden, muss der zweite Fahrer unbedingt in den Mietvertrag eingetragen werden. Ansonsten haftet die Versicherung im Schadensfall nicht.<\/p>\n<p>Manche Vermieter verlangen eine Extra-Geb\u00fchr f\u00fcr die Eintragung des zweiten Fahrers.<\/p>\n<p><b>8. Fahrzeugschein <\/b>Bei Abholung des Fahrzeugs bekommt ihr den Fahrzeugschein. Der hei\u00dft im T\u00fcrkischen \u201eruhsat\u201c und ist zusammen mit dem Mietvertrag der Nachweis daf\u00fcr, dass ihr das Auto rechtm\u00e4\u00dfig fahren d\u00fcrft.<\/p>\n<p><b>9. Preise und Bezahlung<\/b>Die Preise variieren sehr stark je nach Modell und Dauer des Mietvertrages.&nbsp;<\/p>\n<p>Bezahlen m\u00fcsst ihr \u00fcblicherweise mit Kreditkarte. Die Firmen blockieren einen bestimmten Betrag als Deposit.<\/p>\n<p><b><b>10. F\u00fchrerschein<\/b><span style=\"font-weight: normal\">Mit dem deutschen F\u00fchrerschein d\u00fcrft ihr in der T\u00fcrkei als Tourist Auto fahren und auch Autos mieten. Die Berechtigung gilt f\u00fcr die Fahrzeugklassen, f\u00fcr die der F\u00fchrerschein im Heimatland gilt.<\/span><\/b><\/p>\n<p><span><img decoding=\"async\" alt=\"View from a car in Antalya Streets (Editorial)\" data-id=\"2103\" width=\"702\" data-init-width=\"1000\" height=\"468\" data-init-height=\"667\" title=\"View from a car in Antalya Streets (Editorial)\" loading=\"lazy\" src=\"\/\/antalyatouristinformation.com\/de\/wp-content\/uploads\/sites\/10\/2021\/04\/View-from-a-car-in-Antalya-Streets.jpg\" data-width=\"702\" data-height=\"468\" data-pinpro-key=\"ak20addxy\"><\/span><\/p>\n<h2 id=\"t-1625828727512\">Verkehrsregeln<\/h2>\n<p>In der T\u00fcrkei ist Rechtsverkehr. Es gelten im Prinzip dieselben Verkehrsregeln wie in Deutschland. Allerdings werden die Regeln etwas anders umgesetzt.<\/p>\n<p>Viele Fahrer betrachten sie nur als eine Art Empfehlung und fahren nach ihren eigenen Gesetzen. Daher wird im Stra\u00dfenverkehr auch sehr viel gehupt.<\/p>\n<p>Wir empfehlen euch dringend, nicht auf die \u201erechts vor links\u201c Regel zu vertrauen. Vergewissert euch immer, ob die anderen Verkehrspartner das auch so auffassen. Wundert euch auch nicht, wenn in einer Einbahnstra\u00dfe pl\u00f6tzlich Gegenverkehr herrscht \u2026<\/p>\n<p><b>1. H\u00f6chstgeschwindigkeit<\/b>Innerhalb geschlossener Ortschaften gilt eine H\u00f6chstgeschwindigkeit von 50 km\/h, auf der Landstra\u00dfe 90 km\/h und auf Autobahnen 100 km\/h.<\/p>\n<p><b>2. Tanken<\/b>Wird euch der Mietwagen mit vollem Tank \u00fcbergeben, m\u00fcsst ihr ihn auch wieder vollgetankt abgeben. Bekommt ihr das Fahrzeug mit leerem Tank, k\u00f6nnt ihr es leer zur\u00fcckgegeben.<\/p>\n<p>Tankstellen gibt es in H\u00fclle und F\u00fclle. In der T\u00fcrkei tankt ihr nicht selbst, sondern sagt dem Tankwart, f\u00fcr wie viel Lira er Benzin einf\u00fcllen soll. Bezahlen k\u00f6nnt ihr bar oder mit Kreditkarte.<\/p>\n<p><b>3. Gurtpflicht<\/b>Es besteht Gurtpflicht, alle Insassen m\u00fcssen angeschnallt sein.<\/p>\n<p><span><img decoding=\"async\" alt=\"Rent a Car in Antalya\" data-id=\"2102\" width=\"702\" data-init-width=\"1000\" height=\"468\" data-init-height=\"667\" title=\"Rent a Car in Antalya\" loading=\"lazy\" src=\"\/\/antalyatouristinformation.com\/de\/wp-content\/uploads\/sites\/10\/2021\/04\/Rent-a-Car-in-Antalya.jpg\" data-width=\"702\" data-height=\"468\" data-pinpro-key=\"e0mkwktm3\"><\/span><\/p>\n<p><b>4. Verkehrsstrafen<\/b>Solltet ihr eine Verkehrsstrafe bekommen, wird diese der Mietwagenfirma zugestellt. Bei Zahlung innerhalb von 14 Tagen gibt es eine Erm\u00e4\u00dfigung von 25&nbsp;%.<\/p>\n<p>Strafen werden niemals gleich vor Ort bezahlt!<\/p>\n<p><b>5. Promillegrenze<\/b>Die offizielle Promillegrenze sind 0,5 Promille. Die Mietwagenfirmen schreiben jedoch vertraglich die 0,0 Promillegrenze vor.<\/p>\n<p><b>Es gilt also absolutes Alkoholverbot am Steuer!<\/b><\/p>\n<p><span><img decoding=\"async\" alt=\"Rent a Car in Antalya in Turkey\" data-id=\"2106\" width=\"702\" data-init-width=\"1000\" height=\"468\" data-init-height=\"667\" title=\"Rent a Car in Antalya in Turkey\" loading=\"lazy\" src=\"\/\/antalyatouristinformation.com\/de\/wp-content\/uploads\/sites\/10\/2021\/04\/Rent-a-Car.jpg\" data-width=\"702\" data-height=\"468\" data-pinpro-key=\"1drorwgb7\"><\/span><\/p>\n<h2 id=\"t-1625132673021\" data-alt-text=\"Unfall\">Was passiert bei einem Unfall?<\/h2>\n<p>Solltet ihr mit einem Mietwagen einen Unfall haben, m\u00fcsst ihr grunds\u00e4tzlich <strong>die Polizei hinzuzuziehen<\/strong>. Auch wenn der Unfallgegner dies vermeiden m\u00f6chte, m\u00fcsst ihr sie rufen, da sonst die Versicherung nicht bezahlt.<\/p>\n<p>Ist ein Mietwagen in einen Unfall verwickelt, ist die Polizei verpflichtet, den Vorgang aufzunehmen, auch wenn nur ein geringer Schaden entstanden ist.<\/p>\n<p>F\u00fcr die Versicherung ist es wichtig, dass ein <strong>Alkoholtest <\/strong>durchgef\u00fchrt wird. Alle t\u00fcrkischen Versicherungen bestehen auf einem Polizeibericht und Alkoholtest.<\/p>\n<p><strong>Am besten ruft ihr sofort euren Autovermieter an und informiert ihn.<\/strong><\/p>\n<p>Falls ihr zur Polizeistation kommen m\u00fcsst, macht keine Aussage ohne einen <strong>Dolmetscher<\/strong>. &nbsp;Die Polizeistationen m\u00fcssen einen Dolmetscher rufen, wenn einer der Unfallpartner kein T\u00fcrkisch kann.<\/p>\n<p><strong>Unterschreibt auf gar keinen Fall etwas, das ihr nicht versteht!<\/strong><\/p>\n<p>Jetzt k\u00f6nnt ihr ohne Probleme in Antalya ein Auto mieten. Solltet ihr weitere Hilfe bei der Planung eurer Reise nach Antalya oder bei der Buchung von Hotels, Autos oder Aktivit\u00e4ten ben\u00f6tigen, wendet euch bitte an <a href=\"https:\/\/antalyatouristinformation.com\/de\/travel-agent\/\" target=\"_blank\" rel=\"noopener\">unsere Reiseb\u00fcros<\/a> oder werft einen Blick in die untenstehenden Kategorien.&nbsp;<\/p>\n","protected":false},"excerpt":{"rendered":"<p>Die ist unser kompletter Guide \u00fcber Automieten in Antalya und Verkehrsregeln, die ihr kennen solltet. Ein Mietwagen empfiehlt sich vor allen dann, wenn ihr Ausfl\u00fcge in die Umgebung von Antalya machen wollt. F\u00fcr Antalya selbst braucht ihr keinen Mietwagen. Die Stadt hat ein sehr gut ausgebautes Netz an \u00f6ffentlichen Verkehrsmitteln. Mit Bus, Tram oder Dolmu\u015f, [&hellip;]<\/p>\n","protected":false},"author":6,"featured_media":2100,"parent":172,"menu_order":0,"comment_status":"open","ping_status":"closed","template":"","meta":{"_acf_changed":false,"footnotes":""},"categories":[],"tags":[57,55],"class_list":["post-1658","page","type-page","status-publish","has-post-thumbnail","hentry","tag-car","tag-plan","post-wrapper","thrv_wrapper"],"acf":[],"wp-worthy-pixel":{"ignored":false,"public":null,"server":null,"url":null},"wp-worthy-type":"normal","_links":{"self":[{"href":"https:\/\/antalyatouristinformation.com\/de\/wp-json\/wp\/v2\/pages\/1658","targetHints":{"allow":["GET"]}}],"collection":[{"href":"https:\/\/antalyatouristinformation.com\/de\/wp-json\/wp\/v2\/pages"}],"about":[{"href":"https:\/\/antalyatouristinformation.com\/de\/wp-json\/wp\/v2\/types\/page"}],"author":[{"embeddable":true,"href":"https:\/\/antalyatouristinformation.com\/de\/wp-json\/wp\/v2\/users\/6"}],"replies":[{"embeddable":true,"href":"https:\/\/antalyatouristinformation.com\/de\/wp-json\/wp\/v2\/comments?post=1658"}],"version-history":[{"count":9,"href":"https:\/\/antalyatouristinformation.com\/de\/wp-json\/wp\/v2\/pages\/1658\/revisions"}],"predecessor-version":[{"id":15049,"href":"https:\/\/antalyatouristinformation.com\/de\/wp-json\/wp\/v2\/pages\/1658\/revisions\/15049"}],"up":[{"embeddable":true,"href":"https:\/\/antalyatouristinformation.com\/de\/wp-json\/wp\/v2\/pages\/172"}],"wp:featuredmedia":[{"embeddable":true,"href":"https:\/\/antalyatouristinformation.com\/de\/wp-json\/wp\/v2\/media\/2100"}],"wp:attachment":[{"href":"https:\/\/antalyatouristinformation.com\/de\/wp-json\/wp\/v2\/media?parent=1658"}],"wp:term":[{"taxonomy":"category","embeddable":true,"href":"https:\/\/antalyatouristinformation.com\/de\/wp-json\/wp\/v2\/categories?post=1658"},{"taxonomy":"post_tag","embeddable":true,"href":"https:\/\/antalyatouristinformation.com\/de\/wp-json\/wp\/v2\/tags?post=1658"}],"curies":[{"name":"wp","href":"https:\/\/api.w.org\/{rel}","templated":true}]}}