{"id":1733,"date":"2021-03-29T12:22:34","date_gmt":"2021-03-29T10:22:34","guid":{"rendered":"https:\/\/antalyatouristinformation.com\/clone4639485xzhehsskdjfhhdhebdkkekdeewsd4545gdfgm\/clone-of-nightlife-de\/"},"modified":"2023-05-03T08:55:57","modified_gmt":"2023-05-03T06:55:57","slug":"antalya-stadt","status":"publish","type":"page","link":"https:\/\/antalyatouristinformation.com\/de\/nightlife\/antalya-stadt\/","title":{"rendered":"Nightlife in der Stadt Antalya"},"content":{"rendered":"<p>Das ist unser kompletter Guide durch das Nachtleben in Antalya City.<\/p>\n<p><a href=\"https:\/\/antalyatouristinformation.com\/de\/nightlife\/\">Nightlife-Tipps f\u00fcr die gesamte Provinz Antalya <\/a>findet ihr hier.&nbsp;<\/p>\n<p>Antalya bietet ein buntes Nachtleben. Es gibt Optionen f\u00fcr jedes Budget, von gem\u00fctlichen und preiswerten Kneipen, \u00fcber stilvolle Szene-Bars, bis hin zu s\u00fcndhaft teuren Nachtclubs.<\/p>\n<p>Viele Locations sind nur w\u00e4hrend der Saison ge\u00f6ffnet und schlie\u00dfen im Winter.<\/p>\n<p>Los geht\u2019s \u2026<\/p>\n<p><span><img decoding=\"async\" alt=\"Bar in Paloma Orenda Hotel in Antalya Turkey by Thomas\" data-id=\"5831\" width=\"702\" data-init-width=\"1000\" height=\"389\" data-init-height=\"555\" title=\"Bar in Paloma Orenda Hotel in Antalya Turkey by Thomas\" loading=\"lazy\" src=\"https:\/\/antalyatouristinformation.com\/de\/wp-content\/uploads\/sites\/10\/2021\/05\/Bar-in-Paloma-Orenda-Hotel-in-Antalya-Turkey.jpg\" data-width=\"702\" data-height=\"389\" data-pinpro-key=\"dt8pf7oj9\" data-pin-media=\"https:\/\/antalyatouristinformation.com\/de\/wp-content\/uploads\/sites\/10\/2021\/06\/prag_50_sehenswuerdigkeiten_pinterest-9-5.jpg\" data-pin-description=\"Antalya City Nightlife | Antalya Tourist Information\" data-pin-url=\"https:\/\/antalyatouristinformation.com\/de\/nightlife\/antalya-stadt\/?tve=true&amp;tcbf=2f384395df\"><\/span><\/p>\n<h2 id=\"t-1620434623161\" data-alt-text=\"\u00dcberblick\">Kurzer \u00dcberblick<\/h2>\n<p>In Antalya findet ihr <strong>Clubs und Diskotheken<\/strong>, deren Ambiente von <strong>luxuri\u00f6s<\/strong> bis <strong>minimalistisch<\/strong> reichen. In den gr\u00f6\u00dferen Discos werden meist <strong>aktuelle Hits<\/strong><strong>aus dem internationalen Repertoire<\/strong> gespielt, abwechselnd mit <strong>t\u00fcrkischer Popmusik<\/strong>, die nirgendwo fehlen darf. Regelm\u00e4\u00dfig finden <strong>Strand- und Themenpartys <\/strong>statt, die ein ganz besonderes Erlebnis versprechen.<\/p>\n<p>Oft haben sich die Lokale auf einen <strong>bestimmten Musikstil<\/strong> eingestellt, und auch f\u00fcr das reifere Publikum gibt es gen\u00fcgend Alternativen.<\/p>\n<p>Da fast alle Resorts in Antalya auf All-inclusive umgestellt haben, sind die <strong>Bars und Unterhaltungsprogramme der exklusiven Hotelanlagen<\/strong> ein bedeutender Faktor im Nachtleben von Antalya. Oft werden <strong>orientalische Shows <\/strong>organisiert und <strong>Bauchtanzvorf\u00fchrungen<\/strong> abgehalten. G\u00e4ste aus anderen Unterk\u00fcnften sind in der Regel willkommen.<\/p>\n<p>Falls ihr keine Lust auf Disco habt, geht ihr einfach in eine <strong>gem\u00fctliche Strandbar<\/strong>, eine <strong>nette Kneipe<\/strong> oder genie\u00dft die Abendstimmung am Meer von einer <strong>Dachterrasse<\/strong> aus.<\/p>\n<p>Hier findet ihr die wichtigsten Informationen zum Nightlife in Antalya City, damit ihr in eurem Urlaub unvergessliche N\u00e4chte verbringen k\u00f6nnt!<\/p>\n<p><span><img decoding=\"async\" alt=\"Cruise in Antalya in Turkey\" data-id=\"2363\" width=\"702\" data-init-width=\"1000\" height=\"468\" data-init-height=\"667\" title=\"Cruise in Antalya in Turkey\" loading=\"lazy\" src=\"\/\/antalyatouristinformation.com\/de\/wp-content\/uploads\/sites\/10\/2021\/04\/Cruise-in-Antalya-in-Turkey.jpg\" data-width=\"702\" data-height=\"468\" data-pinpro-key=\"10o8dk5ya\" data-pin-media=\"https:\/\/antalyatouristinformation.com\/de\/wp-content\/uploads\/sites\/10\/2021\/06\/prag_50_sehenswuerdigkeiten_pinterest-9-5.jpg\" data-pin-description=\"Antalya City Nightlife | Antalya Tourist Information\" data-pin-url=\"https:\/\/antalyatouristinformation.com\/de\/nightlife\/antalya-stadt\/?tve=true&amp;tcbf=2f384395df\"><\/span><\/p>\n<h2 id=\"t-1625897412568\">Nightlife &#8211; Bezirke<\/h2>\n<p>Das Nachtleben in Antalya spielt sich haupts\u00e4chlich rund um den Hafen, in Kalei\u00e7i und am Konyaalt\u0131 Strand ab.<\/p>\n<p>In den romantischen Stra\u00dfen von <a href=\"https:\/\/antalyatouristinformation.com\/de\/sehenswurdigkeiten\/geschichte\/antalya-kaleici\/\">Kalei\u00e7i, der Altstadt<\/a> von Antalya, liegen zahlreiche kleine Bars, Clubs, Restaurants und Kneipen, die eine besondere Atmosph\u00e4re bieten. Auch falls ihr gerne Wasserpfeife raucht, seid ihr in Kalei\u00e7i genau richtig.<\/p>\n<p>Entlang des <a href=\"https:\/\/antalyatouristinformation.com\/de\/sehenswurdigkeiten\/strand\/konyaalti\/\">Konyaalt\u0131 Strandes<\/a> findet ihr zahlreiche Discos, Resorts und Clubs, die bis in die fr\u00fchen Morgenstunden ge\u00f6ffnet haben.<\/p>\n<p>In der N\u00e4he des <strong>Uhrenturms<\/strong>, dem &#8222;Saat Kulesi&#8220;, liegen zahlreiche gehobene Restaurants. Die Restaurants oberhalb des Yachthafens an der alten Hafenmauer bieten nicht nur fantastisches Essen, sondern auch einen atemberaubenden Blick auf das Treiben am Hafen und auf das Meer.<\/p>\n<p>Das Viertel <strong>Muratpa\u015fa<\/strong> bietet einige interessante Diskotheken und Clubs, die einen Versuch wert sind f\u00fcr eine Nacht, die nie endet!<\/p>\n<p><span><img decoding=\"async\" alt=\"Turkish Food Hunkar Begendi\" data-id=\"4438\" width=\"702\" data-init-width=\"1000\" height=\"468\" data-init-height=\"667\" title=\"Turkish Food Hunkar Begendi\" loading=\"lazy\" src=\"https:\/\/antalyatouristinformation.com\/de\/wp-content\/uploads\/sites\/10\/2021\/04\/Turkish-Food-Hunkar-Begendi.jpg\" data-width=\"702\" data-height=\"468\" data-pinpro-key=\"at8i6us9j\" data-pin-media=\"https:\/\/antalyatouristinformation.com\/de\/wp-content\/uploads\/sites\/10\/2021\/06\/prag_50_sehenswuerdigkeiten_pinterest-9-5.jpg\" data-pin-description=\"Antalya City Nightlife | Antalya Tourist Information\" data-pin-url=\"https:\/\/antalyatouristinformation.com\/de\/nightlife\/antalya-stadt\/?tve=true&amp;tcbf=2f384395df\"><\/span><\/p>\n<h2 id=\"t-1625897412569\">T\u00fcrkisches Essen<\/h2>\n<p>Auch falls ihr in einem All-inclusive Resort wohnt, solltet ihr ab und zu au\u00dferhalb der Hotelanlage Essen gehen, um die Atmosph\u00e4re zu genie\u00dfen.<\/p>\n<p><strong>Oberhalb des Yachthafens<\/strong> findet ihr gute und exklusive Restaurants, die mit einem traumhaften Blick auf das Wasser, den Hafen und das Meer punkten.<\/p>\n<p>Im Innenhof eines \u00fcber 300 Jahre alten osmanischen Hauses liegt das <strong>Seraser Fine Dining Restaurant<\/strong>. Im Innenhof stehen hohe Palmen und Blumen; vor den alten Steinmauern wachsen Orangenb\u00e4ume, die Tische verschwinden fast in dem Gr\u00fcn. Serviert wird t\u00fcrkische und internationale K\u00fcche auf h\u00f6chstem Niveau.<\/p>\n<p>Die T\u00fcrkei ist ein sehr <strong>gastfreundliches Land<\/strong>, was sich auch im Service in den Restaurants widerspiegelt. Es ist eine neue Erfahrung, auf t\u00fcrkische Art zu essen. Keine Sorge, die mediterrane K\u00fcche ist sehr <strong>reich an Aromen<\/strong> und <strong>bietet f\u00fcr jeden Geschmack etwas<\/strong>.<\/p>\n<p><strong>Mehr lesen:<\/strong><a href=\"https:\/\/antalyatouristinformation.com\/de\/food\/restaurants\/\">15 au\u00dfergew\u00f6hnliche Restaurants in der Provinz Antalya<\/a><\/p>\n<p><span><img decoding=\"async\" alt=\"Barkeeper in Antalya in Turkey by Thomas\" data-id=\"5833\" width=\"702\" data-init-width=\"1000\" height=\"480\" data-init-height=\"684\" title=\"Barkeeper in Antalya in Turkey by Thomas\" loading=\"lazy\" src=\"https:\/\/antalyatouristinformation.com\/de\/wp-content\/uploads\/sites\/10\/2021\/05\/Barkeeper-in-Antalya-in-Turkey.jpg\" data-width=\"702\" data-height=\"480\" data-pinpro-key=\"9ku29mqd3\" data-pin-media=\"https:\/\/antalyatouristinformation.com\/de\/wp-content\/uploads\/sites\/10\/2021\/06\/prag_50_sehenswuerdigkeiten_pinterest-9-5.jpg\" data-pin-description=\"Antalya City Nightlife | Antalya Tourist Information\" data-pin-url=\"https:\/\/antalyatouristinformation.com\/de\/nightlife\/antalya-stadt\/?tve=true&amp;tcbf=2f384395df\"><\/span><\/p>\n<h2 id=\"t-1625897412570\">Pubs und Bar in der Altstadt<\/h2>\n<p>Die Altstadt mit ihren kleinen verwinkelten Gassen, Kopfsteinpflaster und alten H\u00e4usern, winzigen Boutiquen und Gesch\u00e4ften ist tags\u00fcber einen Besuch wert, wird aber nachts noch attraktiver, wenn sanfte Lichter die engen Gassen erhellen und aus jeder T\u00fcr der <strong>Klang unterschiedlicher Musik<\/strong> ert\u00f6nt.<\/p>\n<p><strong>Bars und Restaurants<\/strong> scheinen pl\u00f6tzlich aus dem Boden zu sprie\u00dfen, und die Wahl f\u00e4llt nicht leicht. Sie alle bieten t\u00fcrkische, mediterrane K\u00fcche mit internationalem Einfluss an.<\/p>\n<p><span><img decoding=\"async\" alt=\"Aspendos Ancient Site in Antalya in Turkey\" data-id=\"2028\" width=\"702\" data-init-width=\"1200\" height=\"368\" data-init-height=\"630\" title=\"Aspendos Ancient Site in Antalya in Turkey\" loading=\"lazy\" src=\"\/\/antalyatouristinformation.com\/de\/wp-content\/uploads\/sites\/10\/2021\/04\/Aspendos-Ancient-Site-in-Antalya-in-Turkey.jpg\" data-width=\"702\" data-height=\"368\" data-pinpro-key=\"ee4w9doe7\" data-pin-media=\"https:\/\/antalyatouristinformation.com\/de\/wp-content\/uploads\/sites\/10\/2021\/06\/prag_50_sehenswuerdigkeiten_pinterest-9-5.jpg\" data-pin-description=\"Antalya City Nightlife | Antalya Tourist Information\" data-pin-url=\"https:\/\/antalyatouristinformation.com\/de\/nightlife\/antalya-stadt\/?tve=true&amp;tcbf=2f384395df\"><\/span><\/p>\n<h2 id=\"t-1620434623165\">Konzerte in Aspendos<\/h2>\n<p>Etwa 40 Kilometer \u00f6stlich von Antalya liegt <a href=\"https:\/\/antalyatouristinformation.com\/de\/sehenswurdigkeiten\/geschichte\/aspendos\/\">Aspendos<\/a>, ber\u00fchmt f\u00fcr sein r\u00f6misches Theater aus dem 2. Jahrhundert nach unserer Zeitrechnung. Es gilt als eine der am besten erhaltenen Arenen der Welt und wird in den Sommermonaten als Veranstaltungsort genutzt. Jedes Jahr im Juni findet hier das <strong>Internationale Opern- und Ballettfestival<\/strong> statt. Auch die ber\u00fchmte <strong>Show &#8222;Feuer von Anatolien<\/strong>&#8220; wird in Aspendos aufgef\u00fchrt.<\/p>\n<p>Der Besuch eines Konzertes in dem antiken Theater ist sicherlich ein unvergessliches Erlebnis.<\/p>\n<p><span><img decoding=\"async\" alt=\"Club and Disco in Antalya in Turkey\" data-id=\"2365\" width=\"702\" data-init-width=\"1000\" height=\"468\" data-init-height=\"667\" title=\"Club and Disco in Antalya in Turkey\" loading=\"lazy\" src=\"\/\/antalyatouristinformation.com\/de\/wp-content\/uploads\/sites\/10\/2021\/04\/Club-and-Disco-in-Antalya-in-Turkey.jpg\" data-width=\"702\" data-height=\"468\" data-pinpro-key=\"axdkwbz51\" data-pin-media=\"https:\/\/antalyatouristinformation.com\/de\/wp-content\/uploads\/sites\/10\/2021\/06\/prag_50_sehenswuerdigkeiten_pinterest-9-5.jpg\" data-pin-description=\"Antalya City Nightlife | Antalya Tourist Information\" data-pin-url=\"https:\/\/antalyatouristinformation.com\/de\/nightlife\/antalya-stadt\/?tve=true&amp;tcbf=2f384395df\"><\/span><\/p>\n<h2 id=\"t-1620434623166\">Club and Disco<\/h2>\n<p>Mit mehreren Bars und einem Restaurant ist der <strong>Club29<\/strong> am Yachthafen eine der gr\u00f6\u00dften Open-Air-Discos in der Region. Die G\u00e4ste bestehen haupts\u00e4chlich aus j\u00fcngerem Publikum. Der <strong>Club Ally<\/strong> liegt in einem restaurierten Palastteil im Stadtteil Muratpa\u015fa. In der angesagten Disco wird t\u00fcrkische Pop- und internationale Chart-Musik gespielt. <strong>Lasershows<\/strong> k\u00f6nnt ihr in Konyaalt\u0131 im <strong>\u00d6zkaymak Falez Hotel <\/strong>genie\u00dfen. Mit t\u00fcrkischer Popmusik und internationalen Hits am\u00fcsiert sich das meist junge Publikum bis zum Morgengrauen. Der <strong>Club Inferno in Kemer<\/strong>, etwa 50 Kilometer von Antalya entfernt, bietet Platz f\u00fcr 3.000 G\u00e4ste und ist bekannt f\u00fcr seine Shows und B\u00fchnenauftritte, die bis in die fr\u00fchen Morgenstunden f\u00fcr Unterhaltung sorgen.<\/p>\n<h2 id=\"t-1625901548246\">Dinner-Kreuzfahrt<\/h2>\n<p>Lasst euch v<strong>on den Lichtern der Stadt verzaubern<\/strong>, die vom Wasser aus noch beeindruckender wirkt, und genie\u00dft Antalya aus einer anderen Perspektive.<\/p>\n<p>Erlebt einen herrlichen Panoramablick auf den beleuchteten Hafen, die alte Stadtmauer sowie die Skyline der Stadt und den gesamten K\u00fcstenstreifen.<\/p>\n<p>Genie\u00dft die Atmosph\u00e4re, w\u00e4hrend ein mehrg\u00e4ngiges Abendessen an Deck serviert wird. Antalya sieht bei Nacht mit seiner beeindruckenden Lichterkette noch bezaubernder aus.<\/p>\n<p><span><img decoding=\"async\" alt=\"Turkish Music in Turkey\" data-id=\"2367\" width=\"702\" data-init-width=\"1000\" height=\"468\" data-init-height=\"667\" title=\"Turkish Music in Turkey\" loading=\"lazy\" src=\"\/\/antalyatouristinformation.com\/de\/wp-content\/uploads\/sites\/10\/2021\/04\/Turkish-Music-in-Turkey.jpg\" data-width=\"702\" data-height=\"468\" data-pinpro-key=\"yev726ykl\" data-pin-media=\"https:\/\/antalyatouristinformation.com\/de\/wp-content\/uploads\/sites\/10\/2021\/06\/prag_50_sehenswuerdigkeiten_pinterest-9-5.jpg\" data-pin-description=\"Antalya City Nightlife | Antalya Tourist Information\" data-pin-url=\"https:\/\/antalyatouristinformation.com\/de\/nightlife\/antalya-stadt\/?tve=true&amp;tcbf=2f384395df\"><\/span><\/p>\n<h2 id=\"t-1625901548247\">T\u00fcrkische Musik<\/h2>\n<p>Falls ihr einen t\u00fcrkischen Abend mit <strong>original t\u00fcrkischer Musik<\/strong> erleben wollt, solltet ihr die&nbsp;<strong>Akdeniz \u00c7icek Pasaj\u0131<\/strong> besuchen. Hier f\u00fchren Folkloregruppen authentische T\u00e4nze zu traditioneller Musik auf. Ein besonderes Erlebnis&#8230;<\/p>\n<h2 id=\"t-1625901548248\">\u00d6ffnungszeiten<\/h2>\n<p>Antalya schl\u00e4ft nicht. <strong>Discos und Clubs <\/strong>sind im Sommer <strong>bis in die fr\u00fchen Morgenstunden<\/strong> ge\u00f6ffnet. <strong>Restaurants<\/strong> schlie\u00dfen meist um <strong>Mitternacht<\/strong>, oft auch sp\u00e4ter, je nachdem, wie viele G\u00e4ste noch da sind. Der Service ist in der T\u00fcrkei sehr <strong>flexibel<\/strong>.<\/p>\n<p><span><img decoding=\"async\" alt=\"Bar in Paloma Orenda Hotel in Antalya Turkey\" data-id=\"5835\" width=\"702\" data-init-width=\"1000\" height=\"423\" data-init-height=\"603\" title=\"Bar in Paloma Orenda Hotel in Antalya Turkey\" loading=\"lazy\" src=\"https:\/\/antalyatouristinformation.com\/de\/wp-content\/uploads\/sites\/10\/2021\/05\/Bar-in-Paloma-Orenda-Hotel-in-Antalya-Turkey-2.jpg\" data-width=\"702\" data-height=\"423\" data-pinpro-key=\"bqdpe05il\" data-pin-media=\"https:\/\/antalyatouristinformation.com\/de\/wp-content\/uploads\/sites\/10\/2021\/06\/prag_50_sehenswuerdigkeiten_pinterest-9-5.jpg\" data-pin-description=\"Antalya City Nightlife | Antalya Tourist Information\" data-pin-url=\"https:\/\/antalyatouristinformation.com\/de\/nightlife\/antalya-stadt\/?tve=true&amp;tcbf=2f384395df\"><\/span><\/p>\n<h2 id=\"t-1625901548249\">Preise<\/h2>\n<p>In den <strong>exklusiven Clubs und Diskotheken<\/strong> m\u00fcsst ihr mit europ\u00e4ischem Preisniveau rechnen. <strong>Alkohol<\/strong> wird in der T\u00fcrkei sehr hoch besteuert und ist daher relativ teuer. <strong>Restaurants<\/strong> sind f\u00fcr europ\u00e4ische Verh\u00e4ltnisse relativ preiswert, aber auch hier variiert das Preisniveau je nach Lage und Beliebtheit.<\/p>\n<p><strong>Nun wisst ihr alles \u00fcber das Nachtleben in Antalya. Falls ihr Fragen habt oder uns Anregungen geben m\u00f6chtet, hinterlasst uns doch einfach unten einen Kommentar.<\/strong><\/p>\n","protected":false},"excerpt":{"rendered":"<p>Das ist unser kompletter Guide durch das Nachtleben in Antalya City. Nightlife-Tipps f\u00fcr die gesamte Provinz Antalya findet ihr hier.&nbsp; Antalya bietet ein buntes Nachtleben. Es gibt Optionen f\u00fcr jedes Budget, von gem\u00fctlichen und preiswerten Kneipen, \u00fcber stilvolle Szene-Bars, bis hin zu s\u00fcndhaft teuren Nachtclubs. Viele Locations sind nur w\u00e4hrend der Saison ge\u00f6ffnet und schlie\u00dfen [&hellip;]<\/p>\n","protected":false},"author":6,"featured_media":2359,"parent":4764,"menu_order":0,"comment_status":"open","ping_status":"closed","template":"","meta":{"_acf_changed":false,"footnotes":""},"categories":[],"tags":[63],"class_list":["post-1733","page","type-page","status-publish","has-post-thumbnail","hentry","tag-nightlife","post-wrapper","thrv_wrapper"],"acf":[],"wp-worthy-pixel":{"ignored":false,"public":null,"server":null,"url":null},"wp-worthy-type":"normal","_links":{"self":[{"href":"https:\/\/antalyatouristinformation.com\/de\/wp-json\/wp\/v2\/pages\/1733","targetHints":{"allow":["GET"]}}],"collection":[{"href":"https:\/\/antalyatouristinformation.com\/de\/wp-json\/wp\/v2\/pages"}],"about":[{"href":"https:\/\/antalyatouristinformation.com\/de\/wp-json\/wp\/v2\/types\/page"}],"author":[{"embeddable":true,"href":"https:\/\/antalyatouristinformation.com\/de\/wp-json\/wp\/v2\/users\/6"}],"replies":[{"embeddable":true,"href":"https:\/\/antalyatouristinformation.com\/de\/wp-json\/wp\/v2\/comments?post=1733"}],"version-history":[{"count":9,"href":"https:\/\/antalyatouristinformation.com\/de\/wp-json\/wp\/v2\/pages\/1733\/revisions"}],"predecessor-version":[{"id":15028,"href":"https:\/\/antalyatouristinformation.com\/de\/wp-json\/wp\/v2\/pages\/1733\/revisions\/15028"}],"up":[{"embeddable":true,"href":"https:\/\/antalyatouristinformation.com\/de\/wp-json\/wp\/v2\/pages\/4764"}],"wp:featuredmedia":[{"embeddable":true,"href":"https:\/\/antalyatouristinformation.com\/de\/wp-json\/wp\/v2\/media\/2359"}],"wp:attachment":[{"href":"https:\/\/antalyatouristinformation.com\/de\/wp-json\/wp\/v2\/media?parent=1733"}],"wp:term":[{"taxonomy":"category","embeddable":true,"href":"https:\/\/antalyatouristinformation.com\/de\/wp-json\/wp\/v2\/categories?post=1733"},{"taxonomy":"post_tag","embeddable":true,"href":"https:\/\/antalyatouristinformation.com\/de\/wp-json\/wp\/v2\/tags?post=1733"}],"curies":[{"name":"wp","href":"https:\/\/api.w.org\/{rel}","templated":true}]}}