{"id":1774,"date":"2021-04-02T18:00:34","date_gmt":"2021-04-02T16:00:34","guid":{"rendered":"https:\/\/antalyatouristinformation.com\/clone4639485xzhehsskdjfhhdhebdkkekdeewsd4545gdfgm\/?page_id=1774"},"modified":"2024-01-18T17:26:03","modified_gmt":"2024-01-18T16:26:03","slug":"simena","status":"publish","type":"page","link":"https:\/\/antalyatouristinformation.com\/de\/sehenswurdigkeiten\/geschichte\/simena\/","title":{"rendered":"Simena (Kalek\u00f6y): Der komplette Guide zur antiken Stadt in Antalya"},"content":{"rendered":"<p>Das ist unser Guide zur antiken St\u00e4tte Simena in Antalya.<\/p>\n<p>Simena ist der alte Name von Kalek\u00f6y &#8211; einer faszinierenden Stadt, die ihr nur mit dem Boot erreichen k\u00f6nnt.<\/p>\n<p>Lest hier Reisetipps und wichtige Informationen f\u00fcr euren Besuch von Kalek\u00f6y.&nbsp;<\/p>\n<p>Dazu geh\u00f6ren Attraktionen, Anfahrt, Tickets f\u00fcr Bootstouren, Hotels und die Geschichte von Simena.<\/p>\n<p>Legen wir los!<\/p>\n<p><span><img decoding=\"async\" alt=\"Sunken Basilica at Simena in Kalekoy in Antalya in Turkey\" data-id=\"1829\" width=\"702\" data-init-width=\"1000\" height=\"470\" data-init-height=\"670\" title=\"Sunken Basilica at Simena in Kalekoy in Antalya in Turkey\" loading=\"lazy\" src=\"https:\/\/antalyatouristinformation.com\/de\/wp-content\/uploads\/sites\/10\/2021\/04\/simena-kalekoey-antalya.jpg\" data-width=\"702\" data-height=\"470\" data-pinpro-key=\"dtg14dj1f\" data-pin-media=\"https:\/\/antalyatouristinformation.com\/de\/wp-content\/uploads\/sites\/10\/2021\/06\/Antalya-Pinterest-4-10.jpg\" data-pin-description=\"Guide zur antiken St\u00e4tte Simena | Antalya Tourist Information\" data-pin-url=\"https:\/\/antalyatouristinformation.com\/de\/things-to-do\/history\/simena\/?tve=true&amp;tcbf=22c34766f8\"><\/span><\/p>\n<h2 id=\"t-1624957531245\" data-alt-text=\"Was kann ich machen?\">Was kann ich in Simena machen?<\/h2>\n<p>Simena war eine <strong>kleine<\/strong><strong>&nbsp;lykische K\u00fcstenstadt<\/strong>, die seit dem 4. Jahrhundert bewohnt war. Heute hei\u00dft sie Kalek\u00f6y. Sie ist <strong>eine der wenigen Siedlungen in der T\u00fcrkei,<\/strong><strong>die ihr nur auf dem Seeweg erreichen k\u00f6nnt<\/strong>.<\/p>\n<p>Eine der Hauptattraktionen sind die Ruinen von Simena. Ihr findet vor Ort ein<strong> hellenistisches Theater, Tempel und lykische Gr\u00e4ber. <\/strong>Interessant ist, dass Simena <strong>das kleinste Theater<\/strong> unter den lykischen St\u00e4dten besa\u00df. Es bot gerade mal Platz f\u00fcr 200 Zuschauer.<\/p>\n<p>Die <strong>alten Steinh\u00e4user von Kalek\u00f6y<\/strong> stehen im Einklang mit der Umgebung. Von der mittelalterlichen Burg genie\u00dft ihr einen gro\u00dfartigen Blick auf die <strong>Insel <\/strong><a href=\"https:\/\/antalyatouristinformation.com\/de\/sehenswurdigkeiten\/inseln\/kekova\/\"><strong>Kekova<\/strong><\/a>. Die Burg wurde gebaut, um die Einwohner vor den Piraten zu sch\u00fctzen, die sich auf der Insel Kekova versteckt hielten.<\/p>\n<p>Eines der Bauwerke unter der versunkenen Stadt ist eine <strong>Basilika<\/strong>. Falls ihr an einer Bootstour teilnehmt, k\u00f6nnt ihr die versunkene Basilika mit einem kreuzf\u00f6rmigen Relief sehen.<\/p>\n<p><span><img decoding=\"async\" alt=\"Tombs at Simena in Antalya in Turkey\" data-id=\"1830\" width=\"702\" data-init-width=\"1000\" height=\"470\" data-init-height=\"670\" title=\"Tombs at Simena in Antalya in Turkey\" loading=\"lazy\" src=\"https:\/\/antalyatouristinformation.com\/de\/wp-content\/uploads\/sites\/10\/2021\/04\/tombs-in-simena-in-antalya-in-turkey.jpg\" data-width=\"702\" data-height=\"470\" data-pinpro-key=\"59qu61dww\" data-pin-media=\"https:\/\/antalyatouristinformation.com\/de\/wp-content\/uploads\/sites\/10\/2021\/06\/Antalya-Pinterest-4-10.jpg\" data-pin-description=\"Guide zur antiken St\u00e4tte Simena | Antalya Tourist Information\" data-pin-url=\"https:\/\/antalyatouristinformation.com\/de\/things-to-do\/history\/simena\/?tve=true&amp;tcbf=22c34766f8\"><\/span><\/p>\n<p>Haltet Ausschau nach den<strong> lykischen Felsengr\u00e4bern<\/strong> mit lykischen Inschriften. Sie sind in H\u00fclle und F\u00fclle sowohl im Wasser als auch an der K\u00fcste zu sehen. Ihr findet <strong>tonnenschwere Sarkophage<\/strong> fast \u00fcberall in der antiken St\u00e4tte. Besonders viele befinden sich am linken Berghang der Burg.<\/p>\n<p>In der antiken Stadt k\u00f6nnt ihr <strong>\u00dcberbleibsel vom Pier, den H\u00e4usern und Steintreppen <\/strong>entdecken. F\u00fcr viele ist es ein Highlight, eine riesige Stadt zu sehen, die fast komplett im Wasser versunken ist. Die Siedlungen in der N\u00e4he des alten Stadthafens sind wahrscheinlich durch ein Erdbeben untergegangen. So hat sich das Gebiet in eine Insel verwandelt. Viele <strong>antike Ruinen und der Pier des Hafens <\/strong>sind unter einem Meter Wasser deutlich erkennbar.<\/p>\n<p><span><img decoding=\"async\" alt=\"Simena Kalekoy in Antalya in Turkey\" data-id=\"1825\" width=\"702\" data-init-width=\"1000\" height=\"470\" data-init-height=\"670\" title=\"Simena Kalekoy in Antalya in Turkey\" loading=\"lazy\" src=\"https:\/\/antalyatouristinformation.com\/de\/wp-content\/uploads\/sites\/10\/2021\/04\/simena-in-antalya-in-turkey.jpg\" data-width=\"702\" data-height=\"470\" data-pinpro-key=\"4oomnexz9\" data-pin-media=\"https:\/\/antalyatouristinformation.com\/de\/wp-content\/uploads\/sites\/10\/2021\/06\/Antalya-Pinterest-4-10.jpg\" data-pin-description=\"Guide zur antiken St\u00e4tte Simena | Antalya Tourist Information\" data-pin-url=\"https:\/\/antalyatouristinformation.com\/de\/things-to-do\/history\/simena\/?tve=true&amp;tcbf=22c34766f8\"><\/span><\/p>\n<h2 id=\"t-1624957531239\" data-alt-text=\"Eintritt, Tickets &amp; F\u00fchrungen\">Eintritt, Tickets und F\u00fchrungen<\/h2>\n<ul>\n<li><span><strong>Eintritt: <\/strong>In der Sommersaison k\u00f6nnt ihr Simena von 08:00-19:00 Uhr und in der Wintersaison von 08:30-17:30 Uhr besuchen.<\/span><\/li>\n<\/ul>\n<ul>\n<li><span><strong>Tickets:<\/strong> Der Eintritt in die antike Stadt Simena ist kostenpflichtig. Falls ihr den Museumspass Akdeniz besitzt, k\u00f6nnt ihr die St\u00e4tte kostenlos besuchen.<\/span><\/li>\n<li><span><strong>Touren:&nbsp;<\/strong>Kalek\u00f6y (Simena) kann nur \u00fcber den Seeweg erreicht werden. Ihr k\u00f6nnt Kalek\u00f6y besuchen, indem ihr an einer Bootstour teilnehmt, die von \u00dc\u00e7a\u011f\u0131z startet. Bei den Bootstouren werden Stopps zum Schwimmen gemacht, zum Beispiel in der Aquarienbucht und anderen Buchten. Unterwegs seht ihr die ber\u00fchmten Felsengr\u00e4ber, die versunkene Stadt und schlie\u00dflich Kalek\u00f6y.<\/span><\/li>\n<\/ul>\n<ul>\n<li><span><strong>Tipp:<\/strong> Falls ihr Tickets f\u00fcr Vergn\u00fcgungsparks, Museen und Touren f\u00fcr eure Antalya-Reise vorab buchen m\u00f6chtet, solltet ihr unbedingt einen Blick auf die Angebote in unserem offiziellen Shop werfen.<\/span><\/li>\n<\/ul>\n<p><span><img decoding=\"async\" alt=\"Simena Kalekoy Ancient City in Antalya in Turkey\" data-id=\"1827\" width=\"702\" data-init-width=\"1000\" height=\"470\" data-init-height=\"670\" title=\"Simena Kalekoy Ancient City in Antalya in Turkey\" loading=\"lazy\" src=\"https:\/\/antalyatouristinformation.com\/de\/wp-content\/uploads\/sites\/10\/2021\/04\/simena-kalekoey-anc-city-in-antalya.jpg\" data-width=\"702\" data-height=\"470\" data-pinpro-key=\"e3hxwe7ua\" data-pin-media=\"https:\/\/antalyatouristinformation.com\/de\/wp-content\/uploads\/sites\/10\/2021\/06\/Antalya-Pinterest-4-10.jpg\" data-pin-description=\"Guide zur antiken St\u00e4tte Simena | Antalya Tourist Information\" data-pin-url=\"https:\/\/antalyatouristinformation.com\/de\/things-to-do\/history\/simena\/?tve=true&amp;tcbf=22c34766f8\"><\/span><\/p>\n<h2 id=\"t-1624957531240\" data-alt-text=\"Anfahrt\">Wie komme ich nach Simena?<\/h2>\n<p>Ihr k\u00f6nnt <b>Kalek\u00f6y (Simena) nur auf dem Seeweg erreichen<\/b>. Nehmt daf\u00fcr am besten an einer Bootstour teil, die <u>von \u00dc\u00e7a\u011f\u0131z<\/u> ablegt. Es gibt auch <strong>m<\/strong><b>otorisierte Bootstouren ab Ka\u015f und Demre.<\/b><\/p>\n<p><span><img decoding=\"async\" alt=\"Aerial view of Sunken Basilica at Simena in Antalya in Turkey\" data-id=\"1828\" width=\"702\" data-init-width=\"1000\" height=\"470\" data-init-height=\"670\" title=\"Aerial view of Sunken Basilica at Simena in Antalya in Turkey\" loading=\"lazy\" src=\"https:\/\/antalyatouristinformation.com\/de\/wp-content\/uploads\/sites\/10\/2021\/04\/simena-aerial-in-antalya-in-turkey.jpg\" data-width=\"702\" data-height=\"470\" data-pinpro-key=\"5kh8q14du\" data-pin-media=\"https:\/\/antalyatouristinformation.com\/de\/wp-content\/uploads\/sites\/10\/2021\/06\/Antalya-Pinterest-4-10.jpg\" data-pin-description=\"Guide zur antiken St\u00e4tte Simena | Antalya Tourist Information\" data-pin-url=\"https:\/\/antalyatouristinformation.com\/de\/things-to-do\/history\/simena\/?tve=true&amp;tcbf=22c34766f8\"><\/span><\/p>\n<h2 id=\"t-1624957531241\" data-alt-text=\"Hotels\">Hotels in der N\u00e4he von Simena (Kalek\u00f6y)<\/h2>\n<p>Wie bereits erw\u00e4hnt, gibt es wunderbare Hotels, in denen ihr w\u00e4hrend eurer Reise nach Simena \u00fcbernachten k\u00f6nnt. <b>Wir haben hier f\u00fcr euch einige der besten Hotels f\u00fcr euren Besuch in Kalek\u00f6y zusammengestellt:<\/b><\/p>\n<ul>\n<li><b>Simena Pansiyon:&nbsp;<\/b>Die Burg von Simena liegt nicht allzu weit von der Simena Pansiyon entfernt. Die Simena Pansiyon bietet euch das Beste, was die Stadt Demre (Kale) zu bieten hat, und macht euren Aufenthalt entspannend und angenehm. <u>Adresse<\/u>: Kale Ucagiz Koyu Kekova Antalya, Demre<\/li>\n<li><b>La Kumsal Hotel:<\/b> Vom La Kumsal Hotel genie\u00dft ihr einen herrlichen Blick auf das Meer und die Insel Meis. Die meisten Zimmer haben einen Meerblick. Der Tag beginnt hier mit einem offenen Fr\u00fchst\u00fccksbuffet. Das \u00c0-la-carte-Restaurant serviert Aromen der mediterranen K\u00fcche. Das Stadtzentrum von Ka\u015f liegt 5 km vom Hotel entfernt. <u>Adresse<\/u>: Cukurbag Yarim Adasi Beyhan Cenkci Cad. Nr: 74, Kas<\/li>\n<li><b>Alley Prime Hotel:<\/b> Das Alley Prime Hotel ist ein Luxushotel in Ka\u015f mit gem\u00fctlichen Zimmern. <u>Adresse<\/u>: Andifli Mahallesi, Bulent Kalkavan Sokak No: 14\/1, Kas 07580 T\u00fcrkei<\/li>\n<li><b>Kekova Pansiyon:<\/b> Die Kekova Pansiyon liegt direkt am Meer in einem historischen Dorf, das von Ruinen umgeben ist. Sie besteht aus acht gro\u00dfen Zimmern mit Meerblick. Ihr k\u00f6nnt hier traditionelle, hausgemachte Mahlzeiten probieren und den Strandabschnitt am Meer genie\u00dfen. <u>Adresse<\/u>: Ucagiz Koyu, Kekova<\/li>\n<\/ul>\n<h2 id=\"t-1624957531242\" data-alt-text=\"FAQ \">FAQ (H\u00e4ufige Fragen)<\/h2>\n<p><span><img decoding=\"async\" alt=\"Simena Castle in Antalya in Turkey\" data-id=\"1826\" width=\"702\" data-init-width=\"1000\" height=\"470\" data-init-height=\"670\" title=\"Simena Castle in Antalya in Turkey\" loading=\"lazy\" src=\"https:\/\/antalyatouristinformation.com\/de\/wp-content\/uploads\/sites\/10\/2021\/04\/simena-castle-in-antalya-in-turkey.jpg\" data-width=\"702\" data-height=\"470\" data-pinpro-key=\"qlp1hmnlk\" data-pin-media=\"https:\/\/antalyatouristinformation.com\/de\/wp-content\/uploads\/sites\/10\/2021\/06\/Antalya-Pinterest-4-10.jpg\" data-pin-description=\"Guide zur antiken St\u00e4tte Simena | Antalya Tourist Information\" data-pin-url=\"https:\/\/antalyatouristinformation.com\/de\/things-to-do\/history\/simena\/?tve=true&amp;tcbf=22c34766f8\"><\/span><\/p>\n<h2 id=\"t-1624957531243\" data-alt-text=\"Geschichte\">Geschichte von Simena<\/h2>\n<p>Simena bedeutet &#8222;Mutter G\u00f6ttin&#8220; in der alten anatolischen Sprache Luwisch. Wie aus einigen Inschriften in der Region zu erkennen ist, geht die Geschichte von Simena auf das 4. Jahrhundert vor unserer Zeitrechnung zur\u00fcck.<\/p>\n<p>In der R\u00f6merzeit war die Stadt eine wichtige Siedlung. Zusammen mit Aperlai, Apollonia und Isinda geh\u00f6rte Simena zum Lykischen Bund. Sie gewann aber nie an gro\u00dfer Bedeutung. Genau wie bei Theimiussa kann man die Ruinen der Stadt sowohl an Land als auch unter Wasser sehen. In der N\u00e4he des Piers gibt es ein Badehaus am Meeresufer mit einer Inschrift, die dem Kaiser Titus Flavius Vespasian (79-81) gewidmet ist.<\/p>\n<p>Die Nekropole mit \u00fcberwiegend r\u00f6mischen Sarkophagen im lykischen Stil ist ebenfalls teilweise versunken. Ein einzelner Sarkophag ragt frei aus dem Wasser. Um ihn herum sind die Reste von versunkenen Wegen zu sehen.<\/p>\n<p>Kalek\u00f6y ist eine Station auf dem Lykischen Weg. Ein Wanderweg f\u00fchrt von \u00dc\u00e7a\u011f\u0131z aus durch eher unwegsames Gel\u00e4nde in Richtung Kalek\u00f6y. In der Regel kommen Besucher mit dem Boot nach Kalek\u00f6y. Bootstouren werden von Ka\u015f, \u00dc\u00e7a\u011f\u0131z, Demre und Andriake aus angeboten.<\/p>\n<p>Erfahrt in unserem Guide \u00fcber <a href=\"https:\/\/antalyatouristinformation.com\/de\/sehenswurdigkeiten\/geschichte\/\">antike Ruinen in Antalya <\/a>mehr \u00fcber Denkm\u00e4ler in der Region.<\/p>\n<h2 id=\"t-1624957531244\">Kontakt<\/h2>\n<ul>\n<li><span><strong>Adresse:&nbsp;<\/strong>\u00dc\u00e7a\u011f\u0131z Mah., Kale K\u00f6y\u00fc Mevkii Antalya<\/span><\/li>\n<li><span><strong>\u00d6ffnungszeiten:&nbsp;<\/strong>In der Sommersaison: 10:00-16:00 Uhr; im Winter: 08:30-17:30 Uhr<\/span><\/li>\n<li><span><strong>Anfahrt:<\/strong> Nur mit dem Boot<\/span><\/li>\n<li><span><strong>Webseite:&nbsp;<\/strong><a href=\"https:\/\/muze.gov.tr\/muze-detay?DistId=SIO&amp;SectionId=SIO01\" target=\"_blank\" rel=\"noopener\">Muze.gov.tr<\/a><\/span><\/li>\n<\/ul>\n","protected":false},"excerpt":{"rendered":"<p>Das ist unser Guide zur antiken St\u00e4tte Simena in Antalya. Simena ist der alte Name von Kalek\u00f6y &#8211; einer faszinierenden Stadt, die ihr nur mit dem Boot erreichen k\u00f6nnt. Lest hier Reisetipps und wichtige Informationen f\u00fcr euren Besuch von Kalek\u00f6y.&nbsp; Dazu geh\u00f6ren Attraktionen, Anfahrt, Tickets f\u00fcr Bootstouren, Hotels und die Geschichte von Simena. Legen wir [&hellip;]<\/p>\n","protected":false},"author":5,"featured_media":1823,"parent":119,"menu_order":0,"comment_status":"open","ping_status":"closed","template":"","meta":{"_acf_changed":false,"footnotes":""},"categories":[],"tags":[43,42,44,45],"class_list":["post-1774","page","type-page","status-publish","has-post-thumbnail","hentry","tag-antiquity","tag-history","tag-island","tag-sea","post-wrapper","thrv_wrapper"],"acf":[],"wp-worthy-pixel":{"ignored":false,"public":"4fea0b6801e94cad8511727ad544cbf8","server":"vg01.met.vgwort.de","url":"https:\/\/vg01.met.vgwort.de\/na\/4fea0b6801e94cad8511727ad544cbf8"},"wp-worthy-type":"normal","_links":{"self":[{"href":"https:\/\/antalyatouristinformation.com\/de\/wp-json\/wp\/v2\/pages\/1774","targetHints":{"allow":["GET"]}}],"collection":[{"href":"https:\/\/antalyatouristinformation.com\/de\/wp-json\/wp\/v2\/pages"}],"about":[{"href":"https:\/\/antalyatouristinformation.com\/de\/wp-json\/wp\/v2\/types\/page"}],"author":[{"embeddable":true,"href":"https:\/\/antalyatouristinformation.com\/de\/wp-json\/wp\/v2\/users\/5"}],"replies":[{"embeddable":true,"href":"https:\/\/antalyatouristinformation.com\/de\/wp-json\/wp\/v2\/comments?post=1774"}],"version-history":[{"count":10,"href":"https:\/\/antalyatouristinformation.com\/de\/wp-json\/wp\/v2\/pages\/1774\/revisions"}],"predecessor-version":[{"id":14739,"href":"https:\/\/antalyatouristinformation.com\/de\/wp-json\/wp\/v2\/pages\/1774\/revisions\/14739"}],"up":[{"embeddable":true,"href":"https:\/\/antalyatouristinformation.com\/de\/wp-json\/wp\/v2\/pages\/119"}],"wp:featuredmedia":[{"embeddable":true,"href":"https:\/\/antalyatouristinformation.com\/de\/wp-json\/wp\/v2\/media\/1823"}],"wp:attachment":[{"href":"https:\/\/antalyatouristinformation.com\/de\/wp-json\/wp\/v2\/media?parent=1774"}],"wp:term":[{"taxonomy":"category","embeddable":true,"href":"https:\/\/antalyatouristinformation.com\/de\/wp-json\/wp\/v2\/categories?post=1774"},{"taxonomy":"post_tag","embeddable":true,"href":"https:\/\/antalyatouristinformation.com\/de\/wp-json\/wp\/v2\/tags?post=1774"}],"curies":[{"name":"wp","href":"https:\/\/api.w.org\/{rel}","templated":true}]}}