{"id":1788,"date":"2021-04-01T14:26:25","date_gmt":"2021-04-01T12:26:25","guid":{"rendered":"https:\/\/antalyatouristinformation.com\/clone4639485xzhehsskdjfhhdhebdkkekdeewsd4545gdfgm\/clone-of-shopping-de\/"},"modified":"2023-05-03T09:56:20","modified_gmt":"2023-05-03T07:56:20","slug":"guide","status":"publish","type":"page","link":"https:\/\/antalyatouristinformation.com\/de\/shopping\/guide\/","title":{"rendered":"Antalya Shopping Guide: Was kann ich wo kaufen"},"content":{"rendered":"<p>Die ist unser kompletter Shopping-Guide f\u00fcr Antalya.<\/p>\n<p>In der Millionenstadt gibt es eine Vielzahl von Gesch\u00e4ften mit einem nahezu unbegrenzten Angebot. Egal ob ihr Teppiche oder moderne Kleidung, Souvenirs oder handgefertigtes Geschirr, Stoffe oder Accessoires sucht, ihr findet hier alles.<\/p>\n<p>In diesem Artikel findet ihr alle Tipps zum Einkaufen in Antalya. Das schlie\u00dft die besten Einkaufsviertel, \u00d6ffnungszeiten und Shopping-Tipps mit ein.<\/p>\n<h2 id=\"t-1625146224622\" data-alt-text=\"Bekannte Orte \">Bekannte Orte zum Einkaufen<\/h2>\n<p>Eine der beliebtesten Einkaufsstra\u00dfen ist die Atat\u00fcrk-Stra\u00dfe im Zentrum von Antalya. Hier findet ihr internationale Markengesch\u00e4fte und kleinere Boutiquen in den Seitenstra\u00dfen. Zahlreiche Caf\u00e9s laden zum Verweilen ein.<\/p>\n<p>Das Mark Antalya zeichnet sich durch seine Lage im Stadtzentrum aus. Die Altstadt ist nur 15 Gehminuten entfernt. Zwischen der Altstadt und dem Lara-Strand liegt Terra City, das auch eines der gr\u00f6\u00dften Einkaufszentren in Antalya ist.<\/p>\n<p>Der gro\u00dfe \u00fcberdachte Basar in der N\u00e4he des Uhrturms bietet alles, was ihr auf einem orientalischen Markt erwarten w\u00fcrdet, darunter Souvenirs, t\u00fcrkisches Lokum, imitierte Taschen, Kleidung und vieles mehr. Allein die Atmosph\u00e4re ist schon einen Besuch wert. Feilschen ist hier erlaubt und sogar erw\u00fcnscht.<\/p>\n<p>Hier ist unsere Liste mit den besten <a href=\"https:\/\/antalyatouristinformation.com\/de\/shopping\/einkaufszentrum\/\">Einkaufszentren <\/a>und <a href=\"https:\/\/antalyatouristinformation.com\/de\/shopping\/basar\/antalya-stadt\/\">M\u00e4rkten <\/a>in Antalya.<\/p>\n<p><span><img decoding=\"async\" alt=\"Hotels and shops in the Historic part of Antalya in Turkey (Editorial)\" data-id=\"2165\" width=\"702\" data-init-width=\"1000\" height=\"468\" data-init-height=\"667\" title=\"Hotels and shops in the Historic part of Antalya in Turkey (Editorial)\" loading=\"lazy\" src=\"\/\/antalyatouristinformation.com\/de\/wp-content\/uploads\/sites\/10\/2021\/04\/Hotels-and-shops-in-the-Historic-part-of-Antalya-in-Turkey.jpg\" data-width=\"702\" data-height=\"468\" data-pinpro-key=\"c1n1a4vus\" data-pin-media=\"https:\/\/antalyatouristinformation.com\/de\/wp-content\/uploads\/sites\/10\/2021\/06\/prag_50_sehenswuerdigkeiten_pinterest-3-5.jpg\" data-pin-description=\"Antalya Shopping Guide | Antalya Tourist Information\" data-pin-url=\"https:\/\/antalyatouristinformation.com\/de\/shopping\/guide\/?tve=true&amp;tcbf=8725dc74fb\"><\/span><\/p>\n<h2 id=\"t-1623313457703\" data-alt-text=\"Was kann ich kaufen?\">Was kann ich in Antalya kaufen?<\/h2>\n<p>Europ\u00e4ische Marken und bekannte Labels findet ihr in den Einkaufszentren in Antalya, aber wenn ihr etwas typisch T\u00fcrkisches kaufen wollt, k\u00f6nnt ihr eine <strong>orientalische Lampe<\/strong>, einen <strong>Keramikteller<\/strong>, ein <strong>Teeservice<\/strong> oder einen <strong>Kupfertopf <\/strong>w\u00e4hlen. Mutige werden einen <strong>Teppich<\/strong> kaufen und Orient-Liebhaber werden ein <strong>Nargile<\/strong> mit nach Hause nehmen. Vielleicht lasst ihr euch auch eine <strong>Lederjacke<\/strong> n\u00e4hen. Naschkatzen kommen mit <strong>Rosenwasser-Lokum<\/strong> auf ihre Kosten, und wer es lieber salzig mag, greift zu <strong>Pistazien<\/strong>, die in der N\u00e4he von Antalya angebaut werden. Weitere Ideen f\u00fcr <a href=\"https:\/\/antalyatouristinformation.com\/de\/shopping\/souvenir\/\">Souvenirs<\/a> aus Antalya findet ihr hier.<\/p>\n<h2 id=\"t-1623313457704\" data-alt-text=\"Sights und Shopping\">Sights und Shopping<\/h2>\n<p><strong>Nahe dem <\/strong><a href=\"https:\/\/antalyatouristinformation.com\/de\/sehenswurdigkeiten\/strand\/konyaalti\/\"><strong>Strand: Konyaalt\u0131&nbsp;<\/strong><\/a><strong>und Atat\u00fcrk Stra\u00dfe<\/strong>: Die Lage in der Innenstadt macht diese wichtigen Einkaufsgegenden von Antalya auch zum besten Ort zum Einkaufen w\u00e4hrend einer St\u00e4dtereise. Falls ihr Alternativen zu internationalen Markenl\u00e4den sucht, spaziert ihr durch die Seitenstra\u00dfen.<\/p>\n<p><strong>Nahe der Altstadt: Mark Antalya<\/strong>: Das <a href=\"https:\/\/antalyatouristinformation.com\/de\/shopping\/einkaufszentrum\/\">Einkaufszentrum<\/a> Mark Antalya liegt nur wenige Gehminuten von der Altstadt entfernt. Es steht im Zentrum von Antalya und ist damit der ideale Ort f\u00fcr eine Shoppingpause w\u00e4hrend des Sightseeings.<\/p>\n<p><a href=\"https:\/\/antalyatouristinformation.com\/de\/sehenswurdigkeiten\/geschichte\/antalya-kaleici\/\"><strong>In Kalei\u00e7i,<\/strong><\/a> der Altstadt von Antalya, findet ihr in den engen Gassen mit Kopfsteinpflaster ein Souvenirgesch\u00e4ft am anderen. Auch Antiquit\u00e4ten, Gem\u00e4lde und hochwertige Teppiche werden hier verkauft. Die H\u00e4user selbst sind ebenfalls sehenswert, manch eines stammt aus der \u00c4ra der Osmanen. Hier ist die Zeit stehengeblieben.<\/p>\n<p><span><img decoding=\"async\" alt=\"Traditional souvenirs in Antalya in Turkey\" data-id=\"2164\" width=\"702\" data-init-width=\"1000\" height=\"468\" data-init-height=\"667\" title=\"Traditional souvenirs in Antalya in Turkey\" loading=\"lazy\" src=\"\/\/antalyatouristinformation.com\/de\/wp-content\/uploads\/sites\/10\/2021\/04\/Traditional-souvenirs-in-Antalya-in-Turkey.jpg\" data-width=\"702\" data-height=\"468\" data-pinpro-key=\"41lcz0jtc\" data-pin-media=\"https:\/\/antalyatouristinformation.com\/de\/wp-content\/uploads\/sites\/10\/2021\/06\/prag_50_sehenswuerdigkeiten_pinterest-3-5.jpg\" data-pin-description=\"Antalya Shopping Guide | Antalya Tourist Information\" data-pin-url=\"https:\/\/antalyatouristinformation.com\/de\/shopping\/guide\/?tve=true&amp;tcbf=8725dc74fb\"><\/span><\/p>\n<h2 id=\"t-1623313457705\" data-alt-text=\"Tipps\">Shopping-Tipps<\/h2>\n<p>In Antalya gibt es unz\u00e4hlig viele Einkaufsm\u00f6glichkeiten. Die Stadt bietet nicht nur Sonne, Sand und Meer, sondern auch jede Menge Gelegenheiten zum Shoppen. Hier treffen sich Einkaufsh\u00e4user, Einkaufsstra\u00dfen, kleine Boutiquen und M\u00e4rkte.<\/p>\n<p>Zwischen <strong>ausgeflippten Ideen,<\/strong><strong>Designer-Mode<\/strong> und <strong>Luxus-Labels <\/strong>ist alles dabei.<\/p>\n<p>Die gr\u00f6\u00dfte Dichte an <strong>angesagten Einkaufsadressen <\/strong>findet ihr in der Innenstadt bei der Atat\u00fcrk Stra\u00dfe unweit von der Altstadt Antalyas und ganz in der N\u00e4he des Hadrian-Tors. Hier gibt es viele <strong>Schmuck<\/strong>&#8211; und <strong>Ledergesch\u00e4fte<\/strong> sowie <strong>Juweliere.<\/strong><\/p>\n<p><strong>Luxus-Labels<\/strong> sind vor allem entlang der Konyaalti Caddesi zu finden.<\/p>\n<p>Wer die original t\u00fcrkische Atmosph\u00e4re liebt, geht auf den <strong>gro\u00dfen Basar<\/strong> in der N\u00e4he des Uhrturms, des \u201eSaat Kulesi\u201c, wie er auf T\u00fcrkisch hei\u00dft.<\/p>\n<p>Die Stra\u00dfe, die vom Yachthafen aus zu dem Uhrturm f\u00fchrt, ist beiderseits mit <strong>kleinen Boutiquen<\/strong> ges\u00e4umt, die Kleidung und Souvenirs verkaufen.<\/p>\n<p><span><img decoding=\"async\" alt=\"Clock Tower in Antalya in Turkey (Editorial)\" data-id=\"2163\" width=\"702\" data-init-width=\"1000\" height=\"468\" data-init-height=\"667\" title=\"Clock Tower in Antalya in Turkey (Editorial)\" loading=\"lazy\" src=\"\/\/antalyatouristinformation.com\/de\/wp-content\/uploads\/sites\/10\/2021\/04\/Clock-Tower-in-Antalya-in-Turkey.jpg\" data-width=\"702\" data-height=\"468\" data-pinpro-key=\"r0982y4rt\" data-pin-media=\"https:\/\/antalyatouristinformation.com\/de\/wp-content\/uploads\/sites\/10\/2021\/06\/prag_50_sehenswuerdigkeiten_pinterest-3-5.jpg\" data-pin-description=\"Antalya Shopping Guide | Antalya Tourist Information\" data-pin-url=\"https:\/\/antalyatouristinformation.com\/de\/shopping\/guide\/?tve=true&amp;tcbf=8725dc74fb\"><\/span><\/p>\n<h2 id=\"t-1625146224623\">\u00d6ffnungszeiten<\/h2>\n<p>Gesch\u00e4fte sind in Antalya generell von Montag bis Samstag ge\u00f6ffnet, viele haben auch sonntags offen. Superm\u00e4rkte \u00f6ffnen meistens um 9:00 Uhr, Modegesch\u00e4fte ab 9:30 oder 10:00 Uhr. Superm\u00e4rkte schlie\u00dfen sp\u00e4testens um 21:00, teils schon um 20:00 Uhr. Normale L\u00e4den haben oft sehr lange ge\u00f6ffnet, es ist keine Seltenheit, dass die Gesch\u00e4fte vor allem in der Hochsaison erst um Mitternacht schlie\u00dfen.<\/p>\n<h2 id=\"t-1625146224624\">Wochenende<\/h2>\n<p>Da es kein Ladenschlussgesetz gibt, d\u00fcrfen Gesch\u00e4fte auch sonntags ge\u00f6ffnet sein. Die Gesch\u00e4fte und Boutiquen in der Innenstadt haben auch sonntags zu den ganz normalen Zeiten ge\u00f6ffnet. Einkaufszentren \u00f6ffnen in der Regel um 10:00 Uhr und schlie\u00dfen um 22:00 Uhr, w\u00e4hrend der Hochsaison oft auch sp\u00e4ter. Beh\u00f6rden und Banken haben am samstags und sonntags geschlossen.<\/p>\n<h2 id=\"t-1625146224625\">Was kann ich mit Shopping verbinden?<\/h2>\n<p>Antalya hat fast 2,5 Millionen Einwohner. Deswegen verteilen sich die Einkaufsstra\u00dfen, Viertel und Zentren in der gesamten Stadt, es gibt zahlreiche Fu\u00dfg\u00e4ngerzonen in Antalya. Dadurch l\u00e4sst sich der Besuch in den wichtigsten Sehensw\u00fcrdigkeiten auch gut mit einer kurzen Shopping-Pause verbinden.<\/p>\n<p>Beispiele daf\u00fcr sind die Atat\u00fcrk Stra\u00dfe gegen\u00fcber der Altstadt und Kalei\u00e7i, wo man zahlreiche Souvenirs findet. Ein Bummel durch die engen Stra\u00dfen mit Kopfsteinpflaster, die links und rechts von kleinen Gesch\u00e4ften ges\u00e4umt sind, ist ein Erlebnis f\u00fcr sich und hat ein ganz besonderes Flair.<\/p>\n<p>Dazu kommen die Einkaufszentren von Antalya.<\/p>\n","protected":false},"excerpt":{"rendered":"<p>Die ist unser kompletter Shopping-Guide f\u00fcr Antalya. In der Millionenstadt gibt es eine Vielzahl von Gesch\u00e4ften mit einem nahezu unbegrenzten Angebot. Egal ob ihr Teppiche oder moderne Kleidung, Souvenirs oder handgefertigtes Geschirr, Stoffe oder Accessoires sucht, ihr findet hier alles. In diesem Artikel findet ihr alle Tipps zum Einkaufen in Antalya. Das schlie\u00dft die besten [&hellip;]<\/p>\n","protected":false},"author":6,"featured_media":2162,"parent":1951,"menu_order":0,"comment_status":"open","ping_status":"closed","template":"","meta":{"_acf_changed":false,"footnotes":""},"categories":[],"tags":[34],"class_list":["post-1788","page","type-page","status-publish","has-post-thumbnail","hentry","tag-shopping","post-wrapper","thrv_wrapper"],"acf":[],"wp-worthy-pixel":{"ignored":false,"public":null,"server":null,"url":null},"wp-worthy-type":"normal","_links":{"self":[{"href":"https:\/\/antalyatouristinformation.com\/de\/wp-json\/wp\/v2\/pages\/1788","targetHints":{"allow":["GET"]}}],"collection":[{"href":"https:\/\/antalyatouristinformation.com\/de\/wp-json\/wp\/v2\/pages"}],"about":[{"href":"https:\/\/antalyatouristinformation.com\/de\/wp-json\/wp\/v2\/types\/page"}],"author":[{"embeddable":true,"href":"https:\/\/antalyatouristinformation.com\/de\/wp-json\/wp\/v2\/users\/6"}],"replies":[{"embeddable":true,"href":"https:\/\/antalyatouristinformation.com\/de\/wp-json\/wp\/v2\/comments?post=1788"}],"version-history":[{"count":10,"href":"https:\/\/antalyatouristinformation.com\/de\/wp-json\/wp\/v2\/pages\/1788\/revisions"}],"predecessor-version":[{"id":15063,"href":"https:\/\/antalyatouristinformation.com\/de\/wp-json\/wp\/v2\/pages\/1788\/revisions\/15063"}],"up":[{"embeddable":true,"href":"https:\/\/antalyatouristinformation.com\/de\/wp-json\/wp\/v2\/pages\/1951"}],"wp:featuredmedia":[{"embeddable":true,"href":"https:\/\/antalyatouristinformation.com\/de\/wp-json\/wp\/v2\/media\/2162"}],"wp:attachment":[{"href":"https:\/\/antalyatouristinformation.com\/de\/wp-json\/wp\/v2\/media?parent=1788"}],"wp:term":[{"taxonomy":"category","embeddable":true,"href":"https:\/\/antalyatouristinformation.com\/de\/wp-json\/wp\/v2\/categories?post=1788"},{"taxonomy":"post_tag","embeddable":true,"href":"https:\/\/antalyatouristinformation.com\/de\/wp-json\/wp\/v2\/tags?post=1788"}],"curies":[{"name":"wp","href":"https:\/\/api.w.org\/{rel}","templated":true}]}}