{"id":186,"date":"2021-02-15T12:42:52","date_gmt":"2021-02-15T11:42:52","guid":{"rendered":"http:\/\/antalyatouristinformation.com\/clone4639485xzhehsskdjfhhdhebdkkekdeewsd4545gdfgm\/?page_id=186"},"modified":"2023-05-03T09:38:41","modified_gmt":"2023-05-03T07:38:41","slug":"antalya-flughafen","status":"publish","type":"page","link":"https:\/\/antalyatouristinformation.com\/de\/plan\/antalya-flughafen\/","title":{"rendered":"Flughafen Antalya [AYT]: Info zu Fl\u00fcgen, Transfer, Hotels und Anfahrt"},"content":{"rendered":"<p>Hier findet ihr alle Informationen \u00fcber den Flughafen Antalya auf einen Blick.<\/p>\n<p>Antalya ist der drittgr\u00f6\u00dfte Flughafen in der T\u00fcrkei. Gerechnet nach Passagieraufkommen steht Antalya Airport nach Istanbul sogar an zweiter Stelle. Jedes Jahr werden etwa 35 Millionen Passagiere abgefertigt.<\/p>\n<p>Der Flughafen liegt circa 10 Kilometer \u00f6stlich des Stadtzentrums von Antalya. Er hat drei Start- und Landebahnen. Zwei davon werden f\u00fcr den zivilen Luftverkehr genutzt.<\/p>\n<p>Der einzige andere Flughafen in der Provinz Antalya ist der Flughafen Alanya-Gazipasa, 140 km \u00f6stlich von Antalya.<\/p>\n<h2 id=\"t-1625123636751\" data-alt-text=\"Ankunft- und Abflug \">Ankunft- und Abflug am Flughafen Antalya<\/h2>\n<p>Auf der offiziellen Seite des Flughafens findet ihr die aktuellen An- und Abflugs-Zeiten. Hier sind die entsprechenden Links:<\/p>\n<ul>\n<li><strong><b>Ankunftszeiten \u2013 Arrivals<\/b><\/strong><strong>:<\/strong>Die <a href=\"https:\/\/www.antalya-airport.com\/arrivals.php\" target=\"_blank\" rel=\"noopener\">aktuellen Ankunftszeiten<\/a> sowie die Terminals findet ihr hier.<\/li>\n<li><strong><b>Abflugzeiten \u2013 Departures:<\/b><\/strong>Die <a href=\"https:\/\/www.antalya-airport.com\/departures.php\" target=\"_blank\" rel=\"noopener\">aktuellen Abflugzeiten<\/a> sowie die Terminals findet ihr hier. <a href=\"https:\/\/www.antalya-airport.com\/departures.php\" target=\"_blank\" rel=\"noopener\"><\/a><\/li>\n<\/ul>\n<p><span><img decoding=\"async\" alt=\"International airport of Antalya in Turkey (Editorial)\" data-id=\"2063\" width=\"702\" data-init-width=\"1000\" height=\"468\" data-init-height=\"667\" title=\"International airport of Antalya in Turkey (Editorial)\" loading=\"lazy\" src=\"\/\/antalyatouristinformation.com\/de\/wp-content\/uploads\/sites\/10\/2021\/04\/International-airport-of-Antalya-in-Turkey.jpg\" data-width=\"702\" data-height=\"468\" data-pinpro-key=\"vkc39ni3n\"><\/span><\/p>\n<h2 id=\"t-1625123636752\">Fl\u00fcge von und nach Antalya<\/h2>\n<p>Vom Flughafen Antalya starten sowohl nationale als auch internationale Fl\u00fcge.<\/p>\n<p>Die meisten Inlandsverbindungen werden von Turkish Airlines geflogen, teilweise im Code Share mit Sunexpress. Auch andere Airlines wie beispielsweise Pegasus, AtlasGlobal und Onur Air bieten inl\u00e4ndische Verbindungen an.<\/p>\n<p>Die wichtigste Strecke ist die Verbindung nach Istanbul, gefolgt von Ankara und Adana. Auch St\u00e4dte in anderen Teilen der T\u00fcrkei werden von Antalya aus angeflogen.<\/p>\n<p>Bei den Auslandsverbindungen stehen die Charterfl\u00fcge im Vordergrund. Zahlreiche Low Cost Carriers aus ganz Europa bedienen vor allem in den Sommermonaten den Flughafen Antalya. Fl\u00fcge aus Gro\u00dfbritannien, Russland und den GUS-Staaten haben in den letzten Jahren stark zugenommen.<\/p>\n<h2 id=\"t-1626186981628\"><strong>Terminals am Flughafen Antalya<\/strong><\/h2>\n<p>Die Fluggesellschaften verteilen sich auf die drei Terminals.<\/p>\n<p><b>Das nationale Terminal<\/b> ist das \u00e4lteste, fr\u00fcher wurde hier der gesamte Flugbetrieb abgewickelt. Nach einer Komplettrenovierung im Jahr 2010 erhielt es die Bezeichnung Terminal 3 und wird nun ausschlie\u00dflich f\u00fcr Inlandsfl\u00fcge benutzt.<\/p>\n<p>In dem <b>internationalen Terminal 1<\/b> werden haupts\u00e4chlich die Fl\u00fcge von Sun Express abgewickelt. Im Winter ist das internationale Terminal 2 geschlossen und der gesamte Auslandsflugverkehr wird von hier abgewickelt.<\/p>\n<p>Das <b>internationale Terminal 2<\/b> wickelt fast alle internationalen Fl\u00fcge ab. Im Winter wird es geschlossen und die Flugabfertigung erfolgt \u00fcber Terminal 1.<\/p>\n<h2 id=\"t-1625123636753\">Flugverbindungen<\/h2>\n<p>Neben den nationalen Verbindungen werden vom Antalya Airport auch internationale Ziele in Europas angeflogen. Der Charterverkehr steht hier an erster Stelle.<\/p>\n<p>Vereinzelt gibt es auch Charterfl\u00fcge nach \u00c4gypten oder Israel, meistens im Auftrag von Reiseveranstaltern.<\/p>\n<p><span><img decoding=\"async\" alt=\"Airport watchtower in Antalya in Turkey,\" data-id=\"2065\" width=\"702\" data-init-width=\"1000\" height=\"468\" data-init-height=\"667\" title=\"Airport watchtower in Antalya in Turkey,\" loading=\"lazy\" src=\"\/\/antalyatouristinformation.com\/de\/wp-content\/uploads\/sites\/10\/2021\/04\/Airport-watchtower-in-Antalya-in-Turkey.jpg\" data-width=\"702\" data-height=\"468\" data-pinpro-key=\"plldttbku\"><\/span><\/p>\n<h2 id=\"t-1619620057208\" data-alt-text=\"Airport Transfers\">Airport Transfers von und zum Flughafen Antalya&nbsp;<\/h2>\n<p>Ihr habt verschiedene M\u00f6glichkeiten, um zum Flughafen zu kommen:<\/p>\n<ul>\n<li><b>Auto<\/b>Der Flughafen Antalya liegt \u00f6stlich von Antalya und ist \u00fcber die Schnellstra\u00dfe D 400 leicht zu erreichen.<\/li>\n<li><b>AntRay <\/b>Seit dem Ausbau der neuen Stra\u00dfenbahnlinie, genannt AntRay, ist der Flughafen Antalya mit der Stra\u00dfenbahn zu erreichen. Die hochmodernen Wagen fahren gew\u00f6hnlich von 06:00 Uhr in der Fr\u00fch bis um Mitternacht und verkehren im 10-20 Minuten Takt. Die Haltestelle liegt direkt gegen\u00fcber des internationalen Terminals 1 sowie des nationalen Terminals. Terminal 2 wird von der Stra\u00dfenbahn nicht angefahren.<\/li>\n<li><b>Bus<\/b>Die Buslinie 600 der st\u00e4dtischen Busse verkehrt regelm\u00e4\u00dfig zwischen dem Flughafen und der Innenstadt von Antalya. Im Abstand von 30 Minuten fahren die Busse vom internationalen Terminal 1 und Terminal 2 ab. Die Fahrzeit nach Antalya betr\u00e4gt in etwa eine Stunde.<\/li>\n<li><b>Hava\u015f<\/b>Die Gesellschaft Hava\u015f Ground Handling bietet einen privaten Shuttle Service vom Flughafen in das Stadtzentrum Antalya an. Im Zentrum von Antalya werden vor allem touristische Ziele in Konyaalt\u0131 angefahren. Die Abfahrtszeiten der Busse sind auf die Ankunftszeiten der nationalen Fl\u00fcge abgestimmt. Die Haltestelle der Busse legt in der N\u00e4he der Taxihaltestelle.<\/li>\n<li><b>Taxis<\/b>Vor allen drei Terminals des Flughafens gibt es Taxist\u00e4nde. Es gibt keinen Nachttarif, 24 Stunden lang gilt derselbe Preis. Achtet darauf, dass das Taxameter eingeschaltet wird. Mehr Informationen zu <a href=\"https:\/\/antalyatouristinformation.com\/de\/offentlicher-verkehr\/taxi\/\">Taxis<\/a> findet ihr in unserem Taxi-Guide. Beachtet bitte, dass Preise f\u00fcr Fahrten in weiter entfernt gelegenen Gebiete au\u00dferhalb des Stadtgebiets von Antalya, die vom Flughafen Antalya bedient werden, wie beispielsweise Belek, Alanya, Manavgat und Side meistens in Fremdw\u00e4hrung festgelegt sind. Die Fahrer haben eine Liste, auf der ihr die Preise in Dollar oder Euro sehen k\u00f6nnt.<\/li>\n<li><b>Privat-Transfer<\/b>Verschiedene Firmen bieten Flughafentransfers mit Limousinen an. Der Chauffeur holt euch direkt am Gate ab. Mehr Informationen dazu k\u00f6nnt ihr in unserem Guide \u00fcber Transfers lesen.Das ist die bequemste Art um zum Flughafen zu kommen.<\/li>\n<li><b>Mieten eines Vans<\/b>Falls ihr mit mehr Personen unterwegs seid und viel Gep\u00e4ck habt, lohnt es sich, einen Van zu mieten. Wir helfen euch gerne bei der Anmietung, sei es f\u00fcr Gruppenreisen, Betriebsausfl\u00fcge, Klassenfahrten, Veranstaltungen oder den Flughafentransfer. Kontaktiert uns doch einfach.<\/li>\n<\/ul>\n<h2 id=\"t-1625123636754\">Mietwagen<\/h2>\n<p>Viele gro\u00dfen Autovermietungen haben eine Filiale am Flughafen Antalya, unter ihnen Hertz, Avis und Europcar. Daneben gibt es noch lokale Autovermieter. Die Schalter liegen direkt hinter der Gep\u00e4ckausgabe. Geparkt sind die Fahrzeuge auf dem gro\u00dfen Open-Air Parkplatz.<\/p>\n<p><b>Tipps f\u00fcr <\/b><a href=\"https:\/\/antalyatouristinformation.com\/de\/plan\/mietwagen\/\"><b>Automieten in Antalya<\/b><\/a><b>:<\/b>&nbsp;Ihr k\u00f6nnt ein Auto auch online im Voraus buchen. Das Fahrzeug steht dann direkt bei der Ankunft zur Verf\u00fcgung.<\/p>\n<p>Kontaktiert uns doch einfach, wir vermitteln zuverl\u00e4ssige Mietwagen von einer vertrauensw\u00fcrdigen Firma. Auch Langzeit-Vertr\u00e4ge zu optimalen Konditionen sind m\u00f6glich.<\/p>\n<p><span><img decoding=\"async\" alt=\"Antalya Airport in Turkey\" data-id=\"2067\" width=\"702\" data-init-width=\"1000\" height=\"468\" data-init-height=\"667\" title=\"Antalya Airport in Turkey\" loading=\"lazy\" src=\"\/\/antalyatouristinformation.com\/de\/wp-content\/uploads\/sites\/10\/2021\/04\/Antalya-Airport-in-Turkey.jpg\" data-width=\"702\" data-height=\"468\" data-pinpro-key=\"tllipu2sf\"><\/span><\/p>\n<h2 id=\"t-1619620057210\" data-alt-text=\"Airport Lounges\">Airport Lounges am Flughafen Antalya<\/h2>\n<p>Am Flughafen Antalya gibt es drei verschiedene Lounges, die alle warme und kalte Getr\u00e4nke sowie Snacks anbieten. F\u00fcr alle Lounges k\u00f6nnen Economy-Passagiere gegen einen Aufpreis direkt beim Eingang zu der entsprechenden Lounge Zugangsberechtigung erwerben.&nbsp;<\/p>\n<ul>\n<li><b>CIP Lounge Terminal 1<\/b>Die Lounge liegt im Terminal 1 nach dem Security Check in der N\u00e4he des Duty-Free Bereiches. Sie ist t\u00e4glich 24 Stunden lang ge\u00f6ffnet, jedoch w\u00e4hrend der Wintersaison von November bis April geschlossen.<\/li>\n<li><b>CIP Lounge Terminal 2<\/b>Die Lounge liegt im Terminal 2 nach dem Security Check im 3. Stockwerk. Die Lounge ist ganzj\u00e4hrig t\u00e4glich 24 Stunden lang ge\u00f6ffnet.<\/li>\n<li><b>CIP Lounge Domestic<\/b>Die Lounge liegt im Domestic Terminal 3 nach dem Security Check in der N\u00e4he von Gate 7 im 2. Stock. Sie ist ganzj\u00e4hrig t\u00e4glich 24 Stunden lang ge\u00f6ffnet.<\/li>\n<\/ul>\n<h2 id=\"t-1625123636755\" data-alt-text=\"Einkaufen und Duty-Free\">Einkaufen, Gesch\u00e4fte und Duty-Free<\/h2>\n<p>Die Gesch\u00e4fte am Flughafen Antalya sind in der Regel von Montag bis Sonntag ge\u00f6ffnet, viele davon von <strong>06:00 bis 23:00 Uhr<\/strong>. Es gibt circa 60 Gesch\u00e4fte, darunter Parf\u00fcmerien, Schmuckgesch\u00e4fte, Zeitschriftenl\u00e4den, Buchhandlungen und Boutiquen, ein Spielwaren- und Souvenirgesch\u00e4ft und sogar einen kleinen t\u00fcrkischen Markt.<\/p>\n<p>Nach der Passkontrolle findet ihr die klassischen <strong>Duty-Free Shops.<\/strong> In etwa 50 Gesch\u00e4ften werden Parfum, Luxus- und Markenartikel, Alkoholika und Geschenkartikel angeboten.<\/p>\n<p>Falls ihr etwas mehr Zeit habt, besucht das direkt gegen\u00fcber dem Flughafen gelegenen <a href=\"https:\/\/antalyatouristinformation.com\/de\/shopping\/einkaufszentrum\/\">Einkaufszentrum<\/a> Deepo Outlet. Flug-Informationstafeln informieren hier \u00fcber den aktuellen Status der Fl\u00fcge. Auch die Mall of Antalya liegt in unmittelbarer N\u00e4he zum Flughafen.<\/p>\n<p>Die <strong>Restaurants<\/strong> am Flughafen bieten klassische europ\u00e4ische, zum Teil auch traditionelle t\u00fcrkische Gerichte an. Auch gro\u00dfe Fast-Food-Ketten sind vertreten. Die meisten sind zwischen 07:00 Uhr und 21:30 Uhr ge\u00f6ffnet.<\/p>\n<h2 id=\"t-1619620057212\" data-alt-text=\"Airport Parking\">Parken am Flughafen Antalya<\/h2>\n<ul>\n<li><b>Parkpl\u00e4tze<\/b>Direkt in der N\u00e4he der Terminals stehen ankommenden und abreisenden Passagieren insgesamt 2.000 kostenpflichtige Parkpl\u00e4tze zur Verf\u00fcgung. Die Terminals sind von den Parkpl\u00e4tzen aus innerhalb von 5 Minuten zu Fu\u00df zu erreichen.Kurzparkpl\u00e4tze liegen direkt vor den Terminal 1 und Terminal 2 und sind f\u00fcr 15 Minuten lang kostenlos. Daneben gibt es die Terminalvorfahrt mit einer Einstiegs- bzw. Ausstiegszone.<\/li>\n<li><b>Parkplatz online buchen<\/b>\u00dcber verschiedene Anbieter kann ein Parkplatz im Voraus online gebucht werden. Die Fahrzeuge werden dann meistens nicht direkt am Flughafen, sondern auf Parkpl\u00e4tzen in der N\u00e4he abgestellt. Der Vermieter organisiert den Transfer zum Flughafen. Hier findet ihr <a href=\"http:\/\/www.parkvia.com\/en-GB\" target=\"_blank\" rel=\"noopener\">n\u00e4here Informationen<\/a> dazu.<\/li>\n<\/ul>\n<p><span><img decoding=\"async\" alt=\"Group of yellow taxis parked in Antalya in Turkey (Editorial)\" data-id=\"2117\" width=\"702\" data-init-width=\"1000\" height=\"468\" data-init-height=\"667\" title=\"Group of yellow taxis parked in Antalya in Turkey (Editorial)\" loading=\"lazy\" src=\"\/\/antalyatouristinformation.com\/de\/wp-content\/uploads\/sites\/10\/2021\/04\/Group-of-yellow-taxis-parked-in-Antalya-in-Turkey.jpg\" data-width=\"702\" data-height=\"468\" data-pinpro-key=\"nkbp696j9\"><\/span><\/p>\n<h2 id=\"t-1625123636756\">Flughafenhotels<\/h2>\n<p>Am Flughafen Antalya gibt es kein Hotel direkt im Flughafen. In naher Umgebung finden sich jedoch zahlreiche Unterkunftsm\u00f6glichkeiten. Neben gro\u00dfen Hotelanlagen gibt es g\u00fcnstige Anbieter wie etwa Bed-&amp;-Breakfast oder viele kleine, teils familiengef\u00fchrte Hotels und Pensionen in der n\u00e4heren Umgebung.<\/p>\n<p>Das IC Hotels Airport liegt in unmittelbarer N\u00e4he zu dem Flughafen Antalya und ist eine gute Option, wenn ihr sp\u00e4t landet oder fr\u00fch abfliegt.<\/p>\n<ul>\n<li><b>IC Hotels Airport<\/b>Die moderne Anlage des IC Hotels Airport liegt nur 800 Meter vom Flughafen entfernt. Das Hotel bietet einen kostenlosen Shuttle Service an. In dem 4-Sterne Komplex steht euch neben einem gro\u00dfen Au\u00dfen- und Innenpool auch Squashplatz, Sauna, Hamam und Fitnesscenter zur kostenlosen Nutzung zur Verf\u00fcgung. Gesch\u00e4ftsreisende wissen die Tagungsr\u00e4ume f\u00fcr Konferenzen und Organisationen zu sch\u00e4tzen. Das hoteleigene Restaurant serviert t\u00fcrkische und internationale K\u00fcche. Bei sch\u00f6nem Wetter k\u00f6nnt ihr in dem Sommergarten essen.<\/li>\n<\/ul>\n<p><span><img decoding=\"async\" alt=\"Antalya International Airport in Turkey (Editorial)\" data-id=\"2069\" width=\"702\" data-init-width=\"1000\" height=\"468\" data-init-height=\"667\" title=\"Antalya International Airport in Turkey (Editorial)\" loading=\"lazy\" src=\"\/\/antalyatouristinformation.com\/de\/wp-content\/uploads\/sites\/10\/2021\/04\/Antalya-International-Airport-in-Turkey.jpg\" data-width=\"702\" data-height=\"468\" data-pinpro-key=\"cqmt18zkn\"><\/span><\/p>\n<h2 data-alt-text=\"Internet at the Airport\" id=\"t-1619620057214\"><strong>Internet am Flughafen Antalya<\/strong><\/h2>\n<h2 data-alt-text=\"Internet \" id=\"t-1625123636757\"><span style=\"font-weight: normal\">Alle Bereiche von Terminal 1, 2 und 3 haben freie Wi-Fi Hotspots.<\/span><\/h2>\n<h2 id=\"t-1619620057215\" data-alt-text=\"Adresse\">Adresse und allgemeine Information<\/h2>\n<ul>\n<li><strong>Adresse:<\/strong> Antalya Havaliman\u0131, Muratpa\u015fa \u2013 Antalya<\/li>\n<li><strong>Tel Nr.:<\/strong> + 90 242 444 74 23<\/li>\n<li><strong>IATA-Code:<\/strong> AYT<\/li>\n<li><strong>Webseite:<\/strong><a href=\"https:\/\/antalya-airport.aero\/homepage\" target=\"_blank\" rel=\"noopener\">Antalya-Airport<\/a><\/li>\n<\/ul>\n<p>Informationen zu den Flugh\u00e4fen <a href=\"https:\/\/antalyatouristinformation.com\/de\/plan\/alanya-gazipasa-flughafen\/\">Gazipasa<\/a> und <a href=\"https:\/\/antalyatouristinformation.com\/de\/plan\/dalaman-flughafen\/\">Dalaman<\/a> findet ihr hier.<\/p>\n<h2 id=\"t-1625123636750\">FAQ&nbsp;<\/h2>\n","protected":false},"excerpt":{"rendered":"<p>Hier findet ihr alle Informationen \u00fcber den Flughafen Antalya auf einen Blick. Antalya ist der drittgr\u00f6\u00dfte Flughafen in der T\u00fcrkei. Gerechnet nach Passagieraufkommen steht Antalya Airport nach Istanbul sogar an zweiter Stelle. Jedes Jahr werden etwa 35 Millionen Passagiere abgefertigt. Der Flughafen liegt circa 10 Kilometer \u00f6stlich des Stadtzentrums von Antalya. Er hat drei Start- [&hellip;]<\/p>\n","protected":false},"author":6,"featured_media":2060,"parent":172,"menu_order":0,"comment_status":"open","ping_status":"closed","template":"","meta":{"_acf_changed":false,"footnotes":""},"categories":[],"tags":[56,55],"class_list":["post-186","page","type-page","status-publish","has-post-thumbnail","hentry","tag-airport","tag-plan","post-wrapper","thrv_wrapper"],"acf":[],"wp-worthy-pixel":{"ignored":false,"public":null,"server":null,"url":null},"wp-worthy-type":"normal","_links":{"self":[{"href":"https:\/\/antalyatouristinformation.com\/de\/wp-json\/wp\/v2\/pages\/186","targetHints":{"allow":["GET"]}}],"collection":[{"href":"https:\/\/antalyatouristinformation.com\/de\/wp-json\/wp\/v2\/pages"}],"about":[{"href":"https:\/\/antalyatouristinformation.com\/de\/wp-json\/wp\/v2\/types\/page"}],"author":[{"embeddable":true,"href":"https:\/\/antalyatouristinformation.com\/de\/wp-json\/wp\/v2\/users\/6"}],"replies":[{"embeddable":true,"href":"https:\/\/antalyatouristinformation.com\/de\/wp-json\/wp\/v2\/comments?post=186"}],"version-history":[{"count":10,"href":"https:\/\/antalyatouristinformation.com\/de\/wp-json\/wp\/v2\/pages\/186\/revisions"}],"predecessor-version":[{"id":15044,"href":"https:\/\/antalyatouristinformation.com\/de\/wp-json\/wp\/v2\/pages\/186\/revisions\/15044"}],"up":[{"embeddable":true,"href":"https:\/\/antalyatouristinformation.com\/de\/wp-json\/wp\/v2\/pages\/172"}],"wp:featuredmedia":[{"embeddable":true,"href":"https:\/\/antalyatouristinformation.com\/de\/wp-json\/wp\/v2\/media\/2060"}],"wp:attachment":[{"href":"https:\/\/antalyatouristinformation.com\/de\/wp-json\/wp\/v2\/media?parent=186"}],"wp:term":[{"taxonomy":"category","embeddable":true,"href":"https:\/\/antalyatouristinformation.com\/de\/wp-json\/wp\/v2\/categories?post=186"},{"taxonomy":"post_tag","embeddable":true,"href":"https:\/\/antalyatouristinformation.com\/de\/wp-json\/wp\/v2\/tags?post=186"}],"curies":[{"name":"wp","href":"https:\/\/api.w.org\/{rel}","templated":true}]}}