{"id":188,"date":"2021-02-15T12:43:16","date_gmt":"2021-02-15T11:43:16","guid":{"rendered":"http:\/\/antalyatouristinformation.com\/clone4639485xzhehsskdjfhhdhebdkkekdeewsd4545gdfgm\/?page_id=188"},"modified":"2025-05-30T10:53:03","modified_gmt":"2025-05-30T08:53:03","slug":"alanya-gazipasa-flughafen","status":"publish","type":"page","link":"https:\/\/antalyatouristinformation.com\/de\/plan\/alanya-gazipasa-flughafen\/","title":{"rendered":"Flughafen Alanya-Gazipasa [GZP]: Info zu Fl\u00fcgen, Transfer, Hotels und Anfahrt"},"content":{"rendered":"<p>Alanya-Gazipasa ist einer der beiden Flugh\u00e4fen in der Provinz Antalya.<\/p>\n<p>Der Flughafen liegt in Gazipasa, 40 km \u00f6stlich von Alanya und 160 km \u00f6stlich von Antalya.<\/p>\n<p>Daher ist der Flughafen eine gute Option, wenn ihr in den \u00f6stlichen Teil von Antalya wollt. Dies schlie\u00dft Badeorte wie Alanya und Konakli bis hin zum \u00f6stlichen Teil von Side ein.<\/p>\n<p>Hier sind alle wichtigen Informationen \u00fcber den Flughafen Alanya-Gazipasa.<\/p>\n<h2 id=\"t-1619202778926\" data-alt-text=\"Ankunft &amp; Abflug\">Ankunft und Abflug am Alanya-Gazipa\u015fa Flughafen<\/h2>\n<p>Auf der offiziellen Seite des Flughafens findet ihr die aktuellen An- und Abflugs-Zeiten. Hier sind die entsprechenden Links.<\/p>\n<ul>\n<li><span><strong>Ankunftszeiten &#8211; Arrivals:<\/strong> Die <a href=\"http:\/\/www.gzpairport.com\/en-EN\/flights\/arrival-flights\" target=\"_blank\">aktuellen Ankunftszeiten<\/a> findet ihr hier.<a href=\"http:\/\/www.gzpairport.com\/en-EN\/flights\/arrival-flights\" target=\"_blank\">&nbsp;<\/a><\/span><\/li>\n<li><span><strong><strong>Abflugzeiten &#8211; Departures:<\/strong> <\/strong>Die <a href=\"http:\/\/www.gzpairport.com\/en-EN\/passenger-guide\/departures\" target=\"_blank\">aktuellen Abflugzeiten<\/a> findet ihr hier. <a href=\"http:\/\/www.gzpairport.com\/en-EN\/passenger-guide\/departures\" target=\"_blank\"><\/a><\/span><\/li>\n<\/ul>\n<h2 id=\"t-1619202778927\" data-alt-text=\"Fl\u00fcge\">Fl\u00fcge von und nach Alanya-Gazipa\u015fa&nbsp;<\/h2>\n<p>Vom Flughafen Alanya Gazipasa starten sowohl nationale als auch internationale Fl\u00fcge.<\/p>\n<p>Der Flughafen ist klein und wegen der schlechten Wetterbedingungen k\u00f6nnen die Flugzeuge oft nicht vollgetankt starten. Sie m\u00fcssen in Izmir zum Auftanken landen. Es gibt nur sehr wenige Direktfl\u00fcge nach Alanya-Gazipasa. Meistens m\u00fcsst ihr in Istanbul oder Ankara umsteigen.<\/p>\n<p>Trotzdem ist der Flughafen eine Option f\u00fcr euch, wenn ihr zu Orten zwischen Side und Alanya wollt.<\/p>\n<ul>\n<li><span><strong>International:<\/strong> Internationale Flugverbindungen gibt es nach Deutschland in die St\u00e4dte D\u00fcsseldorf, Frankfurt am Main, Leipzig, K\u00f6ln, Stuttgart und M\u00fcnchen. Zus\u00e4tzlich werden Amsterdam, Rotterdam und Eindhoven in den Niederlanden angeflogen. Dazu kommen Verbindungen nach D\u00e4nemark, Belgien, Finnland und Norwegen. Die internationalen Flugverbindungen des Flughafens Gazipasa werden derzeit nur saisonal angeboten.<\/span><\/li>\n<li><span><strong>National:<\/strong> Die Inlandsverbindungen werden von Turkish Airlines, Borajet, SunExpress und Pegasus Airlines geflogen. Die wichtigste Strecke ist die Verbindung nach Istanbul, gefolgt von Ankara. Andere t\u00fcrkische St\u00e4dte werden momentan von Gazipasa aus nicht angeflogen.<\/span><\/li>\n<\/ul>\n<h2 id=\"t-1625125398926\" data-alt-text=\"Terminals \">Terminals am Flughafen Alanya-Gazipasa<\/h2>\n<p>Das Terminal des Flughafens Gazipasa ist insgesamt 2.144 m\u00b2 gro\u00df. Es gibt nur ein Terminal. Da nicht mehr Stellpl\u00e4tze vorhanden sind, k\u00f6nnen maximal 2 Flugzeuge gleichzeitig abgefertigt werden.<\/p>\n<h2 id=\"t-1625125398927\" data-alt-text=\"Flughafentransfer \">Flughafentransfer in Alanya-Gazipa\u015fa<\/h2>\n<p>Am schnellsten ist der Flughafen mit dem Auto \u00fcber die Schnellstra\u00dfe zu erreichen. Doch es gibt nat\u00fcrlich Alternativen.<\/p>\n<ul>\n<li><span><strong>Auto:<\/strong> Der Flughafen Alanya Gazipa\u015fa liegt 40 Kilometer \u00f6stlich von Alanya und 3 Kilometer n\u00f6rdlich von Gazipa\u015fa. Er ist \u00fcber die Schnellstra\u00dfe D 400 leicht zu erreichen. Die Fahrt dauert je nach Verkehrsaufkommen etwa 30 Minuten.<\/span><\/li>\n<li><span><strong>\u00d6ffentliche Busse:<\/strong> Die \u00f6ffentliche Verkehrsanbindung ist nicht sehr gut ausgebaut. Es gibt zwei Buslinien, die zum Flughafen Gazipa\u015fa fahren, n\u00e4mlich die Linie GAL02 und MH11. Die Haltestellen liegen etwa 2 Gehminuten vom Flughafengeb\u00e4ude entfernt.<\/span><\/li>\n<li><span><strong><b>Hava\u015f<\/b>:<\/strong> Die Gesellschaft Hava\u015f Ground Handling bietet einen privaten Shuttle Service vom Flughafen zur Innenstadt von Alanya an. Im Zentrum von Alanya werden vor allem touristische Ziele angefahren. Die Abfahrtszeiten der Busse sind auf die Ankunftszeiten der nationalen Fl\u00fcge abgestimmt. Je nach Verkehrsaufkommen dauert die Fahrt etwa 60 Minuten.<\/span><\/li>\n<li><span><strong>Taxi:<\/strong> Vor dem Terminal des Flughafens gibt es einen Taxistand. Es gibt keinen Nachttarif, 24 Stunden lang gilt derselbe Preis. Achtet darauf, dass das Taxameter eingeschaltet wird. Mehr <a href=\"https:\/\/antalyatouristinformation.com\/de\/offentlicher-verkehr\/taxi\/\">Informationen zu Taxis<\/a> findet ihr in unserem Taxi-Guide. Beachtet, dass Preise f\u00fcr Fahrten in weiter entfernt gelegenen Gebiete au\u00dferhalb des Stadtgebiets von Alanya, die vom Flughafen Alanya Gazipasa bedient werden, wie beispielsweise Manavgat, Side, Avsallar, Incekum und \u00e4hnliche, in der Regel in Fremdw\u00e4hrung festgelegt sind. Die Fahrer haben eine Liste, auf der ihr die Preise in Dollar oder Euro sehen k\u00f6nnt.<\/span><\/li>\n<li><span><strong>Privat-Transfer:<\/strong> Verschiedene Firmen bieten Flughafentransfers in der Limousine an. Der Chauffeur holt euch direkt am Gate ab. Mehr Informationen dazu k\u00f6nnt ihr in unserem Guide \u00fcber <a href=\"https:\/\/antalyatouristinformation.com\/de\/mice\/executive-transfer\/\">Gruppentransfer<\/a> lesen.&nbsp;<\/span><\/li>\n<\/ul>\n<h2 id=\"t-1625125398928\">Mietwagen<\/h2>\n<p>Leihwagenanbieter haben direkt am Flughafen Filialen er\u00f6ffnet, jedoch sind nur relativ wenige Fahrzeuge verf\u00fcgbar. Die meisten Autos hat Europcar im Angebot. Dennoch empfiehlt es sich, das Auto im Voraus online zu reservieren. Manche Anbieter wie beispielsweise Sixt geben Rabatte, wenn die Reservierung online erfolgt.<\/p>\n<h2 id=\"t-1619202778931\" data-alt-text=\"Restaurants &amp; Duty-Free\">Restaurants, Shopping und Duty-Free<\/h2>\n<p>Aufgrund des relativ kleinen Passagieraufkommens, das noch dazu stark saisonal beeinflusst ist, sind die M\u00f6glichkeiten am Flughafen zu essen relativ begrenzt. In dem Terminal befindet sich ein Restaurant und Caf\u00e9.<\/p>\n<p>Im internationalen Abflugbereich k\u00f6nnt ihr Duty-Free einkaufen.<\/p>\n<h2 id=\"t-1619202778932\" data-alt-text=\"Parken\">Parken am Alanya-Gazipa\u015fa Flughafen<\/h2>\n<p>Der Flughafen verf\u00fcgt \u00fcber 105 Parkpl\u00e4tze. Die Preise \u00e4ndern sich je nach Fahrzeugkategorie und Parkdauer.<\/p>\n<p>Genauere Informationen zu den aktuellen Preisen findet ihr auf der <a href=\"http:\/\/www.gzpairport.com\/tr-TR\/otopark\/page\/otopark-abonelik\" target=\"_blank\">Webseite des Flughafens<\/a>.&nbsp;<\/p>\n<h2 id=\"t-1625125398929\" data-alt-text=\"Hotels\">Hotels beim Flughafen<\/h2>\n<p>Direkt am Flughafen Gazipasa gibt es zwar kein Airport Hotel, doch in einer Entfernung von 3 bis 4 Kilometer liegen mehrere Unterk\u00fcnfte. Beispiele sind das \u00d6zyigit Otel, ein modern eingerichtetes 3-Sterne Hotel mit Sauna und Fitnessraum und das zweckm\u00e4\u00dfig gestaltete Delfin Hotel, das nahe am Strand liegt.<\/p>\n<p>Daneben gibt es zahlreiche Unterkunftsm\u00f6glichkeiten aller Preisklassen in der n\u00e4heren Umgebung. Die familiengef\u00fchrten Hotels und Pensionen sind besonders erw\u00e4hnenswert.<\/p>\n<h2 id=\"t-1619202778934\">Internet &amp; SIM-Karten<\/h2>\n<p>Wi-Fi-Verbindung ist in den Ankunfts- und Abflughallen des Terminals verf\u00fcgbar. Der Internetservice wird durch T\u00fcrk Telekom bereitgestellt.<\/p>\n<ul>\n<li><strong>Informationen \u00fcber SIM-Karten<\/strong> erh\u00e4lt ihr in unserem Beitrag \u00fcber die besten <a href=\"https:\/\/antalyatouristinformation.com\/de\/beste-turkische-sim-karte-fur-antalya\/\">t\u00fcrkischen SIM-Karten f\u00fcr Touristen in Antalya<\/a>.&nbsp;<\/li>\n<\/ul>\n<h2 data-alt-text=\"Kontakt\" id=\"t-1619202778935\">Kontakt<\/h2>\n<ul>\n<li><span><strong>Adresse:&nbsp;<\/strong>Gazipa\u015fa, 07900 Antalya Province, T\u00fcrkei<\/span><\/li>\n<li><span><strong>\u00d6ffnungszeiten:&nbsp;<\/strong>Genaue <a href=\"http:\/\/www.gzpairport.com\" target=\"_blank\">Informationen zu den \u00d6ffnungszeiten<\/a> findet ihr hier.<\/span><\/li>\n<li><span><strong>\u00d6ffentlicher Verkehr:&nbsp;<\/strong>Die Haltestelle der Hava\u015f-Busse liegt vor dem Terminal.<\/span><\/li>\n<li><span><strong>Webseite:&nbsp;<\/strong><a href=\"http:\/\/www.gzpairport.com\">www.gzpairport.com<\/a>&nbsp;<\/span><\/li>\n<\/ul>\n<h2 data-alt-text=\"Karte\" id=\"t-1620142340805\">Karte<\/h2>\n<h2 style=\"text-align: center\" id=\"t-1619202778936\" data-alt-text=\"FAQ\">FAQ&nbsp;<\/h2>\n","protected":false},"excerpt":{"rendered":"<p>Alanya-Gazipasa ist einer der beiden Flugh\u00e4fen in der Provinz Antalya. Der Flughafen liegt in Gazipasa, 40 km \u00f6stlich von Alanya und 160 km \u00f6stlich von Antalya. Daher ist der Flughafen eine gute Option, wenn ihr in den \u00f6stlichen Teil von Antalya wollt. Dies schlie\u00dft Badeorte wie Alanya und Konakli bis hin zum \u00f6stlichen Teil von [&hellip;]<\/p>\n","protected":false},"author":6,"featured_media":6184,"parent":172,"menu_order":0,"comment_status":"open","ping_status":"closed","template":"","meta":{"_acf_changed":false,"footnotes":""},"categories":[],"tags":[56,55],"class_list":["post-188","page","type-page","status-publish","has-post-thumbnail","hentry","tag-airport","tag-plan","post-wrapper","thrv_wrapper"],"acf":[],"wp-worthy-pixel":{"ignored":false,"public":null,"server":null,"url":null},"wp-worthy-type":"normal","_links":{"self":[{"href":"https:\/\/antalyatouristinformation.com\/de\/wp-json\/wp\/v2\/pages\/188","targetHints":{"allow":["GET"]}}],"collection":[{"href":"https:\/\/antalyatouristinformation.com\/de\/wp-json\/wp\/v2\/pages"}],"about":[{"href":"https:\/\/antalyatouristinformation.com\/de\/wp-json\/wp\/v2\/types\/page"}],"author":[{"embeddable":true,"href":"https:\/\/antalyatouristinformation.com\/de\/wp-json\/wp\/v2\/users\/6"}],"replies":[{"embeddable":true,"href":"https:\/\/antalyatouristinformation.com\/de\/wp-json\/wp\/v2\/comments?post=188"}],"version-history":[{"count":10,"href":"https:\/\/antalyatouristinformation.com\/de\/wp-json\/wp\/v2\/pages\/188\/revisions"}],"predecessor-version":[{"id":16601,"href":"https:\/\/antalyatouristinformation.com\/de\/wp-json\/wp\/v2\/pages\/188\/revisions\/16601"}],"up":[{"embeddable":true,"href":"https:\/\/antalyatouristinformation.com\/de\/wp-json\/wp\/v2\/pages\/172"}],"wp:featuredmedia":[{"embeddable":true,"href":"https:\/\/antalyatouristinformation.com\/de\/wp-json\/wp\/v2\/media\/6184"}],"wp:attachment":[{"href":"https:\/\/antalyatouristinformation.com\/de\/wp-json\/wp\/v2\/media?parent=188"}],"wp:term":[{"taxonomy":"category","embeddable":true,"href":"https:\/\/antalyatouristinformation.com\/de\/wp-json\/wp\/v2\/categories?post=188"},{"taxonomy":"post_tag","embeddable":true,"href":"https:\/\/antalyatouristinformation.com\/de\/wp-json\/wp\/v2\/tags?post=188"}],"curies":[{"name":"wp","href":"https:\/\/api.w.org\/{rel}","templated":true}]}}