{"id":190,"date":"2021-02-15T12:44:40","date_gmt":"2021-02-15T11:44:40","guid":{"rendered":"http:\/\/antalyatouristinformation.com\/clone4639485xzhehsskdjfhhdhebdkkekdeewsd4545gdfgm\/?page_id=190"},"modified":"2023-03-03T15:07:55","modified_gmt":"2023-03-03T14:07:55","slug":"olympos-seilbahn","status":"publish","type":"page","link":"https:\/\/antalyatouristinformation.com\/de\/sehenswurdigkeiten\/attraktionen\/olympos-seilbahn\/","title":{"rendered":"Olympos Teleferik (Seilbahn) in Kemer: Eintritt, Tickets &amp; h\u00e4ufige Fragen"},"content":{"rendered":"<p>Hier ist unser kompletter Guide zum Olympos Teleferik (Seilbahn) in Kemer.<\/p>\n<p>Die Seilbahn Olympos Teleferik geh\u00f6rt zu den ber\u00fchmtesten Sehensw\u00fcrdigkeiten in der S\u00fcdk\u00fcste der T\u00fcrkei.<\/p>\n<p>Wir verraten euch hier alles, was ihr vor eurer Fahrt mit der Seilbahn wissen m\u00fcsst und welche Aktivit\u00e4ten euch auf dem 2.364 Meter hohen Berg Tahtal\u0131 Da\u011f\u0131 erwarten.<\/p>\n<p>Ihr findet auch n\u00fctzliche Infos \u00fcber Eintrittspreise, Anfahrt, technische Daten und die Geschichte der Olympos Seilbahn.<\/p>\n<p>Los geht\u2019s!<\/p>\n<p><span><img decoding=\"async\" alt=\"Tahtali Teleferik in Kemer in Turkey\" data-id=\"5055\" width=\"702\" data-init-width=\"1000\" height=\"468\" data-init-height=\"667\" title=\"Tahtali Teleferik in Kemer in Turkey\" src=\"https:\/\/antalyatouristinformation.com\/de\/wp-content\/uploads\/sites\/10\/2021\/04\/Tahtali-Teleferik-in-Kemer-in-Turkey-5.jpg\" data-width=\"702\" data-height=\"468\" loading=\"lazy\" data-pin-media=\"https:\/\/antalyatouristinformation.com\/de\/wp-content\/uploads\/sites\/10\/2021\/06\/prag_50_sehenswuerdigkeiten_pinterest-25.jpg\" data-pin-description=\"Olympos Teleferik (Seilbahn) | Antalya Tourist Information\" data-pin-url=\"https:\/\/antalyatouristinformation.com\/de\/sehenswurdigkeiten\/attraktionen\/olympos-seilbahn\/?tve=true&amp;tcbf=38a0be3679\" data-pinpro-key=\"hou69wjfw\"><\/span><\/p>\n<h2 id=\"t-1625582552706\" data-alt-text=\"Was kann ich machen?\">Was kann ich am Olympos Teleferik (Seilbahn) machen?<\/h2>\n<p>Eine Fahrt mit der Seilbahn Olympos Teleferik ist ein tolles Erlebnis in luftiger H\u00f6he. Die Seilbahn f\u00fchrt euch \u00fcber eine Strecke von 4.350 Metern auf den Gipfel des Berges Tahtal\u0131 Da\u011f\u0131. Damit geh\u00f6rt die Olympos-Seilbahn <b>zu den l\u00e4ngsten Seilbahnen der Welt<\/b>.&nbsp;<\/p>\n<p>Ein Ausflug zum Berg und die Fahrt mit der Seilbahn ist ein Erlebnis f\u00fcr Gro\u00df und Klein. Aus diesem Grund ist der Olympos Teleferik eine beliebte Attraktion f\u00fcr Familien mit Kindern. Je nach Belieben k\u00f6nnt ihr hier problemlos einen halben Tag oder auch wenige Stunden verbringen.<\/p>\n<p><span><img decoding=\"async\" alt=\"Tahtali Teleferik in Kemer in Turkey\" data-id=\"5057\" width=\"702\" data-init-width=\"1000\" height=\"468\" data-init-height=\"667\" title=\"Tahtali Teleferik in Kemer in Turkey\" loading=\"lazy\" src=\"https:\/\/antalyatouristinformation.com\/de\/wp-content\/uploads\/sites\/10\/2021\/04\/Tahtali-Teleferik-in-Kemer-in-Turkey-6.jpg\" data-width=\"702\" data-height=\"468\" data-pin-media=\"https:\/\/antalyatouristinformation.com\/de\/wp-content\/uploads\/sites\/10\/2021\/06\/prag_50_sehenswuerdigkeiten_pinterest-25.jpg\" data-pin-description=\"Olympos Teleferik (Seilbahn) | Antalya Tourist Information\" data-pin-url=\"https:\/\/antalyatouristinformation.com\/de\/sehenswurdigkeiten\/attraktionen\/olympos-seilbahn\/?tve=true&amp;tcbf=38a0be3679\" data-pinpro-key=\"kcyqni65s\"><\/span><\/p>\n<h2 id=\"t-1625582552707\" data-alt-text=\"Fahrt mit der Seilbahn\">Fahrt mit der Olympos Seilbahn<\/h2>\n<p>Zwei rote Gondeln mit einer Kapazit\u00e4t von 80 Personen bringen euch von der Talstation am Strand von Kemer zur Bergstation auf dem Gipfel des Berges Tahtal\u0131 Da\u011f\u0131 hinauf.<\/p>\n<p>Gleich nach der Abfahrt k\u00f6nnt ihr <strong>das Stadtgebiet von Kemer sowie das umliegende Mittelmeer<\/strong> bestaunen.<\/p>\n<p>Je h\u00f6her es geht, desto mehr Sehensw\u00fcrdigkeiten k\u00f6nnt ihr erkennen. Dazu geh\u00f6ren der <a href=\"https:\/\/antalyatouristinformation.com\/de\/sehenswurdigkeiten\/strand\/olympos\/\">Olympos Strand in \u00c7irali<\/a> und die antiken Ruinen von <a href=\"https:\/\/antalyatouristinformation.com\/de\/sehenswurdigkeiten\/geschichte\/phaselis\/\">Phaselis<\/a>. Schaut euch auch die reizvolle Landschaft und die Gebirgskette des Olympos Beyda\u011flar\u0131 Nationalparks an sowie die umher flatternden V\u00f6gel.<\/p>\n<p>Nach einer <b>10-min\u00fctigen Fahrt<\/b><strong> voller Panoramaausblicke <\/strong>erreicht ihr schlie\u00dflich den Tahtal\u0131-Berg.<\/p>\n<p><span><img decoding=\"async\" alt=\"Mount Olympos in Antalya in Turkey\" data-id=\"5638\" width=\"702\" data-init-width=\"1000\" height=\"468\" data-init-height=\"667\" title=\"Mount Olympos in Antalya in Turkey\" loading=\"lazy\" src=\"https:\/\/antalyatouristinformation.com\/de\/wp-content\/uploads\/sites\/10\/2021\/05\/Mount-Olympos-in-Antalya.jpg\" data-width=\"702\" data-height=\"468\" data-pin-media=\"https:\/\/antalyatouristinformation.com\/de\/wp-content\/uploads\/sites\/10\/2021\/06\/prag_50_sehenswuerdigkeiten_pinterest-25.jpg\" data-pin-description=\"Olympos Teleferik (Seilbahn) | Antalya Tourist Information\" data-pin-url=\"https:\/\/antalyatouristinformation.com\/de\/sehenswurdigkeiten\/attraktionen\/olympos-seilbahn\/?tve=true&amp;tcbf=38a0be3679\" data-pinpro-key=\"ng9rcr3u6\"><\/span><\/p>\n<h2 id=\"t-1625582552708\">Besondere Fahrten<\/h2>\n<p>Romantiker k\u00f6nnen auch an <b>Sonnenuntergangs- bzw. Sonnenaufgangs-Fahrten<\/b> teilnehmen. Bei der Fahrt bei Sonnenaufgang k\u00f6nnt ihr mit einem hei\u00dfen Getr\u00e4nk und Geb\u00e4ck die Morgenr\u00f6te bewundern. Die Fahrt bei Sonnenuntergang beinhaltet dagegen ein romantisches Abendessen und Live-Musik.<\/p>\n<p>Spezielle Fahrten bei Vollmond oder f\u00fcr Sternenbeobachtungen sind ebenfalls <a href=\"https:\/\/www.olymposteleferik.com\/de\/angebote\" target=\"_blank\" rel=\"noopener\">verf\u00fcgbar<\/a>.<\/p>\n<p><span><img decoding=\"async\" alt=\"Tahtali Teleferik in Kemer in Turkey\" data-id=\"5059\" width=\"702\" data-init-width=\"1000\" height=\"468\" data-init-height=\"667\" title=\"Tahtali Teleferik in Kemer in Turkey\" loading=\"lazy\" src=\"https:\/\/antalyatouristinformation.com\/de\/wp-content\/uploads\/sites\/10\/2021\/04\/Tahtali-Teleferik-in-Kemer-in-Turkey-2.jpg\" data-width=\"702\" data-height=\"468\" data-pin-media=\"https:\/\/antalyatouristinformation.com\/de\/wp-content\/uploads\/sites\/10\/2021\/06\/prag_50_sehenswuerdigkeiten_pinterest-25.jpg\" data-pin-description=\"Olympos Teleferik (Seilbahn) | Antalya Tourist Information\" data-pin-url=\"https:\/\/antalyatouristinformation.com\/de\/sehenswurdigkeiten\/attraktionen\/olympos-seilbahn\/?tve=true&amp;tcbf=38a0be3679\" data-pinpro-key=\"suyeo0xtv\"><\/span><\/p>\n<h2 id=\"t-1625582552709\">Berg Tahtal\u0131 Da\u011f\u0131<\/h2>\n<p>Der direkt am Meer gelegene Hausberg von Antalya ist mit einer H\u00f6he von 2.364 Meter der zweith\u00f6chste Berg des Olympos Beyda\u011flar\u0131 <a href=\"https:\/\/antalyatouristinformation.com\/de\/sehenswurdigkeiten\/attraktionen\/nationalpark\/\">Nationalparks<\/a>.<\/p>\n<p>Oben an der Bergstation angekommen, werdet ihr mit einem Panoramaausblick auf Kemer, die Berge, die K\u00fcste und das Mittelmeer belohnt. Die Aussichtsterrasse auf dem Dach der Bergstation geh\u00f6rt <b>zu den sch\u00f6nsten Aussichtspunkten der Region<\/b>. Bei klarem Wetter k\u00f6nnt ihr sogar das 50 km entfernte Antalya erblicken.<\/p>\n<p><span><img decoding=\"async\" alt=\"Mount Olympos in Antalya in Turkey\" data-id=\"5633\" width=\"702\" data-init-width=\"1000\" height=\"468\" data-init-height=\"667\" title=\"Mount Olympos in Antalya in Turkey\" loading=\"lazy\" src=\"https:\/\/antalyatouristinformation.com\/de\/wp-content\/uploads\/sites\/10\/2021\/05\/Mount-Olympos-in-Antalya-in-Turkey.jpg\" data-width=\"702\" data-height=\"468\" data-pin-media=\"https:\/\/antalyatouristinformation.com\/de\/wp-content\/uploads\/sites\/10\/2021\/06\/prag_50_sehenswuerdigkeiten_pinterest-25.jpg\" data-pin-description=\"Olympos Teleferik (Seilbahn) | Antalya Tourist Information\" data-pin-url=\"https:\/\/antalyatouristinformation.com\/de\/sehenswurdigkeiten\/attraktionen\/olympos-seilbahn\/?tve=true&amp;tcbf=38a0be3679\" data-pinpro-key=\"kjr0ic5mo\"><\/span><\/p>\n<h2 id=\"t-1625582552710\" data-alt-text=\"Attraktionen &amp; Aktivit\u00e4ten\">Attraktionen &amp; Aktivit\u00e4ten auf dem Berg<\/h2>\n<p>Neben der sch\u00f6nen Aussicht und frischer Luft bietet der B<b>erg Tahtal\u0131 Da\u011f\u0131 spannende Besch\u00e4ftigungen<\/b>. Es gibt zum Beispiel unterschiedliche Kletter- und Wanderwege, die \u00fcber bemerkenswerte Landschaften f\u00fchren.<\/p>\n<p>Das absolute Highlight ist aber die <b>Paragliding-Station<\/b> auf dem Berg. Bei einem Tandem-Flug k\u00f6nnt ihr unvergessliche Momente erleben! Sie werden von Mai bis Oktober t\u00e4glich angeboten. Falls ihr interessiert seid, m\u00fcsst ihr vorab reservieren.<\/p>\n<p>F\u00fcr einen Adrenalinkick sorgt auch ein <b>Bungee-Katapult auf dem Gipfel des Berges<\/b>. Nach vorheriger Anmeldung k\u00f6nnt ihr euch hier wortw\u00f6rtlich in den Himmel katapultieren lassen!<\/p>\n<p>Falls ihr es lieber ruhiger angehen m\u00f6chtet, <b>dann entspannt in der sch\u00f6nen Natur<\/b>. Bei einem Spaziergang k\u00f6nnt ihr den Berg erkunden oder ein Picknick einlegen. Es gibt zudem ein Bergrestaurant und ein Caf\u00e9, in dem ihr K\u00f6stlichkeiten und Erfrischungen genie\u00dfen k\u00f6nnt.<\/p>\n<p>Ihr findet auf dem Gipfel des Tahtal\u0131-Berges reichlich Fotomotive. Deshalb eignet er sich auch f\u00fcr sch\u00f6ne Erinnerungsfotos an euren Antalya-Urlaub.<\/p>\n<p>Im Winter ist der Gipfel des Berges mit Schnee bedeckt. Dadurch ist er in den Wintermonaten genauso sehenswert wie im Sommer. Ihr k\u00f6nnt euch dann auf eine Schneeballschlacht freuen oder einen Schneemann bauen.<\/p>\n<p><span><img decoding=\"async\" alt=\"Tahtali Teleferik in Kemer in Turkey\" data-id=\"5052\" width=\"702\" data-init-width=\"1000\" height=\"468\" data-init-height=\"667\" title=\"Tahtali Teleferik in Kemer in Turkey\" loading=\"lazy\" src=\"https:\/\/antalyatouristinformation.com\/de\/wp-content\/uploads\/sites\/10\/2021\/04\/Tahtali-Teleferik-in-Kemer-in-Turkey-4.jpg\" data-width=\"702\" data-height=\"468\" data-pin-media=\"https:\/\/antalyatouristinformation.com\/de\/wp-content\/uploads\/sites\/10\/2021\/06\/prag_50_sehenswuerdigkeiten_pinterest-25.jpg\" data-pin-description=\"Olympos Teleferik (Seilbahn) | Antalya Tourist Information\" data-pin-url=\"https:\/\/antalyatouristinformation.com\/de\/sehenswurdigkeiten\/attraktionen\/olympos-seilbahn\/?tve=true&amp;tcbf=38a0be3679\" data-pinpro-key=\"z6s0m4p0e\"><\/span><\/p>\n<h2 id=\"t-1625582552711\" data-alt-text=\"Events \">Events auf dem Berg Tahtal\u0131 Da\u011f\u0131<\/h2>\n<p>Der Berg Tahtal\u0131 Da\u011f\u0131 ist auch ein Veranstaltungsort verschiedenster Events. Auf Anfrage sind Seminare, Live-Konzerte, Firmenversammlungen und sogar Hochzeiten auf dem Berg m\u00f6glich. Mehr Informationen dazu findet ihr <a href=\"https:\/\/www.olymposteleferik.com\/de\/angebote\" target=\"_blank\" rel=\"noopener\">hier<\/a>.<\/p>\n<p>Events wie der Laufwettbewerb \u201eTahtal\u0131 RunToSky\u201c oder die \u201eEnduro-Motorradmeisterschaft Sea To Sky\u201c ziehen Sportbegeisterte aus aller Welt an. <a href=\"https:\/\/www.olymposteleferik.com\/de\/events-2\" target=\"_blank\" rel=\"noopener\">Hier <\/a>findet ihr weitere Informationen.<\/p>\n<h2 id=\"t-1625582552712\" data-alt-text=\"Technische Fakten \">Technische Fakten des Olympos Teleferik (Seilbahn)<\/h2>\n<ul>\n<li><span><b><b>Dauer der Fahrt:<\/b><span style=\"font-weight: normal\"> 10 Minuten<\/span><\/b><\/span><\/li>\n<li><span><b><b><b>Streckenl\u00e4nge:<\/b> <span style=\"font-weight: normal\">4.350 Meter<\/span><\/b><\/b><\/span><\/li>\n<li><span><b><b><b>Max. Fahrgeschwindigkeit:<\/b><span style=\"font-weight: normal\"> 36 km\/h<\/span><\/b><\/b><\/span><\/li>\n<li><span><b><b>Kapazit\u00e4t der Kabinen:<\/b> <span style=\"font-weight: normal\">80 Personen<\/span><\/b><\/span><\/li>\n<li><span><b><b>Er\u00f6ffnung<\/b>: <span style=\"font-weight: normal\">17. Juni 2007<\/span><\/b><\/span><\/li>\n<li><span><b><b>H\u00f6he der Talstation:<\/b> <span style=\"font-weight: normal\">726 m \u00fcber dem Meeresspiegel<\/span><\/b><\/span><\/li>\n<li><span><b><b>H\u00f6he der Bergstation:<\/b> <span style=\"font-weight: normal\">2365 m \u00fcber dem Meeresspiegel<\/span><\/b><\/span><\/li>\n<\/ul>\n<p><span><img decoding=\"async\" alt=\"Tahtali Teleferik in Kemer in Turkey\" data-id=\"5054\" width=\"702\" data-init-width=\"1000\" height=\"468\" data-init-height=\"667\" title=\"Tahtali Teleferik in Kemer in Turkey\" src=\"https:\/\/antalyatouristinformation.com\/de\/wp-content\/uploads\/sites\/10\/2021\/04\/Tahtali-Teleferik-in-Kemer-in-Turkey.jpg\" data-width=\"702\" data-height=\"468\" loading=\"lazy\" data-pin-media=\"https:\/\/antalyatouristinformation.com\/de\/wp-content\/uploads\/sites\/10\/2021\/06\/prag_50_sehenswuerdigkeiten_pinterest-25.jpg\" data-pin-description=\"Olympos Teleferik (Seilbahn) | Antalya Tourist Information\" data-pin-url=\"https:\/\/antalyatouristinformation.com\/de\/sehenswurdigkeiten\/attraktionen\/olympos-seilbahn\/?tve=true&amp;tcbf=38a0be3679\" data-pinpro-key=\"bvl2uzxhx\"><\/span><\/p>\n<h2 id=\"t-1625582552713\" data-alt-text=\"Eintritt, Tickets &amp; F\u00fchrungen\">Eintritt, Tickets und F\u00fchrungen<\/h2>\n<ul>\n<li><span><strong><b>Eintritt:<\/b> <\/strong>Kinder von 0 bis 6 Jahren ben\u00f6tigen f\u00fcr die Fahrt mit der Seilbahn Olympos Teleferik kein Ticket. F\u00fcr Kinder von 7 bis 12 stehen erm\u00e4\u00dfigte Tickets zur Verf\u00fcgung. Es gibt sowohl Einzeltickets als auch Tickets f\u00fcr die Hin- und R\u00fcckfahrt.<\/span><\/li>\n<li><span><strong>Tickets:<\/strong> Tickets f\u00fcr die Fahrt mit der Olympos Seilbahn sind vor Ort sowie <a href=\"https:\/\/antalyatouristinformation.com\/de\/ticket\/olympos-teleferik\/\">online in unserem Shop<\/a> erh\u00e4ltlich. Da sich vor der Ticketkasse vor Ort lange Warteschlangen bilden k\u00f6nnen, empfehlen wir, dass ihr im Voraus Online-Tickets kauft.<\/span><\/li>\n<li><span><strong><b>Tickets f\u00fcr den Sonnenuntergang bzw. \u2013aufgang:<\/b> <\/strong>In der Hauptsaison bietet die Seilbahn spezielle Fahrten zum Sonnenuntergang bzw. \u2013aufgang. Tickets gibt es <a href=\"https:\/\/www.olymposteleferik.com\/de\/ticket-preise-1\" target=\"_blank\" rel=\"noopener\">hier<\/a>.<\/span><\/li>\n<li><span><strong>Transfer:&nbsp;<\/strong>Ihr k\u00f6nnt einen Transfer von Antalya zur Olympos-Seilbahn in Kemer und zur\u00fcck buchen. <a href=\"https:\/\/www.olymposteleferik.com\/de\/ticket-preise-1\" target=\"_blank\" rel=\"noopener\">Hier <\/a>findet ihr die aktuellen Preise.<\/span><\/li>\n<li><span><strong>Tours: <\/strong>Die Fahrt mit der Seilbahn Olympos Teleferik ist Bestandteil vieler Tagesausfl\u00fcge, die rund um die Region Antalya veranstaltet werden.<\/span><\/li>\n<\/ul>\n<ul>\n<li><span><strong>Tipp:<\/strong> Falls ihr Tickets f\u00fcr Vergn\u00fcgungsparks, Museen und Touren f\u00fcr eure Antalya-Reise vorab buchen m\u00f6chtet, solltet ihr unbedingt einen Blick auf die Angebote in unserem offiziellen Shop werfen:<\/span><\/li>\n<\/ul>\n<h2 id=\"t-1625582552714\" data-alt-text=\"Wie komme ich zur Seilbahn?\">Wie komme ich zum Olympos Teleferik (Seilbahn)?<\/h2>\n<p>Die Seilbahn Olympos Teleferik befindet sich im Olympos Beydaglari Nationalpark in Kemer in der Region Antalya. Die Talstation liegt 50 km vom Zentrum Antalyas und 200 km von Alanya entfernt. Ihr k\u00f6nnt die Seilbahn von vielen der umliegenden Badeorte schnell erreichen.<\/p>\n<ul>\n<li><b>Mit dem Auto:<\/b> Eine Fahrt mit dem <a href=\"https:\/\/antalyatouristinformation.com\/de\/plan\/mietwagen\/\">Mietwagen <\/a>zur Seilbahn gestaltet sich ganz einfach. Ihr folgt einfach der Schnellstra\u00dfe D-400 bis eine ausgeschilderte Abfahrt zwischen Camyuva und Tekirova erscheint. Folgt der Stra\u00dfe weitere 7 Kilometer bis ihr die Talstation seht.<\/li>\n<li><b>Mit dem Bus:<\/b> Eine weitere gute M\u00f6glichkeit, die Seilbahn zu erreichen, ist mit dem <a href=\"https:\/\/antalyatouristinformation.com\/de\/offentlicher-verkehr\/\">\u00f6ffentlichen Verkehr<\/a>. Vom Stadtzentrum von Antalya steigt ihr in eine der folgenden Buslinien ein: KC71, KM61, KC71A, 504, 504A, 600A, TK92, KL08, UC11, UC11A, TK36, DK38, VC57, VC59. Anschlie\u00dfend fahrt ihr bis zur Station &#8222;5M-Migros&#8220; und steigt in die \u00dcberlandbusse nach Tekirova um. Danach fahrt ihr bis zur Talstation.<\/li>\n<li><b>Transfer<\/b>: Auf der offiziellen Webseite von Olympos Teleferik k\u00f6nnt ihr den Transfer aus verschiedenen Gebieten in der Region Antalya dazu buchen. Bei den meisten Touren ist der Hin- und R\u00fccktransfer vom Hotel inklusive.<\/li>\n<\/ul>\n<p><span><img decoding=\"async\" alt=\"Tahtali Teleferik in Kemer in Turkey\" data-id=\"5058\" width=\"702\" data-init-width=\"1000\" height=\"468\" data-init-height=\"667\" title=\"Tahtali Teleferik in Kemer in Turkey\" src=\"https:\/\/antalyatouristinformation.com\/de\/wp-content\/uploads\/sites\/10\/2021\/04\/Tahtali-Teleferik-in-Kemer-in-Turkey-3.jpg\" data-width=\"702\" data-height=\"468\" loading=\"lazy\" data-pin-media=\"https:\/\/antalyatouristinformation.com\/de\/wp-content\/uploads\/sites\/10\/2021\/06\/prag_50_sehenswuerdigkeiten_pinterest-25.jpg\" data-pin-description=\"Olympos Teleferik (Seilbahn) | Antalya Tourist Information\" data-pin-url=\"https:\/\/antalyatouristinformation.com\/de\/sehenswurdigkeiten\/attraktionen\/olympos-seilbahn\/?tve=true&amp;tcbf=38a0be3679\" data-pinpro-key=\"715frd7cb\"><\/span><\/p>\n<h2 id=\"t-1619806254334\" data-alt-text=\"FAQ\">FAQ (H\u00e4ufige Fragen)<\/h2>\n<p><span><img decoding=\"async\" alt=\"History of Olympos Teleferik in Antalya in Turkey\" data-id=\"5635\" width=\"702\" data-init-width=\"1000\" height=\"468\" data-init-height=\"667\" title=\"History of Olympos Teleferik in Antalya in Turkey\" loading=\"lazy\" src=\"https:\/\/antalyatouristinformation.com\/de\/wp-content\/uploads\/sites\/10\/2021\/05\/History-of-Olympos-Teleferik-in-Antalya-in-Turkey.jpg\" data-width=\"702\" data-height=\"468\" data-pin-media=\"https:\/\/antalyatouristinformation.com\/de\/wp-content\/uploads\/sites\/10\/2021\/06\/prag_50_sehenswuerdigkeiten_pinterest-25.jpg\" data-pin-description=\"Olympos Teleferik (Seilbahn) | Antalya Tourist Information\" data-pin-url=\"https:\/\/antalyatouristinformation.com\/de\/sehenswurdigkeiten\/attraktionen\/olympos-seilbahn\/?tve=true&amp;tcbf=38a0be3679\" data-pinpro-key=\"9lngobph3\"><\/span><\/p>\n<h2 id=\"t-1625582552715\" data-alt-text=\"Geschichte \">Geschichte von Olympos Teleferik (Seilbahn)<\/h2>\n<p>Die Seilbahn Olympos Teleferik wurde innerhalb von drei Jahren von den f\u00fchrenden Unternehmen Doppelmayr und Garaventa erbaut. Am 17. Juni 2007 wurde sie erstmals in Betrieb genommen.Der Name der Seilbahn ist eine Anspielung auf den einstigen Namen des Tahtal\u0131 Berges. Der Berg wurde in der Antike \u201eOlympos\u201c genannt. Die Bewohner des Ortes hielten ihn aufgrund seiner beeindruckenden H\u00f6he f\u00fcr den Olymp, den Wohnsitz der griechischen G\u00f6tter.<\/p>\n<p>Heute ist die Seilbahn mit dem Beinamen &#8222;Sea to Sky&#8220; die l\u00e4ngste Seilbahn Europas. Sie wird von mehr als 350.000 G\u00e4sten j\u00e4hrlich benutzt.<\/p>\n<h2 id=\"t-1619806254336\" data-alt-text=\"Kontakt\">Kontakt:<\/h2>\n<ul>\n<li><span><strong>Adresse:&nbsp;<\/strong>Olympos Teleferik, Tekirova Mahallesi Antalya Kumluca Anayolu Caddesi No:2 Kemer\/Antalya<\/span><\/li>\n<li><span><strong><strong>\u00d6ffnungszeiten<\/strong>:&nbsp;<\/strong>Die aktuellen Betriebszeiten findet ihr auf der offiziellen <a href=\"https:\/\/www.olymposteleferik.com\/de\/betriebszeiten\" target=\"_blank\" rel=\"noopener\">Webseite <\/a>der Seilbahn.&nbsp;<\/span><\/li>\n<li><span><strong><strong>\u00d6ffentlicher Verkehr: <\/strong><\/strong>Mit dem Bus vom Zentrum von Antalya bis zur Station &#8222;5M-Migros&#8220;. Dann in die \u00dcberlandbusse nach Tekirova umsteigen.<\/span><\/li>\n<li><span><strong>Webseite:&nbsp;<\/strong><a href=\"https:\/\/www.olymposteleferik.com\/de\" target=\"_blank\" rel=\"noopener\">OlymposTeleferik.com<\/a><\/span><\/li>\n<\/ul>\n","protected":false},"excerpt":{"rendered":"<p>Hier ist unser kompletter Guide zum Olympos Teleferik (Seilbahn) in Kemer. Die Seilbahn Olympos Teleferik geh\u00f6rt zu den ber\u00fchmtesten Sehensw\u00fcrdigkeiten in der S\u00fcdk\u00fcste der T\u00fcrkei. Wir verraten euch hier alles, was ihr vor eurer Fahrt mit der Seilbahn wissen m\u00fcsst und welche Aktivit\u00e4ten euch auf dem 2.364 Meter hohen Berg Tahtal\u0131 Da\u011f\u0131 erwarten. Ihr findet [&hellip;]<\/p>\n","protected":false},"author":5,"featured_media":5048,"parent":117,"menu_order":0,"comment_status":"open","ping_status":"closed","template":"","meta":{"_acf_changed":false,"footnotes":""},"categories":[],"tags":[36],"class_list":["post-190","page","type-page","status-publish","has-post-thumbnail","hentry","tag-attraction","post-wrapper","thrv_wrapper"],"acf":[],"wp-worthy-pixel":{"ignored":false,"public":"a5dc7f111a714951893f8424b790b073","server":"vg01.met.vgwort.de","url":"https:\/\/vg01.met.vgwort.de\/na\/a5dc7f111a714951893f8424b790b073"},"wp-worthy-type":"normal","_links":{"self":[{"href":"https:\/\/antalyatouristinformation.com\/de\/wp-json\/wp\/v2\/pages\/190","targetHints":{"allow":["GET"]}}],"collection":[{"href":"https:\/\/antalyatouristinformation.com\/de\/wp-json\/wp\/v2\/pages"}],"about":[{"href":"https:\/\/antalyatouristinformation.com\/de\/wp-json\/wp\/v2\/types\/page"}],"author":[{"embeddable":true,"href":"https:\/\/antalyatouristinformation.com\/de\/wp-json\/wp\/v2\/users\/5"}],"replies":[{"embeddable":true,"href":"https:\/\/antalyatouristinformation.com\/de\/wp-json\/wp\/v2\/comments?post=190"}],"version-history":[{"count":10,"href":"https:\/\/antalyatouristinformation.com\/de\/wp-json\/wp\/v2\/pages\/190\/revisions"}],"predecessor-version":[{"id":14829,"href":"https:\/\/antalyatouristinformation.com\/de\/wp-json\/wp\/v2\/pages\/190\/revisions\/14829"}],"up":[{"embeddable":true,"href":"https:\/\/antalyatouristinformation.com\/de\/wp-json\/wp\/v2\/pages\/117"}],"wp:featuredmedia":[{"embeddable":true,"href":"https:\/\/antalyatouristinformation.com\/de\/wp-json\/wp\/v2\/media\/5048"}],"wp:attachment":[{"href":"https:\/\/antalyatouristinformation.com\/de\/wp-json\/wp\/v2\/media?parent=190"}],"wp:term":[{"taxonomy":"category","embeddable":true,"href":"https:\/\/antalyatouristinformation.com\/de\/wp-json\/wp\/v2\/categories?post=190"},{"taxonomy":"post_tag","embeddable":true,"href":"https:\/\/antalyatouristinformation.com\/de\/wp-json\/wp\/v2\/tags?post=190"}],"curies":[{"name":"wp","href":"https:\/\/api.w.org\/{rel}","templated":true}]}}