{"id":194,"date":"2021-02-15T12:46:26","date_gmt":"2021-02-15T11:46:26","guid":{"rendered":"http:\/\/antalyatouristinformation.com\/clone4639485xzhehsskdjfhhdhebdkkekdeewsd4545gdfgm\/?page_id=194"},"modified":"2024-01-18T17:24:46","modified_gmt":"2024-01-18T16:24:46","slug":"aspendos","status":"publish","type":"page","link":"https:\/\/antalyatouristinformation.com\/de\/sehenswurdigkeiten\/geschichte\/aspendos\/","title":{"rendered":"Aspendos bei Antalya: Geschichte &amp; Tipps"},"content":{"rendered":"<p>Das ist der komplette Guide zu Aspendos.<\/p>\n<p>Mit zahlreichen \u00dcberresten einer typischen antiken r\u00f6mischen Siedlung ist Aspendos eine der sehenswerten antiken St\u00e4dte rund um Antalya.<\/p>\n<p>Am ber\u00fchmtesten ist zweifellos das Amphitheater, das eines der am besten erhaltenen ist. Noch heute finden hier Auff\u00fchrungen statt.<\/p>\n<p>Hier lest ihr alle wichtigen Informationen, die ihr vor dem Besuch von Aspendos wissen solltet.<\/p>\n<p>Dazu geh\u00f6ren Sehensw\u00fcrdigkeiten, Tipps, Eintritt und Anfahrt sowie die Geschichte von Aspendos.<\/p>\n<h2 id=\"t-1619458835290\" data-alt-text=\"Was kann ich dort machen?\">Was kann ich in Aspendos machen?<\/h2>\n<p><span><img decoding=\"async\" alt=\"Roman amphitheater of Aspendos in Antalya\" data-id=\"2036\" width=\"702\" data-init-width=\"1000\" height=\"468\" data-init-height=\"667\" title=\"Roman amphitheater of Aspendos in Antalya\" src=\"\/\/antalyatouristinformation.com\/de\/wp-content\/uploads\/sites\/10\/2021\/04\/Roman-amphitheater-of-Aspendos-in-Antalya.jpg\" data-width=\"702\" data-height=\"468\" loading=\"lazy\" data-pinpro-key=\"1xn7xklyk\" data-pin-media=\"https:\/\/antalyatouristinformation.com\/de\/wp-content\/uploads\/sites\/10\/2021\/06\/Antalya-Pinterest-4-2.jpg\" data-pin-description=\"Aspendos Ancient Site in Antalya | Antalya Tourist Information\" data-pin-url=\"https:\/\/antalyatouristinformation.com\/de\/sehenswurdigkeiten\/geschichte\/aspendos\/?tve=true&amp;tcbf=d3233f18a0\"><\/span><\/p>\n<h2 id=\"t-1626179093431\"><strong>Das Theater von Aspendos<\/strong><\/h2>\n<p>Das Theater ist einer der Orte, an denen ihr die Atmosph\u00e4re der Antike sp\u00fcren k\u00f6nnt. Die ganzheitliche Architektur sowie die B\u00fchne und die Sitzreihen sind ebenso beeindruckend wie die akustischen Eigenschaften.<\/p>\n<p>Die denkw\u00fcrdigsten Momente eines Aspendos-Besuchs entstehen jedoch in eurer eigenen Fantasie. Stellt euch einfach vor, wie die Menschen vor 2000 Jahren auf denselben Sitzpl\u00e4tzen sa\u00dfen! Vielleicht h\u00f6rt ihr sie ja sogar jubeln&#8230;<\/p>\n<h2 id=\"t-1625324227958\" data-alt-text=\"Aqu\u00e4dukt\">Das Aqu\u00e4dukt von Aspendos<\/h2>\n<p>Ein Besuch in Aspendos ist nicht vollst\u00e4ndig, ohne das antike Aqu\u00e4dukt zu sehen. Die S\u00e4ulen und Gew\u00f6lbe findet ihr hinter dem winzigen H\u00fcgel, auf dem das Theater steht. Das Aqu\u00e4dukt war Teil eines 25 Kilometer langen Wasserkanals, der die Stadt Aspendos mit Wasser versorgte. Anders ausgedr\u00fcckt, dieses technische Wunderwerk brachte Leben nach Aspendos.<\/p>\n<h2 id=\"t-1625324227959\" data-alt-text=\"Akropolis\">Die Akropolis von Aspendos<\/h2>\n<p>Auf der anderen Seite des Weges seht ihr die Ruinen der Arena. Sie liegen n\u00f6rdlich von dem Theater. Nehmt den Weg zwischen den Ruinen. Er f\u00fchrt einen kleinen H\u00fcgel hinauf. Dort seht ihr die Akropolis von Aspendos. In der Umgebung stehen noch mehr Ruinen, die Basilika, die Agora, der Marktplatz und das Bouleuterion, der Versammlungsort des Stadtsenats \u2026<\/p>\n<p><span><img decoding=\"async\" alt=\"Roman amphitheater of Aspendos in Antalya in Turkey\" data-id=\"2039\" width=\"702\" data-init-width=\"1000\" height=\"468\" data-init-height=\"667\" title=\"Roman amphitheater of Aspendos in Antalya in Turkey\" src=\"\/\/antalyatouristinformation.com\/de\/wp-content\/uploads\/sites\/10\/2021\/04\/Roman-amphitheater-of-Aspendos-in-Antalya-in-Turkey.jpg\" data-width=\"702\" data-height=\"468\" loading=\"lazy\" data-pinpro-key=\"8gh52nqsx\" data-pin-media=\"https:\/\/antalyatouristinformation.com\/de\/wp-content\/uploads\/sites\/10\/2021\/06\/Antalya-Pinterest-4-2.jpg\" data-pin-description=\"Aspendos Ancient Site in Antalya | Antalya Tourist Information\" data-pin-url=\"https:\/\/antalyatouristinformation.com\/de\/sehenswurdigkeiten\/geschichte\/aspendos\/?tve=true&amp;tcbf=d3233f18a0\"><\/span><\/p>\n<h2 id=\"t-1619458835291\">Eintritt, Tickets und Touren<\/h2>\n<ul>\n<li><span><strong>Eintritt:<\/strong> Die \u00d6ffnungszeiten \u00e4ndern sich je nach Saison. Im Sommer ist Aspendos von 08:00 &#8211; 18:45 Uhr ge\u00f6ffnet, im Winter von 10:00 &#8211; 16:00 Uhr<\/span><\/li>\n<li><span><strong>Tickets:<\/strong> Der Eintritt in die St\u00e4tte ist kostenpflichtig. Tickets sind vor Ort erh\u00e4ltlich.<\/span><\/li>\n<li><span><strong>Touren:&nbsp;<\/strong>Es gibt von Antalya aus regelm\u00e4\u00dfig gef\u00fchrte Touren nach Aspendos.<\/span><\/li>\n<\/ul>\n<ul>\n<li><span><strong>Tipp:<\/strong> Falls ihr Tickets f\u00fcr Vergn\u00fcgungsparks, Museen und Touren f\u00fcr eure Antalya-Reise vorab buchen m\u00f6chtet, solltet ihr unbedingt einen Blick auf die Angebote in unserem offiziellen Shop werfen:<\/span><\/li>\n<\/ul>\n<h2 id=\"t-1625324227960\" data-alt-text=\"Anfahrt\">Wie komme ich nach Aspendos?<\/h2>\n<p>Aspendos liegt etwa 50 Kilometer \u00f6stlich vom Stadtzentrum Antalyas in dem Dorf Belk\u0131\u015f. Mit dem Auto dauert die Fahrt etwa 35-40 Minuten. Falls ihr ein <a href=\"https:\/\/antalyatouristinformation.com\/de\/plan\/mietwagen\/\">Auto mieten<\/a> wollt, findet ihr hier wichtige Tipps.Mit dem Bus ist Aspendos von Antalya aus nicht direkt zu erreichen. Ihr nehmt erst einen Bus nach Serik. Der f\u00e4hrt von der zentralen Bushaltestelle in Antalya aus ab. In Serik steigt ihr dann in einen Minibus ein, der euch nach Aspendos bringt.<\/p>\n<h2 id=\"t-1619458835293\" data-alt-text=\"FAQ\">FAQ&nbsp;<\/h2>\n<p><span><img decoding=\"async\" alt=\"Roman amphitheater Aspendos in Antalya in Turkey\" data-id=\"2043\" width=\"702\" data-init-width=\"1000\" height=\"468\" data-init-height=\"667\" title=\"Roman amphitheater Aspendos in Antalya in Turkey\" src=\"\/\/antalyatouristinformation.com\/de\/wp-content\/uploads\/sites\/10\/2021\/04\/Roman-amphitheater-Aspendos-in-Antalya-in-Turkey.jpg\" data-width=\"702\" data-height=\"468\" loading=\"lazy\" data-pinpro-key=\"ci9i1n6bj\" data-pin-media=\"https:\/\/antalyatouristinformation.com\/de\/wp-content\/uploads\/sites\/10\/2021\/06\/Antalya-Pinterest-4-2.jpg\" data-pin-description=\"Aspendos Ancient Site in Antalya | Antalya Tourist Information\" data-pin-url=\"https:\/\/antalyatouristinformation.com\/de\/sehenswurdigkeiten\/geschichte\/aspendos\/?tve=true&amp;tcbf=d3233f18a0\"><\/span><\/p>\n<h2 id=\"t-1619458835294\" data-alt-text=\"Geschichte\">Die Geschichte von Aspendos<\/h2>\n<p>In der R\u00f6merzeit, so glaubte man, wurde Aspendos von den \u00dcberlebenden der legend\u00e4ren Stadt Troja gefunden. Mopsos war der Anf\u00fchrer der Gruppe. Die Region wurde damals Pamphylien genannt.&nbsp;<\/p>\n<p>Theater und Aqu\u00e4dukt sind Teil einer legend\u00e4ren Geschichte \u00fcber den damaligen K\u00f6nig von Aspendos. Die Legende sagt, dass sich zwei Br\u00fcder um die Gunst der Prinzessin bem\u00fchten. Der K\u00f6nig versprach seine geliebte Tochter demjenigen, der das n\u00fctzlichste Bauwerk f\u00fcr die Stadt errichten konnte. In einem harten Wettbewerb baute einer der Br\u00fcder das Theater, w\u00e4hrend der andere die Aqu\u00e4dukte errichtete. Das Wasser war f\u00fcr die Stadt wichtiger. Bei der Einweihung des Theaters h\u00f6rte der K\u00f6nig jedoch in der obersten Reihe deutlich den Architekten von der B\u00fchne fl\u00fcstern: &#8222;Ich verdiene deine Tochter!&#8220;&nbsp;<\/p>\n<p>Die R\u00f6mer dominierten immer mehr die K\u00fcsten des Mittelmeers. Gleichzeitig nahm auch die Bedeutung von Pamphylien zu. Kleinasien wurde im 2. und 3. Jahrhundert zu einem der wohlhabendsten Gebiete der Welt. Die einstige Pracht dieses goldenen Zeitalters k\u00f6nnt ihr in dem atemberaubenden Theater immer noch nachempfinden.<\/p>\n<p>Inschriften auf dem Bauwerk verraten uns, dass es vom Architekten Zenon zwischen den Jahren 138 und 164 entworfen und gebaut wurde. Das Theater hatte Platz f\u00fcr 12.000 bis 15.000 Zuschauer. Auch nach dem Fall des R\u00f6mischen Reiches wurde das Theater weiterhin benutzt. Im Mittelalter wurde es mehrmals restauriert und unter anderem als k\u00f6nigliche Residenz und Karawanserei benutzt. Daher ist es heute so gut erhalten.&nbsp;<\/p>\n<h2 id=\"t-1619458835295\" data-alt-text=\"Kontakt\">Kontakt<\/h2>\n<ul>\n<li><span><strong>Adresse :&nbsp;<\/strong>Sar\u0131abal\u0131, Aspendos Yolu, Serik\/Antalya<\/span><\/li>\n<li><span><strong>\u00d6ffnungszeiten:&nbsp;<\/strong>Sommer: 08:00 &#8211; 18:45 \/ Winter: 10:00 &#8211; 16:00<\/span><\/li>\n<li><span><strong>Webseite:&nbsp;<\/strong><a href=\"https:\/\/muze.gov.tr\/muze-detay?SectionId=ASP01&amp;DistId=ASP\" target=\"_blank\" rel=\"noopener\">Muze.gov.tr<\/a><\/span><\/li>\n<\/ul>\n","protected":false},"excerpt":{"rendered":"<p>Das ist der komplette Guide zu Aspendos. Mit zahlreichen \u00dcberresten einer typischen antiken r\u00f6mischen Siedlung ist Aspendos eine der sehenswerten antiken St\u00e4dte rund um Antalya. Am ber\u00fchmtesten ist zweifellos das Amphitheater, das eines der am besten erhaltenen ist. Noch heute finden hier Auff\u00fchrungen statt. Hier lest ihr alle wichtigen Informationen, die ihr vor dem Besuch [&hellip;]<\/p>\n","protected":false},"author":5,"featured_media":2028,"parent":119,"menu_order":0,"comment_status":"open","ping_status":"closed","template":"","meta":{"_acf_changed":false,"footnotes":""},"categories":[],"tags":[43,42],"class_list":["post-194","page","type-page","status-publish","has-post-thumbnail","hentry","tag-antiquity","tag-history","post-wrapper","thrv_wrapper"],"acf":[],"wp-worthy-pixel":{"ignored":false,"public":"d7eb4cf5242143278db8e62ac3fbf078","server":"vg01.met.vgwort.de","url":"https:\/\/vg01.met.vgwort.de\/na\/d7eb4cf5242143278db8e62ac3fbf078"},"wp-worthy-type":"normal","_links":{"self":[{"href":"https:\/\/antalyatouristinformation.com\/de\/wp-json\/wp\/v2\/pages\/194","targetHints":{"allow":["GET"]}}],"collection":[{"href":"https:\/\/antalyatouristinformation.com\/de\/wp-json\/wp\/v2\/pages"}],"about":[{"href":"https:\/\/antalyatouristinformation.com\/de\/wp-json\/wp\/v2\/types\/page"}],"author":[{"embeddable":true,"href":"https:\/\/antalyatouristinformation.com\/de\/wp-json\/wp\/v2\/users\/5"}],"replies":[{"embeddable":true,"href":"https:\/\/antalyatouristinformation.com\/de\/wp-json\/wp\/v2\/comments?post=194"}],"version-history":[{"count":10,"href":"https:\/\/antalyatouristinformation.com\/de\/wp-json\/wp\/v2\/pages\/194\/revisions"}],"predecessor-version":[{"id":14904,"href":"https:\/\/antalyatouristinformation.com\/de\/wp-json\/wp\/v2\/pages\/194\/revisions\/14904"}],"up":[{"embeddable":true,"href":"https:\/\/antalyatouristinformation.com\/de\/wp-json\/wp\/v2\/pages\/119"}],"wp:featuredmedia":[{"embeddable":true,"href":"https:\/\/antalyatouristinformation.com\/de\/wp-json\/wp\/v2\/media\/2028"}],"wp:attachment":[{"href":"https:\/\/antalyatouristinformation.com\/de\/wp-json\/wp\/v2\/media?parent=194"}],"wp:term":[{"taxonomy":"category","embeddable":true,"href":"https:\/\/antalyatouristinformation.com\/de\/wp-json\/wp\/v2\/categories?post=194"},{"taxonomy":"post_tag","embeddable":true,"href":"https:\/\/antalyatouristinformation.com\/de\/wp-json\/wp\/v2\/tags?post=194"}],"curies":[{"name":"wp","href":"https:\/\/api.w.org\/{rel}","templated":true}]}}