{"id":1942,"date":"2021-04-02T18:24:34","date_gmt":"2021-04-02T16:24:34","guid":{"rendered":"http:\/\/antalyatouristinformation.com\/clone4639485xzhehsskdjfhhdhebdkkekdeewsd4545gdfgm\/?page_id=1942"},"modified":"2024-01-18T17:23:39","modified_gmt":"2024-01-18T16:23:39","slug":"kekova","status":"publish","type":"page","link":"https:\/\/antalyatouristinformation.com\/de\/sehenswurdigkeiten\/inseln\/kekova\/","title":{"rendered":"Kekova: Der komplette Guide zur Insel in Demre"},"content":{"rendered":"<p>Das ist unser kompletter Guide zur Insel Kekova in Demre.<\/p>\n<p>Die Insel Kekova ist die <strong>gr\u00f6\u00dfte t\u00fcrkische Insel im Mittelmeer.<\/strong><\/p>\n<p>Sie geh\u00f6rt <strong>zusammen mit der Versunkenen Stadt zu den meistbesuchten Orten<\/strong> im Mittelmeer.<\/p>\n<p>Wir verraten euch hier alle Details, die ihr vor eurem Besuch der Insel wissen solltet.<\/p>\n<p>Dazu geh\u00f6ren Reisetipps, Bootsausfl\u00fcge, Attraktionen und Ruinen, h\u00e4ufige Fragen sowie die Geschichte von Kekova.<\/p>\n<p><span><img decoding=\"async\" alt=\"\" data-id=\"2052\" width=\"702\" data-init-width=\"1000\" height=\"471\" data-init-height=\"670\" title=\"kekova island in antalya in turkey\" loading=\"lazy\" src=\"\/\/antalyatouristinformation.com\/de\/wp-content\/uploads\/sites\/10\/2021\/04\/kekova-island-in-antalya-in-turkey.jpg\" data-width=\"702\" data-height=\"471\" data-pinpro-key=\"0b9a814df\" data-pin-media=\"https:\/\/antalyatouristinformation.com\/de\/wp-content\/uploads\/sites\/10\/2021\/06\/prag_50_sehenswuerdigkeiten_pinterest-11-3.jpg\" data-pin-description=\"Guide to Kekova Island in Demre | Antalya Tourist Information\" data-pin-url=\"https:\/\/antalyatouristinformation.com\/de\/things-to-do\/islands\/kekova\/?tve=true&amp;tcbf=cd7dd7a6c4\"><\/span><\/p>\n<h2 id=\"t-1625653593578\" data-alt-text=\"Was kann ich machen?\">Was kann ich auf der Insel Kekova machen?<\/h2>\n<p>Die Insel Kekova ist eine etwa 4,5 Quadratkilometer gro\u00dfe Natur-Oase. Die Region, die nach der Insel Kekova benannt ist, umfasst die St\u00e4dte <strong>Kalek\u00f6y <\/strong>(<a href=\"https:\/\/antalyatouristinformation.com\/de\/sehenswurdigkeiten\/geschichte\/simena\/\">Simena<\/a>) und <strong>\u00dc\u00e7a\u011f\u0131z <\/strong>(Teimioussa).<\/p>\n<p>Seit etwa 1850 ist die Insel unbewohnt. Trotzdem k\u00f6nnt ihr viele Yachten sehen, die hier wochenlang vor Anker liegen. Die Insel ist n\u00e4mlich mit ihrer unber\u00fchrten Natur ein sehr beliebtes Ausflugsziel von Seglern.<\/p>\n<p>In der Region Kekova k\u00f6nnt ihr viele interessante Orte entdecken. Beispiele sind die Ruinen von <strong>Simena <\/strong>und <strong>Teimussa <\/strong>sowie die Ruinen der antiken St\u00e4dte <strong>Aperlai <\/strong>und <strong>Dolihiste<\/strong>.<\/p>\n<h3>Versunkene Stadt (Dolichiste)<\/h3>\n<p>Ihr solltet <strong>unbedingt die Versunkene Stadt <\/strong>auf der Nordseite der Insel mit Blick auf Kalek\u00f6y <strong>besichtigen<\/strong>. Die Ruinen der alten Stra\u00dfen und Bauten liegen unter Wasser und sind gut erkennbar. Man vermutet, dass die <strong>antike Stad<\/strong><strong>t<\/strong> im 2. Jahrhundert vor unserer Zeitrechnung infolge eines gro\u00dfen Erdbebens untergegangen ist (wie Aperlai und Simena).<\/p>\n<h3>Tersane<\/h3>\n<p>Tersane war <strong>in der Antike eine <\/strong><strong>Schiffswerft<\/strong>. Ihr k\u00f6nnt hier die unter Wasser befindlichen Ruinen einer byzantinischen Kirche sehen. Die Bucht von Tersane liegt im nordwestlichen Teil der Insel. Ausflugsboote legen dort normalerweise eine Badepause ein. So k\u00f6nnt ihr schwimmen und zugleich die Ruinen entdecken.<\/p>\n<p>Es gibt eine Blaue Grotte, in die ihr mit dem Boot hineinfahren k\u00f6nnt. Dank des reflektierenden Sonnenlichts genie\u00dft ihr hier sch\u00f6ne Anblicke.<\/p>\n<p><span><img decoding=\"async\" alt=\"kekova \u0131sland in Antalya in Turkey 1\" data-id=\"2054\" width=\"702\" data-init-width=\"1000\" height=\"470\" data-init-height=\"670\" title=\"kekova \u0131sland in Antalya in Turkey 1\" loading=\"lazy\" src=\"https:\/\/antalyatouristinformation.com\/de\/wp-content\/uploads\/sites\/10\/2021\/04\/kekova-island.jpg\" data-width=\"702\" data-height=\"470\" data-pinpro-key=\"vcktfnmac\" data-pin-media=\"https:\/\/antalyatouristinformation.com\/de\/wp-content\/uploads\/sites\/10\/2021\/06\/prag_50_sehenswuerdigkeiten_pinterest-11-3.jpg\" data-pin-description=\"Guide to Kekova Island in Demre | Antalya Tourist Information\" data-pin-url=\"https:\/\/antalyatouristinformation.com\/de\/things-to-do\/islands\/kekova\/?tve=true&amp;tcbf=cd7dd7a6c4\"><\/span><\/p>\n<h2 id=\"t-1625653593579\" data-alt-text=\"Eintritt, Tickets &amp; F\u00fchrungen\">Eintritt, Tickets und F\u00fchrungen<\/h2>\n<ul>\n<li><span><strong>Touren:&nbsp;<\/strong>Ihr k\u00f6nnt die D\u00f6rfer Kalek\u00f6y und \u00dc\u00e7a\u011f\u0131z, Aperlai, die Akvaryum-Bucht, die Kocakar\u0131-Bucht, die versunkene Stadt Kekova, Calagic, die G\u00f6kkaya-Bucht, die Syangoz-Bucht und die Bur\u00e7-Bucht in der Region Kekova bei den <strong>t\u00e4glich angebotenen Bootstouren<\/strong> oder bei einer <a href=\"https:\/\/antalyatouristinformation.com\/de\/feiertage\/blaue-reise\/\">Blauen Reise<\/a> mit \u00dcbernachtung im Boot besuchen.<\/span><\/li>\n<\/ul>\n<ul>\n<li><span><a href=\"https:\/\/www.getyourguide.com\/kaleueaz-l144437\/from-kas-harbour-private-boat-tour-to-kekova-t377131\/\" target=\"_blank\" rel=\"noopener\">Vom Hafen von Ka\u015f: Der private Bootsausflug nach Kekova <\/a>dauert etwa 9 Stunden. Verbringt den Tag auf dem Wasser, erkundet verborgene Buchten und bewundert Festungen sowie byzantinische Ruinen. Schwimmt in der Yagl\u0131ca-Bucht, betrachtet die lykischen K\u00f6nigsgr\u00e4ber in Kalek\u00f6y und genie\u00dft typische K\u00f6stlichkeiten beim Mittagessen mit Bio-Produkten, das euch an Bord serviert wird.&nbsp;<\/span><\/li>\n<\/ul>\n<ul>\n<li><span><a href=\"https:\/\/www.getyourguide.com\/kekova-island-l33480\/from-demre-private-boat-trip-to-kekova-t237752\/\" target=\"_blank\" rel=\"noopener\">Ab Demre: F\u00fcr euren privaten Bootsausflug nach Kekova <\/a>k\u00f6nnt ihr ein privates Boot mieten, das euch zu den Highlights der Insel Kekova und Umgebung bringt. Bei so einem Ausflug k\u00f6nnt ihr die Gegend in einer intimen Atmosph\u00e4re erleben. Egal, ob ihr lieber tauchen, Ruinen und H\u00f6hlen erkunden oder einfach nur die Sonne genie\u00dfen m\u00f6chtet, ihr werdet die Zeit auf dem Meer mit einem privaten Boot genie\u00dfen.<\/span><\/li>\n<\/ul>\n<ul>\n<li><span><a href=\"https:\/\/vigotours.com\/de\/kemer-turkei\/blaue-kreuzfahrt-turkei-von-kemer-nach-kekova\" target=\"_blank\" rel=\"noopener\"><b>Von Kemer nach Kekova:<\/b> Bei einer Blauen Reise <\/a>in der T\u00fcrkei segelt ihr mit einem Gulet Motorsegelschiff und entdeckt 7 Tage lang die sch\u00f6ne K\u00fcste im Westen von Antalya. Eine abenteuerliche Reise mit Geschichte, Kultur und Natur. Die Preise variieren je nach Monat.&nbsp;<\/span><\/li>\n<\/ul>\n<ul>\n<li><span><strong>Tipp:<\/strong> Falls ihr Tickets f\u00fcr Vergn\u00fcgungsparks, Museen und Touren f\u00fcr eure Antalya-Reise vorab buchen m\u00f6chtet, solltet ihr unbedingt einen Blick auf die Angebote in unserem offiziellen Shop werfen.<\/span><\/li>\n<\/ul>\n<p><span><img decoding=\"async\" alt=\"\" data-id=\"2050\" width=\"702\" data-init-width=\"1000\" height=\"471\" data-init-height=\"670\" title=\"kekova bay in Antalya in Turkey\" loading=\"lazy\" src=\"https:\/\/antalyatouristinformation.com\/de\/wp-content\/uploads\/sites\/10\/2021\/04\/kekova-bay.jpg\" data-width=\"702\" data-height=\"471\" data-pinpro-key=\"9lm8intf8\" data-pin-media=\"https:\/\/antalyatouristinformation.com\/de\/wp-content\/uploads\/sites\/10\/2021\/06\/prag_50_sehenswuerdigkeiten_pinterest-11-3.jpg\" data-pin-description=\"Guide to Kekova Island in Demre | Antalya Tourist Information\" data-pin-url=\"https:\/\/antalyatouristinformation.com\/de\/things-to-do\/islands\/kekova\/?tve=true&amp;tcbf=cd7dd7a6c4\"><\/span><\/p>\n<h2 id=\"t-1625653593580\" data-alt-text=\"Wie komme ich auf die Insel?\">Wie komme ich auf die Insel Kekova?<\/h2>\n<p>Ihr k\u00f6nnt die Insel nur mit einem Boot erreichen. Die Ausflugsschiffe fahren von der Stadt \u00dc\u00e7a\u011f\u0131z ab, einem charmanten Fischerdorf in Demre.<\/p>\n<ul>\n<li><b>Mit dem Auto:<\/b> Falls ihr mit eurem Auto von Ka\u015f in Richtung Side, Antalya fahrt, m\u00fcsst ihr den Schildern mit der Aufschrift \u00dc\u00e7a\u011f\u0131z folgen. Ihr k\u00f6nnt in Antalya problemlos ein Auto mieten. Mehr dazu findet ihr in unserem Guide \u00fcber <a href=\"https:\/\/antalyatouristinformation.com\/de\/plan\/mietwagen\/\">Mietwagen in Antalya<\/a>.<\/li>\n<li><b>\u00d6ffentlicher Verkehr:<\/b> Um zum Dorf \u00dc\u00e7a\u011f\u0131z in Demre zu gelangen, nehmt den Antalya-Kekova Bus, der im Stadtzentrum von Ka\u015f, Kalkan, Finike, und Demre h\u00e4lt.<\/li>\n<\/ul>\n<p>\u00dcber <a href=\"https:\/\/moovitapp.com\/index\/de\/%C3%96PNV-Kekova_%C3%9C%C3%A7a%C4%9F%C4%B1z-Antalya-site_36302545-3462\" target=\"_blank\" rel=\"noopener\">diesen Link<\/a> k\u00f6nnt ihr die Entfernungen von den umliegenden St\u00e4dten zu \u00dc\u00e7a\u011f\u0131z \u00fcberpr\u00fcfen.<\/p>\n<h2 id=\"t-1624000748650\" data-alt-text=\"FAQ\">FAQ (H\u00e4ufige Fragen)<\/h2>\n<h2>Hotels in der N\u00e4he der Insel Kekova<\/h2>\n<p>Hier findet ihr vier Empfehlungen mit den sch\u00f6nsten Unterk\u00fcnften in der Umgebung der Insel Kekova:<\/p>\n<ul>\n<li><b>La Kumsal Hotel:<\/b> Das La Kumsal Hotel bietet einen herrlichen Blick auf das Meer und die Insel Meis. Die meisten Zimmer verf\u00fcgen \u00fcber einen Meerblick. Der Tag beginnt hier mit einem offenen Fr\u00fchst\u00fccksbuffet. Das \u00c0-la-carte-Restaurant serviert einzigartige Geschm\u00e4cker der mediterranen K\u00fcche. Das Stadtzentrum von Ka\u015f liegt 5 km vom Hotel entfernt. <b>Adresse:<\/b> Cukurba\u011f Yar\u0131m Adas\u0131 Beyhan Cenkci Cad. No: 74, Ka\u015f<\/li>\n<li><b>Alley Prime Hotel<\/b>: Das Luxushotel in Ka\u015f besitzt gem\u00fctliche Zimmer. <b>Adresse:<\/b> Andifli Mahallesi, Bulent Kalkavan Sokak No: 14\/1, Ka\u015f 07580 T\u00fcrkei<\/li>\n<li><b>Kekova Pansiyon:<\/b> Die Kekova Pansiyon liegt direkt am Meer in einem historischen Dorf, das von Ruinen umgeben ist. Es hat 8 gro\u00dfe Zimmer, alle mit Blick auf das Meer. Ihr k\u00f6nnt hier traditionelle, hausgemachte Gerichte probieren und es euch in der Lounge am Meer gem\u00fctlich machen. <b>Adresse<\/b>: \u00dc\u00e7ag\u0131z Koyu, Kekova<\/li>\n<li><b>Em-Ba Butik Bungalow:<\/b> Im Em-Ba Boutique Bungalow erwartet euch ein naturverbundener Urlaub in Demre. Er ist nur wenige Schritte vom Meer entfernt und bietet mit seinem \u00fcppigen Garten und der ruhigen Atmosph\u00e4re einen angenehmen Urlaub in Antalya. Die Unterkunft ist sowohl erschwinglich als auch unterhaltsam. <b>Adresse<\/b>: Beymelek, \u015eht. \u0130brahim \u00c7elik Cd. Nr:129, 07570 Demre\/Antalya<\/li>\n<\/ul>\n<p><span><img decoding=\"async\" alt=\"\" data-id=\"2051\" width=\"702\" data-init-width=\"1000\" height=\"471\" data-init-height=\"670\" title=\"kekova bay in antalya in turkey\" loading=\"lazy\" src=\"\/\/antalyatouristinformation.com\/de\/wp-content\/uploads\/sites\/10\/2021\/04\/kekova-bay-in-antalya-in-turkey.jpg\" data-width=\"702\" data-height=\"471\" data-pinpro-key=\"seqmtwu45\" data-pin-media=\"https:\/\/antalyatouristinformation.com\/de\/wp-content\/uploads\/sites\/10\/2021\/06\/prag_50_sehenswuerdigkeiten_pinterest-11-3.jpg\" data-pin-description=\"Guide to Kekova Island in Demre | Antalya Tourist Information\" data-pin-url=\"https:\/\/antalyatouristinformation.com\/de\/things-to-do\/islands\/kekova\/?tve=true&amp;tcbf=cd7dd7a6c4\"><\/span><\/p>\n<h2 id=\"t-1625653593581\" data-alt-text=\"Geschichte\">Geschichte der Insel Kekova<\/h2>\n<p>Das Wort &#8222;Kekova&#8220; bedeutet auf T\u00fcrkisch &#8222;Flachland des Thymians&#8220;. Das beschreibt die Region, bestehend aus der Insel Kekova, den D\u00f6rfern Kalek\u00f6y und \u00dc\u00e7ag\u0131z sowie den drei antiken St\u00e4dten Simena, Teimussa und Tersane (t\u00fcrkisch f\u00fcr &#8222;Werft&#8220;, da sich in der Bucht eine alte Schiffswerft mit gr\u00f6\u00dftenteils byzantinischen Ruinen befand).<\/p>\n<p>Im byzantinischen Zeitalter wurde Kekova wieder auf- und ausgebaut. Aufgrund arabischer Invasionen konnte sich das Gebiet jedoch nicht weiterentwickeln.<\/p>\n<p>Seit 1990 steht die Region Kekova unter Naturschutz. So wird der \u00f6kologische, kulturelle und geografische Reichtum der Insel Kekova und der umliegenden K\u00fcstenlinie gesch\u00fctzt. Das Naturschutzgebiet Kekova ist 260 km\u00b2 gro\u00df und steht unter der Verwaltung des Umweltministeriums, der t\u00fcrkischen Beh\u00f6rde f\u00fcr den Schutz von Sondergebieten.<\/p>\n<p>Allerdings wurde das Gebiet nicht zum &#8222;Nationalpark&#8220; erkl\u00e4rt. Es grenzt an die D\u00f6rfer \u00dc\u00e7ag\u0131z und Kalek\u00f6y, sowie an die vier antiken St\u00e4dten Dolichiste, Aperlai, Simena und Teimussu. Anfangs war das Tauchen und Schnorcheln in den versunkenen St\u00e4dten komplett verboten. Sp\u00e4ter wurde dieses Verbot zum Teil aufgehoben.<\/p>\n<p>Im Jahr 2000 wurde Kekova f\u00fcr die Aufnahme in die Liste des UNESCO-Weltkulturerbes nominiert. Derzeit steht Kekova auf der &#8222;vorl\u00e4ufigen Liste&#8220; der UNESCO in der Kategorie Kulturerbe.<\/p>\n<h2 id=\"t-1624000748652\">Kontakt<\/h2>\n<ul>\n<li><span><strong>Adresse :&nbsp;<\/strong>Kekova Adas\u0131 &#8211; 07570 Demre\/Antalya<\/span><\/li>\n<li><span><strong><b>\u00d6ffentlicher Verkehr:<\/b> <\/strong>Mit Ausflugsbooten<\/span><\/li>\n<\/ul>\n<p>Werft einen Blick auf andere Inseln in der Region Antalya:<\/p>\n<ul>\n<li><a href=\"https:\/\/antalyatouristinformation.com\/de\/sehenswurdigkeiten\/inseln\/dolphin\/\">Dolphin Island in Antalya<\/a><\/li>\n<li><a href=\"https:\/\/antalyatouristinformation.com\/de\/sehenswurdigkeiten\/inseln\/kastellorizo\/\">Die Insel Kastellorizo (Meis) in Ka\u015f<\/a><\/li>\n<li><a href=\"https:\/\/antalyatouristinformation.com\/de\/sehenswurdigkeiten\/inseln\/suluada\/\">Die Insel Sulada in Antalya<\/a><\/li>\n<li><a href=\"https:\/\/antalyatouristinformation.com\/de\/sehenswurdigkeiten\/inseln\/uc-adalar\/\">\u00dc\u00e7 Adalar (Drei Inseln \/ Three Islands) in Kemer<\/a><\/li>\n<li><a href=\"https:\/\/antalyatouristinformation.com\/de\/sehenswurdigkeiten\/inseln\/\">8 sch\u00f6nsten Inseln in Antalya<\/a><\/li>\n<\/ul>\n","protected":false},"excerpt":{"rendered":"<p>Das ist unser kompletter Guide zur Insel Kekova in Demre. Die Insel Kekova ist die gr\u00f6\u00dfte t\u00fcrkische Insel im Mittelmeer. Sie geh\u00f6rt zusammen mit der Versunkenen Stadt zu den meistbesuchten Orten im Mittelmeer. Wir verraten euch hier alle Details, die ihr vor eurem Besuch der Insel wissen solltet. Dazu geh\u00f6ren Reisetipps, Bootsausfl\u00fcge, Attraktionen und Ruinen, [&hellip;]<\/p>\n","protected":false},"author":5,"featured_media":2048,"parent":3347,"menu_order":0,"comment_status":"open","ping_status":"closed","template":"","meta":{"_acf_changed":false,"footnotes":""},"categories":[],"tags":[36,44],"class_list":["post-1942","page","type-page","status-publish","has-post-thumbnail","hentry","tag-attraction","tag-island","post-wrapper","thrv_wrapper"],"acf":[],"wp-worthy-pixel":{"ignored":false,"public":"0a7b7f88f4164ecda4e49c9fb193ac45","server":"vg01.met.vgwort.de","url":"https:\/\/vg01.met.vgwort.de\/na\/0a7b7f88f4164ecda4e49c9fb193ac45"},"wp-worthy-type":"normal","_links":{"self":[{"href":"https:\/\/antalyatouristinformation.com\/de\/wp-json\/wp\/v2\/pages\/1942","targetHints":{"allow":["GET"]}}],"collection":[{"href":"https:\/\/antalyatouristinformation.com\/de\/wp-json\/wp\/v2\/pages"}],"about":[{"href":"https:\/\/antalyatouristinformation.com\/de\/wp-json\/wp\/v2\/types\/page"}],"author":[{"embeddable":true,"href":"https:\/\/antalyatouristinformation.com\/de\/wp-json\/wp\/v2\/users\/5"}],"replies":[{"embeddable":true,"href":"https:\/\/antalyatouristinformation.com\/de\/wp-json\/wp\/v2\/comments?post=1942"}],"version-history":[{"count":10,"href":"https:\/\/antalyatouristinformation.com\/de\/wp-json\/wp\/v2\/pages\/1942\/revisions"}],"predecessor-version":[{"id":14712,"href":"https:\/\/antalyatouristinformation.com\/de\/wp-json\/wp\/v2\/pages\/1942\/revisions\/14712"}],"up":[{"embeddable":true,"href":"https:\/\/antalyatouristinformation.com\/de\/wp-json\/wp\/v2\/pages\/3347"}],"wp:featuredmedia":[{"embeddable":true,"href":"https:\/\/antalyatouristinformation.com\/de\/wp-json\/wp\/v2\/media\/2048"}],"wp:attachment":[{"href":"https:\/\/antalyatouristinformation.com\/de\/wp-json\/wp\/v2\/media?parent=1942"}],"wp:term":[{"taxonomy":"category","embeddable":true,"href":"https:\/\/antalyatouristinformation.com\/de\/wp-json\/wp\/v2\/categories?post=1942"},{"taxonomy":"post_tag","embeddable":true,"href":"https:\/\/antalyatouristinformation.com\/de\/wp-json\/wp\/v2\/tags?post=1942"}],"curies":[{"name":"wp","href":"https:\/\/api.w.org\/{rel}","templated":true}]}}