{"id":210,"date":"2021-02-15T12:49:51","date_gmt":"2021-02-15T11:49:51","guid":{"rendered":"http:\/\/antalyatouristinformation.com\/clone4639485xzhehsskdjfhhdhebdkkekdeewsd4545gdfgm\/?page_id=210"},"modified":"2024-08-21T17:43:33","modified_gmt":"2024-08-21T15:43:33","slug":"dolmus","status":"publish","type":"page","link":"https:\/\/antalyatouristinformation.com\/de\/offentlicher-verkehr\/antalya-stadt\/dolmus\/","title":{"rendered":"Dolmu\u015f in der T\u00fcrkei: Regeln und Tipps"},"content":{"rendered":"<p>Ein Dolmu\u015f ist ein kleiner Sammelbus, der in den St\u00e4dten und auf dem Land f\u00e4hrt.<\/p>\n<p>Es ist eines der wichtigsten Transportmittel in der T\u00fcrkei. Daher solltet ihr wissen, wie es funktioniert.<\/p>\n<p>Hier findet ihr alle wichtigen Informationen, damit ihr problemlos Dolmu\u015f-Fahren k\u00f6nnt.<\/p>\n<h2 id=\"t-1625137691046\" data-alt-text=\"Wissenswertes\">1. Wissenswertes<\/h2>\n<p>Dolmu\u015f bedeutet auf Deutsch \u201ees ist voll\u201c. Der Name kommt daher, dass ein Dolmu\u015f erst dann losf\u00e4hrt, wenn es gen\u00fcgend Fahrg\u00e4ste hat. Als Dolmu\u015f werden Autos, Kleinbusse, Boote oder Motorboote eingesetzt.<\/p>\n<p>Fr\u00fcher wurde ein Dolmu\u015f ausschlie\u00dflich in Istanbul verwendet, um den Bosporus oder das Goldene Horn zu \u00fcberqueren. Die kleinen Motorboote &#8211; kay\u0131k &#8211; warteten an den Anlegestellen so lange, bis gen\u00fcgend Fahrg\u00e4ste auf der F\u00e4hre waren. Erst dann fuhren sie los. Heute gibt es meistens festgelegte Fahrzeiten.<\/p>\n<p>Seit 1931 gibt es Dolmu\u015f-Verkehr auch auf den Stra\u00dfen. Inzwischen ist in der gesamten T\u00fcrkei ein Dolmu\u015f aus dem \u00f6ffentlichen Verkehr nicht mehr wegzudenken.<\/p>\n<h2 id=\"t-1625137691047\" data-alt-text=\" Route des Dolmu\u015f\">2. Route des Dolmu\u015f<\/h2>\n<p>Ein Dolmu\u015f verkehrt zwischen zwei Punkten auf einer genau festgelegten Route und in einem festgelegten Zeitabstand. Ihr k\u00f6nnt auf dieser Strecke ein- und aussteigen, wo ihr wollt. Es gen\u00fcgt, wenn ihr am Stra\u00dfenrand ein Zeichen gebt und das Dolmu\u015f h\u00e4lt an.<\/p>\n<p>Falls ihr aussteigen m\u00f6chtet, ruft ihr dem Fahrer \u201einecek var\u201c zu. Das hei\u00dft so viel wie \u201ejemand will aussteigen\u201c. Ist das zu kompliziert, reicht es auch, wenn ihr einfach \u201eStopp\u201c ruft.<\/p>\n<p><span><img decoding=\"async\" alt=\"Dolmus waiting for tourists in Antalya in Turkey (Editorial)\" data-id=\"2082\" width=\"702\" data-init-width=\"1000\" height=\"468\" data-init-height=\"667\" title=\"Dolmus waiting for tourists in Antalya in Turkey (Editorial)\" loading=\"lazy\" src=\"\/\/antalyatouristinformation.com\/de\/wp-content\/uploads\/sites\/10\/2021\/04\/Dolmus-waiting-for-tourists-in-Antalya-in-Turkey.jpg\" data-width=\"702\" data-height=\"468\" data-pinpro-key=\"1hp3s5x7e\" style=\"aspect-ratio: auto 1000 \/ 667\"><\/span><\/p>\n<h2 id=\"t-1625137691048\" data-alt-text=\"Haltestellen\">3. Haltestellen<\/h2>\n<p>Es gibt au\u00dfer der Anfangs- bzw. Endhaltestelle keine festgelegten Haltestellen f\u00fcr ein Dolmu\u015f. Etwa 70 verschiedene Strecken werden in Antalya mit dem Dolmu\u015f angefahren. Auf diesen Strecken liegen sch\u00e4tzungsweise etwa 1.800 \u201eHaltestellen\u201c.<\/p>\n<p><strong>Auch zwischen den St\u00e4dten verkehren Dolmu\u015f.&nbsp;<\/strong>So kann man von Antalya aus unter anderem nach Akseki, Aksu, Alanya, Finike, Ka\u015f, Kemer, Manavgat, Beldibi, Side und Belek mit dem Dolmu\u015f fahren.<\/p>\n<h2 id=\"t-1625137691049\" data-alt-text=\"Preis\">4. Preis<\/h2>\n<p>Die Preise f\u00fcr die einzelnen Strecken sind festgelegt. Bezahlt wird mit Bargeld, das von den Fahrg\u00e4sten an den Fahrer weitergereicht wird. Daf\u00fcr ist meist Bargeld in T\u00fcrkischen Lira notwendig. Einige Strecken in Touristenorten k\u00f6nnen auch mit Euro bezahlt werden. Das h\u00e4ngt aber immer vom einzelnen Fahrer und der Route ab.<\/p>\n<p>Dieser hat rechts neben sich bei dem Schaltkn\u00fcppel eine kleine Schatulle stehen, in die er das Kleingeld in die entsprechenden F\u00e4cher wirft. Dadurch kann er auch w\u00e4hrend der Fahrt Wechselgeld herausgeben.<\/p>\n<h2 id=\"t-1625137691050\" data-alt-text=\"Fahrscheine\">5. Fahrscheine<\/h2>\n<p>Im Dolmu\u015f gibt es keine Fahrscheine.<\/p>\n<h2>6. Flughafentransfer in Antalya<\/h2>\n<p>F\u00fcr den Flughafentransfer in Antalya gibt es einfachere und komfortablere M\u00f6glichkeiten, um euer Hotel bzw. den Flughafen zu erreichen, als den Dolmus. Hier sind empfohlene Transferoptionen:<\/p>\n<p><strong>Private Transfers:<\/strong><\/p>\n<ul>\n<li><strong>Der beste Privattransfer<\/strong> zu allen Hotels und Ferienwohnungen in Antalyas Stadtzentrum, Kundu, Belek, Bo\u011fazkent, Beldibi, G\u00f6yn\u00fck, Kemer, Kiri\u015f, Tekirova: <a data-lt-tmp-id=\"lt-696648\" href=\"https:\/\/megapass.com\/turkey\/antalya\/antalya-airport-transfer?discountCode=ma-places\" rel=\"nofollow noopener\" target=\"_blank\">Hier buchen!<\/a><\/li>\n<li>Privattransfer zwischen Antalya Flughafen &amp; Antalya Stadt:<a data-lt-tmp-id=\"lt-957925\" href=\"https:\/\/www.getyourguide.com\/s?partner_id=NO9XIDE&amp;cmp=AntalyaTouristInformation-short-url&amp;et=46418&amp;lc=172\" rel=\"nofollow noopener\" target=\"_blank\"> Hier buchen! <\/a><\/li>\n<li>Privattransfer vom Flughafen Antalya nach Side\/ Manavgat:&nbsp;<a data-lt-tmp-id=\"lt-652527\" href=\"https:\/\/www.getyourguide.com\/s?partner_id=NO9XIDE&amp;cmp=AntalyaTouristInformation-short-url&amp;et=186165&amp;lc=172\" rel=\"nofollow noopener\" target=\"_blank\">Hier buchen!<\/a><\/li>\n<li>Privattransfer vom Flughafen Antalya nach oder von Alanya:&nbsp;<a data-lt-tmp-id=\"lt-889986\" href=\"https:\/\/www.getyourguide.com\/s?partner_id=NO9XIDE&amp;cmp=AntalyaTouristInformation-short-url&amp;et=33252&amp;lc=172\" rel=\"nofollow noopener\" target=\"_blank\">Hier buchen!<\/a><\/li>\n<\/ul>\n<p><strong>Shuttle-Transfers:<\/strong><\/p>\n<ul>\n<li>Shuttle-Transfer vom Flughafen Antalya nach Side oder Alanya:&nbsp;<a href=\"https:\/\/www.getyourguide.com\/s?partner_id=NO9XIDE&amp;cmp=AntalyaTouristInformation-short-url&amp;et=449234&amp;lc=172\" rel=\"nofollow noopener\" target=\"_blank\"><strong>Hier buchen!<\/strong><\/a><\/li>\n<\/ul>\n<p>Jetzt kann bei eurer Fahrt mit dem Dolmu\u015f nichts mehr schiefgehen. Seid ihr schon mal Dolmu\u015f gefahren? Hinterlasst doch unten einen Kommentar dar\u00fcber, wie es euch gefallen hat und was ihr f\u00fcr Erfahrungen gemacht habt.<\/p>\n<p>Solltet ihr doch lieber ein Taxi nehmen, findet ihr hier genaue Informationen zu den <a href=\"https:\/\/antalyatouristinformation.com\/de\/offentlicher-verkehr\/taxi\/\">Taxis in Antalya.<\/a><\/p>\n<p>Falls ihr ein Auto mieten wollt, findet ihr in unserem Guide zum Thema <a href=\"https:\/\/antalyatouristinformation.com\/de\/plan\/mietwagen\/\">Mietwagen in Antalya<\/a> gute Tipps. Hier sind <a href=\"https:\/\/www.konpasu.de\/tuerkei\/waehrung-lira\/geld-wechseln\/\" target=\"_blank\" rel=\"noopener\">Tipps zum Geld wechseln<\/a>, falls ihr T\u00fcrkische Lira ben\u00f6tigt.<\/p>\n<p>Bei der Suche nach einem Hotel hilft unser <a href=\"http:\/\/antalyatouristinformation.com\/de\/hotel\/\">Hotel Guide<\/a> und im <a href=\"http:\/\/antalyatouristinformation.com\/de\/tickets\">Antalya Ticket Shop <\/a>gibt es interessante Angebote.<\/p>\n","protected":false},"excerpt":{"rendered":"<p>Ein Dolmu\u015f ist ein kleiner Sammelbus, der in den St\u00e4dten und auf dem Land f\u00e4hrt. Es ist eines der wichtigsten Transportmittel in der T\u00fcrkei. Daher solltet ihr wissen, wie es funktioniert. Hier findet ihr alle wichtigen Informationen, damit ihr problemlos Dolmu\u015f-Fahren k\u00f6nnt. 1. Wissenswertes Dolmu\u015f bedeutet auf Deutsch \u201ees ist voll\u201c. Der Name kommt daher, [&hellip;]<\/p>\n","protected":false},"author":6,"featured_media":6050,"parent":1589,"menu_order":0,"comment_status":"open","ping_status":"closed","template":"","meta":{"_acf_changed":false,"footnotes":""},"categories":[],"tags":[55,58],"class_list":["post-210","page","type-page","status-publish","has-post-thumbnail","hentry","tag-plan","tag-public-transport","post-wrapper","thrv_wrapper"],"acf":[],"wp-worthy-pixel":{"ignored":false,"public":null,"server":null,"url":null},"wp-worthy-type":"normal","_links":{"self":[{"href":"https:\/\/antalyatouristinformation.com\/de\/wp-json\/wp\/v2\/pages\/210","targetHints":{"allow":["GET"]}}],"collection":[{"href":"https:\/\/antalyatouristinformation.com\/de\/wp-json\/wp\/v2\/pages"}],"about":[{"href":"https:\/\/antalyatouristinformation.com\/de\/wp-json\/wp\/v2\/types\/page"}],"author":[{"embeddable":true,"href":"https:\/\/antalyatouristinformation.com\/de\/wp-json\/wp\/v2\/users\/6"}],"replies":[{"embeddable":true,"href":"https:\/\/antalyatouristinformation.com\/de\/wp-json\/wp\/v2\/comments?post=210"}],"version-history":[{"count":10,"href":"https:\/\/antalyatouristinformation.com\/de\/wp-json\/wp\/v2\/pages\/210\/revisions"}],"predecessor-version":[{"id":16346,"href":"https:\/\/antalyatouristinformation.com\/de\/wp-json\/wp\/v2\/pages\/210\/revisions\/16346"}],"up":[{"embeddable":true,"href":"https:\/\/antalyatouristinformation.com\/de\/wp-json\/wp\/v2\/pages\/1589"}],"wp:featuredmedia":[{"embeddable":true,"href":"https:\/\/antalyatouristinformation.com\/de\/wp-json\/wp\/v2\/media\/6050"}],"wp:attachment":[{"href":"https:\/\/antalyatouristinformation.com\/de\/wp-json\/wp\/v2\/media?parent=210"}],"wp:term":[{"taxonomy":"category","embeddable":true,"href":"https:\/\/antalyatouristinformation.com\/de\/wp-json\/wp\/v2\/categories?post=210"},{"taxonomy":"post_tag","embeddable":true,"href":"https:\/\/antalyatouristinformation.com\/de\/wp-json\/wp\/v2\/tags?post=210"}],"curies":[{"name":"wp","href":"https:\/\/api.w.org\/{rel}","templated":true}]}}