{"id":220,"date":"2021-02-15T12:52:53","date_gmt":"2021-02-15T11:52:53","guid":{"rendered":"http:\/\/antalyatouristinformation.com\/clone4639485xzhehsskdjfhhdhebdkkekdeewsd4545gdfgm\/?page_id=220"},"modified":"2023-04-18T14:32:31","modified_gmt":"2023-04-18T12:32:31","slug":"hadrianstor","status":"publish","type":"page","link":"https:\/\/antalyatouristinformation.com\/de\/sehenswurdigkeiten\/geschichte\/hadrianstor\/","title":{"rendered":"Hadrianstor in Antalya: Geschichte und Tipps"},"content":{"rendered":"<p>Das ist unser kompletter Guide zum Hadrianstor in Antalya.<\/p>\n<p>Das Hadrianstor ist eine der \u00e4ltesten und wichtigsten Sehensw\u00fcrdigkeiten der Stadt und hat zudem eine interessante Geschichte. Fr\u00fcher war es Teil der Stadtmauer und noch heute ist es der \u201eEingang\u201c zur Altstadt.<\/p>\n<p>Hier lest ihr alle wichtigen Informationen, die es \u00fcber das Hadrianstor gibt.Dazu geh\u00f6ren Tipps, Anfahrt und die Geschichte des Hadrianstors.<\/p>\n<p><span><img decoding=\"async\" alt=\"Hadrians Gate in Antalya in Turkey\" data-id=\"405\" width=\"900\" data-init-width=\"1000\" height=\"604\" data-init-height=\"670\" title=\"Hadrians Gate in Antalya in Turkey\" loading=\"lazy\" src=\"https:\/\/antalyatouristinformation.com\/de\/wp-content\/uploads\/sites\/10\/2021\/02\/Hadrians-Gate-in-Antalya-in-Turkey.jpg\" data-width=\"900\" data-height=\"604\" data-pinpro-key=\"l9pfdd3uo\" data-pin-media=\"https:\/\/antalyatouristinformation.com\/de\/wp-content\/uploads\/sites\/10\/2021\/06\/Antalya-Pinterest-4-17.jpg\" data-pin-description=\"Guide Hadrian\u2019s Gate in Antalya | Antalya Tourist Information\" data-pin-url=\"https:\/\/antalyatouristinformation.com\/de\/sehenswurdigkeiten\/geschichte\/hadrianstor\/?tve=true&amp;tcbf=d3233f18a0\"><\/span><\/p>\n<h2 id=\"t-1625325189049\" data-alt-text=\"Was kann ich dort machen?\">Was kann ich beim Hadrianstor machen?<\/h2>\n<p>Das Hadrianstor wird auch \u201eMarmor Tor\u201c genannt. Es ist der Eingang zu Kalei\u00e7i, Antalyas Altstadt. Ihr k\u00f6nnt von hier aus einen sch\u00f6nen Spaziergang zum Hafen machen.<\/p>\n<p>Vielleicht bummelt ihr ja auch durch die Altstadt, bestaunt die alten osmanischen H\u00e4user und genie\u00dft von einem der Caf\u00e9s oder Restaurants aus den atemberaubenden Ausblick auf den Hafen? Midiye, gebratene Muscheln, sollen hier besonders gut sein. Dazu passt ein kaltes Bier \u2026<\/p>\n<p>Hier findet ihr mehr Informationen zu der Altstadt von Antalya und die Sehensw\u00fcrdigkeiten in <a href=\"https:\/\/antalyatouristinformation.com\/de\/sehenswurdigkeiten\/geschichte\/antalya-kaleici\/\">Kalei\u00e7i<\/a>.<\/p>\n<h2 id=\"t-1625325189050\" data-alt-text=\"Besonderheiten \">Besonderheiten des Hadrianstors<\/h2>\n<p>Das Hadrianstor ist das einzige erhaltene Eingangstor zur Altstadt von Antalya, Kalei\u00e7i. Fr\u00fcher war es Teil der alten Stadtmauern.<\/p>\n<p>Das Hadrianstor hat zwei Fassaden und drei Eingangsb\u00f6gen. Seht ihr die T\u00fcrme auf beiden Seiten? Alle drei B\u00f6gen des Tors sind gleich gro\u00df, 4,15 Meter breit und 6,18 Meter hoch. Insgesamt ist das Tor etwa 8 Meter hoch.<\/p>\n<p>Schaut euch die Reliefs an den Decken an. Hier sind Blumen und Fr\u00fcchte abgebildet, die in Antalya angebaut werden. Die S\u00e4ulenk\u00f6pfe, der obere Abschluss der S\u00e4ulen, sind mit Akanthus-Bl\u00e4ttern verziert. Bis auf die S\u00e4ulen ist das gesamte Tor aus wei\u00dfem Marmor gemacht.&nbsp;<\/p>\n<p>Stilistisch \u00e4hneln sie den S\u00e4ulenk\u00f6pfen der Celsus-Bibliothek in Ephesus, die etwa zur gleichen Zeit erbaut wurde.<\/p>\n<p>Fr\u00fcher hatte das Hadrianstor noch ein zweites Stockwerk \u00fcber dem Bogen. Das existiert heute jedoch nicht mehr. Ganz oben auf der Spitze des Tores stand einst eine Statue von Kaiser Hadrian.<\/p>\n<p>Das Hadrianstor wurde in einer langen Friedenszeit, der Pax Romana, erbaut. Daher ist es ein gutes Beispiel f\u00fcr Stadttore, die zu Denkm\u00e4lern wurden und nicht zur Verteidigung dienten.<\/p>\n<p><span><img decoding=\"async\" alt=\"Hadrians Gate Kaleici in Antalya in Turkey\" data-id=\"2494\" width=\"702\" data-init-width=\"1000\" height=\"470\" data-init-height=\"670\" title=\"Hadrians Gate Kaleici in Antalya in Turkey\" loading=\"lazy\" src=\"https:\/\/antalyatouristinformation.com\/de\/wp-content\/uploads\/sites\/10\/2021\/04\/hadrians-gate-kaleici-antalya-turkey.jpg\" data-width=\"702\" data-height=\"470\" data-pinpro-key=\"uam75pvwk\" data-pin-media=\"https:\/\/antalyatouristinformation.com\/de\/wp-content\/uploads\/sites\/10\/2021\/06\/Antalya-Pinterest-4-17.jpg\" data-pin-description=\"Guide Hadrian\u2019s Gate in Antalya | Antalya Tourist Information\" data-pin-url=\"https:\/\/antalyatouristinformation.com\/de\/sehenswurdigkeiten\/geschichte\/hadrianstor\/?tve=true&amp;tcbf=d3233f18a0\"><\/span><\/p>\n<h2 id=\"t-1619459088298\">Eintritt, Tickets und Touren<\/h2>\n<ul>\n<li><span><strong>Tickets:<\/strong> F\u00fcr die Besichtigung des Hadrianstor braucht ihr kein Ticket.<\/span><\/li>\n<\/ul>\n<ul>\n<li><span><strong>Tipp:<\/strong> Falls ihr Tickets f\u00fcr Vergn\u00fcgungsparks, Museen und Touren f\u00fcr eure Antalya-Reise vorab buchen m\u00f6chtet, solltet ihr unbedingt einen Blick auf die Angebote in unserem offiziellen Shop werfen.<\/span><\/li>\n<\/ul>\n<p><span><img decoding=\"async\" alt=\"Hadrians Arch in Antalya in Turkey\" data-id=\"2492\" width=\"702\" data-init-width=\"1000\" height=\"471\" data-init-height=\"670\" title=\"Hadrians Arch in Antalya in Turkey\" loading=\"lazy\" src=\"https:\/\/antalyatouristinformation.com\/de\/wp-content\/uploads\/sites\/10\/2021\/04\/hadrians-arch-in-antalya-in-turkey.jpg\" data-width=\"702\" data-height=\"471\" data-pinpro-key=\"s010khjoq\" data-pin-media=\"https:\/\/antalyatouristinformation.com\/de\/wp-content\/uploads\/sites\/10\/2021\/06\/Antalya-Pinterest-4-17.jpg\" data-pin-description=\"Guide Hadrian\u2019s Gate in Antalya | Antalya Tourist Information\" data-pin-url=\"https:\/\/antalyatouristinformation.com\/de\/sehenswurdigkeiten\/geschichte\/hadrianstor\/?tve=true&amp;tcbf=d3233f18a0\"><\/span><\/p>\n<h2 id=\"t-1625325189051\" data-alt-text=\"Anfahrt\">Wie komme ich zum Hadrianstor?<\/h2>\n<p>Das Hadrianstor liegt auf dem Atat\u00fcrk Boulevard, mitten im Zentrum von Antalya.<\/p>\n<p><strong>Stra\u00dfenbahn: <\/strong>Die alte Linie der Stra\u00dfenbahn f\u00e4hrt direkt am Hadrianstor vorbei. Die Haltestelle hei\u00dft \u201eHadrian\u201c.<\/p>\n<h2 id=\"t-1619459088300\" data-alt-text=\"FAQ\">FAQ&nbsp;<\/h2>\n<p><span><img decoding=\"async\" alt=\"Hadrianus Gate in Antalya in Turkey\" data-id=\"407\" width=\"702\" data-init-width=\"1000\" height=\"470\" data-init-height=\"670\" title=\"Hadrianus Gate in Antalya in Turkey\" loading=\"lazy\" src=\"https:\/\/antalyatouristinformation.com\/de\/wp-content\/uploads\/sites\/10\/2021\/02\/Hadrianus-Gate-Antalya-in-Turkey.jpg\" data-width=\"702\" data-height=\"470\" data-pinpro-key=\"jjish8h5e\" data-pin-media=\"https:\/\/antalyatouristinformation.com\/de\/wp-content\/uploads\/sites\/10\/2021\/06\/Antalya-Pinterest-4-17.jpg\" data-pin-description=\"Guide Hadrian\u2019s Gate in Antalya | Antalya Tourist Information\" data-pin-url=\"https:\/\/antalyatouristinformation.com\/de\/sehenswurdigkeiten\/geschichte\/hadrianstor\/?tve=true&amp;tcbf=d3233f18a0\"><\/span><\/p>\n<h2 id=\"t-1625325189052\" data-alt-text=\"Geschichte \">Die Geschichte des Hadrianstors<\/h2>\n<p>Hadrian reiste in den Jahren 121 und 125 vor unserer Zeitrechnung nach Kleinasien. Daher ist das genaue Datum seiner Entstehung umstritten.<\/p>\n<p>Das Hadrianstor wurde 1817 erstmals von dem irischen Hydrografen Francis Beaufort beschrieben.<\/p>\n<p>Der Durchgang, der ein Teil der Stadtmauern war, wurde viele Jahre lang nicht benutzt und war gut erhalten. In den 1950er Jahren wurden die Stadtmauern abgerissen. Das Hadrianstor wurde in den Jahren 1961-62 restauriert und nach dem urspr\u00fcnglichen Plan rekonstruiert.<\/p>\n<p>Bei der Rekonstruktion wurden Bronzebuchstaben am Tor gefunden, die Teil einer Inschrift zu Hadrians Ehren waren. Seit 2017 wurden die Buchstaben an verschiedene Museen und Privatsammlungen auf der ganzen Welt verschenkt. Heute sind neun Buchstaben in Wien, zwei in Berlin und einige in England, darunter das British Museum in London und das Ashmola Museum in Oxford.<\/p>\n<p>In unserem Guide zu den antiken Ruinen von Antalya k\u00f6nnt ihr mehr \u00fcber <a href=\"https:\/\/antalyatouristinformation.com\/de\/sehenswurdigkeiten\/geschichte\/\">antike Ruinen in Antalya<\/a> lesen.<\/p>\n<h2 id=\"t-1619459088302\">Kontakt<\/h2>\n<ul>\n<li><span><strong>Adresse:&nbsp;<\/strong>Barbaros, Muratpa\u015fa, Antalya<\/span><\/li>\n<li><span><strong>\u00d6ffentlicher Verkehr:&nbsp;<\/strong>Die n\u00e4chste Stra\u00dfenbahnhaltestelle hei\u00dft \u201cHadrian\u201d.&nbsp;<\/span><\/li>\n<\/ul>\n","protected":false},"excerpt":{"rendered":"<p>Das ist unser kompletter Guide zum Hadrianstor in Antalya. Das Hadrianstor ist eine der \u00e4ltesten und wichtigsten Sehensw\u00fcrdigkeiten der Stadt und hat zudem eine interessante Geschichte. Fr\u00fcher war es Teil der Stadtmauer und noch heute ist es der \u201eEingang\u201c zur Altstadt. Hier lest ihr alle wichtigen Informationen, die es \u00fcber das Hadrianstor gibt.Dazu geh\u00f6ren Tipps, [&hellip;]<\/p>\n","protected":false},"author":4,"featured_media":401,"parent":119,"menu_order":0,"comment_status":"open","ping_status":"closed","template":"","meta":{"_acf_changed":false,"footnotes":""},"categories":[],"tags":[43,42],"class_list":["post-220","page","type-page","status-publish","has-post-thumbnail","hentry","tag-antiquity","tag-history","post-wrapper","thrv_wrapper"],"acf":[],"wp-worthy-pixel":{"ignored":false,"public":null,"server":null,"url":null},"wp-worthy-type":"normal","_links":{"self":[{"href":"https:\/\/antalyatouristinformation.com\/de\/wp-json\/wp\/v2\/pages\/220","targetHints":{"allow":["GET"]}}],"collection":[{"href":"https:\/\/antalyatouristinformation.com\/de\/wp-json\/wp\/v2\/pages"}],"about":[{"href":"https:\/\/antalyatouristinformation.com\/de\/wp-json\/wp\/v2\/types\/page"}],"author":[{"embeddable":true,"href":"https:\/\/antalyatouristinformation.com\/de\/wp-json\/wp\/v2\/users\/4"}],"replies":[{"embeddable":true,"href":"https:\/\/antalyatouristinformation.com\/de\/wp-json\/wp\/v2\/comments?post=220"}],"version-history":[{"count":10,"href":"https:\/\/antalyatouristinformation.com\/de\/wp-json\/wp\/v2\/pages\/220\/revisions"}],"predecessor-version":[{"id":14920,"href":"https:\/\/antalyatouristinformation.com\/de\/wp-json\/wp\/v2\/pages\/220\/revisions\/14920"}],"up":[{"embeddable":true,"href":"https:\/\/antalyatouristinformation.com\/de\/wp-json\/wp\/v2\/pages\/119"}],"wp:featuredmedia":[{"embeddable":true,"href":"https:\/\/antalyatouristinformation.com\/de\/wp-json\/wp\/v2\/media\/401"}],"wp:attachment":[{"href":"https:\/\/antalyatouristinformation.com\/de\/wp-json\/wp\/v2\/media?parent=220"}],"wp:term":[{"taxonomy":"category","embeddable":true,"href":"https:\/\/antalyatouristinformation.com\/de\/wp-json\/wp\/v2\/categories?post=220"},{"taxonomy":"post_tag","embeddable":true,"href":"https:\/\/antalyatouristinformation.com\/de\/wp-json\/wp\/v2\/tags?post=220"}],"curies":[{"name":"wp","href":"https:\/\/api.w.org\/{rel}","templated":true}]}}