{"id":223,"date":"2021-02-15T12:53:41","date_gmt":"2021-02-15T11:53:41","guid":{"rendered":"http:\/\/antalyatouristinformation.com\/clone4639485xzhehsskdjfhhdhebdkkekdeewsd4545gdfgm\/?page_id=223"},"modified":"2023-02-06T15:08:02","modified_gmt":"2023-02-06T14:08:02","slug":"phaselis","status":"publish","type":"page","link":"https:\/\/antalyatouristinformation.com\/de\/sehenswurdigkeiten\/geschichte\/phaselis\/","title":{"rendered":"Phaselis: Der komplette Guide zur antiken Stadt in Antalya"},"content":{"rendered":"<p>Ihr wollt die antike Stadt Phaselis erkunden, mehr \u00fcber die 2600 Jahre alten Ruinen erfahren oder an den Str\u00e4nden von Phaselis Sonne tanken?<\/p>\n<p>Dann seid ihr hier genau richtig!<\/p>\n<p>In diesem kompletten Guide zur antiken Stadt Phaselis erfahrt ihr alles, was ihr vor einem Besuch der St\u00e4tte wissen solltet.<\/p>\n<p>Dazu geh\u00f6ren Attraktionen, Eintrittspreise, Anfahrt, h\u00e4ufige Fragen und die Geschichte von Phaselis.<\/p>\n<p>Los geht\u2019s!<\/p>\n<p><span><img decoding=\"async\" alt=\"Aqueduct Ruins at Phaselis in Antalya in Turkey\" data-id=\"356\" width=\"702\" data-init-width=\"1000\" height=\"470\" data-init-height=\"670\" title=\"Aqueduct Ruins at Phaselis in Antalya in Turkey\" loading=\"lazy\" src=\"https:\/\/antalyatouristinformation.com\/de\/wp-content\/uploads\/sites\/10\/2021\/02\/phaselis-aqueduct-ruins-in-antalya-in-turkey.jpg\" data-width=\"702\" data-height=\"470\" data-pinpro-key=\"d40mme2ou\" data-pin-media=\"https:\/\/antalyatouristinformation.com\/de\/wp-content\/uploads\/sites\/10\/2021\/06\/Antalya-Pinterest-4-8.jpg\" data-pin-description=\"Antike Stadt Phaselis in Antalya | Antalya Tourist Information\" data-pin-url=\"https:\/\/antalyatouristinformation.com\/de\/things-to-do\/history\/phaselis\/?tve=true&amp;tcbf=22c34766f8\"><\/span><\/p>\n<h2 id=\"t-1624953633033\" data-alt-text=\"Was kann ich machen?\">Was kann ich in Phaselis machen?<\/h2>\n<p id=\"t-1624953633034\"><span style=\"color: var(--tcb-skin-color-4);font-size: 18px;font-weight: var(--g-regular-weight,normal)\">Phaselis war eine der wichtigsten St\u00e4dte des Lykischen Bundes. Heute ist die antike St\u00e4tte mit ihren Ruinen, ihrem Nationalpark und ihren Buchten eines der beliebtesten Ziele f\u00fcr Tagesausfl\u00fcge in der Gegend.<\/span><\/p>\n<p>Das Wort &#8222;Phaselis&#8220; ist Altgriechisch und bedeutet &#8222;der von den G\u00f6ttern besch\u00fctzte Ort&#8220;. Ein Gro\u00dfteil der Ruinen in Phaselis stammt aus der r\u00f6mischen und byzantinischen Zeit.<\/p>\n<p><span><img decoding=\"async\" alt=\"Ruins at Phaselis in Antalya in Turkey\" data-id=\"344\" width=\"702\" data-init-width=\"1000\" height=\"470\" data-init-height=\"670\" title=\"Ruins at Phaselis in Antalya in Turkey\" loading=\"lazy\" src=\"https:\/\/antalyatouristinformation.com\/de\/wp-content\/uploads\/sites\/10\/2021\/02\/ruins-phaselis-in-antalya-in-turkey.jpg\" data-width=\"702\" data-height=\"470\" data-pinpro-key=\"wf416lmlz\" data-pin-media=\"https:\/\/antalyatouristinformation.com\/de\/wp-content\/uploads\/sites\/10\/2021\/06\/Antalya-Pinterest-4-8.jpg\" data-pin-description=\"Antike Stadt Phaselis in Antalya | Antalya Tourist Information\" data-pin-url=\"https:\/\/antalyatouristinformation.com\/de\/things-to-do\/history\/phaselis\/?tve=true&amp;tcbf=22c34766f8\"><\/span><\/p>\n<h3>Die antike Stadt Phaselis<\/h3>\n<p>Hier sind einige der Sehensw\u00fcrdigkeiten, die euch vor Ort erwarten:<\/p>\n<p><b>Schutzmauern:<\/b> Die Mauern umschlie\u00dfen den Teil der Stadt, der an das Meer grenzt. Sie sollten die Stadt vor Piratenangriffen sch\u00fctzen.<\/p>\n<p><b>Aqu\u00e4dukte:<\/b> Das Aqu\u00e4dukt ist etwa 450 m lang. Es ist das \u00e4lteste Bauwerk, das bis zum heutigen Tag in Phaselis erhalten geblieben ist.<\/p>\n<p><b>Hadrianstor:<\/b> Die Hafenstra\u00dfe verbindet den mittleren und s\u00fcdlichen Hafen. Ihr findet das Hadrianstor am s\u00fcdlichen Eingang der Stra\u00dfe. Das schicke Tor wurde anl\u00e4sslich des Besuchs des r\u00f6mischen Kaisers Hadrian im Jahr 131 nach unserer Zeitrechnung gebaut. Die St\u00fctzpfeiler des Hadrianstor stehen noch immer an der Hauptstra\u00dfe. Auf einigen Bl\u00f6cken k\u00f6nnt ihr eine Inschrift mit einer Widmung an Hadrian entdecken. Neben dem s\u00fcdlichen Hafen gibt es auch eine Agora. Werft einen Blick auf unseren Beitrag \u00fcber das <a href=\"https:\/\/antalyatouristinformation.com\/de\/sehenswurdigkeiten\/geschichte\/hadrianstor\/\">Hadrianstor<\/a>.<\/p>\n<p><b>R\u00f6mische B\u00e4der:<\/b> Es gibt zwei r\u00f6mische Badeh\u00e4user in Phaselis: ein kleines und ein gro\u00dfes. Beide Komplexe stammen aus dem 3. Jahrhundert und nutzten das sogenannte Hypokaustensystem &#8211; eine Art Warmluftheizung.<\/p>\n<p><b>Latrine:<\/b> Die Latrine liegt n\u00f6rdlich des kleinen Bades und stammt aus dem 3. Jahrhundert. Auf dem Boden k\u00f6nnt ihr Mosaike entdecken.<\/p>\n<p><b>Theater:<\/b> Ein Highlight ist das kleine Theater aus dem 2. Jahrhundert. Man vermutet, dass es ein anderes Theater ersetzte. Es ist ein typisches Theater aus hellenistischer Zeit. Die \u00dcberreste lassen darauf schlie\u00dfen, dass das B\u00fchnengeb\u00e4ude w\u00e4hrend der r\u00f6mischen Zeit hinzugef\u00fcgt wurde. Das hellenistische Theater bietet Platz f\u00fcr rund 1.500 Zuschauer.<\/p>\n<p><b>Basilika:<\/b> Gegen\u00fcber vom Theater k\u00f6nnt ihr die \u00dcberbleibsel einer kleinen Basilika entdecken. Sie stammt aus der byzantinischen Zeit. Es ist nicht sicher, ob die Basilika eine Gemeinde- oder Bischofskirche war.<\/p>\n<p><b>Akropolis:<\/b> Die Schutzg\u00f6ttin der Stadt war <b>Athene, die G\u00f6ttin des Krieges und der Weisheit<\/b>. Man vermutet, dass sich auf dem Akropolish\u00fcgel der Tempel der Athene und einige andere wichtige Bauwerke verbergen, die noch nicht gefunden wurden.<\/p>\n<p><span><img decoding=\"async\" alt=\"Phaselis Bay in Tekirova in Antalya in Turkey\" data-id=\"343\" width=\"702\" data-init-width=\"1000\" height=\"470\" data-init-height=\"670\" title=\"Phaselis Bay in Tekirova in Antalya in Turkey\" loading=\"lazy\" src=\"https:\/\/antalyatouristinformation.com\/de\/wp-content\/uploads\/sites\/10\/2021\/02\/phaselis-bay-tekirova-in-antalya.jpg\" data-width=\"702\" data-height=\"470\" data-pinpro-key=\"erye4zwew\" data-pin-media=\"https:\/\/antalyatouristinformation.com\/de\/wp-content\/uploads\/sites\/10\/2021\/06\/Antalya-Pinterest-4-8.jpg\" data-pin-description=\"Antike Stadt Phaselis in Antalya | Antalya Tourist Information\" data-pin-url=\"https:\/\/antalyatouristinformation.com\/de\/things-to-do\/history\/phaselis\/?tve=true&amp;tcbf=22c34766f8\"><\/span><\/p>\n<h3>Strand von Phaselis<\/h3>\n<p>Der Strand von Phaselis ist eine gute Option f\u00fcr Familien mit Kindern. Das Wasser ist warm und nicht tief. <b>Vor Ort findet ihr drei verschiedene Buchten: die N\u00f6rdliche Bucht, die Antike Bucht und die S\u00fcdliche Bucht.<\/b> Die drei <a href=\"https:\/\/antalyatouristinformation.com\/de\/sehenswurdigkeiten\/strand\/\">Str\u00e4nde <\/a>wurden in der Antike als H\u00e4fen genutzt. Bereits der Geograf Strabon erw\u00e4hnte sie.<\/p>\n<p>Falls ihr vorhabt zu tauchen, k\u00f6nnt ihr die Ruinen unter Wasser bewundern. <b><u>Bringt daher unbedingt eine Taucherbrille und einen Schnorchel mit!<\/u><\/b><\/p>\n<ul>\n<li><b>N\u00f6rdliche Bucht:<\/b> Die N\u00f6rdliche Bucht ist der erste Strand, den ihr sehen werdet. In der Regel ist es hier weniger \u00fcberlaufen als an den anderen beiden Str\u00e4nden. Der Meeresgrund ist mit Kieselsteinen bedeckt. Hier gibt es vergleichsweise mehr Wellen.<\/li>\n<li><b>Mittlere Bucht:<\/b> Das ist die kleinste der drei Buchten mit den wenigsten Wellen. Aufgrund des seichten Meeresgrunds ist es die sicherste Bucht.<\/li>\n<li><b>S\u00fcdliche Bucht:<\/b> Die S\u00fcdliche Bucht hat als einzige der drei Buchten einen Sandstrand. Deswegen ist sie in der Regel am st\u00e4rksten besucht.<\/li>\n<\/ul>\n<p><span><img decoding=\"async\" alt=\"Street of Phaselis in Antalya in Turkey\" data-id=\"362\" width=\"702\" data-init-width=\"1000\" height=\"470\" data-init-height=\"670\" title=\"Street of Phaselis in Antalya in Turkey\" loading=\"lazy\" src=\"https:\/\/antalyatouristinformation.com\/de\/wp-content\/uploads\/sites\/10\/2021\/02\/phaselis-street-in-antalya-in-turkey.jpg\" data-width=\"702\" data-height=\"470\" data-pinpro-key=\"tc3glljg5\" data-pin-media=\"https:\/\/antalyatouristinformation.com\/de\/wp-content\/uploads\/sites\/10\/2021\/06\/Antalya-Pinterest-4-8.jpg\" data-pin-description=\"Antike Stadt Phaselis in Antalya | Antalya Tourist Information\" data-pin-url=\"https:\/\/antalyatouristinformation.com\/de\/things-to-do\/history\/phaselis\/?tve=true&amp;tcbf=22c34766f8\"><\/span><\/p>\n<h2 id=\"t-1624953633035\" data-alt-text=\"Eintritt, Tickets &amp; F\u00fchrungen\">Eintritt, Tickets und F\u00fchrungen<\/h2>\n<ul>\n<li><span><strong>Eintritt:<\/strong> Die St\u00e4tte ist t\u00e4glich ge\u00f6ffnet. Die \u00d6ffnungszeiten von April bis Oktober sind von 08:30 bis 19:30 Uhr, von November bis M\u00e4rz von 08:30 bis 17:30 Uhr.<\/span><\/li>\n<li><span><strong>Tickets:<\/strong> Der Eintritt in die St\u00e4tte ist kostenpflichtig. Ihr k\u00f6nnt euer Ticket in unserem Shop vorab online kaufen.<\/span><\/li>\n<\/ul>\n<ul>\n<li><span><strong>Tipp:<\/strong> Falls ihr Tickets f\u00fcr Vergn\u00fcgungsparks, Museen und Touren f\u00fcr eure Antalya-Reise vorab buchen m\u00f6chtet, solltet ihr unbedingt einen Blick auf die Angebote in unserem offiziellen Shop werfen.<\/span><\/li>\n<\/ul>\n<p><span><img decoding=\"async\" alt=\"Road Sign of Phaselis in Antalya in Turkey\" data-id=\"358\" width=\"702\" data-init-width=\"1000\" height=\"470\" data-init-height=\"670\" title=\"Road Sign of Phaselis in Antalya in Turkey\" loading=\"lazy\" src=\"https:\/\/antalyatouristinformation.com\/de\/wp-content\/uploads\/sites\/10\/2021\/02\/road-sign-phaselin-in-antalya-in-turkey.jpg\" data-width=\"702\" data-height=\"470\" data-pinpro-key=\"bq60vl9qs\" data-pin-media=\"https:\/\/antalyatouristinformation.com\/de\/wp-content\/uploads\/sites\/10\/2021\/06\/Antalya-Pinterest-4-8.jpg\" data-pin-description=\"Antike Stadt Phaselis in Antalya | Antalya Tourist Information\" data-pin-url=\"https:\/\/antalyatouristinformation.com\/de\/things-to-do\/history\/phaselis\/?tve=true&amp;tcbf=22c34766f8\"><\/span><\/p>\n<h2 id=\"t-1624953633036\" data-alt-text=\"Wie komme ich nach Phaselis?\">Wie komme ich von Antalya oder Kemer nach Phaselis?<\/h2>\n<p>Die antike Stadt Phaselis befindet sich innerhalb der Grenzen von Tekirova im Landkreis Kemer. Phaselis ist 59 km von Antalya, 29 km von Olympos und 15 km von Kemer entfernt.<\/p>\n<p>Ihr k\u00f6nnt Phaselis von Antalya, Kemer oder dem Flughafen erreichen.<\/p>\n<p><b>Von Antalya und Kemer:<\/b> Von Antalya und Kemer kommt ihr am besten mit den Minibussen nach Tekirova.<\/p>\n<ul>\n<li>Sofern ihr in der N\u00e4he des 5M Migros in Antalya seid, k\u00f6nnt ihr Minibusse (Dolmu\u015f) finden, die direkt nach Tekirova fahren.<\/li>\n<li>Falls ihr euch nicht in der N\u00e4he des 5M Migros in Antalya befindet, k\u00f6nnt ihr stattdessen einen der Minibusse nehmen, die nach Kemer fahren. Dort geht ihr <b>gegen\u00fcber zum Uhrenturm in Kemer. Hier fahren Minibusse nach Phaselis ab.<\/b><\/li>\n<\/ul>\n<p>Die Busse verkehren jede halbe Stunde. Die Fahrt nach Phaselis dauert etwa 30 Minuten. Sofern ihr an der Kreuzung in Phaselis aussteigt, m\u00fcsst ihr noch etwa 1 km zum Hafen gehen.<\/p>\n<p>Es gibt auch einen Parkplatz vor Ort, falls ihr mit einem Privat- oder Mietwagen anreisen m\u00f6chtet.<\/p>\n<p><b>Vom <\/b><a href=\"https:\/\/antalyatouristinformation.com\/de\/plan\/antalya-flughafen\/\"><b>Flughafen Antalya<\/b><\/a> k\u00f6nnt ihr mit der Stra\u00dfenbahn, dem Stadtbus oder den HAVA\u015e-Shuttles zum Busbahnhof von Kemer gelangen. Vom Kemer-Platz nehmt ihr den Minibus in Richtung Phaselis. Hier geht es zu unserer Liste mit den <a href=\"https:\/\/antalyatouristinformation.com\/de\/sehenswurdigkeiten\/kemer\/\">Sehensw\u00fcrdigkeiten in Kemer<\/a>.<\/p>\n<p><span><img decoding=\"async\" alt=\"Phaselis Bay in Antalya in Turkey\" data-id=\"361\" width=\"702\" data-init-width=\"1000\" height=\"470\" data-init-height=\"670\" title=\"Phaselis Bay in Antalya in Turkey\" loading=\"lazy\" src=\"https:\/\/antalyatouristinformation.com\/de\/wp-content\/uploads\/sites\/10\/2021\/02\/phaselis-bay-in-antalya-turkey-.jpg\" data-width=\"702\" data-height=\"470\" data-pinpro-key=\"vvpeb5e4p\" data-pin-media=\"https:\/\/antalyatouristinformation.com\/de\/wp-content\/uploads\/sites\/10\/2021\/06\/Antalya-Pinterest-4-8.jpg\" data-pin-description=\"Antike Stadt Phaselis in Antalya | Antalya Tourist Information\" data-pin-url=\"https:\/\/antalyatouristinformation.com\/de\/things-to-do\/history\/phaselis\/?tve=true&amp;tcbf=22c34766f8\"><\/span><\/p>\n<h2 id=\"t-1619535671869\" data-alt-text=\"FAQ\">FAQ (H\u00e4ufige Fragen)<\/h2>\n<p><span><img decoding=\"async\" alt=\"Theatre at Phaselis in Antalya in Turkey\" data-id=\"345\" width=\"702\" data-init-width=\"1000\" height=\"470\" data-init-height=\"670\" title=\"Theatre at Phaselis in Antalya in Turkey\" loading=\"lazy\" src=\"https:\/\/antalyatouristinformation.com\/de\/wp-content\/uploads\/sites\/10\/2021\/02\/phaselis-theatre-in-antalya-in-turkey.jpg\" data-width=\"702\" data-height=\"470\" data-pinpro-key=\"epm0bfrlu\" data-pin-media=\"https:\/\/antalyatouristinformation.com\/de\/wp-content\/uploads\/sites\/10\/2021\/06\/Antalya-Pinterest-4-8.jpg\" data-pin-description=\"Antike Stadt Phaselis in Antalya | Antalya Tourist Information\" data-pin-url=\"https:\/\/antalyatouristinformation.com\/de\/things-to-do\/history\/phaselis\/?tve=true&amp;tcbf=22c34766f8\"><\/span><\/p>\n<h2 id=\"t-1624953633037\" data-alt-text=\"Geschichte\">Geschichte von Phaselis<\/h2>\n<p>Phaselis wurde im 7. Jahrhundert vor unserer Zeitrechnung von einer Kolonie aus Rhodos gegr\u00fcndet. F\u00fcr lange Zeit besa\u00df die Stadt den wichtigsten Handelshafen an der Ostk\u00fcste Lykiens. Im 5. Jahrhundert vor unserer Zeitrechnung wurde die Stadt von den Persern eingenommen und ein Jahrhundert sp\u00e4ter vom karischen Statthalter Mausolos regiert. Im Jahr 333 vor unserer Zeitrechnung empfingen die Bewohner von Phaselis Alexander den Gro\u00dfen mit einer goldenen Krone.<\/p>\n<p>Abgesehen von der kurzen Herrschaft der Perser und Alexander dem Gro\u00dfen dauerte die Herrschaft der Rhodier bis 167 vor unserer Zeitrechnung an. Die Stadt wurde daraufhin Mitglied des Lykischen Bundes und pr\u00e4gte M\u00fcnzen f\u00fcr den Bund.<\/p>\n<p>Die Hafenstadt stand unter st\u00e4ndiger Bedrohung durch Piraten. Schlie\u00dflich sorgten r\u00f6mische Befehlshaber 43 vor unserer Zeitrechnung f\u00fcr ein Ende der Pirateneinf\u00e4lle. Anschlie\u00dfend schloss Brutus Phaselis an Rom an. Die Stadt wurde wieder aufgebaut und mit der r\u00f6mischen Herrschaft begann eine neue \u00c4ra des Wohlstands und des Friedens.<\/p>\n<p>W\u00e4hrend der byzantinischen Zeit wurde Phaselis ein bisch\u00f6fliches Zentrum. Allerdings wurde die Stadt im 3. Jahrhundert immer unbedeutender. Aufgrund der wiederkehrenden Bedrohung durch Piraten verlor Phaselis allm\u00e4hlich an Bedeutung als Handelszentrum.<\/p>\n<p>1158 eroberten Seldschuken die Stadt. Der Aufschwung der H\u00e4fen in Antalya und Alanya, die immer attraktiver wurden, schw\u00e4chte Phaselis. Im 13. Jahrhundert wurde die Stadt schlie\u00dflich komplett aufgegeben.<\/p>\n<h2 id=\"t-1624953633038\">Kontakt<\/h2>\n<ul>\n<li><span><strong>Adresse:&nbsp;<\/strong>\u00c7amyuva Mahallesi, 07980 Kemer, Antalya<\/span><\/li>\n<li><span><strong>\u00d6ffnungszeiten: <\/strong>In der Hauptsaison t\u00e4glich von 08.30 bis 19.30 Uhr ge\u00f6ffnet und in der Nebensaison t\u00e4glich von 08.30 bis 17.30 Uhr.<\/span><\/li>\n<li><span><strong>\u00d6ffentlicher Verkehr: <\/strong>Minibus vom Uhrenturm von Kemer oder Antalya 5M Migros<\/span><\/li>\n<\/ul>\n","protected":false},"excerpt":{"rendered":"<p>Ihr wollt die antike Stadt Phaselis erkunden, mehr \u00fcber die 2600 Jahre alten Ruinen erfahren oder an den Str\u00e4nden von Phaselis Sonne tanken? Dann seid ihr hier genau richtig! In diesem kompletten Guide zur antiken Stadt Phaselis erfahrt ihr alles, was ihr vor einem Besuch der St\u00e4tte wissen solltet. Dazu geh\u00f6ren Attraktionen, Eintrittspreise, Anfahrt, h\u00e4ufige [&hellip;]<\/p>\n","protected":false},"author":4,"featured_media":346,"parent":119,"menu_order":0,"comment_status":"open","ping_status":"closed","template":"","meta":{"_acf_changed":false,"footnotes":""},"categories":[],"tags":[43,42],"class_list":["post-223","page","type-page","status-publish","has-post-thumbnail","hentry","tag-antiquity","tag-history","post-wrapper","thrv_wrapper"],"acf":[],"wp-worthy-pixel":{"ignored":false,"public":null,"server":null,"url":null},"wp-worthy-type":"normal","_links":{"self":[{"href":"https:\/\/antalyatouristinformation.com\/de\/wp-json\/wp\/v2\/pages\/223","targetHints":{"allow":["GET"]}}],"collection":[{"href":"https:\/\/antalyatouristinformation.com\/de\/wp-json\/wp\/v2\/pages"}],"about":[{"href":"https:\/\/antalyatouristinformation.com\/de\/wp-json\/wp\/v2\/types\/page"}],"author":[{"embeddable":true,"href":"https:\/\/antalyatouristinformation.com\/de\/wp-json\/wp\/v2\/users\/4"}],"replies":[{"embeddable":true,"href":"https:\/\/antalyatouristinformation.com\/de\/wp-json\/wp\/v2\/comments?post=223"}],"version-history":[{"count":10,"href":"https:\/\/antalyatouristinformation.com\/de\/wp-json\/wp\/v2\/pages\/223\/revisions"}],"predecessor-version":[{"id":14735,"href":"https:\/\/antalyatouristinformation.com\/de\/wp-json\/wp\/v2\/pages\/223\/revisions\/14735"}],"up":[{"embeddable":true,"href":"https:\/\/antalyatouristinformation.com\/de\/wp-json\/wp\/v2\/pages\/119"}],"wp:featuredmedia":[{"embeddable":true,"href":"https:\/\/antalyatouristinformation.com\/de\/wp-json\/wp\/v2\/media\/346"}],"wp:attachment":[{"href":"https:\/\/antalyatouristinformation.com\/de\/wp-json\/wp\/v2\/media?parent=223"}],"wp:term":[{"taxonomy":"category","embeddable":true,"href":"https:\/\/antalyatouristinformation.com\/de\/wp-json\/wp\/v2\/categories?post=223"},{"taxonomy":"post_tag","embeddable":true,"href":"https:\/\/antalyatouristinformation.com\/de\/wp-json\/wp\/v2\/tags?post=223"}],"curies":[{"name":"wp","href":"https:\/\/api.w.org\/{rel}","templated":true}]}}