{"id":226,"date":"2021-02-15T12:54:19","date_gmt":"2021-02-15T11:54:19","guid":{"rendered":"http:\/\/antalyatouristinformation.com\/clone4639485xzhehsskdjfhhdhebdkkekdeewsd4545gdfgm\/?page_id=226"},"modified":"2024-01-18T17:31:43","modified_gmt":"2024-01-18T16:31:43","slug":"manavgat-wasserfall","status":"publish","type":"page","link":"https:\/\/antalyatouristinformation.com\/de\/sehenswurdigkeiten\/wasserfalle\/manavgat-wasserfall\/","title":{"rendered":"Manavgat Wasserfall: Anfahrt und Tipps"},"content":{"rendered":"<p>Das ist der komplette Guide zum Manavgat Wasserfall in Antalya.<\/p>\n<p>Manavgat ist vor allem f\u00fcr kilometerlange Sandst\u00e4nde und Badeorte wie Side, Kumk\u00f6y und Evrenseki bekannt.<\/p>\n<p>Doch Manavgat hat mehr zu bieten! Abseits der K\u00fcste verbergen sich antike St\u00e4dte und unber\u00fchrte Natur. Der Manavgat Wasserfall ist ein Naturschauspiel, das ihr unbedingt sehen solltet. Er ist einer der meistbesuchten Wasserf\u00e4lle in der T\u00fcrkei.<\/p>\n<p>Ihr findet dort auch M\u00f6glichkeiten zum <a href=\"https:\/\/antalyatouristinformation.com\/de\/sehenswurdigkeiten\/rafting\/\">Rafting.<\/a><\/p>\n<p>Hier sind ihr alle wichtigen Informationen, die ihr vor dem Besuch des Wasserfalls wissen solltet. Dazu geh\u00f6ren Tipps, Eintritt, Anfahrt sowie die Geschichte Wasserfalls.<\/p>\n<p><span><img decoding=\"async\" alt=\"manavgat waterfall in Antalya in Turkey\" data-id=\"742\" width=\"702\" data-init-width=\"1000\" height=\"470\" data-init-height=\"670\" title=\"manavgat waterfall in Antalya in Turkey\" loading=\"lazy\" src=\"https:\/\/antalyatouristinformation.com\/de\/wp-content\/uploads\/sites\/10\/2021\/02\/manavgat-waterfall-in-antalya-in-turkey.jpg\" data-width=\"702\" data-height=\"470\" data-pinpro-key=\"y4spauphy\" data-pin-media=\"https:\/\/antalyatouristinformation.com\/de\/wp-content\/uploads\/sites\/10\/2021\/07\/antalya-deutsch-pinterest-1-2.jpg\" data-pin-description=\"Visit the amazing Manavgat Waterfall in Antalya, Turkey \u27a4 Read Info on \u2714 Access \u2714 Tour \u2714 Tips \u2714\" data-pin-url=\"https:\/\/antalyatouristinformation.com\/de\/things-to-do\/waterfall\/manavgat-waterfall\/?tve=true&amp;tcbf=8a45bbc0ac\"><\/span><\/p>\n<h2 id=\"t-1619177948586\" data-alt-text=\"Was kann ich dort machen?\">Was kann ich beim Manavgat Wasserfall machen?<\/h2>\n<p>Der Manavgat-Wasserfall ist nicht sehr hoch, daf\u00fcr jedoch umso breiter. Ihr habt daher von jedem Punkt aus einen herrlichen Blick.<\/p>\n<p>Das Wasser st\u00fcrzt von 5 Meter hohen Klippen mit einem beeindruckenden Schauspiel in die Tiefe. Das Gebiet ist die Heimat von vielen Vogel- und Fischarten wie Karpfen, Forelle, Meer\u00e4sche, Schwarzfisch, Ente, Eisvogel, Seebarsch, Kuckuck und Gans. Rund um den Manavgat-Wasserfall seht ihr Maulbeerb\u00e4ume, Platanen, Weiden, Pappeln und Ulmen. An den Ufern entlang des Flusses stehen Gew\u00e4chsh\u00e4user und Zitrusg\u00e4rten.<\/p>\n<p>Die hohe Flie\u00dfgeschwindigkeit des Flusses bietet eine ideale Umgebung f\u00fcr Rafting und \u00e4hnliche Wassersportarten. Safaris rund um den Wasserfall sind auch sehr beliebt.<\/p>\n<p><span><img decoding=\"async\" alt=\"Manavgat waterfall in Antalya in Turkey\" data-id=\"747\" width=\"702\" data-init-width=\"1000\" height=\"470\" data-init-height=\"670\" title=\"Manavgat waterfall in Antalya in Turkey\" loading=\"lazy\" src=\"https:\/\/antalyatouristinformation.com\/de\/wp-content\/uploads\/sites\/10\/2021\/02\/cafes-by-the-manavgat-waterfall-in-antalya-in-turkey.jpg\" data-width=\"702\" data-height=\"470\" data-pinpro-key=\"3mnrm8a2a\" data-pin-media=\"https:\/\/antalyatouristinformation.com\/de\/wp-content\/uploads\/sites\/10\/2021\/07\/antalya-deutsch-pinterest-1-2.jpg\" data-pin-description=\"Visit the amazing Manavgat Waterfall in Antalya, Turkey \u27a4 Read Info on \u2714 Access \u2714 Tour \u2714 Tips \u2714\" data-pin-url=\"https:\/\/antalyatouristinformation.com\/de\/things-to-do\/waterfall\/manavgat-waterfall\/?tve=true&amp;tcbf=8a45bbc0ac\"><\/span><\/p>\n<p>Rund um den Wasserfall gibt es sch\u00f6ne Pl\u00e4tze, wo ihr euch ausruhen k\u00f6nnt. Dabei h\u00f6rt ihr das Rauschen des Flusses im Hintergrund. Ihr k\u00f6nnt in einem der Restaurants, Caf\u00e9s und Teeg\u00e4rten fr\u00fchst\u00fccken oder mittags einen frischen Fisch aus dem Fluss genie\u00dfen. Falls ihr Lust habt, k\u00f6nnt ihr auch ein Picknick machen.<\/p>\n<p>In der N\u00e4he gibt es viele Unterkunftsm\u00f6glichkeiten, von Hotels bis hin zu Campingpl\u00e4tzen, die eine gute Option f\u00fcr eine Flucht in die Natur sind.<\/p>\n<p>Vom Zentrum von Manavgat aus k\u00f6nnt ihr eine Bootsfahrt \u00fcber den Fluss machen. Die Fahrten dauern etwa 3 bis 4 Stunden. Shuttles bringen euch zu dem Wasserfall.<\/p>\n<p>Hier findet ihr unseren detaillierten Artikel \u00fcber <a href=\"https:\/\/antalyatouristinformation.com\/de\/sehenswurdigkeiten\/manavgat\/\">Sehensw\u00fcrdigkeiten in Manavgat<\/a>.<\/p>\n<p><span><img decoding=\"async\" alt=\"manavgat river in antalya in turkey\" data-id=\"746\" width=\"702\" data-init-width=\"1000\" height=\"470\" data-init-height=\"670\" title=\"manavgat river in antalya in turkey\" loading=\"lazy\" src=\"https:\/\/antalyatouristinformation.com\/de\/wp-content\/uploads\/sites\/10\/2021\/02\/manavgat-river-in-antalya-in-turkey.jpg\" data-width=\"702\" data-height=\"470\" data-pinpro-key=\"jr6p1hh92\" data-pin-media=\"https:\/\/antalyatouristinformation.com\/de\/wp-content\/uploads\/sites\/10\/2021\/07\/antalya-deutsch-pinterest-1-2.jpg\" data-pin-description=\"Visit the amazing Manavgat Waterfall in Antalya, Turkey \u27a4 Read Info on \u2714 Access \u2714 Tour \u2714 Tips \u2714\" data-pin-url=\"https:\/\/antalyatouristinformation.com\/de\/things-to-do\/waterfall\/manavgat-waterfall\/?tve=true&amp;tcbf=8a45bbc0ac\"><\/span><\/p>\n<h2 id=\"t-1619177948587\">Eintritt, Tickets und Touren<\/h2>\n<ul>\n<li><span><strong>Eintritt:<\/strong> Ihr k\u00f6nnt den Manavgat Wasserfall von April bis September zwischen 09:00 und 21:00 Uhr und von November bis M\u00e4rz zwischen 09:00 und 18:00 Uhr besuchen.&nbsp;<\/span><\/li>\n<li><span><strong>Tickets:<\/strong> Es wird ein kleiner Eintrittspreis erhoben.<\/span><\/li>\n<li><span><strong>Museum Pass Akdeniz:<\/strong> Der Museumspass Akdeniz gilt nicht f\u00fcr den Manavgat Wasserfall. Ihr k\u00f6nnt die Tickets vor Ort kaufen.<\/span><\/li>\n<\/ul>\n<ul>\n<li><span><strong>Tipp:<\/strong> Falls ihr Tickets f\u00fcr Vergn\u00fcgungsparks, Museen und Touren f\u00fcr eure Antalya-Reise vorab buchen m\u00f6chtet, solltet ihr unbedingt einen Blick auf die Angebote in unserem offiziellen Shop werfen.<\/span><\/li>\n<\/ul>\n<p><span><img decoding=\"async\" alt=\"manavgat waterfall drone in Antalya in Turkey\" data-id=\"744\" width=\"702\" data-init-width=\"1000\" height=\"470\" data-init-height=\"670\" title=\"manavgat waterfall drone in Antalya in Turkey\" loading=\"lazy\" src=\"https:\/\/antalyatouristinformation.com\/de\/wp-content\/uploads\/sites\/10\/2021\/02\/manavgat-waterfall-drone-in-antalya-in-turkey.jpg\" data-width=\"702\" data-height=\"470\" data-pinpro-key=\"n2n10av0o\" data-pin-media=\"https:\/\/antalyatouristinformation.com\/de\/wp-content\/uploads\/sites\/10\/2021\/07\/antalya-deutsch-pinterest-1-2.jpg\" data-pin-description=\"Visit the amazing Manavgat Waterfall in Antalya, Turkey \u27a4 Read Info on \u2714 Access \u2714 Tour \u2714 Tips \u2714\" data-pin-url=\"https:\/\/antalyatouristinformation.com\/de\/things-to-do\/waterfall\/manavgat-waterfall\/?tve=true&amp;tcbf=8a45bbc0ac\"><\/span><\/p>\n<h2 id=\"t-1619177948588\" data-alt-text=\"Anfahrt\">Wie komme ich von Antalya aus zu dem Manavgat Wasserfall?<\/h2>\n<p>Der Wasserfall liegt etwa 80 Kilometer vom Stadtzentrum Antalya und 5 Kilometer von Manavgat entfernt.<\/p>\n<p><b>Von Antaya:<\/b> Vom Antalya Intercity Bus Terminal fahren Minibusse Richtung Manavgat. Dort steigt ihr in einen anderen Minibus um, der euch zum Wasserfall bringt. Von Manavgat aus dauert die Fahrt etwa 10 Minuten.<\/p>\n<h2 id=\"t-1619177948589\" data-alt-text=\"FAQ\">FAQ (Frequently Asked Questions)<\/h2>\n<p><span><img decoding=\"async\" alt=\"Manavgat waterfall in Antalya in Turkey\" data-id=\"749\" width=\"702\" data-init-width=\"1000\" height=\"470\" data-init-height=\"670\" title=\"Manavgat waterfall in Antalya in Turkey\" loading=\"lazy\" src=\"https:\/\/antalyatouristinformation.com\/de\/wp-content\/uploads\/sites\/10\/2021\/02\/manavgat-falls-in-antalya-in-turkey.jpg\" data-width=\"702\" data-height=\"470\" data-pinpro-key=\"fq64ih0q6\" data-pin-media=\"https:\/\/antalyatouristinformation.com\/de\/wp-content\/uploads\/sites\/10\/2021\/07\/antalya-deutsch-pinterest-1-2.jpg\" data-pin-description=\"Visit the amazing Manavgat Waterfall in Antalya, Turkey \u27a4 Read Info on \u2714 Access \u2714 Tour \u2714 Tips \u2714\" data-pin-url=\"https:\/\/antalyatouristinformation.com\/de\/things-to-do\/waterfall\/manavgat-waterfall\/?tve=true&amp;tcbf=8a45bbc0ac\"><\/span><\/p>\n<h2 id=\"t-1625078094391\" data-alt-text=\"Geschichte\">Geschichte des Manavgat Wasserfalls<\/h2>\n<p>Manavgat wurde in den antiken Zeiten &#8222;Melas&#8220; genannt. Der Fluss war die Hauptwasserquelle f\u00fcr Side.<\/p>\n<p>Der <a href=\"https:\/\/antalyatouristinformation.com\/de\/sehenswurdigkeiten\/attraktionen\/manavgat-fluss\/\">Manavgat-Fluss<\/a> ist einer der wichtigsten Fl\u00fcsse in der Mittelmeerregion und in der T\u00fcrkei. Er entspringt zwei kleinen B\u00e4chen im westlichen Taurusgebirge bei der Stadt Akseki.<\/p>\n<p>Der Fluss Manavgat ist circa 90 Kilometer lang. Er flie\u00dft mitten durch die Stadt und m\u00fcndet an einer Stelle, die Bosporus genannt wird, ins Mittelmeer.<\/p>\n<p>Hier k\u00f6nnt ihr mehr \u00fcber <a href=\"https:\/\/antalyatouristinformation.com\/de\/sehenswurdigkeiten\/wasserfalle\/\">Wasserf\u00e4lle in der Provinz Antalya <\/a>lesen.<\/p>\n<h2 id=\"t-1619177948591\">Kontakt&nbsp;<\/h2>\n<ul>\n<li><span><strong>Adresse:&nbsp;<\/strong>Sar\u0131lar, 07600 Manavgat, Antalya<\/span><\/li>\n<li><span><strong>\u00d6ffnungszeiten<\/strong><strong>:&nbsp;<\/strong>April bis September 09.00-21.00 Uhr, November bis M\u00e4rz 09.00-18.00 Uhr<!--[endif]-->.<\/span><\/li>\n<li><span><strong>\u00d6ffentlicher Verkehr:&nbsp;<\/strong>Bus, Minibus von der Manavgat Bus- Station<\/span><\/li>\n<\/ul>\n","protected":false},"excerpt":{"rendered":"<p>Das ist der komplette Guide zum Manavgat Wasserfall in Antalya. Manavgat ist vor allem f\u00fcr kilometerlange Sandst\u00e4nde und Badeorte wie Side, Kumk\u00f6y und Evrenseki bekannt. Doch Manavgat hat mehr zu bieten! Abseits der K\u00fcste verbergen sich antike St\u00e4dte und unber\u00fchrte Natur. Der Manavgat Wasserfall ist ein Naturschauspiel, das ihr unbedingt sehen solltet. Er ist einer [&hellip;]<\/p>\n","protected":false},"author":5,"featured_media":752,"parent":135,"menu_order":0,"comment_status":"open","ping_status":"closed","template":"","meta":{"_acf_changed":false,"footnotes":""},"categories":[],"tags":[50],"class_list":["post-226","page","type-page","status-publish","has-post-thumbnail","hentry","tag-waterfall","post-wrapper","thrv_wrapper"],"acf":[],"wp-worthy-pixel":{"ignored":false,"public":"3beb8ae68a8c47aa8c306beeb6eff5d7","server":"vg01.met.vgwort.de","url":"https:\/\/vg01.met.vgwort.de\/na\/3beb8ae68a8c47aa8c306beeb6eff5d7"},"wp-worthy-type":"normal","_links":{"self":[{"href":"https:\/\/antalyatouristinformation.com\/de\/wp-json\/wp\/v2\/pages\/226","targetHints":{"allow":["GET"]}}],"collection":[{"href":"https:\/\/antalyatouristinformation.com\/de\/wp-json\/wp\/v2\/pages"}],"about":[{"href":"https:\/\/antalyatouristinformation.com\/de\/wp-json\/wp\/v2\/types\/page"}],"author":[{"embeddable":true,"href":"https:\/\/antalyatouristinformation.com\/de\/wp-json\/wp\/v2\/users\/5"}],"replies":[{"embeddable":true,"href":"https:\/\/antalyatouristinformation.com\/de\/wp-json\/wp\/v2\/comments?post=226"}],"version-history":[{"count":10,"href":"https:\/\/antalyatouristinformation.com\/de\/wp-json\/wp\/v2\/pages\/226\/revisions"}],"predecessor-version":[{"id":14808,"href":"https:\/\/antalyatouristinformation.com\/de\/wp-json\/wp\/v2\/pages\/226\/revisions\/14808"}],"up":[{"embeddable":true,"href":"https:\/\/antalyatouristinformation.com\/de\/wp-json\/wp\/v2\/pages\/135"}],"wp:featuredmedia":[{"embeddable":true,"href":"https:\/\/antalyatouristinformation.com\/de\/wp-json\/wp\/v2\/media\/752"}],"wp:attachment":[{"href":"https:\/\/antalyatouristinformation.com\/de\/wp-json\/wp\/v2\/media?parent=226"}],"wp:term":[{"taxonomy":"category","embeddable":true,"href":"https:\/\/antalyatouristinformation.com\/de\/wp-json\/wp\/v2\/categories?post=226"},{"taxonomy":"post_tag","embeddable":true,"href":"https:\/\/antalyatouristinformation.com\/de\/wp-json\/wp\/v2\/tags?post=226"}],"curies":[{"name":"wp","href":"https:\/\/api.w.org\/{rel}","templated":true}]}}