{"id":235,"date":"2021-02-15T12:56:07","date_gmt":"2021-02-15T11:56:07","guid":{"rendered":"http:\/\/antalyatouristinformation.com\/clone4639485xzhehsskdjfhhdhebdkkekdeewsd4545gdfgm\/?page_id=235"},"modified":"2024-01-18T17:27:29","modified_gmt":"2024-01-18T16:27:29","slug":"side-archaologisch","status":"publish","type":"page","link":"https:\/\/antalyatouristinformation.com\/de\/sehenswurdigkeiten\/museum\/side-archaologisch\/","title":{"rendered":"Arch\u00e4ologisches Museum in Side: Tickets und Tipps"},"content":{"rendered":"<p>Das ist der komplette Guide zum Arch\u00e4ologischen Museum in Side.<\/p>\n<p>Side ist zwar in erster Linie f\u00fcr seine Str\u00e4nde bekannt, doch in der Altstadt findet ihr mehr als 3.000 Jahre alte Ruinen, unter anderen den Apollon Tempel, dessen 6 wei\u00dfe S\u00e4ulen das Wahrzeichen der Stadt sind.<\/p>\n<p>Das Arch\u00e4ologische Museum von Side ist in einem alten r\u00f6mischen Bad untergebracht und zeigt eine interessante Sammlung von Ausgrabungsst\u00fccken aus der Umgebung.<\/p>\n<p>Hier lest ihr alle wichtigen Informationen, die ihr vor dem Besuch des Museums wissen solltet. Dazu geh\u00f6ren Tipps, Eintritt, Anfahrt sowie die Geschichte des Museums.<\/p>\n<h2 id=\"t-1619179041029\" data-alt-text=\"Was kann ich sehen?\">Was kann ich dort sehen?<\/h2>\n<p><span><img decoding=\"async\" alt=\"Side Museum in Antalya in Turkey (Editorial)\" data-id=\"1989\" width=\"702\" data-init-width=\"1000\" height=\"468\" data-init-height=\"667\" title=\"Side Museum in Antalya in Turkey (Editorial)\" src=\"\/\/antalyatouristinformation.com\/de\/wp-content\/uploads\/sites\/10\/2021\/04\/What-can-I-see-at-Side-Museum.jpg\" data-width=\"702\" data-height=\"468\" loading=\"lazy\" data-pinpro-key=\"kjx4g4lw8\" data-pin-media=\"https:\/\/antalyatouristinformation.com\/de\/wp-content\/uploads\/sites\/10\/2021\/06\/prag_50_sehenswuerdigkeiten_pinterest-14-4.jpg\" data-pin-description=\"Visit Side Archaeological Museum | Antalya Tourist Information\" data-pin-url=\"https:\/\/antalyatouristinformation.com\/de\/sehenswurdigkeiten\/museum\/side-archaologisch\/?tve=true&amp;tcbf=b79d6e7f6b\"><\/span><\/p>\n<p>In dem Arch\u00e4ologischen Museum von Side erwarten euch <strong>5 R\u00e4ume mit antiken Artefakten.<\/strong><\/p>\n<p><strong>Badeh\u00e4user<\/strong> geh\u00f6rten zu den wichtigsten Einrichtungen jeder antiken r\u00f6mischen Stadt. In dem 2000 Jahre alten Agora-Bad k\u00f6nnt ihr Ausgrabungsst\u00fccke bewundern, die in und um Side entdeckt wurden. Das Badehaus wurde im 2. Jahrhundert nach unserer Zeitrechnung gegr\u00fcndet und im 5. oder 6. Jahrhundert restauriert. In den fr\u00fchen 1960er Jahren wandelte man die 5 R\u00e4ume des Bades in ein Museum um.<\/p>\n<p><strong>Statuen, Friesen, Alltagsgegenst\u00e4nde, Juwelen, M\u00fcnzen, Sarkophage und Inschriften <\/strong>versetzen euch in das Leben in der Antike zur\u00fcck. Einst genossen r\u00f6mische Adlige und die Oberschicht ihre Freizeit in den hei\u00dfen, warmen und kalten Saunar\u00e4umen, die heute als Museum fungieren.<\/p>\n<p>In den <strong>G\u00e4rten <\/strong>findet ihr auch Ausstellungsst\u00fccke und Sarkophage mit mittelalterlichen Grabinschriften.<\/p>\n<p>Die g\u00f6ttlichen Statuen von Herkules und Hermes zeigen euch die damalige <strong>Kunst der Bildhauerei<\/strong>. Beachtet den Fries der Aphrodite und die \u201edrei Grazien\u201c. Die Statue der Damen wurde bei Ausgrabungen im Amphitheater gefunden.<\/p>\n<p>Beeindrucken werden euch auch die <strong>Glaswaren, Juwelen, Waffen und religi\u00f6sen Accessoires.<\/strong><\/p>\n<p>Sogar <strong>Marmors\u00e4rge aus der Zeit des R\u00f6mischen Reiches<\/strong> k\u00f6nnt ihr hier sehen.<\/p>\n<p><span><img decoding=\"async\" alt=\"Side historical ancient city museum (Editorial)\" data-id=\"1993\" width=\"702\" data-init-width=\"1000\" height=\"468\" data-init-height=\"667\" title=\"Side historical ancient city museum (Editorial)\" src=\"\/\/antalyatouristinformation.com\/de\/wp-content\/uploads\/sites\/10\/2021\/04\/Side-historical-ancient-city-museum.jpg\" data-width=\"702\" data-height=\"468\" loading=\"lazy\" data-pinpro-key=\"o02o5kuw3\" data-pin-media=\"https:\/\/antalyatouristinformation.com\/de\/wp-content\/uploads\/sites\/10\/2021\/06\/prag_50_sehenswuerdigkeiten_pinterest-14-4.jpg\" data-pin-description=\"Visit Side Archaeological Museum | Antalya Tourist Information\" data-pin-url=\"https:\/\/antalyatouristinformation.com\/de\/sehenswurdigkeiten\/museum\/side-archaologisch\/?tve=true&amp;tcbf=b79d6e7f6b\"><\/span><\/p>\n<h2 id=\"t-1619179041030\">Eintritt, Tickets und Touren<\/h2>\n<ul>\n<li><span><strong>Eintritt:<\/strong> Das Museum ist in den Sommermonaten von 08:30 &#8211; 18:45 Uhr und in den Wintermonaten von 10:00 &#8211; 16:00 Uhr ge\u00f6ffnet<\/span><\/li>\n<li><span><strong>Tickets:<\/strong> Tickets k\u00f6nnen vor Ort erworben werden.<\/span><\/li>\n<li><span><strong>Touren:&nbsp;<\/strong>Von Antalya aus starten t\u00e4glich Touren nach Side<\/span><\/li>\n<\/ul>\n<ul>\n<li><span><strong>Tipp:<\/strong><b>&nbsp;<\/b>Falls ihr Tickets f\u00fcr Vergn\u00fcgungsparks, Museen und Touren f\u00fcr eure Antalya-Reise vorab buchen m\u00f6chtet, solltet ihr unbedingt einen Blick auf die Angebote in unserem offiziellen Shop werfen.<\/span><\/li>\n<\/ul>\n<h2 id=\"t-1625315984439\" data-alt-text=\"Anfahrt\">Wie komme ich zum Arch\u00e4ologischen Museum von Side?<\/h2>\n<p>Von Flughafen Antalya aus k\u00f6nnt ihr die Buslinie 600 nehmen, die nach Manavgat f\u00e4hrt. Von dort aus fahren Minibusse nach Side.<\/p>\n<p>Falls ihr mit dem Auto unterwegs seid, fahrt ihr von Antalya aus auf der Autobahn D400 Richtung Alanya. Die Abzweigung nach Side liegt bei der westlichen Zufahrt nach Manavgat. Das Museum findet ihr ganz in der N\u00e4he des gro\u00dfen Amphitheaters.<\/p>\n<p><span><img decoding=\"async\" alt=\"Archaeological Museum of Side (Editorial)\" data-id=\"4413\" width=\"702\" data-init-width=\"1000\" height=\"468\" data-init-height=\"667\" title=\"Archaeological Museum of Side (Editorial)\" src=\"https:\/\/antalyatouristinformation.com\/de\/wp-content\/uploads\/sites\/10\/2021\/04\/Archaeological-Museum-of-Side.jpg\" data-width=\"702\" data-height=\"468\" loading=\"lazy\" data-pinpro-key=\"itl4e8tss\" data-pin-media=\"https:\/\/antalyatouristinformation.com\/de\/wp-content\/uploads\/sites\/10\/2021\/06\/prag_50_sehenswuerdigkeiten_pinterest-14-4.jpg\" data-pin-description=\"Visit Side Archaeological Museum | Antalya Tourist Information\" data-pin-url=\"https:\/\/antalyatouristinformation.com\/de\/sehenswurdigkeiten\/museum\/side-archaologisch\/?tve=true&amp;tcbf=b79d6e7f6b\"><\/span><\/p>\n<h2 id=\"t-1619179041032\" data-alt-text=\"FAQ\">FAQ&nbsp;<\/h2>\n<p><span><img decoding=\"async\" alt=\"Archaeological Museum in Side in Antalya (Editorial)\" data-id=\"4415\" width=\"702\" data-init-width=\"1000\" height=\"468\" data-init-height=\"667\" title=\"Archaeological Museum in Side in Antalya (Editorial)\" src=\"https:\/\/antalyatouristinformation.com\/de\/wp-content\/uploads\/sites\/10\/2021\/04\/Archaeological-Museum-in-Side-in-Antalya-Editorial.jpg\" data-width=\"702\" data-height=\"468\" loading=\"lazy\" data-pinpro-key=\"t3eb6q991\" data-pin-media=\"https:\/\/antalyatouristinformation.com\/de\/wp-content\/uploads\/sites\/10\/2021\/06\/prag_50_sehenswuerdigkeiten_pinterest-14-4.jpg\" data-pin-description=\"Visit Side Archaeological Museum | Antalya Tourist Information\" data-pin-url=\"https:\/\/antalyatouristinformation.com\/de\/sehenswurdigkeiten\/museum\/side-archaologisch\/?tve=true&amp;tcbf=b79d6e7f6b\"><\/span><\/p>\n<h2 id=\"t-1619179041033\" data-alt-text=\"Geschichte\">Geschichte des Museums<\/h2>\n<p>Nach dem Zweiten Weltkrieg begannen umfangreiche Ausgrabungen in der antiken Stadt Side. Arif M\u00fcfid Mansel, ein Pionier der t\u00fcrkischen Arch\u00e4ologie, leitete die Arbeiten. Er war einer der erfolgreichsten Studenten, die mit einem Auslandsstipendium ausgezeichnet wurden.<\/p>\n<p>Die Ruinen des Badehauses in der N\u00e4he der Agora waren sehr gut erhalten. So entschloss man sich, hier auch die anderen Artefakte auszustellen, die rund um Side gefunden wurden. Das Museum, das ihr heute seht, wurde im Jahr 1962 er\u00f6ffnet.<\/p>\n<p>Hier k\u00f6nnt ihr mehr \u00fcber die <a href=\"https:\/\/antalyatouristinformation.com\/de\/sehenswurdigkeiten\/museum\/\">Museen in Antalya<\/a> lesen.<\/p>\n<h2 id=\"t-1619179041034\">Kontakt<\/h2>\n<ul>\n<li><span><strong>Adresse:&nbsp;<\/strong>Side, Manavgat, Antalya<\/span><\/li>\n<li><span><strong>\u00d6ffnungszeiten:&nbsp;<\/strong>Sommer: 08:30 &#8211; 18:45 Winter: 10:00 &#8211; 16:00<\/span><\/li>\n<li><span><strong>\u00d6ffentlicher Verkehr:&nbsp;<\/strong>Side Bus Station<\/span><\/li>\n<li><span><strong>Webseite:&nbsp;<\/strong><a href=\"https:\/\/muze.gov.tr\/muze-detay?SectionId=SDM01&amp;DistId=SDO\" target=\"_blank\" rel=\"noopener\">SideMuseum<\/a><\/span><\/li>\n<\/ul>\n","protected":false},"excerpt":{"rendered":"<p>Das ist der komplette Guide zum Arch\u00e4ologischen Museum in Side. Side ist zwar in erster Linie f\u00fcr seine Str\u00e4nde bekannt, doch in der Altstadt findet ihr mehr als 3.000 Jahre alte Ruinen, unter anderen den Apollon Tempel, dessen 6 wei\u00dfe S\u00e4ulen das Wahrzeichen der Stadt sind. Das Arch\u00e4ologische Museum von Side ist in einem alten [&hellip;]<\/p>\n","protected":false},"author":5,"featured_media":1986,"parent":115,"menu_order":0,"comment_status":"open","ping_status":"closed","template":"","meta":{"_acf_changed":false,"footnotes":""},"categories":[],"tags":[62,38],"class_list":["post-235","page","type-page","status-publish","has-post-thumbnail","hentry","tag-archaeology","tag-museum","post-wrapper","thrv_wrapper"],"acf":[],"wp-worthy-pixel":{"ignored":false,"public":"cbdc0c0e68834d81b05a9a67b4d3c59c","server":"vg01.met.vgwort.de","url":"https:\/\/vg01.met.vgwort.de\/na\/cbdc0c0e68834d81b05a9a67b4d3c59c"},"wp-worthy-type":"normal","_links":{"self":[{"href":"https:\/\/antalyatouristinformation.com\/de\/wp-json\/wp\/v2\/pages\/235","targetHints":{"allow":["GET"]}}],"collection":[{"href":"https:\/\/antalyatouristinformation.com\/de\/wp-json\/wp\/v2\/pages"}],"about":[{"href":"https:\/\/antalyatouristinformation.com\/de\/wp-json\/wp\/v2\/types\/page"}],"author":[{"embeddable":true,"href":"https:\/\/antalyatouristinformation.com\/de\/wp-json\/wp\/v2\/users\/5"}],"replies":[{"embeddable":true,"href":"https:\/\/antalyatouristinformation.com\/de\/wp-json\/wp\/v2\/comments?post=235"}],"version-history":[{"count":10,"href":"https:\/\/antalyatouristinformation.com\/de\/wp-json\/wp\/v2\/pages\/235\/revisions"}],"predecessor-version":[{"id":14726,"href":"https:\/\/antalyatouristinformation.com\/de\/wp-json\/wp\/v2\/pages\/235\/revisions\/14726"}],"up":[{"embeddable":true,"href":"https:\/\/antalyatouristinformation.com\/de\/wp-json\/wp\/v2\/pages\/115"}],"wp:featuredmedia":[{"embeddable":true,"href":"https:\/\/antalyatouristinformation.com\/de\/wp-json\/wp\/v2\/media\/1986"}],"wp:attachment":[{"href":"https:\/\/antalyatouristinformation.com\/de\/wp-json\/wp\/v2\/media?parent=235"}],"wp:term":[{"taxonomy":"category","embeddable":true,"href":"https:\/\/antalyatouristinformation.com\/de\/wp-json\/wp\/v2\/categories?post=235"},{"taxonomy":"post_tag","embeddable":true,"href":"https:\/\/antalyatouristinformation.com\/de\/wp-json\/wp\/v2\/tags?post=235"}],"curies":[{"name":"wp","href":"https:\/\/api.w.org\/{rel}","templated":true}]}}