{"id":245,"date":"2021-02-15T12:59:13","date_gmt":"2021-02-15T11:59:13","guid":{"rendered":"http:\/\/antalyatouristinformation.com\/clone4639485xzhehsskdjfhhdhebdkkekdeewsd4545gdfgm\/?page_id=245"},"modified":"2024-01-18T17:25:11","modified_gmt":"2024-01-18T16:25:11","slug":"olympos","status":"publish","type":"page","link":"https:\/\/antalyatouristinformation.com\/de\/sehenswurdigkeiten\/geschichte\/olympos\/","title":{"rendered":"Olympos bei Antalya: Geschichte und Tipps"},"content":{"rendered":"<p>Das ist der komplette Guide zur antiken Stadt Olympos.<\/p>\n<p>Mit zahlreichen \u00dcberresten einer typischen antiken r\u00f6mischen Siedlung ist Olympos eine der sehenswerten antiken St\u00e4dte rund um Antalya. Olympos liegt in einem Tal an der S\u00fcdk\u00fcste, 90 km s\u00fcdwestlich von Antalya in der N\u00e4he des Dorfes \u00c7\u0131ral\u0131.<\/p>\n<p>Hier lest ihr alle wichtigen Informationen, die ihr vor dem Besuch der antiken St\u00e4tte wissen solltet.<\/p>\n<p>Dazu geh\u00f6ren Sehensw\u00fcrdigkeiten, Tipps und h\u00e4ufige Fragen, Eintritt und Anfahrt sowie die Geschichte von Olympos.<\/p>\n<p>Los geht\u2019s!<\/p>\n<p><span><img decoding=\"async\" alt=\"Olympos Ruins in Antalya in Turkey\" data-id=\"632\" width=\"702\" data-init-width=\"1000\" height=\"470\" data-init-height=\"670\" title=\"Olympos Ruins in Antalya in Turkey\" loading=\"lazy\" src=\"https:\/\/antalyatouristinformation.com\/de\/wp-content\/uploads\/sites\/10\/2021\/02\/olympos-ruins-in-antalya-in-turkey.jpg\" data-width=\"702\" data-height=\"470\" data-pinpro-key=\"tzuxkxcou\" data-pin-media=\"https:\/\/antalyatouristinformation.com\/de\/wp-content\/uploads\/sites\/10\/2021\/06\/Antalya-Pinterest-4-4.jpg\" data-pin-description=\"Olympos Ancient City in Antalya | Antalya Tourist Information\" data-pin-url=\"https:\/\/antalyatouristinformation.com\/de\/sehenswurdigkeiten\/geschichte\/olympos\/?tve=true&amp;tcbf=d3233f18a0\"><\/span><\/p>\n<h2 id=\"t-1619533260332\" data-alt-text=\"Was kann ich dort machen?\">Was kann ich in Olympos machen?<\/h2>\n<p>In Olympos k\u00f6nnt ihr die arch\u00e4ologischen St\u00e4tten besuchen. Dazu geh\u00f6ren das Tempeltor, das Olympos-Theater, die Nekropolis-Kirche und der Akropolis-H\u00fcgel.<\/p>\n<p>Falls ihr Lust habt, k\u00f6nnt ihr auch ein paar N\u00e4chte in Olympos \u00fcbernachten. Es gibt hier Unterk\u00fcnfte im Bungalow-Stil. Holzh\u00e4user stehen zwischen Pinienw\u00e4ldern und Orangenb\u00e4umen. Olympos ist vor allem bei jungen Leuten sehr beliebt und bietet sich f\u00fcr einen Kurzurlaub an.<\/p>\n<p>Die Stra\u00dfe, die durch diese Anlagen verl\u00e4uft, f\u00fchrt zum Tor der antiken Stadt.<\/p>\n<p><span><img decoding=\"async\" alt=\"Tomb at Olympos Ruins  in Antalya in Turkey\" data-id=\"641\" width=\"702\" data-init-width=\"1000\" height=\"470\" data-init-height=\"670\" title=\"Tomb at Olympos Ruins  in Antalya in Turkey\" loading=\"lazy\" src=\"https:\/\/antalyatouristinformation.com\/de\/wp-content\/uploads\/sites\/10\/2021\/02\/olympos-ruins-tomb-in-antalya-in-turkey.jpg\" data-width=\"702\" data-height=\"470\" data-pinpro-key=\"ynz5qqpks\" data-pin-media=\"https:\/\/antalyatouristinformation.com\/de\/wp-content\/uploads\/sites\/10\/2021\/06\/Antalya-Pinterest-4-4.jpg\" data-pin-description=\"Olympos Ancient City in Antalya | Antalya Tourist Information\" data-pin-url=\"https:\/\/antalyatouristinformation.com\/de\/sehenswurdigkeiten\/geschichte\/olympos\/?tve=true&amp;tcbf=d3233f18a0\"><\/span><\/p>\n<h2 id=\"t-1625328753070\" data-alt-text=\"Antike Stadt\">Die antike Stadt von Olympos<\/h2>\n<p>Olympos war einst eine der bedeutendsten Hafenst\u00e4dte. Gleich beim Eingang rechts seht ihr den Sarkophag des Hauptmanns Eudomos. Beachtet die Inschrift, die Eudomos gewidmet ist.<\/p>\n<p>Die antike Stadt wurde auf beiden Seiten des Flusses Ak\u00e7ay erbaut. Vermutlich wurde Olympos im 3. Jahrhundert vor unserer Zeitrechnung gegr\u00fcndet. Die Ruinen liegen bei der M\u00fcndung des Flusses in der N\u00e4he des Strandes.<\/p>\n<p>Ihr m\u00fcsst durch das Wasser gehen, um Bauwerke wie das Theater, das Badehaus und die Basilika zu sehen. Die Ruinen am Nordufer des Flusses sind von dichter Vegetation umgeben und schwieriger zu erreichen.<\/p>\n<p>In der N\u00e4he eines Teiches steht das Propyl\u00e4um eines Tempels mit einer Widmung zu Ehren von Marcus Aurelius.<\/p>\n<h2 id=\"t-1625328753071\" data-alt-text=\"Aktivit\u00e4ten \">Aktivit\u00e4ten in Olympos<\/h2>\n<p>In Olympos und Umgebung gibt es M\u00f6glichkeiten zum Wandern, Canyoning und Klettern. Es werden auch verschiedene Wassersportarten angeboten.<\/p>\n<p>Das Gebiet liegt auf dem <a href=\"https:\/\/antalyatouristinformation.com\/de\/sehenswurdigkeiten\/attraktionen\/lykischer-weg\/\">Lykischen Weg<\/a> und bietet sehr sch\u00f6ne Trekkingrouten.<\/p>\n<p>Im Sommer kommt die Caretta Caretta Schildkr\u00f6te an den Strand von Olympos um ihre Eier abzulegen.<\/p>\n<h2 id=\"t-1625328753072\" data-alt-text=\"Strand \">Der Strand von Olympos<\/h2>\n<p>Der Kieselstrand liegt mitten in einem Naturschutzgebiet. Genie\u00dft die einzigartige Atmosph\u00e4re mit den Ruinen und der \u00fcppigen Vegetation.<\/p>\n<p>Naturliebhaber f\u00fchlen sich hier besonders wohl. Das Baden in dem kristallklaren Meerwasser und die friedliche Abgeschiedenheit machen den Tag zu einem au\u00dfergew\u00f6hnlichen Erlebnis.<\/p>\n<p><strong>Mehr dazu: In unserem Guide \u00fcber den <\/strong><a href=\"https:\/\/antalyatouristinformation.com\/de\/sehenswurdigkeiten\/strand\/olympos\/\"><strong>Strand von Olympos<\/strong><\/a><strong> findet ihr mehr Informationen.<\/strong><\/p>\n<h3>Olympos Teleferik (Seilbahn)<\/h3>\n<p>Wusstet ihr, dass die beliebteste Attraktion in der Umgebung die Seilbahn ist, die den Berg Olympos hinauff\u00e4hrt?<\/p>\n<p>Eine Fahrt mit der Seilbahn ist ein spektakul\u00e4res Erlebnis in luftiger H\u00f6he. Falls ihr es versucht, erwarten euch auf dem 2.364 Meter hohen Berg Olympos sensationelle Panoramablicke sowie aufregende Aktivit\u00e4ten.<\/p>\n<p><strong>Mehr dazu: In unserem Guide \u00fcber die&nbsp;<\/strong><a href=\"https:\/\/antalyatouristinformation.com\/de\/sehenswurdigkeiten\/attraktionen\/olympos-seilbahn\/\"><strong>Seilbahn von Olympos <\/strong><\/a><strong>bei Kemer findet ihr ausf\u00fchrliche Informationen.<\/strong><\/p>\n<h3>Yanarta\u015f<\/h3>\n<p>Etwa 8 km von Olympos entfernt liegt der erloschene Vulkan Chimaera. Hier str\u00f6men Gase aus den Felsspalten und entz\u00fcnden sich bei Luftkontakt. Dadurch entsteht eine immerfort brennende Flamme. In der Mythologie war Chimaera ein Tier mit dem Kopf eines L\u00f6wen, dem K\u00f6rper einer Ziege und dem Schwanz einer Schlange.<\/p>\n<p>Auf T\u00fcrkisch hei\u00dft der Ort Yanarta\u015f, was so viel wie brennender Fels bedeutet.<\/p>\n<p><strong>Mehr dazu: In unserem Guide \u00fcber <\/strong><a href=\"https:\/\/antalyatouristinformation.com\/de\/sehenswurdigkeiten\/geschichte\/yanartas-chimaera\/\"><strong>Yanarta\u015f (Chimaera)<\/strong><\/a><strong> in Olympos findet ihr ausf\u00fchrliche Informationen dazu.<\/strong><\/p>\n<p><span><img decoding=\"async\" alt=\"Olympos Bridge in Antalya in Turkey\" data-id=\"636\" width=\"702\" data-init-width=\"1000\" height=\"470\" data-init-height=\"670\" title=\"Olympos Bridge in Antalya in Turkey\" loading=\"lazy\" src=\"https:\/\/antalyatouristinformation.com\/de\/wp-content\/uploads\/sites\/10\/2021\/02\/olimpos-bridge-in-antalya-in-turkey.jpg\" data-width=\"702\" data-height=\"470\" data-pinpro-key=\"cz4tx85kp\" data-pin-media=\"https:\/\/antalyatouristinformation.com\/de\/wp-content\/uploads\/sites\/10\/2021\/06\/Antalya-Pinterest-4-4.jpg\" data-pin-description=\"Olympos Ancient City in Antalya | Antalya Tourist Information\" data-pin-url=\"https:\/\/antalyatouristinformation.com\/de\/sehenswurdigkeiten\/geschichte\/olympos\/?tve=true&amp;tcbf=d3233f18a0\"><\/span><\/p>\n<h2 id=\"t-1619533260333\">Eintritt, Tickets und Touren<\/h2>\n<ul>\n<li><span><strong>Eintritt:<\/strong> Olympos ist t\u00e4glich ge\u00f6ffnet, in den Sommermonaten April bis September von 08:00 bis 21:00 Uhr und in den Wintermonaten von Oktober bis Ende M\u00e4rz zwischen 8:30 und 17:30 Uhr.<\/span><\/li>\n<li><span><strong>Tickets:<\/strong> Der Eintritt in die St\u00e4tte ist kostenpflichtig. Mit dem Museumspass Akdeniz ist der Eintritt kostenlos.<\/span><\/li>\n<\/ul>\n<ul>\n<li><span><strong>Tipp:<\/strong> Falls ihr Tickets f\u00fcr Vergn\u00fcgungsparks, Museen und Touren f\u00fcr eure Antalya-Reise vorab buchen m\u00f6chtet, solltet ihr unbedingt einen Blick auf die Angebote in unserem offiziellen Shop werfen.<\/span><\/li>\n<\/ul>\n<p><span><img decoding=\"async\" alt=\"Olympos Ancient Water Channel in Antalya in Turkey\" data-id=\"640\" width=\"702\" data-init-width=\"1000\" height=\"470\" data-init-height=\"670\" title=\"Olympos Ancient Water Channel in Antalya in Turkey\" loading=\"lazy\" src=\"https:\/\/antalyatouristinformation.com\/de\/wp-content\/uploads\/sites\/10\/2021\/02\/olimpos-ancient-water-channel-in-antalya-in-turkey.jpg\" data-width=\"702\" data-height=\"470\" data-pinpro-key=\"wnnic5qm3\" data-pin-media=\"https:\/\/antalyatouristinformation.com\/de\/wp-content\/uploads\/sites\/10\/2021\/06\/Antalya-Pinterest-4-4.jpg\" data-pin-description=\"Olympos Ancient City in Antalya | Antalya Tourist Information\" data-pin-url=\"https:\/\/antalyatouristinformation.com\/de\/sehenswurdigkeiten\/geschichte\/olympos\/?tve=true&amp;tcbf=d3233f18a0\"><\/span><\/p>\n<h2 id=\"t-1625328753073\" data-alt-text=\"Anfahrt\">Wie komme ich nach Olympos?<\/h2>\n<p>Olympos liegt 28 km vom Stadtzentrum von Antalya entfernt. Die antiken Ruinen findet ihr in dem Olympos-Bey Mountains National Park.<\/p>\n<p>Der Haupteingang liegt an der Adrasan Stra\u00dfe. Ihr k\u00f6nnt mit dem Auto direkt bis zum Eingang fahren. Falls ihr ein Auto in Antalya mieten m\u00f6chtet, werft doch einen Blick in unseren Guide, dort findet ihr wichtige Tipps zum <a href=\"https:\/\/antalyatouristinformation.com\/de\/plan\/mietwagen\/\">Automieten.<\/a><\/p>\n<p><b>Auto:<\/b> Bei der Anreise mit dem Auto biegt ihr auf der Autobahn Kemer-Kumluca bei der Ausfahrt \u00c7avu\u015fk\u00f6y circa 50 Meter nach der Ausfahrt \u00c7\u0131ral\u0131 links ab. Nach etwa 11 Kilometern seht ihr die Schilder f\u00fcr Olympos.<\/p>\n<p><b>Bus:<\/b> Vom Busbahnhof in Antalya fahren Minibusse und Busse in Richtung &#8222;Kumluca-Fethiye&#8220; ab. Sagt dem Fahrer Bescheid, dass ihr in Olympos aussteigen wollt.<\/p>\n<p><span><img decoding=\"async\" alt=\"The History of Olympos in Antalya in Turkey\" data-id=\"9525\" width=\"702\" data-init-width=\"1000\" height=\"468\" data-init-height=\"667\" title=\"The History of Olympos in Antalya in Turkey\" loading=\"lazy\" src=\"https:\/\/antalyatouristinformation.com\/de\/wp-content\/uploads\/sites\/10\/2021\/05\/The-History-of-Olympos-in-Antalya-in-Turkey.jpg\" data-width=\"702\" data-height=\"468\" data-pinpro-key=\"21iwf3wh9\" data-pin-media=\"https:\/\/antalyatouristinformation.com\/de\/wp-content\/uploads\/sites\/10\/2021\/06\/Antalya-Pinterest-4-4.jpg\" data-pin-description=\"Olympos Ancient City in Antalya | Antalya Tourist Information\" data-pin-url=\"https:\/\/antalyatouristinformation.com\/de\/sehenswurdigkeiten\/geschichte\/olympos\/?tve=true&amp;tcbf=d3233f18a0\"><\/span><\/p>\n<h2 id=\"t-1619533260335\" data-alt-text=\"FAQ\">FAQ&nbsp;<\/h2>\n<p><span><img decoding=\"async\" alt=\"Olympos Ancient Site in Antalya in Turkey\" data-id=\"633\" width=\"702\" data-init-width=\"1000\" height=\"470\" data-init-height=\"670\" title=\"Olympos Ancient Site in Antalya in Turkey\" loading=\"lazy\" src=\"https:\/\/antalyatouristinformation.com\/de\/wp-content\/uploads\/sites\/10\/2021\/02\/shutterstock_1613530072.jpg\" data-width=\"702\" data-height=\"470\" data-pinpro-key=\"mls1dmboj\" data-pin-media=\"https:\/\/antalyatouristinformation.com\/de\/wp-content\/uploads\/sites\/10\/2021\/06\/Antalya-Pinterest-4-4.jpg\" data-pin-description=\"Olympos Ancient City in Antalya | Antalya Tourist Information\" data-pin-url=\"https:\/\/antalyatouristinformation.com\/de\/sehenswurdigkeiten\/geschichte\/olympos\/?tve=true&amp;tcbf=d3233f18a0\"><\/span><\/p>\n<h2 id=\"t-1619533260336\" data-alt-text=\"Geschichte\">Die Geschichte von Olympos<\/h2>\n<p>Laut dem antiken Historiker Strabon war Olympos eine der gr\u00f6\u00dften Siedlungen in der lykischen Region. Ein anderer antiker Historiker, Cicero, beschrieb Olympos als eine Stadt voller Reichtum und Kunst.<\/p>\n<p>Man vermutet, dass einige Ruinen aus der hellenistischen Zeit ab 300 vor unserer Zeitrechnung stammen. In der antiken Stadt k\u00f6nnt ihr noch Mauerreste aus dieser Epoche sehen. Lange Zeit herrschten Piraten \u00fcber Olympos. Der r\u00f6mische Kommandant Isauricus befreite die Stadt schlie\u00dflich.<\/p>\n<p>Olympos hatte einen wichtigen Platz im Lykischen Bund und war eine der sechs St\u00e4dte mit drei Stimmrechten.<\/p>\n<p>Im Mittelalter bauten die Seerepubliken Venedig, Genua und Rhodos zwei Festungen an der K\u00fcste, aber im 15. Jahrhundert war die Stadt unbewohnt.<\/p>\n<p>Heute ist Olympos bei Touristen sehr beliebt. Hier k\u00f6nnt ihr nicht nur alte Ruinen bestaunen, sondern neben einer \u00fcppigen Vegetation auch ein einmaliges Panorama genie\u00dfen.In unserem Guide \u00fcber <a href=\"https:\/\/antalyatouristinformation.com\/de\/sehenswurdigkeiten\/geschichte\/\">antike Ruinen in Antalya<\/a> findet ihr ausf\u00fchrlichere Informationen.<\/p>\n<h2 id=\"t-1619533260337\">Kontakt<\/h2>\n<ul>\n<li><span><strong>Adresse:&nbsp;<\/strong>Yaz\u0131r Mahallesi, Olympos mevkii- Kemer\/Antalya<\/span><\/li>\n<li><span><strong>\u00d6ffnungszeiten:&nbsp;<\/strong><a href=\"https:\/\/muze.gov.tr\/muze-detay?SectionId=OLY01&amp;DistId=OLY\" target=\"_blank\" rel=\"noopener\">Muze.gov.tr<\/a><\/span><\/li>\n<li><span><strong>\u00d6ffentlicher Verkehr:<\/strong> Vom Busbahnhof in Antalya fahren Minibusse und Busse in Richtung &#8222;Kumluca-Fethiye&#8220; ab. Sagt dem Fahrer Bescheid, dass ihr in Olympos aussteigen wollt.<\/span><\/li>\n<\/ul>\n","protected":false},"excerpt":{"rendered":"<p>Das ist der komplette Guide zur antiken Stadt Olympos. Mit zahlreichen \u00dcberresten einer typischen antiken r\u00f6mischen Siedlung ist Olympos eine der sehenswerten antiken St\u00e4dte rund um Antalya. Olympos liegt in einem Tal an der S\u00fcdk\u00fcste, 90 km s\u00fcdwestlich von Antalya in der N\u00e4he des Dorfes \u00c7\u0131ral\u0131. Hier lest ihr alle wichtigen Informationen, die ihr vor [&hellip;]<\/p>\n","protected":false},"author":5,"featured_media":9534,"parent":119,"menu_order":0,"comment_status":"open","ping_status":"closed","template":"","meta":{"_acf_changed":false,"footnotes":""},"categories":[],"tags":[43,42],"class_list":["post-245","page","type-page","status-publish","has-post-thumbnail","hentry","tag-antiquity","tag-history","post-wrapper","thrv_wrapper"],"acf":[],"wp-worthy-pixel":{"ignored":false,"public":"fe9c23f159b742cfa6daa1a7dab82cde","server":"vg01.met.vgwort.de","url":"https:\/\/vg01.met.vgwort.de\/na\/fe9c23f159b742cfa6daa1a7dab82cde"},"wp-worthy-type":"normal","_links":{"self":[{"href":"https:\/\/antalyatouristinformation.com\/de\/wp-json\/wp\/v2\/pages\/245","targetHints":{"allow":["GET"]}}],"collection":[{"href":"https:\/\/antalyatouristinformation.com\/de\/wp-json\/wp\/v2\/pages"}],"about":[{"href":"https:\/\/antalyatouristinformation.com\/de\/wp-json\/wp\/v2\/types\/page"}],"author":[{"embeddable":true,"href":"https:\/\/antalyatouristinformation.com\/de\/wp-json\/wp\/v2\/users\/5"}],"replies":[{"embeddable":true,"href":"https:\/\/antalyatouristinformation.com\/de\/wp-json\/wp\/v2\/comments?post=245"}],"version-history":[{"count":10,"href":"https:\/\/antalyatouristinformation.com\/de\/wp-json\/wp\/v2\/pages\/245\/revisions"}],"predecessor-version":[{"id":14925,"href":"https:\/\/antalyatouristinformation.com\/de\/wp-json\/wp\/v2\/pages\/245\/revisions\/14925"}],"up":[{"embeddable":true,"href":"https:\/\/antalyatouristinformation.com\/de\/wp-json\/wp\/v2\/pages\/119"}],"wp:featuredmedia":[{"embeddable":true,"href":"https:\/\/antalyatouristinformation.com\/de\/wp-json\/wp\/v2\/media\/9534"}],"wp:attachment":[{"href":"https:\/\/antalyatouristinformation.com\/de\/wp-json\/wp\/v2\/media?parent=245"}],"wp:term":[{"taxonomy":"category","embeddable":true,"href":"https:\/\/antalyatouristinformation.com\/de\/wp-json\/wp\/v2\/categories?post=245"},{"taxonomy":"post_tag","embeddable":true,"href":"https:\/\/antalyatouristinformation.com\/de\/wp-json\/wp\/v2\/tags?post=245"}],"curies":[{"name":"wp","href":"https:\/\/api.w.org\/{rel}","templated":true}]}}