{"id":2563,"date":"2021-04-12T16:17:59","date_gmt":"2021-04-12T14:17:59","guid":{"rendered":"https:\/\/antalyatouristinformation.com\/clone4639485xzhehsskdjfhhdhebdkkekdeewsd4545gdfgm\/?page_id=2563"},"modified":"2023-05-03T08:32:04","modified_gmt":"2023-05-03T06:32:04","slug":"executive-transfer","status":"publish","type":"page","link":"https:\/\/antalyatouristinformation.com\/de\/mice\/executive-transfer\/","title":{"rendered":"Executive Transfer von den Flugh\u00e4fen Antalya [AYT] &amp; Alanya-Gazipasa [GZP]"},"content":{"rendered":"<h1>Executive Transfer von den Flugh\u00e4fen Antalya [AYT] &amp; Alanya-Gazipasa [GZP]<\/h1>\n<p>Professioneller 24\/7 Limousinen-Service mit festen Raten von den Flugh\u00e4fen Antalya und Alanya-Gazipasa.<\/p>\n<h2>Bei uns seid ihr in guten H\u00e4nden<\/h2>\n<p>Ein Unternehmen zeichnet sich dadurch aus, wie es seine Mitarbeiter behandelt.<\/p>\n<p>Wir von AntalyaTouristInformation k\u00fcmmern uns gerne um den Transfer unserer Kunden von dem <a href=\"https:\/\/antalyatouristinformation.com\/de\/plan\/antalya-flughafen\/\">Flughafen Antalya [AYT]<\/a>, dem <a href=\"https:\/\/antalyatouristinformation.com\/de\/plan\/alanya-gazipasa-flughafen\/\">Flughafen Alanya-Gazipasa [GZP]<\/a>, den Busbahnh\u00f6fen, Business-Service, Langstrecken oder einem individuell ausgew\u00e4hlten Ort.<\/p>\n<p>Mit unserem 24 Stunden Limousinen-Service in Antalya bieten wir unseren Kunden professionellen Service und einen reibungslosen Ablauf ihres Transfers.<\/p>\n<p>Als Full-Service-Agentur kann AntalyaTouristInformation alle Anforderungen an Gesch\u00e4ftsreisen erf\u00fcllen, vom Executive Transfer bis zum Rahmenprogramm mit Incentives und Hotels.<\/p>\n<h3>Pers\u00f6nlicher Service, anspruchsvolle Limousinen<\/h3>\n<p>Unsere professionellen Fahrer achten auf ein gepflegtes Erscheinungsbild im eleganten Anzug. Sie warten vor dem Ausgang des Flughafens mit einem Namensschild in der Hand.<\/p>\n<p>Euer pers\u00f6nlicher Fahrer wird dann das Gep\u00e4ck zu unseren komfortablen Limousinen tragen, die mit Wi-Fi ausgestattet sind.<\/p>\n<ul>\n<li><span><strong><span><strong><span>Feste Raten&nbsp;<\/span><\/strong><\/span><\/strong><\/span><\/li>\n<li><span><strong>24\/7 Kundensupport<\/strong><\/span><\/li>\n<li><span><strong><span>Zuverl\u00e4ssiger Transfer<\/span><\/strong><\/span><\/li>\n<\/ul>\n<h2>FAQ (H\u00e4ufige Fragen):<\/h2>\n<h2 style=\"text-align: center\">Unsere Bestseller<\/h2>\n<p><a href=\"#\"><span><span>Instance 1<\/span><\/span><\/a><\/p>\n<h5>Business Van<\/h5>\n<p>&nbsp;<span><img decoding=\"async\" alt=\"5ER BMW\" data-id=\"2630\" width=\"284\" data-init-width=\"300\" height=\"189\" data-init-height=\"200\" title=\"5ER BMW\" src=\"http:\/\/antalyatouristinformation.com\/de\/wp-content\/uploads\/sites\/10\/2021\/04\/5ER-BMW-1-300x200-1.jpg\" data-width=\"284\" data-height=\"189\" loading=\"lazy\" data-pin-media=\"http:\/\/antalyatouristinformation.com\/de\/wp-content\/uploads\/sites\/10\/2021\/04\/11.jpg\" data-pin-description=\"Executive Transfer in Athen: Limousine, Bus und Security\" data-pin-url=\"https:\/\/www.athenstouristinformation.gr\/gruppenreise\/executive-transfer\/?tve=true&amp;tcbf=c8c565cc02\"><\/span><\/p>\n<p><em>Business Group<\/em><\/p>\n<p>ab<\/p>\n<p>&nbsp;<\/p>\n<p>\u20ac 79.00<\/p>\n<ul>\n<li><span>24 Stunden pro Tag<\/span><\/li>\n<li><span>max. 8 Fahrg\u00e4ste<\/span><\/li>\n<li><span><span>max. 10 Koffer<\/span><\/span><\/li>\n<li><span><span>get\u00f6nte Scheiben<\/span><\/span><\/li>\n<li><span>Extra langer Radstand<\/span><\/li>\n<\/ul>\n<h5>E-KLASSE MERCEDES&nbsp;<\/h5>\n<p><span><img decoding=\"async\" alt=\"E-KLASSE MERCEDES\" data-id=\"2624\" width=\"284\" data-init-width=\"300\" height=\"189\" data-init-height=\"200\" title=\"E-KLASSE MERCEDES\" src=\"http:\/\/antalyatouristinformation.com\/de\/wp-content\/uploads\/sites\/10\/2021\/04\/E-KLASSE-MERCEDES-300x200-1.jpg\" data-width=\"284\" data-height=\"189\" loading=\"lazy\" data-pin-media=\"http:\/\/antalyatouristinformation.com\/de\/wp-content\/uploads\/sites\/10\/2021\/04\/11.jpg\" data-pin-description=\"Executive Transfer in Athen: Limousine, Bus und Security\" data-pin-url=\"https:\/\/www.athenstouristinformation.gr\/gruppenreise\/executive-transfer\/?tve=true&amp;tcbf=c8c565cc02\"><\/span><\/p>\n<p><em>Business Class<\/em><\/p>\n<p>ab<\/p>\n<p>&nbsp;<\/p>\n<p>\u20ac 79.00<\/p>\n<ul>\n<li><span>24 Stunden pro Tag<\/span><\/li>\n<li><span>max. 4 Fahrg\u00e4ste<\/span><\/li>\n<li><span><span>max. 3 Koffer<\/span><\/span><\/li>\n<li><span>get\u00f6nte Scheiben<\/span><\/li>\n<li><span>4-matic, langer Radstand<\/span><\/li>\n<li><span>Climatronic<\/span><\/li>\n<\/ul>\n<h5>7er BMW<\/h5>\n<p>&nbsp;<span><img decoding=\"async\" alt=\"7ER BMW\" data-id=\"2627\" width=\"284\" data-init-width=\"300\" height=\"189\" data-init-height=\"200\" title=\"7ER BMW\" src=\"http:\/\/antalyatouristinformation.com\/de\/wp-content\/uploads\/sites\/10\/2021\/04\/7ER-BMW-300x200-1.jpg\" data-width=\"284\" data-height=\"189\" loading=\"lazy\" data-pin-media=\"http:\/\/antalyatouristinformation.com\/de\/wp-content\/uploads\/sites\/10\/2021\/04\/11.jpg\" data-pin-description=\"Executive Transfer in Athen: Limousine, Bus und Security\" data-pin-url=\"https:\/\/www.athenstouristinformation.gr\/gruppenreise\/executive-transfer\/?tve=true&amp;tcbf=c8c565cc02\"><\/span><\/p>\n<p><em>First Class<\/em><\/p>\n<p>ab<\/p>\n<p>\u20ac 99.00<\/p>\n<ul>\n<li><span>24 Stunden pro Tag<\/span><\/li>\n<li><span>max. 4 Fahrg\u00e4ste<\/span><\/li>\n<li><span><span>max. 3 Koffer<\/span><\/span><\/li>\n<li><span>get\u00f6nte Scheiben<\/span><\/li>\n<li><span>Executive-Driver-Pro<\/span><\/li>\n<\/ul>\n<h2 style=\"text-align: center\">Welche Transferarten sind verf\u00fcgbar?<\/h2>\n<p style=\"text-align: center\">Von Limousinen \u00fcber Busse f\u00fcr Gruppen bis hin zu gepanzerten Fahrzeugen, wir haben das richtige Fahrzeug f\u00fcr jeden Anlass. Au\u00dferdem arbeiten viele unserer Fahrer als Personensch\u00fctzer.<\/p>\n<h3>1. Limousinen Service<\/h3>\n<p>Unser Bestand umfasst exklusive Limousinen, von dem E-Klasse Mercedes \u00fcber den 5er BMW bis hin zu \u00f6kologischen Fahrzeugen mit Elektromotor.<\/p>\n<p>Unsere Fahrzeuge sind nicht \u00e4lter als drei Jahre. Sie sind voll ausgestattet und in einer dunklen Farbe gehalten. Euer Auto kann je nach Wunsch auff\u00e4llig oder zur\u00fcckhaltend gestaltet sein.<\/p>\n<h3>2. Gepanzerte Fahrzeuge&nbsp;<\/h3>\n<p>Von Vorteil ist, dass viele unserer Fahrer in der Provinz Antalya auch als Personensch\u00fctzer arbeiten.<\/p>\n<p>Wir k\u00f6nnen auf Wunsch Fahrzeuge mit den entsprechenden Sicherheitsstandards und zus\u00e4tzlichem Personenschutz vermitteln.<\/p>\n<h3>3. Exklusive Busse oder Business Vans f\u00fcr Gruppen<\/h3>\n<p>F\u00fcr gr\u00f6\u00dfere Gruppen wird oft ein Gruppentransfer ben\u00f6tigt. Gerne sind wir unseren Kunden bei der Buchung von Kleinbussen oder exklusiven Bussen behilflich. Eine weitere beliebte Option ist die M\u00f6glichkeit, Mitarbeiter oder Kunden mit unserem exklusiven Bustransfer Antalya erkunden zu lassen.<\/p>\n<p>Teilt uns gerne eure Kriterien bei der Auswahl des Busses mit. Das k\u00f6nnen get\u00f6nte Scheiben, Ledersitze oder \u00e4hnliche Vorlieben sein.<\/p>\n<h2>Reibungsloser Ablauf mit VIP-Erlebnis<\/h2>\n<p>Es ist unangenehm und st\u00f6rend, wenn Menschen zu sp\u00e4t zu Meetings oder Veranstaltungen erscheinen. Vor allem Gesch\u00e4ftsleute legen gro\u00dfen Wert auf P\u00fcnktlichkeit.<\/p>\n<p>Damit die Veranstaltung p\u00fcnktlich und ohne Komplikationen beginnen kann, stellen wir unseren Kunden in Antalya unsere professionellen Fahrer zur Verf\u00fcgung.<\/p>\n<p>Die Fahrzeuge werden zu festen Raten pro Stunde oder Tag abgerechnet. F\u00fcr den Transfer von Gruppen bieten wir exklusive Busse.<\/p>\n<p>Als Full-Service-Agentur k\u00fcmmern wir uns bei AntalyaTouristInformation auch gerne um den gesamten Ablauf eurer Gesch\u00e4ftsreise in der Region Antalya.<\/p>\n<p>Mit uns als st\u00e4ndigem Ansprechpartner haben unsere Kunden jemanden vor Ort, mit dem sie ihre Meetings, Gesch\u00e4ftsreisen und Events planen k\u00f6nnen. Faktoren, die normalerweise erhebliche Probleme bereiten k\u00f6nnen, wie die Versp\u00e4tung eines Fluges, lassen sich mit unserer Hilfe professionell bew\u00e4ltigen. Wir sind in solchen F\u00e4llen f\u00fcr unsere Kunden da und k\u00fcmmern uns um alle anfallenden Aufgaben wie die Verschiebung des Caterings.<\/p>\n<p>Unabh\u00e4ngig davon, ob ihr einzelne Elemente wie z.B. einen Executive Transfer separat buchen oder das gesamte Rahmenprogramm mit unserer Hilfe planen m\u00f6chtet, kontaktiert uns einfach. Bei einem kostenlosen Erstgespr\u00e4ch k\u00f6nnen wir gemeinsam auf alle W\u00fcnsche eingehen.<\/p>\n<h3>Full-Service aus einer Hand:<\/h3>\n<ul>\n<li><span><strong>24\/7 Support:&nbsp;<\/strong>Unsere Hotline ist 24 Stunden am Tag erreichbar, zum Beispiel wenn sich ein Flug versp\u00e4tet<\/span><\/li>\n<li><span><strong><strong><b>Aus einer Hand<\/b>:<\/strong> <\/strong>Mit uns haben unsere Kunden in Antalya nur einen Ansprechpartner, der sich um alle weiteren Schritte k\u00fcmmert. Die Tagung verschiebt sich? Der Flug kommt sp\u00e4ter an? Der Transfer wird fr\u00fcher ben\u00f6tigt? Kein Problem. Wir sorgen f\u00fcr die reibungslose Abwicklung vor Ort.<\/span><\/li>\n<li><span><strong><strong><b>Kostenlose Erstberatung<\/b>:<\/strong> <\/strong>Egal ob ein Transfer-Service in Antalya oder ein individuelles Komplettangebot f\u00fcr die Abwicklung von Events ben\u00f6tigt wird, der erste Schritt ist eine kostenlose Erstberatung mit der Pr\u00fcfung eurer Anforderungen.<\/span><\/li>\n<\/ul>\n<p>__CONFIG_group_edit__{&#8222;k7owbba8&#8220;:{&#8222;name&#8220;:&#8220;All Contact Form Label(s)&#8220;,&#8220;singular&#8220;:&#8220;&#8211; Contact Form Label %s&#8220;},&#8220;k7owbez5&#8243;:{&#8222;name&#8220;:&#8220;All Contact Form Input(s)&#8220;,&#8220;singular&#8220;:&#8220;&#8211; Contact Form Input %s&#8220;}}__CONFIG_group_edit____CONFIG_local_colors__{&#8222;colors&#8220;:{&#8222;d792b&#8220;:&#8220;Royal Blue&#8220;,&#8220;81c9d&#8220;:&#8220;Link Water&#8220;,&#8220;d9e87&#8243;:&#8220;Bunker&#8220;,&#8220;12c4f&#8220;:&#8220;Deep Cove&#8220;},&#8220;gradients&#8220;:{}}__CONFIG_local_colors__<\/p>\n<h2 style=\"text-align: center\">Kostenlose Erstberatung<\/h2>\n<p style=\"text-align: center\">Wir w\u00fcrden uns freuen, mit euch \u00fcber eure Erwartungen zu sprechen.&nbsp;<\/p>\n<p style=\"text-align: center\">\n<p style=\"text-align: center\">Ruft uns unter der Nummer <a href=\"tel:1234567890\" target=\"_blank\" rel=\"noopener\">+43 66465602<\/a> an oder schickt eine Mail an <a href=\"mailto:info@antalyatouristinformation.com\/clone4639485xzhehsskdjfhhdhebdkkekdeewsd4545gdfgm\" target=\"_blank\" rel=\"noopener\">info@antalyatouristinformation.com<\/a><\/p>\n<p>__CONFIG_colors_palette__{&#8222;active_palette&#8220;:0,&#8220;config&#8220;:{&#8222;colors&#8220;:{&#8222;493bf&#8220;:{&#8222;name&#8220;:&#8220;Main Accent&#8220;,&#8220;parent&#8220;:-1},&#8220;076c1&#8243;:{&#8222;name&#8220;:&#8220;Main Accent Light&#8220;,&#8220;parent&#8220;:&#8220;493bf&#8220;,&#8220;lock&#8220;:{&#8222;lightness&#8220;:1}}},&#8220;gradients&#8220;:[]},&#8220;palettes&#8220;:[{&#8222;name&#8220;:&#8220;Default&#8220;,&#8220;value&#8220;:{&#8222;colors&#8220;:{&#8222;493bf&#8220;:{&#8222;val&#8220;:&#8220;var(&#8211;tcb-skin-color-0)&#8220;},&#8220;076c1&#8243;:{&#8222;val&#8220;:&#8220;rgba(247, 29, 61, 0.6)&#8220;,&#8220;hsl_parent_dependency&#8220;:{&#8222;h&#8220;:351,&#8220;l&#8220;:0.54,&#8220;s&#8220;:0.93}}},&#8220;gradients&#8220;:[]},&#8220;original&#8220;:{&#8222;colors&#8220;:{&#8222;493bf&#8220;:{&#8222;val&#8220;:&#8220;rgb(47, 138, 229)&#8220;,&#8220;hsl&#8220;:{&#8222;h&#8220;:210,&#8220;s&#8220;:0.77,&#8220;l&#8220;:0.54,&#8220;a&#8220;:1}},&#8220;076c1&#8243;:{&#8222;val&#8220;:&#8220;rgba(47, 138, 229, 0.6)&#8220;,&#8220;hsl_parent_dependency&#8220;:{&#8222;h&#8220;:210,&#8220;s&#8220;:0.77,&#8220;l&#8220;:0.54,&#8220;a&#8220;:0.6}}},&#8220;gradients&#8220;:[]}}]}__CONFIG_colors_palette__    Name      Bevorzugte Kontaktaufnahme   __CONFIG_colors_palette__{&#8222;active_palette&#8220;:0,&#8220;config&#8220;:{&#8222;colors&#8220;:{&#8222;30800&#8220;:{&#8222;name&#8220;:&#8220;Main Accent&#8220;,&#8220;parent&#8220;:-1},&#8220;f2bba&#8220;:{&#8222;name&#8220;:&#8220;Main Light 10&#8243;,&#8220;parent&#8220;:&#8220;30800&#8243;},&#8220;trewq&#8220;:{&#8222;name&#8220;:&#8220;Main Light 30&#8243;,&#8220;parent&#8220;:&#8220;30800&#8243;},&#8220;frty6&#8243;:{&#8222;name&#8220;:&#8220;Main Light 45&#8243;,&#8220;parent&#8220;:&#8220;30800&#8243;},&#8220;flktr&#8220;:{&#8222;name&#8220;:&#8220;Main Light 80&#8243;,&#8220;parent&#8220;:&#8220;30800&#8243;}},&#8220;gradients&#8220;:[]},&#8220;palettes&#8220;:[{&#8222;name&#8220;:&#8220;Default&#8220;,&#8220;value&#8220;:{&#8222;colors&#8220;:{&#8222;30800&#8220;:{&#8222;val&#8220;:&#8220;rgb(234, 7, 41)&#8220;,&#8220;hsl&#8220;:{&#8222;h&#8220;:351.0132158590308,&#8220;s&#8220;:0.941908713692946,&#8220;l&#8220;:0.4725490196078431,&#8220;a&#8220;:1}},&#8220;f2bba&#8220;:{&#8222;val&#8220;:&#8220;rgba(253, 59, 88, 0.1)&#8220;,&#8220;hsl_parent_dependency&#8220;:{&#8222;h&#8220;:351.03092783505156,&#8220;s&#8220;:0.9797979797979799,&#8220;l&#8220;:0.611764705882353,&#8220;a&#8220;:0.1}},&#8220;trewq&#8220;:{&#8222;val&#8220;:&#8220;rgba(253, 59, 88, 0.3)&#8220;,&#8220;hsl_parent_dependency&#8220;:{&#8222;h&#8220;:351.03092783505156,&#8220;s&#8220;:0.9797979797979799,&#8220;l&#8220;:0.611764705882353,&#8220;a&#8220;:0.3}},&#8220;frty6&#8243;:{&#8222;val&#8220;:&#8220;rgba(253, 59, 88, 0.45)&#8220;,&#8220;hsl_parent_dependency&#8220;:{&#8222;h&#8220;:351.03092783505156,&#8220;s&#8220;:0.9797979797979799,&#8220;l&#8220;:0.611764705882353,&#8220;a&#8220;:0.45}},&#8220;flktr&#8220;:{&#8222;val&#8220;:&#8220;rgba(253, 59, 88, 0.8)&#8220;,&#8220;hsl_parent_dependency&#8220;:{&#8222;h&#8220;:351.03092783505156,&#8220;s&#8220;:0.9797979797979799,&#8220;l&#8220;:0.611764705882353,&#8220;a&#8220;:0.8}}},&#8220;gradients&#8220;:[]},&#8220;original&#8220;:{&#8222;colors&#8220;:{&#8222;30800&#8220;:{&#8222;val&#8220;:&#8220;rgb(59, 136, 253)&#8220;,&#8220;hsl&#8220;:{&#8222;h&#8220;:216,&#8220;s&#8220;:0.98,&#8220;l&#8220;:0.61}},&#8220;f2bba&#8220;:{&#8222;val&#8220;:&#8220;rgba(59, 136, 253, 0.1)&#8220;,&#8220;hsl_parent_dependency&#8220;:{&#8222;h&#8220;:216,&#8220;s&#8220;:0.98,&#8220;l&#8220;:0.61,&#8220;a&#8220;:0.1}},&#8220;trewq&#8220;:{&#8222;val&#8220;:&#8220;rgba(59, 136, 253, 0.3)&#8220;,&#8220;hsl_parent_dependency&#8220;:{&#8222;h&#8220;:216,&#8220;s&#8220;:0.98,&#8220;l&#8220;:0.61,&#8220;a&#8220;:0.3}},&#8220;frty6&#8243;:{&#8222;val&#8220;:&#8220;rgba(59, 136, 253, 0.45)&#8220;,&#8220;hsl_parent_dependency&#8220;:{&#8222;h&#8220;:216,&#8220;s&#8220;:0.98,&#8220;l&#8220;:0.61,&#8220;a&#8220;:0.45}},&#8220;flktr&#8220;:{&#8222;val&#8220;:&#8220;rgba(59, 136, 253, 0.8)&#8220;,&#8220;hsl_parent_dependency&#8220;:{&#8222;h&#8220;:216,&#8220;s&#8220;:0.98,&#8220;l&#8220;:0.61,&#8220;a&#8220;:0.8}}},&#8220;gradients&#8220;:[]}}]}__CONFIG_colors_palette__   <span><\/span> <span>R\u00fcckruf<\/span>  __CONFIG_colors_palette__{&#8222;active_palette&#8220;:0,&#8220;config&#8220;:{&#8222;colors&#8220;:{&#8222;30800&#8220;:{&#8222;name&#8220;:&#8220;Main Accent&#8220;,&#8220;parent&#8220;:-1},&#8220;f2bba&#8220;:{&#8222;name&#8220;:&#8220;Main Light 10&#8243;,&#8220;parent&#8220;:&#8220;30800&#8243;},&#8220;trewq&#8220;:{&#8222;name&#8220;:&#8220;Main Light 30&#8243;,&#8220;parent&#8220;:&#8220;30800&#8243;},&#8220;frty6&#8243;:{&#8222;name&#8220;:&#8220;Main Light 45&#8243;,&#8220;parent&#8220;:&#8220;30800&#8243;},&#8220;flktr&#8220;:{&#8222;name&#8220;:&#8220;Main Light 80&#8243;,&#8220;parent&#8220;:&#8220;30800&#8243;}},&#8220;gradients&#8220;:[]},&#8220;palettes&#8220;:[{&#8222;name&#8220;:&#8220;Default&#8220;,&#8220;value&#8220;:{&#8222;colors&#8220;:{&#8222;30800&#8220;:{&#8222;val&#8220;:&#8220;rgb(234, 7, 41)&#8220;,&#8220;hsl&#8220;:{&#8222;h&#8220;:351.0132158590308,&#8220;s&#8220;:0.941908713692946,&#8220;l&#8220;:0.4725490196078431,&#8220;a&#8220;:1}},&#8220;f2bba&#8220;:{&#8222;val&#8220;:&#8220;rgba(253, 59, 88, 0.1)&#8220;,&#8220;hsl_parent_dependency&#8220;:{&#8222;h&#8220;:351.03092783505156,&#8220;s&#8220;:0.9797979797979799,&#8220;l&#8220;:0.611764705882353,&#8220;a&#8220;:0.1}},&#8220;trewq&#8220;:{&#8222;val&#8220;:&#8220;rgba(253, 59, 88, 0.3)&#8220;,&#8220;hsl_parent_dependency&#8220;:{&#8222;h&#8220;:351.03092783505156,&#8220;s&#8220;:0.9797979797979799,&#8220;l&#8220;:0.611764705882353,&#8220;a&#8220;:0.3}},&#8220;frty6&#8243;:{&#8222;val&#8220;:&#8220;rgba(253, 59, 88, 0.45)&#8220;,&#8220;hsl_parent_dependency&#8220;:{&#8222;h&#8220;:351.03092783505156,&#8220;s&#8220;:0.9797979797979799,&#8220;l&#8220;:0.611764705882353,&#8220;a&#8220;:0.45}},&#8220;flktr&#8220;:{&#8222;val&#8220;:&#8220;rgba(253, 59, 88, 0.8)&#8220;,&#8220;hsl_parent_dependency&#8220;:{&#8222;h&#8220;:351.03092783505156,&#8220;s&#8220;:0.9797979797979799,&#8220;l&#8220;:0.611764705882353,&#8220;a&#8220;:0.8}}},&#8220;gradients&#8220;:[]},&#8220;original&#8220;:{&#8222;colors&#8220;:{&#8222;30800&#8220;:{&#8222;val&#8220;:&#8220;rgb(59, 136, 253)&#8220;,&#8220;hsl&#8220;:{&#8222;h&#8220;:216,&#8220;s&#8220;:0.98,&#8220;l&#8220;:0.61}},&#8220;f2bba&#8220;:{&#8222;val&#8220;:&#8220;rgba(59, 136, 253, 0.1)&#8220;,&#8220;hsl_parent_dependency&#8220;:{&#8222;h&#8220;:216,&#8220;s&#8220;:0.98,&#8220;l&#8220;:0.61,&#8220;a&#8220;:0.1}},&#8220;trewq&#8220;:{&#8222;val&#8220;:&#8220;rgba(59, 136, 253, 0.3)&#8220;,&#8220;hsl_parent_dependency&#8220;:{&#8222;h&#8220;:216,&#8220;s&#8220;:0.98,&#8220;l&#8220;:0.61,&#8220;a&#8220;:0.3}},&#8220;frty6&#8243;:{&#8222;val&#8220;:&#8220;rgba(59, 136, 253, 0.45)&#8220;,&#8220;hsl_parent_dependency&#8220;:{&#8222;h&#8220;:216,&#8220;s&#8220;:0.98,&#8220;l&#8220;:0.61,&#8220;a&#8220;:0.45}},&#8220;flktr&#8220;:{&#8222;val&#8220;:&#8220;rgba(59, 136, 253, 0.8)&#8220;,&#8220;hsl_parent_dependency&#8220;:{&#8222;h&#8220;:216,&#8220;s&#8220;:0.98,&#8220;l&#8220;:0.61,&#8220;a&#8220;:0.8}}},&#8220;gradients&#8220;:[]}}]}__CONFIG_colors_palette__   <span><\/span> <span>E-Mail<\/span>   Nachricht  <span>0 of 3000<\/span> Zeichen __CONFIG_colors_palette__{&#8222;active_palette&#8220;:0,&#8220;config&#8220;:{&#8222;colors&#8220;:{&#8222;34f05&#8220;:{&#8222;name&#8220;:&#8220;Main Accent&#8220;,&#8220;parent&#8220;:-1}},&#8220;gradients&#8220;:[]},&#8220;palettes&#8220;:[{&#8222;name&#8220;:&#8220;Default Palette&#8220;,&#8220;value&#8220;:{&#8222;colors&#8220;:{&#8222;34f05&#8220;:{&#8222;val&#8220;:&#8220;var(&#8211;tcb-local-color-687c7)&#8220;}},&#8220;gradients&#8220;:[]},&#8220;original&#8220;:{&#8222;colors&#8220;:{&#8222;34f05&#8220;:{&#8222;val&#8220;:&#8220;rgb(19, 114, 211)&#8220;,&#8220;hsl&#8220;:{&#8222;h&#8220;:210,&#8220;s&#8220;:0.83,&#8220;l&#8220;:0.45}}},&#8220;gradients&#8220;:[]}}]}__CONFIG_colors_palette__ <a href=\"#\"> <span><span data-tcb_hover_state_parent=\"\">Nachricht abschicken<\/span><\/span> <\/a><\/p>\n","protected":false},"excerpt":{"rendered":"<p>Executive Transfer von den Flugh\u00e4fen Antalya [AYT] &amp; Alanya-Gazipasa [GZP] Professioneller 24\/7 Limousinen-Service mit festen Raten von den Flugh\u00e4fen Antalya und Alanya-Gazipasa. Bei uns seid ihr in guten H\u00e4nden Ein Unternehmen zeichnet sich dadurch aus, wie es seine Mitarbeiter behandelt. Wir von AntalyaTouristInformation k\u00fcmmern uns gerne um den Transfer unserer Kunden von dem Flughafen Antalya [&hellip;]<\/p>\n","protected":false},"author":5,"featured_media":5911,"parent":2579,"menu_order":0,"comment_status":"open","ping_status":"closed","template":"","meta":{"_acf_changed":false,"footnotes":""},"categories":[],"tags":[54],"class_list":["post-2563","page","type-page","status-publish","has-post-thumbnail","hentry","tag-mice","post-wrapper","thrv_wrapper"],"acf":[],"wp-worthy-pixel":{"ignored":false,"public":"fdf25acd2cfd4e56bf7bd567bff6318a","server":"vg01.met.vgwort.de","url":"https:\/\/vg01.met.vgwort.de\/na\/fdf25acd2cfd4e56bf7bd567bff6318a"},"wp-worthy-type":"normal","_links":{"self":[{"href":"https:\/\/antalyatouristinformation.com\/de\/wp-json\/wp\/v2\/pages\/2563","targetHints":{"allow":["GET"]}}],"collection":[{"href":"https:\/\/antalyatouristinformation.com\/de\/wp-json\/wp\/v2\/pages"}],"about":[{"href":"https:\/\/antalyatouristinformation.com\/de\/wp-json\/wp\/v2\/types\/page"}],"author":[{"embeddable":true,"href":"https:\/\/antalyatouristinformation.com\/de\/wp-json\/wp\/v2\/users\/5"}],"replies":[{"embeddable":true,"href":"https:\/\/antalyatouristinformation.com\/de\/wp-json\/wp\/v2\/comments?post=2563"}],"version-history":[{"count":10,"href":"https:\/\/antalyatouristinformation.com\/de\/wp-json\/wp\/v2\/pages\/2563\/revisions"}],"predecessor-version":[{"id":15014,"href":"https:\/\/antalyatouristinformation.com\/de\/wp-json\/wp\/v2\/pages\/2563\/revisions\/15014"}],"up":[{"embeddable":true,"href":"https:\/\/antalyatouristinformation.com\/de\/wp-json\/wp\/v2\/pages\/2579"}],"wp:featuredmedia":[{"embeddable":true,"href":"https:\/\/antalyatouristinformation.com\/de\/wp-json\/wp\/v2\/media\/5911"}],"wp:attachment":[{"href":"https:\/\/antalyatouristinformation.com\/de\/wp-json\/wp\/v2\/media?parent=2563"}],"wp:term":[{"taxonomy":"category","embeddable":true,"href":"https:\/\/antalyatouristinformation.com\/de\/wp-json\/wp\/v2\/categories?post=2563"},{"taxonomy":"post_tag","embeddable":true,"href":"https:\/\/antalyatouristinformation.com\/de\/wp-json\/wp\/v2\/tags?post=2563"}],"curies":[{"name":"wp","href":"https:\/\/api.w.org\/{rel}","templated":true}]}}