{"id":257,"date":"2021-02-15T13:33:36","date_gmt":"2021-02-15T12:33:36","guid":{"rendered":"http:\/\/antalyatouristinformation.com\/clone4639485xzhehsskdjfhhdhebdkkekdeewsd4545gdfgm\/?page_id=257"},"modified":"2021-07-13T14:20:30","modified_gmt":"2021-07-13T12:20:30","slug":"syedra","status":"publish","type":"page","link":"https:\/\/antalyatouristinformation.com\/de\/sehenswurdigkeiten\/geschichte\/syedra\/","title":{"rendered":"Syedra: Guide zur antiken Stadt in Antalya"},"content":{"rendered":"<p>Das ist der komplette Guide zur antiken Stadt Syedra.<\/p>\n<p>Mit zahlreichen \u00dcberresten einer typischen antiken r\u00f6mischen Siedlung ist Syedra eine der sehenswerten antiken St\u00e4dte in Antalya.<\/p>\n<p>Hier lest ihr alle wichtigen Informationen, die ihr vor dem Besuch der antiken St\u00e4tte wissen solltet.<\/p>\n<p>Dazu geh\u00f6ren die Sehensw\u00fcrdigkeiten, Reisetipps, h\u00e4ufige Fragen, Eintritt und Anfahrt sowie die Geschichte von Syedra.<\/p>\n<p>Los geht\u2019s!<\/p>\n<p><span><img decoding=\"async\" alt=\"Syedra Ancient Site in Alanya in Antalya in Turkey\" data-id=\"1519\" width=\"702\" data-init-width=\"1000\" height=\"470\" data-init-height=\"670\" title=\"Syedra Ancient Site in Alanya in Antalya in Turkey\" loading=\"lazy\" src=\"https:\/\/antalyatouristinformation.com\/de\/wp-content\/uploads\/sites\/10\/2021\/03\/syedra-anc-site-in-alanya-in-turkey.jpg\" data-width=\"702\" data-height=\"470\" data-pinpro-key=\"g3vkfmbgr\" data-pin-media=\"https:\/\/antalyatouristinformation.com\/de\/wp-content\/uploads\/sites\/10\/2021\/06\/Antalya-Pinterest-4-7.jpg\" data-pin-description=\"Guide zur antiken Stadt Syedra in Antalya\" data-pin-url=\"https:\/\/antalyatouristinformation.com\/de\/things-to-do\/history\/syedra\/?tve=true&amp;tcbf=50765cc306\"><\/span><\/p>\n<h2 id=\"t-1624887222488\" data-alt-text=\"Was kann ich machen?\">Was kann ich in Syedra machen?<\/h2>\n<p>Syedra befand sich an der <strong>westlichen Grenze der Region Kilikien.<\/strong> Erstmals besiedelt wurde es im 7. Jahrhundert vor unserer Zeitrechnung. Im 13. Jahrhundert nach unserer Zeitrechnung wurde Syedra aufgegeben. Es liegt auf einem hohen H\u00fcgel an der K\u00fcste, 400 Meter \u00fcber dem Meeresspiegel.<\/p>\n<p>Ihr findet die Ruinen von Syedra auf einer hohen Anh\u00f6he<strong>&nbsp;<\/strong>mit Blick auf die K\u00fcste. Wir empfehlen, dass ihr f\u00fcr euren Besuch lange Hosen und Turnschuhe tragt. Wegen des vielen Gestr\u00fcpps kann es sonst ein wenig schwierig werden, die antike St\u00e4tte zu erkunden.<\/p>\n<p>Syedra war einst eine <strong>typische r\u00f6mische Siedlung<\/strong>. <strong>Viele <\/strong><a href=\"https:\/\/antalyatouristinformation.com\/de\/sehenswurdigkeiten\/geschichte\/\"><strong>antike Ruinen<\/strong><\/a><strong> sind bis heute erhalten geblieben.&nbsp;<\/strong>Zum Beispiel entdeckt ihr mehrere verputzte <strong>Zisternen<\/strong>, die durch eine nat\u00fcrliche Wasserquelle betrieben wurden, und ein pr\u00e4chtiges Badehaus mit zum Teil erhalten gebliebenen Mosaikb\u00f6den. Es gibt es eine Taufgrotte, ein Gymnasium, eine Kolonnaden-Stra\u00dfe, Gesch\u00e4fte und Verwaltungsgeb\u00e4ude. Dar\u00fcber hinaus erwarten euch hier die Ruinen eines Tempels und eines Theaters, \u00dcberbleibsel einiger Kirchen sowie eine Akropolis und eine Nekropole.<\/p>\n<p>Bis in die heutige Zeit hat es auch das monumentale Stadttor am Eingang der Stadt geschafft. Ihr k\u00f6nnt zudem die Ruinen der Festungsmauern entdecken, die die Stadt umgaben.<\/p>\n<p>Das erste gro\u00dfe Bauwerk, das ihr sehen werdet, ist die <strong>Basilika<\/strong>. Direkt unterhalb der Basilika trefft ihr auf ein gro\u00dfes Lagerhaus, das als Zisterne genutzt wurde. Es gibt eine 250 Meter lange <strong>Kolonnaden-Stra\u00dfe<\/strong>, die einst von vielen interessanten Bauwerken umgeben war. Sie diente damals als das soziale Zentrum der Stadt und Treffpunkt der B\u00fcrger.<\/p>\n<p>Um die Menschen vor Sonne und Regen zu sch\u00fctzen, war die Stoa mit D\u00e4chern bedeckt. An der Ostseite der Stadt trefft ihr auf ein altes <strong>Badehaus<\/strong>. Dort k\u00f6nnt ihr \u00dcberreste von Mosaikb\u00f6den finden. Die Nekropole von Syedra findet ihr im S\u00fcdwesten der Stadt.<\/p>\n<p>Je h\u00f6her ihr den H\u00fcgel erklimmt, desto sch\u00f6ner wird die Aussicht. Begebt euch auf die h\u00f6chste Stelle der Akropolis und schaut in Richtung Meer. Ihr werdet dort mit dem herrlichen <strong>Ausblick auf Bananeng\u00e4rten und die Burg von Alanya<\/strong> belohnt.<\/p>\n<p>Ein weiteres Highlight ist <strong>der Brief vom r\u00f6mischen Kaiser Septimus Severus,<\/strong> verfasst auf einem Marmorblock. Er wurde in der antiken Stadt in der Kolonnaden-Stra\u00dfe ausgestellt. In dem Brief bedankt sich der Kaiser bei den B\u00fcrgern der Stadt, da sie nicht an einer Rebellion gegen das R\u00f6mische Reich teilnahmen, sondern sich auf dessen Seite stellten.&nbsp;<\/p>\n<p>Bei Interesse k\u00f6nnt ihr den Brief im <a href=\"https:\/\/antalyatouristinformation.com\/de\/sehenswurdigkeiten\/museum\/alanya-archaologisch\/\">Arch\u00e4ologischen Museum von Alanya<\/a> betrachten. Im <a href=\"https:\/\/antalyatouristinformation.com\/de\/sehenswurdigkeiten\/museum\/antalya-archaologisch\/\">Arch\u00e4ologischen Museum von Antalya<\/a> werden ebenfalls Mosaike aus der r\u00f6mischen \u00c4ra ausgestellt, die aus der antiken Stadt Syedra stammen. Ihr findet sie in dem Saal, in dem die Bronzestatue des Herkules gezeigt wird. Die Mosaiken befinden sich auf dem Boden und thematisieren die Entf\u00fchrung des Hylas durch die Nymphen.<\/p>\n<p><span><img decoding=\"async\" alt=\"Syedra Ancient Site in Alanya in Antalya in Turkey\" data-id=\"1520\" width=\"702\" data-init-width=\"1000\" height=\"470\" data-init-height=\"670\" title=\"Syedra Ancient Site in Alanya in Antalya in Turkey\" loading=\"lazy\" src=\"https:\/\/antalyatouristinformation.com\/de\/wp-content\/uploads\/sites\/10\/2021\/03\/syedra-anc-site-in-alanya-antalya-in-turkey.jpg\" data-width=\"702\" data-height=\"470\" data-pinpro-key=\"jb2bxsrzr\" data-pin-media=\"https:\/\/antalyatouristinformation.com\/de\/wp-content\/uploads\/sites\/10\/2021\/06\/Antalya-Pinterest-4-7.jpg\" data-pin-description=\"Guide zur antiken Stadt Syedra in Antalya\" data-pin-url=\"https:\/\/antalyatouristinformation.com\/de\/things-to-do\/history\/syedra\/?tve=true&amp;tcbf=50765cc306\"><\/span><\/p>\n<h2 id=\"t-1624887222489\" data-alt-text=\"Eintritt, Tickets &amp; F\u00fchrungen\">Eintritt, Tickets und F\u00fchrungen<\/h2>\n<ul>\n<li><span><strong>Eintritt:<\/strong> Ihr k\u00f6nnt Syedra t\u00e4glich au\u00dfer montags besuchen. Die \u00d6ffnungszeiten sind saisonabh\u00e4ngig. Im Sommer ist die antike St\u00e4tte von 08:30 bis 19:00 Uhr ge\u00f6ffnet; im Winter von 08:30 bis 17:30 Uhr.<\/span><\/li>\n<li><span><strong>Tickets: <\/strong>Der Eintritt f\u00fcr den Besuch der antiken Stadt Syedra ist frei.<\/span><\/li>\n<\/ul>\n<ul>\n<li><span><strong>Tipp:<\/strong> Falls ihr Tickets f\u00fcr Vergn\u00fcgungsparks, Museen und Touren f\u00fcr eure Antalya-Reise vorab buchen m\u00f6chtet, solltet ihr unbedingt einen Blick auf die Angebote in unserem offiziellen Shop werfen.<\/span><\/li>\n<\/ul>\n<h2 id=\"t-1624887222490\" data-alt-text=\"Anfahrt\">Wie komme ich nach Syedra?<\/h2>\n<p>Die antike Stadt Syedra liegt im oberen Ortsteil des Dorfes Seki, 22 km von Alanya.<\/p>\n<p><b>Mit dem Auto:<\/b> Auf der Fahrt nach Gazipa\u015fa von Alanya, nachdem ihr Karg\u0131cak passiert habt, fahrt ihr links in Richtung Seki. Der Weg ist beschildert. Ihr k\u00f6nnt bis zum Parkplatz der antiken Stadt Syedra vorfahren.<\/p>\n<p><b>Mit dem Bus:<\/b> Von Alanya aus nehmt ihr am besten die Buslinie Alanya-Gazipa\u015fa und steigt im Dorf Seki aus.<\/p>\n<h2 id=\"t-1622447899600\" data-alt-text=\"FAQ\">FAQ (H\u00e4ufige Fragen)<\/h2>\n<p><span><img decoding=\"async\" alt=\"Syedra Ancient Site in Alanya in Antalya in Turkey\" data-id=\"1517\" width=\"702\" data-init-width=\"1000\" height=\"470\" data-init-height=\"670\" title=\"Syedra Ancient Site in Alanya in Antalya in Turkey\" loading=\"lazy\" src=\"https:\/\/antalyatouristinformation.com\/de\/wp-content\/uploads\/sites\/10\/2021\/03\/syedra-anc-site-in-alanya.jpg\" data-width=\"702\" data-height=\"470\" data-pinpro-key=\"yo4wg2kqe\" data-pin-media=\"https:\/\/antalyatouristinformation.com\/de\/wp-content\/uploads\/sites\/10\/2021\/06\/Antalya-Pinterest-4-7.jpg\" data-pin-description=\"Guide zur antiken Stadt Syedra in Antalya\" data-pin-url=\"https:\/\/antalyatouristinformation.com\/de\/things-to-do\/history\/syedra\/?tve=true&amp;tcbf=50765cc306\"><\/span><\/p>\n<h2 id=\"t-1624887222491\" data-alt-text=\"Geschichte\">Geschichte von Syedra<\/h2>\n<p>Syedra liegt an der Schnellstra\u00dfe Alanya-Mersin, 23 km \u00f6stlich von Alanya.<\/p>\n<p>Das Gr\u00fcndungsdatum von Syedra ist nicht bekannt. Die \u00e4ltesten erhaltenen Ruinen gehen auf das 7. Jahrhundert vor unserer Zeitrechnung zur\u00fcck. Bis zum 13. Jahrhundert nach unserer Zeitrechnung war die antike Stadt bewohnt.<\/p>\n<p>In der Mitte des 1. Jahrhunderts vor unserer Zeitrechnung taucht sie erstmals in schriftlichen \u00dcberlieferungen als Teil der Region Kilikien auf. M\u00f6glicherweise geh\u00f6rte Syedra auch zur benachbarten Region Pamphylien oder Isaurien. Ihre Bl\u00fctezeit erreichte die Stadt im 2. und 3. Jahrhundert. Damals hatte sie mehr als 4.000 Einwohner.<\/p>\n<p>Im Jahr 1994 begannen die Ausgrabungsarbeiten unter der Leitung des Alanya Museums. Zu dem Zeitpunkt wurde die Hauptstra\u00dfe im oberen Teil der Stadt freigelegt. Weitere Bauten folgten, darunter ein Tempel, ein Theater, Gesch\u00e4fte, B\u00e4der, die Stadtmauern und mehrere Zisternen, die die Bev\u00f6lkerung mit Wasser versorgten.<\/p>\n<p>Im Jahr 2011 konnten Arch\u00e4ologen, die Untersuchungen unter Wasser durchf\u00fchrten, etliche Relikte aus einem Hafen in Syedra in die Bronzezeit datieren, also vor etwa 5.000 Jahren.<\/p>\n<h2 id=\"t-1622447899602\">Kontakt&nbsp;<\/h2>\n<ul>\n<li><span><strong>Adresse:&nbsp;<\/strong>Seki Mahallesi Asar Mevkii \/ Alanya\/ ANTALYA<\/span><\/li>\n<li><span><strong>\u00d6ffnungszeiten:&nbsp;<\/strong><a href=\"https:\/\/muze.gov.tr\/muze-detay?sectionId=ASY01&amp;distId=MRK\" target=\"_blank\" rel=\"noopener\">Muze.gov.tr<\/a><\/span><\/li>\n<li><span><strong>Webseite:&nbsp;<\/strong><a href=\"https:\/\/muze.gov.tr\/muze-detay?sectionId=ASY01&amp;distId=MRK\" target=\"_blank\" rel=\"noopener\">Muze.gov.tr<\/a><\/span><\/li>\n<\/ul>\n","protected":false},"excerpt":{"rendered":"<p>Das ist der komplette Guide zur antiken Stadt Syedra. Mit zahlreichen \u00dcberresten einer typischen antiken r\u00f6mischen Siedlung ist Syedra eine der sehenswerten antiken St\u00e4dte in Antalya. Hier lest ihr alle wichtigen Informationen, die ihr vor dem Besuch der antiken St\u00e4tte wissen solltet. Dazu geh\u00f6ren die Sehensw\u00fcrdigkeiten, Reisetipps, h\u00e4ufige Fragen, Eintritt und Anfahrt sowie die Geschichte [&hellip;]<\/p>\n","protected":false},"author":4,"featured_media":1515,"parent":119,"menu_order":0,"comment_status":"open","ping_status":"closed","template":"","meta":{"_acf_changed":false,"footnotes":""},"categories":[],"tags":[43,42],"class_list":["post-257","page","type-page","status-publish","has-post-thumbnail","hentry","tag-antiquity","tag-history","post-wrapper","thrv_wrapper"],"acf":[],"wp-worthy-pixel":{"ignored":false,"public":null,"server":null,"url":null},"wp-worthy-type":"normal","_links":{"self":[{"href":"https:\/\/antalyatouristinformation.com\/de\/wp-json\/wp\/v2\/pages\/257","targetHints":{"allow":["GET"]}}],"collection":[{"href":"https:\/\/antalyatouristinformation.com\/de\/wp-json\/wp\/v2\/pages"}],"about":[{"href":"https:\/\/antalyatouristinformation.com\/de\/wp-json\/wp\/v2\/types\/page"}],"author":[{"embeddable":true,"href":"https:\/\/antalyatouristinformation.com\/de\/wp-json\/wp\/v2\/users\/4"}],"replies":[{"embeddable":true,"href":"https:\/\/antalyatouristinformation.com\/de\/wp-json\/wp\/v2\/comments?post=257"}],"version-history":[{"count":10,"href":"https:\/\/antalyatouristinformation.com\/de\/wp-json\/wp\/v2\/pages\/257\/revisions"}],"predecessor-version":[{"id":13855,"href":"https:\/\/antalyatouristinformation.com\/de\/wp-json\/wp\/v2\/pages\/257\/revisions\/13855"}],"up":[{"embeddable":true,"href":"https:\/\/antalyatouristinformation.com\/de\/wp-json\/wp\/v2\/pages\/119"}],"wp:featuredmedia":[{"embeddable":true,"href":"https:\/\/antalyatouristinformation.com\/de\/wp-json\/wp\/v2\/media\/1515"}],"wp:attachment":[{"href":"https:\/\/antalyatouristinformation.com\/de\/wp-json\/wp\/v2\/media?parent=257"}],"wp:term":[{"taxonomy":"category","embeddable":true,"href":"https:\/\/antalyatouristinformation.com\/de\/wp-json\/wp\/v2\/categories?post=257"},{"taxonomy":"post_tag","embeddable":true,"href":"https:\/\/antalyatouristinformation.com\/de\/wp-json\/wp\/v2\/tags?post=257"}],"curies":[{"name":"wp","href":"https:\/\/api.w.org\/{rel}","templated":true}]}}