{"id":263,"date":"2021-02-15T13:43:50","date_gmt":"2021-02-15T12:43:50","guid":{"rendered":"http:\/\/antalyatouristinformation.com\/clone4639485xzhehsskdjfhhdhebdkkekdeewsd4545gdfgm\/?page_id=263"},"modified":"2023-02-16T14:25:45","modified_gmt":"2023-02-16T13:25:45","slug":"yoruk-park","status":"publish","type":"page","link":"https:\/\/antalyatouristinformation.com\/de\/sehenswurdigkeiten\/attraktionen\/yoruk-park\/","title":{"rendered":"Y\u00f6r\u00fck Park in Kemer: Eintritt, Tickets und Tipps"},"content":{"rendered":"<h3>Das ist unser kompletter Guide zum Y\u00f6r\u00fck Park in Kemer.<\/h3>\n<p>Der Park ist eine Art Open-Air-<a href=\"https:\/\/antalyatouristinformation.com\/de\/sehenswurdigkeiten\/museum\/\">Museum <\/a>zur Geschichte des Ortes und seiner Einwohner, des Y\u00f6r\u00fck-Stamms.<\/p>\n<p>Erfahrt hier, was euch im Park erwartet, die Geschichte des Y\u00f6r\u00fck Parks sowie hilfreiche Ausk\u00fcnfte zu Anfahrt und Eintrittspreisen.<\/p>\n<p>Los geht\u2019s!<\/p>\n<p><span><img decoding=\"async\" alt=\"Yoruk Park in Kemer in Turkey\" data-id=\"5207\" width=\"702\" data-init-width=\"1000\" height=\"468\" data-init-height=\"667\" title=\"Yoruk Park in Kemer in Turkey\" loading=\"lazy\" src=\"https:\/\/antalyatouristinformation.com\/de\/wp-content\/uploads\/sites\/10\/2021\/04\/Yoruk-Park-in-Kemer-in-Turkey-2.jpg\" data-width=\"702\" data-height=\"468\" data-pin-media=\"https:\/\/antalyatouristinformation.com\/de\/wp-content\/uploads\/sites\/10\/2021\/06\/prag_50_sehenswuerdigkeiten_pinterest-20.jpg\" data-pin-description=\"Visit Y\u00f6r\u00fck Park in Antalya | Antalya Tourist Information\" data-pin-url=\"https:\/\/antalyatouristinformation.com\/de\/things-to-do\/attraction\/yoruk-park\/?tve=true&amp;tcbf=ac6aca3240\" data-pinpro-key=\"1n0nwduma\"><\/span><\/p>\n<h2>Was kann ich im Y\u00f6r\u00fck Park machen?<\/h2>\n<p>Der Y\u00f6r\u00fck Park in Kemer f\u00fchrt euch als eine <b>Art Freilichtmuseum durch die Geschichte, Kultur und Traditionen der hiesigen Y\u00f6r\u00fck Nomaden<\/b>, den urspr\u00fcnglichen Einwohnern der Region.<\/p>\n<p>Mit seiner Lage am Meer ist er ein sch\u00f6ner Ort zum Entspannen und um typisch t\u00fcrkisches Essen zu kosten.<\/p>\n<p>Ihr k\u00f6nnt im Park die <b>traditionellen H\u00e4user der Y\u00f6r\u00fck<\/b> besichtigen und einen Einblick in das Alltagsleben der Einwohner gewinnen. &nbsp;<\/p>\n<p>Bei dem Rundgang entdeckt ihr viele <b>Werkzeuge, Alltagsgegenst\u00e4nde und mehrere Zelte mit Figuren, <\/b>die das fr\u00fchere Nomadenleben der Y\u00f6r\u00fck darstellen. Dadurch wird euch ihre Vergangenheit als Nomaden anschaulich vor Augen gef\u00fchrt. Gleichzeitig k\u00f6nnt ihr bei der Besichtigung des Parks mehr \u00fcber den <b>nomadischen Lebensstil der Einwohner<\/b> erfahren.<\/p>\n<p>Ein Highlight sind die gelegentlichen Tanzvorf\u00fchrungen, begleitet von t\u00fcrkischer Volksmusik.<\/p>\n<p>Der Park bietet zudem <b>sch\u00f6ne Aussichten und Fotomotive<\/b> auf das Mittelmeer und das dahinterliegende Taurusgebirge. Bei gutem Wetter reicht die Sicht sogar bis nach Antalya.<\/p>\n<p>Im Y\u00f6r\u00fck Park erwarten euch auch <b>traditionelle Speisen<\/b><b>mit der regionalen Note der Y\u00f6r\u00fck<\/b>. Beliebt sind die frisch zubereiteten G\u00f6zleme, gef\u00fcllte t\u00fcrkische Teigtaschen. Ihr k\u00f6nnt bei der Zubereitung des Klassikers live dabei sein. Dank etlicher <b>schattiger Sitzpl\u00e4tze im Freien<\/b> k\u00f6nnt ihr den Blick auf das Meer genie\u00dfen, w\u00e4hrend ihr die Spezialit\u00e4ten probiert.<\/p>\n<p>Die <b>Stille des Y\u00f6r\u00fck Parks<\/b> ist f\u00fcr viele Besucher eine willkommene Abwechslung. Er ist ein sch\u00f6ner Zufluchtsort, um dem Stadttrubel und den Menschenmassen von Antalya zu entfliehen.<\/p>\n<p>Der Y\u00f6r\u00fck-Stamm hat aufgrund seiner Vergangenheit als Hirtenvolk eine gro\u00dfe Verbundenheit zu Tieren. Deshalb k\u00f6nnt ihr im Park auch etliche <b>Tiere<\/b> wie H\u00fchner, Kaninchen und Esel entdecken, die hier zum Teil frei herumlaufen.<\/p>\n<p><span><img decoding=\"async\" alt=\"Yoruk Park in Kemer in Turkey\" data-id=\"5206\" width=\"702\" data-init-width=\"1000\" height=\"468\" data-init-height=\"667\" title=\"Yoruk Park in Kemer in Turkey\" src=\"https:\/\/antalyatouristinformation.com\/de\/wp-content\/uploads\/sites\/10\/2021\/04\/Yoruk-Park-in-Kemer-in-Turkey.jpg\" data-width=\"702\" data-height=\"468\" loading=\"lazy\" data-pin-media=\"https:\/\/antalyatouristinformation.com\/de\/wp-content\/uploads\/sites\/10\/2021\/06\/prag_50_sehenswuerdigkeiten_pinterest-20.jpg\" data-pin-description=\"Visit Y\u00f6r\u00fck Park in Antalya | Antalya Tourist Information\" data-pin-url=\"https:\/\/antalyatouristinformation.com\/de\/things-to-do\/attraction\/yoruk-park\/?tve=true&amp;tcbf=ac6aca3240\" data-pinpro-key=\"94wwemh38\"><\/span><\/p>\n<h2>Eintritt, Tickets und F\u00fchrungen<\/h2>\n<ul>\n<li><span><strong><b>Eintritt<\/b>:<\/strong> Um den Y\u00f6r\u00fck Park zu besuchen, m\u00fcsst ihr eine geringe Eintrittsgeb\u00fchr zahlen. Falls ihr im Park etwas esst oder trinkt, wird der Eintrittspreis davon abgezogen.<\/span><\/li>\n<li><span><strong>Tickets:<\/strong> Ihr zahlt den Eintritt vor Ort.<\/span><\/li>\n<\/ul>\n<ul>\n<li><span><strong>Tipp:<\/strong> Falls ihr Tickets f\u00fcr Vergn\u00fcgungsparks, Museen und Touren f\u00fcr eure Antalya-Reise vorab buchen m\u00f6chtet, solltet ihr unbedingt einen Blick auf die Angebote in unserem offiziellen Shop werfen:<\/span><\/li>\n<\/ul>\n<p><span><img decoding=\"async\" alt=\"Yoruk Park in Antalya in Turkey\" data-id=\"2381\" width=\"702\" data-init-width=\"1000\" height=\"468\" data-init-height=\"667\" title=\"Yoruk Park in Antalya in Turkey\" loading=\"lazy\" src=\"https:\/\/antalyatouristinformation.com\/de\/wp-content\/uploads\/sites\/10\/2021\/04\/Yoruk-Park-in-Antalya.jpg\" data-width=\"702\" data-height=\"468\" data-pin-media=\"https:\/\/antalyatouristinformation.com\/de\/wp-content\/uploads\/sites\/10\/2021\/06\/prag_50_sehenswuerdigkeiten_pinterest-20.jpg\" data-pin-description=\"Visit Y\u00f6r\u00fck Park in Antalya | Antalya Tourist Information\" data-pin-url=\"https:\/\/antalyatouristinformation.com\/de\/things-to-do\/attraction\/yoruk-park\/?tve=true&amp;tcbf=ac6aca3240\" data-pinpro-key=\"8ysex62bc\"><\/span><\/p>\n<h2>Wie komme ich zum Y\u00f6r\u00fck Park?<\/h2>\n<p>Der Y\u00f6r\u00fck Park liegt auf der Halbinsel K\u00fc\u00e7\u00fckburun in Kemer, ca. eine Stunde s\u00fcdlich von Antalya. Er befindet sich ein wenig versteckt zwischen der Bucht von Kemer und dem Yachthafen.<\/p>\n<p><b>Zu Fu\u00df:<\/b> Ihr k\u00f6nnt den Park von der Bucht oder vom s\u00fcdlichen Stadtzentrum von Kemer zu Fu\u00df erreichen.<\/p>\n<p><b>\u00d6ffentliche Verkehrsmittel:<\/b> Falls ihr mit dem <a href=\"https:\/\/antalyatouristinformation.com\/de\/offentlicher-verkehr\/\">\u00f6ffentlichen Verkehr<\/a> anreisen m\u00f6chtet, erreicht ihr den Y\u00f6r\u00fck Park mit dem Minibus (<a href=\"https:\/\/antalyatouristinformation.com\/de\/offentlicher-verkehr\/antalya-stadt\/dolmus\/\">Dolmu\u015f<\/a>). Er bringt euch von weiter entfernt liegenden Orten in die N\u00e4he des Parks. Steigt daf\u00fcr am besten an der Bucht von Kemer oder dem Hafen aus.<\/p>\n<h2>FAQ (H\u00e4ufige Fragen)<\/h2>\n<p><span><img decoding=\"async\" alt=\"Yoruk Park in Kemer in Turkey\" data-id=\"5208\" width=\"702\" data-init-width=\"1000\" height=\"468\" data-init-height=\"667\" title=\"Yoruk Park in Kemer in Turkey\" src=\"https:\/\/antalyatouristinformation.com\/de\/wp-content\/uploads\/sites\/10\/2021\/04\/Yoruk-Park-in-Kemer-in-Turkey-3.jpg\" data-width=\"702\" data-height=\"468\" loading=\"lazy\" data-pin-media=\"https:\/\/antalyatouristinformation.com\/de\/wp-content\/uploads\/sites\/10\/2021\/06\/prag_50_sehenswuerdigkeiten_pinterest-20.jpg\" data-pin-description=\"Visit Y\u00f6r\u00fck Park in Antalya | Antalya Tourist Information\" data-pin-url=\"https:\/\/antalyatouristinformation.com\/de\/things-to-do\/attraction\/yoruk-park\/?tve=true&amp;tcbf=ac6aca3240\" data-pinpro-key=\"zew8us8wj\"><\/span><\/p>\n<h2>Geschichte des Y\u00f6r\u00fck Parks<\/h2>\n<p>Der Y\u00f6r\u00fck Park wurde 1982 mit dem Ziel gegr\u00fcndet, das Leben und die Geschichte der Y\u00f6r\u00fck einem gro\u00dfen Publikum zug\u00e4nglich zu machen.<\/p>\n<p>Zudem sollte der Park als ein ruhiger und naturbelassener R\u00fcckzugsort in der Innenstadt von Kemer dienen.<\/p>\n<p>Seither ist der Y\u00f6r\u00fck Park ein alternatives Ausflugsziel und beliebte <a href=\"https:\/\/antalyatouristinformation.com\/de\/sehenswurdigkeiten\/attraktionen\/\">Attraktion<\/a> f\u00fcr Einheimische und Touristen. Besonders Schulklassen suchen den Y\u00f6r\u00fck Park auf, um Wissenswertes \u00fcber das lokale Nomadenvolk zu erfahren.<\/p>\n<h2>Kontakt<\/h2>\n<ul>\n<li><span><strong>Adresse:&nbsp;<\/strong>Folklorik Y\u00f6r\u00fck Park\u0131 Kemer\/Antalya<\/span><\/li>\n<li><span><strong><strong>\u00d6ffnungszeiten: <\/strong><\/strong>In den Sommermonaten: 09:00 bis 20:00 Uhr; In den Wintermonaten: 09:00 bis 19:00 Uhr<\/span><\/li>\n<li><span><strong><strong>\u00d6ffentlicher Verkehr: <\/strong><\/strong>Minibus (Dolmu\u015f) Richtung Hafen oder Bucht von Kemer<\/span><\/li>\n<li><span><strong>Webseite:&nbsp;<\/strong><a href=\"http:\/\/www.yorukparki.com.tr\/\" target=\"_blank\" rel=\"noopener\">Yorukparki.com.tr<\/a><\/span><\/li>\n<\/ul>\n","protected":false},"excerpt":{"rendered":"<p>Das ist unser kompletter Guide zum Y\u00f6r\u00fck Park in Kemer. Der Park ist eine Art Open-Air-Museum zur Geschichte des Ortes und seiner Einwohner, des Y\u00f6r\u00fck-Stamms. Erfahrt hier, was euch im Park erwartet, die Geschichte des Y\u00f6r\u00fck Parks sowie hilfreiche Ausk\u00fcnfte zu Anfahrt und Eintrittspreisen. Los geht\u2019s! Was kann ich im Y\u00f6r\u00fck Park machen? Der Y\u00f6r\u00fck [&hellip;]<\/p>\n","protected":false},"author":5,"featured_media":5204,"parent":117,"menu_order":0,"comment_status":"open","ping_status":"closed","template":"","meta":{"_acf_changed":false,"footnotes":""},"categories":[],"tags":[36],"class_list":["post-263","page","type-page","status-publish","has-post-thumbnail","hentry","tag-attraction","post-wrapper","thrv_wrapper"],"acf":[],"wp-worthy-pixel":{"ignored":false,"public":"b45a4ab12c834154b4865ca630e36225","server":"vg01.met.vgwort.de","url":"https:\/\/vg01.met.vgwort.de\/na\/b45a4ab12c834154b4865ca630e36225"},"wp-worthy-type":"normal","_links":{"self":[{"href":"https:\/\/antalyatouristinformation.com\/de\/wp-json\/wp\/v2\/pages\/263","targetHints":{"allow":["GET"]}}],"collection":[{"href":"https:\/\/antalyatouristinformation.com\/de\/wp-json\/wp\/v2\/pages"}],"about":[{"href":"https:\/\/antalyatouristinformation.com\/de\/wp-json\/wp\/v2\/types\/page"}],"author":[{"embeddable":true,"href":"https:\/\/antalyatouristinformation.com\/de\/wp-json\/wp\/v2\/users\/5"}],"replies":[{"embeddable":true,"href":"https:\/\/antalyatouristinformation.com\/de\/wp-json\/wp\/v2\/comments?post=263"}],"version-history":[{"count":10,"href":"https:\/\/antalyatouristinformation.com\/de\/wp-json\/wp\/v2\/pages\/263\/revisions"}],"predecessor-version":[{"id":14792,"href":"https:\/\/antalyatouristinformation.com\/de\/wp-json\/wp\/v2\/pages\/263\/revisions\/14792"}],"up":[{"embeddable":true,"href":"https:\/\/antalyatouristinformation.com\/de\/wp-json\/wp\/v2\/pages\/117"}],"wp:featuredmedia":[{"embeddable":true,"href":"https:\/\/antalyatouristinformation.com\/de\/wp-json\/wp\/v2\/media\/5204"}],"wp:attachment":[{"href":"https:\/\/antalyatouristinformation.com\/de\/wp-json\/wp\/v2\/media?parent=263"}],"wp:term":[{"taxonomy":"category","embeddable":true,"href":"https:\/\/antalyatouristinformation.com\/de\/wp-json\/wp\/v2\/categories?post=263"},{"taxonomy":"post_tag","embeddable":true,"href":"https:\/\/antalyatouristinformation.com\/de\/wp-json\/wp\/v2\/tags?post=263"}],"curies":[{"name":"wp","href":"https:\/\/api.w.org\/{rel}","templated":true}]}}