{"id":269,"date":"2021-02-15T13:47:52","date_gmt":"2021-02-15T12:47:52","guid":{"rendered":"http:\/\/antalyatouristinformation.com\/clone4639485xzhehsskdjfhhdhebdkkekdeewsd4545gdfgm\/?page_id=269"},"modified":"2023-02-16T15:40:45","modified_gmt":"2023-02-16T14:40:45","slug":"sapadere","status":"publish","type":"page","link":"https:\/\/antalyatouristinformation.com\/de\/sehenswurdigkeiten\/canyon\/sapadere\/","title":{"rendered":"Sapadere Canyon in Alanya: Anfahrt, Attraktionen, Reisetipps"},"content":{"rendered":"<p>Der 750 m lange Sapadere Canyon, \u00f6stlich von Alanya, ist einer der eindrucksvollsten <a href=\"https:\/\/antalyatouristinformation.com\/de\/sehenswurdigkeiten\/canyon\/\">Canyons <\/a>in der T\u00fcrkei.<\/p>\n<p>Ihr wollt mehr zur ber\u00fchmten Schlucht und ihren Attraktionen wissen?<\/p>\n<p>Dann werdet ihr diesen kompletten Guide mit Informationen, Tipps und hilfreichen Ausk\u00fcnften zum Besuch des Sapadere Canyons lieben!<\/p>\n<p>Fangen wir mit den Aktivit\u00e4ten an!<\/p>\n<p><span><img decoding=\"async\" alt=\"Sapadere canyon near Alanya of Turkey\" data-id=\"2408\" width=\"702\" data-init-width=\"1000\" height=\"468\" data-init-height=\"667\" title=\"Sapadere canyon near Alanya of Turkey\" loading=\"lazy\" src=\"https:\/\/antalyatouristinformation.com\/de\/wp-content\/uploads\/sites\/10\/2021\/04\/Sapadere-canyon-near-Alanya-of-Turkey.jpg\" data-width=\"702\" data-height=\"468\" data-pinpro-key=\"perf5lsse\"><\/span><\/p>\n<h2 id=\"t-1624885120121\" data-alt-text=\"Was kann ich machen?\">Was kann ich im Sapadere Canyon machen?<\/h2>\n<p>Der Sapadere Canyon inmitten des Taurusgebirges wird euch mit seiner unber\u00fchrten Natur reich an Wasserf\u00e4llen und Pflanzen verzaubern.<\/p>\n<p><strong>Folgende Aktivit\u00e4ten erwarten euch hier:<\/strong><\/p>\n<p><span><img decoding=\"async\" alt=\"The Sapadere canyon in the Taurus mountains in Alanya in Turkey by Thomas\" data-id=\"5760\" width=\"702\" data-init-width=\"1000\" height=\"468\" data-init-height=\"667\" title=\"The Sapadere canyon in the Taurus mountains in Alanya in Turkey by Thomas\" loading=\"lazy\" src=\"https:\/\/antalyatouristinformation.com\/de\/wp-content\/uploads\/sites\/10\/2021\/05\/The-Sapadere-canyon-in-the-Taurus-mountains-in-Alanya.jpg\" data-width=\"702\" data-height=\"468\" data-pinpro-key=\"wh18cvekz\"><\/span><\/p>\n<h3>1. Wanderung zum Canyon<\/h3>\n<p>Nach einer gem\u00fctlichen, <strong>30-min\u00fctigen Wanderung <\/strong>durch die eindrucksvolle Berglandschaft gelangt ihr zur Schlucht des Sapadere Canyons.<\/p>\n<p>Gut ausgebaute Holzwege f\u00fchren euch problemlos durch das Tal. Unterwegs k\u00f6nnt ihr Ausschau <strong>nach nat\u00fcrlichen Becken und Tierarten<\/strong> wie Schmetterlingen und V\u00f6geln halten. Schlie\u00dflich erreicht ihr die Schlucht, wo sich das Dorf Sapadere befindet.<\/p>\n<p>Dort werdet ihr von einem <strong>sch\u00f6nen Wasserfall und nat\u00fcrlichen Becken<\/strong> willkommen gehei\u00dfen. Mutige Besucher k\u00f6nnen hier den Sprung in das eiskalte Quellwasser wagen und schwimmen.<\/p>\n<p>Es gibt an einigen Stellen auch Leitern, mit denen ihr ganz einfach in die Becken hinuntersteigen k\u00f6nnt. <strong>Der sch\u00f6nste Pool ist das Becken des am weit entferntesten Wasserfalls des Canyons.<\/strong><\/p>\n<p><span><img decoding=\"async\" alt=\"Sapadere Village in Alanya in Antalya in Turkey by Thomas\" data-id=\"5758\" width=\"900\" data-init-width=\"1000\" height=\"600\" data-init-height=\"667\" title=\"Sapadere Village in Alanya in Antalya in Turkey by Thomas\" loading=\"lazy\" src=\"https:\/\/antalyatouristinformation.com\/de\/wp-content\/uploads\/sites\/10\/2021\/05\/Sapadere-Village-in-Alanya-in-Antalya-in-Turkey.jpg\" data-width=\"900\" data-height=\"600\" data-pinpro-key=\"ycd4yjsvu\"><\/span><\/p>\n<h3>2. Das Dorf Sapadere<\/h3>\n<p>Im Dorf Sapadere k\u00f6nnt ihr <strong>regionale Speisen, Gew\u00fcrze, frisches Gem\u00fcse und regionale Fr\u00fcchte<\/strong> kaufen. Interessant ist das Dorf auch wegen seinen im Fr\u00fchjahr schl\u00fcpfenden Seidenraupen. Ein anderes Highlight ist die <strong>alte Seidenfabrik<\/strong>, die frei besichtigt werden kann. Auch die <strong>Moschee<\/strong> im Dorf geh\u00f6rt zu den Anlaufstellen vieler Touristen.<\/p>\n<p><span><img decoding=\"async\" alt=\"Dimcay in Alanya in Antalya in Turkey\" data-id=\"5230\" width=\"702\" data-init-width=\"1000\" height=\"468\" data-init-height=\"667\" title=\"Dimcay in Alanya in Antalya in Turkey\" loading=\"lazy\" src=\"https:\/\/antalyatouristinformation.com\/de\/wp-content\/uploads\/sites\/10\/2021\/04\/Dimcay-in-Alanya-in-Antalya-in-Turkey-2.jpg\" data-width=\"702\" data-height=\"468\" data-pinpro-key=\"28pwt9teu\"><\/span><\/p>\n<h3>3. Attraktionen in der Umgebung<\/h3>\n<ul>\n<li>Wir empfehlen, dass ihr einen kurzen Abstecher zur sogenannten <strong>Zwergenh\u00f6hle <\/strong>macht. Sie liegt nur wenige Kilometer oberhalb des Tals. Ihr k\u00f6nnt die <strong>k\u00fchle Tropfsteinh\u00f6hle <\/strong>bei einem kurzen Spaziergang wunderbar besichtigen.&nbsp;<\/li>\n<li>Etwa 1,5 Stunden entfernt, befindet sich der idyllische<strong>&nbsp;<a href=\"https:\/\/antalyatouristinformation.com\/de\/sehenswurdigkeiten\/attraktionen\/dim-cayi\/\">Dim \u00c7ay Nationalpark<\/a><\/strong>. Er ist eine der meistbesuchten <a href=\"https:\/\/antalyatouristinformation.com\/de\/sehenswurdigkeiten\/attraktionen\/\">Attraktionen <\/a>in Alanya.<\/li>\n<\/ul>\n<p><span><img decoding=\"async\" alt=\"Sapadere Canyon in Alanya in Antalya in Turkey by Thomas\" data-id=\"5763\" width=\"702\" data-init-width=\"1000\" height=\"468\" data-init-height=\"667\" title=\"Sapadere Canyon in Alanya in Antalya in Turkey by Thomas\" loading=\"lazy\" src=\"https:\/\/antalyatouristinformation.com\/de\/wp-content\/uploads\/sites\/10\/2021\/05\/Sapadere-Canyon-in-Alanya-in-Antalya-in-Turkey-9.jpg\" data-width=\"702\" data-height=\"468\" data-pinpro-key=\"vtqul7lsr\"><\/span><\/p>\n<h3>4. Restaurant im Sapadere Canyon<\/h3>\n<p>Am Eingang des Canyons gibt es <strong>e<\/strong><strong>in lokales Restaurant inmitten der Natur.<\/strong> Es serviert typisch t\u00fcrkische Speisen und hat Sitzpl\u00e4tze im Freien. Vor allem die Tische am Flussufer sind sehr begehrt.<\/p>\n<p>Es ist ein guter Ort, um im Canyon eine Pause einzulegen. Ihr k\u00f6nnt t\u00fcrkische K\u00f6stlichkeiten und die Aussicht auf den Fluss genie\u00dfen. Im Hintergrund ist das Rauschen des Flusses zu h\u00f6ren.<\/p>\n<p>Vor Ort gibt es auch <strong>einen Souvenirladen und Picknickpl\u00e4tze<\/strong>.<\/p>\n<p><span><img decoding=\"async\" alt=\"Sapadere Canyon wintertime in Alanya in Antalya\" data-id=\"2410\" width=\"702\" data-init-width=\"1000\" height=\"468\" data-init-height=\"667\" title=\"Sapadere Canyon wintertime in Alanya in Antalya\" src=\"\/\/antalyatouristinformation.com\/de\/wp-content\/uploads\/sites\/10\/2021\/04\/Sapadere-Canyon-wintertime-in-Alanya-in-Antalya.jpg\" data-width=\"702\" data-height=\"468\" loading=\"lazy\" data-pinpro-key=\"8crcsoz2o\"><\/span><\/p>\n<h2 id=\"t-1624885120122\" data-alt-text=\"Eintritt, Tickets &amp; F\u00fchrungen\">Eintritt, Tickets und F\u00fchrungen<\/h2>\n<ul>\n<li><span><strong>Eintritt: <\/strong>Der Eintritt in den Sapadere Canyon ist kostenpflichtig. Der Museumspass ist hier nicht g\u00fcltig.<\/span><\/li>\n<li><span><strong>Tickets:<\/strong> Ihr k\u00f6nnt Eintrittskarten vor Ort kaufen. Tickets f\u00fcr einen Tagesausflug zum &nbsp;Sapadere Canyon sind in unserem Shop erh\u00e4ltlich.<\/span><\/li>\n<li><span><strong>Touren:&nbsp;<\/strong>Gef\u00fchrte Tagestouren zum Sapadere Canyon sind eine der bequemsten M\u00f6glichkeiten den Canyon zu erkunden. Sie beinhalten in der Regel den Transfer, Betreuung durch einen Reisef\u00fchrer und ein Mittagessen. Ihr findet Tagestouren zum Sapadere Canyon in unserem Shop.<\/span><\/li>\n<\/ul>\n<ul>\n<li><span><strong>Tipp:<\/strong> Falls ihr Tickets f\u00fcr Vergn\u00fcgungsparks, Museen und Touren f\u00fcr eure Antalya-Reise vorab buchen m\u00f6chtet, solltet ihr unbedingt einen Blick auf die Angebote in unserem offiziellen Shop werfen.<\/span><\/li>\n<\/ul>\n<p><span><img decoding=\"async\" alt=\"Sapadere Canyon in Alanya in Antalya in Turkey by Thomas\" data-id=\"5761\" width=\"702\" data-init-width=\"1000\" height=\"468\" data-init-height=\"667\" title=\"Sapadere Canyon in Alanya in Antalya in Turkey by Thomas\" src=\"https:\/\/antalyatouristinformation.com\/de\/wp-content\/uploads\/sites\/10\/2021\/05\/Sapadere-Canyon-in-Alanya-in-Antalya-in-Turkey-7.jpg\" data-width=\"702\" data-height=\"468\" loading=\"lazy\" data-pinpro-key=\"j7bkdyl3i\"><\/span><\/p>\n<h2 id=\"t-1624885120123\" data-alt-text=\"Wie komme ich zum Canyon?\">Wie komme ich zum Sapadere Canyon?<\/h2>\n<p>Der Sapadere Canyon befindet sich im Dorf Sapadere, etwa 40 km von Alanya.<\/p>\n<p>Es ist nicht m\u00f6glich, mit dem <a href=\"https:\/\/antalyatouristinformation.com\/de\/offentlicher-verkehr\/\">\u00f6ffentlichen Verkehr<\/a> dorthin zu gelangen.<\/p>\n<p>Ihr k\u00f6nnt den Sapadere Canyon bei einem gef\u00fchrten Tagesausflug, beispielsweise einer Jeep-Safari, erkunden. Alternativ k\u00f6nnt ihr mit dem Mietwagen selbst dorthin fahren und das Tal in eurem eigenen Tempo besichtigen. Der Weg ist gut ausgeschildert. Vor Ort gibt es Parkm\u00f6glichkeiten.<\/p>\n<p>Hier geht es zu unserem Guide \u00fcber <a href=\"https:\/\/antalyatouristinformation.com\/de\/plan\/mietwagen\/\">Mietwagen in Antalya<\/a>.<\/p>\n<p><span><img decoding=\"async\" alt=\"Sapadere Canyon in Alanya in Antalya in Turkey by Thomas\" data-id=\"5766\" width=\"702\" data-init-width=\"1000\" height=\"468\" data-init-height=\"667\" title=\"Sapadere Canyon in Alanya in Antalya in Turkey by Thomas\" loading=\"lazy\" src=\"https:\/\/antalyatouristinformation.com\/de\/wp-content\/uploads\/sites\/10\/2021\/05\/Sapadere-Canyon-in-Alanya-in-Antalya-in-Turkey-5.jpg\" data-width=\"702\" data-height=\"468\" data-pinpro-key=\"zzezt17tq\"><\/span><\/p>\n<h2 id=\"t-1622451865234\" data-alt-text=\"FAQ\">FAQ (H\u00e4ufige Fragen)<\/h2>\n<h2 id=\"t-1622451865235\">Kontakt<\/h2>\n<ul>\n<li><span><strong>Adresse:&nbsp;<\/strong>Sapadere Canyon, 07430 Alanya\/Antalya<\/span><\/li>\n<li><span><strong><strong>\u00d6ffnungszeiten: <\/strong><\/strong>T\u00e4glich von 08:00-19:00 Uhr<\/span><\/li>\n<li><span><strong>Webseite:&nbsp;<\/strong><a href=\"http:\/\/www.sapaderekanyonu.com\/?lang=en\" target=\"_blank\" rel=\"noopener\">SapadereKanyonu.com<\/a><\/span><\/li>\n<\/ul>\n","protected":false},"excerpt":{"rendered":"<p>Der 750 m lange Sapadere Canyon, \u00f6stlich von Alanya, ist einer der eindrucksvollsten Canyons in der T\u00fcrkei. Ihr wollt mehr zur ber\u00fchmten Schlucht und ihren Attraktionen wissen? Dann werdet ihr diesen kompletten Guide mit Informationen, Tipps und hilfreichen Ausk\u00fcnften zum Besuch des Sapadere Canyons lieben! Fangen wir mit den Aktivit\u00e4ten an! Was kann ich im [&hellip;]<\/p>\n","protected":false},"author":5,"featured_media":2405,"parent":265,"menu_order":0,"comment_status":"open","ping_status":"closed","template":"","meta":{"_acf_changed":false,"footnotes":""},"categories":[],"tags":[40],"class_list":["post-269","page","type-page","status-publish","has-post-thumbnail","hentry","tag-canyon","post-wrapper","thrv_wrapper"],"acf":[],"wp-worthy-pixel":{"ignored":false,"public":"c430c8850515477ea512799a0f1fd470","server":"vg01.met.vgwort.de","url":"https:\/\/vg01.met.vgwort.de\/na\/c430c8850515477ea512799a0f1fd470"},"wp-worthy-type":"normal","_links":{"self":[{"href":"https:\/\/antalyatouristinformation.com\/de\/wp-json\/wp\/v2\/pages\/269","targetHints":{"allow":["GET"]}}],"collection":[{"href":"https:\/\/antalyatouristinformation.com\/de\/wp-json\/wp\/v2\/pages"}],"about":[{"href":"https:\/\/antalyatouristinformation.com\/de\/wp-json\/wp\/v2\/types\/page"}],"author":[{"embeddable":true,"href":"https:\/\/antalyatouristinformation.com\/de\/wp-json\/wp\/v2\/users\/5"}],"replies":[{"embeddable":true,"href":"https:\/\/antalyatouristinformation.com\/de\/wp-json\/wp\/v2\/comments?post=269"}],"version-history":[{"count":10,"href":"https:\/\/antalyatouristinformation.com\/de\/wp-json\/wp\/v2\/pages\/269\/revisions"}],"predecessor-version":[{"id":14799,"href":"https:\/\/antalyatouristinformation.com\/de\/wp-json\/wp\/v2\/pages\/269\/revisions\/14799"}],"up":[{"embeddable":true,"href":"https:\/\/antalyatouristinformation.com\/de\/wp-json\/wp\/v2\/pages\/265"}],"wp:featuredmedia":[{"embeddable":true,"href":"https:\/\/antalyatouristinformation.com\/de\/wp-json\/wp\/v2\/media\/2405"}],"wp:attachment":[{"href":"https:\/\/antalyatouristinformation.com\/de\/wp-json\/wp\/v2\/media?parent=269"}],"wp:term":[{"taxonomy":"category","embeddable":true,"href":"https:\/\/antalyatouristinformation.com\/de\/wp-json\/wp\/v2\/categories?post=269"},{"taxonomy":"post_tag","embeddable":true,"href":"https:\/\/antalyatouristinformation.com\/de\/wp-json\/wp\/v2\/tags?post=269"}],"curies":[{"name":"wp","href":"https:\/\/api.w.org\/{rel}","templated":true}]}}