{"id":2693,"date":"2021-04-12T14:58:00","date_gmt":"2021-04-12T12:58:00","guid":{"rendered":"http:\/\/antalyatouristinformation.com\/clone4639485xzhehsskdjfhhdhebdkkekdeewsd4545gdfgm\/?page_id=2693"},"modified":"2024-01-26T13:17:10","modified_gmt":"2024-01-26T12:17:10","slug":"antalya-stadt","status":"publish","type":"page","link":"https:\/\/antalyatouristinformation.com\/de\/shopping\/basar\/antalya-stadt\/","title":{"rendered":"M\u00e4rkte und Basare in Antalya"},"content":{"rendered":"<p>Hier findet ihr die besten M\u00e4rkte und Basare vom Stadtzentrum Antalya.<\/p>\n<p>In Antalya wird in fast allen Stadtvierteln einmal pro Woche ein Wochenmarkt abgehalten, auf dem die Einheimischen frisches Obst, Gem\u00fcse, Gew\u00fcrze und vieles mehr kaufen. Daneben gibt es feste M\u00e4rkte, die die ganze Woche \u00fcber offen sind.<\/p>\n<p>Auf vielen M\u00e4rkten werden nachgemachte Markenprodukte verkauft. Vergesst jedoch bitte nicht, dass die Einfuhr nach Deutschland verboten ist. Wenn ihr vom Zoll erwischt werdet, m\u00fcsst ihr empfindliche Strafen bezahlen.<\/p>\n<p>Insgesamt soll es in Antalya \u00fcber 80 M\u00e4rkte geben.<\/p>\n<p>Hier haben wir eine kleine Auswahl f\u00fcr euch zusammengestellt.<\/p>\n<h2 id=\"t-1619708020116\">1. Basar beim Uhrturm<\/h2>\n<p><span><img decoding=\"async\" alt=\"Antalya clock tower at Republic Square\" data-id=\"4530\" width=\"702\" data-init-width=\"1000\" height=\"468\" data-init-height=\"667\" title=\"Antalya clock tower at Republic Square\" loading=\"lazy\" src=\"https:\/\/antalyatouristinformation.com\/de\/wp-content\/uploads\/sites\/10\/2021\/04\/Antalya-clock-tower-at-Republic-Square.jpg\" data-width=\"702\" data-height=\"468\" data-pinpro-key=\"svweywkao\" data-pin-media=\"https:\/\/antalyatouristinformation.com\/de\/wp-content\/uploads\/sites\/10\/2021\/06\/Antalya-Pinterest-11.jpg\" data-pin-description=\"Antalya City Bazaar Guide | Antalya Tourist Information\" data-pin-url=\"https:\/\/antalyatouristinformation.com\/de\/shopping\/basar\/antalya-stadt\/?tve=true&amp;tcbf=8725dc74fb\"><\/span><\/p>\n<p>Der gro\u00dfe, \u00fcberdachte Basar in der N\u00e4he des Uhrturms bietet alles, was ihr auf einem orientalischen Markt erwartet: Mitbringsel, t\u00fcrkischer Honig, nachgemachte Taschen, Kleidung, Gew\u00fcrze und vieles mehr. Laut rufend preisen die H\u00e4ndler ihre Waren an. Auch Duplikate bekannter Marken werden hier verkauft. Die Atmosph\u00e4re allein ist einen Besuch wert. Hier ist Handeln erlaubt und sogar erw\u00fcnscht. Seine zentrale Lage macht den Basar besonders beliebt.<\/p>\n<h2 id=\"t-1625144031264\">2. Kalei\u00e7i<\/h2>\n<p><span><img decoding=\"async\" alt=\"Antalya Kaleici (Editorial)\" data-id=\"4532\" width=\"702\" data-init-width=\"1000\" height=\"468\" data-init-height=\"667\" title=\"Antalya Kaleici (Editorial)\" loading=\"lazy\" src=\"https:\/\/antalyatouristinformation.com\/de\/wp-content\/uploads\/sites\/10\/2021\/04\/Antalya-Kaleici-Editorial.jpg\" data-width=\"702\" data-height=\"468\" data-pinpro-key=\"2zkob04qt\" data-pin-media=\"https:\/\/antalyatouristinformation.com\/de\/wp-content\/uploads\/sites\/10\/2021\/06\/Antalya-Pinterest-11.jpg\" data-pin-description=\"Antalya City Bazaar Guide | Antalya Tourist Information\" data-pin-url=\"https:\/\/antalyatouristinformation.com\/de\/shopping\/basar\/antalya-stadt\/?tve=true&amp;tcbf=8725dc74fb\"><\/span><\/p>\n<p>Kalei\u00e7i ist zwar kein Basar im eigentlichen Sinne, doch die Atmosph\u00e4re ist dieselbe. In der Altstadt von Antalya findet man in den engen Gassen mit Kopfsteinpflaster ein Souvenirgesch\u00e4ft am anderen. Auch Antiquit\u00e4ten, Gem\u00e4lde und hochwertige Teppiche werden hier verkauft. Die H\u00e4user selbst sind ebenfalls sehenswert, manch eines stammt aus der \u00c4ra der Osmanen. Es scheint, als ob die Zeit hier stehengeblieben ist.<\/p>\n<h2 id=\"t-1625144031265\">3. Samstags Basar in Lara<\/h2>\n<p>Jeden Samstag wird in dem Stadtviertel Lara Markt gehalten. Verkauft wird frisches Obst und Gem\u00fcse, K\u00e4se, Gew\u00fcrze, Souvenirs und Kleidung. Auch frische und getrocknete Kr\u00e4uter stehen im Angebot. Teilweise erinnert der Markt ein wenig an einen Flohmarkt, auch Secondhand Kleidung k\u00f6nnt ihr hier finden. Er ist einer der gr\u00f6\u00dften Kleiderm\u00e4rkte in Antalya.<\/p>\n<p>Verschiedene Essensst\u00e4nde laden zum Naschen ein. Besonders empfehlenswert ist G\u00f6zleme, d\u00fcnne, Fladenbrote, die mit Schafsk\u00e4se, Spinat, Kartoffeln und Hackfleisch gef\u00fcllt werden.<\/p>\n<p>Von der Bushaltestelle Sinano\u011flu und Ismet G\u00f6k\u015fen Caddesi aus lauft ihr circa f\u00fcnf Minuten zu Fu\u00df.<\/p>\n<h2 id=\"t-1625144031266\">4. Antalya Basar<\/h2>\n<p><span><img decoding=\"async\" alt=\"Clock Tower in Antalya in Turkey (Editorial)\" data-id=\"2163\" width=\"702\" data-init-width=\"1000\" height=\"468\" data-init-height=\"667\" title=\"Clock Tower in Antalya in Turkey (Editorial)\" loading=\"lazy\" src=\"https:\/\/antalyatouristinformation.com\/de\/wp-content\/uploads\/sites\/10\/2021\/04\/Clock-Tower-in-Antalya-in-Turkey.jpg\" data-width=\"702\" data-height=\"468\" data-pinpro-key=\"b8nwml81u\" data-pin-media=\"https:\/\/antalyatouristinformation.com\/de\/wp-content\/uploads\/sites\/10\/2021\/06\/Antalya-Pinterest-11.jpg\" data-pin-description=\"Antalya City Bazaar Guide | Antalya Tourist Information\" data-pin-url=\"https:\/\/antalyatouristinformation.com\/de\/shopping\/basar\/antalya-stadt\/?tve=true&amp;tcbf=8725dc74fb\"><\/span><\/p>\n<p>Auf diesem Markt, der die ganze Woche \u00fcber ge\u00f6ffnet hat, findet ihr alles, was das Herz begehrt. Souvenirs, Lederwaren, Geschenkartikel, Gew\u00fcrze, Kleidung und vieles mehr wird hier verkauft. Es gibt hier auch sehr viel Kitsch. Die H\u00e4ndler sind gerne bereit, um den Preis zu feilschen und machen dabei manch einen Scherz.<\/p>\n<p>Der Basar ist teilweise \u00fcberdacht und liegt mitten im Stadtzentrum von Antalya, was ihn sehr beliebt bei Besuchern macht.<\/p>\n<p>Vielleicht bummelt ihr ja auch durch die kleine Gasse direkt am Markt, in die Kupferschmiede ans\u00e4ssig sind. Hier werden die Waren noch wie vor hundert Jahren hergestellt. Teller und Kr\u00fcge oder ein Teetablett sind sehr gefragt.<\/p>\n<h2 id=\"t-1625144031267\">5. Orient Basar<\/h2>\n<p>Nicht weit von dem Antalya Basar entfernt in den s\u00fcdlichen Randgebieten von Kalei\u00e7i, der Altstadt von Antalya, liegt der Orient Basar. Der Bazar ist die ganze Woche \u00fcber ge\u00f6ffnet.<\/p>\n<p>Es ist kein Basar im eigentlichen Sinne, zahlreiche, oft winzige Gesch\u00e4fte reihen sich aneinander und stellen ihre Waren auf den kleinen Stra\u00dfen aus. Handwerkskunst wird hier verkauft. Handgekn\u00fcpfte Teppiche, deren Wert sich an der Knotenanzahl pro Quadratzentimeter misst, werden ebenso angeboten wie Kilims, die gewebten Teppiche. Auch wenn ihr keinen Teppich kaufen wollt, solltet ihr euch die Atmosph\u00e4re auf keinen Fall entgehen lassen.<\/p>\n<h2 id=\"t-1625144031268\">6. \u00c7a\u011flayan Basar<\/h2>\n<p>Der \u00c7a\u011flayan Basar liegt im S\u00fcdosten von Antalya und ist ein Bauernmarkt. Die Bauern aus der Umgebung verkaufen hier immer montags ihre Produkte. Da der Markt etwas abseits von den gro\u00dfen Touristenattraktionen liegt, k\u00f6nnt ihr hier wirklich original wie die Einheimischen einkaufen.<\/p>\n<p>Hier wird nicht gefeilscht, bezahlt wird das, was die H\u00e4ndler sagen. Im Angebot stehen frisches Obst und Gem\u00fcse aus der Umgebung, Fisch, Oliven, Kr\u00e4uter und \u00e4hnliches.<\/p>\n<p>Der Markt liegt von der Bushaltestelle \u201eBar\u0131naklar\u201c circa drei Gehminuten und von der Haltestelle \u201eB\u00fclent Ecevit Bulvar\u0131\u201c ungef\u00e4hr sieben Gehminuten entfernt.<\/p>\n<h2 id=\"t-1625144031269\">7. Gew\u00fcrzmarkt<\/h2>\n<p><span><img decoding=\"async\" alt=\"\" data-id=\"2743\" width=\"1000\" data-init-width=\"1000\" height=\"670\" data-init-height=\"670\" title=\"manavgat local market in antalya\" loading=\"lazy\" src=\"\/\/antalyatouristinformation.com\/de\/wp-content\/uploads\/sites\/10\/2021\/04\/manavgat-local-market-in-antalya.jpg\" data-width=\"1000\" data-height=\"670\" data-pinpro-key=\"x2r3anc4b\" data-pin-media=\"https:\/\/antalyatouristinformation.com\/de\/wp-content\/uploads\/sites\/10\/2021\/06\/Antalya-Pinterest-11.jpg\" data-pin-description=\"Antalya City Bazaar Guide | Antalya Tourist Information\" data-pin-url=\"https:\/\/antalyatouristinformation.com\/de\/shopping\/basar\/antalya-stadt\/?tve=true&amp;tcbf=8725dc74fb\"><\/span><\/p>\n<p>Frische Kr\u00e4uter und Gew\u00fcrze sind in der T\u00fcrkei sehr beliebt und werden beim Kochen sehr h\u00e4ufig verwendet.<\/p>\n<p>Kein Wunder also, dass es auf fast allen M\u00e4rkten auch St\u00e4nde gibt, die Gew\u00fcrze verkaufen. Daneben werden oft getrocknete Fr\u00fcchte, N\u00fcsse, Teesorten und getrocknete Kr\u00e4uter angeboten. Auch frischen Safran k\u00f6nnt ihr auf fast jedem Markt finden.<\/p>\n<p>Der Gew\u00fcrzmarkt in Manavgat, in der N\u00e4he von Side, ist besonders ber\u00fchmt. <a href=\"https:\/\/antalyatouristinformation.com\/de\/shopping\/manavgat-basar\/\">Hier k\u00f6nnt ihr mehr dar\u00fcber lesen<\/a>.<\/p>\n<p>Mehr Informationen zum Shopping in Antalya findet ihr in unseren Guides:<\/p>\n<ul>\n<li><a href=\"https:\/\/antalyatouristinformation.com\/de\/shopping\/\">Der komplette Shopping-Guide von Antalya<\/a><\/li>\n<li><a href=\"https:\/\/antalyatouristinformation.com\/de\/shopping\/einkaufszentrum\/\">Shopping-Center in Antalya<\/a><\/li>\n<li><a href=\"https:\/\/antalyatouristinformation.com\/de\/shopping\/souvenir\/\">20 Ideen f\u00fcr Souvenirs<\/a><a href=\"https:\/\/antalyatouristinformation.com\/de\/shopping\/manavgat-basar\/\">shopping manavgat basar<\/a><\/li>\n<\/ul>\n<p style=\"text-align: center\"><a href=\"https:\/\/www.google.com\/maps\/d\/u\/1\/viewer?hl=tr&amp;mid=1WNxf4M7NT8MIosu55DnYYC1X6Z3QhV7U&amp;ll=36.888224129582106%2C30.697013050000024&amp;z=16\" target=\"_blank\" rel=\"noopener\">(Link zu der Karte)<\/a><\/p>\n","protected":false},"excerpt":{"rendered":"<p>Hier findet ihr die besten M\u00e4rkte und Basare vom Stadtzentrum Antalya. In Antalya wird in fast allen Stadtvierteln einmal pro Woche ein Wochenmarkt abgehalten, auf dem die Einheimischen frisches Obst, Gem\u00fcse, Gew\u00fcrze und vieles mehr kaufen. Daneben gibt es feste M\u00e4rkte, die die ganze Woche \u00fcber offen sind. Auf vielen M\u00e4rkten werden nachgemachte Markenprodukte verkauft. [&hellip;]<\/p>\n","protected":false},"author":6,"featured_media":10132,"parent":3293,"menu_order":0,"comment_status":"open","ping_status":"closed","template":"","meta":{"_acf_changed":false,"footnotes":""},"categories":[],"tags":[34],"class_list":["post-2693","page","type-page","status-publish","has-post-thumbnail","hentry","tag-shopping","post-wrapper","thrv_wrapper"],"acf":[],"wp-worthy-pixel":{"ignored":false,"public":null,"server":null,"url":null},"wp-worthy-type":"normal","_links":{"self":[{"href":"https:\/\/antalyatouristinformation.com\/de\/wp-json\/wp\/v2\/pages\/2693","targetHints":{"allow":["GET"]}}],"collection":[{"href":"https:\/\/antalyatouristinformation.com\/de\/wp-json\/wp\/v2\/pages"}],"about":[{"href":"https:\/\/antalyatouristinformation.com\/de\/wp-json\/wp\/v2\/types\/page"}],"author":[{"embeddable":true,"href":"https:\/\/antalyatouristinformation.com\/de\/wp-json\/wp\/v2\/users\/6"}],"replies":[{"embeddable":true,"href":"https:\/\/antalyatouristinformation.com\/de\/wp-json\/wp\/v2\/comments?post=2693"}],"version-history":[{"count":10,"href":"https:\/\/antalyatouristinformation.com\/de\/wp-json\/wp\/v2\/pages\/2693\/revisions"}],"predecessor-version":[{"id":15276,"href":"https:\/\/antalyatouristinformation.com\/de\/wp-json\/wp\/v2\/pages\/2693\/revisions\/15276"}],"up":[{"embeddable":true,"href":"https:\/\/antalyatouristinformation.com\/de\/wp-json\/wp\/v2\/pages\/3293"}],"wp:featuredmedia":[{"embeddable":true,"href":"https:\/\/antalyatouristinformation.com\/de\/wp-json\/wp\/v2\/media\/10132"}],"wp:attachment":[{"href":"https:\/\/antalyatouristinformation.com\/de\/wp-json\/wp\/v2\/media?parent=2693"}],"wp:term":[{"taxonomy":"category","embeddable":true,"href":"https:\/\/antalyatouristinformation.com\/de\/wp-json\/wp\/v2\/categories?post=2693"},{"taxonomy":"post_tag","embeddable":true,"href":"https:\/\/antalyatouristinformation.com\/de\/wp-json\/wp\/v2\/tags?post=2693"}],"curies":[{"name":"wp","href":"https:\/\/api.w.org\/{rel}","templated":true}]}}