{"id":2709,"date":"2021-04-12T15:22:27","date_gmt":"2021-04-12T13:22:27","guid":{"rendered":"http:\/\/antalyatouristinformation.com\/clone4639485xzhehsskdjfhhdhebdkkekdeewsd4545gdfgm\/?page_id=2709"},"modified":"2024-01-18T20:12:02","modified_gmt":"2024-01-18T19:12:02","slug":"food","status":"publish","type":"page","link":"https:\/\/antalyatouristinformation.com\/de\/food\/","title":{"rendered":"Essen in Antalya: Der komplette Foodie Guide"},"content":{"rendered":"<p style=\"text-align: center;font-size: 15px !important\">Essen<\/p>\n<h1 style=\"text-align: center\">Der Antalya-Gourmet-F\u00fchrer<\/h1>\n<h1 style=\"text-align: center\">f\u00fcr alle, die Essen lieben<\/h1>\n<p>Die <strong>t\u00fcrkische K\u00fcche<\/strong> hat eine sehr <strong>lange Geschichte <\/strong>und ist sowohl von den nomadischen Kochtraditionen der Turkv\u00f6lker als auch von der persischen, kurdischen, arabischen und armenischen K\u00fcche sowie den Aromen des Mittelmeerraums und des Kaukasus beeinflusst.<\/p>\n<p>Lange Zeit war die t\u00fcrkische K\u00fcche nur durch den ber\u00fchmten D\u00f6ner bekannt, obwohl sie sich nicht nur auf Kebab beschr\u00e4nkt, sondern sich durch ihre fast unendliche Vielfalt auszeichnet.<\/p>\n<p>Die <strong>K\u00fcche von Antalya ist ein Schmelztiegel<\/strong> der regionalen t\u00fcrkischen K\u00fcche mit lokal angebauten Lebensmitteln aus Bauernh\u00f6fen in der ganzen Provinz. Hier stellen wir euch die Besonderheiten der t\u00fcrkischen K\u00fcche vor.<\/p>\n<p>Auf dieser Seite findet ihr einen kompletten F\u00fchrer zur Esskultur in Antalya und werdet damit zum kulinarischen Experten.<\/p>\n<p><strong>&#8222;Afiyet olsun&#8220;,<\/strong> wie man in der T\u00fcrkei sagt.<\/p>\n<h2 style=\"text-align: center;font-size: 26px !important\"><b>Das Beste aus der t\u00fcrkischen K\u00fcche<\/b><\/h2>\n<p align=\"center\"><span style=\"font-weight: normal\"><b>Gerichte, die ihr probieren solltet<\/b><\/span><\/p>\n<p><div class=\"tcb-post-list tve-content-list thrv_wrapper tcb-featured-list tve-draggable  tve-droppable\" data-type=\"list\" data-pagination-type=\"none\" data-pages_near_current=\"2\" data-css=\"tve-u-1790e6a1284\" data-no_posts_text=\"There are no posts to display.\" data-total_post_count=\"1\" data-total_sticky_count=\"0\"><article id=\"post-3670\" class=\"post-3670 page type-page status-publish has-post-thumbnail hentry tag-turkish-food post-wrapper thrv_wrapper thrive-animated-item \" data-id=\"3670\" data-selector=\".post-wrapper\"><style class=\"tcb-post-list-dynamic-style\" type=\"text\/css\">@media (min-width: 300px){[].tcb-post-list #post-3670.post-wrapper{background-image: linear-gradient(rgba(0, 0, 0, 0.55), rgba(0, 0, 0, 0.55)), url(&#8222;https:\/\/antalyatouristinformation.com\/de\/wp-content\/uploads\/sites\/10\/2021\/04\/Kunefe-Dessert-in-Turkey.jpg&#8222;) !important;}[].tcb-post-list #post-3670 []{background-image: linear-gradient(rgba(0, 0, 0, 0.5), rgba(0, 0, 0, 0.5)), url(&#8222;https:\/\/antalyatouristinformation.com\/de\/wp-content\/uploads\/sites\/10\/2021\/04\/Kunefe-Dessert-in-Turkey.jpg&#8222;) !important;}[].tcb-post-list #post-3670 []{background-image: url(&#8222;https:\/\/antalyatouristinformation.com\/de\/wp-content\/uploads\/sites\/10\/2021\/04\/Kunefe-Dessert-in-Turkey.jpg&#8222;) !important;}[].tcb-post-list #post-3670 []:hover []{background-image: url(&#8222;https:\/\/antalyatouristinformation.com\/de\/wp-content\/uploads\/sites\/10\/2021\/04\/Kunefe-Dessert-in-Turkey.jpg&#8222;) !important;}[].tcb-post-list #post-3670.post-wrapper{background-image: linear-gradient(rgba(0, 0, 0, 0.55), rgba(0, 0, 0, 0.55)), url(&#8222;https:\/\/antalyatouristinformation.com\/de\/wp-content\/uploads\/sites\/10\/2021\/04\/Kunefe-Dessert-in-Turkey.jpg&#8222;) !important;}[].tcb-post-list #post-3670 []{background-image: linear-gradient(rgba(0, 0, 0, 0.5), rgba(0, 0, 0, 0.5)), url(&#8222;https:\/\/antalyatouristinformation.com\/de\/wp-content\/uploads\/sites\/10\/2021\/04\/Kunefe-Dessert-in-Turkey.jpg&#8222;) !important;}[].tcb-post-list #post-3670.post-wrapper{background-image: linear-gradient(rgba(0, 0, 0, 0.55), rgba(0, 0, 0, 0.55)), url(&#8222;https:\/\/antalyatouristinformation.com\/de\/wp-content\/uploads\/sites\/10\/2021\/04\/Kunefe-Dessert-in-Turkey.jpg&#8222;) !important;}[].tcb-post-list #post-3670 []{background-image: linear-gradient(rgba(0, 0, 0, 0.5), rgba(0, 0, 0, 0.5)), url(&#8222;https:\/\/antalyatouristinformation.com\/de\/wp-content\/uploads\/sites\/10\/2021\/04\/Kunefe-Dessert-in-Turkey.jpg&#8222;) !important;}}<\/style><\/p>\n<h3><span data-attr-css=\"tve-u-1790e6a128c\" data-attr-link=\"1\" data-attr-rel=\"0\" data-attr-target=\"0\" data-extra_key=\"\" data-option-inline=\"1\" data-shortcode=\"tcb_post_title\" data-shortcode-name=\"Post title\" data-attr-static-link=\"{&quot;className&quot;:&quot;tve-froala fr-basic&quot;,&quot;href&quot;:&quot;https:\/\/antalyatouristinformation.com\/de\/food\/lokales-kuche\/&quot;,&quot;title&quot;:&quot;22 lokale Gerichte von Antalya, die ihr unbedingt probieren solltet&quot;,&quot;data-css&quot;:&quot;tve-u-1790e6a128c&quot;,&quot;class&quot;:&quot;tve-froala fr-basic&quot;}\"><a href=\"https:\/\/antalyatouristinformation.com\/de\/food\/lokales-kuche\/\" title=\"22 lokale Gerichte von Antalya, die ihr unbedingt probieren solltet\" data-css=\"tve-u-1790e6a128c\" class=\"tve-froala fr-basic\">22 lokale Gerichte von Antalya, die ihr unbedingt probieren solltet<\/a><\/span><\/h3>\n<p><a href=\"https:\/\/antalyatouristinformation.com\/de\/food\/lokales-kuche\/\"><span><span>Mehr lesen<\/span><\/span><\/a><\/article><\/div><div class=\"tcb-post-list tve-content-list thrv_wrapper\" data-type=\"grid\" data-pagination-type=\"none\" data-pages_near_current=\"2\" data-css=\"tve-u-1790e6a1298\" data-total_post_count=\"2\" data-total_sticky_count=\"0\" data-no_posts_text=\"There are no posts to display.\" data-disabled-links=\"1\"><article id=\"post-2707\" class=\"post-2707 page type-page status-publish has-post-thumbnail hentry tag-turkish-food post-wrapper thrv_wrapper thrive-animated-item \" tcb_hover_state_parent=\"\" data-id=\"2707\" data-selector=\".post-wrapper\"><style class=\"tcb-post-list-dynamic-style\" type=\"text\/css\">@media (min-width: 300px){[].tcb-post-list #post-2707.post-wrapper{background-image: linear-gradient(rgba(0, 0, 0, 0.55), rgba(0, 0, 0, 0.55)), url(&#8222;https:\/\/antalyatouristinformation.com\/de\/wp-content\/uploads\/sites\/10\/2021\/04\/Traditional-Turkish-cuisine.jpg&#8222;) !important;}[].tcb-post-list #post-2707 []{background-image: linear-gradient(rgba(0, 0, 0, 0.5), rgba(0, 0, 0, 0.5)), url(&#8222;https:\/\/antalyatouristinformation.com\/de\/wp-content\/uploads\/sites\/10\/2021\/04\/Traditional-Turkish-cuisine.jpg&#8222;) !important;}[].tcb-post-list #post-2707 []{background-image: url(&#8222;https:\/\/antalyatouristinformation.com\/de\/wp-content\/uploads\/sites\/10\/2021\/04\/Traditional-Turkish-cuisine-1024x538.jpg&#8222;) !important;}[].tcb-post-list #post-2707 []:hover []{background-image: url(&#8222;https:\/\/antalyatouristinformation.com\/de\/wp-content\/uploads\/sites\/10\/2021\/04\/Traditional-Turkish-cuisine-1024x538.jpg&#8222;) !important;}[].tcb-post-list #post-2707.post-wrapper{background-image: linear-gradient(rgba(0, 0, 0, 0.55), rgba(0, 0, 0, 0.55)), url(&#8222;https:\/\/antalyatouristinformation.com\/de\/wp-content\/uploads\/sites\/10\/2021\/04\/Traditional-Turkish-cuisine.jpg&#8222;) !important;}[].tcb-post-list #post-2707 []{background-image: linear-gradient(rgba(0, 0, 0, 0.5), rgba(0, 0, 0, 0.5)), url(&#8222;https:\/\/antalyatouristinformation.com\/de\/wp-content\/uploads\/sites\/10\/2021\/04\/Traditional-Turkish-cuisine.jpg&#8222;) !important;}[].tcb-post-list #post-2707.post-wrapper{background-image: linear-gradient(rgba(0, 0, 0, 0.55), rgba(0, 0, 0, 0.55)), url(&#8222;https:\/\/antalyatouristinformation.com\/de\/wp-content\/uploads\/sites\/10\/2021\/04\/Traditional-Turkish-cuisine.jpg&#8222;) !important;}[].tcb-post-list #post-2707 []{background-image: linear-gradient(rgba(0, 0, 0, 0.5), rgba(0, 0, 0, 0.5)), url(&#8222;https:\/\/antalyatouristinformation.com\/de\/wp-content\/uploads\/sites\/10\/2021\/04\/Traditional-Turkish-cuisine.jpg&#8222;) !important;}}<\/style><a href=\"https:\/\/antalyatouristinformation.com\/de\/food\/turkisch\/\" data-shortcode-id=\"2707\"><\/a><\/p>\n<p style=\"text-align: center\"><span data-shortcode=\"tcb_post_published_date\" data-shortcode-name=\"Post date\" data-extra_key=\"\" data-attr-type=\"modified\" data-attr-date-format-select=\"F j, Y\" data-attr-date-format=\"F j, Y\" data-attr-show-time=\"0\" data-attr-time-format-select=\"g:i a\" data-attr-time-format=\"\" data-attr-link=\"0\" data-attr-target=\"1\" data-attr-rel=\"0\" data-option-inline=\"1\">Mai 3, 2023 <\/span><\/p>\n<h3 style=\"text-align: center;padding-top: 0px !important;margin-top: 0px !important\"><span data-attr-link=\"1\" data-attr-rel=\"0\" data-attr-target=\"0\" data-extra_key=\"\" data-option-inline=\"1\" data-shortcode=\"tcb_post_title\" data-shortcode-name=\"Post title\" data-attr-css=\"\" data-attr-static-link=\"{&quot;className&quot;:&quot;tve-froala fr-basic&quot;,&quot;href&quot;:&quot;https:\/\/antalyatouristinformation.com\/de\/food\/turkisch\/&quot;,&quot;title&quot;:&quot;20 t\u00fcrkische Gerichte, die ihr probieren solltet&quot;,&quot;class&quot;:&quot;tve-froala fr-basic&quot;}\"><a href=\"https:\/\/antalyatouristinformation.com\/de\/food\/turkisch\/\" title=\"20 t\u00fcrkische Gerichte, die ihr probieren solltet\" data-css=\"\" class=\"tve-froala fr-basic\">20 t\u00fcrkische Gerichte, die ihr probieren solltet<\/a><\/span><\/h3>\n<p><div class=\"tve-article-cover\"><a class=\"tcb-article-cover-link\" href=\"https:\/\/antalyatouristinformation.com\/de\/food\/turkisch\/\">20 t\u00fcrkische Gerichte, die ihr probieren solltet<\/a><\/div><\/article><article id=\"post-2967\" class=\"post-2967 page type-page status-publish has-post-thumbnail hentry tag-turkish-food post-wrapper thrv_wrapper thrive-animated-item \" tcb_hover_state_parent=\"\" data-id=\"2967\" data-selector=\".post-wrapper\"><style class=\"tcb-post-list-dynamic-style\" type=\"text\/css\">@media (min-width: 300px){[].tcb-post-list #post-2967.post-wrapper{background-image: linear-gradient(rgba(0, 0, 0, 0.55), rgba(0, 0, 0, 0.55)), url(&#8222;https:\/\/antalyatouristinformation.com\/de\/wp-content\/uploads\/sites\/10\/2021\/04\/Turkish-Desserts.jpg&#8222;) !important;}[].tcb-post-list #post-2967 []{background-image: linear-gradient(rgba(0, 0, 0, 0.5), rgba(0, 0, 0, 0.5)), url(&#8222;https:\/\/antalyatouristinformation.com\/de\/wp-content\/uploads\/sites\/10\/2021\/04\/Turkish-Desserts.jpg&#8222;) !important;}[].tcb-post-list #post-2967 []{background-image: url(&#8222;https:\/\/antalyatouristinformation.com\/de\/wp-content\/uploads\/sites\/10\/2021\/04\/Turkish-Desserts-1024x538.jpg&#8222;) !important;}[].tcb-post-list #post-2967 []:hover []{background-image: url(&#8222;https:\/\/antalyatouristinformation.com\/de\/wp-content\/uploads\/sites\/10\/2021\/04\/Turkish-Desserts-1024x538.jpg&#8222;) !important;}[].tcb-post-list #post-2967.post-wrapper{background-image: linear-gradient(rgba(0, 0, 0, 0.55), rgba(0, 0, 0, 0.55)), url(&#8222;https:\/\/antalyatouristinformation.com\/de\/wp-content\/uploads\/sites\/10\/2021\/04\/Turkish-Desserts.jpg&#8222;) !important;}[].tcb-post-list #post-2967 []{background-image: linear-gradient(rgba(0, 0, 0, 0.5), rgba(0, 0, 0, 0.5)), url(&#8222;https:\/\/antalyatouristinformation.com\/de\/wp-content\/uploads\/sites\/10\/2021\/04\/Turkish-Desserts.jpg&#8222;) !important;}[].tcb-post-list #post-2967.post-wrapper{background-image: linear-gradient(rgba(0, 0, 0, 0.55), rgba(0, 0, 0, 0.55)), url(&#8222;https:\/\/antalyatouristinformation.com\/de\/wp-content\/uploads\/sites\/10\/2021\/04\/Turkish-Desserts.jpg&#8222;) !important;}[].tcb-post-list #post-2967 []{background-image: linear-gradient(rgba(0, 0, 0, 0.5), rgba(0, 0, 0, 0.5)), url(&#8222;https:\/\/antalyatouristinformation.com\/de\/wp-content\/uploads\/sites\/10\/2021\/04\/Turkish-Desserts.jpg&#8222;) !important;}}<\/style><a href=\"https:\/\/antalyatouristinformation.com\/de\/food\/desserts\/\" data-shortcode-id=\"2707\"><\/a><\/p>\n<p style=\"text-align: center\"><span data-shortcode=\"tcb_post_published_date\" data-shortcode-name=\"Post date\" data-extra_key=\"\" data-attr-type=\"modified\" data-attr-date-format-select=\"F j, Y\" data-attr-date-format=\"F j, Y\" data-attr-show-time=\"0\" data-attr-time-format-select=\"g:i a\" data-attr-time-format=\"\" data-attr-link=\"0\" data-attr-target=\"1\" data-attr-rel=\"0\" data-option-inline=\"1\">Mai 3, 2023 <\/span><\/p>\n<h3 style=\"text-align: center;padding-top: 0px !important;margin-top: 0px !important\"><span data-attr-link=\"1\" data-attr-rel=\"0\" data-attr-target=\"0\" data-extra_key=\"\" data-option-inline=\"1\" data-shortcode=\"tcb_post_title\" data-shortcode-name=\"Post title\" data-attr-css=\"\" data-attr-static-link=\"{&quot;className&quot;:&quot;tve-froala fr-basic&quot;,&quot;href&quot;:&quot;https:\/\/antalyatouristinformation.com\/de\/food\/turkisch\/&quot;,&quot;title&quot;:&quot;20 t\u00fcrkische Gerichte, die ihr probieren solltet&quot;,&quot;class&quot;:&quot;tve-froala fr-basic&quot;}\"><a href=\"https:\/\/antalyatouristinformation.com\/de\/food\/desserts\/\" title=\"15 t\u00fcrkische Desserts, die ihr einmal probieren solltet!\" data-css=\"\" class=\"tve-froala fr-basic\">15 t\u00fcrkische Desserts, die ihr einmal probieren solltet!<\/a><\/span><\/h3>\n<p><div class=\"tve-article-cover\"><a class=\"tcb-article-cover-link\" href=\"https:\/\/antalyatouristinformation.com\/de\/food\/desserts\/\">15 t\u00fcrkische Desserts, die ihr einmal probieren solltet!<\/a><\/div><\/article><\/div><\/p>\n<h2 style=\"text-align: center;font-size: 26px !important\">Empfohlene Restaurants<\/h2>\n<div class=\"tcb-post-list tve-content-list thrv_wrapper tcb-featured-list tve-draggable  tve-droppable\" data-type=\"list\" data-pagination-type=\"none\" data-pages_near_current=\"2\" data-css=\"tve-u-17960f6371c\" data-no_posts_text=\"There are no posts to display.\" data-total_post_count=\"1\" data-total_sticky_count=\"0\"><article id=\"post-5177\" class=\"post-5177 page type-page status-publish has-post-thumbnail hentry tag-culture tag-experience tag-restaurant tag-turkish-food post-wrapper thrv_wrapper thrive-animated-item \" data-id=\"5177\" data-selector=\".post-wrapper\"><style class=\"tcb-post-list-dynamic-style\" type=\"text\/css\">@media (min-width: 300px){[].tcb-post-list #post-5177.post-wrapper{background-image: linear-gradient(rgba(0, 0, 0, 0.55), rgba(0, 0, 0, 0.55)), url(&#8222;https:\/\/antalyatouristinformation.com\/de\/wp-content\/uploads\/sites\/10\/2021\/05\/15-unique-Restaurants-in-Antalya-Province.jpg&#8222;) !important;}[].tcb-post-list #post-5177 []{background-image: linear-gradient(rgba(0, 0, 0, 0.5), rgba(0, 0, 0, 0.5)), url(&#8222;https:\/\/antalyatouristinformation.com\/de\/wp-content\/uploads\/sites\/10\/2021\/05\/15-unique-Restaurants-in-Antalya-Province.jpg&#8222;) !important;}[].tcb-post-list #post-5177 []{background-image: url(&#8222;https:\/\/antalyatouristinformation.com\/de\/wp-content\/uploads\/sites\/10\/2021\/05\/15-unique-Restaurants-in-Antalya-Province-1024x538.jpg&#8222;) !important;}[].tcb-post-list #post-5177 []:hover []{background-image: url(&#8222;https:\/\/antalyatouristinformation.com\/de\/wp-content\/uploads\/sites\/10\/2021\/05\/15-unique-Restaurants-in-Antalya-Province-1024x538.jpg&#8222;) !important;}[].tcb-post-list #post-5177.post-wrapper{background-image: linear-gradient(rgba(0, 0, 0, 0.55), rgba(0, 0, 0, 0.55)), url(&#8222;https:\/\/antalyatouristinformation.com\/de\/wp-content\/uploads\/sites\/10\/2021\/05\/15-unique-Restaurants-in-Antalya-Province.jpg&#8222;) !important;}[].tcb-post-list #post-5177 []{background-image: linear-gradient(rgba(0, 0, 0, 0.5), rgba(0, 0, 0, 0.5)), url(&#8222;https:\/\/antalyatouristinformation.com\/de\/wp-content\/uploads\/sites\/10\/2021\/05\/15-unique-Restaurants-in-Antalya-Province.jpg&#8222;) !important;}[].tcb-post-list #post-5177.post-wrapper{background-image: linear-gradient(rgba(0, 0, 0, 0.55), rgba(0, 0, 0, 0.55)), url(&#8222;https:\/\/antalyatouristinformation.com\/de\/wp-content\/uploads\/sites\/10\/2021\/05\/15-unique-Restaurants-in-Antalya-Province.jpg&#8222;) !important;}[].tcb-post-list #post-5177 []{background-image: linear-gradient(rgba(0, 0, 0, 0.5), rgba(0, 0, 0, 0.5)), url(&#8222;https:\/\/antalyatouristinformation.com\/de\/wp-content\/uploads\/sites\/10\/2021\/05\/15-unique-Restaurants-in-Antalya-Province.jpg&#8222;) !important;}}<\/style><\/p>\n<h3><span data-attr-css=\"tve-u-17960f63724\" data-attr-link=\"1\" data-attr-rel=\"0\" data-attr-target=\"0\" data-extra_key=\"\" data-option-inline=\"1\" data-shortcode=\"tcb_post_title\" data-shortcode-name=\"Post title\" data-attr-static-link=\"{&quot;className&quot;:&quot;tve-froala fr-basic&quot;,&quot;href&quot;:&quot;https:\/\/antalyatouristinformation.com\/de\/food\/restaurants\/&quot;,&quot;title&quot;:&quot;15 au\u00dfergew\u00f6hnliche Restaurants in der Provinz Antalya ((2021))&quot;,&quot;data-css&quot;:&quot;tve-u-17960f63724&quot;,&quot;class&quot;:&quot;tve-froala fr-basic&quot;}\"><a href=\"https:\/\/antalyatouristinformation.com\/de\/food\/restaurants\/\" title=\"15 au\u00dfergew\u00f6hnliche Restaurants in der Provinz Antalya\" data-css=\"tve-u-17960f63724\" class=\"tve-froala fr-basic\">15 au\u00dfergew\u00f6hnliche Restaurants in der Provinz Antalya<\/a><\/span><\/h3>\n<p><a href=\"https:\/\/antalyatouristinformation.com\/de\/food\/restaurants\/\"><span><span>Mehr lesen<\/span><\/span><\/a><\/article><\/div>\n<h2 style=\"text-align: center\">Antalyas Fr\u00fcchte und Pflanzen<\/h2>\n<p>Im Jahr 1750 wurde die erste <strong>Bananenpflanze <\/strong>in die T\u00fcrkei gebracht. Seitdem werden Bananen an der <strong>K\u00fcste zwischen Alanya und Gazipa\u015fa<\/strong> auf den dem Meer zugewandten H\u00fcgeln angebaut. Bananen lieben die feuchten Winde &#8211; die Einheimischen sagen &#8222;Bananen lieben das Meer&#8220;. Die Fr\u00fcchte sind kleiner und viel s\u00fc\u00dfer als ihre gro\u00dfen Schwestern aus Afrika und S\u00fcdamerika. Man nennt sie auch Eselsbananen.<\/p>\n<p><strong>Zitrusfr\u00fcchte<\/strong> werden gerne angebaut, vor allem Orangen und Zitronen. <strong>Johannisbrotb\u00e4ume<\/strong> k\u00f6nnen bis zu 20 Meter hoch werden, und ihre Fr\u00fcchte werden zu Sirup verarbeitet oder getrocknet als Ersatz f\u00fcr Kakaopulver verwendet. Selbst <strong>Avocados<\/strong>, die in den tropischen Regenw\u00e4ldern beheimatet sind, gedeihen in Alanya.<\/p>\n<p>Auch der <strong>syrische Wacholder<\/strong> gedeiht in der Provinz Antalya. Die B\u00e4ume k\u00f6nnen bis zu 20 Meter hoch werden.<\/p>\n<p>Die T\u00fcrkei steht an dritter Stelle in der Weltproduktion von <strong>Tomaten<\/strong>. Ein gro\u00dfer Teil davon wird in Antalya angebaut. Dort gibt es mehr als 32 Hektar Gew\u00e4chsh\u00e4user, in denen Tomaten gez\u00fcchtet werden.<\/p>\n<h2 style=\"text-align: center;font-size: 26px !important\">Wo kann ich Lebensmittel kaufen?<\/h2>\n<p style=\"text-align: center\">Die besten lokalen M\u00e4rkte<\/p>\n<div class=\"tcb-post-list tve-content-list thrv_wrapper tcb-featured-list tve-draggable  tve-droppable\" data-type=\"list\" data-pagination-type=\"none\" data-pages_near_current=\"2\" data-css=\"tve-u-1790e6f0d5f\" data-no_posts_text=\"There are no posts to display.\" data-total_post_count=\"1\" data-total_sticky_count=\"0\"><article id=\"post-3293\" class=\"post-3293 page type-page status-publish has-post-thumbnail hentry tag-bazaar tag-culture post-wrapper thrv_wrapper thrive-animated-item \" data-id=\"3293\" data-selector=\".post-wrapper\"><style class=\"tcb-post-list-dynamic-style\" type=\"text\/css\">@media (min-width: 300px){[].tcb-post-list #post-3293.post-wrapper{background-image: linear-gradient(rgba(0, 0, 0, 0.55), rgba(0, 0, 0, 0.55)), url(&#8222;https:\/\/antalyatouristinformation.com\/de\/wp-content\/uploads\/sites\/10\/2021\/05\/The-Antalya-Bazaar-Guide.jpg&#8222;) !important;}[].tcb-post-list #post-3293 []{background-image: linear-gradient(rgba(0, 0, 0, 0.5), rgba(0, 0, 0, 0.5)), url(&#8222;https:\/\/antalyatouristinformation.com\/de\/wp-content\/uploads\/sites\/10\/2021\/05\/The-Antalya-Bazaar-Guide.jpg&#8222;) !important;}[].tcb-post-list #post-3293 []{background-image: url(&#8222;https:\/\/antalyatouristinformation.com\/de\/wp-content\/uploads\/sites\/10\/2021\/05\/The-Antalya-Bazaar-Guide-1024x512.jpg&#8222;) !important;}[].tcb-post-list #post-3293 []:hover []{background-image: url(&#8222;https:\/\/antalyatouristinformation.com\/de\/wp-content\/uploads\/sites\/10\/2021\/05\/The-Antalya-Bazaar-Guide-1024x512.jpg&#8222;) !important;}[].tcb-post-list #post-3293.post-wrapper{background-image: linear-gradient(rgba(0, 0, 0, 0.55), rgba(0, 0, 0, 0.55)), url(&#8222;https:\/\/antalyatouristinformation.com\/de\/wp-content\/uploads\/sites\/10\/2021\/05\/The-Antalya-Bazaar-Guide.jpg&#8222;) !important;}[].tcb-post-list #post-3293 []{background-image: linear-gradient(rgba(0, 0, 0, 0.5), rgba(0, 0, 0, 0.5)), url(&#8222;https:\/\/antalyatouristinformation.com\/de\/wp-content\/uploads\/sites\/10\/2021\/05\/The-Antalya-Bazaar-Guide.jpg&#8222;) !important;}[].tcb-post-list #post-3293.post-wrapper{background-image: linear-gradient(rgba(0, 0, 0, 0.55), rgba(0, 0, 0, 0.55)), url(&#8222;https:\/\/antalyatouristinformation.com\/de\/wp-content\/uploads\/sites\/10\/2021\/05\/The-Antalya-Bazaar-Guide.jpg&#8222;) !important;}[].tcb-post-list #post-3293 []{background-image: linear-gradient(rgba(0, 0, 0, 0.5), rgba(0, 0, 0, 0.5)), url(&#8222;https:\/\/antalyatouristinformation.com\/de\/wp-content\/uploads\/sites\/10\/2021\/05\/The-Antalya-Bazaar-Guide.jpg&#8222;) !important;}}<\/style><\/p>\n<h3><span data-attr-css=\"tve-u-1790e6f0d66\" data-attr-link=\"1\" data-attr-rel=\"0\" data-attr-target=\"0\" data-extra_key=\"\" data-option-inline=\"1\" data-shortcode=\"tcb_post_title\" data-shortcode-name=\"Post title\" data-attr-static-link=\"{&quot;className&quot;:&quot;tve-froala fr-basic&quot;,&quot;href&quot;:&quot;https:\/\/antalyatouristinformation.com\/de\/shopping\/basar\/&quot;,&quot;title&quot;:&quot;Basare in der Provinz Antalya&quot;,&quot;data-css&quot;:&quot;tve-u-1790e6f0d66&quot;,&quot;class&quot;:&quot;tve-froala fr-basic&quot;}\"><a href=\"https:\/\/antalyatouristinformation.com\/de\/shopping\/basar\/\" title=\"Basare in der Provinz Antalya\" data-css=\"tve-u-1790e6f0d66\" class=\"tve-froala fr-basic\">Basare in der Provinz Antalya<\/a><\/span><\/h3>\n<p><a href=\"https:\/\/antalyatouristinformation.com\/de\/shopping\/basar\/\"><span><span>Mehr lesen<\/span><\/span><\/a><\/article><\/div>\n<h2 style=\"text-align: center\">Antalyas Kr\u00e4uter<\/h2>\n<p style=\"text-align: left;font-size: 18px !important\">Besonders wenn ihr durch antike Ruinen wie <a href=\"https:\/\/antalyatouristinformation.com\/de\/sehenswurdigkeiten\/geschichte\/xanthos\/\">Xanthos<\/a> spaziert, wird euch der Geruch von <strong>Thymian<\/strong> und <strong>Oregano<\/strong> sofort auffallen. Der Geruch steigt von den umliegenden Feldern auf und breitet sich in der ganzen Gegend aus. Antalya erkennt ihr an seinem Geruch&#8230;<\/p>\n<p>Dar\u00fcber hinaus sind <strong>Basilikum, Salbei, Rosmarin, Koriander, Minze, Kreuzk\u00fcmmel <\/strong>und <strong>Chili<\/strong> beliebte Gew\u00fcrze der t\u00fcrkischen K\u00fcche. <strong>Sumak<\/strong> ist ein Gew\u00fcrz, das aus den roten Steinfr\u00fcchten des immergr\u00fcnen F\u00e4rberbaums gewonnen wird. Der Geschmack ist frisch, s\u00e4uerlich und leicht fruchtig. Sumak wird unter anderem in Salaten als Alternative zu Zitronensaft oder Essig verwendet.<\/p>\n","protected":false},"excerpt":{"rendered":"<p>Essen Der Antalya-Gourmet-F\u00fchrer f\u00fcr alle, die Essen lieben Die t\u00fcrkische K\u00fcche hat eine sehr lange Geschichte und ist sowohl von den nomadischen Kochtraditionen der Turkv\u00f6lker als auch von der persischen, kurdischen, arabischen und armenischen K\u00fcche sowie den Aromen des Mittelmeerraums und des Kaukasus beeinflusst. Lange Zeit war die t\u00fcrkische K\u00fcche nur durch den ber\u00fchmten D\u00f6ner [&hellip;]<\/p>\n","protected":false},"author":5,"featured_media":4129,"parent":0,"menu_order":0,"comment_status":"open","ping_status":"closed","template":"","meta":{"_acf_changed":false,"footnotes":""},"categories":[],"tags":[53],"class_list":{"0":"post-2709","1":"page","2":"type-page","3":"status-publish","4":"has-post-thumbnail","5":"hentry","6":"tag-turkish-food","7":"post-wrapper","8":"thrv_wrapper","11":"thrive-animated-item"},"acf":[],"wp-worthy-pixel":{"ignored":false,"public":"3bcb84b003ae4ab688dc9b39a7963fff","server":"vg01.met.vgwort.de","url":"https:\/\/vg01.met.vgwort.de\/na\/3bcb84b003ae4ab688dc9b39a7963fff"},"wp-worthy-type":"normal","_links":{"self":[{"href":"https:\/\/antalyatouristinformation.com\/de\/wp-json\/wp\/v2\/pages\/2709","targetHints":{"allow":["GET"]}}],"collection":[{"href":"https:\/\/antalyatouristinformation.com\/de\/wp-json\/wp\/v2\/pages"}],"about":[{"href":"https:\/\/antalyatouristinformation.com\/de\/wp-json\/wp\/v2\/types\/page"}],"author":[{"embeddable":true,"href":"https:\/\/antalyatouristinformation.com\/de\/wp-json\/wp\/v2\/users\/5"}],"replies":[{"embeddable":true,"href":"https:\/\/antalyatouristinformation.com\/de\/wp-json\/wp\/v2\/comments?post=2709"}],"version-history":[{"count":9,"href":"https:\/\/antalyatouristinformation.com\/de\/wp-json\/wp\/v2\/pages\/2709\/revisions"}],"predecessor-version":[{"id":15007,"href":"https:\/\/antalyatouristinformation.com\/de\/wp-json\/wp\/v2\/pages\/2709\/revisions\/15007"}],"wp:featuredmedia":[{"embeddable":true,"href":"https:\/\/antalyatouristinformation.com\/de\/wp-json\/wp\/v2\/media\/4129"}],"wp:attachment":[{"href":"https:\/\/antalyatouristinformation.com\/de\/wp-json\/wp\/v2\/media?parent=2709"}],"wp:term":[{"taxonomy":"category","embeddable":true,"href":"https:\/\/antalyatouristinformation.com\/de\/wp-json\/wp\/v2\/categories?post=2709"},{"taxonomy":"post_tag","embeddable":true,"href":"https:\/\/antalyatouristinformation.com\/de\/wp-json\/wp\/v2\/tags?post=2709"}],"curies":[{"name":"wp","href":"https:\/\/api.w.org\/{rel}","templated":true}]}}