{"id":271,"date":"2021-02-15T13:48:29","date_gmt":"2021-02-15T12:48:29","guid":{"rendered":"http:\/\/antalyatouristinformation.com\/clone4639485xzhehsskdjfhhdhebdkkekdeewsd4545gdfgm\/?page_id=271"},"modified":"2024-01-18T17:26:33","modified_gmt":"2024-01-18T16:26:33","slug":"koprulu","status":"publish","type":"page","link":"https:\/\/antalyatouristinformation.com\/de\/sehenswurdigkeiten\/canyon\/koprulu\/","title":{"rendered":"K\u00f6pr\u00fcl\u00fc Canyon in Antalya: Anfahrt und Tipps"},"content":{"rendered":"<p>Dies ist unser kompletter Guide zum K\u00f6pr\u00fcl\u00fc Canyon in Antalya.<\/p>\n<p>Im K\u00f6pr\u00fcl\u00fc Canyon findet ihr das gr\u00f6\u00dfte Rafting-Center der T\u00fcrkei. Der Canyon liegt 90 Kilometer nord\u00f6stlich von Antalya in einem <a href=\"https:\/\/antalyatouristinformation.com\/de\/sehenswurdigkeiten\/attraktionen\/nationalpark\/\">Nationalpark<\/a>.<\/p>\n<p>Rafting auf 12 Kilometer eiskaltem Quellwasser unter der sengenden Sonnenhitze ist ein wunderbares Erlebnis.<\/p>\n<p>In diesem Artikel findet ihr alle Informationen, die ihr vor dem Besuch des K\u00f6pr\u00fcl\u00fc Canyon wissen solltet.<\/p>\n<p>Dazu geh\u00f6ren die Tipps \u00fcber den Zugang, Touren und Tickets zu diesem Nationalpark.<\/p>\n<p>Los geht\u2019s!<\/p>\n<p><span><img decoding=\"async\" alt=\"\" data-id=\"1340\" width=\"702\" data-init-width=\"1000\" height=\"471\" data-init-height=\"670\" title=\"rafting at K\u00f6pr\u00fcl\u00fc Kanyon in Antalya\" loading=\"lazy\" src=\"\/\/antalyatouristinformation.com\/de\/wp-content\/uploads\/sites\/10\/2021\/03\/rafting-at-Koepruelue-Kanyon-in-Antalya.jpg\" data-width=\"702\" data-height=\"471\" data-pinpro-key=\"1ekozuqlw\" data-pin-media=\"https:\/\/antalyatouristinformation.com\/de\/wp-content\/uploads\/sites\/10\/2021\/06\/prag_50_sehenswuerdigkeiten_pinterest-20-2.jpg\" data-pin-description=\"Visit K\u00f6pr\u00fcl\u00fc Canyon in Antalya | Antalya Tourist Information\" data-pin-url=\"https:\/\/antalyatouristinformation.com\/de\/things-to-do\/canyon\/koprulu\/?tve=true&amp;tcbf=8a45bbc0ac\"><\/span><\/p>\n<h2 id=\"t-1625491249733\" data-alt-text=\"Was kann ich dort machen?\">Was kann ich im K\u00f6pr\u00fcl\u00fc Canyon machen?<\/h2>\n<p><span lang=\"en\"> <\/span>Rafting ist die beliebteste Aktivit\u00e4t im K\u00f6pr\u00fcl\u00fc Canyon. Daneben findet ihr hier M\u00f6glichkeiten zum Trekking, Canyoning und anderen Sportarten wie Reiten, Safaris und Camping.<\/p>\n<p>K\u00f6pr\u00fcl\u00fc Canyon hei\u00dft \u00fcbrigens \u201eBr\u00fccken-Canyon\u201c, achtet daher auch auf die Steinbr\u00fccken, nach denen der Canyon benannt ist.<\/p>\n<p><b>Die antike Stadt Selge:<\/b> Im oberen Teil des K\u00f6pr\u00fcl\u00fc Canyon Nationalparks k\u00f6nnt ihr die Ruinen der antiken Stadt Selge besichtigen. Der Canyon war einst die Lebensquelle f\u00fcr diese Stadt. Nachdem ihr die Oluk Br\u00fccke \u00fcberquert habt, m\u00fcsst ihr noch circa 13 Kilometer fahren, bis ihr nach Selge kommt. Hier oben erwartet euch eine fantastische Aussicht auf den Eingang zur Schlucht, das mit W\u00e4ldern bedeckte Tal und den Berg Toka.<\/p>\n<p><b>Oluk Br\u00fccke:<\/b> Gleich am Eingang zur Schlucht seht ihr eine r\u00f6mische Br\u00fccke. Man nimmt an, dass sie im 2. Jahrhundert w\u00e4hrend der Bl\u00fctezeit von Selge gebaut wurde. Fr\u00fcher hie\u00df die Br\u00fccke Eurymedon.<\/p>\n<p>In der N\u00e4he liegt eine weitere Br\u00fccke, die B\u00fc\u011fr\u00fcm Br\u00fccke. Hier findet ihr sch\u00f6ne Pl\u00e4tze f\u00fcr ein Picknick.<\/p>\n<p><b>K\u00f6pr\u00fc\u00e7ay<\/b>: \u00c4hnlich wie bei anderen Fl\u00fcssen in der Region ist das Wasser des K\u00f6pr\u00fc\u00e7ay auch im Sommer ziemlich frisch. Die Temperatur betr\u00e4gt in der N\u00e4he der Quelle in der K\u00f6pr\u00fcl\u00fc Schlucht etwa 9 Grad, auch im Sommer. Je weiter man sich von der Quelle entfernt, desto w\u00e4rmer wird das Wasser, jedoch maximal 15 Grad. Seid ihr mutig genug um hier zu baden?<\/p>\n<p><b>Rafting auf dem Fluss K\u00f6pr\u00fc\u00e7ay:<\/b> Rafting auf 12 Kilometer eiskaltem Quellwasser unter der sengenden Sonnenhitze ist ein wunderbares Erlebnis. Im K\u00f6pr\u00fcl\u00fc Canyon k\u00f6nnt ihr das ganze Jahr \u00fcber Rafting machen. Nehmt ihr an einer organisierten Tour teil, gibt euch der Veranstalter die Ausr\u00fcstung. Dazu geh\u00f6ren Stiefel, Paddel, Schwimmwesten und Helme. Auf der 12 Kilometer langen Raftingstrecke trefft ihr auf Wildwasser- und Stromschnellen unterschiedlicher Gr\u00f6\u00dfe und Schwierigkeitsgrade. In ein Raftingboot passen 8-10 Personen. Falls ihr lieber nur zu zweit unterwegs sein wollt, k\u00f6nnt ihr euch ein Kajakboot leihen.<\/p>\n<p><b>Jeep Safari im K\u00f6pr\u00fcl\u00fc Canyon:<\/b> Mit einer Jeep-Safari-Tour k\u00f6nnt ihr die D\u00f6rfer der Umgebung auf abenteuerliche Weise erkunden. Die Routen der organisierten Touren f\u00fchren meist auf unbefestigten Stra\u00dfen &#8211; Offroad genannt &#8211; durch bergiges Gel\u00e4nde.<\/p>\n<p><b>Camping im K\u00f6pr\u00fcl\u00fc Canyon: <\/b>Campen k\u00f6nnt ihr in dem Nationalpark in der N\u00e4he des Flusses. Auf dem Campinggel\u00e4nde gibt es WC, hei\u00dfe Dusche und Strom. Wer m\u00f6chte, kann auch in einem der Bungalows am Ufer des K\u00f6pr\u00fc\u00e7ay \u00fcbernachten.<\/p>\n<p><span><img decoding=\"async\" alt=\"\" data-id=\"4903\" width=\"702\" data-init-width=\"1000\" height=\"471\" data-init-height=\"670\" title=\"taz\u0131 canyon in antalya in turkey\" loading=\"lazy\" src=\"https:\/\/antalyatouristinformation.com\/de\/wp-content\/uploads\/sites\/10\/2021\/04\/tazi-canyon-in-antalya-in-turkey-1.jpg\" data-width=\"702\" data-height=\"471\" data-pinpro-key=\"pregd3bt3\" data-pin-media=\"https:\/\/antalyatouristinformation.com\/de\/wp-content\/uploads\/sites\/10\/2021\/06\/prag_50_sehenswuerdigkeiten_pinterest-20-2.jpg\" data-pin-description=\"Visit K\u00f6pr\u00fcl\u00fc Canyon in Antalya | Antalya Tourist Information\" data-pin-url=\"https:\/\/antalyatouristinformation.com\/de\/things-to-do\/canyon\/koprulu\/?tve=true&amp;tcbf=8a45bbc0ac\"><\/span><\/p>\n<p><b>Taz\u0131 Canyon im K\u00f6pr\u00fcl\u00fc Canyon (Eagles Canyon):<\/b>&nbsp;<\/p>\n<p>Innerhalb des K\u00f6pr\u00fcl\u00fc Canyon liegt der <strong>Taz\u0131 Canyon, auch Eagles Canyon genannt<\/strong>. Er ist ein nat\u00fcrlicher Canyon, der von B\u00e4chen gebildet wird. Ihr m\u00fcsst etwa 11 Kilometer lang durch die steilen Felsen im Hochgebirge wandern, um zu dem Canyon zu kommen. Dort werdet ihr mit einer fantastischen Aussicht belohnt. In den letzten Jahren hat sich der Taz\u0131 Canyon zu einem beliebten Instagram Motiv entwickelt. Besonders gefragt sind die Bilder mit den gro\u00dfen Felsbrocken, die an die 300 Meter hohen Steilklippen grenzen. Doch Vorsicht, auf den Felsen w\u00e4chst Unkraut, was sie teils sehr rutschig macht. Es gibt keine Sicherheitsma\u00dfnahmen, ihr m\u00fcsst beim Fotografieren gut aufpassen!<\/p>\n<p>Das Wisdom Valley im Taz\u0131 Canyon wird als Campingziel immer beliebter.<\/p>\n<p><span><img decoding=\"async\" alt=\"\" data-id=\"1343\" width=\"702\" data-init-width=\"1000\" height=\"471\" data-init-height=\"670\" title=\"k\u00f6pr\u00fcl\u00fckanyon national park in antalya in turkey\" loading=\"lazy\" src=\"\/\/antalyatouristinformation.com\/de\/wp-content\/uploads\/sites\/10\/2021\/03\/koeprueluekanyon-national-park-in-antalya-in-turkey.jpg\" data-width=\"702\" data-height=\"471\" data-pinpro-key=\"nzevw3u0j\" data-pin-media=\"https:\/\/antalyatouristinformation.com\/de\/wp-content\/uploads\/sites\/10\/2021\/06\/prag_50_sehenswuerdigkeiten_pinterest-20-2.jpg\" data-pin-description=\"Visit K\u00f6pr\u00fcl\u00fc Canyon in Antalya | Antalya Tourist Information\" data-pin-url=\"https:\/\/antalyatouristinformation.com\/de\/things-to-do\/canyon\/koprulu\/?tve=true&amp;tcbf=8a45bbc0ac\"><\/span><\/p>\n<h2 id=\"t-1619791917623\">Eintritt, Tickets und Touren<\/h2>\n<ul>\n<li><span><strong>Tickets:<\/strong> Der Eintritt in den K\u00f6pr\u00fcl\u00fc Canyon Nationalpark ist frei.<\/span><\/li>\n<li><span><strong>Touren:&nbsp;<\/strong>Viele lokale Reiseb\u00fcros organisieren Tagesausfl\u00fcge zum K\u00f6pr\u00fcl\u00fc Canyon. Dies ist der einfachste Weg, den Canyon zu erkunden, falls ihr nicht mit dem eigenen Auto unterwegs seid.&nbsp;<\/span><\/li>\n<\/ul>\n<ul>\n<li><span><strong>Tipp:<\/strong> Falls ihr Tickets f\u00fcr Vergn\u00fcgungsparks, Museen und Touren f\u00fcr eure Antalya-Reise vorab buchen m\u00f6chtet, solltet ihr unbedingt einen Blick auf die Angebote in unserem offiziellen Shop werfen.<\/span><\/li>\n<\/ul>\n<p><span><img decoding=\"async\" alt=\"\" data-id=\"1342\" width=\"702\" data-init-width=\"1000\" height=\"471\" data-init-height=\"670\" title=\"k\u00f6pr\u00fcl\u00fc kanyon in antalya\" loading=\"lazy\" src=\"\/\/antalyatouristinformation.com\/de\/wp-content\/uploads\/sites\/10\/2021\/03\/koepruelue-kanyon-in-antalya.jpg\" data-width=\"702\" data-height=\"471\" data-pinpro-key=\"ndielv7q9\" data-pin-media=\"https:\/\/antalyatouristinformation.com\/de\/wp-content\/uploads\/sites\/10\/2021\/06\/prag_50_sehenswuerdigkeiten_pinterest-20-2.jpg\" data-pin-description=\"Visit K\u00f6pr\u00fcl\u00fc Canyon in Antalya | Antalya Tourist Information\" data-pin-url=\"https:\/\/antalyatouristinformation.com\/de\/things-to-do\/canyon\/koprulu\/?tve=true&amp;tcbf=8a45bbc0ac\"><\/span><\/p>\n<h2 id=\"t-1625491249734\" data-alt-text=\"Anfahrt\">Wie komme ich zum K\u00f6pr\u00fcl\u00fc Canyon?<\/h2>\n<p>Der K\u00f6pr\u00fcl\u00fc Canyon Nationalpark liegt 63 km nordwestlich von Manavgat und 85 km nord\u00f6stlich von Antalya. Be\u015fkonak im Zentrum des K\u00f6p\u00fcl\u00fc Canyon Nationalparks ist 80 km vom Zentrum Antalyas entfernt.<\/p>\n<p><b>Tagestouren:<\/b> Viele lokale Reiseb\u00fcros organisieren Tagesausfl\u00fcge zum K\u00f6pr\u00fcl\u00fc Canyon. Dies ist der einfachste Weg, den Canyon zu erkunden, falls ihr nicht mit dem eigenen Auto unterwegs seid. Touren werden von allen Orten zwischen Alanya und Kemer angeboten. Meistens werdet ihr direkt vom Hotel abgeholt.<\/p>\n<p><b>Bus:<\/b> Am besten ihr nehmt den Bus nach Manavgat oder Alanya und steigt bei der Kreuzung K\u00f6pr\u00fcl\u00fc Canyon \u2013 Be\u015fkonak aus. Von hier aus fahren Minibusse zum K\u00f6pr\u00fcl\u00fc Canyon.<\/p>\n<p><span><img decoding=\"async\" alt=\"K\u00f6pr\u00fcl\u00fc Canyon in Antalya in Turkey\" data-id=\"1344\" width=\"702\" data-init-width=\"1000\" height=\"470\" data-init-height=\"670\" title=\"K\u00f6pr\u00fcl\u00fc Canyon in Antalya in Turkey\" loading=\"lazy\" src=\"https:\/\/antalyatouristinformation.com\/de\/wp-content\/uploads\/sites\/10\/2021\/03\/shutterstock_1937866726.jpg\" data-width=\"702\" data-height=\"470\" data-pinpro-key=\"go3rhh0j8\" data-pin-media=\"https:\/\/antalyatouristinformation.com\/de\/wp-content\/uploads\/sites\/10\/2021\/06\/prag_50_sehenswuerdigkeiten_pinterest-20-2.jpg\" data-pin-description=\"Visit K\u00f6pr\u00fcl\u00fc Canyon in Antalya | Antalya Tourist Information\" data-pin-url=\"https:\/\/antalyatouristinformation.com\/de\/things-to-do\/canyon\/koprulu\/?tve=true&amp;tcbf=8a45bbc0ac\"><\/span><\/p>\n<h2 id=\"t-1619791917625\" data-alt-text=\"FAQ \">FAQ&nbsp;<\/h2>\n<p><span><img decoding=\"async\" alt=\"\" data-id=\"1341\" width=\"702\" data-init-width=\"1000\" height=\"471\" data-init-height=\"670\" title=\"k\u00f6pr\u00fcl\u00fc canyon in antalya in turkey\" loading=\"lazy\" src=\"\/\/antalyatouristinformation.com\/de\/wp-content\/uploads\/sites\/10\/2021\/03\/koepruelue-canyon-in-antalya-in-turkey.jpg\" data-width=\"702\" data-height=\"471\" data-pinpro-key=\"ak1zuxtcj\" data-pin-media=\"https:\/\/antalyatouristinformation.com\/de\/wp-content\/uploads\/sites\/10\/2021\/06\/prag_50_sehenswuerdigkeiten_pinterest-20-2.jpg\" data-pin-description=\"Visit K\u00f6pr\u00fcl\u00fc Canyon in Antalya | Antalya Tourist Information\" data-pin-url=\"https:\/\/antalyatouristinformation.com\/de\/things-to-do\/canyon\/koprulu\/?tve=true&amp;tcbf=8a45bbc0ac\"><\/span><\/p>\n<h2 id=\"t-1619791917626\" data-alt-text=\"Geschichte\">Geschichte des K\u00f6pr\u00fcl\u00fc Canyon<\/h2>\n<p>Die Wasserquelle des K\u00f6pr\u00fcl\u00fc Canyon ist der E\u011firdir See. Geologische Strukturen, die Ton-, Sandstein-, Konglomerat- und Kalksteinh\u00e4nge umfassen, erm\u00f6glichten die Bildung verschiedener Karstlandschaften.<\/p>\n<p>Im K\u00f6pr\u00fcl\u00fc-Canyon-Nationalpark leben Hirsche, Bergziegen, B\u00e4ren, F\u00fcchse, W\u00f6lfe, Kaninchen, Marder und Dachse. Rotkiefern und Buschwerk sind im Nationalpark weit verbreitet und der 400 Hektar gro\u00dfe, reine mediterrane Reihenwald ist eine einzigartige botanische Besonderheit in der Gegend. K\u00f6pr\u00fc\u00e7ay ist das beliebteste Raftinggebiet der T\u00fcrkei. Es ist auch ber\u00fchmt f\u00fcr seine frischen Forellen.<\/p>\n<p>Der K\u00f6pr\u00fcl\u00fc Canyon wurde 1973 zum Nationalpark erkl\u00e4rt. Der Park umfasst eine Fl\u00e4che von etwa 36.614 Hektar.<\/p>\n<h2 id=\"t-1619791917627\">Kontakt<\/h2>\n<ul>\n<li><span><strong>Adresse:&nbsp;<\/strong>Bozyaka, 07550 Manavgat\/Antalya<\/span><\/li>\n<li><span><strong>\u00d6ffnungszeiten: <\/strong>Die genauen \u00d6ffnungszeiten findet ihr auf der <a href=\"http:\/\/Koprulukanyon.tabiat.gov.tr\" target=\"_blank\" rel=\"noopener\">offiziellen Webseite<\/a> des K\u00f6pr\u00fcl\u00fc Canyons.<\/span><\/li>\n<li><span><strong>\u00d6ffentlicher Verkehr:<\/strong> Bus nach Manavgat oder Alanya, Ausstiegen bei der Kreuzung K\u00f6pr\u00fcl\u00fc Canyon \u2013 Be\u015fkonak, von da aus mit Minibussen zum K\u00f6pr\u00fcl\u00fc Canyon<!--[endif]-->.<\/span><\/li>\n<li><span><strong>Web:&nbsp;<\/strong><a href=\"http:\/\/koprulukanyon.tabiat.gov.tr\" target=\"_blank\" rel=\"noopener\">K\u00f6pr\u00fcl\u00fc Canyon<\/a><\/span><\/li>\n<\/ul>\n","protected":false},"excerpt":{"rendered":"<p>Dies ist unser kompletter Guide zum K\u00f6pr\u00fcl\u00fc Canyon in Antalya. Im K\u00f6pr\u00fcl\u00fc Canyon findet ihr das gr\u00f6\u00dfte Rafting-Center der T\u00fcrkei. Der Canyon liegt 90 Kilometer nord\u00f6stlich von Antalya in einem Nationalpark. Rafting auf 12 Kilometer eiskaltem Quellwasser unter der sengenden Sonnenhitze ist ein wunderbares Erlebnis. In diesem Artikel findet ihr alle Informationen, die ihr vor [&hellip;]<\/p>\n","protected":false},"author":5,"featured_media":1339,"parent":265,"menu_order":0,"comment_status":"open","ping_status":"closed","template":"","meta":{"_acf_changed":false,"footnotes":""},"categories":[],"tags":[40],"class_list":["post-271","page","type-page","status-publish","has-post-thumbnail","hentry","tag-canyon","post-wrapper","thrv_wrapper"],"acf":[],"wp-worthy-pixel":{"ignored":false,"public":"9da6e9649de2430bbf65adeaa93afc66","server":"vg01.met.vgwort.de","url":"https:\/\/vg01.met.vgwort.de\/na\/9da6e9649de2430bbf65adeaa93afc66"},"wp-worthy-type":"normal","_links":{"self":[{"href":"https:\/\/antalyatouristinformation.com\/de\/wp-json\/wp\/v2\/pages\/271","targetHints":{"allow":["GET"]}}],"collection":[{"href":"https:\/\/antalyatouristinformation.com\/de\/wp-json\/wp\/v2\/pages"}],"about":[{"href":"https:\/\/antalyatouristinformation.com\/de\/wp-json\/wp\/v2\/types\/page"}],"author":[{"embeddable":true,"href":"https:\/\/antalyatouristinformation.com\/de\/wp-json\/wp\/v2\/users\/5"}],"replies":[{"embeddable":true,"href":"https:\/\/antalyatouristinformation.com\/de\/wp-json\/wp\/v2\/comments?post=271"}],"version-history":[{"count":10,"href":"https:\/\/antalyatouristinformation.com\/de\/wp-json\/wp\/v2\/pages\/271\/revisions"}],"predecessor-version":[{"id":14933,"href":"https:\/\/antalyatouristinformation.com\/de\/wp-json\/wp\/v2\/pages\/271\/revisions\/14933"}],"up":[{"embeddable":true,"href":"https:\/\/antalyatouristinformation.com\/de\/wp-json\/wp\/v2\/pages\/265"}],"wp:featuredmedia":[{"embeddable":true,"href":"https:\/\/antalyatouristinformation.com\/de\/wp-json\/wp\/v2\/media\/1339"}],"wp:attachment":[{"href":"https:\/\/antalyatouristinformation.com\/de\/wp-json\/wp\/v2\/media?parent=271"}],"wp:term":[{"taxonomy":"category","embeddable":true,"href":"https:\/\/antalyatouristinformation.com\/de\/wp-json\/wp\/v2\/categories?post=271"},{"taxonomy":"post_tag","embeddable":true,"href":"https:\/\/antalyatouristinformation.com\/de\/wp-json\/wp\/v2\/tags?post=271"}],"curies":[{"name":"wp","href":"https:\/\/api.w.org\/{rel}","templated":true}]}}