{"id":273,"date":"2021-02-15T13:49:01","date_gmt":"2021-02-15T12:49:01","guid":{"rendered":"http:\/\/antalyatouristinformation.com\/clone4639485xzhehsskdjfhhdhebdkkekdeewsd4545gdfgm\/?page_id=273"},"modified":"2023-02-16T15:35:35","modified_gmt":"2023-02-16T14:35:35","slug":"goynuk-canyon","status":"publish","type":"page","link":"https:\/\/antalyatouristinformation.com\/de\/sehenswurdigkeiten\/canyon\/goynuk-canyon\/","title":{"rendered":"G\u00f6yn\u00fck Canyon in Kemer: Anfahrt, Wanderwege, Reisetipps"},"content":{"rendered":"<p>Hier ist der Guide zum G\u00f6yn\u00fck Canyon in Kemer. Er ist mit seiner Natursch\u00f6nheit ein beliebtes Ausflugsziel zum Wandern und Canyoning.<\/p>\n<p>Falls ihr mehr \u00fcber:<\/p>\n<ul>\n<li>den G\u00f6yn\u00fck Canyon,<\/li>\n<li>Wanderwege &amp; Attraktionen in der Umgebung<\/li>\n<li>und Anfahrt &amp; Eintritt wissen wollt,<\/li>\n<\/ul>\n<p>dann seid ihr hier genau richtig!<\/p>\n<p>Los geht\u2019s!<\/p>\n<h2 id=\"t-1624883939439\" data-alt-text=\"Was kann ich machen?\">Was kann ich im G\u00f6yn\u00fck Canyon machen?<\/h2>\n<p><span><img decoding=\"async\" alt=\"Goynuk Canyon in Antalya in Turkey\" data-id=\"5026\" width=\"702\" data-init-width=\"1000\" height=\"468\" data-init-height=\"667\" title=\"Goynuk Canyon in Antalya in Turkey\" src=\"https:\/\/antalyatouristinformation.com\/de\/wp-content\/uploads\/sites\/10\/2021\/04\/Goynuk-Canyon-in-Antalya-in-Turkey-1.jpg\" data-width=\"702\" data-height=\"468\" loading=\"lazy\" data-pinpro-key=\"4d5o3s1v5\" data-pin-media=\"https:\/\/antalyatouristinformation.com\/de\/wp-content\/uploads\/sites\/10\/2021\/06\/prag_50_sehenswuerdigkeiten_pinterest-12-3.jpg\" data-pin-description=\"Guide to G\u00f6yn\u00fck Canyon in Kemer | Antalya Tourist Information\" data-pin-url=\"https:\/\/antalyatouristinformation.com\/de\/things-to-do\/canyon\/goynuk-canyon\/?tve=true&amp;tcbf=8a45bbc0ac\"><\/span><\/p>\n<p>Der G\u00f6yn\u00fck Canyon in Kemer beeindruckt mit einer idyllischen Natur. Ihr trefft dort auf einen <strong>wilden Fluss, Wasserf\u00e4lle und eine eindrucksvolle Schlucht<\/strong>.<\/p>\n<p>Der <a href=\"https:\/\/antalyatouristinformation.com\/de\/sehenswurdigkeiten\/canyon\/\">Canyon <\/a>ist eine Art Abenteuerpark und bietet mehrere abwechslungsreiche Aktivit\u00e4ten rund um die Schlucht. Dazu geh\u00f6ren <strong>Rafting, sogenannte <\/strong><strong>Canyoning<\/strong><strong>-Safari-Touren, Paintball und gef\u00fchrte Wanderrundg\u00e4nge<\/strong><strong>&nbsp;f\u00fcr ein <\/strong><a href=\"https:\/\/antalyatouristinformation.com\/de\/sehenswurdigkeiten\/canyoning\/\"><strong>Canyoning<\/strong><\/a><strong>-Abenteuer.<\/strong><\/p>\n<p>F\u00fcr noch mehr Nervenkitzel k\u00f6nnt ihr auf die <strong>Zipline <\/strong>steigen. Sie liegt 40 Meter \u00fcber dem Boden.<\/p>\n<p>Alternativ k\u00f6nnt ihr eine rund <strong>3 Kilometer lange Strecke<\/strong> im G\u00f6yn\u00fck Canyon auf eigene Faust erkunden.<\/p>\n<h2 id=\"t-1624883939441\" data-alt-text=\"Wanderweg \">Wanderweg im G\u00f6yn\u00fck Canyon<\/h2>\n<p><span><img decoding=\"async\" alt=\"Goynuk Canyon in Antalya in Turkey\" data-id=\"5032\" width=\"702\" data-init-width=\"1000\" height=\"468\" data-init-height=\"667\" title=\"Goynuk Canyon in Antalya in Turkey\" loading=\"lazy\" src=\"https:\/\/antalyatouristinformation.com\/de\/wp-content\/uploads\/sites\/10\/2021\/04\/Goynuk-Canyon-in-Antalya-in-Turkey-6.jpg\" data-width=\"702\" data-height=\"468\" data-pinpro-key=\"502dku7b0\" data-pin-media=\"https:\/\/antalyatouristinformation.com\/de\/wp-content\/uploads\/sites\/10\/2021\/06\/prag_50_sehenswuerdigkeiten_pinterest-12-3.jpg\" data-pin-description=\"Guide to G\u00f6yn\u00fck Canyon in Kemer | Antalya Tourist Information\" data-pin-url=\"https:\/\/antalyatouristinformation.com\/de\/things-to-do\/canyon\/goynuk-canyon\/?tve=true&amp;tcbf=8a45bbc0ac\"><\/span><\/p>\n<p>Eine Wanderroute f\u00fchrt entlang eines Schotterwegs bis zum Ende des Tals und in die Schlucht hinein. Sie eignet sich f\u00fcr Anf\u00e4nger und erfahrene Wanderer und bietet gro\u00dfartige Naturlandschaften zum Erkunden.<\/p>\n<p>Begleitet werdet ihr vom Rauschen des Flusses, Pinienw\u00e4ldern und dem Lied des Windes. Nicht selten begegnet man hier Salamandern und anderen tierischen Bewohnern.<\/p>\n<p>Neben gleichgesinnten Wanderern, die zur Schlucht aufgebrochen sind, trifft man auch auf andere Wandergruppen. Sie folgen dem <strong>510 m langen Wanderweg \u201e<\/strong><a href=\"https:\/\/antalyatouristinformation.com\/de\/sehenswurdigkeiten\/attraktionen\/lykischer-weg\/\"><strong>Lykischer Weg<\/strong><\/a><strong>\u201c&nbsp;<\/strong>entlang der Berge der Lykischen K\u00fcste.<\/p>\n<p>Ihr erreicht nach etwa einem Kilometer den <strong>h\u00f6chsten Punkt<\/strong>. Dort liegt auch <strong>einer der sch\u00f6nsten Aussichtspunkte<\/strong> des G\u00f6yn\u00fck-Wanderwegs. Ihr erkennt ihn an einem Holzbrunnen, der direkt davor steht und frisches Quellwasser spendet. Die Bank daneben ist ein guter Platz f\u00fcr eine Pause mit einem sch\u00f6nen Blick auf den Flusslauf.<\/p>\n<p>Es folgt nun <strong>eine 2 Kilometer lange Strecke<\/strong>. Sie verl\u00e4uft \u00fcber einen ziemlich stark abfallenden Hang und f\u00fchrt schlie\u00dflich zur Schlucht.<\/p>\n<p>Am <strong>Ende der Wanderung befindet sich eine H\u00fctte an einem See<\/strong>. Bei gef\u00fchrten Wanderrundg\u00e4ngen mit entsprechender Ausr\u00fcstung wird von hier aus auch die Schlucht selbst angesteuert.<\/p>\n<p>Alle anderen Wanderer k\u00f6nnen nun eine wohlverdiente Pause am See einlegen. <strong>Das glasklare und eiskalte Wasser ist eine willkommene Abk\u00fchlung an hei\u00dfen Tagen<\/strong>. In der H\u00fctte k\u00f6nnt ihr w\u00e4hrend der Saison Snacks und Erfrischungen kaufen.<\/p>\n<h2 id=\"t-1622450525180\" data-alt-text=\"Restaurant \">Restaurant im G\u00f6yn\u00fck Canyon<\/h2>\n<p><span><img decoding=\"async\" alt=\"Goynuk Canyon in Antalya in Turkey\" data-id=\"5031\" width=\"702\" data-init-width=\"1000\" height=\"468\" data-init-height=\"667\" title=\"Goynuk Canyon in Antalya in Turkey\" loading=\"lazy\" src=\"https:\/\/antalyatouristinformation.com\/de\/wp-content\/uploads\/sites\/10\/2021\/04\/Goynuk-Canyon-in-Antalya-in-Turkey-2.jpg\" data-width=\"702\" data-height=\"468\" data-pinpro-key=\"3xvh0962l\" data-pin-media=\"https:\/\/antalyatouristinformation.com\/de\/wp-content\/uploads\/sites\/10\/2021\/06\/prag_50_sehenswuerdigkeiten_pinterest-12-3.jpg\" data-pin-description=\"Guide to G\u00f6yn\u00fck Canyon in Kemer | Antalya Tourist Information\" data-pin-url=\"https:\/\/antalyatouristinformation.com\/de\/things-to-do\/canyon\/goynuk-canyon\/?tve=true&amp;tcbf=8a45bbc0ac\"><\/span><\/p>\n<p>Wieder zur\u00fcck am Eingang bzw. Ausgang vom Canyon trefft ihr auf ein rustikales Restaurant mit Sitzpl\u00e4tzen direkt am See.<\/p>\n<p>Hier k\u00f6nnt ihr euch nach dem Ausflug<strong> wunderbar ausruhen<\/strong> und mit typisch t\u00fcrkischen Grillgerichten und Snacks wieder zu Kr\u00e4ften kommen.<\/p>\n<h2 id=\"t-1624883939442\" data-alt-text=\"Attraktionen in der N\u00e4he \">Attraktionen in der N\u00e4he von G\u00f6yn\u00fck Canyon<\/h2>\n<p>Ihr k\u00f6nnt den Tagesausflug nach G\u00f6yn\u00fck gut mit anderen <a href=\"https:\/\/antalyatouristinformation.com\/de\/sehenswurdigkeiten\/attraktionen\/\">Attraktionen <\/a>kombinieren.<\/p>\n<ul>\n<li>Zum Beispiel solltet ihr unbedingt die <a href=\"https:\/\/antalyatouristinformation.com\/de\/sehenswurdigkeiten\/geschichte\/olympos\/\">antike Stadt Olympos<\/a> bei \u00c7\u0131ral\u0131 besuchen. Dort k\u00f6nnt ihr antike Ruinen und den naturbelassenen <a href=\"https:\/\/antalyatouristinformation.com\/de\/sehenswurdigkeiten\/strand\/olympos\/\">Olympos Strand<\/a> bewundern.<\/li>\n<li>In der n\u00e4heren Umgebung, in Kemer, befinden sich der Vergn\u00fcgungspark <a href=\"https:\/\/antalyatouristinformation.com\/de\/sehenswurdigkeiten\/attraktionen\/dinopark\/\">Dinopark <\/a>und der authentische <a href=\"https:\/\/antalyatouristinformation.com\/de\/sehenswurdigkeiten\/attraktionen\/yoruk-park\/\">Y\u00f6r\u00fck Park<\/a>, der der Geschichte des Nomadenvolkes Y\u00f6r\u00fck gewidmet ist.<\/li>\n<li>Eine Fahrt mit der <a href=\"https:\/\/antalyatouristinformation.com\/de\/sehenswurdigkeiten\/attraktionen\/olympos-seilbahn\/\">Seilbahn Olympos Teleferik<\/a> f\u00fchrt euch dagegen auf den 2500 m hohen Tahtal\u0131 Berg. Hier k\u00f6nnt ihr Aussichten auf Kemer, das 50 km entfernte Antalya, auf die Berge und das Mittelmeer genie\u00dfen.<\/li>\n<\/ul>\n<p><span><img decoding=\"async\" alt=\"Goyn\u00fck Canyon in Antalya in Turkey by Thomas\" data-id=\"5649\" width=\"702\" data-init-width=\"1000\" height=\"468\" data-init-height=\"667\" title=\"Goyn\u00fck Canyon in Antalya in Turkey by Thomas\" loading=\"lazy\" src=\"https:\/\/antalyatouristinformation.com\/de\/wp-content\/uploads\/sites\/10\/2021\/05\/Goynuk-Canyon-in-Antalya-in-Turkey-4.jpg\" data-width=\"702\" data-height=\"468\" data-pinpro-key=\"l8gbr6mw5\" data-pin-media=\"https:\/\/antalyatouristinformation.com\/de\/wp-content\/uploads\/sites\/10\/2021\/06\/prag_50_sehenswuerdigkeiten_pinterest-12-3.jpg\" data-pin-description=\"Guide to G\u00f6yn\u00fck Canyon in Kemer | Antalya Tourist Information\" data-pin-url=\"https:\/\/antalyatouristinformation.com\/de\/things-to-do\/canyon\/goynuk-canyon\/?tve=true&amp;tcbf=8a45bbc0ac\"><\/span><\/p>\n<h2 id=\"t-1624883939440\" data-alt-text=\"Eintritt, Tickets &amp; F\u00fchrungen\">Eintritt, Tickets und F\u00fchrungen<\/h2>\n<ul>\n<li><span><strong>Eintritt: <\/strong>Der Eintritt in den G\u00f6yn\u00fck Canyon ist kostenpflichtig.<\/span><\/li>\n<li><span><strong>Tickets:<\/strong> Eintrittskarten sind an der Ticketkasse vor Ort erh\u00e4ltlich.<\/span><\/li>\n<li><span><strong>Touren:&nbsp;<\/strong><a href=\"https:\/\/www.goynukcanyon.com\/de\/tours-de\/\" target=\"_blank\" rel=\"noopener\">Hier <\/a>k\u00f6nnt ihr Canyoning-Touren und Zipline-Abenteuer im G\u00f6yn\u00fck Canyon buchen.<\/span><\/li>\n<\/ul>\n<ul>\n<li><span><strong>Tipp:<\/strong> Falls ihr Tickets f\u00fcr Vergn\u00fcgungsparks, Museen und Touren f\u00fcr eure Antalya-Reise vorab buchen m\u00f6chtet, solltet ihr unbedingt einen Blick auf die Angebote in unserem offiziellen Shop werfen<\/span><\/li>\n<\/ul>\n<p><span><img decoding=\"async\" alt=\"Goynuk Canyon in Antalya in Turkey\" data-id=\"5034\" width=\"702\" data-init-width=\"1000\" height=\"468\" data-init-height=\"667\" title=\"Goynuk Canyon in Antalya in Turkey\" src=\"https:\/\/antalyatouristinformation.com\/de\/wp-content\/uploads\/sites\/10\/2021\/04\/Goynuk-Canyon-in-Antalya-in-Turkey-3.jpg\" data-width=\"702\" data-height=\"468\" loading=\"lazy\" data-pinpro-key=\"gi9u9jf0o\" data-pin-media=\"https:\/\/antalyatouristinformation.com\/de\/wp-content\/uploads\/sites\/10\/2021\/06\/prag_50_sehenswuerdigkeiten_pinterest-12-3.jpg\" data-pin-description=\"Guide to G\u00f6yn\u00fck Canyon in Kemer | Antalya Tourist Information\" data-pin-url=\"https:\/\/antalyatouristinformation.com\/de\/things-to-do\/canyon\/goynuk-canyon\/?tve=true&amp;tcbf=8a45bbc0ac\"><\/span><\/p>\n<h2 id=\"t-1624883939443\" data-alt-text=\"Wie komme ich zum Canyon?\">Wie komme ich zum G\u00f6yn\u00fck Canyon?<\/h2>\n<p>Der G\u00f6yn\u00fck Canyon befindet sich im Ferienort G\u00f6yn\u00fck im Bezirk Kemer in der Provinz Antalya.<\/p>\n<p>Ihr erreicht ihn am einfachsten mit dem <a href=\"https:\/\/antalyatouristinformation.com\/de\/plan\/mietwagen\/\">Mietwagen<\/a>. Die Schnellstra\u00dfe D-400 Richtung Finike f\u00fchrt von Antalya zum G\u00f6yn\u00fck Canyon. Nehmt die ausgeschilderte Ausfahrt unweit der Br\u00fccke \u201cG\u00f6yn\u00fck-Beldibi\u201c. Am Eingang des Canyons gibt es Parkpl\u00e4tze.<\/p>\n<p>Die Anreise mit dem <a href=\"https:\/\/antalyatouristinformation.com\/de\/offentlicher-verkehr\/\">\u00f6ffentlichen Verkehr<\/a> ist aufgrund der begrenzten Abfahrtzeiten nicht sehr empfehlenswert. Es fahren einmal pro Stunde Busse von der Gemeinde G\u00f6yn\u00fck zum G\u00f6yn\u00fck-Canyon.<\/p>\n<p><span><img decoding=\"async\" alt=\"Goynuk Canyon in Antalya in Turkey by Thomas\" data-id=\"5651\" width=\"702\" data-init-width=\"1000\" height=\"468\" data-init-height=\"667\" title=\"Goynuk Canyon in Antalya in Turkey by Thomas\" loading=\"lazy\" src=\"https:\/\/antalyatouristinformation.com\/de\/wp-content\/uploads\/sites\/10\/2021\/05\/Goynuk-Canyon-in-Antalya-in-Turkey-7.jpg\" data-width=\"702\" data-height=\"468\" data-pinpro-key=\"dyi1md475\" data-pin-media=\"https:\/\/antalyatouristinformation.com\/de\/wp-content\/uploads\/sites\/10\/2021\/06\/prag_50_sehenswuerdigkeiten_pinterest-12-3.jpg\" data-pin-description=\"Guide to G\u00f6yn\u00fck Canyon in Kemer | Antalya Tourist Information\" data-pin-url=\"https:\/\/antalyatouristinformation.com\/de\/things-to-do\/canyon\/goynuk-canyon\/?tve=true&amp;tcbf=8a45bbc0ac\"><\/span><\/p>\n<h2 id=\"t-1622450525184\" data-alt-text=\"FAQ\">FAQ (H\u00e4ufige Fragen)<\/h2>\n<h2 id=\"t-1622450525185\">Kontakt<\/h2>\n<ul>\n<li><span><strong>Adresse:&nbsp;<\/strong>G\u00f6yn\u00fck Canyon, Beldibi Mahallesi, \u00c7omaklar Mevkii, No:73 G\u00f6yn\u00fck Kanyonu, 07982 Kemer\/Antalya<\/span><\/li>\n<li><span><strong><strong>\u00d6ffnungszeiten: <\/strong><\/strong>Die aktuellen \u00d6ffnungszeiten findet ihr auf der offiziellen <a href=\"https:\/\/www.goynukcanyon.com\/de\/faq\/\" target=\"_blank\" rel=\"noopener\">Webseite<\/a>.<\/span><\/li>\n<li><span><strong><strong>\u00d6ffentlicher Verkehr: <\/strong> <\/strong>Es fahren st\u00fcndlich Busse von der Gemeinde G\u00f6yn\u00fck zum Canyon.<\/span><\/li>\n<li><span><strong>Webseite:&nbsp;<\/strong><strong><a href=\"https:\/\/www.goynukcanyon.com\/de\/home-de\/\">GoynukCanyon.com<\/a><\/strong><\/span><\/li>\n<\/ul>\n","protected":false},"excerpt":{"rendered":"<p>Hier ist der Guide zum G\u00f6yn\u00fck Canyon in Kemer. Er ist mit seiner Natursch\u00f6nheit ein beliebtes Ausflugsziel zum Wandern und Canyoning. Falls ihr mehr \u00fcber: den G\u00f6yn\u00fck Canyon, Wanderwege &amp; Attraktionen in der Umgebung und Anfahrt &amp; Eintritt wissen wollt, dann seid ihr hier genau richtig! Los geht\u2019s! Was kann ich im G\u00f6yn\u00fck Canyon machen? [&hellip;]<\/p>\n","protected":false},"author":5,"featured_media":5025,"parent":265,"menu_order":0,"comment_status":"open","ping_status":"closed","template":"","meta":{"_acf_changed":false,"footnotes":""},"categories":[],"tags":[40],"class_list":["post-273","page","type-page","status-publish","has-post-thumbnail","hentry","tag-canyon","post-wrapper","thrv_wrapper"],"acf":[],"wp-worthy-pixel":{"ignored":false,"public":"8d2cb8636274452cb0285d314bcda225","server":"vg01.met.vgwort.de","url":"https:\/\/vg01.met.vgwort.de\/na\/8d2cb8636274452cb0285d314bcda225"},"wp-worthy-type":"normal","_links":{"self":[{"href":"https:\/\/antalyatouristinformation.com\/de\/wp-json\/wp\/v2\/pages\/273","targetHints":{"allow":["GET"]}}],"collection":[{"href":"https:\/\/antalyatouristinformation.com\/de\/wp-json\/wp\/v2\/pages"}],"about":[{"href":"https:\/\/antalyatouristinformation.com\/de\/wp-json\/wp\/v2\/types\/page"}],"author":[{"embeddable":true,"href":"https:\/\/antalyatouristinformation.com\/de\/wp-json\/wp\/v2\/users\/5"}],"replies":[{"embeddable":true,"href":"https:\/\/antalyatouristinformation.com\/de\/wp-json\/wp\/v2\/comments?post=273"}],"version-history":[{"count":10,"href":"https:\/\/antalyatouristinformation.com\/de\/wp-json\/wp\/v2\/pages\/273\/revisions"}],"predecessor-version":[{"id":14797,"href":"https:\/\/antalyatouristinformation.com\/de\/wp-json\/wp\/v2\/pages\/273\/revisions\/14797"}],"up":[{"embeddable":true,"href":"https:\/\/antalyatouristinformation.com\/de\/wp-json\/wp\/v2\/pages\/265"}],"wp:featuredmedia":[{"embeddable":true,"href":"https:\/\/antalyatouristinformation.com\/de\/wp-json\/wp\/v2\/media\/5025"}],"wp:attachment":[{"href":"https:\/\/antalyatouristinformation.com\/de\/wp-json\/wp\/v2\/media?parent=273"}],"wp:term":[{"taxonomy":"category","embeddable":true,"href":"https:\/\/antalyatouristinformation.com\/de\/wp-json\/wp\/v2\/categories?post=273"},{"taxonomy":"post_tag","embeddable":true,"href":"https:\/\/antalyatouristinformation.com\/de\/wp-json\/wp\/v2\/tags?post=273"}],"curies":[{"name":"wp","href":"https:\/\/api.w.org\/{rel}","templated":true}]}}