{"id":280,"date":"2021-02-15T13:52:05","date_gmt":"2021-02-15T12:52:05","guid":{"rendered":"http:\/\/antalyatouristinformation.com\/clone4639485xzhehsskdjfhhdhebdkkekdeewsd4545gdfgm\/?page_id=280"},"modified":"2023-09-04T10:34:19","modified_gmt":"2023-09-04T08:34:19","slug":"green","status":"publish","type":"page","link":"https:\/\/antalyatouristinformation.com\/de\/sehenswurdigkeiten\/canyon\/green\/","title":{"rendered":"Green Canyon in Manavgat: Bootstouren, Anfahrt, Reisetipps"},"content":{"rendered":"<p>Das ist der komplette Guide zum Green Canyon bei Manavgat.<\/p>\n<p>Wenn man sich Bilder von dem Canyon anschaut, k\u00f6nnte man glatt denken, dass er sich auf den indonesischen Inseln befindet. Aber nein! Der Green Canyon liegt in der Region Antalya &#8211; genauer gesagt, am Stausee Olymap\u0131nar im Herzen des Taurusgebirges.<\/p>\n<p>Lest hier <strong>alles \u00fcber den Besuch des Canyons, Bootsausfl\u00fcge<\/strong>, <strong>Attraktionen<\/strong> und hilfreiche Ausk\u00fcnfte zu <strong>Anfahrt<\/strong> und <strong>Eintritt<\/strong>.<\/p>\n<p>Los geht&#8217;s!<\/p>\n<h2 id=\"t-1624882911535\" data-alt-text=\"Was kann ich machen?\">Was kann ich im Green Canyon machen?<\/h2>\n<p><span><img decoding=\"async\" alt=\"Green Canyon in Antalya in Turkey\" data-id=\"2387\" width=\"702\" data-init-width=\"1000\" height=\"468\" data-init-height=\"667\" title=\"Green Canyon in Antalya in Turkey\" src=\"\/\/antalyatouristinformation.com\/de\/wp-content\/uploads\/sites\/10\/2021\/04\/Green-Canyon-in-Antalya-in-Turkey.jpg\" data-width=\"702\" data-height=\"468\" loading=\"lazy\" data-pinpro-key=\"mt5utt4au\" data-pin-media=\"https:\/\/antalyatouristinformation.com\/de\/wp-content\/uploads\/sites\/10\/2021\/06\/prag_50_sehenswuerdigkeiten_pinterest-13-2.jpg\" data-pin-description=\"Green Canyon Guide in Manavgat | Antalya Tourist Information\" data-pin-url=\"https:\/\/antalyatouristinformation.com\/de\/things-to-do\/canyon\/green\/?tve=true&amp;tcbf=8a45bbc0ac\"><\/span><\/p>\n<p>Der Green Canyon ist mit seiner Naturlandschaft und einem der gr\u00f6\u00dften Stauseen in der T\u00fcrkei <strong>ein beliebtes Ausflugsziel im Sommer<\/strong>.<\/p>\n<p>Vor Ort k\u00f6nnt ihr <strong>entlang des Ufers spazieren und die Sch\u00f6nheit der Natur bewundern.<\/strong><\/p>\n<p>Am Ufer gibt es <strong>Caf\u00e9s und Restaurants<\/strong>, die t\u00fcrkische Spezialit\u00e4ten anbieten. Ihr k\u00f6nnt hier etwas essen, relaxen und die herrliche Aussicht auf das t\u00fcrkisfarbene Wasser genie\u00dfen.<\/p>\n<p>Die beste M\u00f6glichkeit, um den Green Canyon von Nahem zu sehen, ist die ca. 17 Kilometer lange Fahrt mit den beliebten <strong>Bootstouren<\/strong>.<\/p>\n<h3>1. Bootsfahrten &amp; Touren im Green Canyon (Manavgat)<\/h3>\n<p>Der Green Canyon ist einer der wenigen Canyons in der T\u00fcrkei, die Kreuzfahrten anbieten. Es verwundert daher nicht, dass eine ganzt\u00e4gige Kreuzfahrt durch den malerischen Canyon eine der beliebtesten Aktivit\u00e4ten vor Ort ist. Vor allem an br\u00fchend hei\u00dfen Tagen bietet euch der Green Canyon mit seinem <strong>erfrischend kalten Wasser<\/strong><strong> und seiner friedvollen Stille<\/strong> Abwechslung.<\/p>\n<p>W\u00e4hrend des Bootsausflugs k\u00f6nnt ihr Sonne tanken und die Aussicht auf die <strong>unber\u00fchrte Sch\u00f6nheit des Canyons und des Taurusgebirges<\/strong> genie\u00dfen. Dabei werdet ihr mit reichlichen Fotomotiven belohnt.<\/p>\n<p>Die Kreuzfahrt f\u00fchrt euch <strong>entlang einer schroffen Felslandschaft \u00fcber den Olymap\u0131nar-Stausee<\/strong>. Er ist mit einer Fl\u00e4che von 470 Hektar einer der gr\u00f6\u00dften Stauseen des Landes.<\/p>\n<p>Die ruhige Atmosph\u00e4re und die friedliche Umgebung kreieren ein entspannendes und friedvolles Erlebnis.<\/p>\n<p>An den diversen Stopps k\u00f6nnt ihr <strong>in das glasklare Wasser springen, euch im smaragdgr\u00fcnen See abk\u00fchlen und schwimmen.<\/strong> Bei den meisten Bootstouren ist ein Mittagessen und Getr\u00e4nke inklusive.<\/p>\n<p>Ihr k\u00f6nnt alternativ an den Natur-Touren teilnehmen. Dabei begebt ihr euch auf die Suche nach dem vom Aussterben bedrohten Wellenbrust-Fischuhu. Das ist eine Vogelart aus der Familie der Eulen.<\/p>\n<h3>2. Attraktionen in der Umgebung<\/h3>\n<p>Manavgat ist reich an herrlichen Landschaften und verbl\u00fcffenden Naturwundern. Aus diesem Grund findet ihr in der Umgebung vom Green Canyon eindrucksvolle Sehensw\u00fcrdigkeiten.<\/p>\n<p>Eine davon ist der <a href=\"https:\/\/antalyatouristinformation.com\/de\/sehenswurdigkeiten\/wasserfalle\/manavgat-wasserfall\/\">Manavgat Wasserfall<\/a>. Er ist einer der meistbesuchten Wasserf\u00e4lle in der T\u00fcrkei.<\/p>\n<p>Ein weiteres Highlight in der Gegend ist die verborgene <a href=\"https:\/\/antalyatouristinformation.com\/de\/sehenswurdigkeiten\/hohle\/altinbesik\/\">Alt\u0131nbe\u015fik H\u00f6hle<\/a> im gleichnamigen National Park. Mehr dazu erfahrt ihr in unserem Guide \u00fcber die Alt\u0131nbe\u015fik H\u00f6hle &amp; Nationalpark.<\/p>\n<p><a href=\"https:\/\/antalyatouristinformation.com\/de\/shopping\/\">Shopping<\/a>-Fans kommen dagegen im<a href=\"https:\/\/antalyatouristinformation.com\/de\/shopping\/manavgat-basar\/\"> Manavgat Basar <\/a>oder im Einkaufscenter Novamall Manavgat voll auf ihre Kosten.<\/p>\n<p><span><img decoding=\"async\" alt=\"Wooden tourist boat sail in green canyon Alanya in Turkey\" data-id=\"2389\" width=\"702\" data-init-width=\"1000\" height=\"468\" data-init-height=\"667\" title=\"Wooden tourist boat sail in green canyon Alanya in Turkey\" src=\"\/\/antalyatouristinformation.com\/de\/wp-content\/uploads\/sites\/10\/2021\/04\/Wooden-tourist-boat-sail-in-green-canyon-Alanya-in-Turkey.jpg\" data-width=\"702\" data-height=\"468\" loading=\"lazy\" data-pinpro-key=\"6gk5rrjcn\" data-pin-media=\"https:\/\/antalyatouristinformation.com\/de\/wp-content\/uploads\/sites\/10\/2021\/06\/prag_50_sehenswuerdigkeiten_pinterest-13-2.jpg\" data-pin-description=\"Green Canyon Guide in Manavgat | Antalya Tourist Information\" data-pin-url=\"https:\/\/antalyatouristinformation.com\/de\/things-to-do\/canyon\/green\/?tve=true&amp;tcbf=8a45bbc0ac\"><\/span><\/p>\n<h2 id=\"t-1624882911536\" data-alt-text=\"Eintritt, Tickets &amp; F\u00fchrungen\">Eintritt, Tickets und F\u00fchrungen<\/h2>\n<ul>\n<li><span><strong>Tickets:<\/strong> Bootstouren durch den Green Canyon <strong>ab<\/strong> <strong>Antalya<\/strong> k\u00f6nnen <a href=\"https:\/\/www.getyourguide.de\/antalya-l172\/green-canyon-boat-trip-t69770\/?partner_id=0F6NPGN&amp;utm_medium=suppliers&amp;cmp=AntalyaTouristInformation\" target=\"_blank\" rel=\"nofollow noopener\">hier im Voraus gekauft werden<\/a>. Green Canyon Bootstouren mit Abfahrt <strong>von<\/strong> <strong>Alanya<\/strong> <a href=\"https:\/\/www.getyourguide.de\/alanya-l918\/from-alanya-full-day-green-canyon-tour-with-lunch-t469296\/?partner_id=0F6NPGN&amp;utm_medium=suppliers&amp;cmp=AntalyaTouristInformation\" target=\"_blank\" rel=\"nofollow noopener\">findet ihr hier<\/a>.<\/span><\/li>\n<li><span><strong>Touren:&nbsp;<\/strong>Tickets f\u00fcr Ganztagesausfl\u00fcge, bei denen ihr den Green Canyon und den Oymap\u0131nar-Staudamm w\u00e4hrend einer Jeep-Safari erkundet, sind ebenfalls sehr beliebt. <a href=\"https:\/\/www.getyourguide.de\/side-l856\/from-side-jeep-safari-adventure-and-boat-trip-with-lunch-t412834\/?partner_id=0F6NPGN&amp;utm_medium=suppliers&amp;cmp=AntalyaTouristInformation\" target=\"_blank\" rel=\"nofollow noopener\">Bucht eure Jeep-Safari ab Side hier!<\/a><\/span><\/li>\n<\/ul>\n<ul>\n<li><span><strong>Tipp: <\/strong>Falls ihr Tickets f\u00fcr Vergn\u00fcgungsparks, Museen und Touren f\u00fcr eure Antalya-Reise vorab buchen m\u00f6chtet, solltet ihr unbedingt einen Blick auf die Angebote in unserem <a href=\"https:\/\/antalyatouristinformation.com\/de\/tickets\/\">offiziellen Shop <\/a>werfen:<\/span><\/li>\n<\/ul>\n<h2 id=\"t-1624882911537\" data-alt-text=\"Wie komme ich zum Canyon?\">Wie komme ich zum Green Canyon?<\/h2>\n<p>Green Canyon liegt in der N\u00e4he der Stadt Manavgat\/Side in der Region Antalya, etwa 80 km von Antalya entfernt.<\/p>\n<p>Bei einer im Voraus gebuchten Bootsfahrt besteht bei vielen Anbietern die Option sich von seinem Hotel in der Region Antalya abholen zu lassen. Alternativ k\u00f6nnt ihr auch mit einem <a href=\"https:\/\/antalyatouristinformation.com\/de\/plan\/mietwagen\/\">Mietwagen <\/a>zum Green Canyon gelangen.<\/p>\n<p>Falls ihr den <a href=\"https:\/\/antalyatouristinformation.com\/de\/offentlicher-verkehr\/\">\u00f6ffentlichen Verkehr <\/a>nutzen m\u00f6chtet, k\u00f6nnt ihr den Minibus (Dolmu\u015f) vom Antalya Intercity Bus Terminal in Richtung Manavgat nehmen.<\/p>\n<p><span><img decoding=\"async\" alt=\"rafting in the green canyon in Alanya in Turkey\" data-id=\"2391\" width=\"702\" data-init-width=\"1000\" height=\"468\" data-init-height=\"667\" title=\"rafting in the green canyon in Alanya in Turkey\" src=\"\/\/antalyatouristinformation.com\/de\/wp-content\/uploads\/sites\/10\/2021\/04\/rafting-in-the-green-canyon-in-Alanya-in-Turkey.jpg\" data-width=\"702\" data-height=\"468\" loading=\"lazy\" data-pinpro-key=\"xcu3rusdq\" data-pin-media=\"https:\/\/antalyatouristinformation.com\/de\/wp-content\/uploads\/sites\/10\/2021\/06\/prag_50_sehenswuerdigkeiten_pinterest-13-2.jpg\" data-pin-description=\"Green Canyon Guide in Manavgat | Antalya Tourist Information\" data-pin-url=\"https:\/\/antalyatouristinformation.com\/de\/things-to-do\/canyon\/green\/?tve=true&amp;tcbf=8a45bbc0ac\"><\/span><\/p>\n<h2 id=\"t-1622450891311\" data-alt-text=\"FAQ\">FAQ (H\u00e4ufige Fragen)<\/h2>\n<h2 id=\"t-1622450891312\">Kontakt<\/h2>\n<ul>\n<li><span><strong>Adresse:&nbsp;<\/strong>Green Canyon, Sevin\u00e7k\u00f6y, River, 07600 Manavgat\/Antalya<\/span><\/li>\n<li><span><strong><strong>\u00d6ffnungszeiten: <\/strong><\/strong>Mo\u2013Fr: 9 bis 21 Uhr; Sa und So: 9 &#8211; 17 Uhr<\/span><\/li>\n<li><span><strong><strong>\u00d6ffentlicher Verkehr:&nbsp;<\/strong><\/strong>Minibusse vom Antalya Intercity Bus Terminal Richtung Manavgat<\/span><\/li>\n<\/ul>\n","protected":false},"excerpt":{"rendered":"<p>Das ist der komplette Guide zum Green Canyon bei Manavgat. Wenn man sich Bilder von dem Canyon anschaut, k\u00f6nnte man glatt denken, dass er sich auf den indonesischen Inseln befindet. Aber nein! Der Green Canyon liegt in der Region Antalya &#8211; genauer gesagt, am Stausee Olymap\u0131nar im Herzen des Taurusgebirges. Lest hier alles \u00fcber den [&hellip;]<\/p>\n","protected":false},"author":5,"featured_media":2385,"parent":265,"menu_order":0,"comment_status":"open","ping_status":"closed","template":"","meta":{"_acf_changed":false,"footnotes":""},"categories":[],"tags":[40],"class_list":["post-280","page","type-page","status-publish","has-post-thumbnail","hentry","tag-canyon","post-wrapper","thrv_wrapper"],"acf":[],"wp-worthy-pixel":{"ignored":false,"public":"4029441e4d954a7283728388e47fe418","server":"vg01.met.vgwort.de","url":"https:\/\/vg01.met.vgwort.de\/na\/4029441e4d954a7283728388e47fe418"},"wp-worthy-type":"normal","_links":{"self":[{"href":"https:\/\/antalyatouristinformation.com\/de\/wp-json\/wp\/v2\/pages\/280","targetHints":{"allow":["GET"]}}],"collection":[{"href":"https:\/\/antalyatouristinformation.com\/de\/wp-json\/wp\/v2\/pages"}],"about":[{"href":"https:\/\/antalyatouristinformation.com\/de\/wp-json\/wp\/v2\/types\/page"}],"author":[{"embeddable":true,"href":"https:\/\/antalyatouristinformation.com\/de\/wp-json\/wp\/v2\/users\/5"}],"replies":[{"embeddable":true,"href":"https:\/\/antalyatouristinformation.com\/de\/wp-json\/wp\/v2\/comments?post=280"}],"version-history":[{"count":10,"href":"https:\/\/antalyatouristinformation.com\/de\/wp-json\/wp\/v2\/pages\/280\/revisions"}],"predecessor-version":[{"id":15190,"href":"https:\/\/antalyatouristinformation.com\/de\/wp-json\/wp\/v2\/pages\/280\/revisions\/15190"}],"up":[{"embeddable":true,"href":"https:\/\/antalyatouristinformation.com\/de\/wp-json\/wp\/v2\/pages\/265"}],"wp:featuredmedia":[{"embeddable":true,"href":"https:\/\/antalyatouristinformation.com\/de\/wp-json\/wp\/v2\/media\/2385"}],"wp:attachment":[{"href":"https:\/\/antalyatouristinformation.com\/de\/wp-json\/wp\/v2\/media?parent=280"}],"wp:term":[{"taxonomy":"category","embeddable":true,"href":"https:\/\/antalyatouristinformation.com\/de\/wp-json\/wp\/v2\/categories?post=280"},{"taxonomy":"post_tag","embeddable":true,"href":"https:\/\/antalyatouristinformation.com\/de\/wp-json\/wp\/v2\/tags?post=280"}],"curies":[{"name":"wp","href":"https:\/\/api.w.org\/{rel}","templated":true}]}}