{"id":282,"date":"2021-02-15T13:52:43","date_gmt":"2021-02-15T12:52:43","guid":{"rendered":"http:\/\/antalyatouristinformation.com\/clone4639485xzhehsskdjfhhdhebdkkekdeewsd4545gdfgm\/?page_id=282"},"modified":"2023-04-27T12:58:17","modified_gmt":"2023-04-27T10:58:17","slug":"altinbesik","status":"publish","type":"page","link":"https:\/\/antalyatouristinformation.com\/de\/sehenswurdigkeiten\/hohle\/altinbesik\/","title":{"rendered":"Alt\u0131nbe\u015fik H\u00f6hle in Alanya: Eintritt und Tipps"},"content":{"rendered":"<h3>Das ist der komplette Guide zur Alt\u0131nbe\u015fik H\u00f6hle und des Nationalparks in Alanya.<\/h3>\n<p>In der Gegend von Alanya gibt es Dutzende von H\u00f6hlen. Eine der interessantesten ist die Alt\u0131nbe\u015fik-H\u00f6hle, die in dem gleichnamigen Nationalpark liegt.<\/p>\n<p>Der See in der H\u00f6hle ist der drittgr\u00f6\u00dfte H\u00f6hlensee der Welt. Ihr k\u00f6nnt mit Schlauchbooten in die H\u00f6hle fahren.<\/p>\n<p>Dazu kommt noch die fantastische Aussicht.<\/p>\n<p>Hier findet ihr alle wichtigen Informationen, die ihr vor dem Besuch der H\u00f6hle wissen solltet. Dazu geh\u00f6ren Tipps, Eintritt, Anfahrt sowie die Geschichte der Alt\u0131nbe\u015fik-H\u00f6hle.<\/p>\n<h2 id=\"t-1625485901251\" data-alt-text=\"Was kann ich dort machen?\">Was kann ich im Nationalpark machen?<\/h2>\n<p>Der Nationalpark mit der Alt\u0131nbe\u015fik H\u00f6hle liegt <strong>678 Meter \u00fcber dem Meeresspiegel<\/strong>, am westlichen Hang des sehr steilen Manavgat Tals. Das Tal, in dem die H\u00f6hle liegt, ist mit Gestr\u00fcpp und S\u00fcmpfen bedeckt. Berge und H\u00f6hlen gibt es in der Gegend um den Alt\u0131nbe\u015fik Nationalpark ungew\u00f6hnlich h\u00e4ufig.<\/p>\n<p>Der erste Ort, den ihr euch im Nationalpark ansehen solltet, ist definitiv die Alt\u0131nbe\u015fik H\u00f6hle. Es gibt viele Natursch\u00f6nheiten im Manavgat Tal und ihr werdet mit Sicherheit beeindruckt sein. Lasst uns einen Blick darauf werfen, was ihr in dem Dorf in der N\u00e4he und in der H\u00f6hle selbst machen k\u00f6nnt.<\/p>\n<p><span><img decoding=\"async\" alt=\"\" data-id=\"1751\" width=\"702\" data-init-width=\"1000\" height=\"471\" data-init-height=\"670\" title=\"d\u00fc\u011fmeli evler antalya in turkey\" loading=\"lazy\" src=\"\/\/antalyatouristinformation.com\/de\/wp-content\/uploads\/sites\/10\/2021\/03\/duegmeli-evler-antalya-in-turkey.jpg\" data-width=\"702\" data-height=\"471\" data-pinpro-key=\"cnkf4zvlr\" data-pin-media=\"https:\/\/antalyatouristinformation.com\/de\/wp-content\/uploads\/sites\/10\/2021\/06\/prag_50_sehenswuerdigkeiten_pinterest-11-5.jpg\" data-pin-description=\"Alt\u0131nbe\u015fik Cave National Park | Antalya Tourist Information\" data-pin-url=\"https:\/\/antalyatouristinformation.com\/de\/sehenswurdigkeiten\/hohle\/altinbesik\/?tve=true&amp;tcbf=bef148651a\"><\/span><\/p>\n<p><b>\u201cKnopfh\u00e4user\u201d in Ormana<\/b><\/p>\n<p>Auf eurem Weg zum Alt\u0131nbe\u015fik Nationalpark kommt ihr bei dem Dorf Ormana vorbei. Hier seht ihr die sogenannten &#8222;Knopfh\u00e4user.&#8220; Das sind H\u00e4user, die nur aus Stein und Brettern ohne N\u00e4gel und Zement gebaut wurden. Die Bautechnik ist einzigartig in der Region und wurde vor allem in den Bezirken Akseki und Ibradi angewendet. Die Geschichte der Knopfh\u00e4user reicht 300 Jahre zur\u00fcck. Ihr k\u00f6nnt hier auch in den Bergen Pilze sammeln gehen oder nach Wildpferden Ausschau halten.<\/p>\n<p><b>Alt\u0131nbe\u015fik H\u00f6hle:<\/b><strong>der gr\u00f6\u00dfte unterirdische See der T\u00fcrkei<\/strong><\/p>\n<p>Die H\u00f6hle besteht aus <strong>3 Ebenen<\/strong>, die \u00fcbereinanderliegen. Die unterste und die mittlere Ebene sind in der Regenzeit aktiv w\u00e4hrend die h\u00f6chste Ebene st\u00e4ndig trocken ist.<\/p>\n<p>Der Eingang der H\u00f6hle liegt im Wasser. Daher fahrt ihr <strong>mit Schlauchbooten in die H\u00f6hle.<\/strong> Die Fahrt auf dem t\u00fcrkisfarbenen See dauert etwa 15 Minuten. Die Tiefe des Sees erreicht stellenweise bis zu 15 Meter.<\/p>\n<p>In der Mitte des Sees fahrt ihr unter einer Br\u00fccke aus einem nat\u00fcrlichen Felsblock durch. Am Ende seht ihr eine fast senkrechte Travertin Wand, die die 44 Meter lange Halle bedeckt.<\/p>\n<p>Die <strong>Luftfeuchtigkeit<\/strong> in der H\u00f6hle ist hoch und die durchschnittliche Temperatur liegt bei 17 Grad. Beachtet die Stalaktiten und Stalagmiten.<\/p>\n<p>In der N\u00e4he der H\u00f6hle gibt es eine kleine Cafeteria, die von der Stadtverwaltung von Antalya betrieben wird. Hier werden auch die Bootsfahrten in die H\u00f6hle organisiert.<\/p>\n<p>Im Winter und Fr\u00fchling ist die H\u00f6hle komplett mit Wasser gef\u00fcllt. Daher k\u00f6nnt ihr die Alt\u0131nbe\u015fik H\u00f6hle <strong>nur in den Sommer- und Herbstmonaten<\/strong> besuchen.<\/p>\n<p><span><img decoding=\"async\" alt=\"\" data-id=\"1748\" width=\"702\" data-init-width=\"1000\" height=\"471\" data-init-height=\"670\" title=\"alt\u0131nbesik cave in antalya in turkey\" loading=\"lazy\" src=\"\/\/antalyatouristinformation.com\/de\/wp-content\/uploads\/sites\/10\/2021\/03\/altinbesik-cave-in-antalya-in-turkey.jpg\" data-width=\"702\" data-height=\"471\" data-pinpro-key=\"v0oznf9zk\" data-pin-media=\"https:\/\/antalyatouristinformation.com\/de\/wp-content\/uploads\/sites\/10\/2021\/06\/prag_50_sehenswuerdigkeiten_pinterest-11-5.jpg\" data-pin-description=\"Alt\u0131nbe\u015fik Cave National Park | Antalya Tourist Information\" data-pin-url=\"https:\/\/antalyatouristinformation.com\/de\/sehenswurdigkeiten\/hohle\/altinbesik\/?tve=true&amp;tcbf=bef148651a\"><\/span><\/p>\n<h2 id=\"t-1619792310061\">Eintritt, Tickets und Touren&nbsp;<\/h2>\n<ul>\n<li><span><strong>Eintritt:&nbsp;<\/strong>Die Alt\u0131nbe\u015fik H\u00f6hle ist im Winter und im Fr\u00fchjahr geschlossen. Ihr k\u00f6nnt die H\u00f6hle ab April besuchen. Die \u00d6ffnungszeiten sind t\u00e4glich von 09:00 bis 18:00 Uhr.&nbsp;<\/span><\/li>\n<li><span><strong>Tickets:<\/strong> Der Eintritt in den Nationalpark ist kostenpflichtig. In diesem Preis ist die Bootstour ins Innere der H\u00f6hle enthalten.&nbsp;<\/span><\/li>\n<\/ul>\n<ul>\n<li><span><strong>Tipp:<\/strong> Falls ihr Tickets f\u00fcr Vergn\u00fcgungsparks, Museen und Touren f\u00fcr eure Antalya-Reise vorab buchen m\u00f6chtet, solltet ihr unbedingt einen Blick auf die Angebote in unserem offiziellen Shop werfen.<\/span><\/li>\n<\/ul>\n<h2 id=\"t-1625485901252\" data-alt-text=\"Anfahrt\">Wie komme ich zum Alt\u0131nbe\u015fik-Nationalpark?<\/h2>\n<p><b>Auto:<\/b> Fahrt auf der Autobahn D-695 Konya-Manavgat so lange, bis ihr zu dem Dorf \u00dcr\u00fcnl\u00fc kommt. Die Entfernung von der Autobahn Antalya-Alanya, Anschlussstelle Konya, bis zum Dorf \u00dcr\u00fcnl\u00fc betr\u00e4gt etwa 90 Kilometer. Falls ihr ein <a href=\"https:\/\/antalyatouristinformation.com\/de\/plan\/mietwagen\/\">Auto mieten<\/a> m\u00f6chtet, findet ihr hier weitere Informationen.Alternativ k\u00f6nnt ihr auch die <a href=\"https:\/\/antalyatouristinformation.com\/de\/sehenswurdigkeiten\/wasserfalle\/manavgat-wasserfall\/\">Manavgat Wasserfall<\/a> Stra\u00dfe benutzen, um zu dem Bezirk Ibrad\u0131 zu gelangen. Von dort aus fahrt ihr bis zu dem Dorf \u00dcr\u00fcnl\u00fc weiter.<\/p>\n<h2 id=\"t-1619792310063\" data-alt-text=\"FAQ\">FAQ&nbsp;<\/h2>\n<p><span><img decoding=\"async\" alt=\"alt\u0131nbesik cave in Antalya in Turkey\" data-id=\"1749\" width=\"702\" data-init-width=\"1000\" height=\"470\" data-init-height=\"670\" title=\"alt\u0131nbesik cave in Antalya in Turkey\" loading=\"lazy\" src=\"https:\/\/antalyatouristinformation.com\/de\/wp-content\/uploads\/sites\/10\/2021\/03\/altinbesik-cave.jpg\" data-width=\"702\" data-height=\"470\" data-pinpro-key=\"c55sz4wpx\" data-pin-media=\"https:\/\/antalyatouristinformation.com\/de\/wp-content\/uploads\/sites\/10\/2021\/06\/prag_50_sehenswuerdigkeiten_pinterest-11-5.jpg\" data-pin-description=\"Alt\u0131nbe\u015fik Cave National Park | Antalya Tourist Information\" data-pin-url=\"https:\/\/antalyatouristinformation.com\/de\/sehenswurdigkeiten\/hohle\/altinbesik\/?tve=true&amp;tcbf=bef148651a\"><\/span><\/p>\n<h2 id=\"t-1619792310064\" data-alt-text=\"Geschichte\">Die Geschichte des Alt\u0131nbe\u015fik Nationalparks<\/h2>\n<p>Die Alt\u0131nbe\u015fik H\u00f6hle ist seit 1994 eine der wichtigsten H\u00f6hlen der Welt.<\/p>\n<p>Das Wasser der H\u00f6hle stammt aus einem Fluss, der vom 100 km n\u00f6rdlich gelegenen Beysehir See unterirdisch in die H\u00f6hle flie\u00dft. Die H\u00f6hle hat ein sehr gro\u00dfes unterirdisches Wassersystem. Mit einer L\u00e4nge von mehr als 100 Kilometern handelt es sich dabei um eines der l\u00e4ngsten und gr\u00f6\u00dften Karstsysteme der Welt. Der Fluss, der durch die untere und mittlere Ebene der H\u00f6hle flie\u00dft, ist sehr wichtig f\u00fcr den Wasserpegel in der H\u00f6hle.<\/p>\n<p>Entdeckt wurde die H\u00f6hle 1966 als Untersuchungen f\u00fcr den Oymap\u0131nar-Staudamm durchgef\u00fchrt wurden. Ihren Namen hat sie von dem Alt\u0131nbe\u015fik-H\u00fcgel an der Spitze. Seit 1994 ist die H\u00f6hle f\u00fcr Besucher ge\u00f6ffnet.<\/p>\n<p>Interesse an mehr Sehensw\u00fcrdigkeiten in Antalya? Hier findet ihr mehr Informationen \u00fcber <a href=\"https:\/\/antalyatouristinformation.com\/de\/sehenswurdigkeiten\/hohle\/\">H\u00f6hlen in Alanya.<\/a><\/p>\n<h2 id=\"t-1619792310065\" data-alt-text=\"Kontakt\">Kontakt<\/h2>\n<ul>\n<li><span><strong>Adresse:&nbsp;<\/strong>Alt\u0131nbe\u015fik Ma\u011faras\u0131 Milli Park\u0131 &#8211; \u0130brad\u0131 \/ Antalya<\/span><\/li>\n<li><span><strong>\u00d6ffnungszeiten:&nbsp;<\/strong>t\u00e4glich von 09.00-18.00 Uhr im Sommer und Herbst<\/span><\/li>\n<\/ul>\n","protected":false},"excerpt":{"rendered":"<p>Das ist der komplette Guide zur Alt\u0131nbe\u015fik H\u00f6hle und des Nationalparks in Alanya. In der Gegend von Alanya gibt es Dutzende von H\u00f6hlen. Eine der interessantesten ist die Alt\u0131nbe\u015fik-H\u00f6hle, die in dem gleichnamigen Nationalpark liegt. Der See in der H\u00f6hle ist der drittgr\u00f6\u00dfte H\u00f6hlensee der Welt. Ihr k\u00f6nnt mit Schlauchbooten in die H\u00f6hle fahren. Dazu [&hellip;]<\/p>\n","protected":false},"author":4,"featured_media":1745,"parent":147,"menu_order":0,"comment_status":"open","ping_status":"closed","template":"","meta":{"_acf_changed":false,"footnotes":""},"categories":[],"tags":[41],"class_list":["post-282","page","type-page","status-publish","has-post-thumbnail","hentry","tag-cave","post-wrapper","thrv_wrapper"],"acf":[],"wp-worthy-pixel":{"ignored":false,"public":null,"server":null,"url":null},"wp-worthy-type":"normal","_links":{"self":[{"href":"https:\/\/antalyatouristinformation.com\/de\/wp-json\/wp\/v2\/pages\/282","targetHints":{"allow":["GET"]}}],"collection":[{"href":"https:\/\/antalyatouristinformation.com\/de\/wp-json\/wp\/v2\/pages"}],"about":[{"href":"https:\/\/antalyatouristinformation.com\/de\/wp-json\/wp\/v2\/types\/page"}],"author":[{"embeddable":true,"href":"https:\/\/antalyatouristinformation.com\/de\/wp-json\/wp\/v2\/users\/4"}],"replies":[{"embeddable":true,"href":"https:\/\/antalyatouristinformation.com\/de\/wp-json\/wp\/v2\/comments?post=282"}],"version-history":[{"count":10,"href":"https:\/\/antalyatouristinformation.com\/de\/wp-json\/wp\/v2\/pages\/282\/revisions"}],"predecessor-version":[{"id":14963,"href":"https:\/\/antalyatouristinformation.com\/de\/wp-json\/wp\/v2\/pages\/282\/revisions\/14963"}],"up":[{"embeddable":true,"href":"https:\/\/antalyatouristinformation.com\/de\/wp-json\/wp\/v2\/pages\/147"}],"wp:featuredmedia":[{"embeddable":true,"href":"https:\/\/antalyatouristinformation.com\/de\/wp-json\/wp\/v2\/media\/1745"}],"wp:attachment":[{"href":"https:\/\/antalyatouristinformation.com\/de\/wp-json\/wp\/v2\/media?parent=282"}],"wp:term":[{"taxonomy":"category","embeddable":true,"href":"https:\/\/antalyatouristinformation.com\/de\/wp-json\/wp\/v2\/categories?post=282"},{"taxonomy":"post_tag","embeddable":true,"href":"https:\/\/antalyatouristinformation.com\/de\/wp-json\/wp\/v2\/tags?post=282"}],"curies":[{"name":"wp","href":"https:\/\/api.w.org\/{rel}","templated":true}]}}