{"id":284,"date":"2021-02-15T13:53:13","date_gmt":"2021-02-15T12:53:13","guid":{"rendered":"http:\/\/antalyatouristinformation.com\/clone4639485xzhehsskdjfhhdhebdkkekdeewsd4545gdfgm\/?page_id=284"},"modified":"2024-01-18T17:27:44","modified_gmt":"2024-01-18T16:27:44","slug":"damlatas","status":"publish","type":"page","link":"https:\/\/antalyatouristinformation.com\/de\/sehenswurdigkeiten\/hohle\/damlatas\/","title":{"rendered":"Damlata\u015f H\u00f6hle in Alanya: Eintritt und Tipps"},"content":{"rendered":"<h3>Das ist der komplette Guide zur Damlata\u015f-H\u00f6hle in Alanya.<\/h3>\n<p>Die Damlata\u015f-H\u00f6hle liegt direkt im Zentrum von Alanya.<\/p>\n<p>Sie blickt auf ein stolzes Alter von mehr als 15.000 Jahren zur\u00fcck. Die Damlata\u015f-H\u00f6hle ist eine gute Option, um etwas Abwechslung von dem Strandleben zu bekommen. In den hei\u00dfen Sommermonaten k\u00f6nnt ihr euch in der H\u00f6hle gut abk\u00fchlen und erfrischen.<\/p>\n<p>Die Luft im Inneren der H\u00f6hle soll sich positiv auf Asthma und Rheuma auswirken.<\/p>\n<p>Hier sind alle wichtigen Informationen, die ihr vor dem Besuch der H\u00f6hle wissen solltet. Dazu geh\u00f6ren Tipps, Eintritt, Anfahrt sowie die Geschichte der Damlata\u015f-H\u00f6hle.<\/p>\n<p><span><img decoding=\"async\" alt=\"\" data-id=\"1489\" width=\"702\" data-init-width=\"1000\" height=\"471\" data-init-height=\"670\" title=\"damlatas cave in alanya in turkey\" loading=\"lazy\" src=\"\/\/antalyatouristinformation.com\/de\/wp-content\/uploads\/sites\/10\/2021\/03\/damlatas-cave-in-alanya-in-turkey-1.jpg\" data-width=\"702\" data-height=\"471\" data-pinpro-key=\"bi0xma4y6\" data-pin-media=\"https:\/\/antalyatouristinformation.com\/de\/wp-content\/uploads\/sites\/10\/2021\/06\/prag_50_sehenswuerdigkeiten_pinterest-16-4.jpg\" data-pin-description=\"Visit Damlata\u015f Cave in Alanya | Antalya Tourist Information\" data-pin-url=\"https:\/\/antalyatouristinformation.com\/de\/sehenswurdigkeiten\/hohle\/damlatas\/?tve=true&amp;tcbf=bef148651a\"><\/span><\/p>\n<h2 id=\"t-1625485056806\" data-alt-text=\"Was kann ich dort machen?\">Was kann ich in der Damlata\u015f H\u00f6hle machen?<\/h2>\n<p>Die Damlata\u015f H\u00f6hle liegt unterhalb der <a href=\"https:\/\/antalyatouristinformation.com\/de\/sehenswurdigkeiten\/geschichte\/alanya-burg\/\">Burg von Alanya<\/a>, im Westen der Halbinsel. Der direkt davorliegende <a href=\"https:\/\/antalyatouristinformation.com\/de\/sehenswurdigkeiten\/strand\/damlatas\/\">Damlata\u015f Strand<\/a> wurde nach dieser H\u00f6hle benannt.<\/p>\n<p>In der H\u00f6hle seht ihr faszinierende Stalaktiten und Stalagmiten, die beeindruckend beleuchtet sind. Die <strong>H\u00f6hlentemperatur betr\u00e4gt konstant 22-23 Grad. <\/strong>Ein Teilabschnitt der Damlata\u015f H\u00f6hle ist 13 bis 14 Meter breit und 15 Meter hoch. Hier seht ihr sehr breite S\u00e4ulen aus Stalaktiten und Stalagmiten.<\/p>\n<p><b>Die heilende Luft in der Damlata\u015f H\u00f6hle<\/b><\/p>\n<p>Im Inneren der H\u00f6hle ist der Kohlendioxidanteil viel h\u00f6her als normal und die Luft hat radioaktive Eigenschaften. Das soll sich positiv auf Krankheiten wie nicht-allergisches Asthma und Rheumatismus auswirken.<\/p>\n<p>Da die H\u00f6hle auch zu medizinischen Zwecken genutzt wird, sind die Besuchszeiten f\u00fcr Patienten und Besucher getrennt geregelt. Es gibt 21-Tage-Programme zur Heilung von Asthma. Die Patienten verbringen 4 Stunden am Tag in der H\u00f6hle, um ihre Atemprobleme zu lindern.<\/p>\n<p>Ihr braucht ein \u00e4rztliches Rezept, um an einer solchen Therapie teilzunehmen, die geb\u00fchrenpflichtig ist.<\/p>\n<p><strong>Hier lest ihr mehr \u00fcber <a href=\"https:\/\/antalyatouristinformation.com\/de\/sehenswurdigkeiten\/alanya\/\">Sehensw\u00fcrdigkeiten in Alanya.<\/a><\/strong><\/p>\n<p><span><img decoding=\"async\" alt=\"damlatas cave in Antalya in Turkey 2\" data-id=\"1488\" width=\"702\" data-init-width=\"1000\" height=\"470\" data-init-height=\"670\" title=\"damlatas cave in Antalya in Turkey 2\" loading=\"lazy\" src=\"https:\/\/antalyatouristinformation.com\/de\/wp-content\/uploads\/sites\/10\/2021\/03\/sign-damlatas-cave.jpg\" data-width=\"702\" data-height=\"470\" data-pinpro-key=\"r6vr70oyw\" data-pin-media=\"https:\/\/antalyatouristinformation.com\/de\/wp-content\/uploads\/sites\/10\/2021\/06\/prag_50_sehenswuerdigkeiten_pinterest-16-4.jpg\" data-pin-description=\"Visit Damlata\u015f Cave in Alanya | Antalya Tourist Information\" data-pin-url=\"https:\/\/antalyatouristinformation.com\/de\/sehenswurdigkeiten\/hohle\/damlatas\/?tve=true&amp;tcbf=bef148651a\"><\/span><\/p>\n<h2 id=\"t-1619790693069\">Eintritt, Tickets und Touren<\/h2>\n<ul>\n<li><span><strong>Eintritt:<\/strong> Die Damlata\u015f H\u00f6hle ist jeden Tag zwischen 08:30 und 18.00 Uhr ge\u00f6ffnet<!--[endif]-->.&nbsp;<\/span><\/li>\n<li><span><strong>Tickets:<\/strong> Tickets sind vor Ort an der Ticketkasse erh\u00e4ltlich. Der Museumspass Akdeniz gilt nicht f\u00fcr die Damlata\u015f-H\u00f6hle.&nbsp;<\/span><\/li>\n<\/ul>\n<h2 id=\"t-1625485056807\" data-alt-text=\"Anfahrt\">Wie komme ich zur Damlata\u015f H\u00f6hle?<\/h2>\n<p><b>Auto:<\/b> Es gibt einen geb\u00fchrenpflichtigen Parkplatz bei der H\u00f6hle.<b>Bus:<\/b> Mit der Buslinie 1, 40, und 50 k\u00f6nnt ihr zu der Damlata\u015f H\u00f6hle gelangen.<\/p>\n<p>Falls ihr ein Auto mieten m\u00f6chtet, findet ihr hier Tipps zur <a href=\"https:\/\/antalyatouristinformation.com\/de\/plan\/mietwagen\/\">Automietung <\/a>in Anlanya.<\/p>\n<h2 id=\"t-1619790693071\" data-alt-text=\"FAQ\">FAQ<\/h2>\n<p><span><img decoding=\"async\" alt=\"\" data-id=\"1486\" width=\"702\" data-init-width=\"1000\" height=\"471\" data-init-height=\"670\" title=\"damlata\u015f cave in alanya - antalya in turkey\" loading=\"lazy\" src=\"\/\/antalyatouristinformation.com\/de\/wp-content\/uploads\/sites\/10\/2021\/03\/damlatas-cave-in-alanya-antalya-in-turkey.jpg\" data-width=\"702\" data-height=\"471\" data-pinpro-key=\"lomgo2frg\" data-pin-media=\"https:\/\/antalyatouristinformation.com\/de\/wp-content\/uploads\/sites\/10\/2021\/06\/prag_50_sehenswuerdigkeiten_pinterest-16-4.jpg\" data-pin-description=\"Visit Damlata\u015f Cave in Alanya | Antalya Tourist Information\" data-pin-url=\"https:\/\/antalyatouristinformation.com\/de\/sehenswurdigkeiten\/hohle\/damlatas\/?tve=true&amp;tcbf=bef148651a\"><\/span><\/p>\n<h2 id=\"t-1619790693072\" data-alt-text=\"Geschichte\">Die Geschichte der Damlata\u015f H\u00f6hle<\/h2>\n<p>Forschungen haben bewiesen, dass die Entstehung der Damlata\u015f H\u00f6hle 15.000 Jahre zur\u00fcckliegt. Regenwasser floss in die H\u00f6hle und durch die Feuchtigkeit und W\u00e4rme in der H\u00f6hle bildeten sich die Stalaktiten. Die Stalagmiten in der H\u00f6hle sind als Folge der hohen Temperatur in der H\u00f6hle entstanden. Eindringendes Salzwasser verlieh der H\u00f6hle ihre heutige Form.<\/p>\n<p>Die Damlata\u015f H\u00f6hle wurde 1948 beim Bau einer F\u00e4hranlegestelle durch eine Dynamit-Sprengung entdeckt. Nachdem sie zwei Geologen untersucht hatten, wurde sie f\u00fcr die \u00d6ffentlichkeit zug\u00e4nglich gemacht. Die Damlata\u015f H\u00f6hle war die erste f\u00fcr den Tourismus ge\u00f6ffnete H\u00f6hle der T\u00fcrkei.<\/p>\n<p>Interesse an mehr Sehensw\u00fcrdigkeiten in Antalya? Hier findet ihr mehr Informationen \u00fcber <a href=\"https:\/\/antalyatouristinformation.com\/de\/sehenswurdigkeiten\/hohle\/\">H\u00f6hlen in Alanya<\/a>.<\/p>\n<h2 id=\"t-1619790693073\" data-alt-text=\"Kontakt\">Kontakt<\/h2>\n<ul>\n<li><span><strong>Adresse:&nbsp;<\/strong>\u00c7ar\u015f\u0131, Damlata\u015f Cd. No:81, 07400 Alanya\/Antalya<\/span><\/li>\n<li><span><strong>\u00d6ffnungszeiten:&nbsp;<\/strong>08:30 &#8211; 18:00 Uhr t\u00e4glich<\/span><\/li>\n<li><span><strong>\u00d6ffentlicher Verkehr:&nbsp;<\/strong>Bus, Minibus<\/span><\/li>\n<\/ul>\n","protected":false},"excerpt":{"rendered":"<p>Das ist der komplette Guide zur Damlata\u015f-H\u00f6hle in Alanya. Die Damlata\u015f-H\u00f6hle liegt direkt im Zentrum von Alanya. Sie blickt auf ein stolzes Alter von mehr als 15.000 Jahren zur\u00fcck. Die Damlata\u015f-H\u00f6hle ist eine gute Option, um etwas Abwechslung von dem Strandleben zu bekommen. In den hei\u00dfen Sommermonaten k\u00f6nnt ihr euch in der H\u00f6hle gut abk\u00fchlen [&hellip;]<\/p>\n","protected":false},"author":5,"featured_media":1484,"parent":147,"menu_order":0,"comment_status":"open","ping_status":"closed","template":"","meta":{"_acf_changed":false,"footnotes":""},"categories":[],"tags":[41],"class_list":["post-284","page","type-page","status-publish","has-post-thumbnail","hentry","tag-cave","post-wrapper","thrv_wrapper"],"acf":[],"wp-worthy-pixel":{"ignored":false,"public":"3c06fc3df49a46bf8a7d169c911d38ed","server":"vg01.met.vgwort.de","url":"https:\/\/vg01.met.vgwort.de\/na\/3c06fc3df49a46bf8a7d169c911d38ed"},"wp-worthy-type":"normal","_links":{"self":[{"href":"https:\/\/antalyatouristinformation.com\/de\/wp-json\/wp\/v2\/pages\/284","targetHints":{"allow":["GET"]}}],"collection":[{"href":"https:\/\/antalyatouristinformation.com\/de\/wp-json\/wp\/v2\/pages"}],"about":[{"href":"https:\/\/antalyatouristinformation.com\/de\/wp-json\/wp\/v2\/types\/page"}],"author":[{"embeddable":true,"href":"https:\/\/antalyatouristinformation.com\/de\/wp-json\/wp\/v2\/users\/5"}],"replies":[{"embeddable":true,"href":"https:\/\/antalyatouristinformation.com\/de\/wp-json\/wp\/v2\/comments?post=284"}],"version-history":[{"count":10,"href":"https:\/\/antalyatouristinformation.com\/de\/wp-json\/wp\/v2\/pages\/284\/revisions"}],"predecessor-version":[{"id":14964,"href":"https:\/\/antalyatouristinformation.com\/de\/wp-json\/wp\/v2\/pages\/284\/revisions\/14964"}],"up":[{"embeddable":true,"href":"https:\/\/antalyatouristinformation.com\/de\/wp-json\/wp\/v2\/pages\/147"}],"wp:featuredmedia":[{"embeddable":true,"href":"https:\/\/antalyatouristinformation.com\/de\/wp-json\/wp\/v2\/media\/1484"}],"wp:attachment":[{"href":"https:\/\/antalyatouristinformation.com\/de\/wp-json\/wp\/v2\/media?parent=284"}],"wp:term":[{"taxonomy":"category","embeddable":true,"href":"https:\/\/antalyatouristinformation.com\/de\/wp-json\/wp\/v2\/categories?post=284"},{"taxonomy":"post_tag","embeddable":true,"href":"https:\/\/antalyatouristinformation.com\/de\/wp-json\/wp\/v2\/tags?post=284"}],"curies":[{"name":"wp","href":"https:\/\/api.w.org\/{rel}","templated":true}]}}