{"id":286,"date":"2021-02-15T13:53:50","date_gmt":"2021-02-15T12:53:50","guid":{"rendered":"http:\/\/antalyatouristinformation.com\/clone4639485xzhehsskdjfhhdhebdkkekdeewsd4545gdfgm\/?page_id=286"},"modified":"2024-01-18T17:27:49","modified_gmt":"2024-01-18T16:27:49","slug":"dim","status":"publish","type":"page","link":"https:\/\/antalyatouristinformation.com\/de\/sehenswurdigkeiten\/hohle\/dim\/","title":{"rendered":"Dim H\u00f6hle in Alanya: Eintritt und Tipps"},"content":{"rendered":"<h3>Das ist der komplette Guide zur Dim-H\u00f6hle in Alanya.<\/h3>\n<p>In der Gegend von Alanya gibt es Dutzende von H\u00f6hlen. Eine der sch\u00f6nsten ist die Dim-H\u00f6hle. Der kleine See in der H\u00f6hle verleiht ihr eine mystische Atmosph\u00e4re.<\/p>\n<p>Dazu kommt noch die fantastische Aussicht.<\/p>\n<p>Hier sind ihr alle wichtigen Informationen, die ihr vor dem Besuch der H\u00f6hle wissen solltet. Dazu geh\u00f6ren Tipps, Eintritt, Anfahrt sowie die Geschichte der Dim H\u00f6hle.<\/p>\n<p><span><img decoding=\"async\" alt=\"Dim Cave in Alanya in Antalya in Turkey\" data-id=\"5235\" width=\"702\" data-init-width=\"1000\" height=\"468\" data-init-height=\"667\" title=\"Dim Cave in Alanya in Antalya in Turkey\" loading=\"lazy\" src=\"https:\/\/antalyatouristinformation.com\/de\/wp-content\/uploads\/sites\/10\/2021\/04\/Dim-Cave-in-Alanya-in-Antalya-in-Turkey.jpg\" data-width=\"702\" data-height=\"468\" data-pinpro-key=\"mqrvvrzst\" data-pin-media=\"https:\/\/antalyatouristinformation.com\/de\/wp-content\/uploads\/sites\/10\/2021\/06\/prag_50_sehenswuerdigkeiten_pinterest-17-4.jpg\" data-pin-description=\"Visit Dim Cave in Alanya | Antalya Tourist Information\" data-pin-url=\"https:\/\/antalyatouristinformation.com\/de\/sehenswurdigkeiten\/hohle\/dim\/?tve=true&amp;tcbf=bef148651a\"><\/span><\/p>\n<h2 id=\"t-1625483858519\" data-alt-text=\"Was kann ich dort machen?\">Was kann ich in der Dim-H\u00f6hle machen?<\/h2>\n<p>Die Dim-H\u00f6hle liegt im oberen Teil des Dim-Tals. Der Weg zu der H\u00f6hle f\u00fchrt euch durch nahezu unber\u00fchrte Natur. Genie\u00dft die wunderbare Landschaft und saugt den Duft der Kiefern tief in euch auf.<\/p>\n<p>Die Dim-H\u00f6hle ist 410 Meter lang. 360 Meter davon k\u00f6nnt ihr besichtigen. Die bunte Beleuchtung im Inneren l\u00e4sst die Stalaktiten und Stalagmiten in einer reizvollen Atmosph\u00e4re erscheinen.<\/p>\n<p>In der Dim-H\u00f6hle gibt es <strong>vier Kammern<\/strong>, die die interessanten Namen Pamukkale-Kammer, Orgelkammer, Kammer mit Kronleuchter und See-Kammer tragen.<\/p>\n<p>Am beeindruckendsten jedoch ist ein kleiner Teich sowie ein <strong>200 m2 gro\u00dfer See <\/strong>in der H\u00f6hle. Die H\u00f6hlentemperatur betr\u00e4gt das ganze Jahr \u00fcber konstant 18 Grad.<\/p>\n<p>In der Umgebung der Dim-H\u00f6hle findet ihr viele Restaurants. Vergesst nicht, von der <strong>Aussichtsterrasse <\/strong>mit einem Fernglas einen Blick auf Alanya und das Taurusgebirge zu werfen. Hier k\u00f6nnt ihr auch tolle Fotos schie\u00dfen!<\/p>\n<p><strong>Hier findet ihr mehr Informationen \u00fcber <\/strong><a href=\"https:\/\/antalyatouristinformation.com\/de\/sehenswurdigkeiten\/alanya\/\"><strong>Sehensw\u00fcrdigkeiten in Alanya<\/strong><\/a><strong>.<\/strong><\/p>\n<p><span><img decoding=\"async\" alt=\"Entrance to Dim Cave in Alanya in Antalya in Turkey\" data-id=\"5236\" width=\"702\" data-init-width=\"1000\" height=\"468\" data-init-height=\"667\" title=\"Entrance to Dim Cave in Alanya in Antalya in Turkey\" loading=\"lazy\" src=\"https:\/\/antalyatouristinformation.com\/de\/wp-content\/uploads\/sites\/10\/2021\/04\/Entrance-Dim-Cave-in-Alanya-in-Antalya-in-Turkey.jpg\" data-width=\"702\" data-height=\"468\" data-pinpro-key=\"e7vrs19fc\" data-pin-media=\"https:\/\/antalyatouristinformation.com\/de\/wp-content\/uploads\/sites\/10\/2021\/06\/prag_50_sehenswuerdigkeiten_pinterest-17-4.jpg\" data-pin-description=\"Visit Dim Cave in Alanya | Antalya Tourist Information\" data-pin-url=\"https:\/\/antalyatouristinformation.com\/de\/sehenswurdigkeiten\/hohle\/dim\/?tve=true&amp;tcbf=bef148651a\"><\/span><\/p>\n<h2 id=\"t-1619791166377\">Eintritt, Tickets und Touren<\/h2>\n<ul>\n<li><span><strong>Eintritt:&nbsp;<\/strong>Die H\u00f6hle ist jeden Tag ge\u00f6ffnet. Der Museumspass Akdeniz gilt nicht f\u00fcr die Dim-H\u00f6hle. Tickets k\u00f6nnt ihr vor Ort kaufen<strong>.<\/strong><\/span><\/li>\n<li><span><strong>Tickets:<\/strong> Ihr findet die aktuellen Ticketpreise auf der <a href=\"http:\/\/dimcave.com.tr\/?page_id=529&amp;lang=de\" target=\"_blank\" rel=\"noopener\">offiziellen Website<\/a>. Kinder unter 6 Jahren zahlten keinen Eintritt.<\/span><\/li>\n<li><span><strong>Touren:&nbsp;<\/strong>Viele \u00f6rtliche Veranstalter organisieren Tagesausfl\u00fcge zu dem Dim-Fluss und der Dim-H\u00f6hle.<\/span><\/li>\n<\/ul>\n<ul>\n<li><span><strong>Tipp:<\/strong> Falls ihr Tickets f\u00fcr Vergn\u00fcgungsparks, Museen und Touren f\u00fcr eure Antalya-Reise vorab buchen m\u00f6chtet, solltet ihr unbedingt einen Blick auf die Angebote in unserem offiziellen Shop werfen.<\/span><\/li>\n<\/ul>\n<p><span><img decoding=\"async\" alt=\" Dim Cave in Alanya in Antalya in Turkey\" data-id=\"5237\" width=\"702\" data-init-width=\"1000\" height=\"468\" data-init-height=\"667\" title=\" Dim Cave in Alanya in Antalya in Turkey\" loading=\"lazy\" src=\"https:\/\/antalyatouristinformation.com\/de\/wp-content\/uploads\/sites\/10\/2021\/04\/Parking-Lot-Dim-Cave-in-Alanya-in-Antalya-in-Turkey.jpg\" data-width=\"702\" data-height=\"468\" data-pinpro-key=\"wgwxnv06x\" data-pin-media=\"https:\/\/antalyatouristinformation.com\/de\/wp-content\/uploads\/sites\/10\/2021\/06\/prag_50_sehenswuerdigkeiten_pinterest-17-4.jpg\" data-pin-description=\"Visit Dim Cave in Alanya | Antalya Tourist Information\" data-pin-url=\"https:\/\/antalyatouristinformation.com\/de\/sehenswurdigkeiten\/hohle\/dim\/?tve=true&amp;tcbf=bef148651a\"><\/span><\/p>\n<h2 id=\"t-1625483858520\" data-alt-text=\"Anfahrt\">Wie komme ich zu der Dim-H\u00f6hle<\/h2>\n<p>Die Dim-H\u00f6hle liegt etwa 145 Kilometer von Antalya und 11 Kilometer von Alanya entfernt in der Stadt Kestel. Ihr k\u00f6nnt mit dem Auto oder mit dem Bus fahren:<\/p>\n<p><b>Auto:<\/b> Durch das Tal des Dim-Fluss f\u00fchrt eine asphaltierte Stra\u00dfe zur Dim-H\u00f6hle.<\/p>\n<p><b>Bus:<\/b> Von Antalya oder Alanya aus fahren regelm\u00e4\u00dfig Busse zu der Dim-H\u00f6hle.<\/p>\n<p>Falls ihr ein Auto mieten m\u00f6chtet, findet ihr hier Tipps zur <a href=\"https:\/\/antalyatouristinformation.com\/de\/plan\/mietwagen\/\">Automietung<\/a> in Alanya.<\/p>\n<h2 id=\"t-1619791166379\" data-alt-text=\"FAQ\">FAQ&nbsp;<\/h2>\n<p><span><img decoding=\"async\" alt=\"\" data-id=\"1424\" width=\"702\" data-init-width=\"1000\" height=\"471\" data-init-height=\"670\" title=\"dim cave alanya in turkey\" loading=\"lazy\" src=\"\/\/antalyatouristinformation.com\/de\/wp-content\/uploads\/sites\/10\/2021\/03\/dim-cave-alanya-in-turkey.jpg\" data-width=\"702\" data-height=\"471\" data-pinpro-key=\"vznco85vp\" data-pin-media=\"https:\/\/antalyatouristinformation.com\/de\/wp-content\/uploads\/sites\/10\/2021\/06\/prag_50_sehenswuerdigkeiten_pinterest-17-4.jpg\" data-pin-description=\"Visit Dim Cave in Alanya | Antalya Tourist Information\" data-pin-url=\"https:\/\/antalyatouristinformation.com\/de\/sehenswurdigkeiten\/hohle\/dim\/?tve=true&amp;tcbf=bef148651a\"><\/span><\/p>\n<h2 id=\"t-1619791166380\" data-alt-text=\"Geschichte\">Die Geschichte der Dim-H\u00f6hle<\/h2>\n<p>Die Dim-H\u00f6hle ist eine nat\u00fcrliche und karstige H\u00f6hlenstruktur. Kalkhaltiges Wasser dringt in den Hohlraum der H\u00f6hle ein. Durch den abnehmenden Luftdruck wird Kohlendioxid freigesetzt. Dadurch lagert sich eine Kalkl\u00f6sung ab. \u00dcber viele Jahrtausende entstehen so die Stalaktiten, die von der H\u00f6hlendecke aus nach unten wachsen, und die Stalagmiten, die von unten nach oben wachsen. Treffen Stalaktiten und Stalagmiten aufeinander, verbinden sie sich zu S\u00e4ulen.<\/p>\n<p>Auch die Tektonik, der Aufbau der Erdkruste, spielte bei der Entstehung der H\u00f6hle eine wichtige Rolle. Die H\u00f6hle erreichte ihre heutige Form im Laufe vieler Jahrtausende. In der Region Alanya \u00e4hneln sich viele H\u00f6hlen sowohl in ihrer Entstehung als auch in ihrer Struktur.<\/p>\n<p>Seit 1998 ist die Dim-H\u00f6hle f\u00fcr Besucher ge\u00f6ffnet.<\/p>\n<p>Interesse an mehr Sehensw\u00fcrdigkeiten in Antalya? Hier findet ihr mehr Informationen \u00fcber <a href=\"https:\/\/antalyatouristinformation.com\/de\/sehenswurdigkeiten\/hohle\/\">H\u00f6hlen in Alanya.<\/a><\/p>\n<h2 id=\"t-1619791166381\" data-alt-text=\"Kontakt\">Kontakt<\/h2>\n<ul>\n<li><span><strong>Adresse:&nbsp;<\/strong>Kestel, Dim Ma\u011faras\u0131 \u0130\u015fletmesi, 07400 Alanya\/Antalya<\/span><\/li>\n<li><span><strong>\u00d6ffnungszeiten: <\/strong>Die <a href=\"http:\/\/www.dimcave.com.tr\/\" target=\"_blank\" rel=\"noopener\">genauen \u00d6ffnungszeiten<\/a> findet ihr hier.<strong>&nbsp;<\/strong><\/span><\/li>\n<li><span><strong>Webseite:&nbsp;<\/strong><a href=\"http:\/\/www.dimcave.com.tr\/index.php?lang=tr&amp;page=11\" target=\"_blank\" rel=\"noopener\">Dim H\u00f6hle<\/a><\/span><\/li>\n<\/ul>\n","protected":false},"excerpt":{"rendered":"<p>Das ist der komplette Guide zur Dim-H\u00f6hle in Alanya. In der Gegend von Alanya gibt es Dutzende von H\u00f6hlen. Eine der sch\u00f6nsten ist die Dim-H\u00f6hle. Der kleine See in der H\u00f6hle verleiht ihr eine mystische Atmosph\u00e4re. Dazu kommt noch die fantastische Aussicht. Hier sind ihr alle wichtigen Informationen, die ihr vor dem Besuch der H\u00f6hle [&hellip;]<\/p>\n","protected":false},"author":5,"featured_media":5234,"parent":147,"menu_order":0,"comment_status":"open","ping_status":"closed","template":"","meta":{"_acf_changed":false,"footnotes":""},"categories":[],"tags":[41],"class_list":["post-286","page","type-page","status-publish","has-post-thumbnail","hentry","tag-cave","post-wrapper","thrv_wrapper"],"acf":[],"wp-worthy-pixel":{"ignored":false,"public":"41e70504bbb4453ca5092e1150bfe827","server":"vg01.met.vgwort.de","url":"https:\/\/vg01.met.vgwort.de\/na\/41e70504bbb4453ca5092e1150bfe827"},"wp-worthy-type":"normal","_links":{"self":[{"href":"https:\/\/antalyatouristinformation.com\/de\/wp-json\/wp\/v2\/pages\/286","targetHints":{"allow":["GET"]}}],"collection":[{"href":"https:\/\/antalyatouristinformation.com\/de\/wp-json\/wp\/v2\/pages"}],"about":[{"href":"https:\/\/antalyatouristinformation.com\/de\/wp-json\/wp\/v2\/types\/page"}],"author":[{"embeddable":true,"href":"https:\/\/antalyatouristinformation.com\/de\/wp-json\/wp\/v2\/users\/5"}],"replies":[{"embeddable":true,"href":"https:\/\/antalyatouristinformation.com\/de\/wp-json\/wp\/v2\/comments?post=286"}],"version-history":[{"count":10,"href":"https:\/\/antalyatouristinformation.com\/de\/wp-json\/wp\/v2\/pages\/286\/revisions"}],"predecessor-version":[{"id":14965,"href":"https:\/\/antalyatouristinformation.com\/de\/wp-json\/wp\/v2\/pages\/286\/revisions\/14965"}],"up":[{"embeddable":true,"href":"https:\/\/antalyatouristinformation.com\/de\/wp-json\/wp\/v2\/pages\/147"}],"wp:featuredmedia":[{"embeddable":true,"href":"https:\/\/antalyatouristinformation.com\/de\/wp-json\/wp\/v2\/media\/5234"}],"wp:attachment":[{"href":"https:\/\/antalyatouristinformation.com\/de\/wp-json\/wp\/v2\/media?parent=286"}],"wp:term":[{"taxonomy":"category","embeddable":true,"href":"https:\/\/antalyatouristinformation.com\/de\/wp-json\/wp\/v2\/categories?post=286"},{"taxonomy":"post_tag","embeddable":true,"href":"https:\/\/antalyatouristinformation.com\/de\/wp-json\/wp\/v2\/tags?post=286"}],"curies":[{"name":"wp","href":"https:\/\/api.w.org\/{rel}","templated":true}]}}