{"id":2875,"date":"2021-04-14T13:49:38","date_gmt":"2021-04-14T11:49:38","guid":{"rendered":"https:\/\/antalyatouristinformation.com\/clone4639485xzhehsskdjfhhdhebdkkekdeewsd4545gdfgm\/?page_id=2875"},"modified":"2024-12-12T13:57:35","modified_gmt":"2024-12-12T12:57:35","slug":"erlebnis","status":"publish","type":"page","link":"https:\/\/antalyatouristinformation.com\/de\/erlebnis\/","title":{"rendered":"Einzigartige Erlebnisse in Antalya"},"content":{"rendered":"<p style=\"text-align: center; font-size: 15px !important;\">erlebnis<\/p>\n<h1 style=\"text-align: center;\">Einzigartige Erlebnisse in Antalya<\/h1>\n<h2 style=\"text-align: center; font-size: 26px !important;\">Abenteuer in Antalya<\/h2>\n<p style=\"text-align: center;\">Gleitschirmfliegen, Tauchen, Bergsteigen und vieles mehr &#8230;<\/p>\n<p><a href=\"https:\/\/antalyatouristinformation.com\/de\/sehenswurdigkeiten\/attraktionen\/lykischer-weg\/\" dynamic-postlink=\"tcb_post_the_permalink\" data-shortcode-id=\"3677\"><\/a><\/p>\n<p style=\"text-align: center;\"><span data-shortcode=\"tcb_post_published_date\" data-shortcode-name=\"Post date\" data-extra_key=\"\" data-attr-type=\"modified\" data-attr-date-format-select=\"F j, Y\" data-attr-date-format=\"F j, Y\" data-attr-show-time=\"0\" data-attr-time-format-select=\"g:i a\" data-attr-time-format=\"\" data-attr-link=\"0\" data-attr-target=\"1\" data-attr-rel=\"0\" data-option-inline=\"1\">February 28, 2023 <\/span><\/p>\n<h3 style=\"text-align: center; padding-top: 0px !important; margin-top: 0px !important;\"><span data-attr-link=\"1\" data-attr-rel=\"0\" data-attr-target=\"0\" data-extra_key=\"\" data-option-inline=\"1\" data-shortcode=\"tcb_post_title\" data-shortcode-name=\"Post title\" data-attr-css=\"\" data-attr-static-link=\"{&quot;className&quot;:&quot;&quot;,&quot;href&quot;:&quot;https:\/\/antalyatouristinformation.com\/de\/sehenswurdigkeiten\/attraktionen\/lykischer-weg\/&quot;,&quot;title&quot;:&quot;Lykischer Weg: Der komplette Guide&quot;,&quot;class&quot;:&quot;&quot;}\"><a href=\"https:\/\/antalyatouristinformation.com\/de\/sehenswurdigkeiten\/attraktionen\/lykischer-weg\/\" title=\"Lykischer Weg: Der komplette Guide\" data-css=\"\">Lykischer Weg: Der komplette Guide<\/a><\/span><\/h3>\n<p><a href=\"https:\/\/antalyatouristinformation.com\/de\/sehenswurdigkeiten\/tauchen\/\" dynamic-postlink=\"tcb_post_the_permalink\" data-shortcode-id=\"3677\"><\/a><\/p>\n<p style=\"text-align: center;\"><span data-shortcode=\"tcb_post_published_date\" data-shortcode-name=\"Post date\" data-extra_key=\"\" data-attr-type=\"modified\" data-attr-date-format-select=\"F j, Y\" data-attr-date-format=\"F j, Y\" data-attr-show-time=\"0\" data-attr-time-format-select=\"g:i a\" data-attr-time-format=\"\" data-attr-link=\"0\" data-attr-target=\"1\" data-attr-rel=\"0\" data-option-inline=\"1\">April 27, 2023 <\/span><\/p>\n<h3 style=\"text-align: center; padding-top: 0px !important; margin-top: 0px !important;\"><span data-attr-link=\"1\" data-attr-rel=\"0\" data-attr-target=\"0\" data-extra_key=\"\" data-option-inline=\"1\" data-shortcode=\"tcb_post_title\" data-shortcode-name=\"Post title\" data-attr-css=\"\" data-attr-static-link=\"{&quot;className&quot;:&quot;&quot;,&quot;href&quot;:&quot;https:\/\/antalyatouristinformation.com\/de\/sehenswurdigkeiten\/attraktionen\/lykischer-weg\/&quot;,&quot;title&quot;:&quot;Lykischer Weg: Der komplette Guide&quot;,&quot;class&quot;:&quot;&quot;}\"><a href=\"https:\/\/antalyatouristinformation.com\/de\/sehenswurdigkeiten\/tauchen\/\" title=\"Tauchen in Antalya: Der komplette Guide\" data-css=\"\">Tauchen in Antalya: Der komplette Guide<\/a><\/span><\/h3>\n<p><a href=\"https:\/\/antalyatouristinformation.com\/de\/kultur\/\" dynamic-postlink=\"tcb_post_the_permalink\" data-shortcode-id=\"3677\"><\/a><\/p>\n<p style=\"text-align: center;\"><span data-shortcode=\"tcb_post_published_date\" data-shortcode-name=\"Post date\" data-extra_key=\"\" data-attr-type=\"modified\" data-attr-date-format-select=\"F j, Y\" data-attr-date-format=\"F j, Y\" data-attr-show-time=\"0\" data-attr-time-format-select=\"g:i a\" data-attr-time-format=\"\" data-attr-link=\"0\" data-attr-target=\"1\" data-attr-rel=\"0\" data-option-inline=\"1\">April 27, 2023 <\/span><\/p>\n<h3 style=\"text-align: center; padding-top: 0px !important; margin-top: 0px !important;\"><span data-attr-link=\"1\" data-attr-rel=\"0\" data-attr-target=\"0\" data-extra_key=\"\" data-option-inline=\"1\" data-shortcode=\"tcb_post_title\" data-shortcode-name=\"Post title\" data-attr-css=\"\" data-attr-static-link=\"{&quot;className&quot;:&quot;&quot;,&quot;href&quot;:&quot;https:\/\/antalyatouristinformation.com\/de\/sehenswurdigkeiten\/attraktionen\/lykischer-weg\/&quot;,&quot;title&quot;:&quot;Lykischer Weg: Der komplette Guide&quot;,&quot;class&quot;:&quot;&quot;}\"><a href=\"https:\/\/antalyatouristinformation.com\/de\/kultur\/\" title=\"Kultur Guide: Das kulturelle Erbe Antalyas\" data-css=\"\">Kultur Guide: Das kulturelle Erbe Antalyas<\/a><\/span><\/h3>\n<p><a href=\"https:\/\/antalyatouristinformation.com\/de\/sehenswurdigkeiten\/top-10\/\" dynamic-postlink=\"tcb_post_the_permalink\" data-shortcode-id=\"3677\"><\/a><\/p>\n<p style=\"text-align: center;\"><span data-shortcode=\"tcb_post_published_date\" data-shortcode-name=\"Post date\" data-extra_key=\"\" data-attr-type=\"modified\" data-attr-date-format-select=\"F j, Y\" data-attr-date-format=\"F j, Y\" data-attr-show-time=\"0\" data-attr-time-format-select=\"g:i a\" data-attr-time-format=\"\" data-attr-link=\"0\" data-attr-target=\"1\" data-attr-rel=\"0\" data-option-inline=\"1\">July 21, 2024 <\/span><\/p>\n<h3 style=\"text-align: center; padding-top: 0px !important; margin-top: 0px !important;\"><span data-attr-link=\"1\" data-attr-rel=\"0\" data-attr-target=\"0\" data-extra_key=\"\" data-option-inline=\"1\" data-shortcode=\"tcb_post_title\" data-shortcode-name=\"Post title\" data-attr-css=\"\" data-attr-static-link=\"{&quot;className&quot;:&quot;&quot;,&quot;href&quot;:&quot;https:\/\/antalyatouristinformation.com\/de\/sehenswurdigkeiten\/attraktionen\/lykischer-weg\/&quot;,&quot;title&quot;:&quot;Lykischer Weg: Der komplette Guide&quot;,&quot;class&quot;:&quot;&quot;}\"><a href=\"https:\/\/antalyatouristinformation.com\/de\/sehenswurdigkeiten\/top-10\/\" title=\"Die Top 10 Sehensw\u00fcrdigkeiten von Antalya\" data-css=\"\">Die Top 10 Sehensw\u00fcrdigkeiten von Antalya<\/a><\/span><\/h3>\n<p><a href=\"https:\/\/antalyatouristinformation.com\/de\/sehenswurdigkeiten\/canyon\/koprulu\/\" dynamic-postlink=\"tcb_post_the_permalink\" data-shortcode-id=\"3677\"><\/a><\/p>\n<p style=\"text-align: center;\"><span data-shortcode=\"tcb_post_published_date\" data-shortcode-name=\"Post date\" data-extra_key=\"\" data-attr-type=\"modified\" data-attr-date-format-select=\"F j, Y\" data-attr-date-format=\"F j, Y\" data-attr-show-time=\"0\" data-attr-time-format-select=\"g:i a\" data-attr-time-format=\"\" data-attr-link=\"0\" data-attr-target=\"1\" data-attr-rel=\"0\" data-option-inline=\"1\">January 18, 2024 <\/span><\/p>\n<h3 style=\"text-align: center; padding-top: 0px !important; margin-top: 0px !important;\"><span data-attr-link=\"1\" data-attr-rel=\"0\" data-attr-target=\"0\" data-extra_key=\"\" data-option-inline=\"1\" data-shortcode=\"tcb_post_title\" data-shortcode-name=\"Post title\" data-attr-css=\"\" data-attr-static-link=\"{&quot;className&quot;:&quot;&quot;,&quot;href&quot;:&quot;https:\/\/antalyatouristinformation.com\/de\/sehenswurdigkeiten\/attraktionen\/lykischer-weg\/&quot;,&quot;title&quot;:&quot;Lykischer Weg: Der komplette Guide&quot;,&quot;class&quot;:&quot;&quot;}\"><a href=\"https:\/\/antalyatouristinformation.com\/de\/sehenswurdigkeiten\/canyon\/koprulu\/\" title=\"K\u00f6pr\u00fcl\u00fc Canyon in Antalya: Anfahrt und Tipps\" data-css=\"\">K\u00f6pr\u00fcl\u00fc Canyon in Antalya: Anfahrt und Tipps<\/a><\/span><\/h3>\n<p><a href=\"https:\/\/antalyatouristinformation.com\/de\/sehenswurdigkeiten\/attraktionen\/\" dynamic-postlink=\"tcb_post_the_permalink\" data-shortcode-id=\"3677\"><\/a><\/p>\n<p style=\"text-align: center;\"><span data-shortcode=\"tcb_post_published_date\" data-shortcode-name=\"Post date\" data-extra_key=\"\" data-attr-type=\"modified\" data-attr-date-format-select=\"F j, Y\" data-attr-date-format=\"F j, Y\" data-attr-show-time=\"0\" data-attr-time-format-select=\"g:i a\" data-attr-time-format=\"\" data-attr-link=\"0\" data-attr-target=\"1\" data-attr-rel=\"0\" data-option-inline=\"1\">August 24, 2024 <\/span><\/p>\n<h3 style=\"text-align: center; padding-top: 0px !important; margin-top: 0px !important;\"><span data-attr-link=\"1\" data-attr-rel=\"0\" data-attr-target=\"0\" data-extra_key=\"\" data-option-inline=\"1\" data-shortcode=\"tcb_post_title\" data-shortcode-name=\"Post title\" data-attr-css=\"\" data-attr-static-link=\"{&quot;className&quot;:&quot;&quot;,&quot;href&quot;:&quot;https:\/\/antalyatouristinformation.com\/de\/sehenswurdigkeiten\/attraktionen\/lykischer-weg\/&quot;,&quot;title&quot;:&quot;Lykischer Weg: Der komplette Guide&quot;,&quot;class&quot;:&quot;&quot;}\"><a href=\"https:\/\/antalyatouristinformation.com\/de\/sehenswurdigkeiten\/attraktionen\/\" title=\"26 Top Attraktionen in Antalya [mit Tickets]\" data-css=\"\">26 Top Attraktionen in Antalya [mit Tickets]<\/a><\/span><\/h3>\n<h2 style=\"text-align: center; font-size: 26px !important;\">Essen in Antalya<\/h2>\n<p style=\"text-align: center;\">T\u00fcrkische K\u00fcche sowie empfohlene Restaurants und Caf\u00e9s<\/p>\n<p><a href=\"https:\/\/antalyatouristinformation.com\/de\/food\/lokales-kuche\/\" dynamic-postlink=\"tcb_post_the_permalink\" data-shortcode-id=\"3670\"><\/a><\/p>\n<p style=\"text-align: center;\"><span data-shortcode=\"tcb_post_published_date\" data-shortcode-name=\"Post date\" data-extra_key=\"\" data-attr-type=\"modified\" data-attr-date-format-select=\"F j, Y\" data-attr-date-format=\"F j, Y\" data-attr-show-time=\"0\" data-attr-time-format-select=\"g:i a\" data-attr-time-format=\"\" data-attr-link=\"0\" data-attr-target=\"1\" data-attr-rel=\"0\" data-option-inline=\"1\">May 3, 2023 <\/span><\/p>\n<h3 style=\"text-align: center; padding-top: 0px !important; margin-top: 0px !important;\"><span data-attr-link=\"1\" data-attr-rel=\"0\" data-attr-target=\"0\" data-extra_key=\"\" data-option-inline=\"1\" data-shortcode=\"tcb_post_title\" data-shortcode-name=\"Post title\" data-attr-css=\"\" data-attr-static-link=\"{&quot;className&quot;:&quot;&quot;,&quot;href&quot;:&quot;https:\/\/antalyatouristinformation.com\/de\/food\/lokales-kuche\/&quot;,&quot;title&quot;:&quot;22 lokale Gerichte von Antalya, die ihr unbedingt probieren solltet&quot;,&quot;class&quot;:&quot;&quot;}\"><a href=\"https:\/\/antalyatouristinformation.com\/de\/food\/lokales-kuche\/\" title=\"22 lokale Gerichte von Antalya, die ihr unbedingt probieren solltet\" data-css=\"\">22 lokale Gerichte von Antalya, die ihr unbedingt probieren solltet<\/a><\/span><\/h3>\n<p><a href=\"https:\/\/antalyatouristinformation.com\/de\/food\/desserts\/\" dynamic-postlink=\"tcb_post_the_permalink\" data-shortcode-id=\"3670\"><\/a><\/p>\n<p style=\"text-align: center;\"><span data-shortcode=\"tcb_post_published_date\" data-shortcode-name=\"Post date\" data-extra_key=\"\" data-attr-type=\"modified\" data-attr-date-format-select=\"F j, Y\" data-attr-date-format=\"F j, Y\" data-attr-show-time=\"0\" data-attr-time-format-select=\"g:i a\" data-attr-time-format=\"\" data-attr-link=\"0\" data-attr-target=\"1\" data-attr-rel=\"0\" data-option-inline=\"1\">May 3, 2023 <\/span><\/p>\n<h3 style=\"text-align: center; padding-top: 0px !important; margin-top: 0px !important;\"><span data-attr-link=\"1\" data-attr-rel=\"0\" data-attr-target=\"0\" data-extra_key=\"\" data-option-inline=\"1\" data-shortcode=\"tcb_post_title\" data-shortcode-name=\"Post title\" data-attr-css=\"\" data-attr-static-link=\"{&quot;className&quot;:&quot;&quot;,&quot;href&quot;:&quot;https:\/\/antalyatouristinformation.com\/de\/food\/lokales-kuche\/&quot;,&quot;title&quot;:&quot;22 lokale Gerichte von Antalya, die ihr unbedingt probieren solltet&quot;,&quot;class&quot;:&quot;&quot;}\"><a href=\"https:\/\/antalyatouristinformation.com\/de\/food\/desserts\/\" title=\"15 t\u00fcrkische Desserts, die ihr einmal probieren solltet!\" data-css=\"\">15 t\u00fcrkische Desserts, die ihr einmal probieren solltet!<\/a><\/span><\/h3>\n<p><a href=\"https:\/\/antalyatouristinformation.com\/de\/food\/\" dynamic-postlink=\"tcb_post_the_permalink\" data-shortcode-id=\"3670\"><\/a><\/p>\n<p style=\"text-align: center;\"><span data-shortcode=\"tcb_post_published_date\" data-shortcode-name=\"Post date\" data-extra_key=\"\" data-attr-type=\"modified\" data-attr-date-format-select=\"F j, Y\" data-attr-date-format=\"F j, Y\" data-attr-show-time=\"0\" data-attr-time-format-select=\"g:i a\" data-attr-time-format=\"\" data-attr-link=\"0\" data-attr-target=\"1\" data-attr-rel=\"0\" data-option-inline=\"1\">January 18, 2024 <\/span><\/p>\n<h3 style=\"text-align: center; padding-top: 0px !important; margin-top: 0px !important;\"><span data-attr-link=\"1\" data-attr-rel=\"0\" data-attr-target=\"0\" data-extra_key=\"\" data-option-inline=\"1\" data-shortcode=\"tcb_post_title\" data-shortcode-name=\"Post title\" data-attr-css=\"\" data-attr-static-link=\"{&quot;className&quot;:&quot;&quot;,&quot;href&quot;:&quot;https:\/\/antalyatouristinformation.com\/de\/food\/lokales-kuche\/&quot;,&quot;title&quot;:&quot;22 lokale Gerichte von Antalya, die ihr unbedingt probieren solltet&quot;,&quot;class&quot;:&quot;&quot;}\"><a href=\"https:\/\/antalyatouristinformation.com\/de\/food\/\" title=\"Essen in Antalya: Der komplette Foodie Guide\" data-css=\"\">Essen in Antalya: Der komplette Foodie Guide<\/a><\/span><\/h3>\n<p><a href=\"https:\/\/antalyatouristinformation.com\/de\/food\/turkisch\/\" dynamic-postlink=\"tcb_post_the_permalink\" data-shortcode-id=\"3670\"><\/a><\/p>\n<p style=\"text-align: center;\"><span data-shortcode=\"tcb_post_published_date\" data-shortcode-name=\"Post date\" data-extra_key=\"\" data-attr-type=\"modified\" data-attr-date-format-select=\"F j, Y\" data-attr-date-format=\"F j, Y\" data-attr-show-time=\"0\" data-attr-time-format-select=\"g:i a\" data-attr-time-format=\"\" data-attr-link=\"0\" data-attr-target=\"1\" data-attr-rel=\"0\" data-option-inline=\"1\">May 3, 2023 <\/span><\/p>\n<h3 style=\"text-align: center; padding-top: 0px !important; margin-top: 0px !important;\"><span data-attr-link=\"1\" data-attr-rel=\"0\" data-attr-target=\"0\" data-extra_key=\"\" data-option-inline=\"1\" data-shortcode=\"tcb_post_title\" data-shortcode-name=\"Post title\" data-attr-css=\"\" data-attr-static-link=\"{&quot;className&quot;:&quot;&quot;,&quot;href&quot;:&quot;https:\/\/antalyatouristinformation.com\/de\/food\/lokales-kuche\/&quot;,&quot;title&quot;:&quot;22 lokale Gerichte von Antalya, die ihr unbedingt probieren solltet&quot;,&quot;class&quot;:&quot;&quot;}\"><a href=\"https:\/\/antalyatouristinformation.com\/de\/food\/turkisch\/\" title=\"20 t\u00fcrkische Gerichte, die ihr probieren solltet\" data-css=\"\">20 t\u00fcrkische Gerichte, die ihr probieren solltet<\/a><\/span><\/h3>\n<h2 style=\"text-align: center; font-size: 26px !important;\">Einkaufen in Antalya<\/h2>\n<p style=\"text-align: center;\">Besucht einen Basar, ein Shopping- Center und M\u00e4rkte<\/p>\n<p><a href=\"https:\/\/antalyatouristinformation.com\/de\/shopping\/basar\/\" dynamic-postlink=\"tcb_post_the_permalink\" data-shortcode-id=\"3293\"><\/a><\/p>\n<p style=\"text-align: center;\"><span data-shortcode=\"tcb_post_published_date\" data-shortcode-name=\"Post date\" data-extra_key=\"\" data-attr-type=\"modified\" data-attr-date-format-select=\"F j, Y\" data-attr-date-format=\"F j, Y\" data-attr-show-time=\"0\" data-attr-time-format-select=\"g:i a\" data-attr-time-format=\"\" data-attr-link=\"0\" data-attr-target=\"1\" data-attr-rel=\"0\" data-option-inline=\"1\">August 24, 2024 <\/span><\/p>\n<h3 style=\"text-align: center; padding-top: 0px !important; margin-top: 0px !important;\"><span data-attr-link=\"1\" data-attr-rel=\"0\" data-attr-target=\"0\" data-extra_key=\"\" data-option-inline=\"1\" data-shortcode=\"tcb_post_title\" data-shortcode-name=\"Post title\" data-attr-css=\"\" data-attr-static-link=\"{&quot;className&quot;:&quot;&quot;,&quot;href&quot;:&quot;https:\/\/antalyatouristinformation.com\/de\/shopping\/basar\/&quot;,&quot;title&quot;:&quot;Basare in der Provinz Antalya&quot;,&quot;class&quot;:&quot;&quot;}\"><a href=\"https:\/\/antalyatouristinformation.com\/de\/shopping\/basar\/\" title=\"Basare in der Provinz Antalya\" data-css=\"\">Basare in der Provinz Antalya<\/a><\/span><\/h3>\n<p><a href=\"https:\/\/antalyatouristinformation.com\/de\/shopping\/\" dynamic-postlink=\"tcb_post_the_permalink\" data-shortcode-id=\"3293\"><\/a><\/p>\n<p style=\"text-align: center;\"><span data-shortcode=\"tcb_post_published_date\" data-shortcode-name=\"Post date\" data-extra_key=\"\" data-attr-type=\"modified\" data-attr-date-format-select=\"F j, Y\" data-attr-date-format=\"F j, Y\" data-attr-show-time=\"0\" data-attr-time-format-select=\"g:i a\" data-attr-time-format=\"\" data-attr-link=\"0\" data-attr-target=\"1\" data-attr-rel=\"0\" data-option-inline=\"1\">May 3, 2023 <\/span><\/p>\n<h3 style=\"text-align: center; padding-top: 0px !important; margin-top: 0px !important;\"><span data-attr-link=\"1\" data-attr-rel=\"0\" data-attr-target=\"0\" data-extra_key=\"\" data-option-inline=\"1\" data-shortcode=\"tcb_post_title\" data-shortcode-name=\"Post title\" data-attr-css=\"\" data-attr-static-link=\"{&quot;className&quot;:&quot;&quot;,&quot;href&quot;:&quot;https:\/\/antalyatouristinformation.com\/de\/shopping\/basar\/&quot;,&quot;title&quot;:&quot;Basare in der Provinz Antalya&quot;,&quot;class&quot;:&quot;&quot;}\"><a href=\"https:\/\/antalyatouristinformation.com\/de\/shopping\/\" title=\"Shopping in der Provinz Antalya: Der ultimative Guide\" data-css=\"\">Shopping in der Provinz Antalya: Der ultimative Guide<\/a><\/span><\/h3>\n<p><a href=\"https:\/\/antalyatouristinformation.com\/de\/shopping\/einkaufszentrum\/\" dynamic-postlink=\"tcb_post_the_permalink\" data-shortcode-id=\"3293\"><\/a><\/p>\n<p style=\"text-align: center;\"><span data-shortcode=\"tcb_post_published_date\" data-shortcode-name=\"Post date\" data-extra_key=\"\" data-attr-type=\"modified\" data-attr-date-format-select=\"F j, Y\" data-attr-date-format=\"F j, Y\" data-attr-show-time=\"0\" data-attr-time-format-select=\"g:i a\" data-attr-time-format=\"\" data-attr-link=\"0\" data-attr-target=\"1\" data-attr-rel=\"0\" data-option-inline=\"1\">May 3, 2023 <\/span><\/p>\n<h3 style=\"text-align: center; padding-top: 0px !important; margin-top: 0px !important;\"><span data-attr-link=\"1\" data-attr-rel=\"0\" data-attr-target=\"0\" data-extra_key=\"\" data-option-inline=\"1\" data-shortcode=\"tcb_post_title\" data-shortcode-name=\"Post title\" data-attr-css=\"\" data-attr-static-link=\"{&quot;className&quot;:&quot;&quot;,&quot;href&quot;:&quot;https:\/\/antalyatouristinformation.com\/de\/shopping\/basar\/&quot;,&quot;title&quot;:&quot;Basare in der Provinz Antalya&quot;,&quot;class&quot;:&quot;&quot;}\"><a href=\"https:\/\/antalyatouristinformation.com\/de\/shopping\/einkaufszentrum\/\" title=\"11 Einkaufszentren in der Provinz Antalya\" data-css=\"\">11 Einkaufszentren in der Provinz Antalya<\/a><\/span><\/h3>\n<p><a href=\"https:\/\/antalyatouristinformation.com\/de\/shopping\/manavgat-basar\/\" dynamic-postlink=\"tcb_post_the_permalink\" data-shortcode-id=\"3293\"><\/a><\/p>\n<p style=\"text-align: center;\"><span data-shortcode=\"tcb_post_published_date\" data-shortcode-name=\"Post date\" data-extra_key=\"\" data-attr-type=\"modified\" data-attr-date-format-select=\"F j, Y\" data-attr-date-format=\"F j, Y\" data-attr-show-time=\"0\" data-attr-time-format-select=\"g:i a\" data-attr-time-format=\"\" data-attr-link=\"0\" data-attr-target=\"1\" data-attr-rel=\"0\" data-option-inline=\"1\">August 21, 2024 <\/span><\/p>\n<h3 style=\"text-align: center; padding-top: 0px !important; margin-top: 0px !important;\"><span data-attr-link=\"1\" data-attr-rel=\"0\" data-attr-target=\"0\" data-extra_key=\"\" data-option-inline=\"1\" data-shortcode=\"tcb_post_title\" data-shortcode-name=\"Post title\" data-attr-css=\"\" data-attr-static-link=\"{&quot;className&quot;:&quot;&quot;,&quot;href&quot;:&quot;https:\/\/antalyatouristinformation.com\/de\/shopping\/basar\/&quot;,&quot;title&quot;:&quot;Basare in der Provinz Antalya&quot;,&quot;class&quot;:&quot;&quot;}\"><a href=\"https:\/\/antalyatouristinformation.com\/de\/shopping\/manavgat-basar\/\" title=\"Manavgat Basar in Antalya: Anfahrt und Tipps\" data-css=\"\">Manavgat Basar in Antalya: Anfahrt und Tipps<\/a><\/span><\/h3>\n<p>__CONFIG_group_edit__{}__CONFIG_group_edit____CONFIG_local_colors__{&#8222;colors&#8220;:{&#8222;cb83b&#8220;:&#8220;Royal Blue&#8220;},&#8220;gradients&#8220;:{}}__CONFIG_local_colors__    <\/p>\n<p align=\"center\" style=\"\"><b>Individuelle Abenteuer<\/b> <strong>in Antalya<\/strong><\/p>\n<p style=\"text-align: center; font-size: 18px !important;\">Wenn ihr etwas Besonderes sucht, kontaktiert uns bitte. Gerne vermitteln wir euch einen privaten Reisef\u00fchrer mit Fahrer.&nbsp;<\/p>\n<p>__CONFIG_colors_palette__{&#8222;active_palette&#8220;:0,&#8220;config&#8220;:{&#8222;colors&#8220;:{&#8222;f8570&#8220;:{&#8222;name&#8220;:&#8220;Main Accent&#8220;,&#8220;parent&#8220;:-1}},&#8220;gradients&#8220;:[]},&#8220;palettes&#8220;:[{&#8222;name&#8220;:&#8220;Default Palette&#8220;,&#8220;value&#8220;:{&#8222;colors&#8220;:{&#8222;f8570&#8220;:{&#8222;val&#8220;:&#8220;var(&#8211;tcb-skin-color-0)&#8220;}},&#8220;gradients&#8220;:[]},&#8220;original&#8220;:{&#8222;colors&#8220;:{&#8222;f8570&#8220;:{&#8222;val&#8220;:&#8220;rgb(19, 114, 211)&#8220;,&#8220;hsl&#8220;:{&#8222;h&#8220;:210,&#8220;s&#8220;:0.83,&#8220;l&#8220;:0.45}}},&#8220;gradients&#8220;:[]}}]}__CONFIG_colors_palette__ <a href=\"https:\/\/antalyatouristinformation.com\/de\/kontakt\/\"> <span><span>Kontaktiert uns jetzt<\/span><\/span> <\/a>   <\/p>\n","protected":false},"excerpt":{"rendered":"<p>erlebnis Einzigartige Erlebnisse in Antalya Abenteuer in Antalya Gleitschirmfliegen, Tauchen, Bergsteigen und vieles mehr &#8230; February 28, 2023 Lykischer Weg: Der komplette Guide April 27, 2023 Tauchen in Antalya: Der komplette Guide April 27, 2023 Kultur Guide: Das kulturelle Erbe Antalyas July 21, 2024 Die Top 10 Sehensw\u00fcrdigkeiten von Antalya January 18, 2024 K\u00f6pr\u00fcl\u00fc Canyon [&hellip;]<\/p>\n","protected":false},"author":3,"featured_media":4127,"parent":0,"menu_order":0,"comment_status":"open","ping_status":"closed","template":"","meta":{"_acf_changed":false,"footnotes":""},"categories":[],"tags":[59],"class_list":["post-2875","page","type-page","status-publish","has-post-thumbnail","hentry","tag-culture","post-wrapper","thrv_wrapper"],"acf":[],"wp-worthy-pixel":{"ignored":false,"public":null,"server":null,"url":null},"wp-worthy-type":"normal","_links":{"self":[{"href":"https:\/\/antalyatouristinformation.com\/de\/wp-json\/wp\/v2\/pages\/2875","targetHints":{"allow":["GET"]}}],"collection":[{"href":"https:\/\/antalyatouristinformation.com\/de\/wp-json\/wp\/v2\/pages"}],"about":[{"href":"https:\/\/antalyatouristinformation.com\/de\/wp-json\/wp\/v2\/types\/page"}],"author":[{"embeddable":true,"href":"https:\/\/antalyatouristinformation.com\/de\/wp-json\/wp\/v2\/users\/3"}],"replies":[{"embeddable":true,"href":"https:\/\/antalyatouristinformation.com\/de\/wp-json\/wp\/v2\/comments?post=2875"}],"version-history":[{"count":10,"href":"https:\/\/antalyatouristinformation.com\/de\/wp-json\/wp\/v2\/pages\/2875\/revisions"}],"predecessor-version":[{"id":16440,"href":"https:\/\/antalyatouristinformation.com\/de\/wp-json\/wp\/v2\/pages\/2875\/revisions\/16440"}],"wp:featuredmedia":[{"embeddable":true,"href":"https:\/\/antalyatouristinformation.com\/de\/wp-json\/wp\/v2\/media\/4127"}],"wp:attachment":[{"href":"https:\/\/antalyatouristinformation.com\/de\/wp-json\/wp\/v2\/media?parent=2875"}],"wp:term":[{"taxonomy":"category","embeddable":true,"href":"https:\/\/antalyatouristinformation.com\/de\/wp-json\/wp\/v2\/categories?post=2875"},{"taxonomy":"post_tag","embeddable":true,"href":"https:\/\/antalyatouristinformation.com\/de\/wp-json\/wp\/v2\/tags?post=2875"}],"curies":[{"name":"wp","href":"https:\/\/api.w.org\/{rel}","templated":true}]}}