{"id":293,"date":"2021-02-15T14:28:37","date_gmt":"2021-02-15T13:28:37","guid":{"rendered":"http:\/\/antalyatouristinformation.com\/clone4639485xzhehsskdjfhhdhebdkkekdeewsd4545gdfgm\/?page_id=293"},"modified":"2023-02-06T15:55:36","modified_gmt":"2023-02-06T14:55:36","slug":"patara","status":"publish","type":"page","link":"https:\/\/antalyatouristinformation.com\/de\/sehenswurdigkeiten\/geschichte\/patara\/","title":{"rendered":"Patara: antike Stadt in Antalya &#8211; Geschichte und Tipps"},"content":{"rendered":"<p>Hier ist unser kompletter Guide zur antiken St\u00e4tte Patara.<\/p>\n<p>Patara ist eine bedeutende antike Stadt an der Westk\u00fcste von Lykien. Heute ist sie die Stadt Kalkan in Antalya.<\/p>\n<p>In unserem Guide verraten wir euch, was ihr vor eurem Besuch wissen solltet, darunter Eintrittspreise, Hotels, Anfahrt, Ausfl\u00fcge und die Geschichte von Patara.<\/p>\n<p>Beginnen wir mit dem, was ihr dort machen k\u00f6nnt!<\/p>\n<p><span><img decoding=\"async\" alt=\"Theater at Patara Ancient Site in Antalya in Turkey\" data-id=\"2686\" width=\"702\" data-init-width=\"1000\" height=\"470\" data-init-height=\"670\" title=\"Theater at Patara Ancient Site in Antalya in Turkey\" loading=\"lazy\" src=\"https:\/\/antalyatouristinformation.com\/de\/wp-content\/uploads\/sites\/10\/2021\/04\/theater-in-patara-in-antalya-in-turkey.jpg\" data-width=\"702\" data-height=\"470\" data-pinpro-key=\"tblqj5kq4\" data-pin-media=\"https:\/\/antalyatouristinformation.com\/de\/wp-content\/uploads\/sites\/10\/2021\/06\/Antalya-Pinterest-4-5.jpg\" data-pin-description=\"Guide zur antiken St\u00e4tte Patara | Antalya Tourist Information\" data-pin-url=\"https:\/\/antalyatouristinformation.com\/de\/sehenswurdigkeiten\/geschichte\/patara\/?tve=true&amp;tcbf=0c3d434ff2\"><\/span><\/p>\n<h2 id=\"t-1624969687938\" data-alt-text=\"Was kann ich machen?\">Was kann ich in der antiken Stadt Patara machen?<\/h2>\n<p>Patara ist nicht nur eine interessante antike Stadt. Sie ist auch f\u00fcr den malerischen <a href=\"https:\/\/antalyatouristinformation.com\/de\/sehenswurdigkeiten\/strand\/patara\/\">Patara Strand<\/a> und die Laichpl\u00e4tze der <b>Caretta Caretta Schildkr\u00f6ten <span style=\"font-weight: normal\">ber\u00fchmt<\/span><\/b>. Der Strand ist einer der seltenen Orte, an denen die Schildkr\u00f6ten ihre Eier ablegen. Deswegen steht der Patara Strand unter dem Schutz des Naturschutzbundes. Vor allem in der Sommersaison m\u00fcsst ihr am Patara Strand mit vielen Besuchern rechnen.<\/p>\n<p>In der antiken Stadt Patara erwarten euch einige faszinierende Bauwerke. Zu den wichtigsten geh\u00f6ren der r\u00f6mische Triumphbogen, mehrere Tempel, eine Nekropole, ein Leuchtturm, das Bouleuterion (Parlamentsgeb\u00e4ude), das Stadttor, ein Theater, Kirchen, r\u00f6mische B\u00e4der (Nerobad, Vespasianbad), das Granarium (Getreidespeicher) und Lagerh\u00e4user.<\/p>\n<p>Ihr trefft schon vor eurer Ankunft im Dorf Gelemi\u015f auf die Ruinen der Stadt Patara. Bevor ihr bei der St\u00e4tte ankommt, erwarten euch in der Nekropole der Stadt Sarkophage im lykischen Stil und solche aus der r\u00f6mischen Zeit.<\/p>\n<p>Zwei Kilometer nach dem Dorf Gelemi\u015f k\u00f6nnt ihr vom Stra\u00dfenrand aus einen pr\u00e4chtigen Triumphbogen aus dem sp\u00e4ten 1. Jahrhundert nach unserer Zeitrechnung sehen. Das Theater am Hang des H\u00fcgels wurde w\u00e4hrend der Herrschaft des r\u00f6mischen Kaisers Antoninus Pius gebaut. Auf dem H\u00fcgel findet ihr auch einen Tempel der Athene.<\/p>\n<p>Der Leuchtturm von Patara aus dem Jahre 60 nach unserer Zeitrechnung soll der \u00e4lteste Leuchtturm der Welt sein.<\/p>\n<p>Patara war die Hauptstadt des Lykischen Bundes. Sie ist eine der sechs St\u00e4dte des Lykischen Bundes, die \u00fcber drei Stimmrechte verf\u00fcgten. Der Rat des Lykischen Bundes ist wahrscheinlich der erste demokratische Rat der Welt.<\/p>\n<p><span><img decoding=\"async\" alt=\"Guide to Patara Beach in Kas in Antalya in Turkey\" data-id=\"2195\" width=\"702\" data-init-width=\"1200\" height=\"369\" data-init-height=\"630\" title=\"Guide to Patara Beach in Kas in Antalya in Turkey\" loading=\"lazy\" src=\"https:\/\/antalyatouristinformation.com\/de\/wp-content\/uploads\/sites\/10\/2021\/04\/Guide-to-Patara-Beach-in-Kas-in-Antalya.jpg\" data-width=\"702\" data-height=\"369\" data-pinpro-key=\"30awnaydm\" data-pin-media=\"https:\/\/antalyatouristinformation.com\/de\/wp-content\/uploads\/sites\/10\/2021\/06\/Antalya-Pinterest-4-5.jpg\" data-pin-description=\"Guide zur antiken St\u00e4tte Patara | Antalya Tourist Information\" data-pin-url=\"https:\/\/antalyatouristinformation.com\/de\/sehenswurdigkeiten\/geschichte\/patara\/?tve=true&amp;tcbf=0c3d434ff2\"><\/span><\/p>\n<h3>Geburtsort von Sankt Nikolaus<\/h3>\n<p>Wusstet ihr, dass der Heilige Nikolaus um 280 nach unserer Zeitrechnung in Patara geboren wurde? Damals f\u00fcllte sich der Hafen mit Schlamm, weswegen die Stadt allm\u00e4hlich an Bedeutung verlor. Sankt Nikolaus lebte die meiste Zeit seines Lebens in der benachbarten Stadt <a href=\"https:\/\/antalyatouristinformation.com\/de\/sehenswurdigkeiten\/geschichte\/myra\/\">Myra <\/a>(Demre).<\/p>\n<p>Interessant ist auch, dass der Apostel Paulus auf seiner dritten Missionsreise gemeinsam mit dem Evangelisten Lukas und anderen Mitreisenden im Hafen von Patara anlegte.<\/p>\n<h3>Geburtsort von Apollo und Artemis<\/h3>\n<p>Der griechischen Mythologie zufolge war Patara der Geburtsort von Apollo und Artemis. Apollo und Artemis sind die Zwillingskinder von Zeus und seiner heimlichen Geliebten Leto. Der Legende nach gelang Leto die Flucht vor Hera, indem sie nach Patara fl\u00fcchtete. Aus Furcht vor dem Zorn der Hera half ihr jedoch niemand bei der Geburt der Zwillinge, ihre Schmerzen zu lindern. Leto wickelte Palmenbl\u00e4tter um ihre Arme, wodurch es ihr gelang, ihre Schmerzen ein wenig zu stillen. Nach neun Tagen voller Schmerz gebar sie zuerst ihre Tochter Artemis und dann Apollo.<\/p>\n<p>Es hei\u00dft, dass es in Patara einen Apollo-Tempel mit einem ber\u00fchmten Orakel gab. Darauf deutet eine gro\u00dfe B\u00fcste des Apollo hin, die auf dem H\u00fcgel neben der Stadt entdeckt wurde. Der Standort des Tempels konnte allerdings noch nicht genau bestimmt werden.<\/p>\n<p>Homer erw\u00e4hnt Apollo als &#8218;Pholbos&#8216;, was &#8218;erleuchtet&#8216; bedeutet, und als den ber\u00fchmten Bogensch\u00fctzen von Lykien. Bekannt sind Apollo und seine Schwester Artemis auch als Helfer der anatolischen Stadt Troja.<\/p>\n<p><span><img decoding=\"async\" alt=\"Patara Arch in Antalya in Turkey\" data-id=\"2688\" width=\"702\" data-init-width=\"1000\" height=\"470\" data-init-height=\"670\" title=\"Patara Arch in Antalya in Turkey\" loading=\"lazy\" src=\"https:\/\/antalyatouristinformation.com\/de\/wp-content\/uploads\/sites\/10\/2021\/04\/patara-arch-in-antalya-in-turkey.jpg\" data-width=\"702\" data-height=\"470\" data-pinpro-key=\"iqiles5xm\" data-pin-media=\"https:\/\/antalyatouristinformation.com\/de\/wp-content\/uploads\/sites\/10\/2021\/06\/Antalya-Pinterest-4-5.jpg\" data-pin-description=\"Guide zur antiken St\u00e4tte Patara | Antalya Tourist Information\" data-pin-url=\"https:\/\/antalyatouristinformation.com\/de\/sehenswurdigkeiten\/geschichte\/patara\/?tve=true&amp;tcbf=0c3d434ff2\"><\/span><\/p>\n<h2 id=\"t-1624969687939\" data-alt-text=\"Eintritt, Tickets &amp; F\u00fchrungen\">Eintritt, Tickets und F\u00fchrungen<\/h2>\n<ul>\n<li><span><strong><b>Eintritt<\/b>:<\/strong> Ihr k\u00f6nnt Patara in der Sommersaison (April &#8211; 31. Oktober) von 08:30 bis 19:30 Uhr und in der Wintersaison (31. Oktober &#8211; 1. April) von 08:30 bis 17:30 Uhr besichtigen.<\/span><\/li>\n<li><span><strong>Tickets: <\/strong>Der Eintritt in die antike St\u00e4tte Patara ist kostenpflichtig. Inhaber des Museumspass Akdeniz k\u00f6nnen die St\u00e4tte kostenlos besuchen.<\/span><\/li>\n<li><span><strong>Touren:&nbsp;<\/strong>Es gibt viele lokale Reiseveranstalter, die t\u00e4glich von Antalya und den umliegenden Gebieten Ausfl\u00fcge nach Patara organisieren.<\/span><\/li>\n<\/ul>\n<ul>\n<li><span><strong>Tipp:<\/strong> Falls ihr Tickets f\u00fcr Vergn\u00fcgungsparks, Museen und Touren f\u00fcr eure Antalya-Reise vorab buchen m\u00f6chtet, solltet ihr unbedingt einen Blick auf die Angebote in unserem offiziellen Shop werfen.<\/span><\/li>\n<\/ul>\n<p><span><img decoding=\"async\" alt=\"Patara Ancient Site in Antalya in Turkey\" data-id=\"2687\" width=\"702\" data-init-width=\"1000\" height=\"470\" data-init-height=\"670\" title=\"Patara Ancient Site in Antalya in Turkey\" loading=\"lazy\" src=\"https:\/\/antalyatouristinformation.com\/de\/wp-content\/uploads\/sites\/10\/2021\/04\/patara-anc-site-in-antalya.jpg\" data-width=\"702\" data-height=\"470\" data-pinpro-key=\"4yw78gkx1\" data-pin-media=\"https:\/\/antalyatouristinformation.com\/de\/wp-content\/uploads\/sites\/10\/2021\/06\/Antalya-Pinterest-4-5.jpg\" data-pin-description=\"Guide zur antiken St\u00e4tte Patara | Antalya Tourist Information\" data-pin-url=\"https:\/\/antalyatouristinformation.com\/de\/sehenswurdigkeiten\/geschichte\/patara\/?tve=true&amp;tcbf=0c3d434ff2\"><\/span><\/p>\n<h2 id=\"t-1624969687940\">Wie komme ich nach Patara?<\/h2>\n<p>Die Ruinen von Patara liegen etwa <strong>1,5 km s\u00fcdlich des Dorfes Gelemi\u015f in Kalkan<\/strong>. Ihr k\u00f6nnt mit dem Auto, Bus, Minibus oder Taxi nach Patara gelangen.<\/p>\n<ul>\n<li><b>Mit dem Minibus (Dolmu\u015f):<\/b> Minibusse aus Kas, Kalkan und Fethiye bringen euch nach Patara. Erfahrt in unserem Guide mehr \u00fcber die Fahrt mit dem <a href=\"https:\/\/antalyatouristinformation.com\/de\/offentlicher-verkehr\/antalya-stadt\/dolmus\/\">Dolmus <\/a>in der T\u00fcrkei.<\/li>\n<li><b>Mit dem Bus:<\/b> Ihr k\u00f6nnt alternativ den Bus in Richtung Fethiye &#8211; Ka\u015f nehmen und in Ovak\u00f6y aussteigen. Von dort aus erreicht ihr die Region nach etwa 3,5 Kilometern zu Fu\u00df oder mit dem Taxi.<\/li>\n<li><b>Mit dem Auto:<\/b> Auf dem Weg von Fethiye nach Kalkan biegt ihr vor Kalkan auf die Gelemi\u015f-Stra\u00dfe ab. Von hier aus f\u00fchrt eine 5 km lange Stra\u00dfe zur antiken Stadt Patara. Hier ist unser <a href=\"https:\/\/antalyatouristinformation.com\/de\/plan\/mietwagen\/\">Guide zu Mietw\u00e4gen in Antalya<\/a>.<\/li>\n<\/ul>\n<p><span><img decoding=\"async\" alt=\"Patara Ancient Site Ruins in Antalya in Turkey\" data-id=\"2690\" width=\"702\" data-init-width=\"1000\" height=\"470\" data-init-height=\"670\" title=\"Patara Ancient Site Ruins in Antalya in Turkey\" loading=\"lazy\" src=\"https:\/\/antalyatouristinformation.com\/de\/wp-content\/uploads\/sites\/10\/2021\/04\/patara-ruins-in-antalya-in-turkey.jpg\" data-width=\"702\" data-height=\"470\" data-pinpro-key=\"y7vty2z3x\" data-pin-media=\"https:\/\/antalyatouristinformation.com\/de\/wp-content\/uploads\/sites\/10\/2021\/06\/Antalya-Pinterest-4-5.jpg\" data-pin-description=\"Guide zur antiken St\u00e4tte Patara | Antalya Tourist Information\" data-pin-url=\"https:\/\/antalyatouristinformation.com\/de\/sehenswurdigkeiten\/geschichte\/patara\/?tve=true&amp;tcbf=0c3d434ff2\"><\/span><\/p>\n<h2 data-alt-text=\"FAQ\" id=\"t-1619537385928\">FAQ (H\u00e4ufige Fragen)<\/h2>\n<p><span><img decoding=\"async\" alt=\"Patara beach in Antalya in Turkey\" data-id=\"2196\" width=\"702\" data-init-width=\"1000\" height=\"468\" data-init-height=\"667\" title=\"Patara beach in Antalya in Turkey\" loading=\"lazy\" src=\"\/\/antalyatouristinformation.com\/de\/wp-content\/uploads\/sites\/10\/2021\/04\/Patara-beach-in-Antalya-in-Turkey.jpg\" data-width=\"702\" data-height=\"468\" data-pinpro-key=\"pnxc7iz0j\" data-pin-media=\"https:\/\/antalyatouristinformation.com\/de\/wp-content\/uploads\/sites\/10\/2021\/06\/Antalya-Pinterest-4-5.jpg\" data-pin-description=\"Guide zur antiken St\u00e4tte Patara | Antalya Tourist Information\" data-pin-url=\"https:\/\/antalyatouristinformation.com\/de\/sehenswurdigkeiten\/geschichte\/patara\/?tve=true&amp;tcbf=0c3d434ff2\"><\/span><\/p>\n<h2 id=\"t-1624969687941\" data-alt-text=\"Hotels\">Hotels in der N\u00e4he von Patara<\/h2>\n<p>Patara ist ein Naturschutzgebiet. Deswegen werdet ihr vor Ort keine gro\u00dfen Hotelkomplexe und Resorts vorfinden. Stattdessen gibt es familiengef\u00fchrte Hotels und bescheidenere Unterk\u00fcnfte f\u00fcr jedes Budget. Hier sind vier Hotels in der N\u00e4he von Patara:<\/p>\n<p><b>Patara Caretta Hotel:<\/b> Das kleine, familiengef\u00fchrte Hotel ist von idyllischer Natur umgeben. Dank des kostenlosen Shuttle-Services k\u00f6nnt ihr die Ruinen von Patara und den Patara Strand leicht erkunden. Der Strand befindet sich etwa 5 km vom Hotel entfernt. <u>Adresse<\/u>: Gelemi\u015f Mahallesi, Gedik Sokak No: 27, Patara<\/p>\n<p><b>Apollon Hotel:<\/b> Das Apollon Hotel liegt 3 km von der K\u00fcste des Patara Strandes entfernt. Das ruhige 3-Sterne-Hotel mit einem Pool und einem Restaurant ist eine gute Option f\u00fcr Familien mit Kindern. <u>Adresse<\/u>: Gelemi\u015f, Patara Merkez<\/p>\n<p><b>Golden Lighthouse<\/b> Hotel: Falls ihr auf der Suche nach einem gem\u00fctlichen Ort zum Entspannen seid, ist das Golden Lighthouse Hotel die richtige Wahl. Das reizende kleine Hotel mit angenehmer Atmosph\u00e4re liegt in der N\u00e4he des Zentrums von Patara (200 m), der antiken Stadt Patara (2 km) und des Patara Strandes (3 km). <u>Adresse<\/u>: Patara Merkez sokak no 39 Ka\u015f<\/p>\n<p><b>Flower Pension:<\/b> Flower Pension ist eine preisg\u00fcnstige Pension in der N\u00e4he des Patara-Strandes. Es gibt vor Ort t\u00fcrkische K\u00fcche mit frischem Gem\u00fcse aus dem eigenen Anbau sowie ein legeres Ambiente. Falls ihr Blumen, Kr\u00e4uter und B\u00e4ume liebt, k\u00f6nnte Flower Pension die geeignete Unterkunft f\u00fcr euch sein. <u>Adresse<\/u>: Gelemi\u015f K\u00f6y\u00fc Merkez Mah. 11 &#8211; 11\/B<\/p>\n<p><span><img decoding=\"async\" alt=\"Aerial View of Patara Ancient Site in Antalya in Turkey\" data-id=\"2689\" width=\"702\" data-init-width=\"1000\" height=\"470\" data-init-height=\"670\" title=\"Aerial View of Patara Ancient Site in Antalya in Turkey\" loading=\"lazy\" src=\"https:\/\/antalyatouristinformation.com\/de\/wp-content\/uploads\/sites\/10\/2021\/04\/aerial-view-patara-in-antalya.jpg\" data-width=\"702\" data-height=\"470\" data-pinpro-key=\"o0yeptiel\" data-pin-media=\"https:\/\/antalyatouristinformation.com\/de\/wp-content\/uploads\/sites\/10\/2021\/06\/Antalya-Pinterest-4-5.jpg\" data-pin-description=\"Guide zur antiken St\u00e4tte Patara | Antalya Tourist Information\" data-pin-url=\"https:\/\/antalyatouristinformation.com\/de\/sehenswurdigkeiten\/geschichte\/patara\/?tve=true&amp;tcbf=0c3d434ff2\"><\/span><\/p>\n<h2 id=\"t-1624969687942\" data-alt-text=\"Geschichte\">Geschichte von Patara<\/h2>\n<p>In der Antike war Patara f\u00fcr sein Apollo-Orakel ber\u00fchmt. Alexander der Gro\u00dfe eroberte die Stadt 333 vor unserer Zeitrechnung. Nach seinem Tod besetzte Antigone I. die Stadt. Danach wechselte Patara in den Herrschaftsbereich der Ptolem\u00e4er von \u00c4gypten. Sie erweiterten die Stadt und benannten sie nach der Frau von Ptolemaios II, Arsino\u00e9. Im Anschluss eroberten die R\u00f6mer die Stadt.<\/p>\n<p>Patara wurde zu Beginn des Christentums christianisiert. Daher stammen viele Bisch\u00f6fe des fr\u00fchen Christentums aus Patara. W\u00e4hrend des Byzantinischen Reiches blieb die Stadt ein wichtiges Zentrum f\u00fcr den Handel und Pilgerreisen.<\/p>\n<p>Am Ende des 18. Jahrhunderts entdeckten Reisende Lykien wieder, darunter auch die Ruinen von Patara. Der erste westliche Gelehrte, der die St\u00e4tte besuchte, war Graf de Choiseul-Gouffier. Es folgte Charles Texier, der 1836 nach Patara kam und das Theater, das Stadttor des Mettius Modestus, den &#8222;Korinthischen Tempel&#8220; und die Gr\u00e4ber beschrieb.<\/p>\n<p>1988 begannen erstmals systematische Ausgrabungen unter der Leitung von Fahri I\u015f\u0131k. Seit 2009 ist Havva \u0130\u015fkan von der Akdeniz Universit\u00e4t in Antalya f\u00fcr die Ausgrabungen verantwortlich. Im Jahr 2013 wurde das 25-j\u00e4hrige Jubil\u00e4um der Ausgrabungen gefeiert.<\/p>\n<p>Erfahrt in unserem Guide mehr \u00fcber andere wichtige <a href=\"https:\/\/antalyatouristinformation.com\/de\/sehenswurdigkeiten\/geschichte\/\">antike Ruinen in Antalya<\/a>:<\/p>\n<h2 id=\"t-1624969687943\">Kontakt<\/h2>\n<ul>\n<li><span><strong>Adresse:&nbsp;<\/strong>Kalkan, 07960 Ka\u015f\/Antalya<\/span><\/li>\n<li><span><strong>\u00d6ffnungszeiten: &nbsp;<\/strong>Im Sommer: 08:30 bis 19:30 Uhr; im Winter: 08:30 bis 17:30 Uhr<\/span><\/li>\n<li><span><strong>\u00d6ffentlicher Verkehr: <\/strong>Bus und Minibus<\/span><\/li>\n<li><span><strong>Webseite:<a href=\"http:\/\/&nbsp;https:\/\/muze.gov.tr\/muze-patara\" target=\"_blank\" rel=\"noopener\">Muze.gov.tr<\/a><\/strong><\/span><\/li>\n<\/ul>\n","protected":false},"excerpt":{"rendered":"<p>Hier ist unser kompletter Guide zur antiken St\u00e4tte Patara. Patara ist eine bedeutende antike Stadt an der Westk\u00fcste von Lykien. Heute ist sie die Stadt Kalkan in Antalya. In unserem Guide verraten wir euch, was ihr vor eurem Besuch wissen solltet, darunter Eintrittspreise, Hotels, Anfahrt, Ausfl\u00fcge und die Geschichte von Patara. Beginnen wir mit dem, [&hellip;]<\/p>\n","protected":false},"author":4,"featured_media":2684,"parent":119,"menu_order":0,"comment_status":"open","ping_status":"closed","template":"","meta":{"_acf_changed":false,"footnotes":""},"categories":[],"tags":[43,42],"class_list":["post-293","page","type-page","status-publish","has-post-thumbnail","hentry","tag-antiquity","tag-history","post-wrapper","thrv_wrapper"],"acf":[],"wp-worthy-pixel":{"ignored":false,"public":null,"server":null,"url":null},"wp-worthy-type":"normal","_links":{"self":[{"href":"https:\/\/antalyatouristinformation.com\/de\/wp-json\/wp\/v2\/pages\/293","targetHints":{"allow":["GET"]}}],"collection":[{"href":"https:\/\/antalyatouristinformation.com\/de\/wp-json\/wp\/v2\/pages"}],"about":[{"href":"https:\/\/antalyatouristinformation.com\/de\/wp-json\/wp\/v2\/types\/page"}],"author":[{"embeddable":true,"href":"https:\/\/antalyatouristinformation.com\/de\/wp-json\/wp\/v2\/users\/4"}],"replies":[{"embeddable":true,"href":"https:\/\/antalyatouristinformation.com\/de\/wp-json\/wp\/v2\/comments?post=293"}],"version-history":[{"count":10,"href":"https:\/\/antalyatouristinformation.com\/de\/wp-json\/wp\/v2\/pages\/293\/revisions"}],"predecessor-version":[{"id":14741,"href":"https:\/\/antalyatouristinformation.com\/de\/wp-json\/wp\/v2\/pages\/293\/revisions\/14741"}],"up":[{"embeddable":true,"href":"https:\/\/antalyatouristinformation.com\/de\/wp-json\/wp\/v2\/pages\/119"}],"wp:featuredmedia":[{"embeddable":true,"href":"https:\/\/antalyatouristinformation.com\/de\/wp-json\/wp\/v2\/media\/2684"}],"wp:attachment":[{"href":"https:\/\/antalyatouristinformation.com\/de\/wp-json\/wp\/v2\/media?parent=293"}],"wp:term":[{"taxonomy":"category","embeddable":true,"href":"https:\/\/antalyatouristinformation.com\/de\/wp-json\/wp\/v2\/categories?post=293"},{"taxonomy":"post_tag","embeddable":true,"href":"https:\/\/antalyatouristinformation.com\/de\/wp-json\/wp\/v2\/tags?post=293"}],"curies":[{"name":"wp","href":"https:\/\/api.w.org\/{rel}","templated":true}]}}