{"id":296,"date":"2021-02-15T14:30:44","date_gmt":"2021-02-15T13:30:44","guid":{"rendered":"http:\/\/antalyatouristinformation.com\/clone4639485xzhehsskdjfhhdhebdkkekdeewsd4545gdfgm\/?page_id=296"},"modified":"2023-04-18T14:59:32","modified_gmt":"2023-04-18T12:59:32","slug":"yanartas-chimaera","status":"publish","type":"page","link":"https:\/\/antalyatouristinformation.com\/de\/sehenswurdigkeiten\/geschichte\/yanartas-chimaera\/","title":{"rendered":"Yanarta\u015f &#8211; Chimaera bei Olympos: die ewigen Flammen"},"content":{"rendered":"<p>Das ist der komplette Guide zu den Ewigen Flammen von Yanarta\u015f (Chimaera).<\/p>\n<p>Yanarta\u015f liegt circa 1,5 km von C\u0131ral\u0131 entfernt und 55 km s\u00fcdlich von Antalya direkt an dem <a href=\"https:\/\/antalyatouristinformation.com\/de\/sehenswurdigkeiten\/attraktionen\/lykischer-weg\/\">Lykischen Fernwanderweg<\/a>.<\/p>\n<p>Man nimmt an, dass Yanarta\u015f der antike Berg Chimaera ist, wo das olympische Feuer zum ersten Mal entz\u00fcndet wurde.Hier findet ihr alle wichtigen Informationen, die ihr vor eurem Besuch der Ewigen Flammen wissen solltet. Dazu geh\u00f6ren Anfahrt, Eintritt, Sehensw\u00fcrdigkeiten, Tipps und h\u00e4ufige Fragen<\/p>\n<p><span><img decoding=\"async\" alt=\"\u00e7\u0131ral\u0131 yanartas in Antalya in Turkey\" data-id=\"2604\" width=\"702\" data-init-width=\"1000\" height=\"470\" data-init-height=\"670\" title=\"\u00e7\u0131ral\u0131 yanartas in Antalya in Turkey\" loading=\"lazy\" src=\"https:\/\/antalyatouristinformation.com\/de\/wp-content\/uploads\/sites\/10\/2021\/04\/cirali-yanartas-milli-park-in-antalya-in-turkey.jpg\" data-width=\"702\" data-height=\"470\" data-pinpro-key=\"lqeejfv48\" data-pin-media=\"https:\/\/antalyatouristinformation.com\/de\/wp-content\/uploads\/sites\/10\/2021\/06\/prag_50_sehenswuerdigkeiten_pinterest-13-5.jpg\" data-pin-description=\"Yanarta\u015f (Chimaera) in Olympos | Antalya Tourist Information\" data-pin-url=\"https:\/\/antalyatouristinformation.com\/de\/sehenswurdigkeiten\/geschichte\/yanartas-chimaera\/?tve=true&amp;tcbf=b79d6e7f6b\"><\/span><\/p>\n<h2 id=\"t-1625320473988\" data-alt-text=\"Was kann ich dort machen?\">Was kann ich in Yanarta\u015f (Chimaera) machen?<\/h2>\n<p>Gleich am Eingang zu Yanartas seht ihr eine Kirche aus dem 5. Jahrhundert. Yanarta\u015f selbst liegt auf der Spitze des H\u00fcgels. Von dem Eingang bei den Ruinen aus k\u00f6nnt ihr Yanarta\u015f in etwa 30 Minuten erreichen.<\/p>\n<p>Der Weg f\u00fchrt leicht nach oben, bis ihr schlie\u00dflich das legend\u00e4re Vulkanfeld mit den Flammen erreicht. Rechts und links seht ihr hohe B\u00e4ume, die Schatten spenden. Bestimmt sind euch die Sch\u00f6nheit des Tals und der K\u00fcste schon aufgefallen.<\/p>\n<p><span><img decoding=\"async\" alt=\"Yanartas Chimaira in Cirali in Antalya in Turkey by Thomas\" data-id=\"5739\" width=\"702\" data-init-width=\"1000\" height=\"437\" data-init-height=\"623\" title=\"Yanartas Chimaira in Cirali in Antalya in Turkey by Thomas\" loading=\"lazy\" src=\"https:\/\/antalyatouristinformation.com\/de\/wp-content\/uploads\/sites\/10\/2021\/05\/Yanartas-Chimaira-in-Cirali-in-Antalya-in-Turkey-2.jpg\" data-width=\"702\" data-height=\"437\" data-pinpro-key=\"6fcizc195\" data-pin-media=\"https:\/\/antalyatouristinformation.com\/de\/wp-content\/uploads\/sites\/10\/2021\/06\/prag_50_sehenswuerdigkeiten_pinterest-13-5.jpg\" data-pin-description=\"Yanarta\u015f (Chimaera) in Olympos | Antalya Tourist Information\" data-pin-url=\"https:\/\/antalyatouristinformation.com\/de\/sehenswurdigkeiten\/geschichte\/yanartas-chimaera\/?tve=true&amp;tcbf=b79d6e7f6b\"><\/span><\/p>\n<h2 id=\"t-1625320473989\" data-alt-text=\"Ewige Flammen\">Die Ewigen Flammen von Yanarta\u015f (Chimaera)<\/h2>\n<p>Die Flammen brennen schon seit 2.500 Jahren und sind ein sehr beliebtes Naturschauspiel. Der Sage nach soll hier ein feuerspeiendes Ungeheuer leben.<\/p>\n<p>In Wirklichkeit handelt es sich um ein Gasgemisch, das aus den Felsspalten austritt und sich bei Luftkontakt selbst entz\u00fcndet. Die Felsspalten sind einst durch Erdbeben entstanden.<\/p>\n<p>Fr\u00fcher brannten die Flammen kr\u00e4ftiger und h\u00f6her. Im Laufe der Zeit jedoch wurde das Feuer schw\u00e4cher und die Flammen niedriger. Ganz erloschen sind sie jedoch nie. Besonders bei Dunkelheit ist der Anblick faszinierend.<\/p>\n<p><span><img decoding=\"async\" alt=\"C\u0131ral\u0131 Yanartas in Antalya in Turkey in Turkey\" data-id=\"2604\" width=\"702\" data-init-width=\"1000\" height=\"470\" data-init-height=\"670\" title=\"C\u0131ral\u0131 Yanartas in Antalya in Turkey in Turkey\" loading=\"lazy\" src=\"https:\/\/antalyatouristinformation.com\/de\/wp-content\/uploads\/sites\/10\/2021\/04\/cirali-yanartas-milli-park-in-antalya-in-turkey.jpg\" data-width=\"702\" data-height=\"470\" data-pinpro-key=\"n1n64oelp\" data-pin-media=\"https:\/\/antalyatouristinformation.com\/de\/wp-content\/uploads\/sites\/10\/2021\/06\/prag_50_sehenswuerdigkeiten_pinterest-13-5.jpg\" data-pin-description=\"Yanarta\u015f (Chimaera) in Olympos | Antalya Tourist Information\" data-pin-url=\"https:\/\/antalyatouristinformation.com\/de\/sehenswurdigkeiten\/geschichte\/yanartas-chimaera\/?tve=true&amp;tcbf=b79d6e7f6b\"><\/span><\/p>\n<h2 id=\"t-1625320473990\" data-alt-text=\"Tempel des Hephaestus\">Der Tempel des Hephaistos<\/h2>\n<p>Direkt unterhalb der Ewigen Flammen seht ihr die \u00dcberreste des <strong>Tempels von Hephaistos<\/strong>. Hephaistos war der griechische Gott des Feuers und der Schmiedekunst. W\u00e4hrend der r\u00f6mischen Zeit war Hephaistos der Hauptgott der Stadt Olympos.<\/p>\n<p>Der Sage nach war Hephaistos <strong>der Sohn von Zeus und Hera.<\/strong> Da er jedoch klein, h\u00e4sslich und verkr\u00fcppelt auf die Welt kam, soll ihn Hera aus Scham vom Olymp geworfen haben.<\/p>\n<p>Einer anderen Legende nach warf Zeus Hephaistos den Berg hinunter, weil er sich in einem Streit zwischen Zeus und Hera auf die Seite seiner Mutter gestellt hatte. Dabei wurde Hephaistos verletzt. Er begann, sich mit der Schmiedekunst zu besch\u00e4ftigen. Schon bald stellte er sehr wertvolle Waffen und Schmuckst\u00fccke f\u00fcr viele G\u00f6tter her. F\u00fcr seine Mutter machte er einen goldenen Thron. Als Hera sich daraufsetzte, nahm der Thron sie gefangen. Erst als Zeus eingriff, lie\u00df Hephaistos sie frei.<\/p>\n<p>Einige <strong>Inschriften und Ruinen<\/strong> des Tempels k\u00f6nnt ihr heute noch besichtigen. In der byzantinischen Zeit, nach dem Beginn des Christentums, wurde jedoch eine Basilika \u00fcber dem Tempel errichtet.<\/p>\n<p>Beachtet auch die <strong>Ruine des Brunnens<\/strong>, der ebenfalls aus der r\u00f6mischen Zeit stammt.<\/p>\n<p><span><img decoding=\"async\" alt=\"Yanartas Chimaira in Cirali in Antalya in Turkey by Thomas\" data-id=\"5740\" width=\"702\" data-init-width=\"1000\" height=\"468\" data-init-height=\"667\" title=\"Yanartas Chimaira in Cirali in Antalya in Turkey by Thomas\" loading=\"lazy\" src=\"https:\/\/antalyatouristinformation.com\/de\/wp-content\/uploads\/sites\/10\/2021\/05\/Yanartas-Chimaira-in-Cirali-in-Antalya-in-Turkey-7.jpg\" data-width=\"702\" data-height=\"468\" data-pinpro-key=\"g5wlzhftc\" data-pin-media=\"https:\/\/antalyatouristinformation.com\/de\/wp-content\/uploads\/sites\/10\/2021\/06\/prag_50_sehenswuerdigkeiten_pinterest-13-5.jpg\" data-pin-description=\"Yanarta\u015f (Chimaera) in Olympos | Antalya Tourist Information\" data-pin-url=\"https:\/\/antalyatouristinformation.com\/de\/sehenswurdigkeiten\/geschichte\/yanartas-chimaera\/?tve=true&amp;tcbf=b79d6e7f6b\"><\/span><\/p>\n<h2 id=\"t-1619455720575\">Eintritt, Tickets und Touren<\/h2>\n<ul>\n<li><span><strong>Eintritt:<\/strong> Ihr k\u00f6nnt Yanarta\u015f Tag und Nacht besuchen. Je nach Saison k\u00f6nnen die \u00d6ffnungszeiten variieren.<\/span><\/li>\n<li><span><strong>Tickets:<\/strong> Der Eintritt in den Olympos Nationalpark ist kostenpflichtig. Tickets sind vor Ort erh\u00e4ltlich.<\/span><\/li>\n<\/ul>\n<ul>\n<li><span><strong>Tipp:<\/strong> Falls ihr Tickets f\u00fcr Vergn\u00fcgungsparks, Museen und Touren f\u00fcr eure Antalya-Reise vorab buchen m\u00f6chtet, solltet ihr unbedingt einen Blick auf die Angebote in unserem offiziellen Shop werfen.<\/span><\/li>\n<\/ul>\n<p><span><img decoding=\"async\" alt=\"Yanartas Chimaira in Cirali in Antalya in Turkey\" data-id=\"5040\" width=\"702\" data-init-width=\"1000\" height=\"468\" data-init-height=\"667\" title=\"Yanartas Chimaira in Cirali in Antalya in Turkey\" loading=\"lazy\" src=\"https:\/\/antalyatouristinformation.com\/de\/wp-content\/uploads\/sites\/10\/2021\/04\/Yanartas-Chimaira-in-Cirali-in-Antalya-in-Turkey-4.jpg\" data-width=\"702\" data-height=\"468\" data-pinpro-key=\"7s7dka5bh\" data-pin-media=\"https:\/\/antalyatouristinformation.com\/de\/wp-content\/uploads\/sites\/10\/2021\/06\/prag_50_sehenswuerdigkeiten_pinterest-13-5.jpg\" data-pin-description=\"Yanarta\u015f (Chimaera) in Olympos | Antalya Tourist Information\" data-pin-url=\"https:\/\/antalyatouristinformation.com\/de\/sehenswurdigkeiten\/geschichte\/yanartas-chimaera\/?tve=true&amp;tcbf=b79d6e7f6b\"><\/span><\/p>\n<h2 id=\"t-1625320473991\" data-alt-text=\"Anfahrt\">Wie komme ich nach Yanarta\u015f (Chimaera)<\/h2>\n<p><b>Mit dem Auto:<\/b> Um Yanarta\u015f zu erreichen, m\u00fcsst ihr zun\u00e4chst nach \u00c7\u0131ral\u0131 fahren. \u00c7\u0131ral\u0131 liegt etwa 82 km von Antalya entfernt. Die Strecke dauert mit dem Auto circa 1,5 Stunden. Von Kemer aus m\u00fcsst ihr mit einer Fahrzeit von 50 Minuten rechnen und von Olympos aus dauert es 30 Minuten.<\/p>\n<p>In \u00c7\u0131ral\u0131 fahrt ihr weiter in Richtung Kumluca. Dabei m\u00fcsst ihr die Br\u00fccke am Ortseingang von \u00c7\u0131ral\u0131 \u00fcberqueren. Nachdem ihr die Stra\u00dfe passiert habt, die auf 3,5 Kilometer zwischen den Herbergen und Orangenhainen verl\u00e4uft, kommt ihr zum Anfang der Stra\u00dfe, die nach Yanarta\u015f f\u00fchrt.<\/p>\n<p>Falls ihr ein <a href=\"https:\/\/antalyatouristinformation.com\/de\/plan\/mietwagen\/\">Auto mieten<\/a> m\u00f6chtet, werft einen Blick in unseren Guide.<\/p>\n<p><b>Mit dem Bus:<\/b> Steigt in den Bus ein, der von Antalya nach Ka\u015f f\u00e4hrt und sagt, dass ihr an der \u00c7\u0131ral\u0131-Kreuzung aussteigen wollt. Die Fahrt dorthin dauert etwa 1,5 Stunden. Von \u00c7\u0131ral\u0131 aus fahren Minibusse nach Yanarta\u015f. Die Minibusse halten ebenfalls an der \u00c7\u0131ral\u0131-Kreuzung.<\/p>\n<h2 id=\"t-1619455720577\" data-alt-text=\"FAQ\">FAQ<\/h2>\n<p><span><img decoding=\"async\" alt=\"Yanartas Chimaira in Cirali in Antalya in Turkey\" data-id=\"5042\" width=\"702\" data-init-width=\"1000\" height=\"468\" data-init-height=\"667\" title=\"Yanartas Chimaira in Cirali in Antalya in Turkey\" loading=\"lazy\" src=\"https:\/\/antalyatouristinformation.com\/de\/wp-content\/uploads\/sites\/10\/2021\/04\/Yanartas-Chimaira-in-Cirali-in-Antalya-in-Turkey-3.jpg\" data-width=\"702\" data-height=\"468\" data-pinpro-key=\"h2hpv94vq\" data-pin-media=\"https:\/\/antalyatouristinformation.com\/de\/wp-content\/uploads\/sites\/10\/2021\/06\/prag_50_sehenswuerdigkeiten_pinterest-13-5.jpg\" data-pin-description=\"Yanarta\u015f (Chimaera) in Olympos | Antalya Tourist Information\" data-pin-url=\"https:\/\/antalyatouristinformation.com\/de\/sehenswurdigkeiten\/geschichte\/yanartas-chimaera\/?tve=true&amp;tcbf=b79d6e7f6b\"><\/span><\/p>\n<h2 id=\"t-1619455720578\" data-alt-text=\"Geschichte\">Die Geschichte von Yanarta\u015f (Chimaera)<\/h2>\n<p>Der Ort wurde 1811 von Sir Francis Beaufort als der antike Berg Chimera identifiziert. T.A.B.Spratt beschrieb Chimaera in seinem Buch \u201eTravels in Lycia, Milyas, and the Cibyratis\u201c, das er zusammen mit dem Naturforscher Edward Forbes herausgab.<\/p>\n<p>Die Debatte \u00fcber den Zusammenhang zwischen dem Mythos und der genauen Lage von Chimera entstand 1844 durch Albert Forbiger. George E. Bean war der Meinung, dass der Name an einem anderen Ort entstanden sei, weiter westlich, wo \u00e4hnliche Flammen brannten.Yanarta\u015f ist auch der Titel eines Romans des t\u00fcrkischen Schriftstellers Mehmet Seyda aus dem Jahr 1970. Das Buch hat jedoch keinen Bezug zu den Ewigen Flammen von Yanarta\u015f.<\/p>\n<h2 id=\"t-1619455720579\" data-alt-text=\"Kontakt\">Kontakt<\/h2>\n<ul>\n<li><span><strong>Adresse :&nbsp;<\/strong>\u00c7\u0131ral\u0131, Ulup\u0131nar, 07982 Kemer\/Antalya<\/span><\/li>\n<li><span><strong>\u00d6ffentlicher Vekehr:&nbsp;<\/strong>Am einfachsten gelangt ihr nach Yanarta\u015f mit dem eigenen Auto oder mit einer gef\u00fchrten Tour. Bei allen anderen Optionen m\u00fcsst ihr entweder mehrere Kilometer laufen oder mehrmals umsteigen.&nbsp;<\/span><\/li>\n<\/ul>\n","protected":false},"excerpt":{"rendered":"<p>Das ist der komplette Guide zu den Ewigen Flammen von Yanarta\u015f (Chimaera). Yanarta\u015f liegt circa 1,5 km von C\u0131ral\u0131 entfernt und 55 km s\u00fcdlich von Antalya direkt an dem Lykischen Fernwanderweg. Man nimmt an, dass Yanarta\u015f der antike Berg Chimaera ist, wo das olympische Feuer zum ersten Mal entz\u00fcndet wurde.Hier findet ihr alle wichtigen Informationen, [&hellip;]<\/p>\n","protected":false},"author":4,"featured_media":2602,"parent":119,"menu_order":0,"comment_status":"open","ping_status":"closed","template":"","meta":{"_acf_changed":false,"footnotes":""},"categories":[],"tags":[43,37,42],"class_list":["post-296","page","type-page","status-publish","has-post-thumbnail","hentry","tag-antiquity","tag-hiking","tag-history","post-wrapper","thrv_wrapper"],"acf":[],"wp-worthy-pixel":{"ignored":false,"public":null,"server":null,"url":null},"wp-worthy-type":"normal","_links":{"self":[{"href":"https:\/\/antalyatouristinformation.com\/de\/wp-json\/wp\/v2\/pages\/296","targetHints":{"allow":["GET"]}}],"collection":[{"href":"https:\/\/antalyatouristinformation.com\/de\/wp-json\/wp\/v2\/pages"}],"about":[{"href":"https:\/\/antalyatouristinformation.com\/de\/wp-json\/wp\/v2\/types\/page"}],"author":[{"embeddable":true,"href":"https:\/\/antalyatouristinformation.com\/de\/wp-json\/wp\/v2\/users\/4"}],"replies":[{"embeddable":true,"href":"https:\/\/antalyatouristinformation.com\/de\/wp-json\/wp\/v2\/comments?post=296"}],"version-history":[{"count":10,"href":"https:\/\/antalyatouristinformation.com\/de\/wp-json\/wp\/v2\/pages\/296\/revisions"}],"predecessor-version":[{"id":14930,"href":"https:\/\/antalyatouristinformation.com\/de\/wp-json\/wp\/v2\/pages\/296\/revisions\/14930"}],"up":[{"embeddable":true,"href":"https:\/\/antalyatouristinformation.com\/de\/wp-json\/wp\/v2\/pages\/119"}],"wp:featuredmedia":[{"embeddable":true,"href":"https:\/\/antalyatouristinformation.com\/de\/wp-json\/wp\/v2\/media\/2602"}],"wp:attachment":[{"href":"https:\/\/antalyatouristinformation.com\/de\/wp-json\/wp\/v2\/media?parent=296"}],"wp:term":[{"taxonomy":"category","embeddable":true,"href":"https:\/\/antalyatouristinformation.com\/de\/wp-json\/wp\/v2\/categories?post=296"},{"taxonomy":"post_tag","embeddable":true,"href":"https:\/\/antalyatouristinformation.com\/de\/wp-json\/wp\/v2\/tags?post=296"}],"curies":[{"name":"wp","href":"https:\/\/api.w.org\/{rel}","templated":true}]}}